{"id":11,"date":"2022-08-24T07:49:35","date_gmt":"2022-08-24T07:49:35","guid":{"rendered":"https:\/\/taizynut.com\/?page_id=11"},"modified":"2022-08-26T09:06:29","modified_gmt":"2022-08-26T09:06:29","slug":"about-us","status":"publish","type":"page","link":"https:\/\/taizynut.com\/es\/about-us\/","title":{"rendered":"Sobre nosotros"},"content":{"rendered":"<p>Taizy Company es una empresa profesional de procesamiento de man\u00ed. Llevamos 20 a\u00f1os establecidos y tenemos una rica experiencia en el procesamiento de man\u00ed. Los productos que hemos desarrollado hasta ahora incluyen sembradoras de man\u00ed, cosechadoras de man\u00ed, recolectoras de frutos de man\u00ed, desgranadoras de man\u00ed, peladoras de man\u00ed y otros productos. Hemos cooperado con clientes de todo el mundo, como Australia, Filipinas, Singapur, Estados Unidos. Estados Unidos, Francia, Rusia, Pakist\u00e1n y otros lugares.<\/p>    <figure class=\"wp-block-image size-full\"><img loading=\"lazy\" decoding=\"async\" width=\"750\" height=\"654\" src=\"https:\/\/taizynut.com\/wp-content\/uploads\/2022\/08\/Taizy-company.webp\" alt=\"empresa taizy\" class=\"wp-image-194\" title=\"\" srcset=\"https:\/\/taizynut.com\/wp-content\/uploads\/2022\/08\/Taizy-company.webp 750w, https:\/\/taizynut.com\/wp-content\/uploads\/2022\/08\/Taizy-company-300x262.webp 300w\" sizes=\"auto, (max-width: 750px) 100vw, 750px\" \/><figcaption>Compa\u00f1\u00eda Taizy<\/figcaption><\/figure>    <h2 class=\"wp-block-heading\" id=\"h-what-services-can-we-provide\">\u00bfQu\u00e9 servicios podemos proporcionar?<\/h2>    <figure class=\"wp-block-image size-full\"><img loading=\"lazy\" decoding=\"async\" width=\"730\" height=\"604\" src=\"https:\/\/taizynut.com\/wp-content\/uploads\/2022\/08\/machine-certificate.webp\" alt=\"certificado de m\u00e1quina\" class=\"wp-image-195\" title=\"\" srcset=\"https:\/\/taizynut.com\/wp-content\/uploads\/2022\/08\/machine-certificate.webp 730w, https:\/\/taizynut.com\/wp-content\/uploads\/2022\/08\/machine-certificate-300x248.webp 300w\" sizes=\"auto, (max-width: 730px) 100vw, 730px\" \/><figcaption>Certificado de m\u00e1quina<\/figcaption><\/figure>    <p><br>\u00bfNo est\u00e1s seguro de si tu material es adecuado?<br>No hay problema, podemos probar el producto por usted y enviarle un video.<br>\u00bfNo sabes c\u00f3mo operar la m\u00e1quina?<br>No importa, le enviaremos un manual en ingl\u00e9s con un video de operaci\u00f3n y habr\u00e1 t\u00e9cnicos especializados para guiar la operaci\u00f3n.<br>\u00bfPreocupado por el servicio postventa?<br>No se preocupe, despu\u00e9s de recibir los productos, nos mantendremos en contacto, si hay un problema con la m\u00e1quina durante el proceso de producci\u00f3n, lo ayudaremos a resolverlo.<\/p>    <h2 class=\"wp-block-heading\">\u00bfQu\u00e9 productos tenemos?<\/h2>    <figure class=\"wp-block-image size-full\"><img loading=\"lazy\" decoding=\"async\" width=\"750\" height=\"818\" src=\"https:\/\/taizynut.com\/wp-content\/uploads\/2022\/08\/peanut-products.webp\" alt=\"productos de man\u00ed\" class=\"wp-image-196\" title=\"\" srcset=\"https:\/\/taizynut.com\/wp-content\/uploads\/2022\/08\/peanut-products.webp 750w, https:\/\/taizynut.com\/wp-content\/uploads\/2022\/08\/peanut-products-275x300.webp 275w\" sizes=\"auto, (max-width: 750px) 100vw, 750px\" \/><figcaption>Productos de man\u00ed<\/figcaption><\/figure>    <p><br>Nuestra empresa produce principalmente algunas m\u00e1quinas para el procesamiento de man\u00ed. Desde la siembra hasta la cosecha de man\u00ed, existen las m\u00e1quinas correspondientes, as\u00ed como m\u00e1quinas peladoras de man\u00ed, peladoras de man\u00ed y prensas de aceite de man\u00ed. La filosof\u00eda de nuestra empresa es que puede ser una soluci\u00f3n integral. Problemas de los clientes, esperamos que los clientes puedan resolver todos los problemas de producci\u00f3n de man\u00ed en nuestra empresa.<\/p>    <h2 class=\"wp-block-heading\">Ubicaci\u00f3n de la compa\u00f1\u00eda<\/h2>    <figure class=\"wp-block-image size-full\"><img loading=\"lazy\" decoding=\"async\" width=\"750\" height=\"521\" src=\"https:\/\/taizynut.com\/wp-content\/uploads\/2022\/08\/Applicable-Shipping-Methods.webp\" alt=\"M\u00e9todos de env\u00edo aplicables\" class=\"wp-image-197\" title=\"\" srcset=\"https:\/\/taizynut.com\/wp-content\/uploads\/2022\/08\/Applicable-Shipping-Methods.webp 750w, https:\/\/taizynut.com\/wp-content\/uploads\/2022\/08\/Applicable-Shipping-Methods-300x208.webp 300w\" sizes=\"auto, (max-width: 750px) 100vw, 750px\" \/><figcaption>M\u00e9todos de env\u00edo aplicables<\/figcaption><\/figure>    <p><br>Somos una empresa de China. La ubicaci\u00f3n espec\u00edfica es en la Zona de Desarrollo Econ\u00f3mico, ciudad de Zhengzhou, provincia de Henan. Si necesita venir a China para visitar nuestra f\u00e1brica, seremos bienvenidos y recibir\u00e1n una c\u00e1lida bienvenida.<\/p>","protected":false},"excerpt":{"rendered":"<p>Taizy Company is a professional peanut processing company. We have been established for 20 years and have rich experience in peanut processing. The products we have developed so far include peanut seeder, peanut harvester, peanut fruit picker, peanut sheller, Peanut peeling machine, and other products, we have cooperated with customers all over the world, such [&hellip;]<\/p>\n","protected":false},"author":1,"featured_media":0,"parent":0,"menu_order":0,"comment_status":"closed","ping_status":"closed","template":"","meta":{"footnotes":""},"class_list":["post-11","page","type-page","status-publish","hentry"],"_links":{"self":[{"href":"https:\/\/taizynut.com\/es\/wp-json\/wp\/v2\/pages\/11","targetHints":{"allow":["GET"]}}],"collection":[{"href":"https:\/\/taizynut.com\/es\/wp-json\/wp\/v2\/pages"}],"about":[{"href":"https:\/\/taizynut.com\/es\/wp-json\/wp\/v2\/types\/page"}],"author":[{"embeddable":true,"href":"https:\/\/taizynut.com\/es\/wp-json\/wp\/v2\/users\/1"}],"replies":[{"embeddable":true,"href":"https:\/\/taizynut.com\/es\/wp-json\/wp\/v2\/comments?post=11"}],"version-history":[{"count":0,"href":"https:\/\/taizynut.com\/es\/wp-json\/wp\/v2\/pages\/11\/revisions"}],"wp:attachment":[{"href":"https:\/\/taizynut.com\/es\/wp-json\/wp\/v2\/media?parent=11"}],"curies":[{"name":"wp","href":"https:\/\/api.w.org\/{rel}","templated":true}]}}