{"id":1105,"date":"2025-10-24T14:46:39","date_gmt":"2025-10-24T06:46:39","guid":{"rendered":"https:\/\/taizynut.com\/?post_type=product&#038;p=1105"},"modified":"2025-10-24T14:59:35","modified_gmt":"2025-10-24T06:59:35","slug":"pistachio-paste-machine","status":"publish","type":"product","link":"https:\/\/taizynut.com\/es\/product\/pistachio-paste-machine\/","title":{"rendered":"M\u00e1quina de pasta de pistacho"},"content":{"rendered":"<p class=\"translation-block\">Taizy<strong>m\u00e1quina de pasta de pistacho<\/strong>es una m\u00e1quina de fabricaci\u00f3n de mantequilla altamente eficiente dise\u00f1ada espec\u00edficamente para procesar nueces. Su estator y rotor de alta velocidad giratorios muelen completamente el material, transformando r\u00e1pidamente los kernels de pistacho en pasta de pistacho.<\/p>    <p>Nuestra m\u00e1quina de pasta de pistacho tiene una capacidad de producci\u00f3n de 400-500 kg\/h y es adecuada no solo para pistachos, sino tambi\u00e9n para cacahuetes, almendras y otros productos. Adem\u00e1s, su carcasa duradera de acero inoxidable 304 cumple con las normas de higiene alimentaria.<\/p>    <figure class=\"wp-block-embed is-type-video is-provider-youtube wp-block-embed-youtube wp-embed-aspect-16-9 wp-has-aspect-ratio\"><div class=\"wp-block-embed__wrapper\"> <iframe loading=\"lazy\" title=\"M\u00e1quina autom\u00e1tica de mantequilla de pistacho | M\u00e1quina para hacer pasta de pistacho para procesar mantequilla de pistacho\" width=\"500\" height=\"281\" src=\"https:\/\/www.youtube.com\/embed\/XbCviXYNBGk?feature=oembed\" frameborder=\"0\" allow=\"accelerometer; autoplay; clipboard-write; encrypted-media; gyroscope; picture-in-picture; web-share\" referrerpolicy=\"strict-origin-when-cross-origin\" allowfullscreen><\/iframe> <\/div><figcaption class=\"wp-element-caption\">video de trabajo de la m\u00e1quina de pasta de pistacho<\/figcaption><\/figure>    <h2 class=\"wp-block-heading\"><strong>Ventajas de la m\u00e1quina de hacer mantequilla de pistacho<\/strong><\/h2>    <ul class=\"wp-block-list\"> <li>M\u00e1quina de pasta de pistacho Taizy <strong>adopta estructura de estator y rotor de alta precisi\u00f3n<\/strong>, que puede moler pistachos en salsa con part\u00edculas uniformes y sabor delicado.<\/li>    <li>The machine&#8217;s shell is constructed of <strong>acero inoxidable 304<\/strong>, que ofrece resistencia a la corrosi\u00f3n y facilidad de limpieza, cumpliendo completamente con los est\u00e1ndares de higiene de grado alimentario.<\/li>    <li>Los componentes principales, el estator y el rotor, est\u00e1n hechos de<strong> Acero aleado 9CR18<\/strong>, que es resistente al desgaste y al calor, garantizando una larga vida \u00fatil y operaci\u00f3n estable.<\/li>    <li>Nuestro equipo de fabricaci\u00f3n de pasta de pistacho est\u00e1 equipado con un motor de alta eficiencia de 18.5 kW, que puede lograr una producci\u00f3n de <strong>400-500kg\/h<\/strong>, permitiendo producci\u00f3n continua y operaci\u00f3n estable.<\/li>    <li>Toda la m\u00e1quina adopta un dise\u00f1o integrado vertical con distribuci\u00f3n razonable, tama\u00f1o compacto y f\u00e1cil instalaci\u00f3n, haciendo que sea <strong>apto para diversos entornos de producci\u00f3n<\/strong>.<\/li>    <li>La m\u00e1quina de molienda de pistachip no solo es adecuada para procesar pasta de pistacho, sino que tambi\u00e9n puede usarse para procesar mantequilla de man\u00ed, mantequilla de almendra, mantequilla de avellana, etc., logrando <strong>uso m\u00faltiple de una m\u00e1quina<\/strong> y mejorar la utilizaci\u00f3n del equipo.<\/li> <\/ul>   <div class=\"wp-block-image\"> <figure class=\"aligncenter size-full\"><img loading=\"lazy\" decoding=\"async\" width=\"720\" height=\"540\" src=\"https:\/\/taizynut.com\/wp-content\/uploads\/2025\/10\/pistachio-butter-making-machine.webp\" alt=\"m\u00e1quina de hacer mantequilla de pistacho\" class=\"wp-image-1106\" title=\"\" srcset=\"https:\/\/taizynut.com\/wp-content\/uploads\/2025\/10\/pistachio-butter-making-machine.webp 720w, https:\/\/taizynut.com\/wp-content\/uploads\/2025\/10\/pistachio-butter-making-machine-300x225.webp 300w, https:\/\/taizynut.com\/wp-content\/uploads\/2025\/10\/pistachio-butter-making-machine-16x12.webp 16w\" sizes=\"auto, (max-width: 720px) 100vw, 720px\" \/><figcaption class=\"wp-element-caption\">m\u00e1quina de hacer mantequilla de pistacho<\/figcaption><\/figure> <\/div>   <h2 class=\"wp-block-heading\"><strong>Estructura de la m\u00e1quina de pasta de pistacho<\/strong><\/h2>    <p>La m\u00e1quina de pasta de pistacho de Taizy presenta un dise\u00f1o vertical e integrado, que consta de alimentaci\u00f3n, molienda, descarga y sistema de protecci\u00f3n del motor.<\/p>    <ul class=\"wp-block-list\"> <li><strong>Tolva de alimentaci\u00f3n<\/strong>: La abertura de alimentaci\u00f3n es c\u00f3nica y est\u00e1 hecha de acero inoxidable 304 de grado alimentario, que es resistente a la corrosi\u00f3n y duradera. El dise\u00f1o de gran di\u00e1metro facilita la alimentaci\u00f3n.<\/li>    <li><strong>C\u00e1mara de molienda<\/strong>: Este es el n\u00facleo de la m\u00e1quina, compuesto por el estator y el rotor. Hechos de acero aleado 9CR18, el estator y el rotor ofrecen alta dureza y resistencia al desgaste, asegurando un rendimiento de molienda estable incluso bajo fricci\u00f3n a alta velocidad.<\/li>    <li><strong>Puerto de descarga<\/strong>: La salida es una estructura de tubo recto de acero inoxidable, y la salsa se descarga por gravedad. Los usuarios pueden conectar el barril de material o la tuber\u00eda de transporte en la salida para lograr una producci\u00f3n continua.<\/li>    <li><strong>Caja del motor<\/strong>: El motor est\u00e1 alojado en una carcasa cil\u00edndrica de acero inoxidable con una parte superior plana y orificios de ventilaci\u00f3n para proteger eficazmente el motor del polvo y la contaminaci\u00f3n l\u00edquida.<\/li> <\/ul>    <figure class=\"wp-block-gallery has-nested-images columns-default is-cropped wp-block-gallery-2 is-layout-flex wp-block-gallery-is-layout-flex\"> <figure class=\"wp-block-image size-large\"><img loading=\"lazy\" decoding=\"async\" width=\"720\" height=\"540\" data-id=\"1107\" src=\"https:\/\/taizynut.com\/wp-content\/uploads\/2025\/10\/pistachip-paste-machine.webp\" alt=\"m\u00e1quina de pasta de pistacho\" class=\"wp-image-1107\" title=\"\" srcset=\"https:\/\/taizynut.com\/wp-content\/uploads\/2025\/10\/pistachip-paste-machine.webp 720w, https:\/\/taizynut.com\/wp-content\/uploads\/2025\/10\/pistachip-paste-machine-300x225.webp 300w, https:\/\/taizynut.com\/wp-content\/uploads\/2025\/10\/pistachip-paste-machine-16x12.webp 16w\" sizes=\"auto, (max-width: 720px) 100vw, 720px\" \/><figcaption class=\"wp-element-caption\">M\u00e1quina de pasta de pistacho<\/figcaption><\/figure>    <figure class=\"wp-block-image size-large\"><img loading=\"lazy\" decoding=\"async\" width=\"720\" height=\"540\" data-id=\"1108\" src=\"https:\/\/taizynut.com\/wp-content\/uploads\/2025\/10\/stator-and-rotor-of-pistachio-paste-making-machine.webp\" alt=\"Estator y rotor de la m\u00e1quina de pasta de pistacho\" class=\"wp-image-1108\" title=\"\" srcset=\"https:\/\/taizynut.com\/wp-content\/uploads\/2025\/10\/stator-and-rotor-of-pistachio-paste-making-machine.webp 720w, https:\/\/taizynut.com\/wp-content\/uploads\/2025\/10\/stator-and-rotor-of-pistachio-paste-making-machine-300x225.webp 300w, https:\/\/taizynut.com\/wp-content\/uploads\/2025\/10\/stator-and-rotor-of-pistachio-paste-making-machine-16x12.webp 16w\" sizes=\"auto, (max-width: 720px) 100vw, 720px\" \/><figcaption class=\"wp-element-caption\">Estator y rotor de la m\u00e1quina de pasta de pistacho<\/figcaption><\/figure>    <figure class=\"wp-block-image size-large\"><img loading=\"lazy\" decoding=\"async\" width=\"720\" height=\"540\" data-id=\"1109\" src=\"https:\/\/taizynut.com\/wp-content\/uploads\/2025\/10\/hopper-of-pistachip-grinder.webp\" alt=\"Tolva del molinillo de pistacho\" class=\"wp-image-1109\" title=\"\" srcset=\"https:\/\/taizynut.com\/wp-content\/uploads\/2025\/10\/hopper-of-pistachip-grinder.webp 720w, https:\/\/taizynut.com\/wp-content\/uploads\/2025\/10\/hopper-of-pistachip-grinder-300x225.webp 300w, https:\/\/taizynut.com\/wp-content\/uploads\/2025\/10\/hopper-of-pistachip-grinder-16x12.webp 16w\" sizes=\"auto, (max-width: 720px) 100vw, 720px\" \/><figcaption class=\"wp-element-caption\">Tolva del molinillo de pistacho<\/figcaption><\/figure> <\/figure>    <h2 class=\"wp-block-heading\"><strong>Aplicaci\u00f3n de la m\u00e1quina de pasta de pistacho<\/strong><\/h2>    <p>La aplicaci\u00f3n de esta m\u00e1quina de pasta de pistacho es muy amplia. Adem\u00e1s de procesar pistachos, tambi\u00e9n puede usarse para procesar mantequilla, cacahuetes, nueces, avellanas, nueces y otras nueces, por lo que se utiliza ampliamente en varias industrias.<\/p>    <ul class=\"wp-block-list\"> <li><strong>F\u00e1bricas de procesamiento de alimentos<\/strong>: Esta m\u00e1quina es adecuada para producir una variedad de ingredientes alimentarios, incluyendo mantequillas de nueces, salsas, rellenos de caramelos, rellenos de galletas, untables y m\u00e1s.<\/li>    <li><strong>Industrias de panader\u00eda y postres<\/strong>: Las mantequillas de nueces producidas por esta m\u00e1quina pueden usarse en rellenos de pan, rellenos de pasteles, coberturas de helado y m\u00e1s.<\/li>    <li><strong>Industrias de bebidas<\/strong>: Las diversas mantequillas de nueces producidas por esta m\u00e1quina pueden a\u00f1adirse a batidos, smoothies, bebidas, barras energ\u00e9ticas y otros productos para mejorar el valor nutricional y el sabor.<\/li>    <li><strong>Marcas de catering y cadenas<\/strong>: Nuestra m\u00e1quina de hacer pasta de pistacho tambi\u00e9n es adecuada para instalaciones de catering de tama\u00f1o medio a grande, cadenas de postres, marcas de caf\u00e9 y otros negocios que buscan crear mantequillas de nueces caseras.<\/li> <\/ul>    <figure class=\"wp-block-gallery has-nested-images columns-default is-cropped wp-block-gallery-3 is-layout-flex wp-block-gallery-is-layout-flex\"> <figure class=\"wp-block-image size-large\"><img loading=\"lazy\" decoding=\"async\" width=\"720\" height=\"540\" data-id=\"1110\" src=\"https:\/\/taizynut.com\/wp-content\/uploads\/2025\/10\/application-of-pistachio-buttre-making-machine.webp\" alt=\"Aplicaci\u00f3n de la m\u00e1quina para hacer mantequilla de pistacho\" class=\"wp-image-1110\" title=\"\" srcset=\"https:\/\/taizynut.com\/wp-content\/uploads\/2025\/10\/application-of-pistachio-buttre-making-machine.webp 720w, https:\/\/taizynut.com\/wp-content\/uploads\/2025\/10\/application-of-pistachio-buttre-making-machine-300x225.webp 300w, https:\/\/taizynut.com\/wp-content\/uploads\/2025\/10\/application-of-pistachio-buttre-making-machine-16x12.webp 16w\" sizes=\"auto, (max-width: 720px) 100vw, 720px\" \/><figcaption class=\"wp-element-caption\">Aplicaci\u00f3n de la m\u00e1quina de hacer mantequilla de pistacho<\/figcaption><\/figure>    <figure class=\"wp-block-image size-large\"><img loading=\"lazy\" decoding=\"async\" width=\"720\" height=\"540\" data-id=\"1111\" src=\"https:\/\/taizynut.com\/wp-content\/uploads\/2025\/10\/application-ofpistachio-buttre-machine.webp\" alt=\"Aplicaci\u00f3n de la m\u00e1quina de mantequilla de pistacho\" class=\"wp-image-1111\" title=\"\" srcset=\"https:\/\/taizynut.com\/wp-content\/uploads\/2025\/10\/application-ofpistachio-buttre-machine.webp 720w, https:\/\/taizynut.com\/wp-content\/uploads\/2025\/10\/application-ofpistachio-buttre-machine-300x225.webp 300w, https:\/\/taizynut.com\/wp-content\/uploads\/2025\/10\/application-ofpistachio-buttre-machine-16x12.webp 16w\" sizes=\"auto, (max-width: 720px) 100vw, 720px\" \/><figcaption class=\"wp-element-caption\">Aplicaci\u00f3n de la m\u00e1quina de mantequilla de pistacho<\/figcaption><\/figure>    <figure class=\"wp-block-image size-large\"><img loading=\"lazy\" decoding=\"async\" width=\"720\" height=\"540\" data-id=\"1112\" src=\"https:\/\/taizynut.com\/wp-content\/uploads\/2025\/10\/application-ofpistachio-paste-making-machine.webp\" alt=\"Aplicaci\u00f3n de la m\u00e1quina para hacer pasta de pistacho\" class=\"wp-image-1112\" title=\"\" srcset=\"https:\/\/taizynut.com\/wp-content\/uploads\/2025\/10\/application-ofpistachio-paste-making-machine.webp 720w, https:\/\/taizynut.com\/wp-content\/uploads\/2025\/10\/application-ofpistachio-paste-making-machine-300x225.webp 300w, https:\/\/taizynut.com\/wp-content\/uploads\/2025\/10\/application-ofpistachio-paste-making-machine-16x12.webp 16w\" sizes=\"auto, (max-width: 720px) 100vw, 720px\" \/><figcaption class=\"wp-element-caption\">Aplicaci\u00f3n de la m\u00e1quina de pasta de pistacho<\/figcaption><\/figure> <\/figure>    <h2 class=\"wp-block-heading\"><strong>T\u00e9cnico<\/strong> <strong>par\u00e1metros de la m\u00e1quina de molienda de pistacho <\/strong><\/h2>    <p>La m\u00e1quina de pasta de pistacho de Taizy tiene una estructura compacta y un rendimiento estable, adecuada para el molido fino de varias nueces. A continuaci\u00f3n, se presentan los principales par\u00e1metros t\u00e9cnicos del equipo para ayudarle a comprender completamente su configuraci\u00f3n y rendimiento.<\/p>    <figure class=\"wp-block-table\"><table class=\"has-fixed-layout\"><tbody><tr><td>Modelo<\/td><td>TZ-180<\/td><\/tr><tr><td>Capacidad<\/td><td>400-500kg\/h<\/td><\/tr><tr><td>Fuerza<\/td><td>18,5 kw<\/td><\/tr><tr><td>Velocidad<\/td><td>2950 r\/min<\/td><\/tr><tr><td>Peso<\/td><td>350 kilos<\/td><\/tr><tr><td>Tama\u00f1o<\/td><td>960*500*1150mm<\/td><\/tr><tr><td>Volumen de la tolva<\/td><td>30L<\/td><\/tr><\/tbody><\/table><figcaption class=\"wp-element-caption\">par\u00e1metros t\u00e9cnicos de la m\u00e1quina de mantequilla de pistacho<\/figcaption><\/figure>    <h2 class=\"wp-block-heading\"><strong>\u00bfCu\u00e1nto cuesta la m\u00e1quina de moler pistachos?<\/strong><\/h2>    <p>El precio de la m\u00e1quina de pasta de pistacho depende principalmente de factores como el modelo de la m\u00e1quina, la configuraci\u00f3n de salida y la selecci\u00f3n de materiales. En general, los modelos con cuerpos de acero inoxidable y motores de alta potencia son m\u00e1s caros, pero ofrecen un rendimiento m\u00e1s estable y resultados de molienda m\u00e1s finos.<\/p>    <figure class=\"wp-block-gallery has-nested-images columns-default is-cropped wp-block-gallery-4 is-layout-flex wp-block-gallery-is-layout-flex\"> <figure class=\"wp-block-image size-large\"><img loading=\"lazy\" decoding=\"async\" width=\"720\" height=\"540\" data-id=\"1113\" src=\"https:\/\/taizynut.com\/wp-content\/uploads\/2025\/10\/pistachio-paste-making-machine.webp\" alt=\"m\u00e1quina de pasta de pistacho\" class=\"wp-image-1113\" title=\"\" srcset=\"https:\/\/taizynut.com\/wp-content\/uploads\/2025\/10\/pistachio-paste-making-machine.webp 720w, https:\/\/taizynut.com\/wp-content\/uploads\/2025\/10\/pistachio-paste-making-machine-300x225.webp 300w, https:\/\/taizynut.com\/wp-content\/uploads\/2025\/10\/pistachio-paste-making-machine-16x12.webp 16w\" sizes=\"auto, (max-width: 720px) 100vw, 720px\" \/><figcaption class=\"wp-element-caption\">M\u00e1quina de pasta de pistacho<\/figcaption><\/figure>    <figure class=\"wp-block-image size-large\"><img loading=\"lazy\" decoding=\"async\" width=\"720\" height=\"540\" data-id=\"1114\" src=\"https:\/\/taizynut.com\/wp-content\/uploads\/2025\/10\/pistachip-grinder-machine.webp\" alt=\"M\u00e1quina de moler pistachos\" class=\"wp-image-1114\" title=\"\" srcset=\"https:\/\/taizynut.com\/wp-content\/uploads\/2025\/10\/pistachip-grinder-machine.webp 720w, https:\/\/taizynut.com\/wp-content\/uploads\/2025\/10\/pistachip-grinder-machine-300x225.webp 300w, https:\/\/taizynut.com\/wp-content\/uploads\/2025\/10\/pistachip-grinder-machine-16x12.webp 16w\" sizes=\"auto, (max-width: 720px) 100vw, 720px\" \/><figcaption class=\"wp-element-caption\">Molinillo de pistacho<\/figcaption><\/figure> <\/figure>    <p>Los clientes pueden elegir la configuraci\u00f3n adecuada seg\u00fan su escala de producci\u00f3n y necesidades de procesamiento. Los clientes pueden elegir la configuraci\u00f3n adecuada seg\u00fan su escala de producci\u00f3n y necesidades de procesamiento. <\/p>    <h2 class=\"wp-block-heading\"><strong>\u00bfPor qu\u00e9 elegir Taizy como su proveedor?<\/strong><\/h2>    <ul class=\"wp-block-list\"> <li>Taizy tiene <strong>a\u00f1os de experiencia en la producci\u00f3n de maquinaria de procesamiento de alimentos<\/strong> y se ha enfocado en la investigaci\u00f3n, desarrollo y fabricaci\u00f3n de equipos para mantequilla de nueces, mantequilla de man\u00ed, s\u00e9samo, etc.<\/li>    <li>Somos conscientes de que diferentes clientes tienen diferentes necesidades de producci\u00f3n, por lo que nosotros <strong>brindar servicios de personalizaci\u00f3n flexibles<\/strong>. Ya sea en capacidad de producci\u00f3n, finura de molienda, dise\u00f1o est\u00e9tico o distribuci\u00f3n de la l\u00ednea de producci\u00f3n, Taizy puede dise\u00f1arlo seg\u00fan sus necesidades.<\/li>    <li>Taizy ofrece una l\u00ednea de productos completa. Adem\u00e1s de la m\u00e1quina de pasta de pistacho, tambi\u00e9n ofrecemos una variedad de equipos de procesamiento de nueces, incluyendo <a href=\"https:\/\/taizynut.com\/es\/product\/peanut-powder-making-machine\/\">molino de polvo de man\u00ed<\/a>, <a href=\"https:\/\/taizynut.com\/es\/product\/peanut-butter-grinder-machine\/\">m\u00e1quina de mantequilla de man\u00ed<\/a>, y <a href=\"https:\/\/taizynut.com\/es\/product\/small-peanut-roasting-machine-groundnut-roaster-machine\/\">tostador de man\u00ed<\/a>.<\/li>    <li>Nosotros <strong>brindar soporte t\u00e9cnico completo<\/strong>, incluyendo selecci\u00f3n de equipos, instalaci\u00f3n y puesta en marcha, capacitaci\u00f3n en operaci\u00f3n y orientaci\u00f3n remota postventa.<\/li> <\/ul>    <h2 class=\"wp-block-heading\"><strong>\u00a1Cont\u00e1ctanos hoy!<\/strong><\/h2>    <p>Ya sea que planee comenzar un negocio de procesamiento de mantequilla de nueces o ampliar su escala de producci\u00f3n, podemos ofrecerle la mejor m\u00e1quina de pasta de pistacho y soluciones personalizadas seg\u00fan sus necesidades. \u00a1Cont\u00e1ctenos inmediatamente si tiene alguna necesidad!<\/p>","protected":false},"excerpt":{"rendered":"<p>La m\u00e1quina de pasta de pistacho es un equipo de procesamiento de frutos secos totalmente autom\u00e1tico dise\u00f1ado espec\u00edficamente para procesar pasta de frutos secos. Su velocidad de procesamiento es de 400-500 kg\/h. Adem\u00e1s de procesar pistachos, tambi\u00e9n puede usarse para procesar anacardos, almendras, avellanas, etc.<\/p>","protected":false},"author":1,"featured_media":1115,"parent":0,"template":"","tags":[61,66,65],"product-type":[27],"class_list":["post-1105","product","type-product","status-publish","has-post-thumbnail","hentry","tag-nut","tag-pistachio","tag-pistachio-paste","product-type-peanut-kernel-processing"],"_links":{"self":[{"href":"https:\/\/taizynut.com\/es\/wp-json\/wp\/v2\/product\/1105","targetHints":{"allow":["GET"]}}],"collection":[{"href":"https:\/\/taizynut.com\/es\/wp-json\/wp\/v2\/product"}],"about":[{"href":"https:\/\/taizynut.com\/es\/wp-json\/wp\/v2\/types\/product"}],"author":[{"embeddable":true,"href":"https:\/\/taizynut.com\/es\/wp-json\/wp\/v2\/users\/1"}],"wp:featuredmedia":[{"embeddable":true,"href":"https:\/\/taizynut.com\/es\/wp-json\/wp\/v2\/media\/1115"}],"wp:attachment":[{"href":"https:\/\/taizynut.com\/es\/wp-json\/wp\/v2\/media?parent=1105"}],"wp:term":[{"taxonomy":"post_tag","embeddable":true,"href":"https:\/\/taizynut.com\/es\/wp-json\/wp\/v2\/tags?post=1105"},{"taxonomy":"product-type","embeddable":true,"href":"https:\/\/taizynut.com\/es\/wp-json\/wp\/v2\/product-type?post=1105"}],"curies":[{"name":"wp","href":"https:\/\/api.w.org\/{rel}","templated":true}]}}