{"id":1131,"date":"2025-11-20T14:52:56","date_gmt":"2025-11-20T06:52:56","guid":{"rendered":"https:\/\/taizynut.com\/?post_type=product&#038;p=1131"},"modified":"2026-01-21T08:54:10","modified_gmt":"2026-01-21T00:54:10","slug":"almond-shelling-machine","status":"publish","type":"product","link":"https:\/\/taizynut.com\/es\/product\/almond-shelling-machine\/","title":{"rendered":"M\u00e1quina de descascarado de almendras"},"content":{"rendered":"<p class=\"translation-block\">La <strong>m\u00e1quina de pelar almendras<\/strong> es una m\u00e1quina de alta eficiencia para partir frutos secos, que presenta una operaci\u00f3n estable, una tasa de rotura baja y una operaci\u00f3n sencilla. Es adecuada para pelar almendras, avellanas, nueces de neem y otros frutos secos.<\/p>    <p>Funciona mediante la rotaci\u00f3n mutua y la compresi\u00f3n de dos rodillos para romper la c\u00e1scara. La m\u00e1quina de descascarado de almendras Taizy ofrece alta eficiencia, logrando una capacidad de producci\u00f3n de 300 kg\/h y una tasa de descascarado \u226598%. \u00a1Si necesitas la m\u00e1quina de descascarado de nueces, nuestra m\u00e1quina de romper almendras es una excelente opci\u00f3n!<\/p>    <figure class=\"wp-block-embed is-type-video is-provider-youtube wp-block-embed-youtube wp-embed-aspect-16-9 wp-has-aspect-ratio\"><div class=\"wp-block-embed__wrapper\"> <iframe loading=\"lazy\" title=\"M\u00e1quina de descascarado de almendras de alta eficiencia para un descascarado r\u00e1pido y limpio de nueces en procesamiento de alimentos\" width=\"500\" height=\"281\" src=\"https:\/\/www.youtube.com\/embed\/tuunhF-NCMs?feature=oembed\" frameborder=\"0\" allow=\"accelerometer; autoplay; clipboard-write; encrypted-media; gyroscope; picture-in-picture; web-share\" referrerpolicy=\"strict-origin-when-cross-origin\" allowfullscreen><\/iframe> <\/div><figcaption class=\"wp-element-caption\">video de trabajo del equipo de descascarado de almendras<\/figcaption><\/figure>    <h2 class=\"wp-block-heading\"><strong>Caracter\u00edsticas principales de la m\u00e1quina de descascarado de almendras<\/strong><\/h2>    <ul class=\"wp-block-list\"> <li><strong>Amplio rango de aplicaciones<\/strong>: Nuestra m\u00e1quina de descascarado de almendras puede procesar varias nueces, incluyendo almendras, huesos de durazno y nueces, y puede adaptarse a diferentes tama\u00f1os ajustando la brecha.<\/li>    <li><strong>Tasa de rotura baja<\/strong>: La m\u00e1quina de descascarado de almendras utiliza una fuerza de impacto y estructura de rodillo razonables para proteger eficazmente la integridad de los n\u00facleos, resultando en una menor tasa de rotura que el equipo tradicional.<\/li>    <li><strong>Operaci\u00f3n sencilla<\/strong>: The machine&#8217;s simple structural design makes it easy to clean and maintain, reducing operating costs.<\/li>    <li><strong>Alta eficiencia de procesamiento<\/strong>: Nuestra m\u00e1quina de descascarado de almendras tiene una alta eficiencia de procesamiento, con una tasa de descascarado de hasta 300 kg\/h.<\/li>    <li><strong>Materiales superiores<\/strong>: Todas las superficies en contacto con alimentos est\u00e1n construidas en acero inoxidable para garantizar la seguridad alimentaria.<\/li> <\/ul>   <div class=\"wp-block-image\"> <figure class=\"aligncenter size-full\"><img loading=\"lazy\" decoding=\"async\" width=\"720\" height=\"540\" src=\"https:\/\/taizynut.com\/wp-content\/uploads\/2025\/11\/almond-cracking-machine.webp\" alt=\"m\u00e1quina de romper almendras\" class=\"wp-image-1132\" title=\"\" srcset=\"https:\/\/taizynut.com\/wp-content\/uploads\/2025\/11\/almond-cracking-machine.webp 720w, https:\/\/taizynut.com\/wp-content\/uploads\/2025\/11\/almond-cracking-machine-300x225.webp 300w, https:\/\/taizynut.com\/wp-content\/uploads\/2025\/11\/almond-cracking-machine-16x12.webp 16w\" sizes=\"auto, (max-width: 720px) 100vw, 720px\" \/><figcaption class=\"wp-element-caption\">m\u00e1quina de romper almendras<\/figcaption><\/figure> <\/div>   <h2 class=\"wp-block-heading\"><strong>Estructura de la m\u00e1quina de romper almendras<\/strong><\/h2>    <p>La m\u00e1quina de descascarado de almendras tiene una estructura compacta, con m\u00faltiples componentes clave que trabajan juntos para lograr un descascarado eficiente y con bajo da\u00f1o. Sus componentes principales incluyen sistema de potencia, tolva de alimentaci\u00f3n, sistema de descascarado y puerto de descarga.<\/p>    <figure class=\"wp-block-gallery has-nested-images columns-default is-cropped wp-block-gallery-2 is-layout-flex wp-block-gallery-is-layout-flex\"> <figure class=\"wp-block-image size-large\"><img loading=\"lazy\" decoding=\"async\" width=\"540\" height=\"720\" data-id=\"1133\" src=\"https:\/\/taizynut.com\/wp-content\/uploads\/2025\/11\/structure-of-almond-shelling-machine.webp\" alt=\"estructura de la m\u00e1quina de descascarado de almendras\" class=\"wp-image-1133\" title=\"\" srcset=\"https:\/\/taizynut.com\/wp-content\/uploads\/2025\/11\/structure-of-almond-shelling-machine.webp 540w, https:\/\/taizynut.com\/wp-content\/uploads\/2025\/11\/structure-of-almond-shelling-machine-225x300.webp 225w, https:\/\/taizynut.com\/wp-content\/uploads\/2025\/11\/structure-of-almond-shelling-machine-9x12.webp 9w\" sizes=\"auto, (max-width: 540px) 100vw, 540px\" \/><figcaption class=\"wp-element-caption\">Estructura de la m\u00e1quina de descascarado de almendras<\/figcaption><\/figure>    <figure class=\"wp-block-image size-large\"><img loading=\"lazy\" decoding=\"async\" width=\"540\" height=\"720\" data-id=\"1134\" src=\"https:\/\/taizynut.com\/wp-content\/uploads\/2025\/11\/working-scenario-of-commercial-almond-sheller.webp\" alt=\"escenario de trabajo de la descascaradora comercial de almendras\" class=\"wp-image-1134\" title=\"\" srcset=\"https:\/\/taizynut.com\/wp-content\/uploads\/2025\/11\/working-scenario-of-commercial-almond-sheller.webp 540w, https:\/\/taizynut.com\/wp-content\/uploads\/2025\/11\/working-scenario-of-commercial-almond-sheller-225x300.webp 225w, https:\/\/taizynut.com\/wp-content\/uploads\/2025\/11\/working-scenario-of-commercial-almond-sheller-9x12.webp 9w\" sizes=\"auto, (max-width: 540px) 100vw, 540px\" \/><figcaption class=\"wp-element-caption\">Escenario de trabajo de la descascaradora comercial de almendras<\/figcaption><\/figure> <\/figure>    <h2 class=\"wp-block-heading\"><strong>Aplicaci\u00f3n de la m\u00e1quina de descascarado de almendras<\/strong><\/h2>    <p>La m\u00e1quina de romper almendras es adecuada para procesar varias nueces, incluyendo almendras, huesos de durazno, avellanas, cacahuetes y m\u00e1s. Se usa ampliamente en plantas de procesamiento de nueces, fabricantes de snacks, industrias de panader\u00eda y empresas de comercio de productos agr\u00edcolas.<\/p>   <div class=\"wp-block-image\"> <figure class=\"aligncenter size-full\"><img loading=\"lazy\" decoding=\"async\" width=\"720\" height=\"540\" src=\"https:\/\/taizynut.com\/wp-content\/uploads\/2025\/11\/application-almond-hulling-machine.webp\" alt=\"Aplicaci\u00f3n de la m\u00e1quina de hulling de almendras\" class=\"wp-image-1135\" title=\"\" srcset=\"https:\/\/taizynut.com\/wp-content\/uploads\/2025\/11\/application-almond-hulling-machine.webp 720w, https:\/\/taizynut.com\/wp-content\/uploads\/2025\/11\/application-almond-hulling-machine-300x225.webp 300w, https:\/\/taizynut.com\/wp-content\/uploads\/2025\/11\/application-almond-hulling-machine-16x12.webp 16w\" sizes=\"auto, (max-width: 720px) 100vw, 720px\" \/><figcaption class=\"wp-element-caption\">Aplicaci\u00f3n de la m\u00e1quina de hulling de almendras<\/figcaption><\/figure> <\/div>   <p>Ya sea para producci\u00f3n en masa o procesamiento individual, la m\u00e1quina de descascarado de almendras puede mejorar la eficiencia, reducir los costos laborales y ofrecer una soluci\u00f3n de preprocesamiento conveniente para pasos posteriores como clasificaci\u00f3n, secado y tostado.<\/p>    <h2 class=\"wp-block-heading\"><strong>Especificaciones t\u00e9cnicas de la m\u00e1quina de romper almendras<\/strong><\/h2>    <p>Las especificaciones detalladas de nuestra m\u00e1quina de descascarado de almendras se muestran a continuaci\u00f3n:<\/p>    <figure class=\"wp-block-table\"><table><tbody><tr><td>Fuerza<\/td><td>Capacidad<\/td><td>Tasa de descascarado<\/td><td>Peso<\/td><td>Tama\u00f1o<\/td><\/tr><tr><td>3kw<\/td><td>300kg\/h<\/td><td>\u226598%<\/td><td>280 kilos<\/td><td>2011*900*1300mm<\/td><\/tr><\/tbody><\/table><figcaption class=\"wp-element-caption\">datos t\u00e9cnicos de la m\u00e1quina de descascarado de almendras<\/figcaption><\/figure>    <h2 class=\"wp-block-heading\"><strong>\u00bfC\u00f3mo funciona el equipo de descascarado de almendras?<\/strong><\/h2>    <p>La m\u00e1quina de descascarado de almendras tiene dos rodillos de descascarado en su interior, que aplastan y pelan las c\u00e1scaras de las materias primas mediante compresi\u00f3n. La brecha entre los rodillos de descascarado se ajusta seg\u00fan el tama\u00f1o de las materias primas para garantizar que los kernels descascarados est\u00e9n intactos.<\/p>   <div class=\"wp-block-image\"> <figure class=\"aligncenter size-full\"><img loading=\"lazy\" decoding=\"async\" width=\"720\" height=\"540\" src=\"https:\/\/taizynut.com\/wp-content\/uploads\/2025\/11\/almond-cracker-machine.webp\" alt=\"m\u00e1quina de romper almendras\" class=\"wp-image-1136\" title=\"\" srcset=\"https:\/\/taizynut.com\/wp-content\/uploads\/2025\/11\/almond-cracker-machine.webp 720w, https:\/\/taizynut.com\/wp-content\/uploads\/2025\/11\/almond-cracker-machine-300x225.webp 300w, https:\/\/taizynut.com\/wp-content\/uploads\/2025\/11\/almond-cracker-machine-16x12.webp 16w\" sizes=\"auto, (max-width: 720px) 100vw, 720px\" \/><figcaption class=\"wp-element-caption\">m\u00e1quina de romper almendras<\/figcaption><\/figure> <\/div>   <h2 class=\"wp-block-heading\"><strong>Precio de la m\u00e1quina de descascarado y hulling de almendras<\/strong><\/h2>    <p>El precio es un factor importante al comprar la m\u00e1quina de descascarado de almendras. Su precio est\u00e1 influenciado por varios factores, incluyendo el modelo de la m\u00e1quina, la configuraci\u00f3n de salida, la fuente de energ\u00eda, la estructura del rodillo de descascarado y si se requiere un tolva de alimentaci\u00f3n personalizada.<\/p>    <h2 class=\"wp-block-heading\"><strong>\u00bfC\u00f3mo elegir la m\u00e1quina de romper almendras?<\/strong><\/h2>    <p>Las m\u00e1quinas de descascarado de almendras altamente eficientes pueden ayudar a los clientes a mejorar la eficiencia de producci\u00f3n y reducir la mano de obra. Al elegir una m\u00e1quina de descascarado de almendras, preste atenci\u00f3n a los siguientes puntos:<\/p>    <ul class=\"wp-block-list\"> <li><strong>Presta atenci\u00f3n a la tasa de rotura<\/strong>: Cuanto menor sea la tasa de rotura, mayor ser\u00e1 el valor del producto.<\/li>    <li><strong>Considere los requisitos de capacidad de producci\u00f3n<\/strong>: Elija el modelo adecuado seg\u00fan el volumen de procesamiento diario.<\/li>    <li><strong>Estabilidad y materiales<\/strong>: High-quality steel and good workmanship can extend the machine&#8217;s lifespan.<\/li>    <li><strong>Servicio postventa<\/strong>: Elegir un proveedor experimentado con alto soporte es m\u00e1s confiable.<\/li> <\/ul>    <figure class=\"wp-block-gallery has-nested-images columns-default is-cropped wp-block-gallery-3 is-layout-flex wp-block-gallery-is-layout-flex\"> <figure class=\"wp-block-image size-large\"><img loading=\"lazy\" decoding=\"async\" width=\"540\" height=\"720\" data-id=\"1137\" src=\"https:\/\/taizynut.com\/wp-content\/uploads\/2025\/11\/almond-shell-breaker-machine.webp\" alt=\"m\u00e1quina de descascarar almendras\" class=\"wp-image-1137\" title=\"\" srcset=\"https:\/\/taizynut.com\/wp-content\/uploads\/2025\/11\/almond-shell-breaker-machine.webp 540w, https:\/\/taizynut.com\/wp-content\/uploads\/2025\/11\/almond-shell-breaker-machine-225x300.webp 225w, https:\/\/taizynut.com\/wp-content\/uploads\/2025\/11\/almond-shell-breaker-machine-9x12.webp 9w\" sizes=\"auto, (max-width: 540px) 100vw, 540px\" \/><figcaption class=\"wp-element-caption\">M\u00e1quina de romper almendras<\/figcaption><\/figure>    <figure class=\"wp-block-image size-large\"><img loading=\"lazy\" decoding=\"async\" width=\"540\" height=\"720\" data-id=\"1138\" src=\"https:\/\/taizynut.com\/wp-content\/uploads\/2025\/11\/almond-sheller.webp\" alt=\"descascador de almendras\" class=\"wp-image-1138\" title=\"\" srcset=\"https:\/\/taizynut.com\/wp-content\/uploads\/2025\/11\/almond-sheller.webp 540w, https:\/\/taizynut.com\/wp-content\/uploads\/2025\/11\/almond-sheller-225x300.webp 225w, https:\/\/taizynut.com\/wp-content\/uploads\/2025\/11\/almond-sheller-9x12.webp 9w\" sizes=\"auto, (max-width: 540px) 100vw, 540px\" \/><figcaption class=\"wp-element-caption\">Descascador de almendras<\/figcaption><\/figure> <\/figure>    <h2 class=\"wp-block-heading\"><strong>Caso de exportaci\u00f3n exitoso de la m\u00e1quina de romper almendras<\/strong><\/h2>    <p>Recientemente, exportamos con \u00e9xito una m\u00e1quina de descascarado de almendras a Italia. El cliente es una empresa de alimentos especializada en procesamiento de nueces. Debido a la expansi\u00f3n del negocio, nuestro cliente necesitaba urgentemente un equipo capaz de descascarar de manera estable, reducir la rotura del n\u00facleo y ser apto para operaci\u00f3n continua.<\/p>    <p>Recomendamos nuestra m\u00e1quina autom\u00e1tica de descascarado de almendras al cliente y compartimos un video que muestra su funcionamiento y efecto de descascarado. Despu\u00e9s de que la m\u00e1quina lleg\u00f3 a Italia, el cliente confirm\u00f3 un rendimiento excelente durante las pruebas, mejorando en gran medida la eficiencia de producci\u00f3n.<\/p>   <div class=\"wp-block-image\"> <figure class=\"aligncenter size-full\"><img loading=\"lazy\" decoding=\"async\" width=\"720\" height=\"540\" src=\"https:\/\/taizynut.com\/wp-content\/uploads\/2025\/11\/almond-shelling-equipment.webp\" alt=\"Equipo de descascarado de almendras\" class=\"wp-image-1139\" title=\"\" srcset=\"https:\/\/taizynut.com\/wp-content\/uploads\/2025\/11\/almond-shelling-equipment.webp 720w, https:\/\/taizynut.com\/wp-content\/uploads\/2025\/11\/almond-shelling-equipment-300x225.webp 300w, https:\/\/taizynut.com\/wp-content\/uploads\/2025\/11\/almond-shelling-equipment-16x12.webp 16w\" sizes=\"auto, (max-width: 720px) 100vw, 720px\" \/><figcaption class=\"wp-element-caption\">Equipo de descascarado de almendras<\/figcaption><\/figure> <\/div>   <h2 class=\"wp-block-heading\"><strong>\u00a1Cont\u00e1ctenos inmediatamente para obtener informaci\u00f3n detallada!<\/strong><\/h2>    <p>La m\u00e1quina de descascarado de almendras es una m\u00e1quina indispensable en la industria moderna del procesamiento de nueces. Mejora significativamente la eficiencia del descascarado, reduce los costos laborales y garantiza la integridad y calidad de las almendras terminadas.<\/p>    <p class=\"translation-block\">Adem\u00e1s, tambi\u00e9n ofrecemos una variedad de equipos de procesamiento de nueces, como tostador de cacahuetes, <a href=\"https:\/\/taizynut.com\/es\/product\/peanut-powder-making-machine\/\">molino de polvo de cacahuete<\/a> y <a href=\"https:\/\/taizynut.com\/es\/product\/dry-peanut-peeling-machine\/\">pelador de cacahuetes<\/a>, para satisfacer las necesidades de diferentes tipos de procesamiento de nueces. \u00a1No dudes en contactarnos en cualquier momento para una consulta gratuita!<\/p>","protected":false},"excerpt":{"rendered":"<p>The almond shelling machine is a high-efficiency, easy-to-operate device with stable performance and low breakage. It can process almonds, peach kernels, walnuts, hazelnuts, peanuts, and other nuts, with an output of up to 300\u202fkg\/h, greatly improving efficiency and reducing labor costs.<\/p>","protected":false},"author":1,"featured_media":1140,"parent":0,"template":"","tags":[68,61],"product-type":[74],"class_list":["post-1131","product","type-product","status-publish","has-post-thumbnail","hentry","tag-almond","tag-nut","product-type-almond-processing"],"_links":{"self":[{"href":"https:\/\/taizynut.com\/es\/wp-json\/wp\/v2\/product\/1131","targetHints":{"allow":["GET"]}}],"collection":[{"href":"https:\/\/taizynut.com\/es\/wp-json\/wp\/v2\/product"}],"about":[{"href":"https:\/\/taizynut.com\/es\/wp-json\/wp\/v2\/types\/product"}],"author":[{"embeddable":true,"href":"https:\/\/taizynut.com\/es\/wp-json\/wp\/v2\/users\/1"}],"wp:featuredmedia":[{"embeddable":true,"href":"https:\/\/taizynut.com\/es\/wp-json\/wp\/v2\/media\/1140"}],"wp:attachment":[{"href":"https:\/\/taizynut.com\/es\/wp-json\/wp\/v2\/media?parent=1131"}],"wp:term":[{"taxonomy":"post_tag","embeddable":true,"href":"https:\/\/taizynut.com\/es\/wp-json\/wp\/v2\/tags?post=1131"},{"taxonomy":"product-type","embeddable":true,"href":"https:\/\/taizynut.com\/es\/wp-json\/wp\/v2\/product-type?post=1131"}],"curies":[{"name":"wp","href":"https:\/\/api.w.org\/{rel}","templated":true}]}}