{"id":1149,"date":"2025-12-16T14:55:55","date_gmt":"2025-12-16T06:55:55","guid":{"rendered":"https:\/\/taizynut.com\/?post_type=product&#038;p=1149"},"modified":"2026-01-21T08:57:48","modified_gmt":"2026-01-21T00:57:48","slug":"almond-shelling-production-line","status":"publish","type":"product","link":"https:\/\/taizynut.com\/es\/product\/almond-shelling-production-line\/","title":{"rendered":"L\u00ednea de producci\u00f3n de descascarado de almendras"},"content":{"rendered":"<p class=\"translation-block\">Nuestra <strong>l\u00ednea de producci\u00f3n de pelado de almendras<\/strong> integra funciones de clasificaci\u00f3n de almendras, pelado, separaci\u00f3n de c\u00e1scara y n\u00facleo, y clasificaci\u00f3n de n\u00facleos. Adem\u00e1s de procesar almendras, tambi\u00e9n puede usarse para procesar varios frutos secos, como nueces, pacanas y avellanas.<\/p>    <p>La l\u00ednea de procesamiento de almendras Taizy presenta operaci\u00f3n continua, ahorro de mano de obra y alta eficiencia, con una capacidad de producci\u00f3n de 1,000 kg\/h. Esta l\u00ednea de producci\u00f3n se usa ampliamente en la industria alimentaria y en la industria del procesamiento de frutos secos.<\/p>    <h2 class=\"wp-block-heading\"><strong>Ventajas de la l\u00ednea de rotura y descascarado de almendras<\/strong><\/h2>    <figure class=\"wp-block-embed is-type-video is-provider-youtube wp-block-embed-youtube wp-embed-aspect-16-9 wp-has-aspect-ratio\"><div class=\"wp-block-embed__wrapper\"> <iframe loading=\"lazy\" title=\"L\u00ednea de producci\u00f3n autom\u00e1tica de descascarado de almendras para partir y pelar almendras de manera eficiente\" width=\"500\" height=\"281\" src=\"https:\/\/www.youtube.com\/embed\/Uq-TLbSsxUA?feature=oembed\" frameborder=\"0\" allow=\"accelerometer; autoplay; clipboard-write; encrypted-media; gyroscope; picture-in-picture; web-share\" referrerpolicy=\"strict-origin-when-cross-origin\" allowfullscreen><\/iframe> <\/div><\/figure>    <ul class=\"wp-block-list\"> <li><strong>Alto grado de automatizaci\u00f3n<\/strong>: La l\u00ednea de descascarado de almendras integra clasificaci\u00f3n, descascarado, separaci\u00f3n de c\u00e1scara y n\u00facleo, y clasificaci\u00f3n de n\u00facleos en un solo sistema, reduciendo el trabajo manual y disminuyendo efectivamente los costos laborales.<\/li>    <li><strong>Rendimiento estable de descascarado<\/strong>: Mediante la clasificaci\u00f3n previa de los n\u00facleos de almendra, se puede realizar un descascarado preciso en n\u00facleos de diferentes tama\u00f1os, asegurando una alta tasa de descascarado y maximizando la integridad de las almendras.<\/li>    <li><strong>Alto rendimiento de n\u00facleo<\/strong>: El proceso de separaci\u00f3n de c\u00e1scara y n\u00facleo elimina eficazmente las impurezas de la c\u00e1scara, resultando en almendras terminadas m\u00e1s limpias y reduciendo la necesidad de clasificaci\u00f3n manual posterior.<\/li>    <li><strong>Amplio rango de aplicaciones<\/strong>: Esta l\u00ednea de descascarado de almendras puede procesar diversas variedades y tama\u00f1os de n\u00facleos de almendra, as\u00ed como nueces, pacanas, avellanas y otros frutos secos, atendiendo a diversas necesidades de producci\u00f3n.<\/li>    <li><strong>Operaci\u00f3n continua<\/strong>: La l\u00ednea completa trabaja en colaboraci\u00f3n para lograr una operaci\u00f3n continua a largo plazo, garantizando la estabilidad de la producci\u00f3n y mejorando la eficiencia.<\/li> <\/ul>    <figure class=\"wp-block-gallery has-nested-images columns-default is-cropped wp-block-gallery-2 is-layout-flex wp-block-gallery-is-layout-flex\"> <figure class=\"wp-block-image size-large\"><img loading=\"lazy\" decoding=\"async\" width=\"720\" height=\"540\" data-id=\"1246\" src=\"https:\/\/taizynut.com\/wp-content\/uploads\/2025\/12\/almond-shelling-production-line.webp\" alt=\"Diagrama 3D de la l\u00ednea de descascarado de almendras\" class=\"wp-image-1246\" title=\"\" srcset=\"https:\/\/taizynut.com\/wp-content\/uploads\/2025\/12\/almond-shelling-production-line.webp 720w, https:\/\/taizynut.com\/wp-content\/uploads\/2025\/12\/almond-shelling-production-line-300x225.webp 300w, https:\/\/taizynut.com\/wp-content\/uploads\/2025\/12\/almond-shelling-production-line-16x12.webp 16w\" sizes=\"auto, (max-width: 720px) 100vw, 720px\" \/><figcaption class=\"wp-element-caption\">Diagrama 3D de la l\u00ednea de descascarado de almendras<\/figcaption><\/figure>    <figure class=\"wp-block-image size-full\"><img loading=\"lazy\" decoding=\"async\" width=\"720\" height=\"540\" data-id=\"1248\" src=\"https:\/\/taizynut.com\/wp-content\/uploads\/2025\/12\/almond-shelling-line-1.webp\" alt=\"L\u00ednea de descascarado de almendras\" class=\"wp-image-1248\" title=\"\" srcset=\"https:\/\/taizynut.com\/wp-content\/uploads\/2025\/12\/almond-shelling-line-1.webp 720w, https:\/\/taizynut.com\/wp-content\/uploads\/2025\/12\/almond-shelling-line-1-300x225.webp 300w, https:\/\/taizynut.com\/wp-content\/uploads\/2025\/12\/almond-shelling-line-1-16x12.webp 16w\" sizes=\"auto, (max-width: 720px) 100vw, 720px\" \/><figcaption class=\"wp-element-caption\">L\u00ednea de descascarado de almendras<\/figcaption><\/figure> <\/figure>    <h2 class=\"wp-block-heading\"><strong>Pasos principales del descascarado de almendras<\/strong><\/h2>    <p class=\"translation-block\">Nuestra l\u00ednea de descascarado de almendras combina de manera org\u00e1nica m\u00faltiples procesos para lograr una operaci\u00f3n continua y estable. Sus pasos principales incluyen: <strong>Clasificaci\u00f3n de almendras<\/strong> \u2192 <strong>descascado de almendras<\/strong> \u2192 <strong>separaci\u00f3n de c\u00e1scara y n\u00facleo<\/strong> \u2192 <strong>clasificaci\u00f3n de n\u00facleos<\/strong>.<\/p>   <div class=\"wp-block-image\"> <figure class=\"aligncenter size-full\"><img loading=\"lazy\" decoding=\"async\" width=\"720\" height=\"540\" src=\"https:\/\/taizynut.com\/wp-content\/uploads\/2025\/12\/almond-shelling-line.webp\" alt=\"L\u00ednea de descascarado de almendras\" class=\"wp-image-1161\" title=\"\" srcset=\"https:\/\/taizynut.com\/wp-content\/uploads\/2025\/12\/almond-shelling-line.webp 720w, https:\/\/taizynut.com\/wp-content\/uploads\/2025\/12\/almond-shelling-line-300x225.webp 300w, https:\/\/taizynut.com\/wp-content\/uploads\/2025\/12\/almond-shelling-line-16x12.webp 16w\" sizes=\"auto, (max-width: 720px) 100vw, 720px\" \/><figcaption class=\"wp-element-caption\">L\u00ednea de descascarado de almendras<\/figcaption><\/figure> <\/div>   <h2 class=\"wp-block-heading\"><strong>Equipo principal para la l\u00ednea de producci\u00f3n de descascarado de almendras<\/strong><\/h2>    <p>La l\u00ednea de descascarado de almendras Taizy consta principalmente de los siguientes equipos:<\/p>    <ol class=\"wp-block-list\"> <li>Elevador<\/li>    <li>M\u00e1quina de clasificaci\u00f3n de tambor<\/li>    <li>Tolva de alimentaci\u00f3n con alimentaci\u00f3n cuantitativa electromagn\u00e9tica<\/li>    <li>M\u00e1quina de descascarado de almendras<\/li>    <li>Separador de c\u00e1scara y n\u00facleo<\/li>    <li>M\u00e1quina de clasificaci\u00f3n de n\u00facleos<\/li> <\/ol>   <div class=\"wp-block-image\"> <figure class=\"aligncenter size-full\"><img loading=\"lazy\" decoding=\"async\" width=\"720\" height=\"540\" src=\"https:\/\/taizynut.com\/wp-content\/uploads\/2025\/12\/Almond-shelling-production-line-drawing.webp\" alt=\"L\u00ednea de descascarado de almendras\" class=\"wp-image-1160\" title=\"\" srcset=\"https:\/\/taizynut.com\/wp-content\/uploads\/2025\/12\/Almond-shelling-production-line-drawing.webp 720w, https:\/\/taizynut.com\/wp-content\/uploads\/2025\/12\/Almond-shelling-production-line-drawing-300x225.webp 300w, https:\/\/taizynut.com\/wp-content\/uploads\/2025\/12\/Almond-shelling-production-line-drawing-16x12.webp 16w\" sizes=\"auto, (max-width: 720px) 100vw, 720px\" \/><figcaption class=\"wp-element-caption\">L\u00ednea de descascarado de almendras<\/figcaption><\/figure> <\/div>   <h3 class=\"wp-block-heading\"><strong>Elevador<\/strong><\/h3>    <div class=\"wp-block-media-text is-stacked-on-mobile\"><figure class=\"wp-block-media-text__media\"><img loading=\"lazy\" decoding=\"async\" width=\"720\" height=\"540\" src=\"https:\/\/taizynut.com\/wp-content\/uploads\/2025\/12\/elevator.webp\" alt=\"\" class=\"wp-image-1150 size-full\" title=\"\" srcset=\"https:\/\/taizynut.com\/wp-content\/uploads\/2025\/12\/elevator.webp 720w, https:\/\/taizynut.com\/wp-content\/uploads\/2025\/12\/elevator-300x225.webp 300w, https:\/\/taizynut.com\/wp-content\/uploads\/2025\/12\/elevator-16x12.webp 16w\" sizes=\"auto, (max-width: 720px) 100vw, 720px\" \/><\/figure><div class=\"wp-block-media-text__content\"> <p>Este elevador puede elevar almendras a una altura especificada y transportarlas a los equipos posteriores, reduciendo as\u00ed la alimentaci\u00f3n manual. Sus especificaciones son las siguientes:<\/p>    <ul class=\"wp-block-list\"> <li>Potencia: 2.2kw &nbsp;&nbsp;&nbsp;&nbsp;<\/li>    <li>voltaje: 380v,50hz, trif\u00e1sico<\/li> <\/ul> <\/div><\/div>    <h3 class=\"wp-block-heading\"><strong>M\u00e1quina de clasificaci\u00f3n de tambor<\/strong><\/h3>    <div class=\"wp-block-media-text has-media-on-the-right is-stacked-on-mobile\"><div class=\"wp-block-media-text__content\"> <p>La m\u00e1quina de tamizado rotatorio por tambor clasifica los n\u00facleos de durazno por tama\u00f1o, proporcionando materias primas de tama\u00f1o uniforme para las m\u00e1quinas de descascarado posteriores. Sus datos son los siguientes:<\/p>    <ul class=\"wp-block-list\"> <li>Tama\u00f1o: 5.5*1.1*2.5m<\/li>    <li>Capacidad: 1000kg\/h<\/li>    <li>Peso: 2300kg<\/li>    <li>Potencia: 2.2kw<\/li>    <li>Voltaje: 380V 50Hz trif\u00e1sico<\/li>    <li>Material: Tolva de tambor de acero inoxidable, otros de acero al carbono<\/li> <\/ul> <\/div><figure class=\"wp-block-media-text__media\"><img loading=\"lazy\" decoding=\"async\" width=\"720\" height=\"540\" src=\"https:\/\/taizynut.com\/wp-content\/uploads\/2025\/12\/alomond-grading-machine.webp\" alt=\"\" class=\"wp-image-1151 size-full\" title=\"\" srcset=\"https:\/\/taizynut.com\/wp-content\/uploads\/2025\/12\/alomond-grading-machine.webp 720w, https:\/\/taizynut.com\/wp-content\/uploads\/2025\/12\/alomond-grading-machine-300x225.webp 300w, https:\/\/taizynut.com\/wp-content\/uploads\/2025\/12\/alomond-grading-machine-16x12.webp 16w\" sizes=\"auto, (max-width: 720px) 100vw, 720px\" \/><\/figure><\/div>    <h3 class=\"wp-block-heading\"><strong>Tolva de alimentaci\u00f3n con alimentaci\u00f3n cuantitativa electromagn\u00e9tica<\/strong><\/h3>    <div class=\"wp-block-media-text is-stacked-on-mobile\"><figure class=\"wp-block-media-text__media\"><img loading=\"lazy\" decoding=\"async\" width=\"720\" height=\"540\" src=\"https:\/\/taizynut.com\/wp-content\/uploads\/2025\/12\/electromagnetic-quantitative-feeding-hopper.webp\" alt=\"\" class=\"wp-image-1152 size-full\" title=\"\" srcset=\"https:\/\/taizynut.com\/wp-content\/uploads\/2025\/12\/electromagnetic-quantitative-feeding-hopper.webp 720w, https:\/\/taizynut.com\/wp-content\/uploads\/2025\/12\/electromagnetic-quantitative-feeding-hopper-300x225.webp 300w, https:\/\/taizynut.com\/wp-content\/uploads\/2025\/12\/electromagnetic-quantitative-feeding-hopper-16x12.webp 16w\" sizes=\"auto, (max-width: 720px) 100vw, 720px\" \/><\/figure><div class=\"wp-block-media-text__content\"> <p>El alimentador proporciona un suministro estable de almendras clasificadas, asegurando que el material entre en el equipo de descascarado a una velocidad adecuada. Sus especificaciones detalladas son las siguientes:<\/p>    <ul class=\"wp-block-list\"> <li>Tama\u00f1o: 1*1*1.6m &nbsp;<\/li>    <li>Potencia: 0.05kw<\/li>    <li>Material: Acero inoxidable<\/li> <\/ul> <\/div><\/div>    <h3 class=\"wp-block-heading\"><strong>M\u00e1quina de descascarado de almendras<\/strong><\/h3>    <div class=\"wp-block-media-text has-media-on-the-right is-stacked-on-mobile\"><div class=\"wp-block-media-text__content\"> <p class=\"translation-block\">La <a href=\"https:\/\/taizynut.com\/es\/product\/almond-shelling-machine\/\">m\u00e1quina de descascarado de almendras<\/a>, como componente principal, se usa para romper las c\u00e1scaras de las almendras. Sus par\u00e1metros t\u00e9cnicos son los siguientes:<\/p>    <ul class=\"wp-block-list\"> <li>Tama\u00f1o: 2100*900*1300mm&nbsp;&nbsp;<\/li>    <li>Potencia: 3kw &nbsp;&nbsp;&nbsp;&nbsp;<\/li>    <li>Voltaje: 380V 50Hz trif\u00e1sico<\/li>    <li>Peso: 280kg<\/li> <\/ul> <\/div><figure class=\"wp-block-media-text__media\"><img loading=\"lazy\" decoding=\"async\" width=\"720\" height=\"540\" src=\"https:\/\/taizynut.com\/wp-content\/uploads\/2025\/12\/alomond-shelling-machine.webp\" alt=\"\" class=\"wp-image-1153 size-full\" title=\"\" srcset=\"https:\/\/taizynut.com\/wp-content\/uploads\/2025\/12\/alomond-shelling-machine.webp 720w, https:\/\/taizynut.com\/wp-content\/uploads\/2025\/12\/alomond-shelling-machine-300x225.webp 300w, https:\/\/taizynut.com\/wp-content\/uploads\/2025\/12\/alomond-shelling-machine-16x12.webp 16w\" sizes=\"auto, (max-width: 720px) 100vw, 720px\" \/><\/figure><\/div>    <h3 class=\"wp-block-heading\"><strong>Separador de c\u00e1scara y n\u00facleo<\/strong><\/h3>    <div class=\"wp-block-media-text is-stacked-on-mobile\"><figure class=\"wp-block-media-text__media\"><img loading=\"lazy\" decoding=\"async\" width=\"720\" height=\"540\" src=\"https:\/\/taizynut.com\/wp-content\/uploads\/2025\/12\/shell-and-kernel-seperation-machine.webp\" alt=\"\" class=\"wp-image-1154 size-full\" title=\"\" srcset=\"https:\/\/taizynut.com\/wp-content\/uploads\/2025\/12\/shell-and-kernel-seperation-machine.webp 720w, https:\/\/taizynut.com\/wp-content\/uploads\/2025\/12\/shell-and-kernel-seperation-machine-300x225.webp 300w, https:\/\/taizynut.com\/wp-content\/uploads\/2025\/12\/shell-and-kernel-seperation-machine-16x12.webp 16w\" sizes=\"auto, (max-width: 720px) 100vw, 720px\" \/><\/figure><div class=\"wp-block-media-text__content\"> <p>La m\u00e1quina de separaci\u00f3n de c\u00e1scara y n\u00facleo puede separar las c\u00e1scaras de los frutos secos de los n\u00facleos. Esta m\u00e1quina puede ser dise\u00f1ada y personalizada seg\u00fan la capacidad de producci\u00f3n y el tama\u00f1o de la materia prima.<\/p>    <ul class=\"wp-block-list\"> <li>Tama\u00f1o: 2.6*1.1*1.6m &nbsp;&nbsp;&nbsp;&nbsp;<\/li>    <li>Potencia: 1.5kw &nbsp;<\/li>    <li>Voltaje: 380V 50Hz trif\u00e1sico<\/li> <\/ul> <\/div><\/div>    <h3 class=\"wp-block-heading\"><strong>M\u00e1quina de clasificaci\u00f3n de n\u00facleos<\/strong><\/h3>    <div class=\"wp-block-media-text has-media-on-the-right is-stacked-on-mobile\"><div class=\"wp-block-media-text__content\"> <p>La m\u00e1quina de clasificaci\u00f3n de n\u00facleos clasifica los n\u00facleos de almendra separados en cinco grados seg\u00fan tama\u00f1o o integridad, facilitando el embalaje o procesamiento adicional de diferentes grados de producto.<\/p>    <ul class=\"wp-block-list\"> <li>Tama\u00f1o: 1500x800x1250mm<\/li>    <li>Potencia: 0.75kw<\/li> <\/ul> <\/div><figure class=\"wp-block-media-text__media\"><img loading=\"lazy\" decoding=\"async\" width=\"720\" height=\"540\" src=\"https:\/\/taizynut.com\/wp-content\/uploads\/2025\/12\/kernel-grading-machine.webp\" alt=\"\" class=\"wp-image-1155 size-full\" title=\"\" srcset=\"https:\/\/taizynut.com\/wp-content\/uploads\/2025\/12\/kernel-grading-machine.webp 720w, https:\/\/taizynut.com\/wp-content\/uploads\/2025\/12\/kernel-grading-machine-300x225.webp 300w, https:\/\/taizynut.com\/wp-content\/uploads\/2025\/12\/kernel-grading-machine-16x12.webp 16w\" sizes=\"auto, (max-width: 720px) 100vw, 720px\" \/><\/figure><\/div>    <h2 class=\"wp-block-heading\"><strong>Aplicaci\u00f3n de la l\u00ednea de descascarado de almendras<\/strong><\/h2>    <p>Nuestra l\u00ednea de procesamiento de almendras tiene una amplia gama de aplicaciones. Adem\u00e1s de procesar almendras de diferentes tama\u00f1os, tambi\u00e9n puede usarse para procesar varias nueces con c\u00e1scara, como avellanas, nuez bada y nueces de macadamia.<\/p>    <figure class=\"wp-block-gallery has-nested-images columns-default is-cropped wp-block-gallery-3 is-layout-flex wp-block-gallery-is-layout-flex\"> <figure class=\"wp-block-image size-large\"><img loading=\"lazy\" decoding=\"async\" width=\"720\" height=\"540\" data-id=\"1194\" src=\"https:\/\/taizynut.com\/wp-content\/uploads\/2025\/12\/almond.webp\" alt=\"almendra\" class=\"wp-image-1194\" title=\"\" srcset=\"https:\/\/taizynut.com\/wp-content\/uploads\/2025\/12\/almond.webp 720w, https:\/\/taizynut.com\/wp-content\/uploads\/2025\/12\/almond-300x225.webp 300w, https:\/\/taizynut.com\/wp-content\/uploads\/2025\/12\/almond-16x12.webp 16w\" sizes=\"auto, (max-width: 720px) 100vw, 720px\" \/><figcaption class=\"wp-element-caption\">Almendra<\/figcaption><\/figure>    <figure class=\"wp-block-image size-large\"><img loading=\"lazy\" decoding=\"async\" width=\"720\" height=\"540\" data-id=\"1195\" src=\"https:\/\/taizynut.com\/wp-content\/uploads\/2025\/12\/bada-nut.webp\" alt=\"bada nut\" class=\"wp-image-1195\" title=\"\" srcset=\"https:\/\/taizynut.com\/wp-content\/uploads\/2025\/12\/bada-nut.webp 720w, https:\/\/taizynut.com\/wp-content\/uploads\/2025\/12\/bada-nut-300x225.webp 300w, https:\/\/taizynut.com\/wp-content\/uploads\/2025\/12\/bada-nut-16x12.webp 16w\" sizes=\"auto, (max-width: 720px) 100vw, 720px\" \/><figcaption class=\"wp-element-caption\">Nuez bada<\/figcaption><\/figure>    <figure class=\"wp-block-image size-large\"><img loading=\"lazy\" decoding=\"async\" width=\"720\" height=\"540\" data-id=\"1196\" src=\"https:\/\/taizynut.com\/wp-content\/uploads\/2025\/12\/hazelnut.webp\" alt=\"avellana\" class=\"wp-image-1196\" title=\"\" srcset=\"https:\/\/taizynut.com\/wp-content\/uploads\/2025\/12\/hazelnut.webp 720w, https:\/\/taizynut.com\/wp-content\/uploads\/2025\/12\/hazelnut-300x225.webp 300w, https:\/\/taizynut.com\/wp-content\/uploads\/2025\/12\/hazelnut-16x12.webp 16w\" sizes=\"auto, (max-width: 720px) 100vw, 720px\" \/><figcaption class=\"wp-element-caption\">Avellana<\/figcaption><\/figure> <\/figure>    <h2 class=\"wp-block-heading\"><strong>Preguntas frecuentes sobre la l\u00ednea de descascarado y rotura de almendras<\/strong><\/h2>   <div id=\"rank-math-faq\" class=\"rank-math-block\"> <div class=\"rank-math-list\"> <div id=\"faq-question-1765852686910\" class=\"rank-math-list-item\"> <h3 class=\"rank-math-question\">\u00bfCu\u00e1ntas almendras puede procesar esta l\u00ednea de producci\u00f3n por hora?<\/h3> <div class=\"rank-math-answer\">  <p>1000kg\/h.<\/p>  <\/div> <\/div> <div id=\"faq-question-1765853884166\" class=\"rank-math-list-item\"> <h3 class=\"rank-math-question\">\u00bfPuede la l\u00ednea de descascarado de almendras procesar almendras de diferentes tama\u00f1os?<\/h3> <div class=\"rank-math-answer\">  <p>La l\u00ednea de descascarado de almendras Taizy puede procesar almendras de diferentes tama\u00f1os.<\/p>  <\/div> <\/div> <div id=\"faq-question-1765854045584\" class=\"rank-math-list-item\"> <h3 class=\"rank-math-question\">\u00bfSe puede personalizar la l\u00ednea de producci\u00f3n seg\u00fan mis necesidades espec\u00edficas (como el tama\u00f1o del sitio)?<\/h3> <div class=\"rank-math-answer\">  <p>Servicios personalizados disponibles.<\/p>  <\/div> <\/div> <div id=\"faq-question-1765854209518\" class=\"rank-math-list-item\"> <h3 class=\"rank-math-question\">\u00bfTaizy proporciona servicios de instalaci\u00f3n y capacitaci\u00f3n operativa?<\/h3> <div class=\"rank-math-answer\">  <p>La instalaci\u00f3n en sitio requiere que el cliente cubra alojamiento y comidas; los videos y la orientaci\u00f3n en l\u00ednea son gratuitos.<\/p>  <\/div> <\/div> <div id=\"faq-question-1765855215502\" class=\"rank-math-list-item\"> <h3 class=\"rank-math-question\">\u00bfCu\u00e1nto tiempo de producci\u00f3n tiene esta l\u00ednea de procesamiento?<\/h3> <div class=\"rank-math-answer\">  <p>25-35 d\u00edas laborables.<\/p>  <\/div> <\/div> <\/div> <\/div>   <h2 class=\"wp-block-heading\"><strong>Casos de \u00e9xito de la l\u00ednea de descascarado de almendras Taizy<\/strong><\/h2>    <p>Recientemente, nuestra l\u00ednea de descascarado de almendras fue exportada con \u00e9xito a Uzbekist\u00e1n. El cliente inform\u00f3 que la l\u00ednea funciona de manera estable, el efecto de descascarado de almendras es ideal y el producto terminado tiene alta integridad. <\/p>    <p>Nuestra cliente tambi\u00e9n afirm\u00f3 que la l\u00ednea de descascarado de almendras satisface sus necesidades de procesamiento a largo plazo y proporciona un soporte confiable para la expansi\u00f3n futura del procesamiento de almendras.<\/p>    <figure class=\"wp-block-gallery has-nested-images columns-default is-cropped wp-block-gallery-4 is-layout-flex wp-block-gallery-is-layout-flex\"> <figure class=\"wp-block-image size-large\"><img loading=\"lazy\" decoding=\"async\" width=\"540\" height=\"720\" data-id=\"1156\" src=\"https:\/\/taizynut.com\/wp-content\/uploads\/2025\/12\/almond-processing-line-shipment.webp\" alt=\"almond processing line shipment\" class=\"wp-image-1156\" title=\"\" srcset=\"https:\/\/taizynut.com\/wp-content\/uploads\/2025\/12\/almond-processing-line-shipment.webp 540w, https:\/\/taizynut.com\/wp-content\/uploads\/2025\/12\/almond-processing-line-shipment-225x300.webp 225w, https:\/\/taizynut.com\/wp-content\/uploads\/2025\/12\/almond-processing-line-shipment-9x12.webp 9w\" sizes=\"auto, (max-width: 540px) 100vw, 540px\" \/><figcaption class=\"wp-element-caption\">Env\u00edo de la l\u00ednea de procesamiento de almendras<\/figcaption><\/figure>    <figure class=\"wp-block-image size-large\"><img loading=\"lazy\" decoding=\"async\" width=\"540\" height=\"720\" data-id=\"1158\" src=\"https:\/\/taizynut.com\/wp-content\/uploads\/2025\/12\/almond-shelling-production-line-shipment.webp\" alt=\"almond shelling production line shipment\" class=\"wp-image-1158\" title=\"\" srcset=\"https:\/\/taizynut.com\/wp-content\/uploads\/2025\/12\/almond-shelling-production-line-shipment.webp 540w, https:\/\/taizynut.com\/wp-content\/uploads\/2025\/12\/almond-shelling-production-line-shipment-225x300.webp 225w, https:\/\/taizynut.com\/wp-content\/uploads\/2025\/12\/almond-shelling-production-line-shipment-9x12.webp 9w\" sizes=\"auto, (max-width: 540px) 100vw, 540px\" \/><figcaption class=\"wp-element-caption\">Env\u00edo de la l\u00ednea de producci\u00f3n de descascarado de almendras<\/figcaption><\/figure>    <figure class=\"wp-block-image size-large\"><img loading=\"lazy\" decoding=\"async\" width=\"540\" height=\"720\" data-id=\"1157\" src=\"https:\/\/taizynut.com\/wp-content\/uploads\/2025\/12\/almond-shelling-line-shipment.webp\" alt=\"almond shelling line shipment\" class=\"wp-image-1157\" title=\"\" srcset=\"https:\/\/taizynut.com\/wp-content\/uploads\/2025\/12\/almond-shelling-line-shipment.webp 540w, https:\/\/taizynut.com\/wp-content\/uploads\/2025\/12\/almond-shelling-line-shipment-225x300.webp 225w, https:\/\/taizynut.com\/wp-content\/uploads\/2025\/12\/almond-shelling-line-shipment-9x12.webp 9w\" sizes=\"auto, (max-width: 540px) 100vw, 540px\" \/><figcaption class=\"wp-element-caption\">Env\u00edo de la l\u00ednea de descascarado de almendras<\/figcaption><\/figure> <\/figure>    <h2 class=\"wp-block-heading\"><strong>\u00a1Cont\u00e1ctenos de inmediato!<\/strong><\/h2>    <p>Si busca una l\u00ednea de producci\u00f3n de descascarado de almendras confiable para mejorar la eficiencia del procesamiento y la calidad del producto, no dude en contactarnos de inmediato. \u00a1Nuestro equipo le proporcionar\u00e1 soluciones profesionales!<\/p>","protected":false},"excerpt":{"rendered":"<p>Taizy almond shelling production linehas a capacity of 1000 kg\/h. It integrates almond grading, shelling, shell-kernel separation, and kernel grading functions. In addition to processing almonds, it can also process similar nuts such as hazelnuts, walnuts, and pecans.<\/p>","protected":false},"author":1,"featured_media":1161,"parent":0,"template":"","tags":[68,61],"product-type":[74,29],"class_list":["post-1149","product","type-product","status-publish","has-post-thumbnail","hentry","tag-almond","tag-nut","product-type-almond-processing","product-type-product-line"],"_links":{"self":[{"href":"https:\/\/taizynut.com\/es\/wp-json\/wp\/v2\/product\/1149","targetHints":{"allow":["GET"]}}],"collection":[{"href":"https:\/\/taizynut.com\/es\/wp-json\/wp\/v2\/product"}],"about":[{"href":"https:\/\/taizynut.com\/es\/wp-json\/wp\/v2\/types\/product"}],"author":[{"embeddable":true,"href":"https:\/\/taizynut.com\/es\/wp-json\/wp\/v2\/users\/1"}],"wp:featuredmedia":[{"embeddable":true,"href":"https:\/\/taizynut.com\/es\/wp-json\/wp\/v2\/media\/1161"}],"wp:attachment":[{"href":"https:\/\/taizynut.com\/es\/wp-json\/wp\/v2\/media?parent=1149"}],"wp:term":[{"taxonomy":"post_tag","embeddable":true,"href":"https:\/\/taizynut.com\/es\/wp-json\/wp\/v2\/tags?post=1149"},{"taxonomy":"product-type","embeddable":true,"href":"https:\/\/taizynut.com\/es\/wp-json\/wp\/v2\/product-type?post=1149"}],"curies":[{"name":"wp","href":"https:\/\/api.w.org\/{rel}","templated":true}]}}