{"id":1251,"date":"2026-01-16T14:21:49","date_gmt":"2026-01-16T06:21:49","guid":{"rendered":"https:\/\/taizynut.com\/?post_type=product&#038;p=1251"},"modified":"2026-01-27T16:34:42","modified_gmt":"2026-01-27T08:34:42","slug":"hydraulic-oil-press-machine","status":"publish","type":"product","link":"https:\/\/taizynut.com\/es\/product\/hydraulic-oil-press-machine\/","title":{"rendered":"Prensa de aceite hidr\u00e1ulico"},"content":{"rendered":"<p class=\"translation-block\">Taizy <strong>prensa de aceite hidr\u00e1ulica<\/strong> es un equipo de extracci\u00f3n de aceite utilizado para prensar diversos materiales oleaginosos. Esta prensa puede aplicarse de manera flexible tanto en procesos de prensado en caliente como en fr\u00edo, y es adecuada para cultivos oleaginosos comunes como s\u00e9samo, cacahuetes y germen de trigo, as\u00ed como para cultivos oleaginosos de alto valor como nueces, almendras, semillas de girasol y aceitunas.<\/p>    <p>Our oil extraction machine is easy to operate, highly efficient, and has a processing capacity of approximately 12-180 kg\/hour. Its oil yield varies depending on the material. For example, sesame seeds yield 43%-47% oil. If you&#8217;d like more information, feel free to contact us anytime!<\/p>    <figure class=\"wp-block-embed is-type-video is-provider-youtube wp-block-embed-youtube wp-embed-aspect-16-9 wp-has-aspect-ratio\"><div class=\"wp-block-embed__wrapper\"> <iframe loading=\"lazy\" title=\"Prensa hidr\u00e1ulica de aceite de venta r\u00e1pida para cacahuetes, semillas de s\u00e9samo, soja, nueces.\" width=\"500\" height=\"281\" src=\"https:\/\/www.youtube.com\/embed\/tWoxfeqRpSY?feature=oembed\" frameborder=\"0\" allow=\"accelerometer; autoplay; clipboard-write; encrypted-media; gyroscope; picture-in-picture; web-share\" referrerpolicy=\"strict-origin-when-cross-origin\" allowfullscreen><\/iframe> <\/div><figcaption class=\"wp-element-caption\">video de trabajo de la m\u00e1quina de extracci\u00f3n de aceite hidr\u00e1ulico<\/figcaption><\/figure>    <h2 class=\"wp-block-heading\"><strong>Caracter\u00edsticas de la m\u00e1quina de prensado hidr\u00e1ulico de aceite<\/strong><\/h2>    <ol class=\"wp-block-list\"> <li><strong>Soporta prensado en caliente y en fr\u00edo, amplia gama de aplicaciones<\/strong> <ul class=\"wp-block-list\"> <li>Nuestra m\u00e1quina de extracci\u00f3n de aceite puede utilizar procesos de prensado en caliente o en fr\u00edo, dependiendo de las caracter\u00edsticas de las materias primas. Son adecuadas para diversos materiales como semillas de s\u00e9samo, cacahuetes, nueces, pi\u00f1ones y m\u00e1s.<\/li> <\/ul> <\/li>    <li><strong>Alto rendimiento de aceite y buen rendimiento de la torta de aceite<\/strong> <ul class=\"wp-block-list\"> <li>Bajo condiciones de alta presi\u00f3n estable, el aceite se extrae completamente. Por ejemplo, el rendimiento de aceite para semillas de s\u00e9samo puede alcanzar entre 43% y 47%. La torta de aceite prensada est\u00e1 bien formada y tiene bajo contenido residual de aceite.<\/li> <\/ul> <\/li>    <li><strong>Operaci\u00f3n sencilla y alto grado de automatizaci\u00f3n<\/strong> <ul class=\"wp-block-list\"> <li>La m\u00e1quina de prensado de aceite hidr\u00e1ulico Taizy presenta un dise\u00f1o integrado electromec\u00e1nico, simplificando la operaci\u00f3n. En circunstancias normales, una persona puede operar la m\u00e1quina y gestionar varias unidades simult\u00e1neamente, reduciendo la dependencia del trabajo manual.<\/li> <\/ul> <\/li>    <li><strong>Varios modelos disponibles para diferentes necesidades de producci\u00f3n<\/strong> <ul class=\"wp-block-list\"> <li>Ofrecemos varios modelos de m\u00e1quinas de expeller hidr\u00e1ulico con capacidades de procesamiento que van desde 12 a 180 kg\/h, adecuados para diferentes escalas de producci\u00f3n.<\/li> <\/ul> <\/li> <\/ol>    <figure class=\"wp-block-gallery has-nested-images columns-default is-cropped wp-block-gallery-2 is-layout-flex wp-block-gallery-is-layout-flex\"> <figure class=\"wp-block-image size-large\"><img loading=\"lazy\" decoding=\"async\" width=\"720\" height=\"540\" data-id=\"1255\" src=\"https:\/\/taizynut.com\/wp-content\/uploads\/2026\/01\/hydraulic-oil-press-machine.webp\" alt=\"La m\u00e1quina de prensado de aceite hidr\u00e1ulico Taizy es adecuada para diversas semillas oleaginosas como cacahuetes, semillas de s\u00e9samo, semillas de girasol y aceitunas, con una capacidad de 12-180kg\/h.\" class=\"wp-image-1255\" title=\"\" srcset=\"https:\/\/taizynut.com\/wp-content\/uploads\/2026\/01\/hydraulic-oil-press-machine.webp 720w, https:\/\/taizynut.com\/wp-content\/uploads\/2026\/01\/hydraulic-oil-press-machine-300x225.webp 300w, https:\/\/taizynut.com\/wp-content\/uploads\/2026\/01\/hydraulic-oil-press-machine-16x12.webp 16w\" sizes=\"auto, (max-width: 720px) 100vw, 720px\" \/><figcaption class=\"wp-element-caption\">M\u00e1quina de prensado de aceite hidr\u00e1ulico<\/figcaption><\/figure>    <figure class=\"wp-block-image size-large\"><img loading=\"lazy\" decoding=\"async\" width=\"720\" height=\"540\" data-id=\"1253\" src=\"https:\/\/taizynut.com\/wp-content\/uploads\/2026\/01\/hydraulic-oil-pressing-machine.webp\" alt=\"Paquete de m\u00e1quina de prensado de aceite hidr\u00e1ulico\" class=\"wp-image-1253\" title=\"\" srcset=\"https:\/\/taizynut.com\/wp-content\/uploads\/2026\/01\/hydraulic-oil-pressing-machine.webp 720w, https:\/\/taizynut.com\/wp-content\/uploads\/2026\/01\/hydraulic-oil-pressing-machine-300x225.webp 300w, https:\/\/taizynut.com\/wp-content\/uploads\/2026\/01\/hydraulic-oil-pressing-machine-16x12.webp 16w\" sizes=\"auto, (max-width: 720px) 100vw, 720px\" \/><figcaption class=\"wp-element-caption\">M\u00e1quina de prensado de aceite hidr\u00e1ulico<\/figcaption><\/figure> <\/figure>    <h2 class=\"wp-block-heading\"><strong>Aplicaciones del expeller hidr\u00e1ulico de aceite<\/strong><\/h2>    <p>Nuestra m\u00e1quina de prensado de aceite hidr\u00e1ulico es altamente adaptable y puede usarse para prensar diversas materias primas, empleando m\u00e9todos de prensado correspondientes para diferentes materiales.<\/p>    <ul class=\"wp-block-list\"> <li>Materiales prensados en caliente: cacahuetes, semillas de s\u00e9samo, semillas de lino, germen de trigo, germen de ma\u00edz, etc.<\/li>    <li>Materiales prensados en fr\u00edo: aceitunas, pi\u00f1ones, nueces, semillas de girasol, almendras, semillas de camelia, etc.<\/li>    <li>Especias y materiales medicinales tradicionales: pimienta de Sichuan, semillas de mostaza, semillas de perilla, etc.<\/li> <\/ul>   <div class=\"wp-block-image\"> <figure class=\"aligncenter size-full\"><img loading=\"lazy\" decoding=\"async\" width=\"720\" height=\"540\" src=\"https:\/\/taizynut.com\/wp-content\/uploads\/2026\/01\/application-of-oil-extraction-machine.webp\" alt=\"Aplicaci\u00f3n de la m\u00e1quina de extracci\u00f3n de aceite\" class=\"wp-image-1254\" title=\"\" srcset=\"https:\/\/taizynut.com\/wp-content\/uploads\/2026\/01\/application-of-oil-extraction-machine.webp 720w, https:\/\/taizynut.com\/wp-content\/uploads\/2026\/01\/application-of-oil-extraction-machine-300x225.webp 300w, https:\/\/taizynut.com\/wp-content\/uploads\/2026\/01\/application-of-oil-extraction-machine-16x12.webp 16w\" sizes=\"auto, (max-width: 720px) 100vw, 720px\" \/><figcaption class=\"wp-element-caption\">Aplicaci\u00f3n de la m\u00e1quina de extracci\u00f3n de aceite<\/figcaption><\/figure> <\/div>   <h2 class=\"wp-block-heading\"> <strong>\u00bfC\u00f3mo funciona la m\u00e1quina de prensado hidr\u00e1ulico de aceite?<\/strong><\/h2>    <p>Nuestra m\u00e1quina de prensado de aceite hidr\u00e1ulico utiliza un m\u00e9todo de prensado puramente f\u00edsico, comprimiendo uniformemente las semillas oleaginosas bajo alta presi\u00f3n, permitiendo que el aceite se filtre naturalmente y se recoja.<\/p>    <p> En modo de prensado en fr\u00edo, el proceso de prensado genera casi ning\u00fan calor adicional, preservando los nutrientes de las semillas oleaginosas; en modo de prensado en caliente, el control preciso de la temperatura mejora a\u00fan m\u00e1s la eficiencia de extracci\u00f3n de aceite para algunas semillas.<\/p>    <figure class=\"wp-block-gallery has-nested-images columns-default is-cropped wp-block-gallery-3 is-layout-flex wp-block-gallery-is-layout-flex\"> <figure class=\"wp-block-image size-large\"><img loading=\"lazy\" decoding=\"async\" width=\"540\" height=\"720\" data-id=\"1256\" src=\"https:\/\/taizynut.com\/wp-content\/uploads\/2026\/01\/hydraulic-oil-extraction-machine.webp\" alt=\"hydraulic oil extraction machine\" class=\"wp-image-1256\" title=\"\" srcset=\"https:\/\/taizynut.com\/wp-content\/uploads\/2026\/01\/hydraulic-oil-extraction-machine.webp 540w, https:\/\/taizynut.com\/wp-content\/uploads\/2026\/01\/hydraulic-oil-extraction-machine-225x300.webp 225w, https:\/\/taizynut.com\/wp-content\/uploads\/2026\/01\/hydraulic-oil-extraction-machine-9x12.webp 9w\" sizes=\"auto, (max-width: 540px) 100vw, 540px\" \/><figcaption class=\"wp-element-caption\">M\u00e1quina de extracci\u00f3n de aceite hidr\u00e1ulico<\/figcaption><\/figure>    <figure class=\"wp-block-image size-large\"><img loading=\"lazy\" decoding=\"async\" width=\"540\" height=\"720\" data-id=\"1257\" src=\"https:\/\/taizynut.com\/wp-content\/uploads\/2026\/01\/hydraulic-peanut-oil-pressing-machine.webp\" alt=\"hydraulic peanut oil pressing machine\" class=\"wp-image-1257\" title=\"\" srcset=\"https:\/\/taizynut.com\/wp-content\/uploads\/2026\/01\/hydraulic-peanut-oil-pressing-machine.webp 540w, https:\/\/taizynut.com\/wp-content\/uploads\/2026\/01\/hydraulic-peanut-oil-pressing-machine-225x300.webp 225w, https:\/\/taizynut.com\/wp-content\/uploads\/2026\/01\/hydraulic-peanut-oil-pressing-machine-9x12.webp 9w\" sizes=\"auto, (max-width: 540px) 100vw, 540px\" \/><figcaption class=\"wp-element-caption\">Prensa hidr\u00e1ulica de aceite de cacahuete<\/figcaption><\/figure>    <figure class=\"wp-block-image size-large\"><img loading=\"lazy\" decoding=\"async\" width=\"540\" height=\"720\" data-id=\"1258\" src=\"https:\/\/taizynut.com\/wp-content\/uploads\/2026\/01\/hydraulic-groundnut-oil-extractor-machine.webp\" alt=\"hydraulic groundnut oil extractor machine\" class=\"wp-image-1258\" title=\"\" srcset=\"https:\/\/taizynut.com\/wp-content\/uploads\/2026\/01\/hydraulic-groundnut-oil-extractor-machine.webp 540w, https:\/\/taizynut.com\/wp-content\/uploads\/2026\/01\/hydraulic-groundnut-oil-extractor-machine-225x300.webp 225w, https:\/\/taizynut.com\/wp-content\/uploads\/2026\/01\/hydraulic-groundnut-oil-extractor-machine-9x12.webp 9w\" sizes=\"auto, (max-width: 540px) 100vw, 540px\" \/><figcaption class=\"wp-element-caption\">M\u00e1quina extractora de aceite de man\u00ed hidr\u00e1ulico<\/figcaption><\/figure> <\/figure>    <h2 class=\"wp-block-heading\"><strong>Modelos y especificaciones de extractor de aceite hidr\u00e1ulico<\/strong><\/h2>    <p>Ofrecemos varios modelos de m\u00e1quinas de prensado de aceite hidr\u00e1ulico con capacidades de producci\u00f3n de hasta 180 kg\/h. Las especificaciones detalladas son las siguientes:<\/p>    <figure class=\"wp-block-table\"><table><tbody><tr><td>Modelo<\/td><td>TZ-150<\/td><td>TZ-180<\/td><td>TZ-230<\/td><td>TZ-260<\/td><td>TZ-320<\/td><td>TZ-360<\/td><td>TZ-415<\/td><td>TZ-460<\/td><\/tr><tr><td>Tama\u00f1o de embalaje (mm)<\/td><td>700*800*780<\/td><td>800*900*1050<\/td><td>900*1000*1400<\/td><td>1050*1100*1550<\/td><td>1120*1200*1650<\/td><td>1200*1200*1680<\/td><td>1250*1250*1700<\/td><td>1500*1500*2150<\/td><\/tr><tr><td>Peso (kg)<\/td><td>240 kilos<\/td><td>550 kilos<\/td><td>950Kg<\/td><td>1200Kg<\/td><td>1700Kg<\/td><td>2000kg<\/td><td>2200kg<\/td><td>3000kg<\/td><\/tr><tr><td>Presi\u00f3n de trabajo (Mpa)<\/td><td>55-60<\/td><td>55-60<\/td><td>55-60<\/td><td>55-60<\/td><td>55-60<\/td><td>55-60<\/td><td>55-60<\/td><td>55-60<\/td><\/tr><tr><td>Temperatura de calefacci\u00f3n (\u2103)<\/td><td>70-90<\/td><td>70-90<\/td><td>70-90<\/td><td>70-90<\/td><td>70-90<\/td><td>70-90<\/td><td>70-90<\/td><td>70-90<\/td><\/tr><tr><td>Rendimiento de aceite de s\u00e9samo<\/td><td>43%-47%<\/td><td>43%-47%<\/td><td>43%-47%<\/td><td>43%-47%<\/td><td>43%-47%<\/td><td>43%-47%<\/td><td>43%-47%<\/td><td>43%-47%<\/td><\/tr><tr><td>Capacidad del barril (kg)<\/td><td>2<\/td><td>4<\/td><td>8<\/td><td>12<\/td><td>17.5<\/td><td>22.5<\/td><td>30<\/td><td>45<\/td><\/tr><tr><td>Di\u00e1metro de la torta de aceite (mm)<\/td><td>155<\/td><td>192<\/td><td>242<\/td><td>268<\/td><td>323<\/td><td>370<\/td><td>415<\/td><td>460<\/td><\/tr><tr><td>Capacidad (kg\/h)<\/td><td>12<\/td><td>20<\/td><td>40<\/td><td>60<\/td><td>70<\/td><td>90<\/td><td>120<\/td><td>180<\/td><\/tr><tr><td>Potencia del motor (kilovatios)<\/td><td>0.75<\/td><td>1.5<\/td><td>1.5<\/td><td>1.5<\/td><td>2.2<\/td><td>2.2<\/td><td>2.2<\/td><td>3<\/td><\/tr><\/tbody><\/table><figcaption class=\"wp-element-caption\">par\u00e1metros de la m\u00e1quina de prensado hidr\u00e1ulico de aceite<\/figcaption><\/figure>    <p>El rendimiento de aceite var\u00eda seg\u00fan el tipo de material. A continuaci\u00f3n, se muestran los rendimientos t\u00edpicos para materiales comunes:<\/p>    <figure class=\"wp-block-table\"><table><tbody><tr><td>Modelo<\/td><td>TZ-150<\/td><td>TZ-180<\/td><td>TZ-230<\/td><td>TZ-260<\/td><td>TZ-320<\/td><td>TZ-360<\/td><td>TZ-415<\/td><td>TZ-460<\/td><\/tr><tr><td>Rendimiento de aceite (s\u00e9samo)<\/td><td>43%-47%<\/td><td>43%-47%<\/td><td>43%-47%<\/td><td>43%-47%<\/td><td>43%-47%<\/td><td>43%-47%<\/td><td>43%-47%<\/td><td>43%-47%<\/td><\/tr><tr><td>Rendimiento de aceite (n\u00facleos de nuez)<\/td><td>50%-60%<\/td><td>50%-60%<\/td><td>50%-60%<\/td><td>50%-60%<\/td><td>50%-60%<\/td><td>50%-60%<\/td><td>50%-60%<\/td><td>50%-60%<\/td><\/tr><tr><td>Rendimiento de aceite (semillas de pimienta de Sichuan)<\/td><td>18%-22%<\/td><td>18%-22%<\/td><td>18%-22%<\/td><td>18%-22%<\/td><td>18%-22%<\/td><td>18%-22%<\/td><td>18%-22%<\/td><td>18%-22%<\/td><\/tr><tr><td>Rendimiento de aceite (semillas de t\u00e9)<\/td><td>25%-29%<\/td><td>18%-22%<\/td><td>18%-22%<\/td><td>18%-22%<\/td><td>18%-22%<\/td><td>18%-22%<\/td><td>18%-22%<\/td><td>18%-22%<\/td><\/tr><\/tbody><\/table><figcaption class=\"wp-element-caption\">rendimiento de aceite para materiales comunes<\/figcaption><\/figure>    <h2 class=\"wp-block-heading\"><strong>Preguntas frecuentes sobre la m\u00e1quina de prensado hidr\u00e1ulico de aceite<\/strong><\/h2>   <div id=\"rank-math-faq\" class=\"rank-math-block\"> <div class=\"rank-math-list\"> <div id=\"faq-question-1768532084834\" class=\"rank-math-list-item\"> <h3 class=\"rank-math-question\">\u00bfPara qu\u00e9 tipos de materiales es principalmente adecuada?<\/h3> <div class=\"rank-math-answer\">  <p>Semillas de s\u00e9samo, cacahuetes, germen de trigo, nueces, semillas de girasol, aceitunas, etc.<\/p>  <\/div> <\/div> <div id=\"faq-question-1768532128504\" class=\"rank-math-list-item\"> <h3 class=\"rank-math-question\">\u00bfSe puede prensar en fr\u00edo?<\/h3> <div class=\"rank-math-answer\">  <p>S\u00ed. La expeller de aceite hidr\u00e1ulico soporta m\u00e9todos de prensado en fr\u00edo y en caliente.<\/p>  <\/div> <\/div> <div id=\"faq-question-1768532213774\" class=\"rank-math-list-item\"> <h3 class=\"rank-math-question\">\u00bfCu\u00e1ntas personas se necesitan para operar esta m\u00e1quina?<\/h3> <div class=\"rank-math-answer\">  <p>El equipo es altamente automatizado y puede ser operado por una sola persona.<\/p>  <\/div> <\/div> <div id=\"faq-question-1768532262867\" class=\"rank-math-list-item\"> <h3 class=\"rank-math-question\">\u00bfCu\u00e1l es el rendimiento de aceite de la m\u00e1quina de prensado hidr\u00e1ulico de aceite?<\/h3> <div class=\"rank-math-answer\">  <p>El rendimiento de aceite de las semillas de s\u00e9samo es del 43% al 47%, dependiendo del material.<\/p>  <\/div> <\/div> <div id=\"faq-question-1768532393213\" class=\"rank-math-list-item\"> <h3 class=\"rank-math-question\">\u00bfCu\u00e1nto tiempo tarda desde cargar los ingredientes hasta obtener el producto terminado?<\/h3> <div class=\"rank-math-answer\">  <p>Cada ciclo de prensado dura aproximadamente 8-12 minutos.<\/p>  <\/div> <\/div> <\/div> <\/div>   <h2 class=\"wp-block-heading\"><strong>\u00bfPor qu\u00e9 elegir Taizy como su proveedor?<\/strong><\/h2>    <ul class=\"wp-block-list\"> <li>Nuestra m\u00e1quina de prensado de aceite hidr\u00e1ulico ofrece un rendimiento estable, un dise\u00f1o maduro y una larga vida \u00fatil, lo que la hace adecuada para uso a largo plazo.<\/li>    <li>Adem\u00e1s de la m\u00e1quina extractor de aceite hidr\u00e1ulico, la empresa Taize tambi\u00e9n proporciona el <a href=\"https:\/\/taizynut.com\/es\/product\/screw-peanut-oil-press-machine\/\">M\u00e1quina de prensado de aceite de tornillo<\/a> para satisfacer diferentes requisitos de materia prima y capacidad de producci\u00f3n.<\/li>    <li>La m\u00e1quina expeller de aceite Taizy ha sido exportada a muchos pa\u00edses y regiones, y estamos familiarizados con los requisitos de voltaje, embalaje y documentaci\u00f3n t\u00e9cnica de diferentes mercados.<\/li>    <li>We can provide targeted model recommendations and configuration adjustments based on the customer&#8217;s processing materials and site conditions, and offer operational guidance and after-sales support to help customers successfully start production.<\/li> <\/ul>   <div class=\"wp-block-image\"> <figure class=\"aligncenter size-full\"><img loading=\"lazy\" decoding=\"async\" width=\"720\" height=\"540\" src=\"https:\/\/taizynut.com\/wp-content\/uploads\/2026\/01\/oil-expeller-machine.webp\" alt=\"m\u00e1quina de expeller de aceite\" class=\"wp-image-1263\" title=\"\" srcset=\"https:\/\/taizynut.com\/wp-content\/uploads\/2026\/01\/oil-expeller-machine.webp 720w, https:\/\/taizynut.com\/wp-content\/uploads\/2026\/01\/oil-expeller-machine-300x225.webp 300w, https:\/\/taizynut.com\/wp-content\/uploads\/2026\/01\/oil-expeller-machine-16x12.webp 16w\" sizes=\"auto, (max-width: 720px) 100vw, 720px\" \/><figcaption class=\"wp-element-caption\">m\u00e1quina de expeller de aceite<\/figcaption><\/figure> <\/div>   <h2 class=\"wp-block-heading\"><strong>Caso de exportaci\u00f3n de la extractora de aceite hidr\u00e1ulico Taizy<\/strong><\/h2>    <p class=\"translation-block\"><strong>Prensa hidr\u00e1ulica de aceite TZ-415 exportada a Om\u00e1n<\/strong><\/p>    <p>Nuestra m\u00e1quina de extracci\u00f3n de aceite hidr\u00e1ulico fue exportada recientemente con \u00e9xito a Om\u00e1n. El cliente es un peque\u00f1o molino de aceite dedicado al procesamiento de aceite de s\u00e9samo. La m\u00e1quina de prensado de aceite est\u00e1 en funcionamiento actualmente.<\/p>    <p>El cliente inform\u00f3 que, en comparaci\u00f3n con su equipo anterior, el extractor hidr\u00e1ulico de aceite muestra mejoras significativas en el rendimiento del aceite, facilidad de operaci\u00f3n y calidad del aceite terminado.<\/p>    <figure class=\"wp-block-gallery has-nested-images columns-default is-cropped wp-block-gallery-4 is-layout-flex wp-block-gallery-is-layout-flex\"> <figure class=\"wp-block-image size-large\"><img loading=\"lazy\" decoding=\"async\" width=\"540\" height=\"720\" data-id=\"1260\" src=\"https:\/\/taizynut.com\/wp-content\/uploads\/2026\/01\/hydraulic-oil-extractor.webp\" alt=\"hydraulic oil extractor\" class=\"wp-image-1260\" title=\"\" srcset=\"https:\/\/taizynut.com\/wp-content\/uploads\/2026\/01\/hydraulic-oil-extractor.webp 540w, https:\/\/taizynut.com\/wp-content\/uploads\/2026\/01\/hydraulic-oil-extractor-225x300.webp 225w, https:\/\/taizynut.com\/wp-content\/uploads\/2026\/01\/hydraulic-oil-extractor-9x12.webp 9w\" sizes=\"auto, (max-width: 540px) 100vw, 540px\" \/><figcaption class=\"wp-element-caption\">Extractor de aceite hidr\u00e1ulico<\/figcaption><\/figure>    <figure class=\"wp-block-image size-large\"><img loading=\"lazy\" decoding=\"async\" width=\"540\" height=\"720\" data-id=\"1259\" src=\"https:\/\/taizynut.com\/wp-content\/uploads\/2026\/01\/hydraulic-oil-extractor-machine.webp\" alt=\"hydraulic oil extractor machine\" class=\"wp-image-1259\" title=\"\" srcset=\"https:\/\/taizynut.com\/wp-content\/uploads\/2026\/01\/hydraulic-oil-extractor-machine.webp 540w, https:\/\/taizynut.com\/wp-content\/uploads\/2026\/01\/hydraulic-oil-extractor-machine-225x300.webp 225w, https:\/\/taizynut.com\/wp-content\/uploads\/2026\/01\/hydraulic-oil-extractor-machine-9x12.webp 9w\" sizes=\"auto, (max-width: 540px) 100vw, 540px\" \/><figcaption class=\"wp-element-caption\">M\u00e1quina extractora de aceite hidr\u00e1ulico<\/figcaption><\/figure>    <figure class=\"wp-block-image size-large\"><img loading=\"lazy\" decoding=\"async\" width=\"540\" height=\"720\" data-id=\"1261\" src=\"https:\/\/taizynut.com\/wp-content\/uploads\/2026\/01\/hydraulic-oil-press-machine-package.webp\" alt=\"hydraulic oil press machine package\" class=\"wp-image-1261\" title=\"\" srcset=\"https:\/\/taizynut.com\/wp-content\/uploads\/2026\/01\/hydraulic-oil-press-machine-package.webp 540w, https:\/\/taizynut.com\/wp-content\/uploads\/2026\/01\/hydraulic-oil-press-machine-package-225x300.webp 225w, https:\/\/taizynut.com\/wp-content\/uploads\/2026\/01\/hydraulic-oil-press-machine-package-9x12.webp 9w\" sizes=\"auto, (max-width: 540px) 100vw, 540px\" \/><figcaption class=\"wp-element-caption\">Paquete de m\u00e1quina de prensado de aceite hidr\u00e1ulico<\/figcaption><\/figure> <\/figure>    <h2 class=\"wp-block-heading\"><strong>\u00a1Cont\u00e1ctenos de inmediato!<\/strong><\/h2>    <p>Si planea construir o mejorar un proyecto de extracci\u00f3n de aceite, no dude en contactarnos. Recomendaremos modelos de equipos adecuados, proporcionaremos especificaciones detalladas, precios y soluciones de exportaci\u00f3n para ayudarle a realizar el procesamiento y producci\u00f3n de aceite de manera m\u00e1s eficiente.<\/p>","protected":false},"excerpt":{"rendered":"<p>This article introduces the hydraulic oil press machine, including its functions, output, and applications. Taizy hydraulic oil presses have an output of 12-180 kg\/h. It is suitable for various oilseeds such as peanuts, sesame seeds, soybeans, sunflower seeds, and olives.<\/p>","protected":false},"author":1,"featured_media":1264,"parent":0,"template":"","tags":[61,45],"product-type":[16],"class_list":["post-1251","product","type-product","status-publish","has-post-thumbnail","hentry","tag-nut","tag-peanut","product-type-peanut-oil-press"],"_links":{"self":[{"href":"https:\/\/taizynut.com\/es\/wp-json\/wp\/v2\/product\/1251","targetHints":{"allow":["GET"]}}],"collection":[{"href":"https:\/\/taizynut.com\/es\/wp-json\/wp\/v2\/product"}],"about":[{"href":"https:\/\/taizynut.com\/es\/wp-json\/wp\/v2\/types\/product"}],"author":[{"embeddable":true,"href":"https:\/\/taizynut.com\/es\/wp-json\/wp\/v2\/users\/1"}],"wp:featuredmedia":[{"embeddable":true,"href":"https:\/\/taizynut.com\/es\/wp-json\/wp\/v2\/media\/1264"}],"wp:attachment":[{"href":"https:\/\/taizynut.com\/es\/wp-json\/wp\/v2\/media?parent=1251"}],"wp:term":[{"taxonomy":"post_tag","embeddable":true,"href":"https:\/\/taizynut.com\/es\/wp-json\/wp\/v2\/tags?post=1251"},{"taxonomy":"product-type","embeddable":true,"href":"https:\/\/taizynut.com\/es\/wp-json\/wp\/v2\/product-type?post=1251"}],"curies":[{"name":"wp","href":"https:\/\/api.w.org\/{rel}","templated":true}]}}