{"id":1273,"date":"2026-01-19T14:23:03","date_gmt":"2026-01-19T06:23:03","guid":{"rendered":"https:\/\/taizynut.com\/?post_type=product&#038;p=1273"},"modified":"2026-01-19T16:23:46","modified_gmt":"2026-01-19T08:23:46","slug":"peanut-strip-cutting-machine","status":"publish","type":"product","link":"https:\/\/taizynut.com\/es\/product\/peanut-strip-cutting-machine\/","title":{"rendered":"M\u00e1quina cortadora de tiras de cacahuete"},"content":{"rendered":"<p class=\"translation-block\">Taizy <strong> m\u00e1quina de corte de tiras de cacahuete <\/strong> es un equipo de procesamiento especializado para hacer tiras de cacahuete. Puede cortar cacahuetes, pistachos, almendras, avellanas y otros frutos secos en tiras. Nuestra m\u00e1quina de corte de cacahuetes tiene una estructura razonable y operaci\u00f3n estable, y su eficiencia de corte puede alcanzar 100 kg\/h. Si necesita esta m\u00e1quina, \u00a1no dude en contactarnos!<\/p>    <figure class=\"wp-block-embed is-type-video is-provider-youtube wp-block-embed-youtube wp-embed-aspect-16-9 wp-has-aspect-ratio\"><div class=\"wp-block-embed__wrapper\"> <iframe loading=\"lazy\" title=\"M\u00e1quina de corte de tiras de cacahuete de alta eficiencia | Proceso de trabajo de la m\u00e1quina cortadora de man\u00ed#cacahuete\" width=\"500\" height=\"281\" src=\"https:\/\/www.youtube.com\/embed\/APCo48IVOkU?feature=oembed\" frameborder=\"0\" allow=\"accelerometer; autoplay; clipboard-write; encrypted-media; gyroscope; picture-in-picture; web-share\" referrerpolicy=\"strict-origin-when-cross-origin\" allowfullscreen><\/iframe> <\/div><figcaption class=\"wp-element-caption\">video de trabajo de la m\u00e1quina cortadora de tiras de cacahuete<\/figcaption><\/figure>    <h2 class=\"wp-block-heading\"><strong>Ventajas de la m\u00e1quina de corte de cacahuetes<\/strong><\/h2>    <p>La m\u00e1quina de corte de tiras de cacahuete Taizy ofrece ventajas pr\u00e1cticas significativas en el procesamiento de tiras de frutos secos, cumpliendo con los requisitos de eficiencia, estabilidad y consistencia del producto en las empresas de procesamiento de alimentos:<\/p>    <ul class=\"wp-block-list\"> <li><strong>Corte uniforme y alta consistencia del producto<\/strong> <ul class=\"wp-block-list\"> <li>A trav\u00e9s de una alimentaci\u00f3n ordenada y una estructura de corte estable, las tiras cortadas son relativamente uniformes en tama\u00f1o, lo cual es beneficioso para los procesos posteriores de horneado, sazonado y envasado.<\/li> <\/ul> <\/li>    <li><strong>Bajo \u00edndice de rotura y alta utilizaci\u00f3n de materia prima<\/strong> <ul class=\"wp-block-list\"> <li>El m\u00e9todo de alimentaci\u00f3n razonable y la estructura de la cuchilla reducen la trituraci\u00f3n y rotura, ayudando a mejorar el rendimiento y reducir la p\u00e9rdida de materia prima.<\/li> <\/ul> <\/li>    <li><strong>Adaptable a varias materias primas de nueces<\/strong> <ul class=\"wp-block-list\"> <li>Nuestra m\u00e1quina cortadora de cacahuetes no solo es adecuada para cacahuetes, sino que tambi\u00e9n puede procesar varias materias primas de nueces con formas y durezas similares, ofreciendo aplicaciones flexibles.<\/li> <\/ul> <\/li>    <li><strong>Operaci\u00f3n estable, adecuada para producci\u00f3n continua<\/strong> <ul class=\"wp-block-list\"> <li>La m\u00e1quina de corte de cacahuetes tiene una estructura madura, y los mecanismos de alimentaci\u00f3n y corte funcionan de manera fluida, lo que la hace adecuada para operaciones continuas a largo plazo.<\/li> <\/ul> <\/li>    <li><strong>Operaci\u00f3n y mantenimiento relativamente sencillos<\/strong> <ul class=\"wp-block-list\"> <li>La m\u00e1quina cortadora de cacahuetes Taizy tiene una estructura clara, lo que facilita la limpieza y el mantenimiento diarios, reduciendo as\u00ed los costos operativos y de gesti\u00f3n.<\/li> <\/ul> <\/li> <\/ul>   <div class=\"wp-block-image\"> <figure class=\"aligncenter size-full\"><img loading=\"lazy\" decoding=\"async\" width=\"720\" height=\"540\" src=\"https:\/\/taizynut.com\/wp-content\/uploads\/2026\/01\/peanut-cutter-machine.webp\" alt=\"m\u00e1quina cortadora de cacahuetes\" class=\"wp-image-1277\" title=\"\" srcset=\"https:\/\/taizynut.com\/wp-content\/uploads\/2026\/01\/peanut-cutter-machine.webp 720w, https:\/\/taizynut.com\/wp-content\/uploads\/2026\/01\/peanut-cutter-machine-300x225.webp 300w, https:\/\/taizynut.com\/wp-content\/uploads\/2026\/01\/peanut-cutter-machine-16x12.webp 16w\" sizes=\"auto, (max-width: 720px) 100vw, 720px\" \/><figcaption class=\"wp-element-caption\">m\u00e1quina cortadora de cacahuetes<\/figcaption><\/figure> <\/div>   <h2 class=\"wp-block-heading\"><strong>Aplicaci\u00f3n de la m\u00e1quina de corte de tiras de cacahuete<\/strong><\/h2>    <p>La m\u00e1quina cortadora de cacahuetes se utiliza principalmente para cortar y preprocesar materias primas a base de frutos secos. Es adecuada no solo para el procesamiento de cacahuetes, sino tambi\u00e9n para almendras, anacardos, avellanas y otros frutos secos. Sus industrias aplicables incluyen:<\/p>    <ul class=\"wp-block-list\"> <li>Industria de procesamiento de frutos secos<\/li>    <li>F\u00e1bricas de alimentos y frutos secos<\/li>    <li>Preprocesamiento de materias primas para la industria de la panader\u00eda<\/li>    <li>Procesamiento de ingredientes para confiter\u00eda, chocolates y alimentos energ\u00e9ticos<\/li>    <li>F\u00e1bricas de ingredientes alimentarios y cocinas centrales<\/li> <\/ul>    <figure class=\"wp-block-gallery has-nested-images columns-default is-cropped wp-block-gallery-2 is-layout-flex wp-block-gallery-is-layout-flex\"> <figure class=\"wp-block-image size-large\"><img loading=\"lazy\" decoding=\"async\" width=\"474\" height=\"355\" data-id=\"1280\" src=\"https:\/\/taizynut.com\/wp-content\/uploads\/2026\/01\/peanut-kernel.webp\" alt=\"grano de man\u00ed\" class=\"wp-image-1280\" title=\"\" srcset=\"https:\/\/taizynut.com\/wp-content\/uploads\/2026\/01\/peanut-kernel.webp 474w, https:\/\/taizynut.com\/wp-content\/uploads\/2026\/01\/peanut-kernel-300x225.webp 300w, https:\/\/taizynut.com\/wp-content\/uploads\/2026\/01\/peanut-kernel-16x12.webp 16w\" sizes=\"auto, (max-width: 474px) 100vw, 474px\" \/><figcaption class=\"wp-element-caption\">Grano de man\u00ed<\/figcaption><\/figure>    <figure class=\"wp-block-image size-large\"><img loading=\"lazy\" decoding=\"async\" width=\"720\" height=\"540\" data-id=\"1278\" src=\"https:\/\/taizynut.com\/wp-content\/uploads\/2026\/01\/peanut-strip-cutting-machine.webp\" alt=\"m\u00e1quina cortadora de tiras de cacahuete\" class=\"wp-image-1278\" title=\"\" srcset=\"https:\/\/taizynut.com\/wp-content\/uploads\/2026\/01\/peanut-strip-cutting-machine.webp 720w, https:\/\/taizynut.com\/wp-content\/uploads\/2026\/01\/peanut-strip-cutting-machine-300x225.webp 300w, https:\/\/taizynut.com\/wp-content\/uploads\/2026\/01\/peanut-strip-cutting-machine-16x12.webp 16w\" sizes=\"auto, (max-width: 720px) 100vw, 720px\" \/><figcaption class=\"wp-element-caption\">M\u00e1quina de corte de tiras de cacahuete<\/figcaption><\/figure>    <figure class=\"wp-block-image size-large\"><img loading=\"lazy\" decoding=\"async\" width=\"720\" height=\"540\" data-id=\"1279\" src=\"https:\/\/taizynut.com\/wp-content\/uploads\/2026\/01\/peanut-strips.webp\" alt=\"tirillas de cacahuete\" class=\"wp-image-1279\" title=\"\" srcset=\"https:\/\/taizynut.com\/wp-content\/uploads\/2026\/01\/peanut-strips.webp 720w, https:\/\/taizynut.com\/wp-content\/uploads\/2026\/01\/peanut-strips-300x225.webp 300w, https:\/\/taizynut.com\/wp-content\/uploads\/2026\/01\/peanut-strips-16x12.webp 16w\" sizes=\"auto, (max-width: 720px) 100vw, 720px\" \/><figcaption class=\"wp-element-caption\">Tiras de cacahuete<\/figcaption><\/figure> <\/figure>    <h2 class=\"wp-block-heading\"><strong>Estructura principal de la m\u00e1quina cortadora de cacahuetes<\/strong><\/h2>    <p>Nuestra m\u00e1quina cortadora de tiras de cacahuete consiste principalmente en tolva, dispositivo de alimentaci\u00f3n vibratoria, cuchilla de corte y rodillo de corte. La m\u00e1quina tiene una estructura compacta y razonable, ocupa poco espacio y es f\u00e1cil de operar.<\/p>    <h2 class=\"wp-block-heading\"><strong>Principio de funcionamiento de la m\u00e1quina de corte de man\u00ed<\/strong><\/h2>    <p>La m\u00e1quina de corte de tiras de cacahuete utiliza un m\u00e9todo de alimentaci\u00f3n y corte continuo. Despu\u00e9s de que las mitades de cacahuete se alimentan al sistema, son transportadas por una cinta transportadora hasta el \u00e1rea de corte, donde las cuchillas cortan los cacahuetes para producir tiras de tama\u00f1o uniforme.<\/p>    <figure class=\"wp-block-gallery has-nested-images columns-default is-cropped wp-block-gallery-3 is-layout-flex wp-block-gallery-is-layout-flex\"> <figure class=\"wp-block-image size-large\"><img loading=\"lazy\" decoding=\"async\" width=\"540\" height=\"720\" data-id=\"1281\" src=\"https:\/\/taizynut.com\/wp-content\/uploads\/2026\/01\/peanut-cutter.webp\" alt=\"Cortadora de cacahuetes\" class=\"wp-image-1281\" title=\"\" srcset=\"https:\/\/taizynut.com\/wp-content\/uploads\/2026\/01\/peanut-cutter.webp 540w, https:\/\/taizynut.com\/wp-content\/uploads\/2026\/01\/peanut-cutter-225x300.webp 225w, https:\/\/taizynut.com\/wp-content\/uploads\/2026\/01\/peanut-cutter-9x12.webp 9w\" sizes=\"auto, (max-width: 540px) 100vw, 540px\" \/><figcaption class=\"wp-element-caption\">Cortador de cacahuetes<\/figcaption><\/figure>    <figure class=\"wp-block-image size-large\"><img loading=\"lazy\" decoding=\"async\" width=\"540\" height=\"720\" data-id=\"1282\" src=\"https:\/\/taizynut.com\/wp-content\/uploads\/2026\/01\/peanut-cutting-machine.webp\" alt=\"m\u00e1quina cortadora de man\u00ed\" class=\"wp-image-1282\" title=\"\" srcset=\"https:\/\/taizynut.com\/wp-content\/uploads\/2026\/01\/peanut-cutting-machine.webp 540w, https:\/\/taizynut.com\/wp-content\/uploads\/2026\/01\/peanut-cutting-machine-225x300.webp 225w, https:\/\/taizynut.com\/wp-content\/uploads\/2026\/01\/peanut-cutting-machine-9x12.webp 9w\" sizes=\"auto, (max-width: 540px) 100vw, 540px\" \/><figcaption class=\"wp-element-caption\">M\u00e1quina de corte de cacahuetes<\/figcaption><\/figure> <\/figure>    <h2 class=\"wp-block-heading\"><strong>Par\u00e1metros de la m\u00e1quina de corte de tiras de cacahuete<\/strong><\/h2>    <p>Despu\u00e9s de aclarar la estructura y el principio de funcionamiento del equipo de corte de cacahuete, se enumeran los principales par\u00e1metros t\u00e9cnicos de la m\u00e1quina cortadora de cacahuetes:<\/p>    <figure class=\"wp-block-table\"><table class=\"has-fixed-layout\"><tbody><tr><td>Modelo<\/td><td>TZ-100<\/td><\/tr><tr><td>Capacidad<\/td><td>100kg\/h<\/td><\/tr><tr><td>Fuerza<\/td><td>1kw<\/td><\/tr><tr><td>Peso de la m\u00e1quina<\/td><td>200 kilos<\/td><\/tr><tr><td>Tama\u00f1o de la m\u00e1quina<\/td><td>1300*750*1400mm<\/td><\/tr><\/tbody><\/table><figcaption class=\"wp-element-caption\">Especificaciones de la m\u00e1quina de corte de tiras de man\u00ed<\/figcaption><\/figure>    <h2 class=\"wp-block-heading\"><strong>Precauciones de operaci\u00f3n y uso<\/strong><\/h2>    <p>Para garantizar resultados de corte \u00f3ptimos y una operaci\u00f3n estable a largo plazo de la m\u00e1quina cortadora de tiras de cacahuete, tenga en cuenta lo siguiente:<\/p>    <ol class=\"wp-block-list\"> <li>Antes de comenzar, verifique que la transmisi\u00f3n y las partes de conexi\u00f3n est\u00e9n bien sujetas.<\/li>    <li>Aseg\u00farese de que las l\u00edneas el\u00e9ctricas sean seguras y est\u00e9n libres de fugas el\u00e9ctricas.<\/li>    <li>Secuencia de inicio: primero encienda la cuchilla de corte, luego el mecanismo de alimentaci\u00f3n.<\/li>    <li>Los cacahuetes deben cortarse por la mitad antes de cortarlos.<\/li>    <li>Se recomienda controlar el contenido de humedad de las materias primas en torno al 15% para reducir la rotura.<\/li>    <li>Clasifique los cacahuetes antes de cortarlos para evitar que objetos extra\u00f1os entren en el equipo.<\/li>    <li>Limpie regularmente el sistema de alimentaci\u00f3n y los componentes de la cuchilla de corte para garantizar una calidad de corte constante.<\/li> <\/ol>   <div class=\"wp-block-image\"> <figure class=\"aligncenter size-full\"><img loading=\"lazy\" decoding=\"async\" width=\"720\" height=\"540\" src=\"https:\/\/taizynut.com\/wp-content\/uploads\/2026\/01\/peanut-strip-cutter-machine.webp\" alt=\"m\u00e1quina cortadora de tiras de cacahuete\" class=\"wp-image-1283\" title=\"\" srcset=\"https:\/\/taizynut.com\/wp-content\/uploads\/2026\/01\/peanut-strip-cutter-machine.webp 720w, https:\/\/taizynut.com\/wp-content\/uploads\/2026\/01\/peanut-strip-cutter-machine-300x225.webp 300w, https:\/\/taizynut.com\/wp-content\/uploads\/2026\/01\/peanut-strip-cutter-machine-16x12.webp 16w\" sizes=\"auto, (max-width: 720px) 100vw, 720px\" \/><figcaption class=\"wp-element-caption\">m\u00e1quina cortadora de tiras de cacahuete<\/figcaption><\/figure> <\/div>   <h2 class=\"wp-block-heading\"><strong>Otra m\u00e1quina de corte de cacahuetes<\/strong><\/h2>    <p>Adem\u00e1s de la m\u00e1quina cortadora de tiras de cacahuete, tambi\u00e9n ofrecemos la m\u00e1quina de picar cacahuetes, m\u00e1quina de rebanar cacahuetes y m\u00e1quina de molienda de polvo de cacahuete.<\/p>    <div class=\"wp-block-columns is-layout-flex wp-container-core-columns-is-layout-9d6595d7 wp-block-columns-is-layout-flex\"> <div class=\"wp-block-column is-layout-flow wp-block-column-is-layout-flow\"> <blockquote class=\"wp-block-quote is-layout-flow wp-block-quote-is-layout-flow\"> <p><strong><a href=\"https:\/\/taizynut.com\/es\/product\/peanut-kernel-cutting-machine\/\">M\u00e1quina de picadura de man\u00ed<\/a><\/strong><\/p>    <p>Esta m\u00e1quina est\u00e1 dise\u00f1ada para picar frutos secos como cacahuetes, avellanas y almendras en trozos peque\u00f1os.<\/p>    <figure class=\"wp-block-image size-full\"><img loading=\"lazy\" decoding=\"async\" width=\"720\" height=\"540\" src=\"https:\/\/taizynut.com\/wp-content\/uploads\/2026\/01\/peanut-chopping-machine.webp\" alt=\"m\u00e1quina de picadura de man\u00ed\" class=\"wp-image-1274\" title=\"\" srcset=\"https:\/\/taizynut.com\/wp-content\/uploads\/2026\/01\/peanut-chopping-machine.webp 720w, https:\/\/taizynut.com\/wp-content\/uploads\/2026\/01\/peanut-chopping-machine-300x225.webp 300w, https:\/\/taizynut.com\/wp-content\/uploads\/2026\/01\/peanut-chopping-machine-16x12.webp 16w\" sizes=\"auto, (max-width: 720px) 100vw, 720px\" \/><figcaption class=\"wp-element-caption\">M\u00e1quina de picado de cacahuetes<\/figcaption><\/figure> <\/blockquote> <\/div>    <div class=\"wp-block-column is-layout-flow wp-block-column-is-layout-flow\"> <blockquote class=\"wp-block-quote is-layout-flow wp-block-quote-is-layout-flow\"> <p><strong><a href=\"https:\/\/taizynut.com\/es\/product\/peanut-slicing-machine\/\">M\u00e1quina cortadora de man\u00ed<\/a><\/strong><\/p>    <p>La funci\u00f3n principal de esta cortadora de cacahuetes es cortar los cacahuetes en rebanadas finas r\u00e1pidamente.<\/p>    <figure class=\"wp-block-image size-full\"><img loading=\"lazy\" decoding=\"async\" width=\"720\" height=\"540\" src=\"https:\/\/taizynut.com\/wp-content\/uploads\/2026\/01\/peanut-slicing-machine.webp\" alt=\"m\u00e1quina de rebanado de cacahuetes\" class=\"wp-image-1275\" title=\"\" srcset=\"https:\/\/taizynut.com\/wp-content\/uploads\/2026\/01\/peanut-slicing-machine.webp 720w, https:\/\/taizynut.com\/wp-content\/uploads\/2026\/01\/peanut-slicing-machine-300x225.webp 300w, https:\/\/taizynut.com\/wp-content\/uploads\/2026\/01\/peanut-slicing-machine-16x12.webp 16w\" sizes=\"auto, (max-width: 720px) 100vw, 720px\" \/><figcaption class=\"wp-element-caption\">M\u00e1quina cortadora de man\u00ed<\/figcaption><\/figure> <\/blockquote> <\/div>    <div class=\"wp-block-column is-layout-flow wp-block-column-is-layout-flow\"> <blockquote class=\"wp-block-quote is-layout-flow wp-block-quote-is-layout-flow\"> <p><strong><a href=\"https:\/\/taizynut.com\/es\/product\/peanut-powder-making-machine\/\">Molino de polvo de cacahuete<\/a><\/strong><\/p>    <p>La m\u00e1quina de molienda de polvo de cacahuete puede moler cacahuetes, almendras, avellanas y anacardos en polvo.<\/p>    <figure class=\"wp-block-image size-full\"><img loading=\"lazy\" decoding=\"async\" width=\"720\" height=\"540\" src=\"https:\/\/taizynut.com\/wp-content\/uploads\/2025\/10\/\u753b\u677f-2-tuya_\u7ed3\u679c.webp\" alt=\"m\u00e1quina para hacer polvo de cacahuete\" class=\"wp-image-1033\" title=\"\" srcset=\"https:\/\/taizynut.com\/wp-content\/uploads\/2025\/10\/\u753b\u677f-2-tuya_\u7ed3\u679c.webp 720w, https:\/\/taizynut.com\/wp-content\/uploads\/2025\/10\/\u753b\u677f-2-tuya_\u7ed3\u679c-300x225.webp 300w, https:\/\/taizynut.com\/wp-content\/uploads\/2025\/10\/\u753b\u677f-2-tuya_\u7ed3\u679c-16x12.webp 16w\" sizes=\"auto, (max-width: 720px) 100vw, 720px\" \/><figcaption class=\"wp-element-caption\">M\u00e1quina para hacer polvo de cacahuete<\/figcaption><\/figure> <\/blockquote> <\/div> <\/div>    <h2 class=\"wp-block-heading\"><strong>\u00a1Cont\u00e1ctenos para m\u00e1s informaci\u00f3n!<\/strong><\/h2>    <p>Si planea o actualiza un proyecto de corte y procesamiento de cacahuetes y desea conocer m\u00e1s sobre las opciones de configuraci\u00f3n y soluciones adecuadas para la m\u00e1quina cortadora de tiras de cacahuete, no dude en contactarnos. Le proporcionaremos recomendaciones de equipos m\u00e1s apropiadas e informaci\u00f3n t\u00e9cnica para ayudarle a procesar los cacahuetes de manera m\u00e1s eficiente.<\/p>","protected":false},"excerpt":{"rendered":"<p>Taizy strip peanut cutting machine can cut nuts such as peanuts, cashews, and almonds into strips, with a cutting speed of up to 100 kg\/hour. This article introduces the advantages, structure, and parameters of this equipment.<\/p>","protected":false},"author":1,"featured_media":1284,"parent":0,"template":"","tags":[68,61,45],"product-type":[27],"class_list":["post-1273","product","type-product","status-publish","has-post-thumbnail","hentry","tag-almond","tag-nut","tag-peanut","product-type-peanut-kernel-processing"],"_links":{"self":[{"href":"https:\/\/taizynut.com\/es\/wp-json\/wp\/v2\/product\/1273","targetHints":{"allow":["GET"]}}],"collection":[{"href":"https:\/\/taizynut.com\/es\/wp-json\/wp\/v2\/product"}],"about":[{"href":"https:\/\/taizynut.com\/es\/wp-json\/wp\/v2\/types\/product"}],"author":[{"embeddable":true,"href":"https:\/\/taizynut.com\/es\/wp-json\/wp\/v2\/users\/1"}],"wp:featuredmedia":[{"embeddable":true,"href":"https:\/\/taizynut.com\/es\/wp-json\/wp\/v2\/media\/1284"}],"wp:attachment":[{"href":"https:\/\/taizynut.com\/es\/wp-json\/wp\/v2\/media?parent=1273"}],"wp:term":[{"taxonomy":"post_tag","embeddable":true,"href":"https:\/\/taizynut.com\/es\/wp-json\/wp\/v2\/tags?post=1273"},{"taxonomy":"product-type","embeddable":true,"href":"https:\/\/taizynut.com\/es\/wp-json\/wp\/v2\/product-type?post=1273"}],"curies":[{"name":"wp","href":"https:\/\/api.w.org\/{rel}","templated":true}]}}