{"id":1288,"date":"2026-01-21T15:42:05","date_gmt":"2026-01-21T07:42:05","guid":{"rendered":"https:\/\/taizynut.com\/?post_type=product&#038;p=1288"},"modified":"2026-01-21T16:50:50","modified_gmt":"2026-01-21T08:50:50","slug":"groundnut-roasting-machine","status":"publish","type":"product","link":"https:\/\/taizynut.com\/es\/product\/groundnut-roasting-machine\/","title":{"rendered":"M\u00e1quina de asar cacahuetes"},"content":{"rendered":"<p class=\"translation-block\">Esta <strong>m\u00e1quina de asar cacahuetes<\/strong> se utiliza principalmente para calentar y asar semillas de girasol, cacahuetes, casta\u00f1as y otros frutos secos. La m\u00e1quina puede alimentarse con gas o electricidad, permitiendo un control flexible de la temperatura y el tiempo de asado.<\/p>    <p>Ofrecemos una variedad de modelos de m\u00e1quinas de asar cacahuetes con capacidades de producci\u00f3n que van desde 15 hasta 80kg\/h, satisfaciendo las necesidades de diferentes escalas de producci\u00f3n. Si est\u00e1 interesado en la m\u00e1quina de asar cacahuetes, cont\u00e1ctenos para m\u00e1s informaci\u00f3n.<\/p>    <figure class=\"wp-block-embed is-type-video is-provider-youtube wp-block-embed-youtube wp-embed-aspect-16-9 wp-has-aspect-ratio\"><div class=\"wp-block-embed__wrapper\"> <iframe loading=\"lazy\" title=\"M\u00e1quina de Tostar Cacahuetes en Acci\u00f3n: Tostado uniforme de grandes lotes de cacahuetes de manera r\u00e1pida y eficiente\" width=\"500\" height=\"281\" src=\"https:\/\/www.youtube.com\/embed\/brs1vQhxlfY?feature=oembed\" frameborder=\"0\" allow=\"accelerometer; autoplay; clipboard-write; encrypted-media; gyroscope; picture-in-picture; web-share\" referrerpolicy=\"strict-origin-when-cross-origin\" allowfullscreen><\/iframe> <\/div><figcaption class=\"wp-element-caption\">video de trabajo del tostador de cacahuetes<\/figcaption><\/figure>    <h2 class=\"wp-block-heading\"><strong>Clave<\/strong> <strong>Caracter\u00edsticas de la m\u00e1quina de asar cacahuetes<\/strong><\/h2>    <ol class=\"wp-block-list\"> <li><strong>Excelente rendimiento de asado<\/strong> <ul class=\"wp-block-list\"> <li>Nuestra m\u00e1quina de asar cacahuetes presenta una estructura de tambor horizontal \u00fanica, asegurando un calentamiento m\u00e1s uniforme en general, lo que resulta en un color consistente y una textura estable del producto terminado.<\/li> <\/ul> <\/li>    <li><strong>Alta eficiencia de procesamiento<\/strong> <ul class=\"wp-block-list\"> <li>El tambor de nuestra m\u00e1quina de asar cacahuetes est\u00e1 aislado con amianto de alta calidad en la capa exterior, proporcionando un rendimiento de aislamiento estable y m\u00ednima p\u00e9rdida de calor, lo que la hace adecuada para operaci\u00f3n continua a largo plazo.<\/li> <\/ul> <\/li>    <li><strong>Ahorro de trabajo<\/strong> <ul class=\"wp-block-list\"> <li>Una vez finalizado el asado, simplemente pulse el interruptor, y el tambor girar\u00e1 en reversa, descargando y separando autom\u00e1ticamente los cacahuetes a trav\u00e9s de un tamiz, eliminando la necesidad de separaci\u00f3n manual y reduciendo la intensidad laboral.<\/li> <\/ul> <\/li>    <li><strong>Opciones de calefacci\u00f3n m\u00faltiples disponibles<\/strong> <ul class=\"wp-block-list\"> <li>La m\u00e1quina de asar cacahuetes Taizy soporta m\u00e9todos de calefacci\u00f3n a gas, gas licuado de petr\u00f3leo y el\u00e9ctrico, permitiendo un calentamiento r\u00e1pido y cumpliendo con los requisitos de diferentes entornos y procesos de producci\u00f3n.<\/li> <\/ul> <\/li> <\/ol>    <figure class=\"wp-block-gallery has-nested-images columns-default is-cropped wp-block-gallery-2 is-layout-flex wp-block-gallery-is-layout-flex\"> <figure class=\"wp-block-image size-large\"><img loading=\"lazy\" decoding=\"async\" width=\"720\" height=\"540\" data-id=\"1291\" src=\"https:\/\/taizynut.com\/wp-content\/uploads\/2026\/01\/groundnut-roasting-equipment.webp\" alt=\"equipo de tostado de cacahuetes\" class=\"wp-image-1291\" title=\"\" srcset=\"https:\/\/taizynut.com\/wp-content\/uploads\/2026\/01\/groundnut-roasting-equipment.webp 720w, https:\/\/taizynut.com\/wp-content\/uploads\/2026\/01\/groundnut-roasting-equipment-300x225.webp 300w, https:\/\/taizynut.com\/wp-content\/uploads\/2026\/01\/groundnut-roasting-equipment-16x12.webp 16w\" sizes=\"auto, (max-width: 720px) 100vw, 720px\" \/><figcaption class=\"wp-element-caption\">Equipo de asado de cacahuetes<\/figcaption><\/figure>    <figure class=\"wp-block-image size-large\"><img loading=\"lazy\" decoding=\"async\" width=\"720\" height=\"540\" data-id=\"1289\" src=\"https:\/\/taizynut.com\/wp-content\/uploads\/2026\/01\/groundnut-roaster-machine.webp\" alt=\"tostador de cacahuetes\" class=\"wp-image-1289\" title=\"\" srcset=\"https:\/\/taizynut.com\/wp-content\/uploads\/2026\/01\/groundnut-roaster-machine.webp 720w, https:\/\/taizynut.com\/wp-content\/uploads\/2026\/01\/groundnut-roaster-machine-300x225.webp 300w, https:\/\/taizynut.com\/wp-content\/uploads\/2026\/01\/groundnut-roaster-machine-16x12.webp 16w\" sizes=\"auto, (max-width: 720px) 100vw, 720px\" \/><figcaption class=\"wp-element-caption\">M\u00e1quina tostadora de man\u00ed<\/figcaption><\/figure> <\/figure>    <h2 class=\"wp-block-heading\"><strong>Aplicaciones de la m\u00e1quina de asar cacahuetes<\/strong><\/h2>    <p>Bas\u00e1ndonos en las caracter\u00edsticas de diferentes materias primas y requisitos de procesamiento, la m\u00e1quina de asar cacahuetes puede lograr un asado estable ajustando la temperatura, el tiempo y el m\u00e9todo de calefacci\u00f3n.<\/p>    <p class=\"translation-block\"><strong>Materiales procesables:<\/strong><\/p>    <ul class=\"wp-block-list\"> <li>Cacahuetes (cacahuetes de piel roja, cacahuetes de piel blanca).<\/li>    <li>Semillas de mel\u00f3n (semillas de girasol, semillas de sand\u00eda).<\/li>    <li>Frutos secos como almendras, anacardos y nueces.<\/li>    <li>Semillas oleaginosas como cacahuetes y s\u00e9samo (asados antes de la extracci\u00f3n de aceite).<\/li> <\/ul>   <div class=\"wp-block-image\"> <figure class=\"aligncenter size-full\"><img loading=\"lazy\" decoding=\"async\" width=\"720\" height=\"540\" src=\"https:\/\/taizynut.com\/wp-content\/uploads\/2026\/01\/application-of-nut-roasting-machine.webp\" alt=\"Aplicaci\u00f3n de la m\u00e1quina de asar frutos secos\" class=\"wp-image-1290\" title=\"\" srcset=\"https:\/\/taizynut.com\/wp-content\/uploads\/2026\/01\/application-of-nut-roasting-machine.webp 720w, https:\/\/taizynut.com\/wp-content\/uploads\/2026\/01\/application-of-nut-roasting-machine-300x225.webp 300w, https:\/\/taizynut.com\/wp-content\/uploads\/2026\/01\/application-of-nut-roasting-machine-16x12.webp 16w\" sizes=\"auto, (max-width: 720px) 100vw, 720px\" \/><figcaption class=\"wp-element-caption\">Aplicaci\u00f3n de la m\u00e1quina de asar frutos secos<\/figcaption><\/figure> <\/div>   <h2 class=\"wp-block-heading\"><strong>Principio de funcionamiento de la m\u00e1quina de asar cacahuetes<\/strong><\/h2>    <p>La m\u00e1quina de asar cacahuetes Taizy utiliza un motor para hacer girar continuamente el tambor en posici\u00f3n horizontal, haciendo que los materiales en el interior del tambor giren constantemente.<\/p>    <ol class=\"wp-block-list\"> <li>Durante el proceso de calentamiento, el tambor sellado, combinado con una fuente de calor estable, crea un entorno de asado ideal.<\/li>    <li>La estructura de aislamiento doble en el exterior reduce la p\u00e9rdida de calor y mejora la eficiencia t\u00e9rmica general.<\/li>    <li>Despu\u00e9s del asado, se logra una descarga y separaci\u00f3n autom\u00e1ticas mediante el cambio entre rotaci\u00f3n hacia adelante y hacia atr\u00e1s.<\/li> <\/ol>    <p>Todo el proceso es sencillo de operar, requiere experiencia manual m\u00ednima y es adecuado para una producci\u00f3n estable a largo plazo.<\/p>    <figure class=\"wp-block-gallery has-nested-images columns-default is-cropped wp-block-gallery-3 is-layout-flex wp-block-gallery-is-layout-flex\"> <figure class=\"wp-block-image size-large\"><img loading=\"lazy\" decoding=\"async\" width=\"720\" height=\"540\" data-id=\"1292\" src=\"https:\/\/taizynut.com\/wp-content\/uploads\/2026\/01\/groundnut-roaster.webp\" alt=\"tostador de cacahuetes\" class=\"wp-image-1292\" title=\"\" srcset=\"https:\/\/taizynut.com\/wp-content\/uploads\/2026\/01\/groundnut-roaster.webp 720w, https:\/\/taizynut.com\/wp-content\/uploads\/2026\/01\/groundnut-roaster-300x225.webp 300w, https:\/\/taizynut.com\/wp-content\/uploads\/2026\/01\/groundnut-roaster-16x12.webp 16w\" sizes=\"auto, (max-width: 720px) 100vw, 720px\" \/><figcaption class=\"wp-element-caption\">Asador de cacahuetes<\/figcaption><\/figure>    <figure class=\"wp-block-image size-large\"><img loading=\"lazy\" decoding=\"async\" width=\"720\" height=\"540\" data-id=\"1293\" src=\"https:\/\/taizynut.com\/wp-content\/uploads\/2026\/01\/groundnut-roasting-machine.webp\" alt=\"m\u00e1quina tostadora de man\u00ed\" class=\"wp-image-1293\" title=\"\" srcset=\"https:\/\/taizynut.com\/wp-content\/uploads\/2026\/01\/groundnut-roasting-machine.webp 720w, https:\/\/taizynut.com\/wp-content\/uploads\/2026\/01\/groundnut-roasting-machine-300x225.webp 300w, https:\/\/taizynut.com\/wp-content\/uploads\/2026\/01\/groundnut-roasting-machine-16x12.webp 16w\" sizes=\"auto, (max-width: 720px) 100vw, 720px\" \/><figcaption class=\"wp-element-caption\">M\u00e1quina de asar cacahuetes<\/figcaption><\/figure> <\/figure>    <h2 class=\"wp-block-heading\"><strong>Modelos y par\u00e1metros de la m\u00e1quina de asar cacahuetes<\/strong><\/h2>    <figure class=\"wp-block-table\"><table><tbody><tr><td>Modelo<\/td><td>M\u00e9todo de calentamiento<\/td><td>Capacidad<\/td><td>Fuerza<\/td><td>Tama\u00f1o<\/td><td>Peso<\/td><td>Material del cuerpo<\/td><td>Material del rodillo<\/td><\/tr><tr><td>TZ-25<\/td><td>Gas de carb\u00f3n\/gas licuado de petr\u00f3leo<\/td><td>15kg\/h<\/td><td>90w<\/td><td>990*470*880mm<\/td><td>60kg<\/td><td>Acero inoxidable magn\u00e9tico de 430<\/td><td>Hierro forjado (personalizable)<\/td><\/tr><tr><td>TZ-25<\/td><td>Calefacci\u00f3n el\u00e9ctrica (4.5kw)<\/td><td>15kg\/h<\/td><td>90w<\/td><td>990*470*880mm<\/td><td>65kg<\/td><td>Acero inoxidable magn\u00e9tico de 430<\/td><td>Hierro forjado (personalizable)<\/td><\/tr><tr><td>TZ-50<\/td><td>Gas de carb\u00f3n\/gas licuado de petr\u00f3leo<\/td><td>15-20kg\/h<\/td><td>120w<\/td><td>1200*570*950mm<\/td><td>75kg<\/td><td>Acero inoxidable magn\u00e9tico de 430<\/td><td>Hierro forjado (personalizable)<\/td><\/tr><tr><td>TZ-50<\/td><td>Calefacci\u00f3n el\u00e9ctrica (7.2kw)<\/td><td>15-20kg\/h<\/td><td>120w<\/td><td>1200*570*950mm<\/td><td>85kg<\/td><td>Acero inoxidable magn\u00e9tico de 430<\/td><td>Hierro forjado (personalizable)<\/td><\/tr><tr><td>TZ-100<\/td><td>Gas de carb\u00f3n\/gas licuado de petr\u00f3leo<\/td><td>80kg\/h<\/td><td>400w<\/td><td>1450*720*1200mm<\/td><td>160kg<\/td><td>Acero inoxidable magn\u00e9tico de 430<\/td><td>Hierro forjado (personalizable)<\/td><\/tr><tr><td>TZ-100<\/td><td>Calefacci\u00f3n el\u00e9ctrica (7.2kw)<\/td><td>80kg\/h<\/td><td>400w<\/td><td>1450*720*1200mm<\/td><td>170kg<\/td><td>Acero inoxidable magn\u00e9tico de 430<\/td><td>Hierro forjado (personalizable)<\/td><\/tr><\/tbody><\/table><figcaption class=\"wp-element-caption\">par\u00e1metros de la m\u00e1quina de asar cacahuetes<\/figcaption><\/figure>    <h2 class=\"wp-block-heading\"><strong>Servicios personalizados para la m\u00e1quina de asar cacahuetes<\/strong><\/h2>    <p>Para adaptarse mejor a los diferentes tipos de materias primas, t\u00e9cnicas de procesamiento y entornos operativos de diversos clientes, Taizy ofrece una variedad de servicios de configuraci\u00f3n personalizada.<\/p>    <ul class=\"wp-block-list\"> <li><strong>Personalizaci\u00f3n de voltaje<\/strong> <ul class=\"wp-block-list\"> <li>Soportamos est\u00e1ndares de potencia en diferentes pa\u00edses y regiones, podemos personalizar configuraciones de potencia monof\u00e1sica o trif\u00e1sica, voltaje y frecuencia seg\u00fan las necesidades del cliente, permitiendo el uso directo del equipo.<\/li> <\/ul> <\/li>    <li><strong>Personalizaci\u00f3n de materiales<\/strong> <ul class=\"wp-block-list\"> <li>El material del tambor puede seleccionarse entre diferentes materiales seg\u00fan los requisitos de procesamiento y higiene, satisfaciendo las necesidades de procesamiento de alimentos o escenarios de uso de alta frecuencia.<\/li> <\/ul> <\/li>    <li><strong>Personalizaci\u00f3n de funciones<\/strong> <ul class=\"wp-block-list\"> <li>Algunos modelos ofrecen una funci\u00f3n de temporizador opcional, facilitando una operaci\u00f3n estandarizada y reduciendo la dependencia de la experiencia manual.<\/li> <\/ul> <\/li>    <li><strong>Configuraci\u00f3n y ajustes detallados<\/strong> <ul class=\"wp-block-list\"> <li>El m\u00e9todo de calefacci\u00f3n, el m\u00e9todo de control y la estructura local pueden optimizarse razonablemente seg\u00fan las necesidades reales, haciendo que el equipo se adapte mejor a los requisitos de producci\u00f3n.<\/li> <\/ul> <\/li> <\/ul>    <p>A trav\u00e9s de servicios personalizados, nuestra m\u00e1quina de asar cacahuetes no solo cumple con funciones b\u00e1sicas de asado, sino que tambi\u00e9n se adapta mejor a escenarios de procesamiento de asados de diferentes escalas y requisitos de proceso, ayudando a los usuarios a lograr una producci\u00f3n estable y eficiente a largo plazo.<\/p>   <div class=\"wp-block-image\"> <figure class=\"aligncenter size-full\"><img loading=\"lazy\" decoding=\"async\" width=\"720\" height=\"540\" src=\"https:\/\/taizynut.com\/wp-content\/uploads\/2026\/01\/peanut-roaster.webp\" alt=\"tostador de man\u00ed\" class=\"wp-image-1294\" title=\"\" srcset=\"https:\/\/taizynut.com\/wp-content\/uploads\/2026\/01\/peanut-roaster.webp 720w, https:\/\/taizynut.com\/wp-content\/uploads\/2026\/01\/peanut-roaster-300x225.webp 300w, https:\/\/taizynut.com\/wp-content\/uploads\/2026\/01\/peanut-roaster-16x12.webp 16w\" sizes=\"auto, (max-width: 720px) 100vw, 720px\" \/><figcaption class=\"wp-element-caption\">tostador de man\u00ed<\/figcaption><\/figure> <\/div>   <h2 class=\"wp-block-heading\"><strong>\u00bfCu\u00e1nto cuesta una m\u00e1quina de asar frutos secos?<\/strong><\/h2>    <p>El precio de la m\u00e1quina de asar cacahuetes no es fijo; est\u00e1 influenciado por varios factores, principalmente los siguientes:<\/p>    <ol class=\"wp-block-list\"> <li><strong>Modelo de equipo y capacidad de producci\u00f3n<\/strong>: En general, los equipos con mayor capacidad de producci\u00f3n tendr\u00e1n un precio m\u00e1s alto, pero tambi\u00e9n generar\u00e1n mayores retornos.<\/li>    <li><strong>Selecci\u00f3n del m\u00e9todo de calefacci\u00f3n<\/strong>: Nuestra m\u00e1quina de asar frutos secos puede calentarse con gas o electricidad, y el precio var\u00eda en consecuencia.<\/li>    <li><strong>Configuraci\u00f3n de materiales<\/strong>: El material del tambor de nuestra m\u00e1quina de asar frutos secos suele ser hierro fundido, pero tambi\u00e9n se puede seleccionar acero inoxidable 304 seg\u00fan las necesidades del cliente. El precio tambi\u00e9n variar\u00e1.<\/li> <\/ol>    <p>Diferentes escalas de procesamiento y escenarios de uso requieren configuraciones distintas, resultando en precios variables. Los clientes deben elegir la m\u00e1quina de asar cacahuetes que mejor se adapte a sus necesidades.<\/p>   <div class=\"wp-block-image\"> <figure class=\"aligncenter size-full\"><img loading=\"lazy\" decoding=\"async\" width=\"720\" height=\"540\" src=\"https:\/\/taizynut.com\/wp-content\/uploads\/2026\/01\/peanut-roasting-machine.webp\" alt=\"m\u00e1quina tostadora de man\u00ed\" class=\"wp-image-1295\" title=\"\" srcset=\"https:\/\/taizynut.com\/wp-content\/uploads\/2026\/01\/peanut-roasting-machine.webp 720w, https:\/\/taizynut.com\/wp-content\/uploads\/2026\/01\/peanut-roasting-machine-300x225.webp 300w, https:\/\/taizynut.com\/wp-content\/uploads\/2026\/01\/peanut-roasting-machine-16x12.webp 16w\" sizes=\"auto, (max-width: 720px) 100vw, 720px\" \/><figcaption class=\"wp-element-caption\">m\u00e1quina tostadora de man\u00ed<\/figcaption><\/figure> <\/div>   <h2 class=\"wp-block-heading\"><strong>Cont\u00e1ctenos inmediatamente<\/strong>!<\/h2>    <p class=\"translation-block\">Como proveedor profesional de equipos de procesamiento de salsas, adem\u00e1s de m\u00e1quinas de asar frutos secos, tambi\u00e9n suministramos diversos equipos de procesamiento de frutos secos, como <a href=\"https:\/\/taizynut.com\/es\/product\/dry-peanut-peeling-machine\/\">m\u00e1quina peladora de cacahuetes<\/a>, <a href=\"https:\/\/taizynut.com\/es\/product\/peanut-butter-grinder-machine\/\">m\u00e1quina de mantequilla de cacahuete<\/a> y equipos de secado. Ofrecemos un servicio integral a nuestros clientes.<\/p>    <p>Mientras tanto, Taizy tiene amplia experiencia en exportaci\u00f3n, con equipos exportados a muchos pa\u00edses y regiones. Conocemos diferentes est\u00e1ndares de voltaje, requisitos de embalaje y procedimientos de env\u00edo internacional.<\/p>    <p>Si busca una m\u00e1quina de asar cacahuetes o necesita una soluci\u00f3n completa de equipos de procesamiento de frutos secos, no dude en contactar con Taizy. \u00a1Le proporcionaremos el equipo que mejor se adapte a sus necesidades!<\/p>","protected":false},"excerpt":{"rendered":"<p>This article mainly introduces the Taizy groundnut roasting machine. Our peanut roasting machine is used for roasting peanuts, sunflower seeds, chestnuts, and other nuts, with a production capacity of 15-80 kg\/h.<\/p>","protected":false},"author":1,"featured_media":1312,"parent":0,"template":"","tags":[61,45],"product-type":[27],"class_list":["post-1288","product","type-product","status-publish","has-post-thumbnail","hentry","tag-nut","tag-peanut","product-type-peanut-kernel-processing"],"_links":{"self":[{"href":"https:\/\/taizynut.com\/es\/wp-json\/wp\/v2\/product\/1288","targetHints":{"allow":["GET"]}}],"collection":[{"href":"https:\/\/taizynut.com\/es\/wp-json\/wp\/v2\/product"}],"about":[{"href":"https:\/\/taizynut.com\/es\/wp-json\/wp\/v2\/types\/product"}],"author":[{"embeddable":true,"href":"https:\/\/taizynut.com\/es\/wp-json\/wp\/v2\/users\/1"}],"wp:featuredmedia":[{"embeddable":true,"href":"https:\/\/taizynut.com\/es\/wp-json\/wp\/v2\/media\/1312"}],"wp:attachment":[{"href":"https:\/\/taizynut.com\/es\/wp-json\/wp\/v2\/media?parent=1288"}],"wp:term":[{"taxonomy":"post_tag","embeddable":true,"href":"https:\/\/taizynut.com\/es\/wp-json\/wp\/v2\/tags?post=1288"},{"taxonomy":"product-type","embeddable":true,"href":"https:\/\/taizynut.com\/es\/wp-json\/wp\/v2\/product-type?post=1288"}],"curies":[{"name":"wp","href":"https:\/\/api.w.org\/{rel}","templated":true}]}}