{"id":1299,"date":"2026-01-21T16:04:00","date_gmt":"2026-01-21T08:04:00","guid":{"rendered":"https:\/\/taizynut.com\/?post_type=product&#038;p=1299"},"modified":"2026-01-21T17:01:18","modified_gmt":"2026-01-21T09:01:18","slug":"almond-shell-and-kernel-separator","status":"publish","type":"product","link":"https:\/\/taizynut.com\/es\/product\/almond-shell-and-kernel-separator\/","title":{"rendered":"Separador de c\u00e1scara y n\u00facleo de almendra"},"content":{"rendered":"<p class=\"translation-block\">Taizy <strong>separador de c\u00e1scara y n\u00facleo de almendra<\/strong> es un dispositivo especializado utilizado para separar eficientemente los n\u00facleos de almendra de la mezcla de c\u00e1scaras rotas y n\u00facleos. Esta m\u00e1quina es adecuada para almendras, nueces, pistachos, avellanas, nueces de macadamia y otros frutos secos similares.<\/p>    <p>Nuestra m\u00e1quina separadora de c\u00e1scara y n\u00facleo de almendra est\u00e1 hecha de acero al carbono. Presenta operaci\u00f3n sencilla, larga vida \u00fatil y alta eficiencia, con una capacidad de producci\u00f3n de 400 kg\/h, satisfaciendo las necesidades de producci\u00f3n continua en plantas de procesamiento peque\u00f1as y medianas.<\/p>    <figure class=\"wp-block-embed is-type-video is-provider-youtube wp-block-embed-youtube wp-embed-aspect-16-9 wp-has-aspect-ratio\"><div class=\"wp-block-embed__wrapper\"> <iframe loading=\"lazy\" title=\"M\u00e1quina separadora de c\u00e1scara y n\u00facleo de almendra en acci\u00f3n: separando eficientemente el n\u00facleo de almendra de la c\u00e1scara\" width=\"500\" height=\"281\" src=\"https:\/\/www.youtube.com\/embed\/3V1TJk1Y0VA?feature=oembed\" frameborder=\"0\" allow=\"accelerometer; autoplay; clipboard-write; encrypted-media; gyroscope; picture-in-picture; web-share\" referrerpolicy=\"strict-origin-when-cross-origin\" allowfullscreen><\/iframe> <\/div><figcaption class=\"wp-element-caption\">Video de trabajo del separador de c\u00e1scara y n\u00facleo de almendra<\/figcaption><\/figure>    <h2 class=\"wp-block-heading\"><strong>Ventajas de la m\u00e1quina separadora de c\u00e1scara y n\u00facleo de almendra<\/strong><\/h2>    <ol class=\"wp-block-list\"> <li><strong>F\u00e1cil operaci\u00f3n<\/strong>: Nuestra m\u00e1quina separadora de n\u00facleo y c\u00e1scara de almendra requiere solo una persona para operar, ahorrando tiempo y esfuerzo.<\/li>    <li><strong>Alta eficiencia de producci\u00f3n<\/strong>: La m\u00e1quina separadora de n\u00facleo y c\u00e1scara de albaricoque Taizy tiene una capacidad de producci\u00f3n de hasta 400 kg\/h.<\/li>    <li><strong>Alta tasa de separaci\u00f3n<\/strong>: Puede separar r\u00e1pida y limpiamente los n\u00facleos de albaricoque de las c\u00e1scaras, logrando una tasa de separaci\u00f3n de hasta el 90%.<\/li>    <li><strong>Larga vida \u00fatil<\/strong>: Nuestra m\u00e1quina separadora de c\u00e1scara y n\u00facleo de albaricoque est\u00e1 hecha de acero al carbono resistente al desgaste, garantizando una larga vida \u00fatil.<\/li> <\/ol>    <figure class=\"wp-block-gallery has-nested-images columns-default is-cropped wp-block-gallery-2 is-layout-flex wp-block-gallery-is-layout-flex\"> <figure class=\"wp-block-image size-large\"><img loading=\"lazy\" decoding=\"async\" width=\"720\" height=\"540\" data-id=\"1303\" src=\"https:\/\/taizynut.com\/wp-content\/uploads\/2026\/01\/almond-shell-and-kernel-separator-machine.webp\" alt=\"M\u00e1quina separadora de c\u00e1scara y n\u00facleo de almendra\" class=\"wp-image-1303\" title=\"\" srcset=\"https:\/\/taizynut.com\/wp-content\/uploads\/2026\/01\/almond-shell-and-kernel-separator-machine.webp 720w, https:\/\/taizynut.com\/wp-content\/uploads\/2026\/01\/almond-shell-and-kernel-separator-machine-300x225.webp 300w, https:\/\/taizynut.com\/wp-content\/uploads\/2026\/01\/almond-shell-and-kernel-separator-machine-16x12.webp 16w\" sizes=\"auto, (max-width: 720px) 100vw, 720px\" \/><figcaption class=\"wp-element-caption\">M\u00e1quina separadora de c\u00e1scara y n\u00facleo de almendra<\/figcaption><\/figure>    <figure class=\"wp-block-image size-large\"><img loading=\"lazy\" decoding=\"async\" width=\"1024\" height=\"683\" data-id=\"1300\" src=\"https:\/\/taizynut.com\/wp-content\/uploads\/2026\/01\/almond-shell-kernel-separating-equipment-1024x683.webp\" alt=\"Separador de c\u00e1scara y n\u00facleo de almendra para albaricoques y nueces\" class=\"wp-image-1300\" title=\"\" srcset=\"https:\/\/taizynut.com\/wp-content\/uploads\/2026\/01\/almond-shell-kernel-separating-equipment-1024x683.webp 1024w, https:\/\/taizynut.com\/wp-content\/uploads\/2026\/01\/almond-shell-kernel-separating-equipment-300x200.webp 300w, https:\/\/taizynut.com\/wp-content\/uploads\/2026\/01\/almond-shell-kernel-separating-equipment-768x513.webp 768w, https:\/\/taizynut.com\/wp-content\/uploads\/2026\/01\/almond-shell-kernel-separating-equipment-18x12.webp 18w, https:\/\/taizynut.com\/wp-content\/uploads\/2026\/01\/almond-shell-kernel-separating-equipment-1536x1025.webp 1536w, https:\/\/taizynut.com\/wp-content\/uploads\/2026\/01\/almond-shell-kernel-separating-equipment-2048x1367.webp 2048w\" sizes=\"auto, (max-width: 1024px) 100vw, 1024px\" \/><figcaption class=\"wp-element-caption\">Almond Shell &Amp; Kernel Separating Equipment<\/figcaption><\/figure> <\/figure>    <h2 class=\"wp-block-heading\"><strong>Aplicaci\u00f3n del separador de c\u00e1scara y n\u00facleo de albaricoque<\/strong><\/h2>    <p>Nuestro m\u00e1quina separadora de c\u00e1scara y n\u00facleo de almendra tiene una amplia gama de aplicaciones y puede usarse para separar varios tipos de frutos secos con c\u00e1scara, incluyendo pero no limitado a almendras, nueces, avellanas, pacanas y nueces de macadamia.<\/p>   <div class=\"wp-block-image\"> <figure class=\"aligncenter size-full\"><img loading=\"lazy\" decoding=\"async\" width=\"720\" height=\"540\" src=\"https:\/\/taizynut.com\/wp-content\/uploads\/2026\/01\/application-of-almond-shell-and-kernel-separator.webp\" alt=\"Aplicaci\u00f3n del separador de c\u00e1scara y n\u00facleo de almendra\" class=\"wp-image-1301\" title=\"\" srcset=\"https:\/\/taizynut.com\/wp-content\/uploads\/2026\/01\/application-of-almond-shell-and-kernel-separator.webp 720w, https:\/\/taizynut.com\/wp-content\/uploads\/2026\/01\/application-of-almond-shell-and-kernel-separator-300x225.webp 300w, https:\/\/taizynut.com\/wp-content\/uploads\/2026\/01\/application-of-almond-shell-and-kernel-separator-16x12.webp 16w\" sizes=\"auto, (max-width: 720px) 100vw, 720px\" \/><figcaption class=\"wp-element-caption\">Aplicaci\u00f3n del separador de c\u00e1scara y n\u00facleo de almendra<\/figcaption><\/figure> <\/div>   <h2 class=\"wp-block-heading\"><strong>Par\u00e1metros de la m\u00e1quina separadora de c\u00e1scara de almendra<\/strong><\/h2>    <p>To help users fully understand the equipment&#8217;s performance, the main technical parameters of the almond shell and kernel separator machine are listed below:<\/p>    <figure class=\"wp-block-table\"><table class=\"has-fixed-layout\"><tbody><tr><td>Nombre de la m\u00e1quina<\/td><td>Separador de c\u00e1scara y n\u00facleo de almendra<\/td><\/tr><tr><td>Capacidad<\/td><td>400kg\/h<\/td><\/tr><tr><td>Fuerza<\/td><td>3kw<\/td><\/tr><tr><td>Voltaje<\/td><td>380v\/50hz<\/td><\/tr><tr><td>Materiales de la m\u00e1quina<\/td><td>Acero al carbono<\/td><\/tr><tr><td>Tama\u00f1o<\/td><td>2.2*0.8*1.6m<\/td><\/tr><\/tbody><\/table><figcaption class=\"wp-element-caption\">Par\u00e1metros de la m\u00e1quina separadora de c\u00e1scara y n\u00facleo de almendra<\/figcaption><\/figure>    <h2 class=\"wp-block-heading\"><strong>\u00bfC\u00f3mo funciona la m\u00e1quina separadora de c\u00e1scara y n\u00facleo de almendra?<\/strong><\/h2>    <p>La m\u00e1quina separadora de c\u00e1scara y n\u00facleo de almendra funciona seg\u00fan el principio de separaci\u00f3n por peso. Despu\u00e9s del procesamiento con la m\u00e1quina de descascarado de almendras, las c\u00e1scaras de almendra se rompen en fragmentos m\u00e1s peque\u00f1os y ligeros, mientras que los n\u00facleos de almendra permanecen en gran medida intactos y son relativamente m\u00e1s pesados.<\/p>    <p>Durante la operaci\u00f3n, la criba crea un efecto de capas bajo vibraci\u00f3n. Los n\u00facleos de almendra m\u00e1s pesados se mueven gradualmente hacia arriba durante el proceso de vibraci\u00f3n y se descargan, mientras que las c\u00e1scaras m\u00e1s ligeras se mueven hacia abajo y se separan y descargan.<\/p>   <div class=\"wp-block-image\"> <figure class=\"aligncenter size-full\"><img loading=\"lazy\" decoding=\"async\" width=\"720\" height=\"540\" src=\"https:\/\/taizynut.com\/wp-content\/uploads\/2026\/01\/almond-kernel-and-shell-separating-equipment.webp\" alt=\"Equipo de separaci\u00f3n de n\u00facleo y c\u00e1scara de almendra\" class=\"wp-image-1302\" title=\"\" srcset=\"https:\/\/taizynut.com\/wp-content\/uploads\/2026\/01\/almond-kernel-and-shell-separating-equipment.webp 720w, https:\/\/taizynut.com\/wp-content\/uploads\/2026\/01\/almond-kernel-and-shell-separating-equipment-300x225.webp 300w, https:\/\/taizynut.com\/wp-content\/uploads\/2026\/01\/almond-kernel-and-shell-separating-equipment-16x12.webp 16w\" sizes=\"auto, (max-width: 720px) 100vw, 720px\" \/><figcaption class=\"wp-element-caption\">Equipo de separaci\u00f3n de n\u00facleo y c\u00e1scara de almendra<\/figcaption><\/figure> <\/div>   <h2 class=\"wp-block-heading\"><strong>L\u00ednea de producci\u00f3n relacionada con el separador de n\u00facleo de almendra<\/strong><\/h2>    <p><strong><a href=\"https:\/\/taizynut.com\/es\/product\/almond-shelling-production-line\/\">L\u00ednea de descascarado de almendras<\/a><\/strong><\/p>    <p>El separador de c\u00e1scara y n\u00facleo de almendra se usa frecuentemente en l\u00edneas de descascarado de almendras. Esta l\u00ednea de producci\u00f3n consta del siguiente equipo:<\/p>    <ol class=\"wp-block-list\"> <li>M\u00e1quina de clasificaci\u00f3n de almendras<\/li>    <li>M\u00e1quina de descascarado de almendras<\/li>    <li>Separador de c\u00e1scara y n\u00facleo de almendra<\/li>    <li>M\u00e1quina de clasificaci\u00f3n de n\u00facleos<\/li> <\/ol>    <figure class=\"wp-block-gallery has-nested-images columns-default is-cropped wp-block-gallery-3 is-layout-flex wp-block-gallery-is-layout-flex\"> <figure class=\"wp-block-image size-large\"><img loading=\"lazy\" decoding=\"async\" width=\"720\" height=\"540\" data-id=\"1248\" src=\"https:\/\/taizynut.com\/wp-content\/uploads\/2025\/12\/almond-shelling-line-1.webp\" alt=\"L\u00ednea de descascarado de almendras\" class=\"wp-image-1248\" title=\"\" srcset=\"https:\/\/taizynut.com\/wp-content\/uploads\/2025\/12\/almond-shelling-line-1.webp 720w, https:\/\/taizynut.com\/wp-content\/uploads\/2025\/12\/almond-shelling-line-1-300x225.webp 300w, https:\/\/taizynut.com\/wp-content\/uploads\/2025\/12\/almond-shelling-line-1-16x12.webp 16w\" sizes=\"auto, (max-width: 720px) 100vw, 720px\" \/><figcaption class=\"wp-element-caption\">L\u00ednea de descascarado de almendras<\/figcaption><\/figure>    <figure class=\"wp-block-image size-large\"><img loading=\"lazy\" decoding=\"async\" width=\"720\" height=\"540\" data-id=\"1161\" src=\"https:\/\/taizynut.com\/wp-content\/uploads\/2025\/12\/almond-shelling-line.webp\" alt=\"L\u00ednea de descascarado de almendras\" class=\"wp-image-1161\" title=\"\" srcset=\"https:\/\/taizynut.com\/wp-content\/uploads\/2025\/12\/almond-shelling-line.webp 720w, https:\/\/taizynut.com\/wp-content\/uploads\/2025\/12\/almond-shelling-line-300x225.webp 300w, https:\/\/taizynut.com\/wp-content\/uploads\/2025\/12\/almond-shelling-line-16x12.webp 16w\" sizes=\"auto, (max-width: 720px) 100vw, 720px\" \/><figcaption class=\"wp-element-caption\">L\u00ednea de producci\u00f3n de descascarado de almendras<\/figcaption><\/figure> <\/figure>    <p>Esta l\u00ednea de producci\u00f3n de descascarado de almendras integra funciones como clasificaci\u00f3n de almendras, descascarado, separaci\u00f3n de c\u00e1scara y n\u00facleo, y clasificaci\u00f3n de n\u00facleos. Cuenta con operaci\u00f3n continua, ahorro de mano de obra y alta eficiencia, con una capacidad de producci\u00f3n de hasta 1000 kg\/h, y puede ser personalizada seg\u00fan las necesidades del cliente.<\/p>    <h2 class=\"wp-block-heading\"><strong>\u00bfPor qu\u00e9 elegir Taizy como su proveedor?<\/strong><\/h2>    <p>Como proveedor profesional de equipos de procesamiento de alimentos, Taizy cuenta con un sistema de producci\u00f3n maduro y procesos estrictos de gesti\u00f3n de calidad.<\/p>    <p>Nuestro separador de c\u00e1scara y n\u00facleo de almendra y otros equipos se exportan a numerosos pa\u00edses y regiones, y estamos familiarizados con los est\u00e1ndares t\u00e9cnicos, requisitos de voltaje y especificaciones de embalaje de diferentes mercados. Esto garantiza una entrega y operaci\u00f3n sin problemas de nuestro equipo.<\/p>    <p>Adem\u00e1s, proporcionamos soluciones t\u00e9cnicas, asesoramiento en la selecci\u00f3n de par\u00e1metros y orientaci\u00f3n remota para la instalaci\u00f3n seg\u00fan las necesidades del cliente. Elegir Taizy significa no solo adquirir un equipo, sino tambi\u00e9n contar con un proveedor estable y confiable con capacidad para cooperaci\u00f3n a largo plazo.<\/p>    <figure class=\"wp-block-gallery has-nested-images columns-default is-cropped wp-block-gallery-4 is-layout-flex wp-block-gallery-is-layout-flex\"> <figure class=\"wp-block-image size-large\"><img loading=\"lazy\" decoding=\"async\" width=\"720\" height=\"540\" data-id=\"1304\" src=\"https:\/\/taizynut.com\/wp-content\/uploads\/2026\/01\/almond-shell-kernel-separating-machine.webp\" alt=\"Despu\u00e9s de la separaci\u00f3n\" class=\"wp-image-1304\" title=\"\" srcset=\"https:\/\/taizynut.com\/wp-content\/uploads\/2026\/01\/almond-shell-kernel-separating-machine.webp 720w, https:\/\/taizynut.com\/wp-content\/uploads\/2026\/01\/almond-shell-kernel-separating-machine-300x225.webp 300w, https:\/\/taizynut.com\/wp-content\/uploads\/2026\/01\/almond-shell-kernel-separating-machine-16x12.webp 16w\" sizes=\"auto, (max-width: 720px) 100vw, 720px\" \/><figcaption class=\"wp-element-caption\">Almond Shell &Amp; Kernel Separating Machine<\/figcaption><\/figure>    <figure class=\"wp-block-image size-large\"><img loading=\"lazy\" decoding=\"async\" width=\"1024\" height=\"683\" data-id=\"1305\" src=\"https:\/\/taizynut.com\/wp-content\/uploads\/2026\/01\/almond-shell-and-kernel-separator-1024x683.webp\" alt=\"El separador de c\u00e1scara y n\u00facleo de almendra de Taizy se usa para separar los n\u00facleos de almendra de la mezcla de c\u00e1scaras rotas y n\u00facleos con una capacidad de 400 kg\/h.\" class=\"wp-image-1305\" title=\"\" srcset=\"https:\/\/taizynut.com\/wp-content\/uploads\/2026\/01\/almond-shell-and-kernel-separator-1024x683.webp 1024w, https:\/\/taizynut.com\/wp-content\/uploads\/2026\/01\/almond-shell-and-kernel-separator-300x200.webp 300w, https:\/\/taizynut.com\/wp-content\/uploads\/2026\/01\/almond-shell-and-kernel-separator-768x513.webp 768w, https:\/\/taizynut.com\/wp-content\/uploads\/2026\/01\/almond-shell-and-kernel-separator-18x12.webp 18w, https:\/\/taizynut.com\/wp-content\/uploads\/2026\/01\/almond-shell-and-kernel-separator-1536x1025.webp 1536w, https:\/\/taizynut.com\/wp-content\/uploads\/2026\/01\/almond-shell-and-kernel-separator-2048x1367.webp 2048w\" sizes=\"auto, (max-width: 1024px) 100vw, 1024px\" \/><figcaption class=\"wp-element-caption\">Separador de c\u00e1scara y n\u00facleo de almendra<\/figcaption><\/figure> <\/figure>    <h2 class=\"wp-block-heading\"><strong>\u00a1Cont\u00e1ctenos de inmediato!<\/strong><\/h2>    <p>Ya sea que tenga un taller de procesamiento de almendras en etapa inicial o una empresa de procesamiento de frutos secos estable con una l\u00ednea de producci\u00f3n madura, Taizy puede proporcionarle una m\u00e1quina separadora de c\u00e1scara y n\u00facleo de almendra de alta calidad y soluciones completas de descascarado. Si tiene alguna necesidad, \u00a1no dude en contactarnos!<\/p>","protected":false},"excerpt":{"rendered":"<p>This article mainly introduces the almond shell and kernel separator machine. It covers its advantages, specifications, and applications. It is suitable for nuts such as almonds, walnuts, and pecans. Its production capacity is 400 kg\/h.<\/p>","protected":false},"author":1,"featured_media":1316,"parent":0,"template":"","tags":[68,61],"product-type":[74],"class_list":["post-1299","product","type-product","status-publish","has-post-thumbnail","hentry","tag-almond","tag-nut","product-type-almond-processing"],"_links":{"self":[{"href":"https:\/\/taizynut.com\/es\/wp-json\/wp\/v2\/product\/1299","targetHints":{"allow":["GET"]}}],"collection":[{"href":"https:\/\/taizynut.com\/es\/wp-json\/wp\/v2\/product"}],"about":[{"href":"https:\/\/taizynut.com\/es\/wp-json\/wp\/v2\/types\/product"}],"author":[{"embeddable":true,"href":"https:\/\/taizynut.com\/es\/wp-json\/wp\/v2\/users\/1"}],"wp:featuredmedia":[{"embeddable":true,"href":"https:\/\/taizynut.com\/es\/wp-json\/wp\/v2\/media\/1316"}],"wp:attachment":[{"href":"https:\/\/taizynut.com\/es\/wp-json\/wp\/v2\/media?parent=1299"}],"wp:term":[{"taxonomy":"post_tag","embeddable":true,"href":"https:\/\/taizynut.com\/es\/wp-json\/wp\/v2\/tags?post=1299"},{"taxonomy":"product-type","embeddable":true,"href":"https:\/\/taizynut.com\/es\/wp-json\/wp\/v2\/product-type?post=1299"}],"curies":[{"name":"wp","href":"https:\/\/api.w.org\/{rel}","templated":true}]}}