{"id":1322,"date":"2026-01-22T13:25:24","date_gmt":"2026-01-22T05:25:24","guid":{"rendered":"https:\/\/taizynut.com\/?post_type=product&#038;p=1322"},"modified":"2026-01-22T13:49:47","modified_gmt":"2026-01-22T05:49:47","slug":"walnut-shelling-machine","status":"publish","type":"product","link":"https:\/\/taizynut.com\/es\/product\/walnut-shelling-machine\/","title":{"rendered":"M\u00e1quina de descascarado de nueces"},"content":{"rendered":"<p class=\"translation-block\">La <strong>m\u00e1quina para descascarar nueces<\/strong> es un dispositivo mec\u00e1nico dise\u00f1ado espec\u00edficamente para partir c\u00e1scaras de nueces, facilitando la separaci\u00f3n posterior del n\u00facleo de la c\u00e1scara. Nuestra m\u00e1quina para descascarar nueces es adecuada para nueces regulares, nueces silvestres, nueces de nogal hickory y nueces de macadamia.<\/p>    <p>La m\u00e1quina para quitar c\u00e1scaras de nueces Taizy tiene una capacidad de producci\u00f3n de 200-400 kg\/h, funciona de manera estable y es f\u00e1cil de usar, lo que la convierte en una opci\u00f3n ideal para empresas de procesamiento de frutos secos. Si busca una m\u00e1quina para partir nueces, \u00a1no dude en contactarnos!<\/p>    <h2 class=\"wp-block-heading\"><strong>Caracter\u00edsticas de la m\u00e1quina para descascarar nueces<\/strong><\/h2>    <ol class=\"wp-block-list\"> <li><strong>F\u00e1cil operaci\u00f3n<\/strong>: Nuestra m\u00e1quina para descascarar nueces tiene una estructura clara y es f\u00e1cil de operar, permitiendo que una sola persona complete ambas operaciones y el mantenimiento diario.<\/li>    <li><strong>Rendimiento estable<\/strong>: Esta m\u00e1quina para quitar c\u00e1scaras de nueces adopta un dise\u00f1o de estructura mec\u00e1nica madura, garantizando un funcionamiento estable y una baja tasa de fallos, permitiendo una operaci\u00f3n confiable a largo plazo.<\/li>    <li><strong>Bajo nivel de ruido<\/strong>: La m\u00e1quina para partir nueces Taizy funciona con menor ruido, mejorando eficazmente la comodidad en el taller.<\/li>    <li><strong>Larga vida \u00fatil<\/strong>: La m\u00e1quina entera est\u00e1 hecha de acero al carbono de alta resistencia, resistente al desgaste y a los impactos, adecuada para el procesamiento a largo plazo de frutos secos duros y otros materiales.<\/li> <\/ol>    <figure class=\"wp-block-gallery has-nested-images columns-default is-cropped wp-block-gallery-2 is-layout-flex wp-block-gallery-is-layout-flex\"> <figure class=\"wp-block-image size-large\"><img loading=\"lazy\" decoding=\"async\" width=\"720\" height=\"540\" data-id=\"1325\" src=\"https:\/\/taizynut.com\/wp-content\/uploads\/2026\/01\/walnut-cracking-machine.webp\" alt=\"m\u00e1quina de descascarar nueces\" class=\"wp-image-1325\" title=\"\" srcset=\"https:\/\/taizynut.com\/wp-content\/uploads\/2026\/01\/walnut-cracking-machine.webp 720w, https:\/\/taizynut.com\/wp-content\/uploads\/2026\/01\/walnut-cracking-machine-300x225.webp 300w, https:\/\/taizynut.com\/wp-content\/uploads\/2026\/01\/walnut-cracking-machine-16x12.webp 16w\" sizes=\"auto, (max-width: 720px) 100vw, 720px\" \/><figcaption class=\"wp-element-caption\">M\u00e1quina para partir nueces<\/figcaption><\/figure>    <figure class=\"wp-block-image size-large\"><img loading=\"lazy\" decoding=\"async\" width=\"720\" height=\"540\" data-id=\"1326\" src=\"https:\/\/taizynut.com\/wp-content\/uploads\/2026\/01\/walnut-shell-removal-machine.webp\" alt=\"m\u00e1quina para quitar c\u00e1scaras de nueces\" class=\"wp-image-1326\" title=\"\" srcset=\"https:\/\/taizynut.com\/wp-content\/uploads\/2026\/01\/walnut-shell-removal-machine.webp 720w, https:\/\/taizynut.com\/wp-content\/uploads\/2026\/01\/walnut-shell-removal-machine-300x225.webp 300w, https:\/\/taizynut.com\/wp-content\/uploads\/2026\/01\/walnut-shell-removal-machine-16x12.webp 16w\" sizes=\"auto, (max-width: 720px) 100vw, 720px\" \/><figcaption class=\"wp-element-caption\">M\u00e1quina para quitar c\u00e1scaras de nueces<\/figcaption><\/figure> <\/figure>    <h2 class=\"wp-block-heading\"><strong>Aplicaci\u00f3n de la m\u00e1quina para descascarar nueces<\/strong><\/h2>    <p>La m\u00e1quina para descascarar nueces, mediante su dise\u00f1o mec\u00e1nico de compresi\u00f3n y fractura de c\u00e1scara, puede adaptarse a diversas materias primas de nueces con diferentes formas y durezas.<\/p>    <p class=\"translation-block\"><strong>Materias primas aplicables:<\/strong><\/p>    <ul class=\"wp-block-list\"> <li>Nueces comunes<\/li>    <li>Nueces silvestres<\/li>    <li>Nueces de nogal hickory<\/li>    <li>Nueces de macadamia<\/li> <\/ul>   <div class=\"wp-block-image\"> <figure class=\"aligncenter size-full\"><img loading=\"lazy\" decoding=\"async\" width=\"720\" height=\"540\" src=\"https:\/\/taizynut.com\/wp-content\/uploads\/2026\/01\/application-of-walnut-sheller.webp\" alt=\"Aplicaci\u00f3n de la descascaradora de nueces\" class=\"wp-image-1327\" title=\"\" srcset=\"https:\/\/taizynut.com\/wp-content\/uploads\/2026\/01\/application-of-walnut-sheller.webp 720w, https:\/\/taizynut.com\/wp-content\/uploads\/2026\/01\/application-of-walnut-sheller-300x225.webp 300w, https:\/\/taizynut.com\/wp-content\/uploads\/2026\/01\/application-of-walnut-sheller-16x12.webp 16w\" sizes=\"auto, (max-width: 720px) 100vw, 720px\" \/><figcaption class=\"wp-element-caption\">Aplicaci\u00f3n de la descascaradora de nueces<\/figcaption><\/figure> <\/div>   <p class=\"translation-block\"><strong>Escenarios de aplicaci\u00f3n:<\/strong><\/p>    <ul class=\"wp-block-list\"> <li>Industria de procesamiento de frutos secos y secos<\/li>    <li>Industria de procesamiento de alimentos primaria<\/li>    <li>Industria de comercio, adquisici\u00f3n y distribuci\u00f3n de frutos secos<\/li> <\/ul>    <h2 class=\"wp-block-heading\"><strong>Par\u00e1metros de la m\u00e1quina para partir nueces<\/strong><\/h2>    <figure class=\"wp-block-table\"><table class=\"has-fixed-layout\"><tbody><tr><td>Capacidad<\/td><td>200-400kg\/h<\/td><\/tr><tr><td>Fuerza<\/td><td>1.5kw<\/td><\/tr><tr><td>Voltaje<\/td><td>380v<\/td><\/tr><tr><td>Tasa de finalizaci\u00f3n<\/td><td>70%<\/td><\/tr><tr><td>Material de la m\u00e1quina<\/td><td>Acero al carbono<\/td><\/tr><tr><td>Peso de la m\u00e1quina<\/td><td>160kg<\/td><\/tr><tr><td>Tama\u00f1o de la m\u00e1quina<\/td><td>1.15*0.75*1.2m<\/td><\/tr><\/tbody><\/table><figcaption class=\"wp-element-caption\">Especificaciones de la m\u00e1quina para descascarar nueces<\/figcaption><\/figure>    <h2 class=\"wp-block-heading\"><strong>\u00bfC\u00f3mo funciona la m\u00e1quina para partir nueces?<\/strong><\/h2>    <p>The walnut shelling machine primarily relies on mechanical compression and fracturing mechanisms to apply pressure to the nut&#8217;s outer shell, causing the hard shell to crack and break. It can be used in conjunction with the shell and kernel separating machine.<\/p>    <figure class=\"wp-block-gallery has-nested-images columns-default is-cropped wp-block-gallery-3 is-layout-flex wp-block-gallery-is-layout-flex\"> <figure class=\"wp-block-image size-large\"><img loading=\"lazy\" decoding=\"async\" width=\"720\" height=\"540\" data-id=\"1328\" src=\"https:\/\/taizynut.com\/wp-content\/uploads\/2026\/01\/walnut-shell-remover.webp\" alt=\"m\u00e1quina para quitar c\u00e1scaras de nueces\" class=\"wp-image-1328\" title=\"\" srcset=\"https:\/\/taizynut.com\/wp-content\/uploads\/2026\/01\/walnut-shell-remover.webp 720w, https:\/\/taizynut.com\/wp-content\/uploads\/2026\/01\/walnut-shell-remover-300x225.webp 300w, https:\/\/taizynut.com\/wp-content\/uploads\/2026\/01\/walnut-shell-remover-16x12.webp 16w\" sizes=\"auto, (max-width: 720px) 100vw, 720px\" \/><figcaption class=\"wp-element-caption\">Descascaradora de nueces<\/figcaption><\/figure>    <figure class=\"wp-block-image size-large\"><img loading=\"lazy\" decoding=\"async\" width=\"720\" height=\"540\" data-id=\"1329\" src=\"https:\/\/taizynut.com\/wp-content\/uploads\/2026\/01\/walnut-shell-removing-machine.webp\" alt=\"m\u00e1quina para quitar c\u00e1scaras de nueces\" class=\"wp-image-1329\" title=\"\" srcset=\"https:\/\/taizynut.com\/wp-content\/uploads\/2026\/01\/walnut-shell-removing-machine.webp 720w, https:\/\/taizynut.com\/wp-content\/uploads\/2026\/01\/walnut-shell-removing-machine-300x225.webp 300w, https:\/\/taizynut.com\/wp-content\/uploads\/2026\/01\/walnut-shell-removing-machine-16x12.webp 16w\" sizes=\"auto, (max-width: 720px) 100vw, 720px\" \/><figcaption class=\"wp-element-caption\">M\u00e1quina para quitar c\u00e1scaras de nueces<\/figcaption><\/figure> <\/figure>    <h2 class=\"wp-block-heading\"><strong>Precio de la m\u00e1quina para quitar c\u00e1scaras de nueces<\/strong><\/h2>    <p>The price of the walnut shelling machine is not fixed but varies depending on the customer&#8217;s specific needs, mainly influenced by the following factors:<\/p>    <ol class=\"wp-block-list\"> <li><strong>Requisitos de personalizaci\u00f3n (voltaje)<\/strong>: Para adaptarse a las condiciones el\u00e9ctricas locales, pueden ser necesarias configuraciones personalizadas, como voltaje, frecuencia o tipo de motor, lo que afectar\u00e1 el costo total de la m\u00e1quina.<\/li>    <li><strong>Configuraci\u00f3n adicional del equipo<\/strong>: Si se requiere equipo adicional, como m\u00e1quina de clasificaci\u00f3n o separador de c\u00e1scara y n\u00facleo, el costo total aumentar\u00e1.<\/li>    <li><strong>Requisitos de exportaci\u00f3n y embalaje<\/strong>: La exportaci\u00f3n de maquinaria puede requerir embalaje especial, documentaci\u00f3n o cumplimiento de est\u00e1ndares espec\u00edficos, lo que puede variar el precio final.<\/li> <\/ol>   <div class=\"wp-block-image\"> <figure class=\"aligncenter size-full\"><img loading=\"lazy\" decoding=\"async\" width=\"720\" height=\"540\" src=\"https:\/\/taizynut.com\/wp-content\/uploads\/2026\/01\/walnut-shelling-machine.webp\" alt=\"m\u00e1quina para descascarar nueces\" class=\"wp-image-1330\" title=\"\" srcset=\"https:\/\/taizynut.com\/wp-content\/uploads\/2026\/01\/walnut-shelling-machine.webp 720w, https:\/\/taizynut.com\/wp-content\/uploads\/2026\/01\/walnut-shelling-machine-300x225.webp 300w, https:\/\/taizynut.com\/wp-content\/uploads\/2026\/01\/walnut-shelling-machine-16x12.webp 16w\" sizes=\"auto, (max-width: 720px) 100vw, 720px\" \/><figcaption class=\"wp-element-caption\">m\u00e1quina para descascarar nueces<\/figcaption><\/figure> <\/div>   <h2 class=\"wp-block-heading\"><strong>\u00bfPor qu\u00e9 elegir Taizy como su proveedor?<\/strong><\/h2>    <ol class=\"wp-block-list\"> <li><strong>Servicio profesional<\/strong>: Taizy cuenta con un sistema de servicio pre-venta y post-venta maduro, proporcionando soluciones de equipos claras y pr\u00e1cticas basadas en materiales del cliente, capacidad de producci\u00f3n y escenarios de uso.<\/li>    <li><strong>Precios m\u00e1s competitivos<\/strong>: Todos los equipos se fabrican en nuestra propia f\u00e1brica, eliminando intermediarios y ofreciendo a los clientes precios m\u00e1s competitivos sin comprometer la calidad.<\/li>    <li><strong>Amplia gama de equipos<\/strong>: Adem\u00e1s de la m\u00e1quina para descascarar nueces, Taizy tambi\u00e9n ofrece una variedad de equipos de procesamiento de frutos secos, como el <a href=\"https:\/\/taizynut.com\/es\/product\/almond-shelling-machine\/\">m\u00e1quina de descascarado de almendras<\/a> y el <a href=\"https:\/\/taizynut.com\/es\/product\/peanut-sheller-groundnut-shelling-and-stone-removing-machine\/\">m\u00e1quina descascaradora de man\u00ed<\/a>.<\/li>    <li><strong>Amplia experiencia en exportaci\u00f3n<\/strong>: Taizy lleva mucho tiempo en el negocio de exportaci\u00f3n de equipos, familiarizado con los est\u00e1ndares t\u00e9cnicos y procesos de entrega de diferentes pa\u00edses.<\/li> <\/ol>    <h2 class=\"wp-block-heading\"><strong>\u00a1Cont\u00e1ctenos para m\u00e1s informaci\u00f3n!<\/strong><\/h2>    <p>\u00bfBusca informaci\u00f3n sobre las configuraciones, precios o soluciones personalizadas de m\u00e1quinas para descascarar nueces? Taizy puede ofrecer asesoramiento experto y soluciones completas para ayudarle a elegir el equipo m\u00e1s adecuado. No dude en contactarnos para obtener informaci\u00f3n detallada del producto y soporte en soluciones de procesamiento.<\/p>","protected":false},"excerpt":{"rendered":"<p>This article mainly introduces the functions, advantages, and price of the walnut shelling machine. Our walnut sheller machine is used to remove the shells of walnuts and macadamia nuts. Its production capacity can reach 200-400 kilograms per hour.<\/p>","protected":false},"author":1,"featured_media":1331,"parent":0,"template":"","tags":[61,76],"product-type":[77],"class_list":["post-1322","product","type-product","status-publish","has-post-thumbnail","hentry","tag-nut","tag-walnut","product-type-walnut-processing"],"_links":{"self":[{"href":"https:\/\/taizynut.com\/es\/wp-json\/wp\/v2\/product\/1322","targetHints":{"allow":["GET"]}}],"collection":[{"href":"https:\/\/taizynut.com\/es\/wp-json\/wp\/v2\/product"}],"about":[{"href":"https:\/\/taizynut.com\/es\/wp-json\/wp\/v2\/types\/product"}],"author":[{"embeddable":true,"href":"https:\/\/taizynut.com\/es\/wp-json\/wp\/v2\/users\/1"}],"wp:featuredmedia":[{"embeddable":true,"href":"https:\/\/taizynut.com\/es\/wp-json\/wp\/v2\/media\/1331"}],"wp:attachment":[{"href":"https:\/\/taizynut.com\/es\/wp-json\/wp\/v2\/media?parent=1322"}],"wp:term":[{"taxonomy":"post_tag","embeddable":true,"href":"https:\/\/taizynut.com\/es\/wp-json\/wp\/v2\/tags?post=1322"},{"taxonomy":"product-type","embeddable":true,"href":"https:\/\/taizynut.com\/es\/wp-json\/wp\/v2\/product-type?post=1322"}],"curies":[{"name":"wp","href":"https:\/\/api.w.org\/{rel}","templated":true}]}}