{"id":1340,"date":"2026-01-27T16:22:29","date_gmt":"2026-01-27T08:22:29","guid":{"rendered":"https:\/\/taizynut.com\/?post_type=product&#038;p=1340"},"modified":"2026-01-27T17:04:37","modified_gmt":"2026-01-27T09:04:37","slug":"walnut-shell-and-kernel-separator","status":"publish","type":"product","link":"https:\/\/taizynut.com\/es\/product\/walnut-shell-and-kernel-separator\/","title":{"rendered":"Separador de c\u00e1scara y n\u00facleo de nuez"},"content":{"rendered":"<p class=\"translation-block\">La<strong>m\u00e1quina separadora de c\u00e1scara y n\u00facleo de nuez<\/strong>se utiliza para separar r\u00e1pidamente las nueces agrietadas en n\u00facleos y c\u00e1scaras limpias. Esta m\u00e1quina no solo es adecuada para nueces, sino que tambi\u00e9n se usa ampliamente para separar las c\u00e1scaras y n\u00facleos de otras nueces como almendras, avellanas y pacanas.<\/p>    <p>Nuestra m\u00e1quina separadora de c\u00e1scara y n\u00facleo de nuez est\u00e1 fabricada con acero al carbono de alta calidad, lo que la hace resistente, resistente al desgaste y duradera con una larga vida \u00fatil. Adem\u00e1s, ofrece una alta eficiencia de procesamiento, con una capacidad de 400 kg\/h. Es una m\u00e1quina clave en l\u00edneas de procesamiento primario y avanzado de frutos secos.<\/p>    <figure class=\"wp-block-embed is-type-video is-provider-youtube wp-block-embed-youtube wp-embed-aspect-16-9 wp-has-aspect-ratio\"><div class=\"wp-block-embed__wrapper\"> <iframe loading=\"lazy\" title=\"Automatic walnut shell kernel separating machine | How does walnut shell &amp; kernel separator work?\" width=\"500\" height=\"281\" src=\"https:\/\/www.youtube.com\/embed\/zU41kX0cjK8?feature=oembed\" frameborder=\"0\" allow=\"accelerometer; autoplay; clipboard-write; encrypted-media; gyroscope; picture-in-picture; web-share\" referrerpolicy=\"strict-origin-when-cross-origin\" allowfullscreen><\/iframe> <\/div><figcaption class=\"wp-element-caption\">Video de trabajo de la m\u00e1quina separadora de c\u00e1scara y n\u00facleo de nuez<\/figcaption><\/figure>    <h2 class=\"wp-block-heading\"><strong>Ventajas principales del separador de c\u00e1scara y n\u00facleo de nuez<\/strong><\/h2>    <ul class=\"wp-block-list\"> <li>El equipo <strong>utiliza la diferencia de peso<\/strong> entre c\u00e1scaras y n\u00facleos de nuez para su separaci\u00f3n. El proceso de separaci\u00f3n es continuo, resultando en un bajo porcentaje de c\u00e1scaras residuales en el producto terminado.<\/li>    <li>El proceso completo de separaci\u00f3n no depende de impactos fuertes, lo que efectivamente <strong>protegiendo la integridad de los n\u00facleos de nuez<\/strong> y las hace aptas para la clasificaci\u00f3n y envasado posteriores.<\/li>    <li>Nuestra m\u00e1quina separadora de c\u00e1scara y n\u00facleo de nuez tiene una distribuci\u00f3n razonable, <strong>ocupa un espacio reducido y funciona de manera estable<\/strong>, satisfaciendo las necesidades de procesamiento a largo plazo.<\/li>    <li>Nuestra m\u00e1quina de separaci\u00f3n de c\u00e1scara y n\u00facleo de frutos secos tiene un <strong>Amplio rango de aplicaciones<\/strong>. Es adecuada para varias nueces como nueces, almendras, avellanas y pacanas.<\/li>    <li>Se puede combinar con una m\u00e1quina de descascarado de nueces, m\u00e1quina de clasificaci\u00f3n y m\u00e1quina de clasificaci\u00f3n de n\u00facleos para formar una l\u00ednea de producci\u00f3n, logrando <strong>producci\u00f3n continua de descascarado, separaci\u00f3n y clasificaci\u00f3n de nueces<\/strong>.<\/li> <\/ul>    <figure class=\"wp-block-gallery has-nested-images columns-default is-cropped wp-block-gallery-2 is-layout-flex wp-block-gallery-is-layout-flex\"> <figure class=\"wp-block-image size-large\"><img loading=\"lazy\" decoding=\"async\" width=\"720\" height=\"540\" data-id=\"1303\" src=\"https:\/\/taizynut.com\/wp-content\/uploads\/2026\/01\/almond-shell-and-kernel-separator-machine.webp\" alt=\"separador de c\u00e1scara y n\u00facleo de nuez\" class=\"wp-image-1303\" title=\"\" srcset=\"https:\/\/taizynut.com\/wp-content\/uploads\/2026\/01\/almond-shell-and-kernel-separator-machine.webp 720w, https:\/\/taizynut.com\/wp-content\/uploads\/2026\/01\/almond-shell-and-kernel-separator-machine-300x225.webp 300w, https:\/\/taizynut.com\/wp-content\/uploads\/2026\/01\/almond-shell-and-kernel-separator-machine-16x12.webp 16w\" sizes=\"auto, (max-width: 720px) 100vw, 720px\" \/><figcaption class=\"wp-element-caption\">Separador de c\u00e1scara y n\u00facleo de nuez<\/figcaption><\/figure>    <figure class=\"wp-block-image size-large\"><img loading=\"lazy\" decoding=\"async\" width=\"1024\" height=\"683\" data-id=\"1305\" src=\"https:\/\/taizynut.com\/wp-content\/uploads\/2026\/01\/almond-shell-and-kernel-separator-1024x683.webp\" alt=\"m\u00e1quina separadora de c\u00e1scara y n\u00facleo de nuez\" class=\"wp-image-1305\" title=\"\" srcset=\"https:\/\/taizynut.com\/wp-content\/uploads\/2026\/01\/almond-shell-and-kernel-separator-1024x683.webp 1024w, https:\/\/taizynut.com\/wp-content\/uploads\/2026\/01\/almond-shell-and-kernel-separator-300x200.webp 300w, https:\/\/taizynut.com\/wp-content\/uploads\/2026\/01\/almond-shell-and-kernel-separator-768x513.webp 768w, https:\/\/taizynut.com\/wp-content\/uploads\/2026\/01\/almond-shell-and-kernel-separator-18x12.webp 18w, https:\/\/taizynut.com\/wp-content\/uploads\/2026\/01\/almond-shell-and-kernel-separator-1536x1025.webp 1536w, https:\/\/taizynut.com\/wp-content\/uploads\/2026\/01\/almond-shell-and-kernel-separator-2048x1367.webp 2048w\" sizes=\"auto, (max-width: 1024px) 100vw, 1024px\" \/><figcaption class=\"wp-element-caption\">M\u00e1quina separadora de c\u00e1scara y n\u00facleo de nuez<\/figcaption><\/figure> <\/figure>    <h2 class=\"wp-block-heading\"><strong>Aplicaci\u00f3n de la m\u00e1quina separadora de c\u00e1scara y n\u00facleo de nuez<\/strong><\/h2>    <p>Nuestra m\u00e1quina separadora de c\u00e1scara y n\u00facleo de nuez no se limita al procesamiento de nueces; tambi\u00e9n puede usarse para diversas materias primas de frutos secos, incluyendo pero no limitado a: nueces, almendras, avellanas, pacanas y otros frutos secos con c\u00e1scara. Con ajustes sencillos seg\u00fan las caracter\u00edsticas del material, se pueden lograr excelentes resultados de separaci\u00f3n.<\/p>   <div class=\"wp-block-image\"> <figure class=\"aligncenter size-full\"><img loading=\"lazy\" decoding=\"async\" width=\"720\" height=\"540\" src=\"https:\/\/taizynut.com\/wp-content\/uploads\/2026\/01\/aapplication-of-nut-shell-and-kernel-separator.webp\" alt=\"Aplicaci\u00f3n del separador de c\u00e1scara y n\u00facleo de frutos secos\" class=\"wp-image-1362\" title=\"\" srcset=\"https:\/\/taizynut.com\/wp-content\/uploads\/2026\/01\/aapplication-of-nut-shell-and-kernel-separator.webp 720w, https:\/\/taizynut.com\/wp-content\/uploads\/2026\/01\/aapplication-of-nut-shell-and-kernel-separator-300x225.webp 300w, https:\/\/taizynut.com\/wp-content\/uploads\/2026\/01\/aapplication-of-nut-shell-and-kernel-separator-16x12.webp 16w\" sizes=\"auto, (max-width: 720px) 100vw, 720px\" \/><figcaption class=\"wp-element-caption\">Aplicaci\u00f3n del separador de c\u00e1scara y n\u00facleo de frutos secos<\/figcaption><\/figure> <\/div>   <h2 class=\"wp-block-heading\"><strong>Par\u00e1metros de la m\u00e1quina separadora de c\u00e1scara y n\u00facleo de nuez<\/strong><\/h2>    <p>Para ayudar a los clientes a entender mejor el rendimiento de la m\u00e1quina separadora de c\u00e1scara y n\u00facleo de nuez, se enumeran a continuaci\u00f3n los principales par\u00e1metros t\u00e9cnicos del equipo:<\/p>    <figure class=\"wp-block-table\"><table class=\"has-fixed-layout\"><tbody><tr><td>Capacidad<\/td><td>400kg\/h<\/td><\/tr><tr><td>Fuerza<\/td><td>3kw<\/td><\/tr><tr><td>Voltaje<\/td><td>380v\/50hz<\/td><\/tr><tr><td>Material de la m\u00e1quina<\/td><td>Acero al carbono<\/td><\/tr><tr><td>Tama\u00f1o de la m\u00e1quina<\/td><td>2.2*0.8*1.6m<\/td><\/tr><\/tbody><\/table><figcaption class=\"wp-element-caption\">Par\u00e1metros de la m\u00e1quina de separaci\u00f3n de c\u00e1scara y n\u00facleo de nuez<\/figcaption><\/figure>    <h2 class=\"wp-block-heading\"><strong>\u00bfC\u00f3mo funciona la m\u00e1quina separadora de c\u00e1scara y n\u00facleo de frutos secos?<\/strong><\/h2>    <p>El separador de c\u00e1scara y n\u00facleo de nuez utiliza el principio de separaci\u00f3n por peso para separar las c\u00e1scaras de los n\u00facleos. Durante la operaci\u00f3n, la mezcla de c\u00e1scara y n\u00facleo entra en una pantalla vibratoria. Bajo el efecto de la vibraci\u00f3n, la mezcla se stratifica, los n\u00facleos de nuez m\u00e1s pesados suben y se descargan, mientras que las c\u00e1scaras m\u00e1s ligeras bajan y se separan y descargan.<\/p>    <figure class=\"wp-block-gallery has-nested-images columns-default is-cropped wp-block-gallery-3 is-layout-flex wp-block-gallery-is-layout-flex\"> <figure class=\"wp-block-image size-large\"><img loading=\"lazy\" decoding=\"async\" width=\"720\" height=\"540\" data-id=\"1341\" src=\"https:\/\/taizynut.com\/wp-content\/uploads\/2026\/01\/before-separation.webp\" alt=\"La m\u00e1quina separadora de c\u00e1scara y n\u00facleo de nuez Taizy puede separar la c\u00e1scara triturada de la nuez. Su capacidad es de 400 kg\/h y es adecuada para nueces, almendras y avellanas.\" class=\"wp-image-1341\" title=\"\" srcset=\"https:\/\/taizynut.com\/wp-content\/uploads\/2026\/01\/before-separation.webp 720w, https:\/\/taizynut.com\/wp-content\/uploads\/2026\/01\/before-separation-300x225.webp 300w, https:\/\/taizynut.com\/wp-content\/uploads\/2026\/01\/before-separation-16x12.webp 16w\" sizes=\"auto, (max-width: 720px) 100vw, 720px\" \/><figcaption class=\"wp-element-caption\">Antes de la separaci\u00f3n<\/figcaption><\/figure>    <figure class=\"wp-block-image size-large\"><img loading=\"lazy\" decoding=\"async\" width=\"1024\" height=\"683\" data-id=\"1300\" src=\"https:\/\/taizynut.com\/wp-content\/uploads\/2026\/01\/almond-shell-kernel-separating-equipment-1024x683.webp\" alt=\"m\u00e1quina separadora de c\u00e1scara y n\u00facleo de nuez\" class=\"wp-image-1300\" title=\"\" srcset=\"https:\/\/taizynut.com\/wp-content\/uploads\/2026\/01\/almond-shell-kernel-separating-equipment-1024x683.webp 1024w, https:\/\/taizynut.com\/wp-content\/uploads\/2026\/01\/almond-shell-kernel-separating-equipment-300x200.webp 300w, https:\/\/taizynut.com\/wp-content\/uploads\/2026\/01\/almond-shell-kernel-separating-equipment-768x513.webp 768w, https:\/\/taizynut.com\/wp-content\/uploads\/2026\/01\/almond-shell-kernel-separating-equipment-18x12.webp 18w, https:\/\/taizynut.com\/wp-content\/uploads\/2026\/01\/almond-shell-kernel-separating-equipment-1536x1025.webp 1536w, https:\/\/taizynut.com\/wp-content\/uploads\/2026\/01\/almond-shell-kernel-separating-equipment-2048x1367.webp 2048w\" sizes=\"auto, (max-width: 1024px) 100vw, 1024px\" \/><figcaption class=\"wp-element-caption\">Walnut Shell &Amp; Kernel Separating Machine<\/figcaption><\/figure>    <figure class=\"wp-block-image size-large\"><img loading=\"lazy\" decoding=\"async\" width=\"720\" height=\"540\" data-id=\"1342\" src=\"https:\/\/taizynut.com\/wp-content\/uploads\/2026\/01\/after-separation.webp\" alt=\"La separadora de c\u00e1scara y n\u00facleo de nuez Taizy puede separar la c\u00e1scara triturada de la nuez. Su capacidad es de 400kg\/h y es adecuada para nueces, almendras y avellanas.\" class=\"wp-image-1342\" title=\"\" srcset=\"https:\/\/taizynut.com\/wp-content\/uploads\/2026\/01\/after-separation.webp 720w, https:\/\/taizynut.com\/wp-content\/uploads\/2026\/01\/after-separation-300x225.webp 300w, https:\/\/taizynut.com\/wp-content\/uploads\/2026\/01\/after-separation-16x12.webp 16w\" sizes=\"auto, (max-width: 720px) 100vw, 720px\" \/><figcaption class=\"wp-element-caption\">Despu\u00e9s de la separaci\u00f3n<\/figcaption><\/figure> <\/figure>    <h2 class=\"wp-block-heading\"><strong>L\u00ednea de producci\u00f3n relacionada con el separador de c\u00e1scara y n\u00facleo de nuez<\/strong><\/h2>    <p>Adem\u00e1s de usarse de forma independiente, el separador de c\u00e1scara y n\u00facleo de nuez suele integrarse con el siguiente equipo para formar una l\u00ednea de producci\u00f3n completa de descascarado de nueces:<\/p>    <ul class=\"wp-block-list\"> <li>M\u00e1quina de clasificaci\u00f3n de nueces<\/li>    <li><a href=\"https:\/\/taizynut.com\/es\/product\/walnut-shelling-machine\/\">M\u00e1quina de descascarado de nueces<\/a><\/li>    <li>Separador de c\u00e1scara y n\u00facleo de nuez<\/li>    <li>M\u00e1quina de clasificaci\u00f3n de n\u00facleos de nuez<\/li> <\/ul>    <p>Toda la l\u00ednea de producci\u00f3n puede lograr una operaci\u00f3n continua desde la clasificaci\u00f3n y el descascarado hasta la separaci\u00f3n y clasificaci\u00f3n del n\u00facleo, mejorando significativamente la eficiencia general del procesamiento.<\/p>    <h2 class=\"wp-block-heading\"><strong>Preguntas frecuentes sobre la m\u00e1quina separadora de c\u00e1scara y n\u00facleo de nuez<\/strong><\/h2>   <div id=\"rank-math-faq\" class=\"rank-math-block\"> <div class=\"rank-math-list\"> <div id=\"faq-question-1769136321058\" class=\"rank-math-list-item\"> <h3 class=\"rank-math-question\">\u00bfQu\u00e9 materiales se pueden procesar?<\/h3> <div class=\"rank-math-answer\">  <p>Adecuado para varias nueces con c\u00e1scara, como nueces, almendras, avellanas y pacanas.<\/p>  <\/div> <\/div> <div id=\"faq-question-1769136394177\" class=\"rank-math-list-item\"> <h3 class=\"rank-math-question\">\u00bfEs alto el porcentaje de rotura de los n\u00facleos de nuez?<\/h3> <div class=\"rank-math-answer\">  <p>El m\u00e9todo de separaci\u00f3n suave resulta en una baja tasa de da\u00f1o a los n\u00facleos de nuez.<\/p>  <\/div> <\/div> <div id=\"faq-question-1769136470144\" class=\"rank-math-list-item\"> <h3 class=\"rank-math-question\">\u00bfSe puede personalizar el voltaje?<\/h3> <div class=\"rank-math-answer\">  <p>Voltaje personalizado disponible.<\/p>  <\/div> <\/div> <div id=\"faq-question-1769136507280\" class=\"rank-math-list-item\"> <h3 class=\"rank-math-question\">\u00bfSe proporciona una l\u00ednea completa de descascarado de nueces?<\/h3> <div class=\"rank-math-answer\">  <p>Ofrecemos l\u00edneas de producci\u00f3n completas y opciones personalizables.<\/p>  <\/div> <\/div> <\/div> <\/div>   <h2 class=\"wp-block-heading\"><strong>\u00a1Cont\u00e1ctenos ahora para comenzar!<\/strong><\/h2>    <p>Si busca un separador de c\u00e1scara y n\u00facleo de nuez eficiente o desea establecer una l\u00ednea de producci\u00f3n completa de descascarado de nueces, cont\u00e1ctenos. Podemos ofrecerle soluciones adecuadas y soporte t\u00e9cnico basado en sus materias primas, requisitos de capacidad de producci\u00f3n y escenarios de aplicaci\u00f3n.<\/p>","protected":false},"excerpt":{"rendered":"<p>This article mainly introduces the walnut shell and kernel separator. Taizy walnut shell and kernel separation machine can separate broken walnut shells from the kernels. This machine has a capacity of 400 kg\/hour and is suitable for nuts such as walnuts, almonds, and hazelnuts.<\/p>","protected":false},"author":1,"featured_media":1361,"parent":0,"template":"","tags":[61,76],"product-type":[77],"class_list":["post-1340","product","type-product","status-publish","has-post-thumbnail","hentry","tag-nut","tag-walnut","product-type-walnut-processing"],"_links":{"self":[{"href":"https:\/\/taizynut.com\/es\/wp-json\/wp\/v2\/product\/1340","targetHints":{"allow":["GET"]}}],"collection":[{"href":"https:\/\/taizynut.com\/es\/wp-json\/wp\/v2\/product"}],"about":[{"href":"https:\/\/taizynut.com\/es\/wp-json\/wp\/v2\/types\/product"}],"author":[{"embeddable":true,"href":"https:\/\/taizynut.com\/es\/wp-json\/wp\/v2\/users\/1"}],"wp:featuredmedia":[{"embeddable":true,"href":"https:\/\/taizynut.com\/es\/wp-json\/wp\/v2\/media\/1361"}],"wp:attachment":[{"href":"https:\/\/taizynut.com\/es\/wp-json\/wp\/v2\/media?parent=1340"}],"wp:term":[{"taxonomy":"post_tag","embeddable":true,"href":"https:\/\/taizynut.com\/es\/wp-json\/wp\/v2\/tags?post=1340"},{"taxonomy":"product-type","embeddable":true,"href":"https:\/\/taizynut.com\/es\/wp-json\/wp\/v2\/product-type?post=1340"}],"curies":[{"name":"wp","href":"https:\/\/api.w.org\/{rel}","templated":true}]}}