{"id":1343,"date":"2026-01-27T16:19:23","date_gmt":"2026-01-27T08:19:23","guid":{"rendered":"https:\/\/taizynut.com\/?post_type=product&#038;p=1343"},"modified":"2026-01-29T14:42:49","modified_gmt":"2026-01-29T06:42:49","slug":"1000kg-walnut-shelling-line","status":"publish","type":"product","link":"https:\/\/taizynut.com\/es\/product\/1000kg-walnut-shelling-line\/","title":{"rendered":"L\u00ednea de descascarado de nueces de 1000 kg\/h"},"content":{"rendered":"<p class=\"translation-block\">Taizy <strong>l\u00ednea de descascarado de nueces<\/strong> es una l\u00ednea de producci\u00f3n automatizada que integra clasificaci\u00f3n, descascarado, separaci\u00f3n de c\u00e1scara y n\u00facleo, y clasificaci\u00f3n de n\u00facleos. Toda la l\u00ednea de producci\u00f3n tiene una capacidad estable de hasta 1000kg\/h. Adem\u00e1s de nueces, esta l\u00ednea tambi\u00e9n es adecuada para el procesamiento de nueces de macadamia.<\/p>    <figure class=\"wp-block-embed is-type-video is-provider-youtube wp-block-embed-youtube wp-embed-aspect-16-9 wp-has-aspect-ratio\"><div class=\"wp-block-embed__wrapper\"> <iframe loading=\"lazy\" title=\"Demostraci\u00f3n de l\u00ednea de descascarado de nueces autom\u00e1tica completa | Equipo eficiente de procesamiento de nueces#nuez\" width=\"500\" height=\"281\" src=\"https:\/\/www.youtube.com\/embed\/eRGeQ0J158M?feature=oembed\" frameborder=\"0\" allow=\"accelerometer; autoplay; clipboard-write; encrypted-media; gyroscope; picture-in-picture; web-share\" referrerpolicy=\"strict-origin-when-cross-origin\" allowfullscreen><\/iframe> <\/div><figcaption class=\"wp-element-caption\">Video de trabajo de la l\u00ednea de descascarado de nueces<\/figcaption><\/figure>    <h2 class=\"wp-block-heading\"><strong>Ventajas de la l\u00ednea de procesamiento de nueces<\/strong><\/h2>    <ul class=\"wp-block-list\"> <li><strong>Alto grado de automatizaci\u00f3n<\/strong>: La l\u00ednea completa de descascarado de nueces puede realizar todo desde la alimentaci\u00f3n hasta la clasificaci\u00f3n de los n\u00facleos de nueces, reduciendo el trabajo manual y mejorando la eficiencia del procesamiento.<\/li>    <li><strong>Salida estable<\/strong>: Nuestra l\u00ednea de procesamiento de nueces tiene una productividad estable, con una capacidad de procesamiento de hasta 1 tonelada por hora.<\/li>    <li><strong>Baja tasa de rotura del n\u00facleo<\/strong>: La estructura de descascarado y separaci\u00f3n de n\u00facleo de esta l\u00ednea est\u00e1 bien dise\u00f1ada, reduciendo efectivamente la tasa de rotura del n\u00facleo.<\/li>    <li><strong>Amplio rango de aplicaciones<\/strong>: Nuestra l\u00ednea de eliminaci\u00f3n de c\u00e1scaras de nueces no solo es adecuada para nueces, sino tambi\u00e9n para el procesamiento de nueces de macadamia.<\/li>    <li><strong>Disponible personalizaci\u00f3n<\/strong>: Podemos ofrecer dise\u00f1os personalizados basados en el tama\u00f1o de la materia prima, voltaje y distribuci\u00f3n del sitio.<\/li> <\/ul>   <div class=\"wp-block-image\"> <figure class=\"aligncenter size-full\"><img loading=\"lazy\" decoding=\"async\" width=\"720\" height=\"540\" src=\"https:\/\/taizynut.com\/wp-content\/uploads\/2026\/01\/walnut-shelling-line.webp\" alt=\"L\u00ednea de descascarado de nueces\" class=\"wp-image-1344\" title=\"\" srcset=\"https:\/\/taizynut.com\/wp-content\/uploads\/2026\/01\/walnut-shelling-line.webp 720w, https:\/\/taizynut.com\/wp-content\/uploads\/2026\/01\/walnut-shelling-line-300x225.webp 300w, https:\/\/taizynut.com\/wp-content\/uploads\/2026\/01\/walnut-shelling-line-16x12.webp 16w\" sizes=\"auto, (max-width: 720px) 100vw, 720px\" \/><figcaption class=\"wp-element-caption\">L\u00ednea de descascarado de nueces<\/figcaption><\/figure> <\/div>   <h2 class=\"wp-block-heading\"><strong>Equipo principal para la l\u00ednea de procesamiento de nueces<\/strong><\/h2>    <p>Nuestro equipo de l\u00ednea de descascarado de nueces puede configurarse seg\u00fan las necesidades del cliente. La configuraci\u00f3n est\u00e1ndar es la siguiente:<\/p>    <ul class=\"wp-block-list\"> <li>M\u00e1quina de clasificaci\u00f3n de nueces<\/li>    <li>M\u00e1quina de descascarado de nueces<\/li>    <li>Separador de c\u00e1scara y n\u00facleo de nuez<\/li>    <li>M\u00e1quina de clasificaci\u00f3n de n\u00facleos de nueces<\/li> <\/ul>    <h2 class=\"wp-block-heading\"><strong>Principal<\/strong> <strong>Pasos para descascarar nueces<\/strong><\/h2>    <p>En el proceso de procesamiento de nueces, un flujo de proceso razonable es crucial para garantizar la eficiencia del descascarado y la calidad del producto. La l\u00ednea de descascarado de nueces Taizy adopta un dise\u00f1o continuo y automatizado, con operaci\u00f3n estable en cada etapa desde la entrada de materia prima hasta la salida del producto terminado. Los pasos de la l\u00ednea de producci\u00f3n de descascarado de nueces son los siguientes:<\/p>    <p class=\"translation-block\"><strong>Clasificaci\u00f3n de nueces \u2192 descascarado \u2192 separaci\u00f3n de c\u00e1scara y n\u00facleo \u2192 clasificaci\u00f3n de n\u00facleos de nueces.<\/strong><\/p>   <div class=\"wp-block-image\"> <figure class=\"aligncenter size-full\"><img loading=\"lazy\" decoding=\"async\" width=\"720\" height=\"540\" src=\"https:\/\/taizynut.com\/wp-content\/uploads\/2026\/01\/walnut-processing-line.webp\" alt=\"L\u00ednea de procesamiento de nueces\" class=\"wp-image-1345\" title=\"\" srcset=\"https:\/\/taizynut.com\/wp-content\/uploads\/2026\/01\/walnut-processing-line.webp 720w, https:\/\/taizynut.com\/wp-content\/uploads\/2026\/01\/walnut-processing-line-300x225.webp 300w, https:\/\/taizynut.com\/wp-content\/uploads\/2026\/01\/walnut-processing-line-16x12.webp 16w\" sizes=\"auto, (max-width: 720px) 100vw, 720px\" \/><figcaption class=\"wp-element-caption\">L\u00ednea de procesamiento de nueces<\/figcaption><\/figure> <\/div>   <h3 class=\"wp-block-heading\"><strong>Paso 1: Clasificaci\u00f3n de nueces<\/strong><\/h3>    <p>Las nueces crudas primero se alimentan en la m\u00e1quina de clasificaci\u00f3n de nueces mediante un elevador de alimentaci\u00f3n, donde se clasifican por di\u00e1metro. Este proceso de clasificaci\u00f3n asegura una distribuci\u00f3n uniforme de la fuerza durante el descascarado posterior, reduciendo efectivamente la tasa de rotura del n\u00facleo.<\/p>    <p>El equipo utilizado en este paso es la m\u00e1quina de clasificaci\u00f3n de nueces. Sus par\u00e1metros son los siguientes:<\/p>    <div class=\"wp-block-media-text is-stacked-on-mobile\"><figure class=\"wp-block-media-text__media\"><img loading=\"lazy\" decoding=\"async\" width=\"720\" height=\"540\" src=\"https:\/\/taizynut.com\/wp-content\/uploads\/2025\/12\/alomond-grading-machine.webp\" alt=\"walnut grading machine\" class=\"wp-image-1151 size-full\" title=\"\" srcset=\"https:\/\/taizynut.com\/wp-content\/uploads\/2025\/12\/alomond-grading-machine.webp 720w, https:\/\/taizynut.com\/wp-content\/uploads\/2025\/12\/alomond-grading-machine-300x225.webp 300w, https:\/\/taizynut.com\/wp-content\/uploads\/2025\/12\/alomond-grading-machine-16x12.webp 16w\" sizes=\"auto, (max-width: 720px) 100vw, 720px\" \/><\/figure><div class=\"wp-block-media-text__content\"> <p class=\"translation-block\"><strong>M\u00e1quina de clasificaci\u00f3n de nueces<\/strong><\/p>    <p>Capacidad de producci\u00f3n: 1000kg\/h<br>Dimensiones: 5.5*1.1*2.5m<br>Peso: 2300kg<br>Material: Acero al carbono<br>Potencia del motor: 2,2 kw<br>Voltaje: 380V\/50Hz<br>Material: Acero al carbono<br>P.D.: Dividido en cuatro niveles<\/p> <\/div><\/div>    <h3 class=\"wp-block-heading\"><strong>Paso 2: Descascara de nueces<\/strong><\/h3>    <p class=\"translation-block\">Las nueces clasificadas se alimentan en las <a href=\"https:\/\/taizynut.com\/es\/product\/walnut-shelling-machine\/\">m\u00e1quinas de descascarado de nueces<\/a> correspondientes. Diferentes m\u00e1quinas de descascarar est\u00e1n dise\u00f1adas para procesar nueces de varios tama\u00f1os, logrando un equilibrio entre una alta tasa de descascarado y una baja tasa de rotura del n\u00facleo.<\/p>    <p>Nuestra m\u00e1quina eliminadora de c\u00e1scaras de nueces se caracteriza por su velocidad y eficiencia. Adem\u00e1s de procesar nueces, tambi\u00e9n puede usarse para procesar nueces de macadamia. Sus especificaciones son las siguientes:<\/p>    <div class=\"wp-block-media-text is-stacked-on-mobile\"><figure class=\"wp-block-media-text__media\"><img loading=\"lazy\" decoding=\"async\" width=\"720\" height=\"540\" src=\"https:\/\/taizynut.com\/wp-content\/uploads\/2026\/01\/walnut-shelling-machine.webp\" alt=\"m\u00e1quina para descascarar nueces\" class=\"wp-image-1330 size-full\" title=\"\" srcset=\"https:\/\/taizynut.com\/wp-content\/uploads\/2026\/01\/walnut-shelling-machine.webp 720w, https:\/\/taizynut.com\/wp-content\/uploads\/2026\/01\/walnut-shelling-machine-300x225.webp 300w, https:\/\/taizynut.com\/wp-content\/uploads\/2026\/01\/walnut-shelling-machine-16x12.webp 16w\" sizes=\"auto, (max-width: 720px) 100vw, 720px\" \/><\/figure><div class=\"wp-block-media-text__content\"> <p class=\"translation-block\"><strong>M\u00e1quina de descascarado de nueces<\/strong><\/p>    <p>Capacidad de producci\u00f3n: 400kg\/h<br>Dimensiones: 2.2*0.8*1.6m<br>Potencia: 3kw<br>Voltaje: 380V\/50Hz<br>Material: Acero al carbono<br>P.D.: La cantidad puede seleccionarse seg\u00fan los requisitos.<\/p> <\/div><\/div>    <h3 class=\"wp-block-heading\"><strong>Paso 3: Separaci\u00f3n de c\u00e1scara y n\u00facleo de nueces<\/strong><\/h3>    <p>La mezcla de c\u00e1scaras y n\u00facleos, despu\u00e9s de ser descascarados, entra en la m\u00e1quina separadora de c\u00e1scara y n\u00facleo. Esta m\u00e1quina utiliza las diferencias en peso y superficie entre las c\u00e1scaras y los n\u00facleos de nueces para separarlos de manera eficiente, resultando en n\u00facleos de nueces relativamente limpios.<\/p>    <p>Esta m\u00e1quina separadora de c\u00e1scara y n\u00facleo tiene un amplio rango de aplicaciones y es adecuada para nueces, almendras, pacanas, nueces de macadamia, etc. Informaci\u00f3n detallada a continuaci\u00f3n:<\/p>    <div class=\"wp-block-media-text is-stacked-on-mobile\"><figure class=\"wp-block-media-text__media\"><img loading=\"lazy\" decoding=\"async\" width=\"720\" height=\"540\" src=\"https:\/\/taizynut.com\/wp-content\/uploads\/2026\/01\/almond-shell-and-kernel-separator-machine.webp\" alt=\"separador de c\u00e1scara y n\u00facleo de nuez\" class=\"wp-image-1303 size-full\" title=\"\" srcset=\"https:\/\/taizynut.com\/wp-content\/uploads\/2026\/01\/almond-shell-and-kernel-separator-machine.webp 720w, https:\/\/taizynut.com\/wp-content\/uploads\/2026\/01\/almond-shell-and-kernel-separator-machine-300x225.webp 300w, https:\/\/taizynut.com\/wp-content\/uploads\/2026\/01\/almond-shell-and-kernel-separator-machine-16x12.webp 16w\" sizes=\"auto, (max-width: 720px) 100vw, 720px\" \/><\/figure><div class=\"wp-block-media-text__content\"> <p class=\"translation-block\"><strong>Separador de c\u00e1scara y n\u00facleo de nueces<\/strong><\/p>    <p>Dimensiones: 2.6*1.1*1.6m<br>Potencia: 1.5 kw<br>Voltaje: 380V\/50Hz<br>Material: Acero al carbono<\/p> <\/div><\/div>    <h3 class=\"wp-block-heading\"><strong>Paso 4: Clasificaci\u00f3n del n\u00facleo de nueces<\/strong><\/h3>    <p>Los n\u00facleos de nuez separados se env\u00edan a la m\u00e1quina de clasificaci\u00f3n de n\u00facleos de nuez. La m\u00e1quina puede clasificar los n\u00facleos seg\u00fan sus diferentes tama\u00f1os. Los n\u00facleos clasificados pueden satisfacer mejor las necesidades de diferentes mercados y requisitos de procesamiento.<\/p>    <div class=\"wp-block-media-text is-stacked-on-mobile\"><figure class=\"wp-block-media-text__media\"><img loading=\"lazy\" decoding=\"async\" width=\"720\" height=\"540\" src=\"https:\/\/taizynut.com\/wp-content\/uploads\/2025\/12\/kernel-grading-machine.webp\" alt=\"m\u00e1quina de clasificaci\u00f3n de kernels\" class=\"wp-image-1155 size-full\" title=\"\" srcset=\"https:\/\/taizynut.com\/wp-content\/uploads\/2025\/12\/kernel-grading-machine.webp 720w, https:\/\/taizynut.com\/wp-content\/uploads\/2025\/12\/kernel-grading-machine-300x225.webp 300w, https:\/\/taizynut.com\/wp-content\/uploads\/2025\/12\/kernel-grading-machine-16x12.webp 16w\" sizes=\"auto, (max-width: 720px) 100vw, 720px\" \/><\/figure><div class=\"wp-block-media-text__content\"> <p class=\"translation-block\"><strong>M\u00e1quina de clasificaci\u00f3n de n\u00facleos de nueces<\/strong><\/p>    <p>Dimensiones: 1500*800*1250 mm<br>Potencia: 0.75 kw<br>Niveles de clasificaci\u00f3n: 5<\/p> <\/div><\/div>    <h2 class=\"wp-block-heading\"><strong>Aplicaci\u00f3n de la l\u00ednea de descascarado de nueces<\/strong><\/h2>    <p>La l\u00ednea de descascarado de nueces puede usarse para procesar nueces y nueces de macadamia. Es ampliamente utilizada en varias industrias de procesamiento de frutos secos, adecuada tanto para procesamiento primario como para satisfacer las necesidades de suministro estable de empresas de procesamiento profundo. Industrias aplicables incluyen:<\/p>    <ul class=\"wp-block-list\"> <li>Industria de horneado<\/li>    <li>Industria de procesamiento profundo de frutos secos<\/li>    <li>Procesamiento de alimentos de snack<\/li> <\/ul>    <figure class=\"wp-block-gallery has-nested-images columns-default is-cropped wp-block-gallery-2 is-layout-flex wp-block-gallery-is-layout-flex\"> <figure class=\"wp-block-image size-large\"><img loading=\"lazy\" decoding=\"async\" width=\"720\" height=\"540\" data-id=\"1346\" src=\"https:\/\/taizynut.com\/wp-content\/uploads\/2026\/01\/application-of-walnut-pocessing-line.webp\" alt=\"Aplicaci\u00f3n de la l\u00ednea de procesamiento de nueces\" class=\"wp-image-1346\" title=\"\" srcset=\"https:\/\/taizynut.com\/wp-content\/uploads\/2026\/01\/application-of-walnut-pocessing-line.webp 720w, https:\/\/taizynut.com\/wp-content\/uploads\/2026\/01\/application-of-walnut-pocessing-line-300x225.webp 300w, https:\/\/taizynut.com\/wp-content\/uploads\/2026\/01\/application-of-walnut-pocessing-line-16x12.webp 16w\" sizes=\"auto, (max-width: 720px) 100vw, 720px\" \/><figcaption class=\"wp-element-caption\">Aplicaci\u00f3n de la l\u00ednea de procesamiento de nueces<\/figcaption><\/figure>    <figure class=\"wp-block-image size-large\"><img loading=\"lazy\" decoding=\"async\" width=\"720\" height=\"540\" data-id=\"1347\" src=\"https:\/\/taizynut.com\/wp-content\/uploads\/2026\/01\/application-of-walnut-shelling-line.webp\" alt=\"Aplicaci\u00f3n de la l\u00ednea de descascarado de nueces\" class=\"wp-image-1347\" title=\"\" srcset=\"https:\/\/taizynut.com\/wp-content\/uploads\/2026\/01\/application-of-walnut-shelling-line.webp 720w, https:\/\/taizynut.com\/wp-content\/uploads\/2026\/01\/application-of-walnut-shelling-line-300x225.webp 300w, https:\/\/taizynut.com\/wp-content\/uploads\/2026\/01\/application-of-walnut-shelling-line-16x12.webp 16w\" sizes=\"auto, (max-width: 720px) 100vw, 720px\" \/><figcaption class=\"wp-element-caption\">Aplicaci\u00f3n de la l\u00ednea de descascarado de nueces<\/figcaption><\/figure> <\/figure>    <h2 class=\"wp-block-heading\"><strong>Precio de la l\u00ednea de procesamiento de nueces<\/strong><\/h2>    <p>El precio de la l\u00ednea de descascarado de nueces no es fijo, sino que se determina por una combinaci\u00f3n de factores, principalmente los siguientes:<\/p>    <ul class=\"wp-block-list\"> <li><strong>Capacidad de producci\u00f3n y capacidad de procesamiento<\/strong>: Los diferentes clientes tienen diferentes requisitos de producci\u00f3n, y la configuraci\u00f3n del equipo y la carga de trabajo se ajustar\u00e1n en consecuencia. Una mayor capacidad de producci\u00f3n conduce a una configuraci\u00f3n general de l\u00ednea y precio m\u00e1s altos.<\/li>    <li><strong>Combinaci\u00f3n de configuraci\u00f3n de la m\u00e1quina<\/strong>: La configuraci\u00f3n del equipo de la l\u00ednea de procesamiento de nueces var\u00eda seg\u00fan las necesidades del cliente, lo que tambi\u00e9n afecta el precio.<\/li>    <li><strong>Requisitos de personalizaci\u00f3n<\/strong>: Esto incluye voltaje y frecuencia personalizados, materiales del equipo y adaptabilidad tanto para nueces como para nueces de macadamia. Cuanto mayor sea el grado de personalizaci\u00f3n, mayor ser\u00e1 el costo.<\/li>    <li><strong>Pol\u00edticas de transporte y destino<\/strong>: Los diferentes pa\u00edses y regiones tienen diferentes m\u00e9todos de transporte, requisitos de embalaje, aranceles y pol\u00edticas de despacho, lo que resulta en costos finales de entrega variables.<\/li> <\/ul>    <h2 class=\"wp-block-heading\"><strong>Preguntas frecuentes sobre la l\u00ednea de producci\u00f3n de descascarado de nueces<\/strong><\/h2>   <div id=\"rank-math-faq\" class=\"rank-math-block\"> <div class=\"rank-math-list\"> <div id=\"faq-question-1769397818050\" class=\"rank-math-list-item\"> <h3 class=\"rank-math-question\">\u00bfQu\u00e9 materiales se pueden procesar?<\/h3> <div class=\"rank-math-answer\">  <p>Nueces y nueces de macadamia.<\/p>  <\/div> <\/div> <div id=\"faq-question-1769397913797\" class=\"rank-math-list-item\"> <h3 class=\"rank-math-question\">\u00bfCu\u00e1l es la capacidad de producci\u00f3n?<\/h3> <div class=\"rank-math-answer\">  <p>1000 kg\/h (personalizable seg\u00fan requisitos).<\/p>  <\/div> <\/div> <div id=\"faq-question-1769397972384\" class=\"rank-math-list-item\"> <h3 class=\"rank-math-question\">\u00bfSe ofrecen servicios de personalizaci\u00f3n de voltaje?<\/h3> <div class=\"rank-math-answer\">  <p>\u00bfSe puede personalizar el voltaje seg\u00fan la regi\u00f3n?<\/p>  <\/div> <\/div> <div id=\"faq-question-1769398125998\" class=\"rank-math-list-item\"> <h3 class=\"rank-math-question\">\u00bfEs posible ajustar la disposici\u00f3n de la l\u00ednea de producci\u00f3n?<\/h3> <div class=\"rank-math-answer\">  <p>Toda la l\u00ednea de descascarado de nueces adopta un dise\u00f1o modular, permitiendo una disposici\u00f3n flexible seg\u00fan el espacio disponible.<\/p>  <\/div> <\/div> <\/div> <\/div>   <h2 class=\"wp-block-heading\"><strong>\u00bfPor qu\u00e9 elegir Taizy como su proveedor?<\/strong><\/h2>    <ul class=\"wp-block-list\"> <li>Fabricamos y vendemos nuestros productos directamente, lo que resulta en precios m\u00e1s competitivos.<\/li>    <li>Ofrecemos una gama completa de equipos de procesamiento de frutos secos y tenemos amplia experiencia.<\/li>    <li>Nuestras operaciones de exportaci\u00f3n est\u00e1n bien establecidas, soportando varias tensiones y est\u00e1ndares nacionales.<\/li>    <li>Ofrecemos dise\u00f1o completo de la l\u00ednea de producci\u00f3n y soporte postventa.<\/li> <\/ul>    <h2 class=\"wp-block-heading\"><strong>\u00a1Cont\u00e1ctenos de inmediato!<\/strong><\/h2>    <p>Si busca una l\u00ednea de descascarado de nueces eficiente u otras l\u00edneas de procesamiento de frutos secos, no dude en contactarnos. Podemos personalizar una soluci\u00f3n de procesamiento adecuada basada en las caracter\u00edsticas de su materia prima, necesidades de producci\u00f3n y presupuesto.<\/p>","protected":false},"excerpt":{"rendered":"<p>This article describes a 1000 kg\/h walnut shelling line, mainly composed of walnut grading machine, walnut shelling machine, shell-kernel separation machine, and walnut kernel grading machine. This production line is suitable for processing walnuts and macadamia nuts.<\/p>","protected":false},"author":1,"featured_media":1359,"parent":0,"template":"","tags":[61,76],"product-type":[29,77],"class_list":["post-1343","product","type-product","status-publish","has-post-thumbnail","hentry","tag-nut","tag-walnut","product-type-product-line","product-type-walnut-processing"],"_links":{"self":[{"href":"https:\/\/taizynut.com\/es\/wp-json\/wp\/v2\/product\/1343","targetHints":{"allow":["GET"]}}],"collection":[{"href":"https:\/\/taizynut.com\/es\/wp-json\/wp\/v2\/product"}],"about":[{"href":"https:\/\/taizynut.com\/es\/wp-json\/wp\/v2\/types\/product"}],"author":[{"embeddable":true,"href":"https:\/\/taizynut.com\/es\/wp-json\/wp\/v2\/users\/1"}],"wp:featuredmedia":[{"embeddable":true,"href":"https:\/\/taizynut.com\/es\/wp-json\/wp\/v2\/media\/1359"}],"wp:attachment":[{"href":"https:\/\/taizynut.com\/es\/wp-json\/wp\/v2\/media?parent=1343"}],"wp:term":[{"taxonomy":"post_tag","embeddable":true,"href":"https:\/\/taizynut.com\/es\/wp-json\/wp\/v2\/tags?post=1343"},{"taxonomy":"product-type","embeddable":true,"href":"https:\/\/taizynut.com\/es\/wp-json\/wp\/v2\/product-type?post=1343"}],"curies":[{"name":"wp","href":"https:\/\/api.w.org\/{rel}","templated":true}]}}