{"id":1349,"date":"2026-01-27T16:24:04","date_gmt":"2026-01-27T08:24:04","guid":{"rendered":"https:\/\/taizynut.com\/?post_type=product&#038;p=1349"},"modified":"2026-01-27T17:26:00","modified_gmt":"2026-01-27T09:26:00","slug":"hazelnut-opening-machine","status":"publish","type":"product","link":"https:\/\/taizynut.com\/es\/product\/hazelnut-opening-machine\/","title":{"rendered":"M\u00e1quina de apertura de avellanas"},"content":{"rendered":"<p class=\"translation-block\">La funci\u00f3n principal de la <strong>m\u00e1quina de apertura de avellanas<\/strong> es crear aberturas regulares en las c\u00e1scaras de avellanas a trav\u00e9s de una combinaci\u00f3n de vapor y presi\u00f3n mec\u00e1nica. Este equipo se puede utilizar junto con otros equipos como la m\u00e1quina de remojo de avellanas, elevadores, secadores y m\u00e1quinas de embalaje.<\/p>    <p>Nuestro equipo de apertura de avellanas viene en tres tama\u00f1os: configuraciones de dos grupos, tres grupos y cuatro grupos, con cada grupo teniendo cinco canales. Tiene una capacidad de producci\u00f3n de 250-600kg\/h y es adecuado para panader\u00edas, plantas de procesamiento de nueces y instalaciones similares.<\/p>    <figure class=\"wp-block-embed is-type-video is-provider-youtube wp-block-embed-youtube wp-embed-aspect-16-9 wp-has-aspect-ratio\"><div class=\"wp-block-embed__wrapper\"> <iframe loading=\"lazy\" title=\"Demostraci\u00f3n de m\u00e1quina de apertura de avellanas m\u00e1s vendida | Procesamiento de avellanas de alta eficiencia #avellanas\" width=\"500\" height=\"281\" src=\"https:\/\/www.youtube.com\/embed\/vSmSfCEkXTU?feature=oembed\" frameborder=\"0\" allow=\"accelerometer; autoplay; clipboard-write; encrypted-media; gyroscope; picture-in-picture; web-share\" referrerpolicy=\"strict-origin-when-cross-origin\" allowfullscreen><\/iframe> <\/div><figcaption class=\"wp-element-caption\">proceso de trabajo de la m\u00e1quina de procesamiento de avellanas<\/figcaption><\/figure>    <h2 class=\"wp-block-heading\"><strong>Destacar de la m\u00e1quina abridora de avellanas<\/strong><\/h2>    <ul class=\"wp-block-list\"> <li>El generador de vapor, combinado con la estructura de extrusi\u00f3n, asegura una apertura uniforme y estable.<\/li>    <li>El dise\u00f1o de m\u00faltiples canales permite una alta capacidad de procesamiento y eficiencia.<\/li>    <li>La operaci\u00f3n automatizada reduce los costos laborales.<\/li>    <li>La estructura compacta asegura un funcionamiento suave y un f\u00e1cil mantenimiento.<\/li>    <li>Diferentes especificaciones est\u00e1n disponibles para satisfacer diversas necesidades de producci\u00f3n.<\/li> <\/ul>   <div class=\"wp-block-image\"> <figure class=\"aligncenter size-full\"><img loading=\"lazy\" decoding=\"async\" width=\"720\" height=\"540\" src=\"https:\/\/taizynut.com\/wp-content\/uploads\/2026\/01\/hazelnut-opening-machine.webp\" alt=\"m\u00e1quina de apertura de avellanas\" class=\"wp-image-1350\" title=\"\" srcset=\"https:\/\/taizynut.com\/wp-content\/uploads\/2026\/01\/hazelnut-opening-machine.webp 720w, https:\/\/taizynut.com\/wp-content\/uploads\/2026\/01\/hazelnut-opening-machine-300x225.webp 300w, https:\/\/taizynut.com\/wp-content\/uploads\/2026\/01\/hazelnut-opening-machine-16x12.webp 16w\" sizes=\"auto, (max-width: 720px) 100vw, 720px\" \/><figcaption class=\"wp-element-caption\">m\u00e1quina de apertura de avellanas<\/figcaption><\/figure> <\/div>   <h2 class=\"wp-block-heading\"><strong>\u00bfC\u00f3mo funciona la m\u00e1quina abridora de avellanas?<\/strong><\/h2>    <p>Esta m\u00e1quina de apertura de avellanas est\u00e1 equipada con un generador de vapor que produce continuamente vapor dentro del canal para ablandar las c\u00e1scaras de avellanas. Luego, las avellanas se comprimen entre dos discos de presi\u00f3n dentro del canal, permitiendo que se abran de forma natural sin da\u00f1ar los n\u00facleos.<\/p>    <figure class=\"wp-block-gallery has-nested-images columns-default is-cropped wp-block-gallery-2 is-layout-flex wp-block-gallery-is-layout-flex\"> <figure class=\"wp-block-image size-large\"><img loading=\"lazy\" decoding=\"async\" width=\"720\" height=\"540\" data-id=\"1351\" src=\"https:\/\/taizynut.com\/wp-content\/uploads\/2026\/01\/hazelnut-opener-machine.webp\" alt=\"M\u00e1quina de remojo de avellanas y elevador\" class=\"wp-image-1351\" title=\"\" srcset=\"https:\/\/taizynut.com\/wp-content\/uploads\/2026\/01\/hazelnut-opener-machine.webp 720w, https:\/\/taizynut.com\/wp-content\/uploads\/2026\/01\/hazelnut-opener-machine-300x225.webp 300w, https:\/\/taizynut.com\/wp-content\/uploads\/2026\/01\/hazelnut-opener-machine-16x12.webp 16w\" sizes=\"auto, (max-width: 720px) 100vw, 720px\" \/><figcaption class=\"wp-element-caption\">M\u00e1quina abridora de avellanas<\/figcaption><\/figure>    <figure class=\"wp-block-image size-large\"><img loading=\"lazy\" decoding=\"async\" width=\"720\" height=\"540\" data-id=\"1352\" src=\"https:\/\/taizynut.com\/wp-content\/uploads\/2026\/01\/hazelnut-opener.webp\" alt=\"m\u00e1quina industrial de apertura de avellanas\" class=\"wp-image-1352\" title=\"\" srcset=\"https:\/\/taizynut.com\/wp-content\/uploads\/2026\/01\/hazelnut-opener.webp 720w, https:\/\/taizynut.com\/wp-content\/uploads\/2026\/01\/hazelnut-opener-300x225.webp 300w, https:\/\/taizynut.com\/wp-content\/uploads\/2026\/01\/hazelnut-opener-16x12.webp 16w\" sizes=\"auto, (max-width: 720px) 100vw, 720px\" \/><figcaption class=\"wp-element-caption\">Abridor de avellanas<\/figcaption><\/figure> <\/figure>    <h2 class=\"wp-block-heading\"><strong>Especificaciones de la m\u00e1quina de apertura de c\u00e1scaras de avellanas<\/strong><\/h2>    <p>Nuestra m\u00e1quina de apertura de avellanas m\u00e1s vendida viene en tres tama\u00f1os: dos grupos, tres grupos y cuatro grupos. Cada grupo tiene cinco canales. Las especificaciones son las siguientes:<\/p>    <figure class=\"wp-block-table\"><table><tbody><tr><td>Modelo<\/td><td>Dos grupos<\/td><td>Tres grupos<\/td><td>Cuatro grupos<\/td><\/tr><tr><td>Potencia total<\/td><td>13.1kw<\/td><td>16kw<\/td><td>18kw<\/td><\/tr><tr><td>Capacidad<\/td><td>250-300kg\/h<\/td><td>350-450kg\/h<\/td><td>500-600kg\/h<\/td><\/tr><tr><td>Evaporaci\u00f3n<\/td><td>70-90kg\/h<\/td><td>80-110kg\/h<\/td><td>80-110kg\/h<\/td><\/tr><tr><td>Consumo de gas natural<\/td><td>5m\u00b3\/h<\/td><td>7m\u00b3\/h<\/td><td>7m\u00b3\/h<\/td><\/tr><tr><td>Consumo de gas licuado de petr\u00f3leo<\/td><td>3.5kg\/h<\/td><td>5kg\/h<\/td><td>5kg\/h<\/td><\/tr><\/tbody><\/table><figcaption class=\"wp-element-caption\">par\u00e1metros de la m\u00e1quina de apertura de c\u00e1scaras de avellanas<\/figcaption><\/figure>    <h2 class=\"wp-block-heading\"><strong>Aplicable<\/strong> <strong>escenarios de equipos de apertura de avellanas<\/strong><\/h2>    <p>El equipo de apertura de avellanas se utiliza principalmente en los siguientes escenarios:<\/p>    <ul class=\"wp-block-list\"> <li>Plantas de tostado y procesamiento de avellanas<\/li>    <li>Empresas de procesamiento de nueces<\/li>    <li>Talleres de procesamiento primario de avellanas a gran escala<\/li>    <li>Empresas de exportaci\u00f3n y marca de avellanas<\/li> <\/ul>    <figure class=\"wp-block-gallery has-nested-images columns-default is-cropped wp-block-gallery-3 is-layout-flex wp-block-gallery-is-layout-flex\"> <figure class=\"wp-block-image size-large\"><img loading=\"lazy\" decoding=\"async\" width=\"720\" height=\"540\" data-id=\"1353\" src=\"https:\/\/taizynut.com\/wp-content\/uploads\/2026\/01\/hazelnuts-before-processing.webp\" alt=\"avellana\" class=\"wp-image-1353\" title=\"\" srcset=\"https:\/\/taizynut.com\/wp-content\/uploads\/2026\/01\/hazelnuts-before-processing.webp 720w, https:\/\/taizynut.com\/wp-content\/uploads\/2026\/01\/hazelnuts-before-processing-300x225.webp 300w, https:\/\/taizynut.com\/wp-content\/uploads\/2026\/01\/hazelnuts-before-processing-16x12.webp 16w\" sizes=\"auto, (max-width: 720px) 100vw, 720px\" \/><figcaption class=\"wp-element-caption\">Avellanas antes del procesamiento<\/figcaption><\/figure>    <figure class=\"wp-block-image size-large\"><img loading=\"lazy\" decoding=\"async\" width=\"720\" height=\"540\" data-id=\"1354\" src=\"https:\/\/taizynut.com\/wp-content\/uploads\/2026\/01\/hazelnut-opening-equipment.webp\" alt=\"La m\u00e1quina de apertura de avellanas de Taizy puede abrir avellanas de manera r\u00e1pida y autom\u00e1tica de manera uniforme y consistente. Funciona de manera estable, con una capacidad de 250-600kg\/h.\" class=\"wp-image-1354\" title=\"\" srcset=\"https:\/\/taizynut.com\/wp-content\/uploads\/2026\/01\/hazelnut-opening-equipment.webp 720w, https:\/\/taizynut.com\/wp-content\/uploads\/2026\/01\/hazelnut-opening-equipment-300x225.webp 300w, https:\/\/taizynut.com\/wp-content\/uploads\/2026\/01\/hazelnut-opening-equipment-16x12.webp 16w\" sizes=\"auto, (max-width: 720px) 100vw, 720px\" \/><figcaption class=\"wp-element-caption\">Equipo de apertura de avellanas<\/figcaption><\/figure>    <figure class=\"wp-block-image size-large\"><img loading=\"lazy\" decoding=\"async\" width=\"720\" height=\"540\" data-id=\"1355\" src=\"https:\/\/taizynut.com\/wp-content\/uploads\/2026\/01\/processed-hazelnuts.webp\" alt=\"avellana\" class=\"wp-image-1355\" title=\"\" srcset=\"https:\/\/taizynut.com\/wp-content\/uploads\/2026\/01\/processed-hazelnuts.webp 720w, https:\/\/taizynut.com\/wp-content\/uploads\/2026\/01\/processed-hazelnuts-300x225.webp 300w, https:\/\/taizynut.com\/wp-content\/uploads\/2026\/01\/processed-hazelnuts-16x12.webp 16w\" sizes=\"auto, (max-width: 720px) 100vw, 720px\" \/><figcaption class=\"wp-element-caption\">Avellanas procesadas<\/figcaption><\/figure> <\/figure>    <p>Usar la m\u00e1quina de apertura de avellanas puede mejorar significativamente la consistencia del procesamiento y reducir la ineficiencia y las p\u00e9rdidas asociadas con el descascarado manual.<\/p>    <h2 class=\"wp-block-heading\"><strong>L\u00ednea de producci\u00f3n relacionada<\/strong><\/h2>    <p>En la producci\u00f3n real, la m\u00e1quina de apertura de avellanas se utiliza a menudo junto con el siguiente equipo para formar una l\u00ednea completa de procesamiento de avellanas:<\/p>    <ul class=\"wp-block-list\"> <li>M\u00e1quina de remojo de avellanas<\/li>    <li>Elevador<\/li>    <li>Equipo de apertura de avellanas<\/li>    <li>Secador de avellanas<\/li>    <li>M\u00e1quina de embalaje autom\u00e1tica<\/li> <\/ul>    <p>Toda la l\u00ednea realiza una producci\u00f3n integrada desde la alimentaci\u00f3n, apertura de c\u00e1scaras, secado y embalaje, lo que puede ahorrar significativamente tiempo y costos laborales.<\/p>    <figure class=\"wp-block-gallery has-nested-images columns-default is-cropped wp-block-gallery-4 is-layout-flex wp-block-gallery-is-layout-flex\"> <figure class=\"wp-block-image size-large\"><img loading=\"lazy\" decoding=\"async\" width=\"720\" height=\"540\" data-id=\"1356\" src=\"https:\/\/taizynut.com\/wp-content\/uploads\/2026\/01\/hazelnut-soaking-machine-and-elevator.webp\" alt=\"hazelnut soaking machine and elevator\" class=\"wp-image-1356\" title=\"\" srcset=\"https:\/\/taizynut.com\/wp-content\/uploads\/2026\/01\/hazelnut-soaking-machine-and-elevator.webp 720w, https:\/\/taizynut.com\/wp-content\/uploads\/2026\/01\/hazelnut-soaking-machine-and-elevator-300x225.webp 300w, https:\/\/taizynut.com\/wp-content\/uploads\/2026\/01\/hazelnut-soaking-machine-and-elevator-16x12.webp 16w\" sizes=\"auto, (max-width: 720px) 100vw, 720px\" \/><figcaption class=\"wp-element-caption\">M\u00e1quina de remojo de avellanas y elevador<\/figcaption><\/figure>    <figure class=\"wp-block-image size-large\"><img loading=\"lazy\" decoding=\"async\" width=\"720\" height=\"540\" data-id=\"1357\" src=\"https:\/\/taizynut.com\/wp-content\/uploads\/2026\/01\/c6b73cf079140b0a1b9a56933610f86-tuya_\u7ed3\u679c.webp\" alt=\"m\u00e1quina de apertura de avellanas\" class=\"wp-image-1357\" title=\"\" srcset=\"https:\/\/taizynut.com\/wp-content\/uploads\/2026\/01\/c6b73cf079140b0a1b9a56933610f86-tuya_\u7ed3\u679c.webp 720w, https:\/\/taizynut.com\/wp-content\/uploads\/2026\/01\/c6b73cf079140b0a1b9a56933610f86-tuya_\u7ed3\u679c-300x225.webp 300w, https:\/\/taizynut.com\/wp-content\/uploads\/2026\/01\/c6b73cf079140b0a1b9a56933610f86-tuya_\u7ed3\u679c-16x12.webp 16w\" sizes=\"auto, (max-width: 720px) 100vw, 720px\" \/><figcaption class=\"wp-element-caption\">M\u00e1quina de apertura de avellanas<\/figcaption><\/figure> <\/figure>    <h2 class=\"wp-block-heading\"><strong>Precio de la m\u00e1quina de apertura de avellanas<\/strong><\/h2>    <p>El precio de la m\u00e1quina de descascarado de avellanas var\u00eda seg\u00fan la configuraci\u00f3n y los requisitos, influenciado principalmente por los siguientes factores:<\/p>    <ul class=\"wp-block-list\"> <li>N\u00famero de canales y requisitos de capacidad de producci\u00f3n (diez canales, quince canales, veinte canales).<\/li>    <li>Si se necesitan configuraciones de voltaje y el\u00e9ctricas personalizadas.<\/li>    <li>Si necesita usarse junto con otros equipos.<\/li>    <li>Pol\u00edticas de transporte regional y diferencias de costos.<\/li> <\/ul>    <p>Diferentes escalas de procesamiento y necesidades de aplicaci\u00f3n requieren diferentes configuraciones de equipos, y el precio se ajustar\u00e1 en consecuencia.<\/p>   <div class=\"wp-block-image\"> <figure class=\"aligncenter size-full\"><img loading=\"lazy\" decoding=\"async\" width=\"720\" height=\"540\" src=\"https:\/\/taizynut.com\/wp-content\/uploads\/2026\/01\/industrial-hazelenut-opening-machine.webp\" alt=\"m\u00e1quina industrial de apertura de avellanas\" class=\"wp-image-1358\" title=\"\" srcset=\"https:\/\/taizynut.com\/wp-content\/uploads\/2026\/01\/industrial-hazelenut-opening-machine.webp 720w, https:\/\/taizynut.com\/wp-content\/uploads\/2026\/01\/industrial-hazelenut-opening-machine-300x225.webp 300w, https:\/\/taizynut.com\/wp-content\/uploads\/2026\/01\/industrial-hazelenut-opening-machine-16x12.webp 16w\" sizes=\"auto, (max-width: 720px) 100vw, 720px\" \/><figcaption class=\"wp-element-caption\">m\u00e1quina industrial de apertura de avellanas<\/figcaption><\/figure> <\/div>   <h2 class=\"wp-block-heading\"><strong>\u00bfPor qu\u00e9 elegir a Taizy como su primera opci\u00f3n?<\/strong><\/h2>    <p>Al comprar la m\u00e1quina de apertura de avellanas, elegir al fabricante adecuado es crucial. Taizy es una excelente opci\u00f3n. Elegir Taizy significa no solo elegir un equipo, sino tambi\u00e9n elegir un socio confiable a largo plazo:<\/p>    <ul class=\"wp-block-list\"> <li>Nuestra m\u00e1quina es fabricada y vendida directamente por nosotros, lo que resulta en precios m\u00e1s competitivos.<\/li>    <li>Muchos a\u00f1os de experiencia en la exportaci\u00f3n de equipos de procesamiento de nueces, con soluciones maduras.<\/li>    <li>Customizable to different countries&#8217; voltage.<\/li>    <li>Ofrecemos una gama completa de equipos de procesamiento de nueces, como el <a href=\"https:\/\/taizynut.com\/es\/product\/walnut-shelling-machine\/\">m\u00e1quina para descascarar nueces<\/a> y el <a href=\"https:\/\/taizynut.com\/es\/product\/peanut-butter-grinder-machine\/\">m\u00e1quina de mantequilla de man\u00ed<\/a>.<\/li> <\/ul>    <h2 class=\"wp-block-heading\"><strong>Cont\u00e1ctenos para una soluci\u00f3n de procesamiento de nueces<\/strong><\/h2>    <p>Como proveedor profesional de equipos de procesamiento de nueces, Taizy puede proporcionarle un soporte de equipo profesional y confiable, ya sea que est\u00e9 construyendo un proyecto de procesamiento de avellanas por primera vez o planeando actualizar su equipo existente.<\/p>    <p>\ud83d\udce9 \u00a1Cont\u00e1ctenos ahora para obtener m\u00e1s informaci\u00f3n t\u00e9cnica y soluciones de cooperaci\u00f3n para las m\u00e1quinas de apertura de avellanas!<\/p>","protected":false},"excerpt":{"rendered":"<p>This article mainly introduces the hazelnut opening machine. This equipment is used to make a slit in the outer shell of hazelnuts. The machine is highly automated and has a production capacity of 500\u20131200 catties\/hour.<\/p>","protected":false},"author":1,"featured_media":1363,"parent":0,"template":"","tags":[80,61],"product-type":[79],"class_list":["post-1349","product","type-product","status-publish","has-post-thumbnail","hentry","tag-hazelnut","tag-nut","product-type-hazelnut-processing-machine"],"_links":{"self":[{"href":"https:\/\/taizynut.com\/es\/wp-json\/wp\/v2\/product\/1349","targetHints":{"allow":["GET"]}}],"collection":[{"href":"https:\/\/taizynut.com\/es\/wp-json\/wp\/v2\/product"}],"about":[{"href":"https:\/\/taizynut.com\/es\/wp-json\/wp\/v2\/types\/product"}],"author":[{"embeddable":true,"href":"https:\/\/taizynut.com\/es\/wp-json\/wp\/v2\/users\/1"}],"wp:featuredmedia":[{"embeddable":true,"href":"https:\/\/taizynut.com\/es\/wp-json\/wp\/v2\/media\/1363"}],"wp:attachment":[{"href":"https:\/\/taizynut.com\/es\/wp-json\/wp\/v2\/media?parent=1349"}],"wp:term":[{"taxonomy":"post_tag","embeddable":true,"href":"https:\/\/taizynut.com\/es\/wp-json\/wp\/v2\/tags?post=1349"},{"taxonomy":"product-type","embeddable":true,"href":"https:\/\/taizynut.com\/es\/wp-json\/wp\/v2\/product-type?post=1349"}],"curies":[{"name":"wp","href":"https:\/\/api.w.org\/{rel}","templated":true}]}}