{"id":1374,"date":"2026-01-30T15:20:14","date_gmt":"2026-01-30T07:20:14","guid":{"rendered":"https:\/\/taizynut.com\/?post_type=product&#038;p=1374"},"modified":"2026-01-30T15:30:12","modified_gmt":"2026-01-30T07:30:12","slug":"hazelnut-opening-line","status":"publish","type":"product","link":"https:\/\/taizynut.com\/es\/product\/hazelnut-opening-line\/","title":{"rendered":"L\u00ednea de apertura de avellanas"},"content":{"rendered":"<p class=\"translation-block\">La <strong>l\u00ednea de apertura de avellanas<\/strong> es una soluci\u00f3n de procesamiento automatizada que integra remojo, apertura, secado y envasado. Se utiliza principalmente para crear con precisi\u00f3n una ranura en la c\u00e1scara exterior de las avellanas enteras y completar los procesos de secado y envasado posteriores.<\/p>    <p>Mediante un dise\u00f1o de operaci\u00f3n continua multicanal, esta l\u00ednea de producci\u00f3n puede lograr una producci\u00f3n estable de 250\u2013600 kg\/h, adecuada para proyectos de procesamiento de avellanas de varias escalas. Mejora efectivamente la eficiencia general de procesamiento y la calidad del producto, asegurando resultados de pelado consistentes.<\/p>    <figure class=\"wp-block-embed is-type-video is-provider-youtube wp-block-embed-youtube wp-embed-aspect-16-9 wp-has-aspect-ratio\"><div class=\"wp-block-embed__wrapper\"> <iframe loading=\"lazy\" title=\"Hazelnut Opening Line | Automatic Hazelnut Shell Opening &amp; Slitting Line for Nut processing plant\" width=\"500\" height=\"281\" src=\"https:\/\/www.youtube.com\/embed\/J6P-0Gi8-So?feature=oembed\" frameborder=\"0\" allow=\"accelerometer; autoplay; clipboard-write; encrypted-media; gyroscope; picture-in-picture; web-share\" referrerpolicy=\"strict-origin-when-cross-origin\" allowfullscreen><\/iframe> <\/div><figcaption class=\"wp-element-caption\">Video de trabajo de la l\u00ednea de procesamiento de avellanas<\/figcaption><\/figure>    <h2 class=\"wp-block-heading\"><strong>Ventajas de la l\u00ednea de procesamiento de avellanas<\/strong><\/h2>    <ul class=\"wp-block-list\"> <li>Desde el remojo y apertura hasta el secado y envasado, toda la l\u00ednea de producci\u00f3n est\u00e1 integrada de manera fluida, mejorando la eficiencia operativa general.<\/li>    <li>Nuestra l\u00ednea de apertura de avellanas est\u00e1 disponible en varias configuraciones. Los clientes pueden elegir entre 10, 15 o 20 canales seg\u00fan su volumen de producci\u00f3n objetivo.<\/li>    <li>La combinaci\u00f3n de tecnolog\u00eda asistida por vapor y una estructura de disco de extrusi\u00f3n especializada garantiza una apertura consistente de las avellanas. Esto facilita los procesos de secado y envasado posteriores.<\/li>    <li>Los procesos de elevaci\u00f3n, clasificaci\u00f3n, apertura y descarga operan de forma continua, reduciendo la mano de obra y haciendo que sea adecuada para una producci\u00f3n estable a largo plazo.<\/li> <\/ul>   <div class=\"wp-block-image\"> <figure class=\"aligncenter size-full\"><img loading=\"lazy\" decoding=\"async\" width=\"720\" height=\"540\" src=\"https:\/\/taizynut.com\/wp-content\/uploads\/2026\/01\/hazelnut-opening-line.webp\" alt=\"L\u00ednea de apertura de avellanas\" class=\"wp-image-1375\" title=\"\" srcset=\"https:\/\/taizynut.com\/wp-content\/uploads\/2026\/01\/hazelnut-opening-line.webp 720w, https:\/\/taizynut.com\/wp-content\/uploads\/2026\/01\/hazelnut-opening-line-300x225.webp 300w, https:\/\/taizynut.com\/wp-content\/uploads\/2026\/01\/hazelnut-opening-line-16x12.webp 16w\" sizes=\"auto, (max-width: 720px) 100vw, 720px\" \/><figcaption class=\"wp-element-caption\">L\u00ednea de apertura de avellanas<\/figcaption><\/figure> <\/div>   <h2 class=\"wp-block-heading\"><strong>\u00bfQu\u00e9 equipo se utiliza para la l\u00ednea de apertura de avellanas?<\/strong><\/h2>    <p>Nuestro equipo de l\u00ednea de rotura y procesamiento de avellanas incluye principalmente:<\/p>    <ol class=\"wp-block-list\"> <li>Equipo de remojo de avellanas<\/li>    <li>M\u00e1quina de apertura de avellanas<\/li>    <li>Secador de avellanas<\/li>    <li>M\u00e1quina de envasado de avellanas<\/li> <\/ol>    <p>El equipo en esta l\u00ednea de apertura de avellanas puede personalizarse y seleccionarse seg\u00fan necesidades espec\u00edficas.<\/p>    <h3 class=\"wp-block-heading\"><strong>M\u00e1quina de remojo de avellanas<\/strong><\/h3>    <p>El tanque de remojo se usa para remojar las avellanas en agua tibia a aproximadamente 50\u00b0C durante unos 30 minutos. Esto suaviza las c\u00e1scaras de las avellanas, mejorando la tasa de apertura posterior y reduciendo la rotura.<\/p>    <figure class=\"wp-block-gallery has-nested-images columns-default is-cropped wp-block-gallery-2 is-layout-flex wp-block-gallery-is-layout-flex\"> <figure class=\"wp-block-image size-large\"><img loading=\"lazy\" decoding=\"async\" width=\"720\" height=\"540\" data-id=\"1376\" src=\"https:\/\/taizynut.com\/wp-content\/uploads\/2026\/01\/hazelnut-soaking-equipment.webp\" alt=\"Equipo de apertura de avellanas\" class=\"wp-image-1376\" title=\"\" srcset=\"https:\/\/taizynut.com\/wp-content\/uploads\/2026\/01\/hazelnut-soaking-equipment.webp 720w, https:\/\/taizynut.com\/wp-content\/uploads\/2026\/01\/hazelnut-soaking-equipment-300x225.webp 300w, https:\/\/taizynut.com\/wp-content\/uploads\/2026\/01\/hazelnut-soaking-equipment-16x12.webp 16w\" sizes=\"auto, (max-width: 720px) 100vw, 720px\" \/><figcaption class=\"wp-element-caption\">M\u00e1quina de remojo de avellanas<\/figcaption><\/figure>    <figure class=\"wp-block-image size-large\"><img loading=\"lazy\" decoding=\"async\" width=\"720\" height=\"540\" data-id=\"1377\" src=\"https:\/\/taizynut.com\/wp-content\/uploads\/2026\/01\/IMG_20230720_112257-tuya_\u7ed3\u679c.webp\" alt=\"hazelnut soaking equipment\" class=\"wp-image-1377\" title=\"\" srcset=\"https:\/\/taizynut.com\/wp-content\/uploads\/2026\/01\/IMG_20230720_112257-tuya_\u7ed3\u679c.webp 720w, https:\/\/taizynut.com\/wp-content\/uploads\/2026\/01\/IMG_20230720_112257-tuya_\u7ed3\u679c-300x225.webp 300w, https:\/\/taizynut.com\/wp-content\/uploads\/2026\/01\/IMG_20230720_112257-tuya_\u7ed3\u679c-16x12.webp 16w\" sizes=\"auto, (max-width: 720px) 100vw, 720px\" \/><figcaption class=\"wp-element-caption\">Equipo de remojo de avellanas<\/figcaption><\/figure> <\/figure>    <h3 class=\"wp-block-heading\"><strong>M\u00e1quina de apertura de avellanas<\/strong><\/h3>    <p class=\"translation-block\">La funci\u00f3n principal de la <a href=\"https:\/\/taizynut.com\/es\/product\/hazelnut-opening-machine\/\">m\u00e1quina de apertura de avellanas<\/a> es crear una ranura uniforme en la superficie de las avellanas enteras. Este equipo est\u00e1 equipado con un generador de vapor, lo que reduce la tasa de rotura de las avellanas.<\/p>    <p>Nuestro equipo de apertura de avellanas est\u00e1 disponible con 10, 15 y 20 canales, permitiendo a los clientes elegir el que mejor se adapte a sus necesidades.<\/p>    <figure class=\"wp-block-gallery has-nested-images columns-default is-cropped wp-block-gallery-3 is-layout-flex wp-block-gallery-is-layout-flex\"> <figure class=\"wp-block-image size-large\"><img loading=\"lazy\" decoding=\"async\" width=\"720\" height=\"540\" data-id=\"1378\" src=\"https:\/\/taizynut.com\/wp-content\/uploads\/2026\/01\/hazelnut-opening-equipment-1.webp\" alt=\"La m\u00e1quina de apertura de avellanas de Taizy puede abrir avellanas de manera r\u00e1pida y autom\u00e1tica de manera uniforme y consistente. Funciona de manera estable, con una capacidad de 250-600kg\/h.\" class=\"wp-image-1378\" title=\"\" srcset=\"https:\/\/taizynut.com\/wp-content\/uploads\/2026\/01\/hazelnut-opening-equipment-1.webp 720w, https:\/\/taizynut.com\/wp-content\/uploads\/2026\/01\/hazelnut-opening-equipment-1-300x225.webp 300w, https:\/\/taizynut.com\/wp-content\/uploads\/2026\/01\/hazelnut-opening-equipment-1-16x12.webp 16w\" sizes=\"auto, (max-width: 720px) 100vw, 720px\" \/><figcaption class=\"wp-element-caption\">Equipo de apertura de avellanas<\/figcaption><\/figure>    <figure class=\"wp-block-image size-large\"><img loading=\"lazy\" decoding=\"async\" width=\"720\" height=\"540\" data-id=\"1379\" src=\"https:\/\/taizynut.com\/wp-content\/uploads\/2026\/01\/hazelnut-opening-machine-2.webp\" alt=\"m\u00e1quina de apertura de avellanas\" class=\"wp-image-1379\" title=\"\" srcset=\"https:\/\/taizynut.com\/wp-content\/uploads\/2026\/01\/hazelnut-opening-machine-2.webp 720w, https:\/\/taizynut.com\/wp-content\/uploads\/2026\/01\/hazelnut-opening-machine-2-300x225.webp 300w, https:\/\/taizynut.com\/wp-content\/uploads\/2026\/01\/hazelnut-opening-machine-2-16x12.webp 16w\" sizes=\"auto, (max-width: 720px) 100vw, 720px\" \/><figcaption class=\"wp-element-caption\">M\u00e1quina de apertura de avellanas<\/figcaption><\/figure> <\/figure>    <h3 class=\"wp-block-heading\"><strong>Secador de avellanas<\/strong><\/h3>    <p>Despu\u00e9s de abrir las avellanas, necesitan ser secadas en una c\u00e1mara de secado. El proceso de secado reduce eficazmente el contenido de humedad de las avellanas, mejorando su sabor y extendiendo su vida \u00fatil.<\/p>    <figure class=\"wp-block-gallery has-nested-images columns-default is-cropped wp-block-gallery-4 is-layout-flex wp-block-gallery-is-layout-flex\"> <figure class=\"wp-block-image size-large\"><img loading=\"lazy\" decoding=\"async\" width=\"540\" height=\"720\" data-id=\"1380\" src=\"https:\/\/taizynut.com\/wp-content\/uploads\/2026\/01\/hazelnut-dryer-machine.webp\" alt=\"M\u00e1quina de envasado de avellanas\" class=\"wp-image-1380\" title=\"\" srcset=\"https:\/\/taizynut.com\/wp-content\/uploads\/2026\/01\/hazelnut-dryer-machine.webp 540w, https:\/\/taizynut.com\/wp-content\/uploads\/2026\/01\/hazelnut-dryer-machine-225x300.webp 225w, https:\/\/taizynut.com\/wp-content\/uploads\/2026\/01\/hazelnut-dryer-machine-9x12.webp 9w\" sizes=\"auto, (max-width: 540px) 100vw, 540px\" \/><figcaption class=\"wp-element-caption\">M\u00e1quina de secado de avellanas<\/figcaption><\/figure>    <figure class=\"wp-block-image size-large\"><img loading=\"lazy\" decoding=\"async\" width=\"540\" height=\"720\" data-id=\"1381\" src=\"https:\/\/taizynut.com\/wp-content\/uploads\/2026\/01\/hazelnut-drying-equipment.webp\" alt=\"hazelnut drying equipment\" class=\"wp-image-1381\" title=\"\" srcset=\"https:\/\/taizynut.com\/wp-content\/uploads\/2026\/01\/hazelnut-drying-equipment.webp 540w, https:\/\/taizynut.com\/wp-content\/uploads\/2026\/01\/hazelnut-drying-equipment-225x300.webp 225w, https:\/\/taizynut.com\/wp-content\/uploads\/2026\/01\/hazelnut-drying-equipment-9x12.webp 9w\" sizes=\"auto, (max-width: 540px) 100vw, 540px\" \/><figcaption class=\"wp-element-caption\">Equipo de secado de avellanas<\/figcaption><\/figure>    <figure class=\"wp-block-image size-large\"><img loading=\"lazy\" decoding=\"async\" width=\"540\" height=\"720\" data-id=\"1382\" src=\"https:\/\/taizynut.com\/wp-content\/uploads\/2026\/01\/hazelnut-drying-machine.webp\" alt=\"hazelnut drying equipment\" class=\"wp-image-1382\" title=\"\" srcset=\"https:\/\/taizynut.com\/wp-content\/uploads\/2026\/01\/hazelnut-drying-machine.webp 540w, https:\/\/taizynut.com\/wp-content\/uploads\/2026\/01\/hazelnut-drying-machine-225x300.webp 225w, https:\/\/taizynut.com\/wp-content\/uploads\/2026\/01\/hazelnut-drying-machine-9x12.webp 9w\" sizes=\"auto, (max-width: 540px) 100vw, 540px\" \/><figcaption class=\"wp-element-caption\">Equipo de secado de avellanas<\/figcaption><\/figure> <\/figure>    <h3 class=\"wp-block-heading\"><strong>M\u00e1quina de envasado de avellanas<\/strong><\/h3>    <p>Despu\u00e9s del secado, las avellanas pueden envasarse con una m\u00e1quina de envasado al vac\u00edo. Este m\u00e9todo de envasado previene eficazmente la absorci\u00f3n de humedad y la oxidaci\u00f3n, extendiendo la vida \u00fatil y mejorando la calidad del producto, haci\u00e9ndolas aptas para mercados minoristas y de exportaci\u00f3n.<\/p>    <figure class=\"wp-block-gallery has-nested-images columns-default is-cropped wp-block-gallery-5 is-layout-flex wp-block-gallery-is-layout-flex\"> <figure class=\"wp-block-image size-large\"><img loading=\"lazy\" decoding=\"async\" width=\"720\" height=\"540\" data-id=\"1383\" src=\"https:\/\/taizynut.com\/wp-content\/uploads\/2026\/01\/hazelnut-packing-machine.webp\" alt=\"Equipo de apertura de avellanas\" class=\"wp-image-1383\" title=\"\" srcset=\"https:\/\/taizynut.com\/wp-content\/uploads\/2026\/01\/hazelnut-packing-machine.webp 720w, https:\/\/taizynut.com\/wp-content\/uploads\/2026\/01\/hazelnut-packing-machine-300x225.webp 300w, https:\/\/taizynut.com\/wp-content\/uploads\/2026\/01\/hazelnut-packing-machine-16x12.webp 16w\" sizes=\"auto, (max-width: 720px) 100vw, 720px\" \/><figcaption class=\"wp-element-caption\">M\u00e1quina de envasado de avellanas<\/figcaption><\/figure>    <figure class=\"wp-block-image size-large\"><img loading=\"lazy\" decoding=\"async\" width=\"720\" height=\"540\" data-id=\"1384\" src=\"https:\/\/taizynut.com\/wp-content\/uploads\/2026\/01\/hazelnut-packaging-machine.webp\" alt=\"hazelnut packaging machine\" class=\"wp-image-1384\" title=\"\" srcset=\"https:\/\/taizynut.com\/wp-content\/uploads\/2026\/01\/hazelnut-packaging-machine.webp 720w, https:\/\/taizynut.com\/wp-content\/uploads\/2026\/01\/hazelnut-packaging-machine-300x225.webp 300w, https:\/\/taizynut.com\/wp-content\/uploads\/2026\/01\/hazelnut-packaging-machine-16x12.webp 16w\" sizes=\"auto, (max-width: 720px) 100vw, 720px\" \/><figcaption class=\"wp-element-caption\">M\u00e1quina de envasado de avellanas<\/figcaption><\/figure> <\/figure>    <p>Adem\u00e1s de las m\u00e1quinas de envasado al vac\u00edo, tambi\u00e9n ofrecemos otros tipos de m\u00e1quinas de envasado de avellanas, como la m\u00e1quina de envasado en bolsas granulares.<\/p>    <h2 class=\"wp-block-heading\"><strong>Principio de funcionamiento de la l\u00ednea de procesamiento de avellanas<\/strong><\/h2>    <ol class=\"wp-block-list\"> <li><strong>Remojo<\/strong>: Remoje las avellanas en agua tibia a aproximadamente 50\u2103 durante unos 30 minutos.<\/li>    <li><strong>Alimentaci\u00f3n<\/strong>: Las avellanas remojadas se vierten en una cinta transportadora, que las transporta a un tolva. La tolva tiene una estructura de alimentaci\u00f3n en espiral que distribuye uniformemente las avellanas a diferentes canales.<\/li>    <li><strong>Apertura<\/strong>: Las avellanas ingresan en la m\u00e1quina de apertura y son exprimidas por dos discos de presi\u00f3n, logrando una apertura precisa.<\/li>    <li><strong>Descarga<\/strong>: Las avellanas abiertas caen autom\u00e1ticamente sobre una cinta transportadora debajo, ingresando en el proceso de secado o envasado posterior.<\/li> <\/ol>    <h2 class=\"wp-block-heading\"><strong>Par\u00e1metros de la l\u00ednea de producci\u00f3n de avellanas<\/strong><\/h2>    <p>Nuestra l\u00ednea de apertura de avellanas est\u00e1 disponible con 2, 3 o 4 grupos, cada uno con cinco canales. Las especificaciones son las siguientes:<\/p>    <figure class=\"wp-block-table\"><table><tbody><tr><td>Modelo<\/td><td>Dos grupos<\/td><td>Tres grupos<\/td><td>Cuatro grupos<\/td><\/tr><tr><td>Potencia total<\/td><td>13.1kw<\/td><td>16kw<\/td><td>18kw<\/td><\/tr><tr><td>Capacidad<\/td><td>250-300kg\/h<\/td><td>350-450kg\/h<\/td><td>500-600kg\/h<\/td><\/tr><tr><td>Evaporaci\u00f3n<\/td><td>70-90kg\/h<\/td><td>80-110kg\/h<\/td><td>80-110kg\/h<\/td><\/tr><tr><td>Consumo de gas natural<\/td><td>5m\u00b3\/h<\/td><td>7m\u00b3\/h<\/td><td>7m\u00b3\/h<\/td><\/tr><tr><td>Consumo de gas licuado de petr\u00f3leo<\/td><td>3.5kg\/h<\/td><td>5kg\/h<\/td><td>5kg\/h<\/td><\/tr><\/tbody><\/table><figcaption class=\"wp-element-caption\">par\u00e1metros de la l\u00ednea de apertura de avellanas<\/figcaption><\/figure>    <h2 class=\"wp-block-heading\"><strong>\u00bfCu\u00e1nto cuesta la l\u00ednea de procesamiento de avellanas?<\/strong><\/h2>    <p>El precio de la l\u00ednea de apertura de avellanas no es fijo y generalmente est\u00e1 influenciado por los siguientes factores:<\/p>    <ul class=\"wp-block-list\"> <li><strong>Configuraci\u00f3n de capacidad de producci\u00f3n:<\/strong> El n\u00famero de juegos y canales (10\/15\/20 canales) impacta significativamente en los costos del equipo.<\/li>    <li><strong>Selecci\u00f3n de equipos de soporte<\/strong>: La inclusi\u00f3n o no de tanques de remojo, salas de secado y m\u00e1quinas de envasado al vac\u00edo afectar\u00e1 directamente al presupuesto total.<\/li>    <li><strong>Requisitos de personalizaci\u00f3n<\/strong>: Como est\u00e1ndares de voltaje, grado de automatizaci\u00f3n o requisitos estructurales especiales.<\/li>    <li><strong>Escala de la l\u00ednea de producci\u00f3n<\/strong>: La diferencia de precio es significativa entre una sola pieza de equipo y una l\u00ednea de producci\u00f3n completa.<\/li> <\/ul>   <div class=\"wp-block-image\"> <figure class=\"aligncenter size-full\"><img loading=\"lazy\" decoding=\"async\" width=\"720\" height=\"540\" src=\"https:\/\/taizynut.com\/wp-content\/uploads\/2026\/01\/hazelnut-processing-line.webp\" alt=\"L\u00ednea de procesamiento de avellanas\" class=\"wp-image-1385\" title=\"\" srcset=\"https:\/\/taizynut.com\/wp-content\/uploads\/2026\/01\/hazelnut-processing-line.webp 720w, https:\/\/taizynut.com\/wp-content\/uploads\/2026\/01\/hazelnut-processing-line-300x225.webp 300w, https:\/\/taizynut.com\/wp-content\/uploads\/2026\/01\/hazelnut-processing-line-16x12.webp 16w\" sizes=\"auto, (max-width: 720px) 100vw, 720px\" \/><figcaption class=\"wp-element-caption\">L\u00ednea de procesamiento de avellanas<\/figcaption><\/figure> <\/div>   <h2 class=\"wp-block-heading\"><strong>Preguntas frecuentes sobre la l\u00ednea de apertura de avellanas<\/strong><\/h2>   <div id=\"rank-math-faq\" class=\"rank-math-block\"> <div class=\"rank-math-list\"> <div id=\"faq-question-1769652802491\" class=\"rank-math-list-item\"> <h3 class=\"rank-math-question\">\u00bfCu\u00e1l es la capacidad de la l\u00ednea de apertura de avellanas?<\/h3> <div class=\"rank-math-answer\">  <p>250-600kg\/h.<\/p>  <\/div> <\/div> <div id=\"faq-question-1769652853696\" class=\"rank-math-list-item\"> <h3 class=\"rank-math-question\">\u00bfPor qu\u00e9 es necesario remojar las avellanas antes de pelarlas?<\/h3> <div class=\"rank-math-answer\">  <p>Remojar las avellanas suaviza sus c\u00e1scaras, lo que ayuda a aumentar la tasa de apertura y reduce la tasa de rotura.<\/p>  <\/div> <\/div> <div id=\"faq-question-1769652907122\" class=\"rank-math-list-item\"> <h3 class=\"rank-math-question\">\u00bfLa temperatura y el tiempo de remojo son fijos?<\/h3> <div class=\"rank-math-answer\">  <p>La recomendaci\u00f3n general es remojarlas en agua tibia a aproximadamente 50\u2103 durante unos 30 minutos. Esto puede ajustarse seg\u00fan el tipo de avellanas.<\/p>  <\/div> <\/div> <div id=\"faq-question-1769652954008\" class=\"rank-math-list-item\"> <h3 class=\"rank-math-question\">\u00bfEs posible configurar la l\u00ednea de producci\u00f3n solo con una parte del equipo?<\/h3> <div class=\"rank-math-answer\">  <p>S\u00ed. La l\u00ednea de producci\u00f3n soporta configuraci\u00f3n modular, permitiendo a los clientes seleccionar el equipo seg\u00fan sus necesidades espec\u00edficas.<\/p>  <\/div> <\/div> <div id=\"faq-question-1769653004448\" class=\"rank-math-list-item\"> <h3 class=\"rank-math-question\">\u00bfEs posible personalizar el producto seg\u00fan los requisitos del cliente?<\/h3> <div class=\"rank-math-answer\">  <p>S\u00ed. La capacidad de producci\u00f3n, los est\u00e1ndares de voltaje y la distribuci\u00f3n del equipo pueden ajustarse seg\u00fan los requisitos del proyecto.<\/p>  <\/div> <\/div> <\/div> <\/div>   <h2 class=\"wp-block-heading\"><strong>\u00a1Cont\u00e1ctanos para saber m\u00e1s!<\/strong><\/h2>    <p>Si planea construir o actualizar una l\u00ednea de apertura de avellanas, nuestro equipo puede ajustarse a la configuraci\u00f3n de equipo y soluciones de proceso apropiadas seg\u00fan su producci\u00f3n objetivo, variedad de avellanas y requisitos del producto final.<\/p>    <p>Podemos ofrecerle:<\/p>    <ul class=\"wp-block-list\"> <li>Soluciones completas de l\u00ednea de producci\u00f3n de rotura de avellanas<\/li>    <li>Soporte para selecci\u00f3n de equipos y tecnolog\u00eda de proceso<\/li>    <li>Gu\u00eda de distribuci\u00f3n e instalaci\u00f3n de la f\u00e1brica<\/li> <\/ul>    <p>Por favor, cont\u00e1ctenos para recibir sugerencias de configuraci\u00f3n profesional y soluciones t\u00e9cnicas detalladas adaptadas a su proyecto.<\/p>","protected":false},"excerpt":{"rendered":"<p>This article introduces the hazelnut opening line. The hazelnut production line is a complete hazelnut pre-processing solution, covering processes such as soaking, opening, drying, and vacuum packaging. The production capacity is 250\u2013600 kg\/h.<\/p>","protected":false},"author":1,"featured_media":1386,"parent":0,"template":"","tags":[80,61],"product-type":[79,29],"class_list":["post-1374","product","type-product","status-publish","has-post-thumbnail","hentry","tag-hazelnut","tag-nut","product-type-hazelnut-processing-machine","product-type-product-line"],"_links":{"self":[{"href":"https:\/\/taizynut.com\/es\/wp-json\/wp\/v2\/product\/1374","targetHints":{"allow":["GET"]}}],"collection":[{"href":"https:\/\/taizynut.com\/es\/wp-json\/wp\/v2\/product"}],"about":[{"href":"https:\/\/taizynut.com\/es\/wp-json\/wp\/v2\/types\/product"}],"author":[{"embeddable":true,"href":"https:\/\/taizynut.com\/es\/wp-json\/wp\/v2\/users\/1"}],"wp:featuredmedia":[{"embeddable":true,"href":"https:\/\/taizynut.com\/es\/wp-json\/wp\/v2\/media\/1386"}],"wp:attachment":[{"href":"https:\/\/taizynut.com\/es\/wp-json\/wp\/v2\/media?parent=1374"}],"wp:term":[{"taxonomy":"post_tag","embeddable":true,"href":"https:\/\/taizynut.com\/es\/wp-json\/wp\/v2\/tags?post=1374"},{"taxonomy":"product-type","embeddable":true,"href":"https:\/\/taizynut.com\/es\/wp-json\/wp\/v2\/product-type?post=1374"}],"curies":[{"name":"wp","href":"https:\/\/api.w.org\/{rel}","templated":true}]}}