{"id":1390,"date":"2026-02-02T17:36:51","date_gmt":"2026-02-02T09:36:51","guid":{"rendered":"https:\/\/taizynut.com\/?post_type=product&#038;p=1390"},"modified":"2026-02-04T10:36:13","modified_gmt":"2026-02-04T02:36:13","slug":"cocoa-pod-splitting-machine","status":"publish","type":"product","link":"https:\/\/taizynut.com\/es\/product\/cocoa-pod-splitting-machine\/","title":{"rendered":"M\u00e1quina de apertura de vainas de cacao"},"content":{"rendered":"<p class=\"translation-block\">La <strong>m\u00e1quina de dividir vainas de cacao<\/strong> consta de una m\u00e1quina cortadora de vainas de cacao y una m\u00e1quina de separaci\u00f3n de habas y vainas de cacao. Puede abrir vainas de cacao enteras y separar autom\u00e1ticamente las habas de las vainas.<\/p>    <p>Nuestra cortadora de vainas de cacao tiene una capacidad de producci\u00f3n de 300-800 kg\/h, adecuada para plantas de procesamiento de cacao de varios tama\u00f1os. El equipo funciona de manera estable, proporciona un corte preciso de vainas y tiene una baja tasa de p\u00e9rdida de habas, mejorando significativamente la eficiencia del procesamiento de habas de cacao.<\/p>    <figure class=\"wp-block-embed is-type-video is-provider-youtube wp-block-embed-youtube wp-embed-aspect-16-9 wp-has-aspect-ratio\"><div class=\"wp-block-embed__wrapper\"> <iframe loading=\"lazy\" title=\"300-800kg\/h m\u00e1quina cortadora de vainas de cacao | \u00bfC\u00f3mo funciona la m\u00e1quina de apertura de vainas de cacao?#procesamientocacao\" width=\"500\" height=\"281\" src=\"https:\/\/www.youtube.com\/embed\/BawmISNdcFo?feature=oembed\" frameborder=\"0\" allow=\"accelerometer; autoplay; clipboard-write; encrypted-media; gyroscope; picture-in-picture; web-share\" referrerpolicy=\"strict-origin-when-cross-origin\" allowfullscreen><\/iframe> <\/div><figcaption class=\"wp-element-caption\">Video de trabajo de la m\u00e1quina cortadora de vainas de cacao<\/figcaption><\/figure>    <h2 class=\"wp-block-heading\"><strong>Ventajas de la m\u00e1quina de apertura de vainas de cacao<\/strong><\/h2>    <ul class=\"wp-block-list\"> <li>Apertura precisa de vainas, resultando en una baja tasa de da\u00f1o a las habas de cacao.<\/li>    <li>Funci\u00f3n dual de corte y separaci\u00f3n, minimizando la intervenci\u00f3n manual.<\/li>    <li>Alta eficiencia de procesamiento y salida estable (300-800 kg\/h).<\/li>    <li>Estructura de tamizado por rodillos para excelentes resultados de separaci\u00f3n.<\/li>    <li>Las partes en contacto con las habas de cacao est\u00e1n hechas de acero inoxidable, garantizando seguridad e higiene.<\/li>    <li>La m\u00e1quina de dividir vainas de cacao tiene una estructura madura y operaci\u00f3n estable.<\/li>    <li>Operaci\u00f3n sencilla, requiere solo un trabajador.<\/li>    <li>Gran adaptabilidad, capaz de procesar vainas de cacao de diferentes tama\u00f1os.<\/li> <\/ul>   <div class=\"wp-block-image\"> <figure class=\"aligncenter size-full\"><img loading=\"lazy\" decoding=\"async\" width=\"720\" height=\"540\" src=\"https:\/\/taizynut.com\/wp-content\/uploads\/2026\/02\/cocoa-pod-slitting-machine.webp\" alt=\"M\u00e1quina cortadora de vainas de cacao\" class=\"wp-image-1392\" title=\"\" srcset=\"https:\/\/taizynut.com\/wp-content\/uploads\/2026\/02\/cocoa-pod-slitting-machine.webp 720w, https:\/\/taizynut.com\/wp-content\/uploads\/2026\/02\/cocoa-pod-slitting-machine-300x225.webp 300w, https:\/\/taizynut.com\/wp-content\/uploads\/2026\/02\/cocoa-pod-slitting-machine-16x12.webp 16w\" sizes=\"auto, (max-width: 720px) 100vw, 720px\" \/><figcaption class=\"wp-element-caption\">M\u00e1quina cortadora de vainas de cacao<\/figcaption><\/figure> <\/div>   <h2 class=\"wp-block-heading\"><strong>\u00bfPara qu\u00e9 se puede usar la m\u00e1quina de dividir vainas de cacao?<\/strong><\/h2>    <ul class=\"wp-block-list\"> <li>Planta de procesamiento primario de habas de cacao<\/li>    <li>Procesamiento en el lugar en plantaciones de cacao<\/li>    <li>Procesamiento previo a la exportaci\u00f3n de habas de cacao<\/li>    <li>Procesos de pre-fermentaci\u00f3n y secado para el cacao<\/li> <\/ul>    <p class=\"translation-block\">Las habas de cacao procesadas tambi\u00e9n pueden usarse directamente en procesos posteriores, como en la <a href=\"https:\/\/taizynut.com\/es\/product\/cocoa-butter-production-line\/\">l\u00ednea de producci\u00f3n de manteca de cacao<\/a>, proporcionando materias primas de alta calidad para toda la l\u00ednea de producci\u00f3n.<\/p>    <figure class=\"wp-block-gallery has-nested-images columns-default is-cropped wp-block-gallery-2 is-layout-flex wp-block-gallery-is-layout-flex\"> <figure class=\"wp-block-image size-large\"><img loading=\"lazy\" decoding=\"async\" width=\"720\" height=\"540\" data-id=\"1393\" src=\"https:\/\/taizynut.com\/wp-content\/uploads\/2026\/02\/fresh-cocoa-pods-before-processing.webp\" alt=\"fresh cocoa pods before processing\" class=\"wp-image-1393\" title=\"\" srcset=\"https:\/\/taizynut.com\/wp-content\/uploads\/2026\/02\/fresh-cocoa-pods-before-processing.webp 720w, https:\/\/taizynut.com\/wp-content\/uploads\/2026\/02\/fresh-cocoa-pods-before-processing-300x225.webp 300w, https:\/\/taizynut.com\/wp-content\/uploads\/2026\/02\/fresh-cocoa-pods-before-processing-16x12.webp 16w\" sizes=\"auto, (max-width: 720px) 100vw, 720px\" \/><figcaption class=\"wp-element-caption\">Vainas de cacao frescas antes del procesamiento<\/figcaption><\/figure>    <figure class=\"wp-block-image size-large\"><img loading=\"lazy\" decoding=\"async\" width=\"720\" height=\"540\" data-id=\"1394\" src=\"https:\/\/taizynut.com\/wp-content\/uploads\/2026\/02\/cocoa-pod-slitter.webp\" alt=\"Cortadora de vainas de cacao\" class=\"wp-image-1394\" title=\"\" srcset=\"https:\/\/taizynut.com\/wp-content\/uploads\/2026\/02\/cocoa-pod-slitter.webp 720w, https:\/\/taizynut.com\/wp-content\/uploads\/2026\/02\/cocoa-pod-slitter-300x225.webp 300w, https:\/\/taizynut.com\/wp-content\/uploads\/2026\/02\/cocoa-pod-slitter-16x12.webp 16w\" sizes=\"auto, (max-width: 720px) 100vw, 720px\" \/><figcaption class=\"wp-element-caption\">Cortadora de vainas de cacao<\/figcaption><\/figure>    <figure class=\"wp-block-image size-large\"><img loading=\"lazy\" decoding=\"async\" width=\"720\" height=\"540\" data-id=\"1395\" src=\"https:\/\/taizynut.com\/wp-content\/uploads\/2026\/02\/cocoa-beans.webp\" alt=\"habas de cacao\" class=\"wp-image-1395\" title=\"\" srcset=\"https:\/\/taizynut.com\/wp-content\/uploads\/2026\/02\/cocoa-beans.webp 720w, https:\/\/taizynut.com\/wp-content\/uploads\/2026\/02\/cocoa-beans-300x225.webp 300w, https:\/\/taizynut.com\/wp-content\/uploads\/2026\/02\/cocoa-beans-16x12.webp 16w\" sizes=\"auto, (max-width: 720px) 100vw, 720px\" \/><figcaption class=\"wp-element-caption\">Cacao en grano<\/figcaption><\/figure> <\/figure>    <h2 class=\"wp-block-heading\"><strong>Estructura y principio de funcionamiento<\/strong><\/h2>    <p class=\"translation-block\"><strong>Estructura:<\/strong><\/p>    <p>Nuestra m\u00e1quina de dividir vainas de cacao consta principalmente de dos partes: <\/p>    <ul class=\"wp-block-list\"> <li>M\u00e1quina cortadora de vainas de cacao <\/li>    <li>M\u00e1quina de separaci\u00f3n de habas y vainas de cacao<\/li> <\/ul>    <figure class=\"wp-block-gallery has-nested-images columns-default is-cropped wp-block-gallery-3 is-layout-flex wp-block-gallery-is-layout-flex\"> <figure class=\"wp-block-image size-large\"><img loading=\"lazy\" decoding=\"async\" width=\"720\" height=\"540\" data-id=\"1396\" src=\"https:\/\/taizynut.com\/wp-content\/uploads\/2026\/02\/cocoa-pod-cutting-machine.webp\" alt=\"m\u00e1quina cortadora de vainas de cacao\" class=\"wp-image-1396\" title=\"\" srcset=\"https:\/\/taizynut.com\/wp-content\/uploads\/2026\/02\/cocoa-pod-cutting-machine.webp 720w, https:\/\/taizynut.com\/wp-content\/uploads\/2026\/02\/cocoa-pod-cutting-machine-300x225.webp 300w, https:\/\/taizynut.com\/wp-content\/uploads\/2026\/02\/cocoa-pod-cutting-machine-16x12.webp 16w\" sizes=\"auto, (max-width: 720px) 100vw, 720px\" \/><figcaption class=\"wp-element-caption\">M\u00e1quina cortadora de vainas de cacao<\/figcaption><\/figure>    <figure class=\"wp-block-image size-large\"><img loading=\"lazy\" decoding=\"async\" width=\"720\" height=\"540\" data-id=\"1397\" src=\"https:\/\/taizynut.com\/wp-content\/uploads\/2026\/02\/cocoa-bean-pod-separator.webp\" alt=\"Separador de habas y vainas de cacao\" class=\"wp-image-1397\" title=\"\" srcset=\"https:\/\/taizynut.com\/wp-content\/uploads\/2026\/02\/cocoa-bean-pod-separator.webp 720w, https:\/\/taizynut.com\/wp-content\/uploads\/2026\/02\/cocoa-bean-pod-separator-300x225.webp 300w, https:\/\/taizynut.com\/wp-content\/uploads\/2026\/02\/cocoa-bean-pod-separator-16x12.webp 16w\" sizes=\"auto, (max-width: 720px) 100vw, 720px\" \/><figcaption class=\"wp-element-caption\">Separador de habas y vainas de cacao<\/figcaption><\/figure> <\/figure>    <p class=\"translation-block\"><strong>Principio de funcionamiento:<\/strong><\/p>    <ol class=\"wp-block-list\"> <li><strong>Alimentaci\u00f3n<\/strong> <ul class=\"wp-block-list\"> <li>Las vainas de cacao se colocan manualmente de manera uniforme y se posicionan, y se alimentan en el \u00e1rea de corte usando pinzas de fruta.<\/li> <\/ul> <\/li>    <li><strong>Corte de vainas de cacao<\/strong> <ul class=\"wp-block-list\"> <li>La m\u00e1quina cortadora de vainas de cacao corta las vainas, actuando solo sobre la c\u00e1scara exterior sin da\u00f1ar las habas de cacao.<\/li> <\/ul> <\/li>    <li><strong>Separaci\u00f3n de la vaina y las habas<\/strong> <ul class=\"wp-block-list\"> <li>La mezcla entra en una m\u00e1quina separadora de habas y vainas de cacao. Se logra una separaci\u00f3n autom\u00e1tica mediante una estructura de tamizado con tambor giratorio.<\/li> <\/ul> <\/li>    <li><strong>Descarga<\/strong> <ul class=\"wp-block-list\"> <li>Las habas y vainas de cacao separadas se descargan por diferentes salidas.<\/li> <\/ul> <\/li> <\/ol>   <div class=\"wp-block-image\"> <figure class=\"aligncenter size-full\"><img loading=\"lazy\" decoding=\"async\" width=\"720\" height=\"540\" src=\"https:\/\/taizynut.com\/wp-content\/uploads\/2026\/02\/cocoa-pod-splitter-machine-1.webp\" alt=\"M\u00e1quina cortadora de vainas de cacao\" class=\"wp-image-1399\" title=\"\" srcset=\"https:\/\/taizynut.com\/wp-content\/uploads\/2026\/02\/cocoa-pod-splitter-machine-1.webp 720w, https:\/\/taizynut.com\/wp-content\/uploads\/2026\/02\/cocoa-pod-splitter-machine-1-300x225.webp 300w, https:\/\/taizynut.com\/wp-content\/uploads\/2026\/02\/cocoa-pod-splitter-machine-1-16x12.webp 16w\" sizes=\"auto, (max-width: 720px) 100vw, 720px\" \/><figcaption class=\"wp-element-caption\">M\u00e1quina cortadora de vainas de cacao<\/figcaption><\/figure> <\/div>   <h2 class=\"wp-block-heading\"><strong>Modelos y par\u00e1metros disponibles<\/strong><\/h2>    <p>La m\u00e1quina de dividir vainas de cacao est\u00e1 disponible en dos configuraciones, peque\u00f1a y grande, dependiendo de la capacidad de producci\u00f3n y los requisitos de procesamiento. Las especificaciones detalladas son las siguientes:<\/p>    <p class=\"translation-block\"><strong>Peque\u00f1a:<\/strong><\/p>    <figure class=\"wp-block-table\"><table><tbody><tr><td>Nombre de la m\u00e1quina<\/td><td>Especificaciones<\/td><\/tr><tr><td>M\u00e1quina cortadora de cacao<\/td><td>Capacidad de producci\u00f3n: Aproximadamente 300-400kg\/h<br>Potencia: 0.75kw<br>Voltaje: 380V\/50Hz<br>Dimensiones: 1.6*0.6*1.6 m<br>Material: Acero inoxidable 201 (cinta de acero), acero al carbono (marco y piezas de transmisi\u00f3n)<br>Peso: 150kg<\/td><\/tr><tr><td>Separador de habas y vainas de cacao<\/td><td>Capacidad de producci\u00f3n: Aproximadamente 300-400kg\/h<br>Potencia: 1.1kw<br>Voltaje: 380V\/50Hz<br>Dimensiones: 2*1.3*1.7 m<br>Materiales: Tambor y tolva en contacto con alimentos hechos de acero inoxidable 201, piezas de transmisi\u00f3n y marco hechos de acero al carbono<br>Peso: 180kg<\/td><\/tr><\/tbody><\/table><figcaption class=\"wp-element-caption\">par\u00e1metros de la m\u00e1quina peque\u00f1a de dividir vainas de cacao<\/figcaption><\/figure>    <p class=\"translation-block\"><strong>Grande:<\/strong><\/p>    <figure class=\"wp-block-table\"><table class=\"has-fixed-layout\"><tbody><tr><td>Nombre de la m\u00e1quina<\/td><td>Especificaciones<\/td><\/tr><tr><td>M\u00e1quina cortadora de cacao<\/td><td>Capacidad de producci\u00f3n: Aproximadamente 800kg\/h<br>Potencia: 0.75kw<br>Voltaje: 380V\/50Hz<br>Dimensiones: 1.6*0.6*2 m<br>Material: Acero al carbono<br>Peso: 160kg<\/td><\/tr><tr><td>Separador de habas y vainas de cacao<\/td><td>Capacidad de producci\u00f3n: Aproximadamente 1000kg\/h<br>Potencia: 1.1kw<br>Voltaje: 380V\/50Hz<br>Dimensiones: 2.8 * 1.1 * 2.2 m<br>Materiales: Piezas en contacto con alimentos hechas de acero inoxidable, marco y piezas de transmisi\u00f3n hechas de acero al carbono<br>Peso: 380kg<\/td><\/tr><\/tbody><\/table><figcaption class=\"wp-element-caption\">par\u00e1metros de la m\u00e1quina cortadora de vainas de cacao grande<\/figcaption><\/figure>    <h2 class=\"wp-block-heading\"><strong>\u00bfC\u00f3mo elegir la capacidad adecuada de la cortadora de vainas de cacao?<\/strong><\/h2>    <p class=\"translation-block\"><strong>300\u2013400 kg\/h<\/strong>: Adecuado para peque\u00f1as plantas de procesamiento, procesamiento en el lugar en plantaciones o proyectos iniciales.<\/p>    <p class=\"translation-block\"><strong>800\u20131000 kg\/h<\/strong>: Adecuado para plantas de procesamiento de cacao de tama\u00f1o mediano a grande.<\/p>    <figure class=\"wp-block-gallery has-nested-images columns-default is-cropped wp-block-gallery-4 is-layout-flex wp-block-gallery-is-layout-flex\"> <figure class=\"wp-block-image size-large\"><img loading=\"lazy\" decoding=\"async\" width=\"720\" height=\"540\" data-id=\"1400\" src=\"https:\/\/taizynut.com\/wp-content\/uploads\/2026\/02\/cocoa-pod-slitting-equipment.webp\" alt=\"cocoa pod splitting equipment\" class=\"wp-image-1400\" title=\"\" srcset=\"https:\/\/taizynut.com\/wp-content\/uploads\/2026\/02\/cocoa-pod-slitting-equipment.webp 720w, https:\/\/taizynut.com\/wp-content\/uploads\/2026\/02\/cocoa-pod-slitting-equipment-300x225.webp 300w, https:\/\/taizynut.com\/wp-content\/uploads\/2026\/02\/cocoa-pod-slitting-equipment-16x12.webp 16w\" sizes=\"auto, (max-width: 720px) 100vw, 720px\" \/><figcaption class=\"wp-element-caption\">Equipo de divisi\u00f3n de vainas de cacao<\/figcaption><\/figure>    <figure class=\"wp-block-image size-large\"><img loading=\"lazy\" decoding=\"async\" width=\"720\" height=\"540\" data-id=\"1401\" src=\"https:\/\/taizynut.com\/wp-content\/uploads\/2026\/02\/cocoa-pod-opening-machine.webp\" alt=\"m\u00e1quina de apertura de vainas de cacao\" class=\"wp-image-1401\" title=\"\" srcset=\"https:\/\/taizynut.com\/wp-content\/uploads\/2026\/02\/cocoa-pod-opening-machine.webp 720w, https:\/\/taizynut.com\/wp-content\/uploads\/2026\/02\/cocoa-pod-opening-machine-300x225.webp 300w, https:\/\/taizynut.com\/wp-content\/uploads\/2026\/02\/cocoa-pod-opening-machine-16x12.webp 16w\" sizes=\"auto, (max-width: 720px) 100vw, 720px\" \/><figcaption class=\"wp-element-caption\">M\u00e1quina de apertura de vainas de cacao<\/figcaption><\/figure> <\/figure>    <h2 class=\"wp-block-heading\"><strong>Preguntas frecuentes sobre la m\u00e1quina cortadora de vainas de cacao<\/strong><\/h2>   <div id=\"rank-math-faq\" class=\"rank-math-block\"> <div class=\"rank-math-list\"> <div id=\"faq-question-1770001708390\" class=\"rank-math-list-item\"> <h3 class=\"rank-math-question\">\u00bfLas habas de cacao pueden da\u00f1arse durante el proceso de corte de la vaina?<\/h3> <div class=\"rank-math-answer\">  <p>No. El proceso de corte afecta principalmente a la c\u00e1scara exterior de la vaina, resultando en un impacto m\u00ednimo en las habas de cacao y una tasa baja de da\u00f1o.<\/p>  <\/div> <\/div> <div id=\"faq-question-1770001783732\" class=\"rank-math-list-item\"> <h3 class=\"rank-math-question\">\u00bfPuede la m\u00e1quina de dividir vainas de cacao procesar vainas de diferentes tama\u00f1os?<\/h3> <div class=\"rank-math-answer\">  <p>S\u00ed. El equipo es adecuado para vainas de cacao maduras y comunes, y tiene buena adaptabilidad.<\/p>  <\/div> <\/div> <div id=\"faq-question-1770001829475\" class=\"rank-math-list-item\"> <h3 class=\"rank-math-question\">\u00bfCu\u00e1l es la capacidad de producci\u00f3n de la m\u00e1quina de apertura de vainas de cacao?<\/h3> <div class=\"rank-math-answer\">  <p>Aproximadamente 300-800kg\/h.<\/p>  <\/div> <\/div> <div id=\"faq-question-1770001889891\" class=\"rank-math-list-item\"> <h3 class=\"rank-math-question\">\u00bfCu\u00e1ntas personas se necesitan para operar la m\u00e1quina?<\/h3> <div class=\"rank-math-answer\">  <p>1-2 personas.<\/p>  <\/div> <\/div> <div id=\"faq-question-1770001971509\" class=\"rank-math-list-item\"> <h3 class=\"rank-math-question\">\u00bfEl equipo puede ser personalizado?<\/h3> <div class=\"rank-math-answer\">  <p>Se puede personalizar, como voltaje, material, etc.<\/p>  <\/div> <\/div> <\/div> <\/div>   <h2 class=\"wp-block-heading\">\u00a1Cont\u00e1ctenos ahora!<\/h2>    <p>Si busca la m\u00e1quina de abrir vainas de cacao u otro equipo de procesamiento, no dude en contactarnos. Le proporcionaremos:<\/p>    <ul class=\"wp-block-list\"> <li>\u2713 Cotizaciones detalladas<\/li>    <li>\u2713 Videos, documentos t\u00e9cnicos y manuales de operaci\u00f3n<\/li>    <li>\u2713 Apoyo en asociaciones de venta al por mayor y distribuci\u00f3n<\/li>    <li>\u2713 Servicios de personalizaci\u00f3n de equipos<\/li>    <li>\u2713 Servicio postventa ampliado<\/li> <\/ul>    <p>\u00a1Cont\u00e1ctenos ahora para comenzar su viaje en el procesamiento de cacao!<\/p>","protected":false},"excerpt":{"rendered":"<p>This article mainly introduces the cocoa pod splitting machine. It consists of the cocoa pod cutter and a cocoa bean\/husk separation machine. The equipment has a capacity of 300-800 kg\/h. It can efficiently cut open cocoa pods and separate cocoa beans from the pods, reducing manual labor and improving processing efficiency.<\/p>","protected":false},"author":1,"featured_media":1407,"parent":0,"template":"","tags":[82,81,61],"product-type":[83],"class_list":["post-1390","product","type-product","status-publish","has-post-thumbnail","hentry","tag-cocoa","tag-cocoa-bean","tag-nut","product-type-cocoa-bean-processing-machine"],"_links":{"self":[{"href":"https:\/\/taizynut.com\/es\/wp-json\/wp\/v2\/product\/1390","targetHints":{"allow":["GET"]}}],"collection":[{"href":"https:\/\/taizynut.com\/es\/wp-json\/wp\/v2\/product"}],"about":[{"href":"https:\/\/taizynut.com\/es\/wp-json\/wp\/v2\/types\/product"}],"author":[{"embeddable":true,"href":"https:\/\/taizynut.com\/es\/wp-json\/wp\/v2\/users\/1"}],"wp:featuredmedia":[{"embeddable":true,"href":"https:\/\/taizynut.com\/es\/wp-json\/wp\/v2\/media\/1407"}],"wp:attachment":[{"href":"https:\/\/taizynut.com\/es\/wp-json\/wp\/v2\/media?parent=1390"}],"wp:term":[{"taxonomy":"post_tag","embeddable":true,"href":"https:\/\/taizynut.com\/es\/wp-json\/wp\/v2\/tags?post=1390"},{"taxonomy":"product-type","embeddable":true,"href":"https:\/\/taizynut.com\/es\/wp-json\/wp\/v2\/product-type?post=1390"}],"curies":[{"name":"wp","href":"https:\/\/api.w.org\/{rel}","templated":true}]}}