{"id":1419,"date":"2026-02-04T14:16:50","date_gmt":"2026-02-04T06:16:50","guid":{"rendered":"https:\/\/taizynut.com\/?post_type=product&#038;p=1419"},"modified":"2026-02-04T17:12:31","modified_gmt":"2026-02-04T09:12:31","slug":"peanut-coating-machine","status":"publish","type":"product","link":"https:\/\/taizynut.com\/es\/product\/peanut-coating-machine\/","title":{"rendered":"M\u00e1quina de recubrimiento de cacahuetes"},"content":{"rendered":"<p class=\"translation-block\">Taizy <strong>m\u00e1quina de recubrimiento de cacahuetes<\/strong> es un dispositivo profesional utilizado para recubrir la superficie de cacahuetes, nueces, frijoles y otros materiales granulares. La m\u00e1quina de recubrimiento de nueces est\u00e1 fabricada completamente en acero inoxidable, cumpliendo con los est\u00e1ndares de seguridad alimentaria.<\/p>    <p>Ofrecemos varios modelos de m\u00e1quinas de recubrimiento de cacahuetes con capacidades que van desde 2 hasta 50 kg\/lote, adecuados para diferentes escalas de producci\u00f3n. Si busca una m\u00e1quina de recubrimiento de hamburguesas de cacahuete, \u00a1no dude en contactarnos!<\/p>    <figure class=\"wp-block-embed is-type-video is-provider-youtube wp-block-embed-youtube wp-embed-aspect-16-9 wp-has-aspect-ratio\"><div class=\"wp-block-embed__wrapper\"> <iframe loading=\"lazy\" title=\"M\u00e1quina de recubrimiento de cacahuetes comercial | Proceso estable de recubrimiento de cacahuetes para f\u00e1bricas de snacks\" width=\"500\" height=\"281\" src=\"https:\/\/www.youtube.com\/embed\/gETruos1Q8A?feature=oembed\" frameborder=\"0\" allow=\"accelerometer; autoplay; clipboard-write; encrypted-media; gyroscope; picture-in-picture; web-share\" referrerpolicy=\"strict-origin-when-cross-origin\" allowfullscreen><\/iframe> <\/div><figcaption class=\"wp-element-caption\">Video de trabajo de la m\u00e1quina de recubrimiento de cacahuetes<\/figcaption><\/figure>    <h2 class=\"wp-block-heading\"><strong>Ventajas de la m\u00e1quina de fabricaci\u00f3n de cacahuetes recubiertos<\/strong><\/h2>    <ul class=\"wp-block-list\"> <li>Capacidad de producci\u00f3n flexible, adaptable a diversas necesidades de producci\u00f3n (2-50kg\/lote).<\/li>    <li>La estructura de tambor en tumbling continuo garantiza un grosor de recubrimiento uniforme y una alta consistencia de los productos terminados.<\/li>    <li>Muy vers\u00e1til, adecuada para materiales como cacahuetes, nueces y pastillas.<\/li>    <li>Control centralizado PLC, operaci\u00f3n intuitiva, funcionamiento estable del equipo y bajo nivel de ruido.<\/li>    <li>Configuraciones de pulverizaci\u00f3n, forma y estructura del tambor personalizables.<\/li> <\/ul>   <div class=\"wp-block-image\"> <figure class=\"aligncenter size-full\"><img loading=\"lazy\" decoding=\"async\" width=\"720\" height=\"540\" src=\"https:\/\/taizynut.com\/wp-content\/uploads\/2026\/02\/flour-peanut-coated-machine.webp\" alt=\"M\u00e1quina de recubrimiento de cacahuetes con harina\" class=\"wp-image-1427\" title=\"\" srcset=\"https:\/\/taizynut.com\/wp-content\/uploads\/2026\/02\/flour-peanut-coated-machine.webp 720w, https:\/\/taizynut.com\/wp-content\/uploads\/2026\/02\/flour-peanut-coated-machine-300x225.webp 300w, https:\/\/taizynut.com\/wp-content\/uploads\/2026\/02\/flour-peanut-coated-machine-16x12.webp 16w\" sizes=\"auto, (max-width: 720px) 100vw, 720px\" \/><figcaption class=\"wp-element-caption\">M\u00e1quina de recubrimiento de cacahuetes con harina<\/figcaption><\/figure> <\/div>   <h2 class=\"wp-block-heading\"><strong>\u00bfQu\u00e9 materiales son adecuados para la m\u00e1quina de recubrimiento de cacahuetes?<\/strong><\/h2>    <p>Nuestra m\u00e1quina de recubrimiento de cacahuetes no solo es adecuada para recubrir cacahuetes, sino tambi\u00e9n para tratamientos de recubrimiento superficial de varios materiales granulares, incluyendo:<\/p>    <ul class=\"wp-block-list\"> <li>Cacahuetes, anacardos, frijoles japoneses<\/li>    <li>Frijoles de espino, frijoles anchos, productos de frijoles<\/li>    <li>Nueces especiadas, nueces con chocolate, nueces de cacao<\/li>    <li>Pastillas, gr\u00e1nulos qu\u00edmicos, etc.<\/li> <\/ul>    <p>La m\u00e1quina de recubrimiento de cacahuetes recubiertos es adecuada para procesos de sazonado, recubrimiento de az\u00facar, recubrimiento de chocolate y recubrimiento funcional.<\/p>   <div class=\"wp-block-image\"> <figure class=\"aligncenter size-full\"><img loading=\"lazy\" decoding=\"async\" width=\"720\" height=\"540\" src=\"https:\/\/taizynut.com\/wp-content\/uploads\/2026\/02\/application-of-peanut-burger-coating-machine.webp\" alt=\"Aplicaci\u00f3n de la m\u00e1quina de recubrimiento de hamburguesas de cacahuete\" class=\"wp-image-1429\" title=\"\" srcset=\"https:\/\/taizynut.com\/wp-content\/uploads\/2026\/02\/application-of-peanut-burger-coating-machine.webp 720w, https:\/\/taizynut.com\/wp-content\/uploads\/2026\/02\/application-of-peanut-burger-coating-machine-300x225.webp 300w, https:\/\/taizynut.com\/wp-content\/uploads\/2026\/02\/application-of-peanut-burger-coating-machine-16x12.webp 16w\" sizes=\"auto, (max-width: 720px) 100vw, 720px\" \/><figcaption class=\"wp-element-caption\">Aplicaci\u00f3n de la m\u00e1quina de recubrimiento de hamburguesas de cacahuete<\/figcaption><\/figure> <\/div>   <h2 class=\"wp-block-heading\"><strong>Modelos disponibles de m\u00e1quina de cacahuetes recubiertos<\/strong><\/h2>    <figure class=\"wp-block-table\"><table><tbody><tr><td>Modelo<\/td><td>Velocidad de rotaci\u00f3n<\/td><td>Potencia de transmisi\u00f3n<\/td><td>Potencia del ventilador<\/td><td>Potencia de calefacci\u00f3n inferior<\/td><td>Potencia de aire caliente<\/td><td>Capacidad<\/td><td>Tama\u00f1o de la m\u00e1quina<\/td><\/tr><tr><td>TZ-400<\/td><td>28r\/min<\/td><td>0,37 kw<\/td><td>180w<\/td><td>1kw<\/td><td>1kw<\/td><td>2-5kg\/lote<\/td><td>900*500*1450mm<\/td><\/tr><tr><td>TZ-600<\/td><td>28r\/min<\/td><td>0.75kw<\/td><td>180w<\/td><td>1kw<\/td><td>1kw<\/td><td>5-10kg\/lote<\/td><td>900*600*1450mm<\/td><\/tr><tr><td>TZ-800<\/td><td>28r\/min<\/td><td>1075kw<\/td><td>250w<\/td><td>2kw<\/td><td>2kw<\/td><td>10-20kg\/lote<\/td><td>1000*800*1500mm<\/td><\/tr><tr><td>TZ-1000<\/td><td>28r\/min<\/td><td>0.75kw<\/td><td>250w<\/td><td>2kw<\/td><td>2kw<\/td><td>20-30kg\/lote<\/td><td>1200*1000*1700mm<\/td><\/tr><tr><td>TZ-1200<\/td><td>22r\/min<\/td><td>1.1kw<\/td><td>250w<\/td><td>2kw<\/td><td>2kw<\/td><td>30-40kg\/lote<\/td><td>1300*1200*1800mm<\/td><\/tr><tr><td>TZ-1400<\/td><td>22r\/min<\/td><td>1.5kw<\/td><td>250w<\/td><td>3kw<\/td><td>3kw<\/td><td>40-50kg\/lote<\/td><td>1550*1400*1850mm<\/td><\/tr><\/tbody><\/table><figcaption class=\"wp-element-caption\">par\u00e1metros de la m\u00e1quina de recubrimiento de cacahuetes<\/figcaption><\/figure>    <h2 class=\"wp-block-heading\"><strong>Estructura de la m\u00e1quina de recubrimiento de cacahuetes<\/strong><\/h2>    <p>La m\u00e1quina de fabricaci\u00f3n de hamburguesas de cacahuete consta de varios componentes: marco, caja de cambios, dispositivo de calefacci\u00f3n, tambor de recubrimiento, pistola de pulverizaci\u00f3n y panel de control PLC.<\/p>    <ul class=\"wp-block-list\"> <li>El tambor de recubrimiento est\u00e1 inclinado en un \u00e1ngulo de 30 grados.<\/li>    <li>Los calentadores el\u00e9ctricos, quemadores de gas u otros dispositivos de calefacci\u00f3n directa pueden colocarse debajo del tambor.<\/li>    <li>Nuestra m\u00e1quina de recubrimiento de cacahuetes puede equiparse opcionalmente con el dispositivo de pulverizaci\u00f3n.<\/li> <\/ul>    <figure class=\"wp-block-gallery has-nested-images columns-default is-cropped wp-block-gallery-2 is-layout-flex wp-block-gallery-is-layout-flex\"> <figure class=\"wp-block-image size-large\"><img loading=\"lazy\" decoding=\"async\" width=\"540\" height=\"720\" data-id=\"1431\" src=\"https:\/\/taizynut.com\/wp-content\/uploads\/2026\/02\/coated-peanut-macine.webp\" alt=\"coated peanut machine\" class=\"wp-image-1431\" title=\"\" srcset=\"https:\/\/taizynut.com\/wp-content\/uploads\/2026\/02\/coated-peanut-macine.webp 540w, https:\/\/taizynut.com\/wp-content\/uploads\/2026\/02\/coated-peanut-macine-225x300.webp 225w, https:\/\/taizynut.com\/wp-content\/uploads\/2026\/02\/coated-peanut-macine-9x12.webp 9w\" sizes=\"auto, (max-width: 540px) 100vw, 540px\" \/><figcaption class=\"wp-element-caption\">M\u00e1quina de cacahuetes recubiertos<\/figcaption><\/figure>    <figure class=\"wp-block-image size-large\"><img loading=\"lazy\" decoding=\"async\" width=\"540\" height=\"720\" data-id=\"1430\" src=\"https:\/\/taizynut.com\/wp-content\/uploads\/2026\/02\/automatic-peanut-coating-machine.webp\" alt=\"automatic peanut coating machine\" class=\"wp-image-1430\" title=\"\" srcset=\"https:\/\/taizynut.com\/wp-content\/uploads\/2026\/02\/automatic-peanut-coating-machine.webp 540w, https:\/\/taizynut.com\/wp-content\/uploads\/2026\/02\/automatic-peanut-coating-machine-225x300.webp 225w, https:\/\/taizynut.com\/wp-content\/uploads\/2026\/02\/automatic-peanut-coating-machine-9x12.webp 9w\" sizes=\"auto, (max-width: 540px) 100vw, 540px\" \/><figcaption class=\"wp-element-caption\">M\u00e1quina autom\u00e1tica de recubrimiento de cacahuetes<\/figcaption><\/figure>    <figure class=\"wp-block-image size-large\"><img loading=\"lazy\" decoding=\"async\" width=\"540\" height=\"720\" data-id=\"1432\" src=\"https:\/\/taizynut.com\/wp-content\/uploads\/2026\/02\/coated-peanut-making-equipment.webp\" alt=\"coated peanut making equipment\" class=\"wp-image-1432\" title=\"\" srcset=\"https:\/\/taizynut.com\/wp-content\/uploads\/2026\/02\/coated-peanut-making-equipment.webp 540w, https:\/\/taizynut.com\/wp-content\/uploads\/2026\/02\/coated-peanut-making-equipment-225x300.webp 225w, https:\/\/taizynut.com\/wp-content\/uploads\/2026\/02\/coated-peanut-making-equipment-9x12.webp 9w\" sizes=\"auto, (max-width: 540px) 100vw, 540px\" \/><figcaption class=\"wp-element-caption\">Equipo de fabricaci\u00f3n de cacahuetes recubiertos<\/figcaption><\/figure> <\/figure>    <h2 class=\"wp-block-heading\"><strong>\u00bfC\u00f3mo funciona la m\u00e1quina de recubrimiento de cacahuetes?<\/strong><\/h2>    <p>La m\u00e1quina de recubrimiento de cacahuetes utiliza una combinaci\u00f3n de tumbling continuo en un tambor giratorio y secado con aire caliente para garantizar que los cacahuetes se calienten de manera uniforme durante el proceso de recubrimiento, resultando en un producto con recubrimiento uniforme.<\/p>    <ul class=\"wp-block-list\"> <li>Paso 1: Preparaci\u00f3n de la materia prima  <ul class=\"wp-block-list\"> <li>Lave bien los cacahuetes y s\u00e9quelos completamente, eliminando cualquier impureza y residuo.<\/li> <\/ul> <\/li>    <li>Paso 2: Configuraci\u00f3n de par\u00e1metros del equipo <ul class=\"wp-block-list\"> <li>Ajuste la temperatura, la velocidad de rotaci\u00f3n del tambor y el volumen de pulverizaci\u00f3n seg\u00fan los requisitos de grosor y textura del recubrimiento deseado.<\/li> <\/ul> <\/li>    <li>Paso 3: Alimentaci\u00f3n y operaci\u00f3n <ul class=\"wp-block-list\"> <li>Agregue una cantidad adecuada de cacahuetes de manera uniforme en la entrada de alimentaci\u00f3n de la m\u00e1quina de recubrimiento de cacahuetes.<\/li> <\/ul> <\/li>    <li>Paso 4: Formaci\u00f3n del recubrimiento <ul class=\"wp-block-list\"> <li>Despu\u00e9s de que la m\u00e1quina de cacahuetes recubiertos arranca, el sistema de pulverizaci\u00f3n recubre uniformemente los cacahuetes. Esto resulta en cacahuetes recubiertos con una apariencia uniforme y buena textura.<\/li> <\/ul> <\/li> <\/ul>   <div class=\"wp-block-image\"> <figure class=\"aligncenter size-full\"><img loading=\"lazy\" decoding=\"async\" width=\"720\" height=\"540\" src=\"https:\/\/taizynut.com\/wp-content\/uploads\/2026\/02\/peanut-burger-coating-machine.webp\" alt=\"m\u00e1quina de recubrimiento de hamburguesas de cacahuete\" class=\"wp-image-1433\" title=\"\" srcset=\"https:\/\/taizynut.com\/wp-content\/uploads\/2026\/02\/peanut-burger-coating-machine.webp 720w, https:\/\/taizynut.com\/wp-content\/uploads\/2026\/02\/peanut-burger-coating-machine-300x225.webp 300w, https:\/\/taizynut.com\/wp-content\/uploads\/2026\/02\/peanut-burger-coating-machine-16x12.webp 16w\" sizes=\"auto, (max-width: 720px) 100vw, 720px\" \/><figcaption class=\"wp-element-caption\">m\u00e1quina de recubrimiento de hamburguesas de cacahuete<\/figcaption><\/figure> <\/div>   <h2 class=\"wp-block-heading\"><strong>Precio del equipo de fabricaci\u00f3n de cacahuetes recubiertos<\/strong><\/h2>    <p>El precio de una m\u00e1quina de recubrimiento de cacahuetes generalmente est\u00e1 influenciado por su configuraci\u00f3n, capacidad de producci\u00f3n y requisitos de personalizaci\u00f3n. La m\u00e1quina de recubrimiento de hamburguesas de cacahuete suele tener un precio basado en configuraciones personalizadas. Los principales factores que afectan el precio de una m\u00e1quina de recubrimiento de cacahuetes son:<\/p>    <ol class=\"wp-block-list\"> <li>Capacidad de producci\u00f3n y especificaciones del equipo<\/li>    <li>Requisitos de materiales y procesos<\/li>    <li>Configuraci\u00f3n funcional y grado de automatizaci\u00f3n<\/li>    <li>Requisitos de personalizaci\u00f3n<\/li> <\/ol>    <p>Al elegir una m\u00e1quina de recubrimiento de cacahuetes, debe determinar las especificaciones en funci\u00f3n de las materias primas y el volumen de producci\u00f3n. Solo definiendo claramente sus necesidades espec\u00edficas podr\u00e1 obtener un precio m\u00e1s preciso y razonable.<\/p>    <figure class=\"wp-block-gallery has-nested-images columns-default is-cropped wp-block-gallery-3 is-layout-flex wp-block-gallery-is-layout-flex\"> <figure class=\"wp-block-image size-large\"><img loading=\"lazy\" decoding=\"async\" width=\"540\" height=\"720\" data-id=\"1435\" src=\"https:\/\/taizynut.com\/wp-content\/uploads\/2026\/02\/peanut-coating-equipment.webp\" alt=\"peanut coating equipment\" class=\"wp-image-1435\" title=\"\" srcset=\"https:\/\/taizynut.com\/wp-content\/uploads\/2026\/02\/peanut-coating-equipment.webp 540w, https:\/\/taizynut.com\/wp-content\/uploads\/2026\/02\/peanut-coating-equipment-225x300.webp 225w, https:\/\/taizynut.com\/wp-content\/uploads\/2026\/02\/peanut-coating-equipment-9x12.webp 9w\" sizes=\"auto, (max-width: 540px) 100vw, 540px\" \/><figcaption class=\"wp-element-caption\">Equipo de recubrimiento de cacahuetes<\/figcaption><\/figure>    <figure class=\"wp-block-image size-large\"><img loading=\"lazy\" decoding=\"async\" width=\"540\" height=\"720\" data-id=\"1434\" src=\"https:\/\/taizynut.com\/wp-content\/uploads\/2026\/02\/peanut-burger-coating-equipment.webp\" alt=\"peanut burger coating equipment\" class=\"wp-image-1434\" title=\"\" srcset=\"https:\/\/taizynut.com\/wp-content\/uploads\/2026\/02\/peanut-burger-coating-equipment.webp 540w, https:\/\/taizynut.com\/wp-content\/uploads\/2026\/02\/peanut-burger-coating-equipment-225x300.webp 225w, https:\/\/taizynut.com\/wp-content\/uploads\/2026\/02\/peanut-burger-coating-equipment-9x12.webp 9w\" sizes=\"auto, (max-width: 540px) 100vw, 540px\" \/><figcaption class=\"wp-element-caption\">Equipo de recubrimiento de hamburguesas de cacahuete<\/figcaption><\/figure>    <figure class=\"wp-block-image size-large\"><img loading=\"lazy\" decoding=\"async\" width=\"540\" height=\"720\" data-id=\"1436\" src=\"https:\/\/taizynut.com\/wp-content\/uploads\/2026\/02\/peanut-coating-machine.webp\" alt=\"peanut coating machine\" class=\"wp-image-1436\" title=\"\" srcset=\"https:\/\/taizynut.com\/wp-content\/uploads\/2026\/02\/peanut-coating-machine.webp 540w, https:\/\/taizynut.com\/wp-content\/uploads\/2026\/02\/peanut-coating-machine-225x300.webp 225w, https:\/\/taizynut.com\/wp-content\/uploads\/2026\/02\/peanut-coating-machine-9x12.webp 9w\" sizes=\"auto, (max-width: 540px) 100vw, 540px\" \/><figcaption class=\"wp-element-caption\">M\u00e1quina de recubrimiento de cacahuetes<\/figcaption><\/figure> <\/figure>    <h2 class=\"wp-block-heading\"><strong>Preguntas frecuentes sobre la m\u00e1quina autom\u00e1tica de recubrimiento de cacahuetes<\/strong><\/h2>   <div id=\"rank-math-faq\" class=\"rank-math-block\"> <div class=\"rank-math-list\"> <div id=\"faq-question-1770171301882\" class=\"rank-math-list-item\"> <h3 class=\"rank-math-question\">\u00bfCu\u00e1l es la capacidad de producci\u00f3n de esta m\u00e1quina de recubrimiento de hamburguesas de cacahuete?<\/h3> <div class=\"rank-math-answer\">  <p>2\u201350 kg\/lote.<\/p>  <\/div> <\/div> <div id=\"faq-question-1770171339226\" class=\"rank-math-list-item\"> <h3 class=\"rank-math-question\">\u00bfLa m\u00e1quina de recubrimiento de cacahuetes se usa solo para cacahuetes?<\/h3> <div class=\"rank-math-answer\">  <p>Tambi\u00e9n es adecuada para anacardos, frijoles japoneses, bayas de espino, pastillas, etc.<\/p>  <\/div> <\/div> <div id=\"faq-question-1770171404801\" class=\"rank-math-list-item\"> <h3 class=\"rank-math-question\">\u00bfEl dispositivo soporta personalizaci\u00f3n?<\/h3> <div class=\"rank-math-answer\">  <p>El dispositivo de pulverizaci\u00f3n y la forma y estructura del tambor de recubrimiento pueden seleccionarse seg\u00fan los requisitos de producci\u00f3n.<\/p>  <\/div> <\/div> <div id=\"faq-question-1770171481298\" class=\"rank-math-list-item\"> <h3 class=\"rank-math-question\">\u00bfLos procedimientos de operaci\u00f3n y mantenimiento son complicados?<\/h3> <div class=\"rank-math-answer\">  <p>El equipo utiliza un sistema de control PLC, presenta una interfaz de operaci\u00f3n clara y es f\u00e1cil de mantener.<\/p>  <\/div> <\/div> <div id=\"faq-question-1770171508900\" class=\"rank-math-list-item\"> <h3 class=\"rank-math-question\">\u00bfOfrecen otros equipos relacionados con el procesamiento de cacahuetes?<\/h3> <div class=\"rank-math-answer\">  <p class=\"translation-block\">Ofrecemos equipos como la <a href=\"https:\/\/taizynut.com\/es\/product\/small-peanut-roasting-machine-groundnut-roaster-machine\/\">m\u00e1quina de tostado de cacahuetes<\/a> y la <a href=\"https:\/\/taizynut.com\/es\/product\/dry-peanut-peeling-machine\/\">m\u00e1quina de pelado de cacahuetes<\/a>.<\/p>  <\/div> <\/div> <\/div> <\/div>   <h2 class=\"wp-block-heading\"><strong>\u00a1Cont\u00e1ctenos para obtener una cotizaci\u00f3n!<\/strong><\/h2>    <p>Whether you&#8217;re planning to upgrade your existing peanut processing equipment or build a complete coated peanut production line, we can provide you with the right equipment and solutions. Contact us today for a free consultation!<\/p>","protected":false},"excerpt":{"rendered":"<p>This article introduces an automatic peanut coating machine with a single-batch capacity of 2\u201350 kg, suitable for coating nuts and legumes such as peanuts, cashews, Japanese beans, and broad beans. The equipment provides uniform coating, stable operation, and supports various flavors and processing requirements.<\/p>","protected":false},"author":1,"featured_media":1437,"parent":0,"template":"","tags":[61,45],"product-type":[27],"class_list":["post-1419","product","type-product","status-publish","has-post-thumbnail","hentry","tag-nut","tag-peanut","product-type-peanut-kernel-processing"],"_links":{"self":[{"href":"https:\/\/taizynut.com\/es\/wp-json\/wp\/v2\/product\/1419","targetHints":{"allow":["GET"]}}],"collection":[{"href":"https:\/\/taizynut.com\/es\/wp-json\/wp\/v2\/product"}],"about":[{"href":"https:\/\/taizynut.com\/es\/wp-json\/wp\/v2\/types\/product"}],"author":[{"embeddable":true,"href":"https:\/\/taizynut.com\/es\/wp-json\/wp\/v2\/users\/1"}],"wp:featuredmedia":[{"embeddable":true,"href":"https:\/\/taizynut.com\/es\/wp-json\/wp\/v2\/media\/1437"}],"wp:attachment":[{"href":"https:\/\/taizynut.com\/es\/wp-json\/wp\/v2\/media?parent=1419"}],"wp:term":[{"taxonomy":"post_tag","embeddable":true,"href":"https:\/\/taizynut.com\/es\/wp-json\/wp\/v2\/tags?post=1419"},{"taxonomy":"product-type","embeddable":true,"href":"https:\/\/taizynut.com\/es\/wp-json\/wp\/v2\/product-type?post=1419"}],"curies":[{"name":"wp","href":"https:\/\/api.w.org\/{rel}","templated":true}]}}