{"id":1468,"date":"2026-02-09T11:16:46","date_gmt":"2026-02-09T03:16:46","guid":{"rendered":"https:\/\/taizynut.com\/?post_type=product&#038;p=1468"},"modified":"2026-02-09T11:49:27","modified_gmt":"2026-02-09T03:49:27","slug":"peanut-kernel-washing-machine","status":"publish","type":"product","link":"https:\/\/taizynut.com\/es\/product\/peanut-kernel-washing-machine\/","title":{"rendered":"Lavadora de c\u00e1scara de cacahuete"},"content":{"rendered":"<p class=\"translation-block\">La <strong>m\u00e1quina de lavado de c\u00e1scaras de cacahuete<\/strong> es un equipo de flujo continuo dise\u00f1ado espec\u00edficamente para la limpieza por aspersi\u00f3n de materiales granulares. Se utiliza principalmente para eliminar suciedad, polvo y c\u00e1scaras rotas de la superficie de los cacahuetes. Esta limpieza de frutos secos es adecuada para limpiar cacahuetes, frijoles, ma\u00edz y otros materiales granulares.<\/p>    <p>Nuestra m\u00e1quina de lavado de cacahuetes tiene una capacidad de producci\u00f3n de 1\u20131,5 t\/h, que puede satisfacer las necesidades de limpieza de empresas de procesamiento de alimentos peque\u00f1as y grandes. Si busca una m\u00e1quina de limpieza de c\u00e1scaras de cacahuete, \u00a1cont\u00e1ctenos para m\u00e1s informaci\u00f3n!<\/p>    <figure class=\"wp-block-embed is-type-video is-provider-youtube wp-block-embed-youtube wp-embed-aspect-16-9 wp-has-aspect-ratio\"><div class=\"wp-block-embed__wrapper\"> <iframe loading=\"lazy\" title=\"M\u00e1quina autom\u00e1tica de lavado de c\u00e1scaras de cacahuete para limpieza de man\u00ed|M\u00e1quina de procesamiento de cacahuetes en acci\u00f3n\" width=\"500\" height=\"281\" src=\"https:\/\/www.youtube.com\/embed\/Hm4avJcp5kU?feature=oembed\" frameborder=\"0\" allow=\"accelerometer; autoplay; clipboard-write; encrypted-media; gyroscope; picture-in-picture; web-share\" referrerpolicy=\"strict-origin-when-cross-origin\" allowfullscreen><\/iframe> <\/div><figcaption class=\"wp-element-caption\">video de trabajo del equipo de lavado de cacahuetes<\/figcaption><\/figure>    <h2 class=\"wp-block-heading\"><strong>Caracter\u00edsticas de la m\u00e1quina de lavado de cacahuetes<\/strong><\/h2>    <ul class=\"wp-block-list\"> <li><strong>Producci\u00f3n continua<\/strong>: Soporta operaci\u00f3n ininterrumpida con una capacidad de producci\u00f3n de 1-1,5 toneladas\/hora.<\/li>    <li><strong>Estructura completamente de acero inoxidable<\/strong>Cumple con los est\u00e1ndares de calidad alimentaria, es resistente a la corrosi\u00f3n y tiene una larga vida \u00fatil.<\/li>    <li><strong>Dise\u00f1o de recirculaci\u00f3n de agua<\/strong>: Ahorrar agua y reducir costos operativos.<\/li>    <li>G<strong>Limpieza suave sin da\u00f1o<\/strong>: La limpieza mediante rodillos en el tambor previene da\u00f1os a los cacahuetes.<\/li>    <li><strong>Operaci\u00f3n y mantenimiento sencillos<\/strong>: Operaci\u00f3n estable, f\u00e1cil de usar y puede ser operada por una sola persona.<\/li> <\/ul>   <div class=\"wp-block-image\"> <figure class=\"aligncenter size-full\"><img loading=\"lazy\" decoding=\"async\" width=\"720\" height=\"540\" src=\"https:\/\/taizynut.com\/wp-content\/uploads\/2026\/02\/nut-washing-machine.webp\" alt=\"m\u00e1quina de lavado de frutos secos\" class=\"wp-image-1469\" title=\"\" srcset=\"https:\/\/taizynut.com\/wp-content\/uploads\/2026\/02\/nut-washing-machine.webp 720w, https:\/\/taizynut.com\/wp-content\/uploads\/2026\/02\/nut-washing-machine-300x225.webp 300w, https:\/\/taizynut.com\/wp-content\/uploads\/2026\/02\/nut-washing-machine-16x12.webp 16w\" sizes=\"auto, (max-width: 720px) 100vw, 720px\" \/><figcaption class=\"wp-element-caption\">m\u00e1quina de lavado de frutos secos<\/figcaption><\/figure> <\/div>   <h2 class=\"wp-block-heading\"><strong>Materiales y escenarios aplicables<\/strong><\/h2>    <p>Esta m\u00e1quina de lavado de c\u00e1scaras de cacahuete no solo es adecuada para cacahuetes, sino tambi\u00e9n para limpiar diversos materiales granulares: cacahuetes, frijoles, granos, nueces, semillas y otros tipos de materiales granulares.<\/p>   <div class=\"wp-block-image\"> <figure class=\"aligncenter size-full\"><img loading=\"lazy\" decoding=\"async\" width=\"720\" height=\"540\" src=\"https:\/\/taizynut.com\/wp-content\/uploads\/2026\/02\/application-of-peanut-washing-equipment.webp\" alt=\"Aplicaci\u00f3n del equipo de lavado de cacahuetes\" class=\"wp-image-1470\" title=\"\" srcset=\"https:\/\/taizynut.com\/wp-content\/uploads\/2026\/02\/application-of-peanut-washing-equipment.webp 720w, https:\/\/taizynut.com\/wp-content\/uploads\/2026\/02\/application-of-peanut-washing-equipment-300x225.webp 300w, https:\/\/taizynut.com\/wp-content\/uploads\/2026\/02\/application-of-peanut-washing-equipment-16x12.webp 16w\" sizes=\"auto, (max-width: 720px) 100vw, 720px\" \/><figcaption class=\"wp-element-caption\">Aplicaci\u00f3n del equipo de lavado de cacahuetes<\/figcaption><\/figure> <\/div>   <p class=\"translation-block\">Esta m\u00e1quina de lavado de c\u00e1scaras de cacahuete puede servir como un importante dispositivo de preprocesamiento para l\u00edneas de procesamiento de cacahuetes y frutos secos. Esta m\u00e1quina de limpieza de frutos secos se usa com\u00fanmente en la <a href=\"https:\/\/taizynut.com\/es\/product\/automatic-peanut-oil-production-line\/\">l\u00ednea de producci\u00f3n de mantequilla de cacahuete<\/a>, la <a href=\"https:\/\/taizynut.com\/es\/product\/coated-peanut-production-line\/\">l\u00ednea de producci\u00f3n de cacahuete recubierto<\/a> y otras aplicaciones de procesamiento de frutos secos.<\/p>    <h2 class=\"wp-block-heading\"><strong>Especificaciones de la lavadora de c\u00e1scaras de cacahuete<\/strong><\/h2>    <figure class=\"wp-block-table\"><table class=\"has-fixed-layout\"><tbody><tr><td>Modelo<\/td><td>TZ-1500<\/td><\/tr><tr><td>Capacidad<\/td><td>1-1,5 t\/h<\/td><\/tr><tr><td>Fuerza<\/td><td>1.1kw<\/td><\/tr><tr><td>Potencia de la bomba de agua<\/td><td>0.75kw<\/td><\/tr><tr><td>Material de la m\u00e1quina<\/td><td>Acero inoxidable 201 <\/td><\/tr><\/tbody><\/table><figcaption class=\"wp-element-caption\">Par\u00e1metros t\u00e9cnicos de la m\u00e1quina de limpieza de c\u00e1scaras de cacahuete<\/figcaption><\/figure>    <h2 class=\"wp-block-heading\"><strong>\u00bfC\u00f3mo funciona la m\u00e1quina de limpieza de c\u00e1scaras de cacahuete?<\/strong><\/h2>    <p>Esta m\u00e1quina de lavado de c\u00e1scaras de cacahuete utiliza una estructura de limpieza por aspersi\u00f3n en tambor, asegurando una limpieza uniforme sin da\u00f1ar los cacahuetes. El proceso de trabajo es el siguiente:<\/p>    <ul class=\"wp-block-list\"> <li>Los cacahuetes con c\u00e1scara ingresan al tambor perforado de acero inoxidable desde el extremo de alimentaci\u00f3n.<\/li>    <li>El motor hace que el tambor gire lentamente, haciendo que los cacahuetes rueden continuamente.<\/li>    <li>Una bomba de agua roc\u00eda agua limpia en el tambor, y el flujo de agua y la fricci\u00f3n con el material eliminan las impurezas.<\/li>    <li>El agua residual y las impurezas finas se descargan a trav\u00e9s de los agujeros en el tambor.<\/li>    <li>El tambor inclinado, combinado con el movimiento rotatorio, descarga los cacahuetes limpios.<\/li> <\/ul>   <div class=\"wp-block-image\"> <figure class=\"aligncenter size-full\"><img loading=\"lazy\" decoding=\"async\" width=\"720\" height=\"540\" src=\"https:\/\/taizynut.com\/wp-content\/uploads\/2026\/02\/peanut-cleaning-machine.webp\" alt=\"m\u00e1quina de limpieza de cacahuetes\" class=\"wp-image-1471\" title=\"\" srcset=\"https:\/\/taizynut.com\/wp-content\/uploads\/2026\/02\/peanut-cleaning-machine.webp 720w, https:\/\/taizynut.com\/wp-content\/uploads\/2026\/02\/peanut-cleaning-machine-300x225.webp 300w, https:\/\/taizynut.com\/wp-content\/uploads\/2026\/02\/peanut-cleaning-machine-16x12.webp 16w\" sizes=\"auto, (max-width: 720px) 100vw, 720px\" \/><figcaption class=\"wp-element-caption\">m\u00e1quina de limpieza de cacahuetes<\/figcaption><\/figure> <\/div>   <h2 class=\"wp-block-heading\"><strong>\u00bfCu\u00e1nto cuesta la m\u00e1quina de lavado de cacahuetes?<\/strong><\/h2>    <p>El precio espec\u00edfico de esta m\u00e1quina de lavado de c\u00e1scaras de cacahuete variar\u00e1 seg\u00fan la configuraci\u00f3n y los requisitos. Los principales factores influyentes incluyen:<\/p>    <ul class=\"wp-block-list\"> <li><strong>Requisitos de capacidad de producci\u00f3n<\/strong>: Diferentes clientes tienen diferentes requisitos de producci\u00f3n; mayores demandas de capacidad resultan en mayores costos de configuraci\u00f3n y fabricaci\u00f3n.<\/li>    <li><strong>Materiales y configuraci\u00f3n<\/strong>: The machine&#8217;s materials, water tank capacity, and spraying system will all affect the final price.<\/li>    <li><strong>Requisitos de personalizaci\u00f3n<\/strong>: Los diferentes voltajes, frecuencias y personalizaciones especiales (tama\u00f1o, estructura) en cada pa\u00eds afectar\u00e1n los costos de producci\u00f3n.<\/li>    <li><strong>M\u00e9todos de transporte y embalaje<\/strong>: El transporte mar\u00edtimo, el embalaje en caja de madera y los diferentes puertos de destino resultar\u00e1n en diferentes costos totales finales.<\/li> <\/ul>   <div class=\"wp-block-image\"> <figure class=\"aligncenter size-full\"><img loading=\"lazy\" decoding=\"async\" width=\"720\" height=\"540\" src=\"https:\/\/taizynut.com\/wp-content\/uploads\/2026\/02\/peanut-kernel-washing-machine.webp\" alt=\"m\u00e1quina de lavado de c\u00e1scaras de cacahuete\" class=\"wp-image-1472\" title=\"\" srcset=\"https:\/\/taizynut.com\/wp-content\/uploads\/2026\/02\/peanut-kernel-washing-machine.webp 720w, https:\/\/taizynut.com\/wp-content\/uploads\/2026\/02\/peanut-kernel-washing-machine-300x225.webp 300w, https:\/\/taizynut.com\/wp-content\/uploads\/2026\/02\/peanut-kernel-washing-machine-16x12.webp 16w\" sizes=\"auto, (max-width: 720px) 100vw, 720px\" \/><figcaption class=\"wp-element-caption\">m\u00e1quina de lavado de c\u00e1scaras de cacahuete<\/figcaption><\/figure> <\/div>   <h2 class=\"wp-block-heading\"><strong>\u00bfPor qu\u00e9 elegir Taizy como su proveedor?<\/strong><\/h2>    <p>Taizy es un fabricante profesional de equipos agr\u00edcolas y de procesamiento de alimentos, exportando productos a numerosos pa\u00edses en todo el mundo. Poseemos amplia experiencia en proyectos y ofrecemos equipos de alta calidad de manera constante. Elegir Taizy significa que recibir\u00e1:<\/p>    <ul class=\"wp-block-list\"> <li>Una soluci\u00f3n madura y completa para el procesamiento de cacahuetes. Ofrecemos todo, desde la limpieza y el tostado hasta equipos de procesamiento profundo.<\/li>    <li>Calidad de equipo estable y confiable; nuestra m\u00e1quina de lavado de c\u00e1scaras de cacahuete es duradera y funciona de manera confiable.<\/li>    <li>Soporte t\u00e9cnico profesional y servicio postventa, incluyendo gu\u00eda de instalaci\u00f3n, capacitaci\u00f3n operativa y soporte t\u00e9cnico a largo plazo.<\/li>    <li>Opciones de producci\u00f3n personalizadas; ofrecemos soluciones adaptadas seg\u00fan la distribuci\u00f3n de su f\u00e1brica, capacidad de producci\u00f3n y presupuesto.<\/li>    <li>Precios competitivos. Fabricamos y vendemos nuestro equipo directamente.<\/li> <\/ul>    <p>Si busca un proveedor confiable de equipos de procesamiento de cacahuetes, Taizy es un socio de confianza. \u00a1No dude en contactarnos para soluciones detalladas y cotizaciones!<\/p>","protected":false},"excerpt":{"rendered":"<p>The peanut kernel washing machine efficiently removes soil, broken shells, and impurities from the surface of peanut kernels. Suitable for continuous cleaning of various granular materials, it has a capacity of 1\u20131.5 tons per hour and is an important pre-processing equipment in peanut processing production lines.<\/p>","protected":false},"author":1,"featured_media":1473,"parent":0,"template":"","tags":[61,45],"product-type":[27],"class_list":["post-1468","product","type-product","status-publish","has-post-thumbnail","hentry","tag-nut","tag-peanut","product-type-peanut-kernel-processing"],"_links":{"self":[{"href":"https:\/\/taizynut.com\/es\/wp-json\/wp\/v2\/product\/1468","targetHints":{"allow":["GET"]}}],"collection":[{"href":"https:\/\/taizynut.com\/es\/wp-json\/wp\/v2\/product"}],"about":[{"href":"https:\/\/taizynut.com\/es\/wp-json\/wp\/v2\/types\/product"}],"author":[{"embeddable":true,"href":"https:\/\/taizynut.com\/es\/wp-json\/wp\/v2\/users\/1"}],"wp:featuredmedia":[{"embeddable":true,"href":"https:\/\/taizynut.com\/es\/wp-json\/wp\/v2\/media\/1473"}],"wp:attachment":[{"href":"https:\/\/taizynut.com\/es\/wp-json\/wp\/v2\/media?parent=1468"}],"wp:term":[{"taxonomy":"post_tag","embeddable":true,"href":"https:\/\/taizynut.com\/es\/wp-json\/wp\/v2\/tags?post=1468"},{"taxonomy":"product-type","embeddable":true,"href":"https:\/\/taizynut.com\/es\/wp-json\/wp\/v2\/product-type?post=1468"}],"curies":[{"name":"wp","href":"https:\/\/api.w.org\/{rel}","templated":true}]}}