{"id":1483,"date":"2026-02-13T13:50:34","date_gmt":"2026-02-13T05:50:34","guid":{"rendered":"https:\/\/taizynut.com\/?post_type=product&#038;p=1483"},"modified":"2026-02-13T16:19:18","modified_gmt":"2026-02-13T08:19:18","slug":"peanut-cutter-with-peeling-function","status":"publish","type":"product","link":"https:\/\/taizynut.com\/es\/product\/peanut-cutter-with-peeling-function\/","title":{"rendered":"Cortadora de cacahuetes con funci\u00f3n de pelado"},"content":{"rendered":"<p class=\"translation-block\">La <strong>m\u00e1quina cortadora de cacahuetes<\/strong> es un dispositivo integrado que divide y pela los kernels de cacahuete tostados. Esta m\u00e1quina realiza autom\u00e1ticamente el pelado, la divisi\u00f3n y la clasificaci\u00f3n. Se usa ampliamente en la producci\u00f3n de caramelos de cacahuete, mantequilla de cacahuete y productos horneados.<\/p>    <p>Taizy ofrece dos tama\u00f1os de m\u00e1quinas cortadoras y peladoras de mitades de cacahuete con una capacidad de 400-1000 kg\/h. Esta m\u00e1quina de pelado y divisi\u00f3n de cacahuetes presenta un alto grado de automatizaci\u00f3n, operaci\u00f3n estable y bajo nivel de ruido. \u00a1Cont\u00e1ctenos para m\u00e1s informaci\u00f3n si est\u00e1 interesado!<\/p>    <figure class=\"wp-block-embed is-type-video is-provider-youtube wp-block-embed-youtube wp-embed-aspect-16-9 wp-has-aspect-ratio\"><div class=\"wp-block-embed__wrapper\"> <iframe loading=\"lazy\" title=\"M\u00e1quina de corte y pelado de cacahuetes a la mitad| Proceso de trabajo de la m\u00e1quina de dividir y pelar cacahuetes\" width=\"500\" height=\"281\" src=\"https:\/\/www.youtube.com\/embed\/VqsTnMyf-VQ?feature=oembed\" frameborder=\"0\" allow=\"accelerometer; autoplay; clipboard-write; encrypted-media; gyroscope; picture-in-picture; web-share\" referrerpolicy=\"strict-origin-when-cross-origin\" allowfullscreen><\/iframe> <\/div><figcaption class=\"wp-element-caption\">Video de trabajo de la m\u00e1quina de dividir y pelar cacahuetes<\/figcaption><\/figure>    <h2 class=\"wp-block-heading\"><strong>Ventajas principales de la m\u00e1quina cortadora de mitades de cacahuete<\/strong><\/h2>    <ol class=\"wp-block-list\"> <li><strong>Corte y pelado integrados<\/strong>Una sola m\u00e1quina de pelado y divisi\u00f3n de cacahuetes realiza dos procesos, reduciendo la inversi\u00f3n en equipos y los costos laborales.<\/li>    <li><strong>Bajo \u00edndice de p\u00e9rdida<\/strong>Las mitades de cacahuete procesadas mantienen una alta integridad con un m\u00ednimo desperdicio de materia prima, mejorando la eficiencia econ\u00f3mica.<\/li>    <li><strong>Eliminaci\u00f3n autom\u00e1tica de polvo<\/strong>Nuestra m\u00e1quina cortadora de cacahuetes cuenta con un sistema integrado de extracci\u00f3n de polvo. Puede eliminar autom\u00e1ticamente las pieles rojas, cumpliendo con los est\u00e1ndares de higiene en el procesamiento de alimentos.<\/li>    <li><strong>Producci\u00f3n continua y estable<\/strong>Dise\u00f1ado para un funcionamiento prolongado y confiable, este equipo es adecuado para plantas de procesamiento de alimentos de tama\u00f1o medio a grande.<\/li>    <li><strong>Apariencia uniforme del producto<\/strong>Las mitades de cacahuete exhiben un tama\u00f1o uniforme y una apariencia atractiva, aumentando el valor del producto.<\/li> <\/ol>    <figure class=\"wp-block-gallery has-nested-images columns-default is-cropped wp-block-gallery-2 is-layout-flex wp-block-gallery-is-layout-flex\"> <figure class=\"wp-block-image size-large\"><img loading=\"lazy\" decoding=\"async\" width=\"720\" height=\"540\" data-id=\"1486\" src=\"https:\/\/taizynut.com\/wp-content\/uploads\/2026\/02\/peanut-cutter-machine.webp\" alt=\"m\u00e1quina cortadora de cacahuetes\" class=\"wp-image-1486\" title=\"\" srcset=\"https:\/\/taizynut.com\/wp-content\/uploads\/2026\/02\/peanut-cutter-machine.webp 720w, https:\/\/taizynut.com\/wp-content\/uploads\/2026\/02\/peanut-cutter-machine-300x225.webp 300w, https:\/\/taizynut.com\/wp-content\/uploads\/2026\/02\/peanut-cutter-machine-16x12.webp 16w\" sizes=\"auto, (max-width: 720px) 100vw, 720px\" \/><figcaption class=\"wp-element-caption\">M\u00e1quina cortadora de cacahuetes<\/figcaption><\/figure>    <figure class=\"wp-block-image size-large\"><img loading=\"lazy\" decoding=\"async\" width=\"720\" height=\"540\" data-id=\"1487\" src=\"https:\/\/taizynut.com\/wp-content\/uploads\/2026\/02\/peanut-half-cutting-machine.webp\" alt=\"m\u00e1quina cortadora de mitades de cacahuete\" class=\"wp-image-1487\" title=\"\" srcset=\"https:\/\/taizynut.com\/wp-content\/uploads\/2026\/02\/peanut-half-cutting-machine.webp 720w, https:\/\/taizynut.com\/wp-content\/uploads\/2026\/02\/peanut-half-cutting-machine-300x225.webp 300w, https:\/\/taizynut.com\/wp-content\/uploads\/2026\/02\/peanut-half-cutting-machine-16x12.webp 16w\" sizes=\"auto, (max-width: 720px) 100vw, 720px\" \/><figcaption class=\"wp-element-caption\">M\u00e1quina cortadora de mitades de cacahuete<\/figcaption><\/figure> <\/figure>    <h2 class=\"wp-block-heading\"><strong>Aplicaci\u00f3n de la m\u00e1quina cortadora de cacahuetes<\/strong><\/h2>    <p>La m\u00e1quina cortadora y peladora de mitades de cacahuete produce mitades de cacahuete limpias, uniformes y est\u00e9ticamente atractivas. Proporciona materias primas de alta calidad para diversos productos alimenticios. La m\u00e1quina de separaci\u00f3n y pelado de cacahuetes se usa com\u00fanmente en las siguientes industrias:<\/p>    <ol class=\"wp-block-list\"> <li>Industria de caramelos de cacahuete y snacks<\/li>    <li>Industria de procesamiento de mantequilla de cacahuete<\/li>    <li>Industria de horneado y pasteler\u00eda<\/li>    <li>Industria de procesamiento de frutos secos condimentados<\/li>    <li>Plantas de procesamiento profundo de frutos secos<\/li> <\/ol>    <h2 class=\"wp-block-heading\"><strong>Modelos y especificaciones de la m\u00e1quina de separaci\u00f3n de cacahuetes<\/strong><\/h2>    <p>Taizy ofrece dos modelos de cortadoras de cacahuetes. Estos dos modelos tienen diferentes capacidades, que van desde 400 hasta 1000 kg\/h. Las especificaciones detalladas son las siguientes:<\/p>    <figure class=\"wp-block-table\"><table class=\"has-fixed-layout\"><tbody><tr><td>Modelo<\/td><td>TZ-500<\/td><td>TZ-1000<\/td><\/tr><tr><td>Capacidad<\/td><td>400-500kg\/h<\/td><td>1000kg\/hora<\/td><\/tr><tr><td>Fuerza<\/td><td>1.5kw<\/td><td>2,2 kw<\/td><\/tr><tr><td>Potencia del ventilador<\/td><td>0.75kw<\/td><td>2,2 kw<\/td><\/tr><tr><td>Voltaje<\/td><td>La cinta transportadora de PVC de grado alimentario cumple con los requisitos del procesamiento de alimentos.<\/td><td>La cinta transportadora de PVC de grado alimentario cumple con los requisitos del procesamiento de alimentos.<\/td><\/tr><tr><td>Tama\u00f1o<\/td><td>1900*850*1350mm<\/td><td>1900*1150*1350mm<\/td><\/tr><\/tbody><\/table><figcaption class=\"wp-element-caption\">par\u00e1metros de la m\u00e1quina de separaci\u00f3n y pelado de cacahuetes<\/figcaption><\/figure>    <h2 class=\"wp-block-heading\"><strong>\u00bfC\u00f3mo funciona la m\u00e1quina cortadora y peladora de mitades de cacahuete?<\/strong><\/h2>    <p>La m\u00e1quina cortadora de cacahuetes puede pelar y dividir los cacahuetes simult\u00e1neamente. Su flujo de trabajo es el siguiente:<\/p>    <ul class=\"wp-block-list\"> <li>Los cacahuetes tostados y enfriados ingresan en un tambor de pelado de alta velocidad en rotaci\u00f3n.<\/li>    <li>La fricci\u00f3n dentro del tambor elimina las pieles rojas, dividiendo autom\u00e1ticamente los cacahuetes por la mitad.<\/li>    <li>Los cacahuetes separados se transportan mediante un transportador de tornillo a una pantalla vibratoria.<\/li>    <li>La pantalla vibratoria separa eficazmente las pieles de los cacahuetes del germen.<\/li>    <li>Un ventilador de eliminaci\u00f3n de polvo elimina de manera centralizada las pieles rojas de los cacahuetes, logrando una producci\u00f3n limpia y sin contaminaci\u00f3n.<\/li> <\/ul>    <p>Todo el flujo de procesamiento opera de manera continua, asegurando que las mitades de cacahuete est\u00e9n presentadas ordenadamente y que el rendimiento sea alto.<\/p>   <div class=\"wp-block-image\"> <figure class=\"aligncenter size-full\"><img loading=\"lazy\" decoding=\"async\" width=\"720\" height=\"540\" src=\"https:\/\/taizynut.com\/wp-content\/uploads\/2026\/02\/peanut-cutter.webp\" alt=\"Cortadora de cacahuetes\" class=\"wp-image-1489\" title=\"\" srcset=\"https:\/\/taizynut.com\/wp-content\/uploads\/2026\/02\/peanut-cutter.webp 720w, https:\/\/taizynut.com\/wp-content\/uploads\/2026\/02\/peanut-cutter-300x225.webp 300w, https:\/\/taizynut.com\/wp-content\/uploads\/2026\/02\/peanut-cutter-16x12.webp 16w\" sizes=\"auto, (max-width: 720px) 100vw, 720px\" \/><figcaption class=\"wp-element-caption\">Cortadora de cacahuetes<\/figcaption><\/figure> <\/div>   <h2 class=\"wp-block-heading\"><strong>Precio de la m\u00e1quina cortadora de cacahuetes<\/strong><\/h2>    <p>The specific price of a peanut half cutting machine will depend on the customer&#8217;s needs. Common factors affecting the price are as follows:<\/p>    <ul class=\"wp-block-list\"> <li><strong>Modelo de equipo y rendimiento<\/strong>Una mayor capacidad y una configuraci\u00f3n superior resultar\u00e1n en un precio m\u00e1s alto.<\/li>    <li><strong>Necesidades de personalizaci\u00f3n<\/strong>Los requisitos espec\u00edficos como voltaje, materiales especiales y color de la m\u00e1quina afectar\u00e1n el precio total.<\/li>    <li><strong>Materiales y normas de grado alimenticio<\/strong>El uso de materiales de grado alimenticio y el cumplimiento de las normas de exportaci\u00f3n afectar\u00e1n el precio de la m\u00e1quina cortadora de cacahuetes.<\/li>    <li><strong>Configuraci\u00f3n del equipo<\/strong>El precio difiere entre la compra de una sola m\u00e1quina y la compra de una l\u00ednea de producci\u00f3n completa; en general, adquirir una l\u00ednea de producci\u00f3n completa ofrece una mejor relaci\u00f3n calidad-precio.<\/li> <\/ul>    <figure class=\"wp-block-gallery has-nested-images columns-default is-cropped wp-block-gallery-3 is-layout-flex wp-block-gallery-is-layout-flex\"> <figure class=\"wp-block-image size-large\"><img loading=\"lazy\" decoding=\"async\" width=\"720\" height=\"540\" data-id=\"1490\" src=\"https:\/\/taizynut.com\/wp-content\/uploads\/2026\/02\/peanut-cutting-machine.webp\" alt=\"m\u00e1quina cortadora de man\u00ed\" class=\"wp-image-1490\" title=\"\" srcset=\"https:\/\/taizynut.com\/wp-content\/uploads\/2026\/02\/peanut-cutting-machine.webp 720w, https:\/\/taizynut.com\/wp-content\/uploads\/2026\/02\/peanut-cutting-machine-300x225.webp 300w, https:\/\/taizynut.com\/wp-content\/uploads\/2026\/02\/peanut-cutting-machine-16x12.webp 16w\" sizes=\"auto, (max-width: 720px) 100vw, 720px\" \/><figcaption class=\"wp-element-caption\">M\u00e1quina de corte de cacahuetes<\/figcaption><\/figure>    <figure class=\"wp-block-image size-large\"><img loading=\"lazy\" decoding=\"async\" width=\"720\" height=\"540\" data-id=\"1491\" src=\"https:\/\/taizynut.com\/wp-content\/uploads\/2026\/02\/peanut-half-cutting-peeling-machine.webp\" alt=\"m\u00e1quina cortadora de mitades de cacahuete\" class=\"wp-image-1491\" title=\"\" srcset=\"https:\/\/taizynut.com\/wp-content\/uploads\/2026\/02\/peanut-half-cutting-peeling-machine.webp 720w, https:\/\/taizynut.com\/wp-content\/uploads\/2026\/02\/peanut-half-cutting-peeling-machine-300x225.webp 300w, https:\/\/taizynut.com\/wp-content\/uploads\/2026\/02\/peanut-half-cutting-peeling-machine-16x12.webp 16w\" sizes=\"auto, (max-width: 720px) 100vw, 720px\" \/><figcaption class=\"wp-element-caption\">M\u00e1quina de corte y pelado de mitades de cacahuete<\/figcaption><\/figure> <\/figure>    <h2 class=\"wp-block-heading\"><strong>\u00bfC\u00f3mo elegir la m\u00e1quina adecuada de pelado y divisi\u00f3n de cacahuetes?<\/strong><\/h2>    <p>Elegir la cortadora de cacahuetes adecuada seg\u00fan las necesidades de producci\u00f3n puede no solo aumentar la producci\u00f3n sino tambi\u00e9n evitar capacidad de producci\u00f3n desperdiciada.<\/p>    <ul class=\"wp-block-list\"> <li>400-500kg\/h: Adecuado para peque\u00f1as plantas de procesamiento y startups.<\/li>    <li>1000kg\/h: Adecuado para plantas de procesamiento de tama\u00f1o medio a grande.<\/li> <\/ul>    <h2 class=\"wp-block-heading\"><strong>L\u00ednea de producci\u00f3n relacionada<\/strong><\/h2>    <p class=\"translation-block\">La m\u00e1quina de separaci\u00f3n y pelado de cacahuetes se utiliza t\u00edpicamente como equipo de preprocesamiento para el procesamiento profundo de cacahuetes. Puede integrarse con la <a href=\"https:\/\/taizynut.com\/es\/product\/semi-automatic-peanut-butter-processing-line\/\">l\u00ednea de producci\u00f3n de mantequilla de cacahuete<\/a> para lograr un flujo de procesamiento completo. El proceso de la m\u00e1quina cortadora de mitades de cacahuete desempe\u00f1a un papel crucial en todo el proceso de producci\u00f3n:<\/p>    <ul class=\"wp-block-list\"> <li>Eliminar la piel roja reduce la amargura y mejora el sabor de la mantequilla de cacahuete.<\/li>    <li>Dividir en mitades todo el cacahuete aumenta la eficiencia de molienda y reduce el consumo de energ\u00eda.<\/li>    <li>Reducir las impurezas que ingresan a la etapa de molienda mejora la calidad y estabilidad del producto.<\/li> <\/ul>   <div class=\"wp-block-image\"> <figure class=\"aligncenter size-full\"><img loading=\"lazy\" decoding=\"async\" width=\"720\" height=\"540\" src=\"https:\/\/taizynut.com\/wp-content\/uploads\/2026\/02\/peanut-butter-production-line.webp\" alt=\"l\u00ednea de producci\u00f3n de mantequilla de man\u00ed\" class=\"wp-image-1493\" title=\"\" srcset=\"https:\/\/taizynut.com\/wp-content\/uploads\/2026\/02\/peanut-butter-production-line.webp 720w, https:\/\/taizynut.com\/wp-content\/uploads\/2026\/02\/peanut-butter-production-line-300x225.webp 300w, https:\/\/taizynut.com\/wp-content\/uploads\/2026\/02\/peanut-butter-production-line-16x12.webp 16w\" sizes=\"auto, (max-width: 720px) 100vw, 720px\" \/><figcaption class=\"wp-element-caption\">l\u00ednea de producci\u00f3n de mantequilla de man\u00ed<\/figcaption><\/figure> <\/div>   <h2 class=\"wp-block-heading\"><strong>\u00a1Comience su proyecto con nosotros hoy mismo!<\/strong><\/h2>    <p>Nuestra m\u00e1quina cortadora de cacahuetes corta y pela los cacahuetes de manera eficiente. Es un dispositivo automatizado ideal para la industria del procesamiento de alimentos. Si busca una soluci\u00f3n eficiente y confiable para el procesamiento de cacahuetes, cont\u00e1ctenos para obtener par\u00e1metros detallados y una cotizaci\u00f3n para comenzar su proyecto de procesamiento profundo de cacahuetes.<\/p>","protected":false},"excerpt":{"rendered":"<p>This article mainly introduces the peanut half cutting machine. This peanut cutter machine is designed for splitting and peeling roasted peanut kernels, with a capacity of 400-1000 kg\/hour.<\/p>","protected":false},"author":1,"featured_media":1494,"parent":0,"template":"","tags":[61,45],"product-type":[27],"class_list":["post-1483","product","type-product","status-publish","has-post-thumbnail","hentry","tag-nut","tag-peanut","product-type-peanut-kernel-processing"],"_links":{"self":[{"href":"https:\/\/taizynut.com\/es\/wp-json\/wp\/v2\/product\/1483","targetHints":{"allow":["GET"]}}],"collection":[{"href":"https:\/\/taizynut.com\/es\/wp-json\/wp\/v2\/product"}],"about":[{"href":"https:\/\/taizynut.com\/es\/wp-json\/wp\/v2\/types\/product"}],"author":[{"embeddable":true,"href":"https:\/\/taizynut.com\/es\/wp-json\/wp\/v2\/users\/1"}],"wp:featuredmedia":[{"embeddable":true,"href":"https:\/\/taizynut.com\/es\/wp-json\/wp\/v2\/media\/1494"}],"wp:attachment":[{"href":"https:\/\/taizynut.com\/es\/wp-json\/wp\/v2\/media?parent=1483"}],"wp:term":[{"taxonomy":"post_tag","embeddable":true,"href":"https:\/\/taizynut.com\/es\/wp-json\/wp\/v2\/tags?post=1483"},{"taxonomy":"product-type","embeddable":true,"href":"https:\/\/taizynut.com\/es\/wp-json\/wp\/v2\/product-type?post=1483"}],"curies":[{"name":"wp","href":"https:\/\/api.w.org\/{rel}","templated":true}]}}