{"id":1505,"date":"2026-02-14T13:47:05","date_gmt":"2026-02-14T05:47:05","guid":{"rendered":"https:\/\/taizynut.com\/?post_type=product&#038;p=1505"},"modified":"2026-02-14T15:29:18","modified_gmt":"2026-02-14T07:29:18","slug":"macadamia-nut-opening-machine","status":"publish","type":"product","link":"https:\/\/taizynut.com\/es\/product\/macadamia-nut-opening-machine\/","title":{"rendered":"M\u00e1quina de apertura de nueces de macadamia"},"content":{"rendered":"<p class=\"translation-block\">La <strong>m\u00e1quina para abrir nueces de macadamia<\/strong> es un dispositivo automatizado dise\u00f1ado espec\u00edficamente para abrir y procesar nueces de macadamia. Esta m\u00e1quina corta ranuras uniformes en la c\u00e1scara dura, facilitando el procesamiento posterior.<\/p>    <p>Taizy ofrece dos modelos de m\u00e1quinas de corte de nueces de macadamia con una capacidad de 100-180 kg\/h. El \u00e1ngulo m\u00e1ximo de apertura es de 330 grados. Nuestra m\u00e1quina de apertura de nueces de macadamia ofrece ventajas como alta eficiencia, profundidad controlable y bajo desperdicio.<\/p>    <h2 class=\"wp-block-heading\"><strong>Caracter\u00edsticas de la m\u00e1quina para abrir nueces de macadamia<\/strong><\/h2>    <ol class=\"wp-block-list\"> <li>Dise\u00f1ada espec\u00edficamente para la dureza de las c\u00e1scaras de nueces de macadamia, permitiendo una producci\u00f3n estable y continua.<\/li>    <li>El equipo tiene una estructura sencilla, una tasa de fallos baja y es f\u00e1cil de mantener.<\/li>    <li>La profundidad de corte puede ajustarse seg\u00fan diferentes grosores de c\u00e1scara para garantizar resultados de apertura consistentes.<\/li>    <li>Tecnolog\u00eda madura, alta rentabilidad.<\/li>    <li>Operaci\u00f3n sencilla; un trabajador puede operar el equipo.<\/li> <\/ol>    <figure class=\"wp-block-gallery has-nested-images columns-default is-cropped wp-block-gallery-2 is-layout-flex wp-block-gallery-is-layout-flex\"> <figure class=\"wp-block-image size-large\"><img loading=\"lazy\" decoding=\"async\" width=\"540\" height=\"720\" data-id=\"1506\" src=\"https:\/\/taizynut.com\/wp-content\/uploads\/2026\/02\/TZ-180-macadamia-nut-opener-machine.webp\" alt=\"Equipo de separaci\u00f3n de nueces de macadamia TZ-320\" class=\"wp-image-1506\" title=\"\" srcset=\"https:\/\/taizynut.com\/wp-content\/uploads\/2026\/02\/TZ-180-macadamia-nut-opener-machine.webp 540w, https:\/\/taizynut.com\/wp-content\/uploads\/2026\/02\/TZ-180-macadamia-nut-opener-machine-225x300.webp 225w, https:\/\/taizynut.com\/wp-content\/uploads\/2026\/02\/TZ-180-macadamia-nut-opener-machine-9x12.webp 9w\" sizes=\"auto, (max-width: 540px) 100vw, 540px\" \/><figcaption class=\"wp-element-caption\">M\u00e1quina para abrir nueces de macadamia Tz-180<\/figcaption><\/figure>    <figure class=\"wp-block-image size-large\"><img loading=\"lazy\" decoding=\"async\" width=\"540\" height=\"720\" data-id=\"1507\" src=\"https:\/\/taizynut.com\/wp-content\/uploads\/2026\/02\/TZ-320-macadamia-nut-splitting-equipment.webp\" alt=\"Equipo de corte de nueces de macadamia TZ-320\" class=\"wp-image-1507\" title=\"\" srcset=\"https:\/\/taizynut.com\/wp-content\/uploads\/2026\/02\/TZ-320-macadamia-nut-splitting-equipment.webp 540w, https:\/\/taizynut.com\/wp-content\/uploads\/2026\/02\/TZ-320-macadamia-nut-splitting-equipment-225x300.webp 225w, https:\/\/taizynut.com\/wp-content\/uploads\/2026\/02\/TZ-320-macadamia-nut-splitting-equipment-9x12.webp 9w\" sizes=\"auto, (max-width: 540px) 100vw, 540px\" \/><figcaption class=\"wp-element-caption\">Equipo de corte de nueces de macadamia Tz-320<\/figcaption><\/figure> <\/figure>    <h2 class=\"wp-block-heading\"><strong>Escenarios de aplicaci\u00f3n de la m\u00e1quina de procesamiento de nueces de macadamia<\/strong><\/h2>    <p>La m\u00e1quina para abrir nueces de macadamia se usa ampliamente en plantas de tostado y procesamiento de nueces, f\u00e1bricas de marcas de snacks de nueces, empresas de exportaci\u00f3n y procesamiento de nueces de macadamia, y en las etapas iniciales de procesamiento de plantaciones.<\/p>    <p>Este equipo se utiliza principalmente para abrir nueces de macadamia en sus c\u00e1scaras antes de tostarlas, sazonarlas y envasarlas. El equipo tambi\u00e9n puede integrarse con equipos de tostado, clasificaci\u00f3n y envasado para formar una l\u00ednea de producci\u00f3n completa de procesamiento de nueces de macadamia.<\/p>   <div class=\"wp-block-image\"> <figure class=\"aligncenter size-full\"><img loading=\"lazy\" decoding=\"async\" width=\"720\" height=\"540\" src=\"https:\/\/taizynut.com\/wp-content\/uploads\/2026\/02\/macadamia.webp\" alt=\"macadamia\" class=\"wp-image-1514\" title=\"\" srcset=\"https:\/\/taizynut.com\/wp-content\/uploads\/2026\/02\/macadamia.webp 720w, https:\/\/taizynut.com\/wp-content\/uploads\/2026\/02\/macadamia-300x225.webp 300w, https:\/\/taizynut.com\/wp-content\/uploads\/2026\/02\/macadamia-16x12.webp 16w\" sizes=\"auto, (max-width: 720px) 100vw, 720px\" \/><figcaption class=\"wp-element-caption\">macadamia<\/figcaption><\/figure> <\/div>   <h2 class=\"wp-block-heading\"><strong>M\u00e1quina para abrir nueces de macadamia en venta<\/strong><\/h2>    <p>Ofrecemos dos modelos de m\u00e1quinas de corte de nueces de macadamia: TZ-180 y TZ-320.<\/p>    <p class=\"translation-block\"><strong>M\u00e1quina de divisi\u00f3n de nueces de macadamia TZ-180<\/strong><\/p>    <p>La m\u00e1quina de apertura de nueces de macadamia de 180 es un dispositivo mec\u00e1nico neum\u00e1tico que realiza el corte mediante control de enlace del circuito de aire y el sistema mec\u00e1nico. El equipo es maduro, estable y adecuado para peque\u00f1as y medianas empresas de procesamiento de nueces.<\/p>    <figure class=\"wp-block-gallery has-nested-images columns-default is-cropped wp-block-gallery-3 is-layout-flex wp-block-gallery-is-layout-flex\"> <figure class=\"wp-block-image size-large\"><img loading=\"lazy\" decoding=\"async\" width=\"540\" height=\"720\" data-id=\"1509\" src=\"https:\/\/taizynut.com\/wp-content\/uploads\/2026\/02\/TZ-180-macadamia-nut-opening-equipment.webp\" alt=\"M\u00e1quina de separaci\u00f3n de nueces de macadamia TZ-180\" class=\"wp-image-1509\" title=\"\" srcset=\"https:\/\/taizynut.com\/wp-content\/uploads\/2026\/02\/TZ-180-macadamia-nut-opening-equipment.webp 540w, https:\/\/taizynut.com\/wp-content\/uploads\/2026\/02\/TZ-180-macadamia-nut-opening-equipment-225x300.webp 225w, https:\/\/taizynut.com\/wp-content\/uploads\/2026\/02\/TZ-180-macadamia-nut-opening-equipment-9x12.webp 9w\" sizes=\"auto, (max-width: 540px) 100vw, 540px\" \/><figcaption class=\"wp-element-caption\">Equipo de apertura de nueces de macadamia Tz-180<\/figcaption><\/figure>    <figure class=\"wp-block-image size-large\"><img loading=\"lazy\" decoding=\"async\" width=\"540\" height=\"720\" data-id=\"1510\" src=\"https:\/\/taizynut.com\/wp-content\/uploads\/2026\/02\/TZ-180-macadamia-nut-splitting-machine.webp\" alt=\"M\u00e1quina de corte de nueces de macadamia TZ-180\" class=\"wp-image-1510\" title=\"\" srcset=\"https:\/\/taizynut.com\/wp-content\/uploads\/2026\/02\/TZ-180-macadamia-nut-splitting-machine.webp 540w, https:\/\/taizynut.com\/wp-content\/uploads\/2026\/02\/TZ-180-macadamia-nut-splitting-machine-225x300.webp 225w, https:\/\/taizynut.com\/wp-content\/uploads\/2026\/02\/TZ-180-macadamia-nut-splitting-machine-9x12.webp 9w\" sizes=\"auto, (max-width: 540px) 100vw, 540px\" \/><figcaption class=\"wp-element-caption\">M\u00e1quina de corte de nueces de macadamia Tz-180<\/figcaption><\/figure> <\/figure>    <p class=\"translation-block\"><strong>M\u00e1quina de apertura de nueces de macadamia TZ-320<\/strong><\/p>    <p>El modelo TZ-320 es una m\u00e1quina de corte de anillos automatizada que puede cortar anillos en nueces de macadamia, resultando en una apertura m\u00e1s est\u00e9tica y una apertura de c\u00e1scara m\u00e1s f\u00e1cil. Es adecuado para procesamiento a gran escala y producci\u00f3n de productos de grado exportaci\u00f3n.<\/p>   <div class=\"wp-block-image\"> <figure class=\"aligncenter size-full\"><img loading=\"lazy\" decoding=\"async\" width=\"720\" height=\"540\" src=\"https:\/\/taizynut.com\/wp-content\/uploads\/2026\/02\/TZ-320-macadamia-nut-opener.webp\" alt=\"M\u00e1quina para abrir nueces de macadamia Tz-320\" class=\"wp-image-1508\" title=\"\" srcset=\"https:\/\/taizynut.com\/wp-content\/uploads\/2026\/02\/TZ-320-macadamia-nut-opener.webp 720w, https:\/\/taizynut.com\/wp-content\/uploads\/2026\/02\/TZ-320-macadamia-nut-opener-300x225.webp 300w, https:\/\/taizynut.com\/wp-content\/uploads\/2026\/02\/TZ-320-macadamia-nut-opener-16x12.webp 16w\" sizes=\"auto, (max-width: 720px) 100vw, 720px\" \/><figcaption class=\"wp-element-caption\">M\u00e1quina para abrir nueces de macadamia Tz-320<\/figcaption><\/figure> <\/div>   <h2 class=\"wp-block-heading\"><strong>Par\u00e1metros de la m\u00e1quina para abrir nueces de macadamia<\/strong><\/h2>    <figure class=\"wp-block-table\"><table class=\"has-fixed-layout\"><tbody><tr><td>Modelo<\/td><td>TZ-180<\/td><td>TZ-320<\/td><\/tr><tr><td>Fuerza<\/td><td>220V\/50HZ, monof\u00e1sico, 2.2kw<\/td><td>308V\/50HZ, trif\u00e1sico, 3.3kw<\/td><\/tr><tr><td>Capacidad<\/td><td>100kg\/h<\/td><td>180kg\/h<\/td><\/tr><tr><td>\u00c1ngulo de apertura<\/td><td>200grados<\/td><td>330grados<\/td><\/tr><tr><td>Peso de la m\u00e1quina<\/td><td>200 kilos<\/td><td>450 kilos<\/td><\/tr><tr><td>Tama\u00f1o de la m\u00e1quina<\/td><td>1200*700*1100mm<\/td><td>1500*950*1150mm<\/td><\/tr><\/tbody><\/table><figcaption class=\"wp-element-caption\">especificaciones del equipo de apertura de nueces de macadamia<\/figcaption><\/figure>    <h2 class=\"wp-block-heading\"><strong>\u00bfC\u00f3mo elegir la m\u00e1quina para abrir nueces de macadamia?<\/strong><\/h2>    <ul class=\"wp-block-list\"> <li><strong>Tipo 180<\/strong>: Adecuado para empresas con vol\u00famenes de producci\u00f3n peque\u00f1os.<\/li>    <li><strong>: Adecuado para empresas medianas a grandes y aquellas que requieren una apertura mayor.<\/strong>El precio de una m\u00e1quina para abrir nueces de macadamia depende principalmente de:<\/li> <\/ul>    <h2 class=\"wp-block-heading\"><strong>\u00bfCu\u00e1nto cuesta la m\u00e1quina de corte de nueces de macadamia?<\/strong><\/h2>    <p>Modelo de equipo<\/p>    <ul class=\"wp-block-list\"> <li>Materiales y componentes el\u00e9ctricos<\/li>    <li>Ya sea que se requiera una soluci\u00f3n de l\u00ednea de producci\u00f3n completa<\/li>    <li>Personalizaci\u00f3n de transporte y voltaje<\/li>    <li> Por lo general, niveles m\u00e1s altos de automatizaci\u00f3n y mayor producci\u00f3n resultan en precios m\u00e1s altos. Si se trata de una l\u00ednea de producci\u00f3n completa, incluyendo alimentaci\u00f3n autom\u00e1tica, transporte y horneado, la inversi\u00f3n total aumentar\u00e1 a\u00fan m\u00e1s. Las cotizaciones espec\u00edficas suelen ser personalizadas seg\u00fan las necesidades de producci\u00f3n y los requisitos de configuraci\u00f3n del cliente.<\/li> <\/ul>    <p>Generally, higher levels of automation and larger output result in higher prices. If a complete production line, including automatic feeding, conveying, and baking the total investment will increase further. Specific quotes are usually customized based on the customer&#8217;s production needs and configuration requirements.<\/p>    <figure class=\"wp-block-gallery has-nested-images columns-default is-cropped wp-block-gallery-4 is-layout-flex wp-block-gallery-is-layout-flex\"> <figure class=\"wp-block-image size-large\"><img loading=\"lazy\" decoding=\"async\" width=\"540\" height=\"720\" data-id=\"1511\" src=\"https:\/\/taizynut.com\/wp-content\/uploads\/2026\/02\/TZ-320-macadamia-opening-equipment.webp\" alt=\"TZ-320 macadamia opening equipment\" class=\"wp-image-1511\" title=\"\" srcset=\"https:\/\/taizynut.com\/wp-content\/uploads\/2026\/02\/TZ-320-macadamia-opening-equipment.webp 540w, https:\/\/taizynut.com\/wp-content\/uploads\/2026\/02\/TZ-320-macadamia-opening-equipment-225x300.webp 225w, https:\/\/taizynut.com\/wp-content\/uploads\/2026\/02\/TZ-320-macadamia-opening-equipment-9x12.webp 9w\" sizes=\"auto, (max-width: 540px) 100vw, 540px\" \/><figcaption class=\"wp-element-caption\">M\u00e1quina para abrir nueces de macadamia Tz-180<\/figcaption><\/figure>    <figure class=\"wp-block-image size-large\"><img loading=\"lazy\" decoding=\"async\" width=\"540\" height=\"720\" data-id=\"1512\" src=\"https:\/\/taizynut.com\/wp-content\/uploads\/2026\/02\/TZ-180-macadamia-opening-machine.webp\" alt=\"TZ-180 macadamia opening machine\" class=\"wp-image-1512\" title=\"\" srcset=\"https:\/\/taizynut.com\/wp-content\/uploads\/2026\/02\/TZ-180-macadamia-opening-machine.webp 540w, https:\/\/taizynut.com\/wp-content\/uploads\/2026\/02\/TZ-180-macadamia-opening-machine-225x300.webp 225w, https:\/\/taizynut.com\/wp-content\/uploads\/2026\/02\/TZ-180-macadamia-opening-machine-9x12.webp 9w\" sizes=\"auto, (max-width: 540px) 100vw, 540px\" \/><figcaption class=\"wp-element-caption\">Tecnolog\u00eda de producci\u00f3n estable<\/figcaption><\/figure> <\/figure>    <h2 class=\"wp-block-heading\"><strong>\u00bfPor qu\u00e9 elegir Taizy como su proveedor?<\/strong><\/h2>    <ul class=\"wp-block-list\"> <li><strong>Contamos con muchos a\u00f1os de experiencia en la fabricaci\u00f3n de equipos de procesamiento de nueces.<\/strong> <ul class=\"wp-block-list\"> <li>Soporte para personalizaci\u00f3n y soluciones de l\u00ednea de producci\u00f3n<\/li> <\/ul> <\/li>    <li><strong>Taizy puede dise\u00f1ar soluciones completas de l\u00edneas de producci\u00f3n basadas en la producci\u00f3n del cliente y la distribuci\u00f3n de la f\u00e1brica.<\/strong> <ul class=\"wp-block-list\"> <li>Amplios estudios de casos de clientes en todo el mundo<\/li> <\/ul> <\/li>    <li><strong>Nuestro equipo ha sido exportado a muchos pa\u00edses y funciona de manera estable.<\/strong> <ul class=\"wp-block-list\"> <li>Gama completa de equipos<\/li> <\/ul> <\/li>    <li>Taizy ofrece una variedad de equipos de procesamiento de nueces, como <ul class=\"wp-block-list\"> <li>y<a href=\"https:\/\/taizynut.com\/es\/product\/almond-shelling-production-line\/\"> L\u00ednea de descascarado de almendras<\/a> l\u00ednea de producci\u00f3n de nueces <a href=\"https:\/\/taizynut.com\/es\/product\/1000kg-walnut-shelling-line\/\">Proporcionamos orientaci\u00f3n de instalaci\u00f3n y soporte t\u00e9cnico.<\/a>.<\/li> <\/ul> <\/li>    <li><strong>Servicio postventa integral<\/strong> <ul class=\"wp-block-list\"> <li>Si busca la m\u00e1quina para abrir nueces de macadamia u otro equipo de procesamiento de nueces, podemos recomendar el modelo m\u00e1s adecuado y ofrecer soluciones completas de l\u00ednea de producci\u00f3n. \u00a1No dude en contactarnos en cualquier momento para especificaciones detalladas, videos y cotizaciones!<br><\/li> <\/ul> <\/li> <\/ul>    <h2 class=\"wp-block-heading\"><strong>\u00a1P\u00f3ngase en contacto con nosotros hoy mismo!<\/strong><\/h2>    <p>M\u00e1quina para abrir nueces de macadamia 2<br><\/p>    <p><br><\/p>","protected":false},"excerpt":{"rendered":"<p>This article mainly introduces the macadamia nut openingmachine, including models, specifications, and prices. It provides a reference for customers in need.<\/p>","protected":false},"author":1,"featured_media":1513,"parent":0,"template":"","tags":[85,61],"product-type":[86],"class_list":["post-1505","product","type-product","status-publish","has-post-thumbnail","hentry","tag-macadamia-nut","tag-nut","product-type-macadamia-nut-processing-machine"],"_links":{"self":[{"href":"https:\/\/taizynut.com\/es\/wp-json\/wp\/v2\/product\/1505","targetHints":{"allow":["GET"]}}],"collection":[{"href":"https:\/\/taizynut.com\/es\/wp-json\/wp\/v2\/product"}],"about":[{"href":"https:\/\/taizynut.com\/es\/wp-json\/wp\/v2\/types\/product"}],"author":[{"embeddable":true,"href":"https:\/\/taizynut.com\/es\/wp-json\/wp\/v2\/users\/1"}],"wp:featuredmedia":[{"embeddable":true,"href":"https:\/\/taizynut.com\/es\/wp-json\/wp\/v2\/media\/1513"}],"wp:attachment":[{"href":"https:\/\/taizynut.com\/es\/wp-json\/wp\/v2\/media?parent=1505"}],"wp:term":[{"taxonomy":"post_tag","embeddable":true,"href":"https:\/\/taizynut.com\/es\/wp-json\/wp\/v2\/tags?post=1505"},{"taxonomy":"product-type","embeddable":true,"href":"https:\/\/taizynut.com\/es\/wp-json\/wp\/v2\/product-type?post=1505"}],"curies":[{"name":"wp","href":"https:\/\/api.w.org\/{rel}","templated":true}]}}