{"id":1525,"date":"2026-02-25T13:40:32","date_gmt":"2026-02-25T05:40:32","guid":{"rendered":"https:\/\/taizynut.com\/?post_type=product&#038;p=1525"},"modified":"2026-02-28T11:14:27","modified_gmt":"2026-02-28T03:14:27","slug":"wet-almond-peeling-machine","status":"publish","type":"product","link":"https:\/\/taizynut.com\/es\/product\/wet-almond-peeling-machine\/","title":{"rendered":"M\u00e1quina de pelado de almendras h\u00famedas"},"content":{"rendered":"<p class=\"translation-block\">Nuestra <strong>m\u00e1quina de pelar almendras h\u00famedas<\/strong> est\u00e1 especialmente dise\u00f1ada para pelar almendras, cacahuetes, soja, habas y otros materiales. Esta removedora de piel de almendra utiliza un principio de pelado h\u00famedo despu\u00e9s del remojo, con una baja tasa de rotura (2%-3%) y una alta tasa de kernels enteros (90%-95%).<\/p>    <p>Nuestra m\u00e1quina de pelar almendras tiene una eficiencia de 120-250kg\/h, adecuada para producci\u00f3n en diferentes escalas. Se usa ampliamente en la industria del procesamiento de frutos secos y alimentos. \u00a1No dude en contactarnos para m\u00e1s informaci\u00f3n!<\/p>    <h2 class=\"wp-block-heading\"><strong>Ventajas principales de la m\u00e1quina de pelar piel de almendra h\u00fameda<\/strong><\/h2>    <ol class=\"wp-block-list\"> <li><strong>Alta tasa de pelado, calidad estable<\/strong> <ul class=\"wp-block-list\"> <li>La tasa de pelado alcanza el 94%-98%, asegurando un pelado completo y limpio que cumple con los requisitos de procesamiento de grado alimenticio.<\/li> <\/ul> <\/li>    <li><strong>Alta tasa de kernels enteros, baja rotura<\/strong> <ul class=\"wp-block-list\"> <li>La tasa de kernels enteros es del 90%-95%, con una tasa de rotura de solo 2%-3%, mejorando efectivamente el rendimiento y reduciendo la p\u00e9rdida de materia prima.<\/li> <\/ul> <\/li>    <li><strong>Separaci\u00f3n autom\u00e1tica de c\u00e1scara y n\u00facleo<\/strong> <ul class=\"wp-block-list\"> <li>La m\u00e1quina de pelar almendras separa autom\u00e1ticamente la c\u00e1scara del n\u00facleo, reduciendo los costos de clasificaci\u00f3n manual.<\/li> <\/ul> <\/li>    <li><strong>Estructura compacta, operaci\u00f3n sencilla<\/strong> <ul class=\"wp-block-list\"> <li>Nuestra m\u00e1quina peladora de almendras es compacta, ocupa poco espacio, consume poca energ\u00eda, es f\u00e1cil de mantener y es adecuada para producci\u00f3n continua.<\/li> <\/ul> <\/li> <\/ol>    <figure class=\"wp-block-gallery has-nested-images columns-default is-cropped wp-block-gallery-2 is-layout-flex wp-block-gallery-is-layout-flex\"> <figure class=\"wp-block-image size-large\"><img loading=\"lazy\" decoding=\"async\" width=\"540\" height=\"720\" data-id=\"1526\" src=\"https:\/\/taizynut.com\/wp-content\/uploads\/2026\/02\/almond-peeler.webp\" alt=\"almond peeler\" class=\"wp-image-1526\" title=\"\" srcset=\"https:\/\/taizynut.com\/wp-content\/uploads\/2026\/02\/almond-peeler.webp 540w, https:\/\/taizynut.com\/wp-content\/uploads\/2026\/02\/almond-peeler-225x300.webp 225w, https:\/\/taizynut.com\/wp-content\/uploads\/2026\/02\/almond-peeler-9x12.webp 9w\" sizes=\"auto, (max-width: 540px) 100vw, 540px\" \/><figcaption class=\"wp-element-caption\">Peladora de almendras<\/figcaption><\/figure>    <figure class=\"wp-block-image size-large\"><img loading=\"lazy\" decoding=\"async\" width=\"540\" height=\"720\" data-id=\"1527\" src=\"https:\/\/taizynut.com\/wp-content\/uploads\/2026\/02\/almond-skin-peeling-machine.webp\" alt=\"almond skin peeling machine\" class=\"wp-image-1527\" title=\"\" srcset=\"https:\/\/taizynut.com\/wp-content\/uploads\/2026\/02\/almond-skin-peeling-machine.webp 540w, https:\/\/taizynut.com\/wp-content\/uploads\/2026\/02\/almond-skin-peeling-machine-225x300.webp 225w, https:\/\/taizynut.com\/wp-content\/uploads\/2026\/02\/almond-skin-peeling-machine-9x12.webp 9w\" sizes=\"auto, (max-width: 540px) 100vw, 540px\" \/><figcaption class=\"wp-element-caption\">M\u00e1quina para pelar la piel de almendra<\/figcaption><\/figure> <\/figure>    <h2 class=\"wp-block-heading\"><strong>\u00bfCu\u00e1les son las aplicaciones de la m\u00e1quina de pelar almendras?<\/strong><\/h2>    <p>Nuestra m\u00e1quina de pelado de almendra h\u00fameda no solo es adecuada para pelar almendras, sino tambi\u00e9n para el preprocesamiento de otros frutos secos como cacahuetes, soja y habas. Esta m\u00e1quina de pelar almendras se usa ampliamente en:<\/p>    <ul class=\"wp-block-list\"> <li>L\u00edneas de producci\u00f3n de leche de almendra<\/li>    <li>Procesamiento de bebidas de leche de cacahuete<\/li>    <li>Procesamiento de caramelos de cacahuete y pasteler\u00eda<\/li>    <li>Plantas de procesamiento de alimentos enlatados<\/li>    <li>Producci\u00f3n de porridge de ocho tesoros y frutos secos con sabor<\/li> <\/ul>   <div class=\"wp-block-image\"> <figure class=\"aligncenter size-full\"><img loading=\"lazy\" decoding=\"async\" width=\"720\" height=\"540\" src=\"https:\/\/taizynut.com\/wp-content\/uploads\/2026\/02\/application-of-almond-skin-remover.webp\" alt=\"Aplicaci\u00f3n del removedor de piel de almendra\" class=\"wp-image-1528\" title=\"\" srcset=\"https:\/\/taizynut.com\/wp-content\/uploads\/2026\/02\/application-of-almond-skin-remover.webp 720w, https:\/\/taizynut.com\/wp-content\/uploads\/2026\/02\/application-of-almond-skin-remover-300x225.webp 300w, https:\/\/taizynut.com\/wp-content\/uploads\/2026\/02\/application-of-almond-skin-remover-16x12.webp 16w\" sizes=\"auto, (max-width: 720px) 100vw, 720px\" \/><figcaption class=\"wp-element-caption\">Aplicaci\u00f3n del removedor de piel de almendra<\/figcaption><\/figure> <\/div>   <h2 class=\"wp-block-heading\"><strong>Par\u00e1metros de la m\u00e1quina de pelar almendras h\u00famedas<\/strong><\/h2>    <figure class=\"wp-block-table\"><table class=\"has-fixed-layout\"><thead><tr><th>Modelo<\/th><th>TZ-100<\/th><th>TZ-180<\/th><\/tr><\/thead><tbody><tr><td>Fuerza<\/td><td>0.75kw,380v; 1.1kw, 220v<\/td><td>0.75kw,380v; 1.1kw, 220v<\/td><\/tr><tr><td>Tasa de pelado<\/td><td>94%\u201398%<\/td><td>94%\u201398%<\/td><\/tr><tr><td>Capacidad<\/td><td>120\u2013150kg\/h<\/td><td>200\u2013250kg\/h<\/td><\/tr><tr><td>Tasa de kernels enteros<\/td><td>90%\u201395%<\/td><td>90%\u201395%<\/td><\/tr><tr><td>Tasa de rotura<\/td><td>2%\u20133%<\/td><td>2%\u20133%<\/td><\/tr><tr><td>Tama\u00f1o de la m\u00e1quina<\/td><td>1180*720*1100mm<\/td><td>1180*850*1100mm<\/td><\/tr><\/tbody><\/table><figcaption class=\"wp-element-caption\">Especificaciones de la m\u00e1quina de pelar almendras h\u00famedas<\/figcaption><\/figure>    <ol class=\"wp-block-list\"> <li>La tasa de pelado y la tasa de kernels enteros variar\u00e1n seg\u00fan la calidad de la materia prima y el tiempo de remojo.<\/li>    <li>Para lograr resultados de pelado ideales, el material debe ser remojado completamente de antemano.<\/li>    <li>El voltaje puede ser personalizado seg\u00fan los requisitos de diferentes pa\u00edses.<\/li> <\/ol>    <h2 class=\"wp-block-heading\"><strong>\u00bfC\u00f3mo funciona el removedor de piel de almendra h\u00fameda?<\/strong><\/h2>    <p>El proceso de trabajo de la m\u00e1quina de pelar almendras h\u00famedas es el siguiente:<\/p>    <ol class=\"wp-block-list\"> <li>Se a\u00f1aden almendras remojadas o cacahuetes a la tolva.<\/li>    <li>El material entra en el \u00e1rea del rodillo de pelado a trav\u00e9s de la pantalla de alimentaci\u00f3n.<\/li>    <li>La c\u00e1scara se elimina por la fricci\u00f3n de los rodillos giratorios.<\/li>    <li>La c\u00e1scara y el n\u00facleo se separan autom\u00e1ticamente.<\/li>    <li>El producto terminado se descarga autom\u00e1ticamente.<\/li> <\/ol>    <p>El proceso completo es continuo, con pelado uniforme y alta eficiencia, adecuado para producci\u00f3n en lotes en plantas de procesamiento de alimentos peque\u00f1as y medianas.<\/p>    <figure class=\"wp-block-gallery has-nested-images columns-default is-cropped wp-block-gallery-3 is-layout-flex wp-block-gallery-is-layout-flex\"> <figure class=\"wp-block-image size-large\"><img loading=\"lazy\" decoding=\"async\" width=\"540\" height=\"720\" data-id=\"1529\" src=\"https:\/\/taizynut.com\/wp-content\/uploads\/2026\/02\/almond-skin-removing-machine.webp\" alt=\"almond skin removing machine\" class=\"wp-image-1529\" title=\"\" srcset=\"https:\/\/taizynut.com\/wp-content\/uploads\/2026\/02\/almond-skin-removing-machine.webp 540w, https:\/\/taizynut.com\/wp-content\/uploads\/2026\/02\/almond-skin-removing-machine-225x300.webp 225w, https:\/\/taizynut.com\/wp-content\/uploads\/2026\/02\/almond-skin-removing-machine-9x12.webp 9w\" sizes=\"auto, (max-width: 540px) 100vw, 540px\" \/><figcaption class=\"wp-element-caption\">M\u00e1quina para eliminar la piel de almendra<\/figcaption><\/figure>    <figure class=\"wp-block-image size-large\"><img loading=\"lazy\" decoding=\"async\" width=\"540\" height=\"720\" data-id=\"1530\" src=\"https:\/\/taizynut.com\/wp-content\/uploads\/2026\/02\/wet-almond-skin-peeler-machine.webp\" alt=\"m\u00e1quina peladora de piel de almendra h\u00fameda\" class=\"wp-image-1530\" title=\"\" srcset=\"https:\/\/taizynut.com\/wp-content\/uploads\/2026\/02\/wet-almond-skin-peeler-machine.webp 540w, https:\/\/taizynut.com\/wp-content\/uploads\/2026\/02\/wet-almond-skin-peeler-machine-225x300.webp 225w, https:\/\/taizynut.com\/wp-content\/uploads\/2026\/02\/wet-almond-skin-peeler-machine-9x12.webp 9w\" sizes=\"auto, (max-width: 540px) 100vw, 540px\" \/><figcaption class=\"wp-element-caption\">M\u00e1quina para pelar la piel de almendra h\u00fameda<\/figcaption><\/figure>    <figure class=\"wp-block-image size-large\"><img loading=\"lazy\" decoding=\"async\" width=\"540\" height=\"720\" data-id=\"1531\" src=\"https:\/\/taizynut.com\/wp-content\/uploads\/2026\/02\/wet-almond-skin-peeler.webp\" alt=\"wet almond skin peeler\" class=\"wp-image-1531\" title=\"\" srcset=\"https:\/\/taizynut.com\/wp-content\/uploads\/2026\/02\/wet-almond-skin-peeler.webp 540w, https:\/\/taizynut.com\/wp-content\/uploads\/2026\/02\/wet-almond-skin-peeler-225x300.webp 225w, https:\/\/taizynut.com\/wp-content\/uploads\/2026\/02\/wet-almond-skin-peeler-9x12.webp 9w\" sizes=\"auto, (max-width: 540px) 100vw, 540px\" \/><figcaption class=\"wp-element-caption\">Pelador de piel de almendra h\u00fameda<\/figcaption><\/figure> <\/figure>    <h2 class=\"wp-block-heading\"><strong>\u00bfC\u00f3mo elegir la m\u00e1quina peladora de almendras?<\/strong><\/h2>    <ul class=\"wp-block-list\"> <li>Para necesidades de producci\u00f3n de 120\u2013150kg\/h, se recomienda el TZ-100.<\/li>    <li>Para necesidades de producci\u00f3n de 200\u2013250kg\/h, se recomienda el TZ-180.<\/li> <\/ul>    <p class=\"translation-block\">Si planea construir una l\u00ednea de procesamiento de almendras, tambi\u00e9n podemos ofrecerle una soluci\u00f3n completa de configuraci\u00f3n de equipos (como <a href=\"https:\/\/taizynut.com\/es\/product\/almond-shelling-machine\/\">m\u00e1quina de descascarado de almendras<\/a>, <a href=\"https:\/\/taizynut.com\/es\/product\/almond-shell-and-kernel-separator\/\">separador de c\u00e1scara y n\u00facleo<\/a>, etc.).<\/p>    <h2 class=\"wp-block-heading\"><strong>Precio de la m\u00e1quina de pelado de almendra h\u00fameda<\/strong><\/h2>    <p>El precio de la m\u00e1quina de pelar almendras h\u00famedas depende principalmente de la configuraci\u00f3n del equipo y las necesidades de producci\u00f3n. Los diferentes modelos y requisitos de personalizaci\u00f3n afectar\u00e1n la cotizaci\u00f3n final. Los factores clave incluyen:<\/p>    <ol class=\"wp-block-list\"> <li><strong>Requisitos de producci\u00f3n<\/strong>: Los diferentes modelos tienen diferentes capacidades.<\/li>    <li><strong>Est\u00e1ndar de voltaje<\/strong>: La personalizaci\u00f3n del voltaje afectar\u00e1 el precio.<\/li>    <li><strong>Material del equipo<\/strong>: La necesidad de materiales especiales afectar\u00e1 la cotizaci\u00f3n.<\/li>    <li><strong>Costos de env\u00edo<\/strong>: Los diferentes pa\u00edses y m\u00e9todos de env\u00edo afectar\u00e1n el costo total.<\/li> <\/ol>    <figure class=\"wp-block-gallery has-nested-images columns-default is-cropped wp-block-gallery-4 is-layout-flex wp-block-gallery-is-layout-flex\"> <figure class=\"wp-block-image size-large\"><img loading=\"lazy\" decoding=\"async\" width=\"720\" height=\"540\" data-id=\"1532\" src=\"https:\/\/taizynut.com\/wp-content\/uploads\/2026\/02\/almond-peeler-machine.webp\" alt=\"M\u00e1quina para pelar almendras\" class=\"wp-image-1532\" title=\"\" srcset=\"https:\/\/taizynut.com\/wp-content\/uploads\/2026\/02\/almond-peeler-machine.webp 720w, https:\/\/taizynut.com\/wp-content\/uploads\/2026\/02\/almond-peeler-machine-300x225.webp 300w, https:\/\/taizynut.com\/wp-content\/uploads\/2026\/02\/almond-peeler-machine-16x12.webp 16w\" sizes=\"auto, (max-width: 720px) 100vw, 720px\" \/><figcaption class=\"wp-element-caption\">M\u00e1quina de pelar almendras<\/figcaption><\/figure>    <figure class=\"wp-block-image size-large\"><img loading=\"lazy\" decoding=\"async\" width=\"720\" height=\"540\" data-id=\"1533\" src=\"https:\/\/taizynut.com\/wp-content\/uploads\/2026\/02\/wet-almond-peeling-machine.webp\" alt=\"m\u00e1quina de pelar almendras h\u00fameda\" class=\"wp-image-1533\" title=\"\" srcset=\"https:\/\/taizynut.com\/wp-content\/uploads\/2026\/02\/wet-almond-peeling-machine.webp 720w, https:\/\/taizynut.com\/wp-content\/uploads\/2026\/02\/wet-almond-peeling-machine-300x225.webp 300w, https:\/\/taizynut.com\/wp-content\/uploads\/2026\/02\/wet-almond-peeling-machine-16x12.webp 16w\" sizes=\"auto, (max-width: 720px) 100vw, 720px\" \/><figcaption class=\"wp-element-caption\">M\u00e1quina de pelado de almendra h\u00fameda<\/figcaption><\/figure> <\/figure>    <h2 class=\"wp-block-heading\"><strong>Preguntas frecuentes sobre la m\u00e1quina peladora de piel de almendra<\/strong><\/h2>   <div id=\"rank-math-faq\" class=\"rank-math-block\"> <div class=\"rank-math-list\"> <div id=\"faq-question-1771989038259\" class=\"rank-math-list-item\"> <h3 class=\"rank-math-question\">\u00bfQu\u00e9 materiales puede procesar la m\u00e1quina de pelado h\u00famedo?<\/h3> <div class=\"rank-math-answer\">  <p>La m\u00e1quina es adecuada para almendras, cacahuetes, soja y habas remojadas.<\/p>  <\/div> <\/div> <div id=\"faq-question-1771989058026\" class=\"rank-math-list-item\"> <h3 class=\"rank-math-question\">\u00bfEs necesario remojar antes de pelar?<\/h3> <div class=\"rank-math-answer\">  <p>S\u00ed. El proceso de pelado h\u00famedo requiere que las materias primas se remojen en agua antes de ingresar a la m\u00e1quina.<\/p>  <\/div> <\/div> <div id=\"faq-question-1771989071489\" class=\"rank-math-list-item\"> <h3 class=\"rank-math-question\">\u00bfCu\u00e1l es la tasa de pelado?<\/h3> <div class=\"rank-math-answer\">  <p>La tasa de pelado es del 94%\u201398%, dependiendo de la calidad de la materia prima y el tiempo de remojo.<\/p>  <\/div> <\/div> <div id=\"faq-question-1771989097986\" class=\"rank-math-list-item\"> <h3 class=\"rank-math-question\">\u00bfCu\u00e1l es la tasa de rotura?<\/h3> <div class=\"rank-math-answer\">  <p>La tasa de rotura es del 2%\u20133%, con una tasa de kernels enteros del 90%\u201395%.<\/p>  <\/div> <\/div> <div id=\"faq-question-1771989137058\" class=\"rank-math-list-item\"> <h3 class=\"rank-math-question\">\u00bfLa m\u00e1quina puede separar autom\u00e1ticamente la piel y los kernels?<\/h3> <div class=\"rank-math-answer\">  <p>S\u00ed. Durante la operaci\u00f3n, la piel y los kernels se separan autom\u00e1ticamente.<\/p>  <\/div> <\/div> <\/div> <\/div>   <h2 class=\"wp-block-heading\"><strong>\u00a1P\u00f3ngase en contacto con nosotros hoy mismo!<\/strong><\/h2>    <p>La m\u00e1quina de pelar almendras h\u00famedas se ha convertido en un equipo esencial en la industria del procesamiento de frutos secos debido a su alta tasa de pelado y baja tasa de rotura. Si busca una peladora de almendras u otro equipo de procesamiento de frutos secos, cont\u00e1ctenos inmediatamente para obtener una cotizaci\u00f3n detallada, materiales en video y soluciones personalizadas.<\/p>","protected":false},"excerpt":{"rendered":"<p>This article mainly introduces the wet almond peeling machine. This almond skin remover machine can peel almonds, broad beans, and peanuts. Its processing speed is 120-250 kg\/hour. The peeling rate is 94-98%, and the whole kernel rate is 90-95%.<\/p>","protected":false},"author":1,"featured_media":1534,"parent":0,"template":"","tags":[68,61],"product-type":[74],"class_list":["post-1525","product","type-product","status-publish","has-post-thumbnail","hentry","tag-almond","tag-nut","product-type-almond-processing"],"_links":{"self":[{"href":"https:\/\/taizynut.com\/es\/wp-json\/wp\/v2\/product\/1525","targetHints":{"allow":["GET"]}}],"collection":[{"href":"https:\/\/taizynut.com\/es\/wp-json\/wp\/v2\/product"}],"about":[{"href":"https:\/\/taizynut.com\/es\/wp-json\/wp\/v2\/types\/product"}],"author":[{"embeddable":true,"href":"https:\/\/taizynut.com\/es\/wp-json\/wp\/v2\/users\/1"}],"wp:featuredmedia":[{"embeddable":true,"href":"https:\/\/taizynut.com\/es\/wp-json\/wp\/v2\/media\/1534"}],"wp:attachment":[{"href":"https:\/\/taizynut.com\/es\/wp-json\/wp\/v2\/media?parent=1525"}],"wp:term":[{"taxonomy":"post_tag","embeddable":true,"href":"https:\/\/taizynut.com\/es\/wp-json\/wp\/v2\/tags?post=1525"},{"taxonomy":"product-type","embeddable":true,"href":"https:\/\/taizynut.com\/es\/wp-json\/wp\/v2\/product-type?post=1525"}],"curies":[{"name":"wp","href":"https:\/\/api.w.org\/{rel}","templated":true}]}}