{"id":1542,"date":"2026-02-27T14:19:54","date_gmt":"2026-02-27T06:19:54","guid":{"rendered":"https:\/\/taizynut.com\/?post_type=product&#038;p=1542"},"modified":"2026-02-27T14:19:55","modified_gmt":"2026-02-27T06:19:55","slug":"almond-slicing-machine","status":"publish","type":"product","link":"https:\/\/taizynut.com\/es\/product\/almond-slicing-machine\/","title":{"rendered":"M\u00e1quina cortadora de almendras"},"content":{"rendered":"<p class=\"translation-block\">La <strong>m\u00e1quina de corte de almendras<\/strong> es una m\u00e1quina de procesamiento de alimentos dise\u00f1ada espec\u00edficamente para cortar finamente nueces. Logra un corte uniforme y continuo. Nuestra cortadora de almendras funciona de manera estable, con un grosor de corte ajustable (0.05-1.2mm). Tambi\u00e9n ofrece alta eficiencia (200-300kg\/h).<\/p>    <p>La m\u00e1quina cortadora de almendras Taizy es adecuada para diversas materias primas de nueces como almendras, cacahuetes y anacardos. Se usa ampliamente en plantas de procesamiento de alimentos, en la industria de la panader\u00eda y en empresas de procesamiento profundo de nueces. \u00a1Si tiene alguna necesidad, cont\u00e1ctenos para m\u00e1s informaci\u00f3n!<\/p>    <h2 class=\"wp-block-heading\"><strong>Ventajas de la m\u00e1quina cortadora de almendras<\/strong><\/h2>    <ul class=\"wp-block-list\"> <li>Grosor de corte ajustable <ul class=\"wp-block-list\"> <li>El rango de corte es de 0.05 a 1.2 mm, que puede ajustarse de manera flexible seg\u00fan los diferentes requisitos del producto.<\/li> <\/ul> <\/li>    <li>Corte uniforme <ul class=\"wp-block-list\"> <li>El conjunto de cuchillas dise\u00f1ado racionalmente garantiza un grosor de l\u00e1mina constante, baja tasa de rotura y mejor apariencia del producto.<\/li> <\/ul> <\/li>    <li>Salida estable <ul class=\"wp-block-list\"> <li>Nuestra m\u00e1quina de corte de almendras puede procesar de 200 a 300 kg de materia prima por hora, cumpliendo con los requisitos de producci\u00f3n a gran escala.<\/li> <\/ul> <\/li>    <li>F\u00e1cil operaci\u00f3n <ul class=\"wp-block-list\"> <li>El dise\u00f1o estructural racional garantiza una operaci\u00f3n estable y un mantenimiento conveniente, reduciendo la dificultad de operaci\u00f3n manual.<\/li> <\/ul> <\/li>    <li>Adecuado para varias nueces <ul class=\"wp-block-list\"> <li>Adem\u00e1s de las almendras, la m\u00e1quina cortadora de almendras tambi\u00e9n puede usarse para cortar cacahuetes, anacardos y otras nueces, convirti\u00e9ndola en una m\u00e1quina multifuncional.<\/li> <\/ul> <\/li> <\/ul>    <figure class=\"wp-block-gallery has-nested-images columns-default is-cropped wp-block-gallery-2 is-layout-flex wp-block-gallery-is-layout-flex\"> <figure class=\"wp-block-image size-large\"><img loading=\"lazy\" decoding=\"async\" width=\"540\" height=\"720\" data-id=\"1545\" src=\"https:\/\/taizynut.com\/wp-content\/uploads\/2026\/02\/almond-slice-cutting-machine.webp\" alt=\"almond slice cutting machine\" class=\"wp-image-1545\" title=\"\" srcset=\"https:\/\/taizynut.com\/wp-content\/uploads\/2026\/02\/almond-slice-cutting-machine.webp 540w, https:\/\/taizynut.com\/wp-content\/uploads\/2026\/02\/almond-slice-cutting-machine-225x300.webp 225w, https:\/\/taizynut.com\/wp-content\/uploads\/2026\/02\/almond-slice-cutting-machine-9x12.webp 9w\" sizes=\"auto, (max-width: 540px) 100vw, 540px\" \/><figcaption class=\"wp-element-caption\">M\u00e1quina de corte de l\u00e1minas de almendra<\/figcaption><\/figure>    <figure class=\"wp-block-image size-large\"><img loading=\"lazy\" decoding=\"async\" width=\"540\" height=\"720\" data-id=\"1546\" src=\"https:\/\/taizynut.com\/wp-content\/uploads\/2026\/02\/almond-slicing-equipment.webp\" alt=\"almond slicing equipment\" class=\"wp-image-1546\" title=\"\" srcset=\"https:\/\/taizynut.com\/wp-content\/uploads\/2026\/02\/almond-slicing-equipment.webp 540w, https:\/\/taizynut.com\/wp-content\/uploads\/2026\/02\/almond-slicing-equipment-225x300.webp 225w, https:\/\/taizynut.com\/wp-content\/uploads\/2026\/02\/almond-slicing-equipment-9x12.webp 9w\" sizes=\"auto, (max-width: 540px) 100vw, 540px\" \/><figcaption class=\"wp-element-caption\">Equipo de corte de almendras<\/figcaption><\/figure> <\/figure>    <h2 class=\"wp-block-heading\"><strong>Aplicaci\u00f3n de la m\u00e1quina de corte de almendras<\/strong><\/h2>    <p>La m\u00e1quina cortadora de almendras Taizy puede procesar no solo almendras, sino tambi\u00e9n cacahuetes, anacardos y otras nueces. Esta cortadora de almendras se usa t\u00edpicamente en los siguientes escenarios:<\/p>    <ul class=\"wp-block-list\"> <li>Plantas de procesamiento de nueces<\/li>    <li>Proveedores de ingredientes para asar<\/li>    <li>Empresas de procesamiento de alimentos<\/li>    <li>L\u00edneas de producci\u00f3n de procesamiento profundo de nueces<\/li> <\/ul>    <p class=\"translation-block\">Este cortador de almendras tambi\u00e9n puede usarse junto con el <a href=\"https:\/\/taizynut.com\/es\/product\/almond-shelling-machine\/\">pelador de almendras<\/a> y la <a href=\"https:\/\/taizynut.com\/es\/product\/wet-almond-peeling-machine\/\">m\u00e1quina de pelado de almendras<\/a> para formar un flujo completo de procesamiento de nueces.<\/p>   <div class=\"wp-block-image\"> <figure class=\"aligncenter size-full\"><img loading=\"lazy\" decoding=\"async\" width=\"720\" height=\"540\" src=\"https:\/\/taizynut.com\/wp-content\/uploads\/2026\/02\/application-of-almond-nut-slicing-machine.webp\" alt=\"Aplicaci\u00f3n de la m\u00e1quina de corte de nueces de almendra\" class=\"wp-image-1547\" title=\"\" srcset=\"https:\/\/taizynut.com\/wp-content\/uploads\/2026\/02\/application-of-almond-nut-slicing-machine.webp 720w, https:\/\/taizynut.com\/wp-content\/uploads\/2026\/02\/application-of-almond-nut-slicing-machine-300x225.webp 300w, https:\/\/taizynut.com\/wp-content\/uploads\/2026\/02\/application-of-almond-nut-slicing-machine-16x12.webp 16w\" sizes=\"auto, (max-width: 720px) 100vw, 720px\" \/><figcaption class=\"wp-element-caption\">Aplicaci\u00f3n de la m\u00e1quina de corte de nueces de almendra<\/figcaption><\/figure> <\/div>   <h2 class=\"wp-block-heading\"><strong>Par\u00e1metros de la m\u00e1quina de corte de l\u00e1minas de almendra<\/strong><\/h2>    <figure class=\"wp-block-table\"><table class=\"has-fixed-layout\"><tbody><tr><td>Tama\u00f1o de la m\u00e1quina<\/td><td>650*600*1100mm<\/td><\/tr><tr><td>Voltaje<\/td><td>220v\/380v<\/td><\/tr><tr><td>Fuerza<\/td><td>2,2 kw<\/td><\/tr><tr><td>Grosor de corte<\/td><td>0.05-1.2mm<\/td><\/tr><tr><td>Capacidad<\/td><td>200-300kg\/hora<\/td><\/tr><tr><td>Peso<\/td><td>170kg<\/td><\/tr><\/tbody><\/table><figcaption class=\"wp-element-caption\">Especificaciones de la m\u00e1quina de corte de almendras<\/figcaption><\/figure>    <ul class=\"wp-block-list\"> <li>Nuestra cortadora de almendras est\u00e1 hecha de acero inoxidable.<\/li>    <li>The machine&#8217;s voltage can be customized according to customer requirements.<\/li>    <li>El rendimiento real variar\u00e1 seg\u00fan el tama\u00f1o de la materia prima, el contenido de humedad y el grosor del corte.<\/li> <\/ul>    <h2 class=\"wp-block-heading\"><strong>\u00bfQu\u00e9 factores se deben considerar al elegir una cortadora de almendras?<\/strong><\/h2>    <p>Al seleccionar la m\u00e1quina de corte de almendras, se recomienda centrarse en lo siguiente:<\/p>    <ul class=\"wp-block-list\"> <li>Rango de ajuste del grosor de corte<\/li>    <li>Requisitos de producci\u00f3n reales<\/li>    <li>Compatibilidad de voltaje<\/li>    <li>Estabilidad y durabilidad del equipo<\/li>    <li>Facilidad de limpieza y mantenimiento<\/li> <\/ul>    <p>Elegir una m\u00e1quina cortadora de almendras adecuada puede ayudar a mejorar la eficiencia de producci\u00f3n y reducir los costos generales.<\/p>   <div class=\"wp-block-image\"> <figure class=\"aligncenter size-full\"><img loading=\"lazy\" decoding=\"async\" width=\"720\" height=\"540\" src=\"https:\/\/taizynut.com\/wp-content\/uploads\/2026\/02\/almond-cutting-machine.webp\" alt=\"M\u00e1quina de corte de almendras\" class=\"wp-image-1551\" title=\"\" srcset=\"https:\/\/taizynut.com\/wp-content\/uploads\/2026\/02\/almond-cutting-machine.webp 720w, https:\/\/taizynut.com\/wp-content\/uploads\/2026\/02\/almond-cutting-machine-300x225.webp 300w, https:\/\/taizynut.com\/wp-content\/uploads\/2026\/02\/almond-cutting-machine-16x12.webp 16w\" sizes=\"auto, (max-width: 720px) 100vw, 720px\" \/><figcaption class=\"wp-element-caption\">M\u00e1quina de corte de almendras<\/figcaption><\/figure> <\/div>   <h2 class=\"wp-block-heading\"><strong>Factores de precio de la m\u00e1quina de corte de nueces de almendra<\/strong><\/h2>    <p>El precio de la cortadora de almendras generalmente est\u00e1 influenciado por diversos factores, con diferentes configuraciones y requisitos que impactan directamente en la inversi\u00f3n total. Estos incluyen principalmente:<\/p>    <ol class=\"wp-block-list\"> <li>Configuraci\u00f3n del equipo y materiales <ul class=\"wp-block-list\"> <li>Los requisitos de material de grado alimenticio, la calidad de la cuchilla y la marca del motor afectan el costo del equipo.<\/li> <\/ul> <\/li>    <li>Dise\u00f1o de salida y estructura <ul class=\"wp-block-list\"> <li>Los diferentes requisitos de producci\u00f3n exigen distintas resistencias estructurales y configuraciones de motor.<\/li> <\/ul> <\/li>    <li>Necesidades de voltaje y personalizaci\u00f3n <ul class=\"wp-block-list\"> <li>Los requisitos de voltajes especiales o funciones personalizadas tambi\u00e9n afectar\u00e1n el precio final.<\/li> <\/ul> <\/li>    <li>Transporte y servicio postventa <ul class=\"wp-block-list\"> <li>Los m\u00e9todos de env\u00edo, requisitos de embalaje y el alcance del soporte postventa tambi\u00e9n afectar\u00e1n el costo total.<\/li> <\/ul> <\/li> <\/ol>    <p>Por lo tanto, al elegir la m\u00e1quina de corte de almendras, se deben considerar de manera integral el precio, la calidad y la eficiencia de producci\u00f3n.<\/p>    <figure class=\"wp-block-gallery has-nested-images columns-default is-cropped wp-block-gallery-3 is-layout-flex wp-block-gallery-is-layout-flex\"> <figure class=\"wp-block-image size-large\"><img loading=\"lazy\" decoding=\"async\" width=\"540\" height=\"720\" data-id=\"1552\" src=\"https:\/\/taizynut.com\/wp-content\/uploads\/2026\/02\/almond-slicing-machine.webp\" alt=\"m\u00e1quina de corte de almendras\" class=\"wp-image-1552\" title=\"\" srcset=\"https:\/\/taizynut.com\/wp-content\/uploads\/2026\/02\/almond-slicing-machine.webp 540w, https:\/\/taizynut.com\/wp-content\/uploads\/2026\/02\/almond-slicing-machine-225x300.webp 225w, https:\/\/taizynut.com\/wp-content\/uploads\/2026\/02\/almond-slicing-machine-9x12.webp 9w\" sizes=\"auto, (max-width: 540px) 100vw, 540px\" \/><figcaption class=\"wp-element-caption\">M\u00e1quina cortadora de almendras<\/figcaption><\/figure>    <figure class=\"wp-block-image size-large\"><img loading=\"lazy\" decoding=\"async\" width=\"540\" height=\"720\" data-id=\"1553\" src=\"https:\/\/taizynut.com\/wp-content\/uploads\/2026\/02\/almond-slicer.webp\" alt=\"almond slicer\" class=\"wp-image-1553\" title=\"\" srcset=\"https:\/\/taizynut.com\/wp-content\/uploads\/2026\/02\/almond-slicer.webp 540w, https:\/\/taizynut.com\/wp-content\/uploads\/2026\/02\/almond-slicer-225x300.webp 225w, https:\/\/taizynut.com\/wp-content\/uploads\/2026\/02\/almond-slicer-9x12.webp 9w\" sizes=\"auto, (max-width: 540px) 100vw, 540px\" \/><figcaption class=\"wp-element-caption\">Cortadora de almendras<\/figcaption><\/figure> <\/figure>    <h2 class=\"wp-block-heading\"><strong>\u00bfPor qu\u00e9 elegir Taizy como su proveedor?<\/strong><\/h2>    <p>Elegir un proveedor profesional de m\u00e1quinas cortadoras de almendras es clave para garantizar el rendimiento del equipo y una operaci\u00f3n estable a largo plazo. Al elegir Taizy, obtendr\u00e1:<\/p>    <ol class=\"wp-block-list\"> <li>Calidad del equipo estable y confiable<\/li>    <li>Amplia experiencia en exportaci\u00f3n<\/li>    <li>Soporte t\u00e9cnico profesional<\/li>    <li>Soluciones personalizadas<\/li> <\/ol>   <div class=\"wp-block-image\"> <figure class=\"aligncenter size-full\"><img loading=\"lazy\" decoding=\"async\" width=\"720\" height=\"540\" src=\"https:\/\/taizynut.com\/wp-content\/uploads\/2026\/02\/almond-nut-slicing-machine.webp\" alt=\"m\u00e1quina de corte de almendras\" class=\"wp-image-1548\" title=\"\" srcset=\"https:\/\/taizynut.com\/wp-content\/uploads\/2026\/02\/almond-nut-slicing-machine.webp 720w, https:\/\/taizynut.com\/wp-content\/uploads\/2026\/02\/almond-nut-slicing-machine-300x225.webp 300w, https:\/\/taizynut.com\/wp-content\/uploads\/2026\/02\/almond-nut-slicing-machine-16x12.webp 16w\" sizes=\"auto, (max-width: 720px) 100vw, 720px\" \/><figcaption class=\"wp-element-caption\">m\u00e1quina de corte de almendras<\/figcaption><\/figure> <\/div>   <h2 class=\"wp-block-heading\"><strong>Caso de exportaci\u00f3n de la m\u00e1quina cortadora de almendras Taizy<\/strong><\/h2>    <p>Recientemente exportamos con \u00e9xito nuestra m\u00e1quina de corte de almendras a Austria. Esta m\u00e1quina de almendras se usa en un proyecto de suministro de ingredientes para asar para una empresa local de procesamiento de nueces.<\/p>    <p>After the equipment was put into operation, the client&#8217;s feedback was as follows:<\/p>    <ul class=\"wp-block-list\"> <li>Grosor de l\u00e1mina uniforme.<\/li>    <li>Salida horaria estable de aproximadamente 250kg.<\/li>    <li>Reducci\u00f3n significativa en la tasa de rotura de materia prima.<\/li>    <li>Reducci\u00f3n de costos laborales en aproximadamente un 35%.<\/li> <\/ul>    <figure class=\"wp-block-gallery has-nested-images columns-default is-cropped wp-block-gallery-4 is-layout-flex wp-block-gallery-is-layout-flex\"> <figure class=\"wp-block-image size-large\"><img loading=\"lazy\" decoding=\"async\" width=\"540\" height=\"720\" data-id=\"1549\" src=\"https:\/\/taizynut.com\/wp-content\/uploads\/2026\/02\/almond-nut-slicer.webp\" alt=\"almond nut slicer\" class=\"wp-image-1549\" title=\"\" srcset=\"https:\/\/taizynut.com\/wp-content\/uploads\/2026\/02\/almond-nut-slicer.webp 540w, https:\/\/taizynut.com\/wp-content\/uploads\/2026\/02\/almond-nut-slicer-225x300.webp 225w, https:\/\/taizynut.com\/wp-content\/uploads\/2026\/02\/almond-nut-slicer-9x12.webp 9w\" sizes=\"auto, (max-width: 540px) 100vw, 540px\" \/><figcaption class=\"wp-element-caption\">Cortadora de nueces de almendra<\/figcaption><\/figure>    <figure class=\"wp-block-image size-large\"><img loading=\"lazy\" decoding=\"async\" width=\"540\" height=\"720\" data-id=\"1550\" src=\"https:\/\/taizynut.com\/wp-content\/uploads\/2026\/02\/almond-slicing-machine-package.webp\" alt=\"almond slicing machine package\" class=\"wp-image-1550\" title=\"\" srcset=\"https:\/\/taizynut.com\/wp-content\/uploads\/2026\/02\/almond-slicing-machine-package.webp 540w, https:\/\/taizynut.com\/wp-content\/uploads\/2026\/02\/almond-slicing-machine-package-225x300.webp 225w, https:\/\/taizynut.com\/wp-content\/uploads\/2026\/02\/almond-slicing-machine-package-9x12.webp 9w\" sizes=\"auto, (max-width: 540px) 100vw, 540px\" \/><figcaption class=\"wp-element-caption\">Paquete de la m\u00e1quina de corte de almendras<\/figcaption><\/figure> <\/figure>    <h2 class=\"wp-block-heading\"><strong>\u00a1Cont\u00e1ctenos para m\u00e1s informaci\u00f3n!<\/strong><\/h2>    <p>La m\u00e1quina de corte de almendras es un equipo esencial en el procesamiento profundo de nueces. Este equipo presenta corte uniforme, salida estable y grosor ajustable, mejorando efectivamente la calidad del producto y la eficiencia de producci\u00f3n.<\/p>    <p>Si busca una soluci\u00f3n de corte de nueces de alta eficiencia y estabilidad, \u00a1cont\u00e1ctenos para m\u00e1s informaci\u00f3n!<\/p>","protected":false},"excerpt":{"rendered":"<p>This article mainly introduces the Taizy almond slicing machine. This equipment can slice peanuts, almonds, and cashews into thin slices of 0.05-1.2 mm, with a processing speed of 200-300 kg\/hour.<\/p>","protected":false},"author":1,"featured_media":1544,"parent":0,"template":"","tags":[68],"product-type":[74],"class_list":["post-1542","product","type-product","status-publish","has-post-thumbnail","hentry","tag-almond","product-type-almond-processing"],"_links":{"self":[{"href":"https:\/\/taizynut.com\/es\/wp-json\/wp\/v2\/product\/1542","targetHints":{"allow":["GET"]}}],"collection":[{"href":"https:\/\/taizynut.com\/es\/wp-json\/wp\/v2\/product"}],"about":[{"href":"https:\/\/taizynut.com\/es\/wp-json\/wp\/v2\/types\/product"}],"author":[{"embeddable":true,"href":"https:\/\/taizynut.com\/es\/wp-json\/wp\/v2\/users\/1"}],"wp:featuredmedia":[{"embeddable":true,"href":"https:\/\/taizynut.com\/es\/wp-json\/wp\/v2\/media\/1544"}],"wp:attachment":[{"href":"https:\/\/taizynut.com\/es\/wp-json\/wp\/v2\/media?parent=1542"}],"wp:term":[{"taxonomy":"post_tag","embeddable":true,"href":"https:\/\/taizynut.com\/es\/wp-json\/wp\/v2\/tags?post=1542"},{"taxonomy":"product-type","embeddable":true,"href":"https:\/\/taizynut.com\/es\/wp-json\/wp\/v2\/product-type?post=1542"}],"curies":[{"name":"wp","href":"https:\/\/api.w.org\/{rel}","templated":true}]}}