{"id":1601,"date":"2026-03-27T14:31:12","date_gmt":"2026-03-27T06:31:12","guid":{"rendered":"https:\/\/taizynut.com\/?post_type=product&#038;p=1601"},"modified":"2026-03-27T14:31:13","modified_gmt":"2026-03-27T06:31:13","slug":"cashew-shelling-machine","status":"publish","type":"product","link":"https:\/\/taizynut.com\/es\/product\/cashew-shelling-machine\/","title":{"rendered":"M\u00e1quina descascaradora de anacardos"},"content":{"rendered":"<p class=\"translation-block\">Taizy <strong>m\u00e1quina de descascarado de anacardos<\/strong> est\u00e1 dise\u00f1ada espec\u00edficamente para mejorar la eficiencia del descascarado y reducir las tasas de rotura. La m\u00e1quina completa presenta una estructura de alimentaci\u00f3n horizontal y un sistema de corte s\u00edncrono multiestaci\u00f3n, permitiendo una operaci\u00f3n continua.<\/p>    <p>Ofrecemos una variedad de modelos de m\u00e1quinas de descascarado de anacardos capaces de procesar simult\u00e1neamente de 2 a 12 anacardos, con capacidades de producci\u00f3n que van desde 50 hasta 400 kg\/h. La descascaradora funciona con una estabilidad excepcional, logrando una tasa de descascarado del 90%\u201395% y manteniendo la tasa de rotura controlada dentro del 5%\u201310%. Es una excelente opci\u00f3n para la industria del procesamiento de anacardos.<\/p>    <h2 class=\"wp-block-heading\"><strong>An\u00e1lisis de ventajas principales<\/strong><\/h2>    <ol class=\"wp-block-list\"> <li><strong>Sincronizaci\u00f3n multiestaci\u00f3n, mayor capacidad<\/strong>: Nuestra m\u00e1quina de descascarado de anacardos procesa de 2 a 12 anacardos simult\u00e1neamente, aumentando significativamente la producci\u00f3n por unidad de tiempo.<\/li>    <li><strong>Rotura minimizada, mayor rentabilidad<\/strong>: A trav\u00e9s de posicionamiento y corte precisos, este equipo de procesamiento de anacardos reduce da\u00f1os en el n\u00facleo y mejora el rendimiento de n\u00facleos intactos.<\/li>    <li><strong>Operaci\u00f3n automatizada, reducci\u00f3n de costos laborales<\/strong>: The cashew sheller requires no complex procedures; a single operator can easily manage the machine&#8217;s operation.<\/li>    <li><strong>Estructura compacta, huella m\u00ednima<\/strong>: Su dise\u00f1o compacto lo hace ideal para despliegue r\u00e1pido en f\u00e1bricas peque\u00f1as y medianas o emprendimientos de procesamiento inicial.<\/li>    <li><strong>Dise\u00f1o de grado alimentario<\/strong>: Las partes en contacto con acero inoxidable garantizan el cumplimiento de las normas de higiene, manteniendo bajos los costos del equipo.<\/li> <\/ol>    <figure class=\"wp-block-gallery has-nested-images columns-default is-cropped wp-block-gallery-2 is-layout-flex wp-block-gallery-is-layout-flex\"> <figure class=\"wp-block-image size-large\"><img loading=\"lazy\" decoding=\"async\" width=\"540\" height=\"720\" data-id=\"1603\" src=\"https:\/\/taizynut.com\/wp-content\/uploads\/2026\/03\/cashew-nut-shelling-equipment.webp\" alt=\"cashew nut shelling equipment\" class=\"wp-image-1603\" title=\"\" srcset=\"https:\/\/taizynut.com\/wp-content\/uploads\/2026\/03\/cashew-nut-shelling-equipment.webp 540w, https:\/\/taizynut.com\/wp-content\/uploads\/2026\/03\/cashew-nut-shelling-equipment-225x300.webp 225w, https:\/\/taizynut.com\/wp-content\/uploads\/2026\/03\/cashew-nut-shelling-equipment-9x12.webp 9w\" sizes=\"auto, (max-width: 540px) 100vw, 540px\" \/><figcaption class=\"wp-element-caption\">Equipo de descascarado de anacardos<\/figcaption><\/figure>    <figure class=\"wp-block-image size-large\"><img loading=\"lazy\" decoding=\"async\" width=\"540\" height=\"720\" data-id=\"1602\" src=\"https:\/\/taizynut.com\/wp-content\/uploads\/2026\/03\/cashew-nut-shell-breaking-machine.webp\" alt=\"cashew nut shell breaking machine\" class=\"wp-image-1602\" title=\"\" srcset=\"https:\/\/taizynut.com\/wp-content\/uploads\/2026\/03\/cashew-nut-shell-breaking-machine.webp 540w, https:\/\/taizynut.com\/wp-content\/uploads\/2026\/03\/cashew-nut-shell-breaking-machine-225x300.webp 225w, https:\/\/taizynut.com\/wp-content\/uploads\/2026\/03\/cashew-nut-shell-breaking-machine-9x12.webp 9w\" sizes=\"auto, (max-width: 540px) 100vw, 540px\" \/><figcaption class=\"wp-element-caption\">M\u00e1quina de romper c\u00e1scaras de anacardo<\/figcaption><\/figure>    <figure class=\"wp-block-image size-large\"><img loading=\"lazy\" decoding=\"async\" width=\"540\" height=\"720\" data-id=\"1604\" src=\"https:\/\/taizynut.com\/wp-content\/uploads\/2026\/03\/cashew-nut-shelling-machine.webp\" alt=\"m\u00e1quina de descascarado de anacardos\" class=\"wp-image-1604\" title=\"\" srcset=\"https:\/\/taizynut.com\/wp-content\/uploads\/2026\/03\/cashew-nut-shelling-machine.webp 540w, https:\/\/taizynut.com\/wp-content\/uploads\/2026\/03\/cashew-nut-shelling-machine-225x300.webp 225w, https:\/\/taizynut.com\/wp-content\/uploads\/2026\/03\/cashew-nut-shelling-machine-9x12.webp 9w\" sizes=\"auto, (max-width: 540px) 100vw, 540px\" \/><figcaption class=\"wp-element-caption\">M\u00e1quina de descascarado de anacardos<\/figcaption><\/figure> <\/figure>    <h2 class=\"wp-block-heading\"><strong>\u00bfC\u00f3mo funciona la m\u00e1quina de descascarado de anacardos?<\/strong><\/h2>    <p>El principio de funcionamiento de esta m\u00e1quina de descascarado de anacardos es la colocaci\u00f3n precisa combinada con corte estable. Su flujo de trabajo es claro y altamente eficiente:<\/p>    <ol class=\"wp-block-list\"> <li>Los anacardos entran en la m\u00e1quina a trav\u00e9s del tolva de alimentaci\u00f3n.<\/li>    <li>Impulsados por un mecanismo de cadena, se distribuyen autom\u00e1ticamente en ranuras de posicionamiento especializadas.<\/li>    <li>Una vez posicionados, los anacardos se conducen hacia el \u00e1rea de la cuchilla.<\/li>    <li>Luego se realiza un corte preciso para abrir las c\u00e1scaras.<\/li> <\/ol>   <div class=\"wp-block-image\"> <figure class=\"aligncenter size-full\"><img loading=\"lazy\" decoding=\"async\" width=\"720\" height=\"540\" src=\"https:\/\/taizynut.com\/wp-content\/uploads\/2026\/03\/cashew-sheller.webp\" alt=\"descascador de anacardos\" class=\"wp-image-1605\" title=\"\" srcset=\"https:\/\/taizynut.com\/wp-content\/uploads\/2026\/03\/cashew-sheller.webp 720w, https:\/\/taizynut.com\/wp-content\/uploads\/2026\/03\/cashew-sheller-300x225.webp 300w, https:\/\/taizynut.com\/wp-content\/uploads\/2026\/03\/cashew-sheller-16x12.webp 16w\" sizes=\"auto, (max-width: 720px) 100vw, 720px\" \/><figcaption class=\"wp-element-caption\">descascador de anacardos<\/figcaption><\/figure> <\/div>   <h2 class=\"wp-block-heading\"><strong>Opciones de modelos y detalles t\u00e9cnicos de m\u00e1quinas de descascarado de anacardos<\/strong><\/h2>    <figure class=\"wp-block-table\"><table><thead><tr><th>Modelo<\/th><th>Capacidad (kg\/h)<\/th><th>Cantidad de descascarado (piezas\/tiempo)<\/th><th>Dimensiones (m)<\/th><th>Peso (kg)<\/th><th>Potencia (kW)<\/th><th>Tasa de descascarado<\/th><th>Tasa de rotura<\/th><\/tr><\/thead><tbody><tr><td>YK-2<\/td><td>35\u201345<\/td><td>2<\/td><td>1.45\u00d70.5\u00d71.2<\/td><td>200<\/td><td>0.75<\/td><td>90\u201395%<\/td><td>\u22645\u201310%<\/td><\/tr><tr><td>YK-4<\/td><td>60\u201390<\/td><td>4<\/td><td>1.45\u00d70.5\u00d71.2<\/td><td>200<\/td><td>0.75<\/td><td>90\u201395%<\/td><td>\u22645\u201310%<\/td><\/tr><tr><td>YK-6<\/td><td>150<\/td><td>6<\/td><td>1.45\u00d71\u00d71.55<\/td><td>420<\/td><td>1.1<\/td><td>90\u201395%<\/td><td>\u22645\u201310%<\/td><\/tr><tr><td>YK-8<\/td><td>200\u2013260<\/td><td>8<\/td><td>1.45\u00d71.33\u00d71.55<\/td><td>480<\/td><td>1.5<\/td><td>90\u201395%<\/td><td>\u22645\u201310%<\/td><\/tr><tr><td>YK-10<\/td><td>260\u2013340<\/td><td>10<\/td><td>1.45\u00d71.7\u00d71.55<\/td><td>560<\/td><td>1.5<\/td><td>90\u201395%<\/td><td>\u22645\u201310%<\/td><\/tr><tr><td>YK-12<\/td><td>300\u2013380<\/td><td>12<\/td><td>1.45\u00d71.9\u00d71.55<\/td><td>620<\/td><td>2.2<\/td><td>90\u201395%<\/td><td>\u22645\u201310%<\/td><\/tr><\/tbody><\/table><figcaption class=\"wp-element-caption\">par\u00e1metros de la m\u00e1quina de descascarado de anacardos<\/figcaption><\/figure>    <p class=\"translation-block\"><strong>Notas<\/strong>:<\/p>    <ul class=\"wp-block-list\"> <li>Producci\u00f3n: La producci\u00f3n real est\u00e1 influenciada por factores como tama\u00f1o del anacardo, contenido de humedad y m\u00e9todos de preprocesamiento (por ejemplo, vapor).<\/li>    <li>Potencia: La configuraci\u00f3n est\u00e1ndar utiliza 380V de voltaje industrial; sin embargo, hay opciones de voltaje personalizadas para adaptarse a diferentes pa\u00edses y regiones.<\/li> <\/ul>    <p class=\"translation-block\"><strong>Recomendaciones de uso<\/strong>:<\/p>    <ul class=\"wp-block-list\"> <li><strong>Preprocesamiento recomendado<\/strong> <ul class=\"wp-block-list\"> <li> El vapor de los anacardos antes del descascarado suaviza la c\u00e1scara exterior y minimiza las tasas de rotura.<\/li> <\/ul> <\/li>    <li><strong>Clasificaci\u00f3n recomendada de materias primas<\/strong> <ul class=\"wp-block-list\"> <li>El procesamiento de anacardos de diferentes tama\u00f1os en lotes separados optimiza la compatibilidad del equipo y mejora la eficiencia general del descascarado.<\/li> <\/ul> <\/li>    <li><strong>Escalas de producci\u00f3n adecuadas<\/strong> <ul class=\"wp-block-list\"> <li>Procesamiento a peque\u00f1a escala: YK-2 \/ YK-4<\/li>    <li>Procesamiento de escala media: YK-6 \/ YK-8<\/li>    <li>Procesamiento a gran escala: YK-10 \/ YK-12<\/li> <\/ul> <\/li> <\/ul>    <figure class=\"wp-block-gallery has-nested-images columns-default is-cropped wp-block-gallery-3 is-layout-flex wp-block-gallery-is-layout-flex\"> <figure class=\"wp-block-image size-large\"><img loading=\"lazy\" decoding=\"async\" width=\"540\" height=\"720\" data-id=\"1606\" src=\"https:\/\/taizynut.com\/wp-content\/uploads\/2026\/03\/cashew-nut-shell-removing-machine.webp\" alt=\"cashew nut shell removing machine\" class=\"wp-image-1606\" title=\"\" srcset=\"https:\/\/taizynut.com\/wp-content\/uploads\/2026\/03\/cashew-nut-shell-removing-machine.webp 540w, https:\/\/taizynut.com\/wp-content\/uploads\/2026\/03\/cashew-nut-shell-removing-machine-225x300.webp 225w, https:\/\/taizynut.com\/wp-content\/uploads\/2026\/03\/cashew-nut-shell-removing-machine-9x12.webp 9w\" sizes=\"auto, (max-width: 540px) 100vw, 540px\" \/><figcaption class=\"wp-element-caption\">M\u00e1quina de quitar c\u00e1scaras de anacardo<\/figcaption><\/figure>    <figure class=\"wp-block-image size-large\"><img loading=\"lazy\" decoding=\"async\" width=\"540\" height=\"720\" data-id=\"1607\" src=\"https:\/\/taizynut.com\/wp-content\/uploads\/2026\/03\/cashew-shell-remover.webp\" alt=\"Quita c\u00e1scaras de anacardo\" class=\"wp-image-1607\" title=\"\" srcset=\"https:\/\/taizynut.com\/wp-content\/uploads\/2026\/03\/cashew-shell-remover.webp 540w, https:\/\/taizynut.com\/wp-content\/uploads\/2026\/03\/cashew-shell-remover-225x300.webp 225w, https:\/\/taizynut.com\/wp-content\/uploads\/2026\/03\/cashew-shell-remover-9x12.webp 9w\" sizes=\"auto, (max-width: 540px) 100vw, 540px\" \/><figcaption class=\"wp-element-caption\">Quita c\u00e1scaras de anacardo<\/figcaption><\/figure>    <figure class=\"wp-block-image size-large\"><img loading=\"lazy\" decoding=\"async\" width=\"540\" height=\"720\" data-id=\"1608\" src=\"https:\/\/taizynut.com\/wp-content\/uploads\/2026\/03\/cashew-shell-removing-machine.webp\" alt=\"cashew shell removing machine\" class=\"wp-image-1608\" title=\"\" srcset=\"https:\/\/taizynut.com\/wp-content\/uploads\/2026\/03\/cashew-shell-removing-machine.webp 540w, https:\/\/taizynut.com\/wp-content\/uploads\/2026\/03\/cashew-shell-removing-machine-225x300.webp 225w, https:\/\/taizynut.com\/wp-content\/uploads\/2026\/03\/cashew-shell-removing-machine-9x12.webp 9w\" sizes=\"auto, (max-width: 540px) 100vw, 540px\" \/><figcaption class=\"wp-element-caption\">M\u00e1quina de quitar c\u00e1scaras de anacardo<\/figcaption><\/figure> <\/figure>    <h2 class=\"wp-block-heading\"><strong>Escenarios de aplicaci\u00f3n para m\u00e1quina de descascarado de anacardos<\/strong><\/h2>    <p>Esta m\u00e1quina de descascarado de anacardos es especialmente adecuada para los siguientes sectores:<\/p>    <ul class=\"wp-block-list\"> <li>Plantas de procesamiento primario de anacardos<\/li>    <li>Cooperativas de procesamiento de productos agr\u00edcolas<\/li>    <li>Empresas de procesamiento de alimentos<\/li>    <li>Empresas de exportaci\u00f3n y manejo de nueces<\/li> <\/ul>    <h2 class=\"wp-block-heading\"><strong>\u00bfCu\u00e1nto cuesta una m\u00e1quina de quitar c\u00e1scaras de anacardo?<\/strong><\/h2>    <p>Dependiendo del modelo y configuraci\u00f3n espec\u00edficos, el precio cotizado en el mercado internacional para una m\u00e1quina de descascarado de anacardos suele oscilar entre aproximadamente 2.000 y 7.000 d\u00f3lares por unidad.<\/p>    <p class=\"translation-block\"><strong>Nota<\/strong>:<\/p>    <ul class=\"wp-block-list\"> <li>Este rango de precios representa el rango t\u00edpico de transacci\u00f3n para ventas de exportaci\u00f3n.<\/li>    <li>Factores como costos de env\u00edo, aranceles aduaneros y especificaciones del motor (normas de voltaje), que var\u00edan seg\u00fan el pa\u00eds, influir\u00e1n en el precio final cotizado.<\/li>    <li>Compras a granel o procesamiento completo<\/li> <\/ul>    <p>Si desea una cotizaci\u00f3n detallada, no dude en contactarnos.<\/p>   <div class=\"wp-block-image\"> <figure class=\"aligncenter size-full\"><img loading=\"lazy\" decoding=\"async\" width=\"720\" height=\"540\" src=\"https:\/\/taizynut.com\/wp-content\/uploads\/2026\/03\/automatic-cashew-shelling-machine.webp\" alt=\"m\u00e1quina autom\u00e1tica de descascarado de anacardos\" class=\"wp-image-1609\" title=\"\" srcset=\"https:\/\/taizynut.com\/wp-content\/uploads\/2026\/03\/automatic-cashew-shelling-machine.webp 720w, https:\/\/taizynut.com\/wp-content\/uploads\/2026\/03\/automatic-cashew-shelling-machine-300x225.webp 300w, https:\/\/taizynut.com\/wp-content\/uploads\/2026\/03\/automatic-cashew-shelling-machine-16x12.webp 16w\" sizes=\"auto, (max-width: 720px) 100vw, 720px\" \/><figcaption class=\"wp-element-caption\">m\u00e1quina autom\u00e1tica de descascarado de anacardos<\/figcaption><\/figure> <\/div>   <h2 class=\"wp-block-heading\"><strong>\u00bfPor qu\u00e9 elegirnos como su proveedor?<\/strong><\/h2>    <ul class=\"wp-block-list\"> <li>Ofrecemos una gama completa de equipos; adem\u00e1s de m\u00e1quinas de descascarado de anacardos, proporcionamos una variedad de otras m\u00e1quinas de procesamiento de nueces, como <a href=\"https:\/\/taizynut.com\/es\/product\/almond-shelling-machine\/\">descascador de almendras<\/a>, <a href=\"https:\/\/taizynut.com\/es\/product\/walnut-shelling-machine\/\">m\u00e1quina para descascarar nueces<\/a>, y <a href=\"https:\/\/taizynut.com\/es\/product\/macadamia-nut-opening-machine\/\">m\u00e1quina de apertura de nueces de macadamia<\/a>.<\/li>    <li>Nuestro equipo ha sido exportado a numerosas regiones, incluyendo \u00c1frica, Sudeste Asi\u00e1tico y Am\u00e9rica del Sur. Poseemos amplia experiencia en procedimientos de exportaci\u00f3n, adaptaci\u00f3n de voltaje y requisitos de env\u00edo, minimizando riesgos de adquisici\u00f3n para nuestros clientes.<\/li>    <li>El enfoque de Taizy va m\u00e1s all\u00e1 de la simple entrega de equipos; tambi\u00e9n nos centramos en ofrecer un servicio al cliente excepcional, que incluye: <ul class=\"wp-block-list\"> <li>Orientaci\u00f3n operativa y soporte t\u00e9cnico<\/li>    <li>Recomendaciones para el mantenimiento del equipo<\/li>    <li>Soluciones para expansi\u00f3n futura de capacidad<\/li> <\/ul> <\/li> <\/ul>   <div class=\"wp-block-image\"> <figure class=\"aligncenter size-full\"><img loading=\"lazy\" decoding=\"async\" width=\"720\" height=\"540\" src=\"https:\/\/taizynut.com\/wp-content\/uploads\/2026\/03\/cashew-shelling-machine.webp\" alt=\"m\u00e1quina de descascarado de anacardos\" class=\"wp-image-1612\" title=\"\" srcset=\"https:\/\/taizynut.com\/wp-content\/uploads\/2026\/03\/cashew-shelling-machine.webp 720w, https:\/\/taizynut.com\/wp-content\/uploads\/2026\/03\/cashew-shelling-machine-300x225.webp 300w, https:\/\/taizynut.com\/wp-content\/uploads\/2026\/03\/cashew-shelling-machine-16x12.webp 16w\" sizes=\"auto, (max-width: 720px) 100vw, 720px\" \/><figcaption class=\"wp-element-caption\">m\u00e1quina de descascarado de anacardos<\/figcaption><\/figure> <\/div>   <h2 class=\"wp-block-heading\"><strong>Casos de exportaci\u00f3n de m\u00e1quinas de descascarado de anacardos Taizy<\/strong><\/h2>    <p class=\"translation-block\"><strong>Cliente de procesamiento de anacardos en \u00c1frica<\/strong><\/p>    <ul class=\"wp-block-list\"> <li>Modelo comprado: YK-8<\/li>    <li>Capacidad de procesamiento diaria: 1.5\u20132 toneladas<\/li> <\/ul>    <p class=\"translation-block\"><strong>Resultados de rendimiento:<\/strong><\/p>    <ul class=\"wp-block-list\"> <li>La eficiencia de descascarado aument\u00f3 aproximadamente 3 veces<\/li>    <li>Requisitos laborales reducidos en m\u00e1s del 60%<\/li>    <li>Operaci\u00f3n estable, mantenimiento sencillo<\/li> <\/ul>    <figure class=\"wp-block-gallery has-nested-images columns-default is-cropped wp-block-gallery-4 is-layout-flex wp-block-gallery-is-layout-flex\"> <figure class=\"wp-block-image size-large\"><img loading=\"lazy\" decoding=\"async\" width=\"540\" height=\"720\" data-id=\"1611\" src=\"https:\/\/taizynut.com\/wp-content\/uploads\/2026\/03\/cashew-sheller-machine.webp\" alt=\"m\u00e1quina de descascarado de anacardos\" class=\"wp-image-1611\" title=\"\" srcset=\"https:\/\/taizynut.com\/wp-content\/uploads\/2026\/03\/cashew-sheller-machine.webp 540w, https:\/\/taizynut.com\/wp-content\/uploads\/2026\/03\/cashew-sheller-machine-225x300.webp 225w, https:\/\/taizynut.com\/wp-content\/uploads\/2026\/03\/cashew-sheller-machine-9x12.webp 9w\" sizes=\"auto, (max-width: 540px) 100vw, 540px\" \/><figcaption class=\"wp-element-caption\">M\u00e1quina de descascarado de anacardos<\/figcaption><\/figure>    <figure class=\"wp-block-image size-large\"><img loading=\"lazy\" decoding=\"async\" width=\"540\" height=\"720\" data-id=\"1610\" src=\"https:\/\/taizynut.com\/wp-content\/uploads\/2026\/03\/cashew-shelling-machine-package.webp\" alt=\"cashew shelling machine package\" class=\"wp-image-1610\" title=\"\" srcset=\"https:\/\/taizynut.com\/wp-content\/uploads\/2026\/03\/cashew-shelling-machine-package.webp 540w, https:\/\/taizynut.com\/wp-content\/uploads\/2026\/03\/cashew-shelling-machine-package-225x300.webp 225w, https:\/\/taizynut.com\/wp-content\/uploads\/2026\/03\/cashew-shelling-machine-package-9x12.webp 9w\" sizes=\"auto, (max-width: 540px) 100vw, 540px\" \/><figcaption class=\"wp-element-caption\">Paquete de m\u00e1quina de descascarado de anacardos<\/figcaption><\/figure> <\/figure>    <h2 class=\"wp-block-heading\"><strong>\u00a1Cont\u00e1ctanos hoy!<\/strong><\/h2>    <p>\u00bfBusca una m\u00e1quina de descascarado de anacardos o una l\u00ednea completa de procesamiento de anacardos? Cont\u00e1ctenos hoy y le proporcionaremos nuestra mejor cotizaci\u00f3n y <\/p>","protected":false},"excerpt":{"rendered":"<p>Taizy cashew shelling machine is specifically designed to enhance shelling efficiency and minimize breakage rates. The entire machine features a horizontal feeding structure and a multi-station synchronous cutting system, enabling continuous operation. We offer a variety of cashew nut shelling machine models capable of simultaneously processing 2 to 12 cashews at a time, with output [&hellip;]<\/p>\n","protected":false},"author":1,"featured_media":1613,"parent":0,"template":"","tags":[89,61],"product-type":[90],"class_list":["post-1601","product","type-product","status-publish","has-post-thumbnail","hentry","tag-cashew","tag-nut","product-type-cashew-processing-machine"],"_links":{"self":[{"href":"https:\/\/taizynut.com\/es\/wp-json\/wp\/v2\/product\/1601","targetHints":{"allow":["GET"]}}],"collection":[{"href":"https:\/\/taizynut.com\/es\/wp-json\/wp\/v2\/product"}],"about":[{"href":"https:\/\/taizynut.com\/es\/wp-json\/wp\/v2\/types\/product"}],"author":[{"embeddable":true,"href":"https:\/\/taizynut.com\/es\/wp-json\/wp\/v2\/users\/1"}],"wp:featuredmedia":[{"embeddable":true,"href":"https:\/\/taizynut.com\/es\/wp-json\/wp\/v2\/media\/1613"}],"wp:attachment":[{"href":"https:\/\/taizynut.com\/es\/wp-json\/wp\/v2\/media?parent=1601"}],"wp:term":[{"taxonomy":"post_tag","embeddable":true,"href":"https:\/\/taizynut.com\/es\/wp-json\/wp\/v2\/tags?post=1601"},{"taxonomy":"product-type","embeddable":true,"href":"https:\/\/taizynut.com\/es\/wp-json\/wp\/v2\/product-type?post=1601"}],"curies":[{"name":"wp","href":"https:\/\/api.w.org\/{rel}","templated":true}]}}