{"id":1618,"date":"2026-03-30T13:53:59","date_gmt":"2026-03-30T05:53:59","guid":{"rendered":"https:\/\/taizynut.com\/?post_type=product&#038;p=1618"},"modified":"2026-03-30T13:53:59","modified_gmt":"2026-03-30T05:53:59","slug":"cashew-peeling-machine","status":"publish","type":"product","link":"https:\/\/taizynut.com\/es\/product\/cashew-peeling-machine\/","title":{"rendered":"M\u00e1quina peladora de anacardos"},"content":{"rendered":"<p class=\"translation-block\">La <strong>m\u00e1quina de pelado de anacardos<\/strong> es un dispositivo de pelado altamente eficiente dise\u00f1ado espec\u00edficamente para el procesamiento profundo de anacardos. Se utiliza principalmente para eliminar r\u00e1pidamente la fina piel exterior de los kernels de anacardo. La m\u00e1quina utiliza tecnolog\u00eda de pelado por flujo de aire a alta velocidad, asegurando que la integridad de los kernels se conserve.<\/p>    <p>La m\u00e1quina de pelado de c\u00e1scara de anacardo Taizy ofrece ventajas clave como alta producci\u00f3n, bajo consumo de energ\u00eda, m\u00ednimo quiebre y facilidad de operaci\u00f3n. Su capacidad de producci\u00f3n var\u00eda de 150 a 600 kg\/h, con una tasa de pelado que alcanza hasta el 98%. Es una excelente opci\u00f3n para la industria del procesamiento de anacardos.<\/p>    <h2 class=\"wp-block-heading\"><strong>Ventajas principales de la m\u00e1quina de pelado de kernels de anacardo<\/strong><\/h2>    <ol class=\"wp-block-list\"> <li><strong>Rendimiento superior de pelado<\/strong>: Nuestra m\u00e1quina de pelado de anacardos utiliza una combinaci\u00f3n de rodillos flexibles y tecnolog\u00eda de flujo de aire para lograr un pelado altamente efectivo. Cuenta con una tasa de pelado superior al 98% y garantiza que los kernels permanezcan en gran medida intactos.<\/li>    <li><strong>Proceso simplificado<\/strong>: Los materiales en bruto no requieren remojo previo y pueden alimentarse directamente en la m\u00e1quina. Esto simplifica significativamente el flujo de trabajo del procesamiento de anacardos, reduciendo tanto los costos laborales como de tiempo.<\/li>    <li><strong>Adaptable a varios tama\u00f1os de anacardo<\/strong>: Ajustando la separaci\u00f3n entre los rodillos, la m\u00e1quina puede acomodar kernels de diferentes dimensiones, demostrando una versatilidad y adaptabilidad excepcionales.<\/li>    <li><strong>Amplio rango de aplicaciones<\/strong>: Adem\u00e1s de los anacardos, nuestra m\u00e1quina de pelado de anacardos tambi\u00e9n es adecuada para pelar otros materiales, como cacahuetes, ajo y avellanas.<\/li>    <li><strong>Construcci\u00f3n duradera en acero inoxidable<\/strong>: La m\u00e1quina de pelado de anacardos est\u00e1 fabricada completamente en acero inoxidable de alta calidad. Es resistente a la corrosi\u00f3n, f\u00e1cil de limpiar y dise\u00f1ada para garantizar una larga vida \u00fatil.<\/li> <\/ol>    <figure class=\"wp-block-gallery has-nested-images columns-default is-cropped wp-block-gallery-2 is-layout-flex wp-block-gallery-is-layout-flex\"> <figure class=\"wp-block-image size-large\"><img loading=\"lazy\" decoding=\"async\" width=\"540\" height=\"720\" data-id=\"1621\" src=\"https:\/\/taizynut.com\/wp-content\/uploads\/2026\/03\/cashew-nut-peeler-machine.webp\" alt=\"cashew nut peeler machine\" class=\"wp-image-1621\" title=\"\" srcset=\"https:\/\/taizynut.com\/wp-content\/uploads\/2026\/03\/cashew-nut-peeler-machine.webp 540w, https:\/\/taizynut.com\/wp-content\/uploads\/2026\/03\/cashew-nut-peeler-machine-225x300.webp 225w, https:\/\/taizynut.com\/wp-content\/uploads\/2026\/03\/cashew-nut-peeler-machine-9x12.webp 9w\" sizes=\"auto, (max-width: 540px) 100vw, 540px\" \/><figcaption class=\"wp-element-caption\">M\u00e1quina peladora de nueces de anacardo<\/figcaption><\/figure>    <figure class=\"wp-block-image size-large\"><img loading=\"lazy\" decoding=\"async\" width=\"540\" height=\"720\" data-id=\"1622\" src=\"https:\/\/taizynut.com\/wp-content\/uploads\/2026\/03\/cashew-kernel-peeling-mahcine.webp\" alt=\"cashew kernel peeling mahcine\" class=\"wp-image-1622\" title=\"\" srcset=\"https:\/\/taizynut.com\/wp-content\/uploads\/2026\/03\/cashew-kernel-peeling-mahcine.webp 540w, https:\/\/taizynut.com\/wp-content\/uploads\/2026\/03\/cashew-kernel-peeling-mahcine-225x300.webp 225w, https:\/\/taizynut.com\/wp-content\/uploads\/2026\/03\/cashew-kernel-peeling-mahcine-9x12.webp 9w\" sizes=\"auto, (max-width: 540px) 100vw, 540px\" \/><figcaption class=\"wp-element-caption\">M\u00e1quina de pelado de kernels de anacardo<\/figcaption><\/figure>    <figure class=\"wp-block-image size-large\"><img loading=\"lazy\" decoding=\"async\" width=\"540\" height=\"720\" data-id=\"1623\" src=\"https:\/\/taizynut.com\/wp-content\/uploads\/2026\/03\/cashew-kernel-peeler.webp\" alt=\"peladora de kernels de anacardo\" class=\"wp-image-1623\" title=\"\" srcset=\"https:\/\/taizynut.com\/wp-content\/uploads\/2026\/03\/cashew-kernel-peeler.webp 540w, https:\/\/taizynut.com\/wp-content\/uploads\/2026\/03\/cashew-kernel-peeler-225x300.webp 225w, https:\/\/taizynut.com\/wp-content\/uploads\/2026\/03\/cashew-kernel-peeler-9x12.webp 9w\" sizes=\"auto, (max-width: 540px) 100vw, 540px\" \/><figcaption class=\"wp-element-caption\">Peladora de c\u00e1scara de anacardo<\/figcaption><\/figure> <\/figure>    <h2 class=\"wp-block-heading\"><strong>Principio de funcionamiento de la m\u00e1quina de pelado de nueces de anacardo<\/strong><\/h2>    <p>Al ingresar a la m\u00e1quina de pelado de anacardos, los anacardos pasan por un proceso de pelado r\u00e1pido impulsado por la doble fuerza de fricci\u00f3n de rodillos flexibles y el impacto del flujo de aire a alta velocidad. La m\u00e1quina est\u00e1 equipada con un mecanismo interno de separaci\u00f3n autom\u00e1tica que realiza simult\u00e1neamente las siguientes funciones:<\/p>    <ul class=\"wp-block-list\"> <li>Pelado autom\u00e1tico de kernels de anacardo<\/li>    <li>Separaci\u00f3n autom\u00e1tica de kernels de c\u00e1scaras descartadas<\/li> <\/ul>    <p>Al ajustar la separaci\u00f3n entre los rodillos de goma, los usuarios pueden controlar de manera flexible el rango de tama\u00f1os de anacardos aplicables; en consecuencia.<\/p>    <figure class=\"wp-block-gallery has-nested-images columns-default is-cropped wp-block-gallery-3 is-layout-flex wp-block-gallery-is-layout-flex\"> <figure class=\"wp-block-image size-large\"><img loading=\"lazy\" decoding=\"async\" width=\"720\" height=\"540\" data-id=\"1627\" src=\"https:\/\/taizynut.com\/wp-content\/uploads\/2026\/03\/cashew-kernels.webp\" alt=\"M\u00e1quina de pelado de anacardos de 150-600kg\/h para procesamiento de nueces\" class=\"wp-image-1627\" title=\"\" srcset=\"https:\/\/taizynut.com\/wp-content\/uploads\/2026\/03\/cashew-kernels.webp 720w, https:\/\/taizynut.com\/wp-content\/uploads\/2026\/03\/cashew-kernels-300x225.webp 300w, https:\/\/taizynut.com\/wp-content\/uploads\/2026\/03\/cashew-kernels-16x12.webp 16w\" sizes=\"auto, (max-width: 720px) 100vw, 720px\" \/><figcaption class=\"wp-element-caption\">Kernels de anacardo<\/figcaption><\/figure>    <figure class=\"wp-block-image size-large\"><img loading=\"lazy\" decoding=\"async\" width=\"720\" height=\"540\" data-id=\"1629\" src=\"https:\/\/taizynut.com\/wp-content\/uploads\/2026\/03\/cashew-peeling-machine.webp\" alt=\"m\u00e1quina peladora de anacardos\" class=\"wp-image-1629\" title=\"\" srcset=\"https:\/\/taizynut.com\/wp-content\/uploads\/2026\/03\/cashew-peeling-machine.webp 720w, https:\/\/taizynut.com\/wp-content\/uploads\/2026\/03\/cashew-peeling-machine-300x225.webp 300w, https:\/\/taizynut.com\/wp-content\/uploads\/2026\/03\/cashew-peeling-machine-16x12.webp 16w\" sizes=\"auto, (max-width: 720px) 100vw, 720px\" \/><figcaption class=\"wp-element-caption\">M\u00e1quina de pelado de anacardos<\/figcaption><\/figure>    <figure class=\"wp-block-image size-large\"><img loading=\"lazy\" decoding=\"async\" width=\"720\" height=\"540\" data-id=\"1628\" src=\"https:\/\/taizynut.com\/wp-content\/uploads\/2026\/03\/peeled-cashew-kernels.webp\" alt=\"n\u00facleos de anacardo pelados\" class=\"wp-image-1628\" title=\"\" srcset=\"https:\/\/taizynut.com\/wp-content\/uploads\/2026\/03\/peeled-cashew-kernels.webp 720w, https:\/\/taizynut.com\/wp-content\/uploads\/2026\/03\/peeled-cashew-kernels-300x225.webp 300w, https:\/\/taizynut.com\/wp-content\/uploads\/2026\/03\/peeled-cashew-kernels-16x12.webp 16w\" sizes=\"auto, (max-width: 720px) 100vw, 720px\" \/><figcaption class=\"wp-element-caption\">Kernels de anacardo pelados<\/figcaption><\/figure> <\/figure>    <h2 class=\"wp-block-heading\"><strong>Modelos y especificaciones de m\u00e1quinas de pelado de anacardos<\/strong><\/h2>    <p>Nuestra m\u00e1quina de pelado de kernels de anacardo est\u00e1 disponible en tres modelos, con una gama de producci\u00f3n que cubre de 150 a 600 kg\/h. La informaci\u00f3n detallada se proporciona a continuaci\u00f3n:<\/p>    <figure class=\"wp-block-table\"><table class=\"has-fixed-layout\"><thead><tr><th>Modelo<\/th><th>Peso<\/th><th>Fuerza<\/th><th>Tama\u00f1o<\/th><th>Capacidad<\/th><\/tr><\/thead><tbody><tr><td>GHT150<\/td><td>70kg<\/td><td>0.2kw<\/td><td>640\u00d7660\u00d71370mm<\/td><td>150kg\/h<\/td><\/tr><tr><td>GHT300<\/td><td>110 kilos<\/td><td>0.2kw<\/td><td>740\u00d7740\u00d71685mm<\/td><td>300kg\/h<\/td><\/tr><tr><td>GHT600<\/td><td>160kg<\/td><td>0.2kw<\/td><td>1140\u00d7910\u00d71750mm<\/td><td>600kg\/hora<\/td><\/tr><\/tbody><\/table><figcaption class=\"wp-element-caption\">par\u00e1metros de la m\u00e1quina de pelado de nueces de anacardo<\/figcaption><\/figure>    <h2 class=\"wp-block-heading\"><strong>Estructura de la m\u00e1quina de pelado de kernels de anacardo<\/strong><\/h2>    <p>La m\u00e1quina de pelado de anacardos Taizy presenta una estructura compacta y una distribuci\u00f3n racional, facilitando tanto la operaci\u00f3n como el mantenimiento. La m\u00e1quina consta principalmente de varios componentes centrales: la entrada, el panel de control, la salida de kernels y la salida de piel. Su diagrama estructural se muestra a continuaci\u00f3n.<\/p>   <div class=\"wp-block-image\"> <figure class=\"aligncenter size-full\"><img loading=\"lazy\" decoding=\"async\" width=\"720\" height=\"540\" src=\"https:\/\/taizynut.com\/wp-content\/uploads\/2026\/03\/structure-of-cashew-nut-peeling-machine.webp\" alt=\"estructura de la m\u00e1quina de pelado de nueces de anacardo\" class=\"wp-image-1625\" title=\"\" srcset=\"https:\/\/taizynut.com\/wp-content\/uploads\/2026\/03\/structure-of-cashew-nut-peeling-machine.webp 720w, https:\/\/taizynut.com\/wp-content\/uploads\/2026\/03\/structure-of-cashew-nut-peeling-machine-300x225.webp 300w, https:\/\/taizynut.com\/wp-content\/uploads\/2026\/03\/structure-of-cashew-nut-peeling-machine-16x12.webp 16w\" sizes=\"auto, (max-width: 720px) 100vw, 720px\" \/><figcaption class=\"wp-element-caption\">estructura de la m\u00e1quina de pelado de nueces de anacardo<\/figcaption><\/figure> <\/div>   <h2 class=\"wp-block-heading\"><strong>Recomendaciones para el mantenimiento de la m\u00e1quina de pelado de anacardos<\/strong><\/h2>    <p>El mantenimiento regular es esencial para garantizar el funcionamiento eficiente y a largo plazo del equipo. Recomendamos lo siguiente:<\/p>    <ul class=\"wp-block-list\"> <li>Limpie regularmente la tolva, los rodillos y los componentes de separaci\u00f3n.<\/li>    <li>Inspeccione peri\u00f3dicamente las piezas de desgaste en busca de signos de desgaste y reempl\u00e1celas oportunamente.<\/li>    <li>Los componentes clave deben reemplazarse seg\u00fan el programa de mantenimiento recomendado.<\/li>    <li>En caso de mal funcionamiento, comun\u00edquese con un t\u00e9cnico profesional para reparaciones.<\/li> <\/ul>    <p>Un mantenimiento adecuado no solo mejora la eficiencia del pelado, sino que tambi\u00e9n extiende efectivamente la vida \u00fatil del equipo.<\/p>   <div class=\"wp-block-image\"> <figure class=\"aligncenter size-full\"><img loading=\"lazy\" decoding=\"async\" width=\"720\" height=\"540\" src=\"https:\/\/taizynut.com\/wp-content\/uploads\/2026\/03\/cashew-peeling-euqipment.webp\" alt=\"equipo de pelado de anacardos\" class=\"wp-image-1626\" title=\"\" srcset=\"https:\/\/taizynut.com\/wp-content\/uploads\/2026\/03\/cashew-peeling-euqipment.webp 720w, https:\/\/taizynut.com\/wp-content\/uploads\/2026\/03\/cashew-peeling-euqipment-300x225.webp 300w, https:\/\/taizynut.com\/wp-content\/uploads\/2026\/03\/cashew-peeling-euqipment-16x12.webp 16w\" sizes=\"auto, (max-width: 720px) 100vw, 720px\" \/><figcaption class=\"wp-element-caption\">equipo de pelado de anacardos<\/figcaption><\/figure> <\/div>   <h2 class=\"wp-block-heading\"><strong>\u00bfPor qu\u00e9 elegir Taizy como su mejor opci\u00f3n?<\/strong><\/h2>    <p>Elegir Taizy significa seleccionar no solo una m\u00e1quina de pelado de anacardos de alta calidad, sino tambi\u00e9n un proveedor de equipos profesional respaldado por amplia experiencia en exportaci\u00f3n y un sistema de servicio integral. Nos dedicamos a ofrecer soluciones de procesamiento de nueces rentables y sostenibles a clientes globales.<\/p>    <ul class=\"wp-block-list\"> <li><strong>: Amplia experiencia en la industria<\/strong> <ul class=\"wp-block-list\"> <li>Durante muchos a\u00f1os, Taizy se ha especializado en la fabricaci\u00f3n y venta de equipos de procesamiento de nueces, acumulando amplia experiencia en el procesamiento de nueces como anacardos, cacahuetes, almendras y nueces.<\/li> <\/ul> <\/li>    <li><strong>Servicios integrales<\/strong> <ul class=\"wp-block-list\"> <li>Desde la consulta inicial del cliente, ofrecemos servicios integrales de extremo a extremo, incluyendo selecci\u00f3n de equipos y dise\u00f1o de soluciones. Despu\u00e9s de la entrega del equipo, continuamos ofreciendo: <ul class=\"wp-block-list\"> <li> Gu\u00eda de instalaci\u00f3n<\/li>    <li>Capacitaci\u00f3n del operador<\/li>    <li>Videos instructivos<\/li>    <li>Soporte para piezas consumibles<\/li>    <li>Soporte t\u00e9cnico de postventa a largo plazo<\/li> <\/ul> <\/li> <\/ul> <\/li>    <li><strong>Soluciones personalizadas<\/strong> <ul class=\"wp-block-list\"> <li>Taizy ofrece soporte adaptado a los requisitos del cliente, incluyendo recomendaciones de modelos, optimizaci\u00f3n de tama\u00f1o, personalizaci\u00f3n de voltaje, configuraci\u00f3n de l\u00ednea completa y planificaci\u00f3n de capacidad.<\/li> <\/ul> <\/li>    <li><strong>Precio razonable<\/strong> <ul class=\"wp-block-list\"> <li>Como fabricante directo, Taizy ofrece precios directos de f\u00e1brica, eliminando intermediarios y ayudando a los clientes a controlar eficazmente sus costos de adquisici\u00f3n.<\/li> <\/ul> <\/li>    <li><strong>Gran variedad de m\u00e1quinas<\/strong> <ul class=\"wp-block-list\"> <li>Adem\u00e1s de las m\u00e1quinas de pelado de anacardos, tambi\u00e9n ofrecemos una amplia gama de equipos de procesamiento de nueces, como <a href=\"https:\/\/taizynut.com\/es\/product\/cashew-shelling-machine\/\">m\u00e1quina de descascarado de anacardos<\/a>s, <a href=\"https:\/\/taizynut.com\/es\/product\/wet-almond-peeling-machine\/\">M\u00e1quina para pelar almendras<\/a>s, y m\u00e1s.<\/li> <\/ul> <\/li> <\/ul>   <div class=\"wp-block-image\"> <figure class=\"aligncenter size-full\"><img loading=\"lazy\" decoding=\"async\" width=\"720\" height=\"540\" src=\"https:\/\/taizynut.com\/wp-content\/uploads\/2026\/03\/cashew-peeler-machine.webp\" alt=\"m\u00e1quina peladora de anacardos\" class=\"wp-image-1624\" title=\"\" srcset=\"https:\/\/taizynut.com\/wp-content\/uploads\/2026\/03\/cashew-peeler-machine.webp 720w, https:\/\/taizynut.com\/wp-content\/uploads\/2026\/03\/cashew-peeler-machine-300x225.webp 300w, https:\/\/taizynut.com\/wp-content\/uploads\/2026\/03\/cashew-peeler-machine-16x12.webp 16w\" sizes=\"auto, (max-width: 720px) 100vw, 720px\" \/><figcaption class=\"wp-element-caption\">m\u00e1quina peladora de anacardos<\/figcaption><\/figure> <\/div>   <h2 class=\"wp-block-heading\"><strong>\u00a1Cont\u00e1ctenos de inmediato!<\/strong><\/h2>    <p>Si busca una m\u00e1quina de pelado de anacardos que ofrezca una alta tasa de pelado, m\u00ednimo quiebre y un alto grado de automatizaci\u00f3n, Taizy es una opci\u00f3n confiable. Le invitamos a contactar con Taizy para recibir una cotizaci\u00f3n detallada, videos y una soluci\u00f3n integral de procesamiento de nueces.<\/p>","protected":false},"excerpt":{"rendered":"<p>This article primarily introduces the cashew peeling machine. This equipment utilizes a pneumatic peeling mechanism, achieving a peeling rate of over 98% and a production capacity of 150\u2013600 kg\/h. It is a smart choice for the cashew processing industry.<\/p>","protected":false},"author":1,"featured_media":1620,"parent":0,"template":"","tags":[89],"product-type":[90],"class_list":["post-1618","product","type-product","status-publish","has-post-thumbnail","hentry","tag-cashew","product-type-cashew-processing-machine"],"_links":{"self":[{"href":"https:\/\/taizynut.com\/es\/wp-json\/wp\/v2\/product\/1618","targetHints":{"allow":["GET"]}}],"collection":[{"href":"https:\/\/taizynut.com\/es\/wp-json\/wp\/v2\/product"}],"about":[{"href":"https:\/\/taizynut.com\/es\/wp-json\/wp\/v2\/types\/product"}],"author":[{"embeddable":true,"href":"https:\/\/taizynut.com\/es\/wp-json\/wp\/v2\/users\/1"}],"wp:featuredmedia":[{"embeddable":true,"href":"https:\/\/taizynut.com\/es\/wp-json\/wp\/v2\/media\/1620"}],"wp:attachment":[{"href":"https:\/\/taizynut.com\/es\/wp-json\/wp\/v2\/media?parent=1618"}],"wp:term":[{"taxonomy":"post_tag","embeddable":true,"href":"https:\/\/taizynut.com\/es\/wp-json\/wp\/v2\/tags?post=1618"},{"taxonomy":"product-type","embeddable":true,"href":"https:\/\/taizynut.com\/es\/wp-json\/wp\/v2\/product-type?post=1618"}],"curies":[{"name":"wp","href":"https:\/\/api.w.org\/{rel}","templated":true}]}}