{"id":1660,"date":"2026-04-03T13:32:16","date_gmt":"2026-04-03T05:32:16","guid":{"rendered":"https:\/\/taizynut.com\/?post_type=product&#038;p=1660"},"modified":"2026-04-03T13:32:17","modified_gmt":"2026-04-03T05:32:17","slug":"macadamia-nut-shelling-machine","status":"publish","type":"product","link":"https:\/\/taizynut.com\/es\/product\/macadamia-nut-shelling-machine\/","title":{"rendered":"M\u00e1quina de descascarar nueces de macadamia"},"content":{"rendered":"<p class=\"translation-block\">Este <strong>m\u00e1quina de descascarar nueces de macadamia<\/strong> est\u00e1 dise\u00f1ada para descascarar varios tipos de nueces. Es adecuada para nueces de macadamia, avellanas, pacanas, almendras y otras. Su capacidad de producci\u00f3n var\u00eda de 300 a 400 kg\/h.<\/p>    <p>La m\u00e1quina de descascarar nueces de macadamia Taizy utiliza un mecanismo de extrusi\u00f3n de doble rodillo para agrietar las c\u00e1scaras, logrando una alta tasa de descascarado con m\u00ednimo da\u00f1o al n\u00facleo. Esta m\u00e1quina de descascarar nueces de macadamia se usa t\u00edpicamente junto con un separador de c\u00e1scara y n\u00facleo. Si necesita m\u00e1s informaci\u00f3n, \u00a1no dude en contactarnos!<\/p>    <h2 class=\"wp-block-heading\"><strong>Aspectos destacados de la m\u00e1quina de descascarar nueces de macadamia<\/strong><\/h2>    <p>Nuestra m\u00e1quina de descascarar nueces de macadamia ha sido exportada a numerosos pa\u00edses, incluyendo Kenia, Australia y Sud\u00e1frica. Su popularidad generalizada se atribuye a las siguientes caracter\u00edsticas clave:<\/p>    <ol class=\"wp-block-list\"> <li><strong>Rendimiento superior de descascarado<\/strong>: Nuestra m\u00e1quina de descascarar nueces de macadamia est\u00e1 equipada con dos rodillos de descascarado de alta resistencia en su interior, que aplican presi\u00f3n de forma continua y uniforme para triturar y quitar las c\u00e1scaras de las nueces, logrando un descascarado altamente efectivo.<\/li>    <li><strong>Amplio rango de aplicaciones<\/strong>: Para clientes que procesan m\u00faltiples tipos de nueces simult\u00e1neamente, esta m\u00e1quina puede manejar el descascarado de varias materias primas sin necesidad de cambios frecuentes de modelo.<\/li>    <li><strong>Mayor duraci\u00f3n del servicio<\/strong>: Con partes de contacto hechas de acero inoxidable 304, la m\u00e1quina cumple completamente con las normas de seguridad alimentaria. Adem\u00e1s, es robusta y duradera, asegurando una larga vida \u00fatil operativa.<\/li>    <li>R<strong>Precios razonables<\/strong>: Fabricamos y vendemos nuestras propias m\u00e1quinas de descascarar nueces de macadamia, por lo que nuestros precios son extremadamente competitivos.<\/li> <\/ol>    <figure class=\"wp-block-gallery has-nested-images columns-default is-cropped wp-block-gallery-2 is-layout-flex wp-block-gallery-is-layout-flex\"> <figure class=\"wp-block-image size-large\"><img loading=\"lazy\" decoding=\"async\" width=\"720\" height=\"540\" data-id=\"1661\" src=\"https:\/\/taizynut.com\/wp-content\/uploads\/2026\/04\/macadamia-nut-cracker-machine.webp\" alt=\"Descascador de nueces de macadamia\" class=\"wp-image-1661\" title=\"\" srcset=\"https:\/\/taizynut.com\/wp-content\/uploads\/2026\/04\/macadamia-nut-cracker-machine.webp 720w, https:\/\/taizynut.com\/wp-content\/uploads\/2026\/04\/macadamia-nut-cracker-machine-300x225.webp 300w, https:\/\/taizynut.com\/wp-content\/uploads\/2026\/04\/macadamia-nut-cracker-machine-16x12.webp 16w\" sizes=\"auto, (max-width: 720px) 100vw, 720px\" \/><figcaption class=\"wp-element-caption\">M\u00e1quina de descascarar nueces de macadamia<\/figcaption><\/figure>    <figure class=\"wp-block-image size-large\"><img loading=\"lazy\" decoding=\"async\" width=\"720\" height=\"540\" data-id=\"1662\" src=\"https:\/\/taizynut.com\/wp-content\/uploads\/2026\/04\/macadamia-nut-sheller-machine.webp\" alt=\"Descascador de nueces de macadamia\" class=\"wp-image-1662\" title=\"\" srcset=\"https:\/\/taizynut.com\/wp-content\/uploads\/2026\/04\/macadamia-nut-sheller-machine.webp 720w, https:\/\/taizynut.com\/wp-content\/uploads\/2026\/04\/macadamia-nut-sheller-machine-300x225.webp 300w, https:\/\/taizynut.com\/wp-content\/uploads\/2026\/04\/macadamia-nut-sheller-machine-16x12.webp 16w\" sizes=\"auto, (max-width: 720px) 100vw, 720px\" \/><figcaption class=\"wp-element-caption\">M\u00e1quina de descascarar nueces de macadamia<\/figcaption><\/figure> <\/figure>    <h2 class=\"wp-block-heading\"><strong>\u00bfPara qu\u00e9 escenarios es adecuada esta m\u00e1quina?<\/strong><\/h2>    <p>Nuestra m\u00e1quina de descascarar nueces de macadamia no se limita a las nueces de macadamia; es adecuada para procesar una amplia variedad de materias primas, incluyendo:<\/p>    <ul class=\"wp-block-list\"> <li>Almendras<\/li>    <li>Avellanas<\/li>    <li>Pacanas<\/li> <\/ul>   <div class=\"wp-block-image\"> <figure class=\"aligncenter size-full\"><img loading=\"lazy\" decoding=\"async\" width=\"720\" height=\"540\" src=\"https:\/\/taizynut.com\/wp-content\/uploads\/2026\/04\/application-of-macadamia-shelling-machine.webp\" alt=\"aplicaci\u00f3n de la m\u00e1quina de descascarar nueces de macadamia\" class=\"wp-image-1663\" title=\"\" srcset=\"https:\/\/taizynut.com\/wp-content\/uploads\/2026\/04\/application-of-macadamia-shelling-machine.webp 720w, https:\/\/taizynut.com\/wp-content\/uploads\/2026\/04\/application-of-macadamia-shelling-machine-300x225.webp 300w, https:\/\/taizynut.com\/wp-content\/uploads\/2026\/04\/application-of-macadamia-shelling-machine-16x12.webp 16w\" sizes=\"auto, (max-width: 720px) 100vw, 720px\" \/><figcaption class=\"wp-element-caption\">aplicaci\u00f3n de la m\u00e1quina de descascarar nueces de macadamia<\/figcaption><\/figure> <\/div>   <p class=\"translation-block\"><strong>Escenarios aplicables <strong>:<\/strong><\/strong><\/p>    <ul class=\"wp-block-list\"> <li>Plantas principales de procesamiento de nueces<\/li>    <li>Empresas de exportaci\u00f3n de alimentos<\/li>    <li>Proveedores de ingredientes para hornear<\/li> <\/ul>    <h2 class=\"wp-block-heading\"><strong>Par\u00e1metros t\u00e9cnicos de la m\u00e1quina de descascarar nueces de macadamia<\/strong><\/h2>    <figure class=\"wp-block-table\"><table><thead><tr><th>Art\u00edculo<\/th><th>Par\u00e1metro<\/th><\/tr><\/thead><tbody><tr><td>Fuerza<\/td><td>2.45kw<\/td><\/tr><tr><td>Voltaje<\/td><td>380V\/50Hz, trif\u00e1sico<\/td><\/tr><tr><td>Capacidad<\/td><td>300-400kg\/h<\/td><\/tr><tr><td>Tama\u00f1o de la m\u00e1quina<\/td><td>1650\u00d7800\u00d71200mm<\/td><\/tr><tr><td>Peso<\/td><td>280 kilos<\/td><\/tr><tr><td>Materiales adecuados<\/td><td>Nueces de macadamia, almendras, avellanas, pacanas<\/td><\/tr><\/tbody><\/table><figcaption class=\"wp-element-caption\">Especificaciones de la m\u00e1quina de descascarar nueces de macadamia<\/figcaption><\/figure>    <p class=\"translation-block\"><strong>Especificaciones t\u00e9cnicas:<\/strong><\/p>    <ul class=\"wp-block-list\"> <li>Nota 1: La tensi\u00f3n puede personalizarse para cumplir con los est\u00e1ndares de energ\u00eda locales.<\/li>    <li>Note 2: The machine&#8217;s construction materials can be customized according to specific requirements.<\/li>    <li>Nota 3: La separaci\u00f3n entre los rodillos es ajustable para adaptarse a diferentes tama\u00f1os de nueces, mejorando as\u00ed la eficiencia del descascarado y asegurando la integridad de los n\u00facleos.<\/li>    <li>Nota 4: La producci\u00f3n real puede variar dependiendo de factores como el tama\u00f1o de la nuez, dureza de la c\u00e1scara y otras variables.<\/li>    <li>Nota 5: Este equipo puede operar como unidad independiente o integrarse con separadores de n\u00facleo y c\u00e1scara, elevadores, m\u00e1quinas de clasificaci\u00f3n y sistemas de transporte para formar una l\u00ednea de producci\u00f3n completa de procesamiento de nueces.<\/li> <\/ul>    <figure class=\"wp-block-gallery has-nested-images columns-default is-cropped wp-block-gallery-3 is-layout-flex wp-block-gallery-is-layout-flex\"> <figure class=\"wp-block-image size-large\"><img loading=\"lazy\" decoding=\"async\" width=\"720\" height=\"540\" data-id=\"1664\" src=\"https:\/\/taizynut.com\/wp-content\/uploads\/2026\/04\/macadamia-nut-cracker.webp\" alt=\"macadamia nut cracker\" class=\"wp-image-1664\" title=\"\" srcset=\"https:\/\/taizynut.com\/wp-content\/uploads\/2026\/04\/macadamia-nut-cracker.webp 720w, https:\/\/taizynut.com\/wp-content\/uploads\/2026\/04\/macadamia-nut-cracker-300x225.webp 300w, https:\/\/taizynut.com\/wp-content\/uploads\/2026\/04\/macadamia-nut-cracker-16x12.webp 16w\" sizes=\"auto, (max-width: 720px) 100vw, 720px\" \/><figcaption class=\"wp-element-caption\">Descascador de nueces de macadamia<\/figcaption><\/figure>    <figure class=\"wp-block-image size-large\"><img loading=\"lazy\" decoding=\"async\" width=\"720\" height=\"540\" data-id=\"1665\" src=\"https:\/\/taizynut.com\/wp-content\/uploads\/2026\/04\/macadamia-nut-sheller.webp\" alt=\"macadamia nut sheller\" class=\"wp-image-1665\" title=\"\" srcset=\"https:\/\/taizynut.com\/wp-content\/uploads\/2026\/04\/macadamia-nut-sheller.webp 720w, https:\/\/taizynut.com\/wp-content\/uploads\/2026\/04\/macadamia-nut-sheller-300x225.webp 300w, https:\/\/taizynut.com\/wp-content\/uploads\/2026\/04\/macadamia-nut-sheller-16x12.webp 16w\" sizes=\"auto, (max-width: 720px) 100vw, 720px\" \/><figcaption class=\"wp-element-caption\">Descascador de nueces de macadamia<\/figcaption><\/figure> <\/figure>    <h2 class=\"wp-block-heading\"><strong>\u00bfC\u00f3mo funciona la m\u00e1quina de descascarar nueces de macadamia?<\/strong><\/h2>    <p>La m\u00e1quina de descascarar nueces de macadamia adopta principalmente una estructura de descascarado por extrusi\u00f3n de doble rodillo. Dentro de la m\u00e1quina, dos rodillos de descascarar giran en coordinaci\u00f3n para aplicar presi\u00f3n constante a las nueces, causando que la c\u00e1scara dura se agriete y se separe del n\u00facleo.<\/p>    <p>A diferencia del equipo de descascarado por impacto, este m\u00e9todo de extrusi\u00f3n crea una fuerza m\u00e1s controlada, lo que ayuda a reducir la rotura del n\u00facleo y mejorar la tasa de n\u00facleo completo.<\/p>    <p class=\"translation-block\"><strong>Proceso de trabajo<\/strong><\/p>    <p>Alimentaci\u00f3n \u2192 extrusi\u00f3n por rodillos para descascarar \u2192 descarga de n\u00facleo y c\u00e1scara<\/p>    <h2 class=\"wp-block-heading\"><strong>\u00bfC\u00f3mo elegir la m\u00e1quina adecuada para descascarar nueces de macadamia?<\/strong><\/h2>    <p>Al realizar una compra, recomendamos aplicar la siguiente l\u00f3gica de toma de decisiones:<\/p>    <p>Determinar la capacidad de procesamiento de materia prima \u2192 evaluar la tasa de integridad del n\u00facleo completo requerida \u2192 decidir si incorporar una m\u00e1quina de separaci\u00f3n.<\/p>    <p class=\"translation-block\"><strong>Recomendaciones de selecci\u00f3n:<\/strong><\/p>    <ul class=\"wp-block-list\"> <li><strong>N\u00facleos enteros de alta gama:<\/strong> Recomendamos combinar con una m\u00e1quina de separaci\u00f3n de c\u00e1scara y n\u00facleo.<\/li>    <li><strong>Lotes mezclados de diferentes tama\u00f1os<\/strong>: Recomendamos seleccionar un modelo con ajustes de separaci\u00f3n ajustables.<\/li>    <li><strong>Varias variedades de nueces<\/strong>: Priorizar m\u00e1quinas de descascarar nueces capaces de procesar una gama diversa de materias primas.<\/li> <\/ul>    <figure class=\"wp-block-gallery has-nested-images columns-default is-cropped wp-block-gallery-4 is-layout-flex wp-block-gallery-is-layout-flex\"> <figure class=\"wp-block-image size-large\"><img loading=\"lazy\" decoding=\"async\" width=\"720\" height=\"540\" data-id=\"1666\" src=\"https:\/\/taizynut.com\/wp-content\/uploads\/2026\/04\/macadamia-nut-shelling-machine.webp\" alt=\"M\u00e1quina de descascarar nueces de macadamia\" class=\"wp-image-1666\" title=\"\" srcset=\"https:\/\/taizynut.com\/wp-content\/uploads\/2026\/04\/macadamia-nut-shelling-machine.webp 720w, https:\/\/taizynut.com\/wp-content\/uploads\/2026\/04\/macadamia-nut-shelling-machine-300x225.webp 300w, https:\/\/taizynut.com\/wp-content\/uploads\/2026\/04\/macadamia-nut-shelling-machine-16x12.webp 16w\" sizes=\"auto, (max-width: 720px) 100vw, 720px\" \/><figcaption class=\"wp-element-caption\">M\u00e1quina de descascarar nueces de macadamia<\/figcaption><\/figure>    <figure class=\"wp-block-image size-large\"><img loading=\"lazy\" decoding=\"async\" width=\"720\" height=\"540\" data-id=\"1667\" src=\"https:\/\/taizynut.com\/wp-content\/uploads\/2026\/04\/macadamia-shelling-machine.webp\" alt=\"Nuestra m\u00e1quina de descascarar nueces de macadamia puede descascarar nueces de macadamia, avellanas y almendras a una tasa de 300\u2013400 kg\/h. Logra una tasa de descascarado del 98%.\" class=\"wp-image-1667\" title=\"\" srcset=\"https:\/\/taizynut.com\/wp-content\/uploads\/2026\/04\/macadamia-shelling-machine.webp 720w, https:\/\/taizynut.com\/wp-content\/uploads\/2026\/04\/macadamia-shelling-machine-300x225.webp 300w, https:\/\/taizynut.com\/wp-content\/uploads\/2026\/04\/macadamia-shelling-machine-16x12.webp 16w\" sizes=\"auto, (max-width: 720px) 100vw, 720px\" \/><figcaption class=\"wp-element-caption\">M\u00e1quina de descascarar nueces de macadamia<\/figcaption><\/figure> <\/figure>    <h2 class=\"wp-block-heading\"><strong>Preguntas frecuentes sobre la m\u00e1quina de descascarar nueces de macadamia<\/strong><\/h2>   <div id=\"rank-math-faq\" class=\"rank-math-block\"> <div class=\"rank-math-list\"> <div id=\"faq-question-1775185250166\" class=\"rank-math-list-item\"> <h3 class=\"rank-math-question\">\u00bfCu\u00e1les son las piezas de desgaste en esta m\u00e1quina?<\/h3> <div class=\"rank-math-answer\">  <p>La pieza de desgaste principal suele ser la pantalla. Dado que entra en contacto directo con las nueces crudas durante una operaci\u00f3n prolongada, requiere inspecci\u00f3n peri\u00f3dica.<\/p>  <\/div> <\/div> <div id=\"faq-question-1775185267116\" class=\"rank-math-list-item\"> <h3 class=\"rank-math-question\">\u00bfCu\u00e1l es la tasa de rotura del n\u00facleo?<\/h3> <div class=\"rank-math-answer\">  <p>Por lo general, es \u22643%. Los resultados reales dependen de factores espec\u00edficos como la variedad de nuez, dureza de la c\u00e1scara, contenido de humedad y uniformidad del tama\u00f1o.<\/p>  <\/div> <\/div> <div id=\"faq-question-1775185283349\" class=\"rank-math-list-item\"> <h3 class=\"rank-math-question\">\u00bfSe puede usar esta m\u00e1quina para procesar almendras y avellanas?<\/h3> <div class=\"rank-math-answer\">  <p>S\u00ed. Es adecuada para procesar nueces de macadamia, almendras, avellanas y pacanas.<\/p>  <\/div> <\/div> <div id=\"faq-question-1775185310683\" class=\"rank-math-list-item\"> <h3 class=\"rank-math-question\">\u00bfSe puede integrar en una l\u00ednea de procesamiento completa?<\/h3> <div class=\"rank-math-answer\">  <p>S\u00ed. Puede conectarse a equipos como separadores de n\u00facleo y c\u00e1scara, elevadores, m\u00e1quinas de clasificaci\u00f3n y m\u00e1quinas de embalaje para formar una l\u00ednea completa de descascarado y procesamiento de nueces.<\/p>  <\/div> <\/div> <div id=\"faq-question-1775185335860\" class=\"rank-math-list-item\"> <h3 class=\"rank-math-question\">\u00bfOfrecen otro equipo de procesamiento?<\/h3> <div class=\"rank-math-answer\">  <p class=\"translation-block\">S\u00ed, ofrecemos equipos como <a href=\"https:\/\/taizynut.com\/es\/product\/macadamia-nut-opening-machine\/\">m\u00e1quina de apertura de nueces de macadamia<\/a>, separadores de n\u00facleo y c\u00e1scara, y m\u00e1s.<\/p>  <\/div> <\/div> <\/div> <\/div>   <h2 class=\"wp-block-heading\"><strong>\u00bfQu\u00e9 afecta el precio de la descascaradora de nueces de macadamia?<\/strong><\/h2>    <p>Al comprar una m\u00e1quina de descascarar nueces de macadamia, el precio suele ser una consideraci\u00f3n principal para muchos clientes. En general, el costo de dicho equipo suele estar en el rango de aproximadamente 2.500 d\u00f3lares. Sin embargo, el precio espec\u00edfico est\u00e1 influenciado por una variedad de factores:<\/p>    <figure class=\"wp-block-table\"><table class=\"has-fixed-layout\"><thead><tr><th>Factor<\/th><th>Impacto en el precio<\/th><\/tr><\/thead><tbody><tr><td>Requisito de capacidad<\/td><td>Una mayor capacidad requiere una configuraci\u00f3n m\u00e1s robusta <br>capacidad de procesamiento, lo que conduce a un precio m\u00e1s alto<\/td><\/tr><tr><td>Material de la m\u00e1quina<\/td><td>Acero inoxidable 304 est\u00e1ndar; todo en acero inoxidable<br>afectar el costo<\/td><\/tr><tr><td>Materias primas adecuadas<\/td><td>Procesamiento solo de nueces de macadamia o m\u00faltiples nueces <br>como almendras, avellanas y pacanas requiere un <br>diferente precio<\/td><\/tr><tr><td>Personalizaci\u00f3n de voltaje<\/td><td>Procesamiento solo de nueces de macadamia o m\u00faltiples nueces <br>como almendras, avellanas y pacanas requiere un <br>diferente precio<\/td><\/tr><tr><td>Si se incluye el separador<\/td><td>Un solo descascarador cuesta menos que un <br>soluci\u00f3n combinada con un separador de n\u00facleo y c\u00e1scara<\/td><\/tr><tr><td>Est\u00e1ndar exportado<\/td><td>Empaque de madera, normas el\u00e9ctricas de exportaci\u00f3n y <br>las certificaciones especiales tambi\u00e9n pueden afectar el precio final <br>cotizaci\u00f3n<\/td><\/tr><\/tbody><\/table><figcaption class=\"wp-element-caption\">factores que influyen en el precio<\/figcaption><\/figure>    <h2 class=\"wp-block-heading\"><strong>\u00bfC\u00f3mo obtener una cotizaci\u00f3n precisa m\u00e1s r\u00e1pidamente?<\/strong><\/h2>    <p>Por favor, confirme los siguientes detalles antes de la cotizaci\u00f3n:<\/p>    <ul class=\"wp-block-list\"> <li>tipo de nuez<\/li>    <li>rango de tama\u00f1o de la nuez<\/li>    <li>capacidad objetivo<\/li>    <li>tensi\u00f3n local<\/li>    <li>si se necesita separaci\u00f3n de n\u00facleo y c\u00e1scara<\/li>    <li>si se requiere una l\u00ednea de procesamiento completa<\/li> <\/ul>    <p>Esto ayuda a ajustar la soluci\u00f3n m\u00e1s rentable y evitar inversiones innecesarias. Si desea obtener m\u00e1s detalles y precios sobre la m\u00e1quina de descascarar nueces de macadamia, \u00a1no dude en contactarnos en cualquier momento!<\/p>","protected":false},"excerpt":{"rendered":"<p>This article primarily introduces a macadamia nut shelling machine. This nut sheller is suitable for processing macadamia nuts, almonds, hazelnuts, and pecans. It boasts a production capacity of 300\u2013400 kg\/h and a shelling rate of 98%, making it a smart choice for nut processing enterprises.<\/p>","protected":false},"author":1,"featured_media":1668,"parent":0,"template":"","tags":[88,85],"product-type":[86],"class_list":["post-1660","product","type-product","status-publish","has-post-thumbnail","hentry","tag-macadamia","tag-macadamia-nut","product-type-macadamia-nut-processing-machine"],"_links":{"self":[{"href":"https:\/\/taizynut.com\/es\/wp-json\/wp\/v2\/product\/1660","targetHints":{"allow":["GET"]}}],"collection":[{"href":"https:\/\/taizynut.com\/es\/wp-json\/wp\/v2\/product"}],"about":[{"href":"https:\/\/taizynut.com\/es\/wp-json\/wp\/v2\/types\/product"}],"author":[{"embeddable":true,"href":"https:\/\/taizynut.com\/es\/wp-json\/wp\/v2\/users\/1"}],"wp:featuredmedia":[{"embeddable":true,"href":"https:\/\/taizynut.com\/es\/wp-json\/wp\/v2\/media\/1668"}],"wp:attachment":[{"href":"https:\/\/taizynut.com\/es\/wp-json\/wp\/v2\/media?parent=1660"}],"wp:term":[{"taxonomy":"post_tag","embeddable":true,"href":"https:\/\/taizynut.com\/es\/wp-json\/wp\/v2\/tags?post=1660"},{"taxonomy":"product-type","embeddable":true,"href":"https:\/\/taizynut.com\/es\/wp-json\/wp\/v2\/product-type?post=1660"}],"curies":[{"name":"wp","href":"https:\/\/api.w.org\/{rel}","templated":true}]}}