{"id":167,"date":"2022-08-26T08:13:15","date_gmt":"2022-08-26T08:13:15","guid":{"rendered":"https:\/\/taizynut.com\/?post_type=product&#038;p=167"},"modified":"2024-12-23T11:32:14","modified_gmt":"2024-12-23T03:32:14","slug":"six-row-peanut-seeder","status":"publish","type":"product","link":"https:\/\/taizynut.com\/es\/product\/six-row-peanut-seeder\/","title":{"rendered":"Sembradora de man\u00ed de seis hileras | sembradora de man\u00ed"},"content":{"rendered":"<p class=\"translation-block\">Una sembradora de cacahuetes de seis hileras es una m\u00e1quina para sembrar cacahuetes. La caracter\u00edstica m\u00e1s destacada es que puede lograr la siembra en seis hileras al mismo tiempo, lo que mejora la eficiencia de la siembra de cacahuetes. Es especialmente adecuada para la siembra a gran escala. Al sembrar en la plantadora de cacahuetes, puede cubrir el suelo, cubrir con pl\u00e1stico y fertilizar. Es adecuada para suelos arenosos\/suaves (sin piedras), y beneficia los resultados de las segundas v\u00e9rtebras con cacahuetes, aumentando el rendimiento en aproximadamente un 10%. Hay <a href=\"https:\/\/taizynut.com\/es\/product\/peanut-planting-machine\/\" data-type=\"URL\" data-id=\"https:\/\/taizynut.com\/product\/peanut-planting-machine\/\">diferentes modelos de plantadoras de cacahuetes<\/a>, este es el modelo m\u00e1s grande.<\/p>    <h2 class=\"wp-block-heading\" id=\"h-how-to-set-the-seeding-depth\">\u00bfC\u00f3mo configurar la profundidad de siembra de man\u00ed?<\/h2>   <div class=\"wp-block-image\"> <figure class=\"aligncenter size-full\"><img loading=\"lazy\" decoding=\"async\" width=\"720\" height=\"540\" src=\"https:\/\/taizynut.com\/wp-content\/uploads\/2022\/08\/Six-row-peanut-seeder-working.webp\" alt=\"Sembradora de man\u00ed de seis hileras en funcionamiento\" class=\"wp-image-170\" title=\"\" srcset=\"https:\/\/taizynut.com\/wp-content\/uploads\/2022\/08\/Six-row-peanut-seeder-working.webp 720w, https:\/\/taizynut.com\/wp-content\/uploads\/2022\/08\/Six-row-peanut-seeder-working-300x225.webp 300w\" sizes=\"auto, (max-width: 720px) 100vw, 720px\" \/><figcaption>Sembradora de man\u00ed de seis hileras en funcionamiento<\/figcaption><\/figure> <\/div>   <p class=\"translation-block\">La profundidad de siembra de los cacahuetes en cada regi\u00f3n es diferente. Despu\u00e9s de comprar una plantadora de cacahuetes, la profundidad de siembra se puede ajustar. La profundidad de siembra general es de 30mm-0mm. <a href=\"https:\/\/en.wikipedia.org\/wiki\/Sowing\" data-type=\"URL\" data-id=\"https:\/\/en.wikipedia.org\/wiki\/Sowing\" target=\"_blank\" rel=\"noopener\">La siembra<\/a> demasiado profunda no es favorable para la emergencia de los cacahuetes, y la siembra demasiado superficial no es favorable para que los cacahuetes echen ra\u00edces. La sembradora de cacahuetes ajustable asegura que la tasa de emergencia de los cacahuetes alcance el 95%, lo que es m\u00e1s adecuado para diversos terrenos y suelos complejos.<\/p>    <h2 class=\"wp-block-heading\">Estructura de la sembradora de man\u00ed<\/h2>   <div class=\"wp-block-image\"> <figure class=\"aligncenter size-full\"><img loading=\"lazy\" decoding=\"async\" width=\"720\" height=\"540\" src=\"https:\/\/taizynut.com\/wp-content\/uploads\/2022\/08\/groundnut-seed-drill.webp\" alt=\"sembradora de man\u00ed\" class=\"wp-image-171\" title=\"\" srcset=\"https:\/\/taizynut.com\/wp-content\/uploads\/2022\/08\/groundnut-seed-drill.webp 720w, https:\/\/taizynut.com\/wp-content\/uploads\/2022\/08\/groundnut-seed-drill-300x225.webp 300w\" sizes=\"auto, (max-width: 720px) 100vw, 720px\" \/><figcaption>sembradora de man\u00ed<\/figcaption><\/figure> <\/div>   <p>La sembradora de man\u00ed se compone de ruedas de goma m\u00f3viles, abridores de semillas con caja de cambios, cajas de semillas para fertilizantes, brazos de soporte hidr\u00e1ulicos, etc. Hay seis cajas de semillas para la sembradora de man\u00ed de seis hileras. Para diferentes tipos de sembradoras de man\u00ed, las ruedas de goma y las cajas de semillas son diferentes. Cuanto m\u00e1s grande sea el modelo, m\u00e1s ancha ser\u00e1 la m\u00e1quina. Se pueden sembrar seis hileras a la vez y la eficiencia del trabajo de la siembra de man\u00ed en grandes superficies es mayor.<\/p>    <h2 class=\"wp-block-heading\">Par\u00e1metros de la sembradora de man\u00ed. <\/h2>   <div class=\"wp-block-image\"> <figure class=\"aligncenter size-full\"><img loading=\"lazy\" decoding=\"async\" width=\"720\" height=\"540\" src=\"https:\/\/taizynut.com\/wp-content\/uploads\/2022\/08\/groundnut-seed-drill-machine.webp\" alt=\"sembradora de semillas de man\u00ed\" class=\"wp-image-172\" title=\"\" srcset=\"https:\/\/taizynut.com\/wp-content\/uploads\/2022\/08\/groundnut-seed-drill-machine.webp 720w, https:\/\/taizynut.com\/wp-content\/uploads\/2022\/08\/groundnut-seed-drill-machine-300x225.webp 300w\" sizes=\"auto, (max-width: 720px) 100vw, 720px\" \/><figcaption>sembradora de semillas de man\u00ed<\/figcaption><\/figure> <\/div>   <p>Dimensiones: largo 2010 \u00d7 ancho 1600 \u00d7 alto 980 mm<br>Interlineado: 30-35 (ajustable)<br>Ancho de trabajo: 1400mm<br>Funci\u00f3n: fertilizaci\u00f3n, siembra.<br>Potencia de soporte: tractor de 33,5-45 kw<br>Aplicaci\u00f3n: Siembra en terreno llano<br>Caracter\u00edsticas: Siembra en seis hileras.<\/p>    <h2 class=\"wp-block-heading\">Ventajas de la sembradora de man\u00ed<\/h2>   <div class=\"wp-block-image\"> <figure class=\"aligncenter size-full\"><img loading=\"lazy\" decoding=\"async\" width=\"720\" height=\"540\" src=\"https:\/\/taizynut.com\/wp-content\/uploads\/2022\/08\/groundnut-seed-drill-machine-1.webp\" alt=\"sembradora de semillas de man\u00ed\" class=\"wp-image-173\" title=\"\" srcset=\"https:\/\/taizynut.com\/wp-content\/uploads\/2022\/08\/groundnut-seed-drill-machine-1.webp 720w, https:\/\/taizynut.com\/wp-content\/uploads\/2022\/08\/groundnut-seed-drill-machine-1-300x225.webp 300w\" sizes=\"auto, (max-width: 720px) 100vw, 720px\" \/><figcaption>sembradora de semillas de man\u00ed<\/figcaption><\/figure> <\/div>   <ul class=\"wp-block-list\"><li>La sembradora de man\u00ed se alimenta de manera uniforme. Las pl\u00e1ntulas de man\u00ed crecen de manera m\u00e1s uniforme, lo que favorece el crecimiento del man\u00ed.<\/li><li>Estructura simple. La sembradora de man\u00ed tiene una estructura simple, funciones potentes, pocas fallas y f\u00e1cil depuraci\u00f3n.<\/li><li>Una m\u00e1quina es multiprop\u00f3sito, puede sembrar man\u00ed y tambi\u00e9n otros granos como ma\u00edz.<\/li><\/ul>    <h2 class=\"wp-block-heading\">\u00bfC\u00f3mo utilizar la sembradora de man\u00ed?<\/h2>    <figure class=\"wp-block-gallery has-nested-images columns-default is-cropped wp-block-gallery-2 is-layout-flex wp-block-gallery-is-layout-flex\"> <figure class=\"wp-block-image size-large\"><img loading=\"lazy\" decoding=\"async\" width=\"720\" height=\"540\" data-id=\"174\" src=\"https:\/\/taizynut.com\/wp-content\/uploads\/2022\/08\/groundnut-seed-drill-machine-2.webp\" alt=\"sembradora de semillas de man\u00ed\" class=\"wp-image-174\" title=\"\" srcset=\"https:\/\/taizynut.com\/wp-content\/uploads\/2022\/08\/groundnut-seed-drill-machine-2.webp 720w, https:\/\/taizynut.com\/wp-content\/uploads\/2022\/08\/groundnut-seed-drill-machine-2-300x225.webp 300w\" sizes=\"auto, (max-width: 720px) 100vw, 720px\" \/><figcaption>M\u00e1quina sembradora de man\u00ed<\/figcaption><\/figure>    <figure class=\"wp-block-image size-large\"><img loading=\"lazy\" decoding=\"async\" width=\"470\" height=\"290\" data-id=\"175\" src=\"https:\/\/taizynut.com\/wp-content\/uploads\/2022\/08\/groundnut-seed-drill-1.webp\" alt=\"sembradora de man\u00ed\" class=\"wp-image-175\" title=\"\" srcset=\"https:\/\/taizynut.com\/wp-content\/uploads\/2022\/08\/groundnut-seed-drill-1.webp 470w, https:\/\/taizynut.com\/wp-content\/uploads\/2022\/08\/groundnut-seed-drill-1-300x185.webp 300w\" sizes=\"auto, (max-width: 470px) 100vw, 470px\" \/><figcaption>Sembradora de man\u00ed<\/figcaption><\/figure> <\/figure>    <ol class=\"wp-block-list\"><li>Antes de la operaci\u00f3n, todas las piezas de las sembradoras de man\u00ed deben ajustarse de acuerdo con los requisitos de la operaci\u00f3n y se debe realizar una prueba al voleo. Los abridores y discos izquierdo y derecho deben prestar atenci\u00f3n al equilibrio de resistencia para evitar el desplazamiento izquierdo y derecho.<\/li><li>Antes de colocar la pel\u00edcula, es necesario retirarla una secci\u00f3n. Las ruedas prensadoras de pel\u00edcula de ambos lados deben presionarse contra ambos lados de la pel\u00edcula. El inicio de la pel\u00edcula debe compactarse con tierra. Al llegar al suelo se debe cortar manualmente la pel\u00edcula y enterrar el terminal.<\/li><li>Durante la operaci\u00f3n, el distribuidor hidr\u00e1ulico del tractor debe moverse a la posici\u00f3n flotante para mantener una velocidad de avance estable del tractor y no ser r\u00e1pido ni lento.<\/li><li>Ajuste de la vertedera: Ajuste la columna de la vertedera y la altura de la vertedera sea adecuada para raspar la superficie del suelo seco.<\/li><li>Ajuste de la profundidad de siembra: el tornillo de avance del abridor de siembra se puede girar para ajustar la profundidad de siembra, y la profundidad de siembra debe ser de 20 a 40 mm.<\/li><li>Ajuste del espaciado entre hileras de semillas: la viga del marco est\u00e1 equipada con un ajustador de espaciado entre hileras, que se puede mover hacia la izquierda y hacia la derecha, y el espaciado entre hileras se puede ajustar a 280~1000 mm.<\/li><li>Ajuste del espacio entre semillas: La rueda de tierra est\u00e1 dise\u00f1ada como seis deslizadores circulares del mismo tama\u00f1o. Los cursores est\u00e1n provistos de orificios deslizantes longitudinales. Ampliar la circunferencia de la rueda de tierra hacia afuera aumentar\u00e1 el espacio entre plantas; de lo contrario, se reducir\u00e1.<\/li><\/ol>","protected":false},"excerpt":{"rendered":"<p>Una sembradora de man\u00ed de seis hileras es una m\u00e1quina para sembrar man\u00ed. La caracter\u00edstica m\u00e1s importante es que puede lograr la siembra en seis hileras al mismo tiempo, lo que mejora la eficiencia de la siembra de man\u00ed.<\/p>","protected":false},"author":1,"featured_media":169,"parent":0,"template":"","tags":[51,21,11],"product-type":[5],"class_list":["post-167","product","type-product","status-publish","has-post-thumbnail","hentry","tag-peanut-planting","tag-peanut-planting-mahcine","tag-peanut-seeder","product-type-peanut-planter"],"_links":{"self":[{"href":"https:\/\/taizynut.com\/es\/wp-json\/wp\/v2\/product\/167","targetHints":{"allow":["GET"]}}],"collection":[{"href":"https:\/\/taizynut.com\/es\/wp-json\/wp\/v2\/product"}],"about":[{"href":"https:\/\/taizynut.com\/es\/wp-json\/wp\/v2\/types\/product"}],"author":[{"embeddable":true,"href":"https:\/\/taizynut.com\/es\/wp-json\/wp\/v2\/users\/1"}],"wp:featuredmedia":[{"embeddable":true,"href":"https:\/\/taizynut.com\/es\/wp-json\/wp\/v2\/media\/169"}],"wp:attachment":[{"href":"https:\/\/taizynut.com\/es\/wp-json\/wp\/v2\/media?parent=167"}],"wp:term":[{"taxonomy":"post_tag","embeddable":true,"href":"https:\/\/taizynut.com\/es\/wp-json\/wp\/v2\/tags?post=167"},{"taxonomy":"product-type","embeddable":true,"href":"https:\/\/taizynut.com\/es\/wp-json\/wp\/v2\/product-type?post=167"}],"curies":[{"name":"wp","href":"https:\/\/api.w.org\/{rel}","templated":true}]}}