{"id":25,"date":"2022-08-24T10:04:55","date_gmt":"2022-08-24T10:04:55","guid":{"rendered":"https:\/\/taizynut.com\/?post_type=product&#038;p=25"},"modified":"2024-06-06T11:44:20","modified_gmt":"2024-06-06T03:44:20","slug":"peanut-planting-machine","status":"publish","type":"product","link":"https:\/\/taizynut.com\/es\/product\/peanut-planting-machine\/","title":{"rendered":"M\u00e1quina sembradora de man\u00ed accionada por tractor para la siembra de semillas de man\u00ed"},"content":{"rendered":"<p class=\"translation-block\">La <strong>sembradora de cacahuete<\/strong> se utiliza para la siembra de semillas de cacahuete en los campos, accionada por un tractor de 4 ruedas, con una capacidad de 0,5-3,2 acres\/h. Al combinar excavaci\u00f3n, fertilizaci\u00f3n, siembra y cobertura del suelo, esta m\u00e1quina puede completar la fertilizaci\u00f3n y la siembra a la vez.<\/p>    <p>Esta m\u00e1quina tiene una alta tasa de siembra de &gt;98% y est\u00e1 disponible en varios modelos para su elecci\u00f3n, como 2 hileras, 4 hileras, 6 hileras, 8 hileras o incluso m\u00e1s hileras, seg\u00fan sus necesidades.<\/p>   <div class=\"wp-block-image\"> <figure class=\"aligncenter size-full\"><img loading=\"lazy\" decoding=\"async\" width=\"720\" height=\"540\" src=\"https:\/\/taizynut.com\/wp-content\/uploads\/2022\/08\/Peanut-Planting-Machine.webp\" alt=\"M\u00e1quina para plantar man\u00ed\" class=\"wp-image-34\" title=\"\" srcset=\"https:\/\/taizynut.com\/wp-content\/uploads\/2022\/08\/Peanut-Planting-Machine.webp 720w, https:\/\/taizynut.com\/wp-content\/uploads\/2022\/08\/Peanut-Planting-Machine-300x225.webp 300w\" sizes=\"auto, (max-width: 720px) 100vw, 720px\" \/><figcaption class=\"wp-element-caption\">M\u00e1quina para plantar man\u00ed<\/figcaption><\/figure> <\/div>   <p> Con alta eficiencia, personalizaci\u00f3n y configuraci\u00f3n flexible, la sembradora de man\u00ed es muy \u00fatil para granjas que cultivan man\u00ed con grandes rendimientos. <\/p>    <figure class=\"wp-block-embed is-type-video is-provider-youtube wp-block-embed-youtube wp-embed-aspect-16-9 wp-has-aspect-ratio\"><div class=\"wp-block-embed__wrapper\"> <iframe loading=\"lazy\" title=\"\u00bfC\u00f3mo funciona la sembradora de man\u00ed? M\u00e1quina plantadora de man\u00ed con acolchado y aporcaci\u00f3n.\" width=\"500\" height=\"281\" src=\"https:\/\/www.youtube.com\/embed\/UREj8R5QF4A?feature=oembed\" frameborder=\"0\" allow=\"accelerometer; autoplay; clipboard-write; encrypted-media; gyroscope; picture-in-picture; web-share\" referrerpolicy=\"strict-origin-when-cross-origin\" allowfullscreen><\/iframe> <\/div><figcaption class=\"wp-element-caption\">Video de trabajo del equipo de siembra de man\u00ed impulsado por tractor. <\/figcaption><\/figure>    <h2 class=\"wp-block-heading\"><strong>Ventajas del equipo de siembra de man\u00ed.<\/strong><\/h2>    <ul class=\"wp-block-list\"> <li><strong>Capacidad de 0,5-3,2 acres\/h<\/strong>: Nuestra sembradora de man\u00ed puede plantar m\u00e1s campos en una hora, lo que le ayuda a mejorar la eficiencia agr\u00edcola.<\/li>    <li><strong>Aumento de la tasa de aparici\u00f3n de 10%<\/strong>: En comparaci\u00f3n con otros m\u00e9todos de siembra, usar nuestra sembradora de man\u00ed puede mejorar la tasa de emergencia y vale la pena para usted.<\/li>    <li><strong>Funciones diversas:<\/strong> La m\u00e1quina puede realizar diversas funciones, como fertilizaci\u00f3n, acolchado con pel\u00edcula, surcos y acolchado del suelo.<\/li>    <li><strong>Distancia entre plantas ajustable<\/strong>: Al ajustar el mango, puede ajustar el espacio entre plantas que desee.<\/li> <\/ul>   <div class=\"wp-block-image\"> <figure class=\"aligncenter size-full\"><img loading=\"lazy\" decoding=\"async\" width=\"720\" height=\"540\" src=\"https:\/\/taizynut.com\/wp-content\/uploads\/2022\/08\/Corn-field-peanut-sowing.webp\" alt=\"Siembra de man\u00ed en campo de ma\u00edz\" class=\"wp-image-32\" title=\"\" srcset=\"https:\/\/taizynut.com\/wp-content\/uploads\/2022\/08\/Corn-field-peanut-sowing.webp 720w, https:\/\/taizynut.com\/wp-content\/uploads\/2022\/08\/Corn-field-peanut-sowing-300x225.webp 300w\" sizes=\"auto, (max-width: 720px) 100vw, 720px\" \/><figcaption class=\"wp-element-caption\">Siembra de man\u00ed en maizal<\/figcaption><\/figure> <\/div>   <h2 class=\"wp-block-heading\"><strong>Par\u00e1metros de la sembradora de man\u00ed a la venta.<\/strong><\/h2>    <figure class=\"wp-block-table\"><table><tbody><tr><td>Modelo<\/td><td>2BHMF-2<\/td><td>2BHMF-4<\/td><td>2BHMF-6<\/td><\/tr><tr><td>Poder igualado<\/td><td>20-40 CV<\/td><td>40-70 CV<\/td><td>60-90 CV<\/td><\/tr><tr><td>Tama\u00f1o<\/td><td>2940\u00d71200\u00d71300mm<\/td><td>2940\u00d71600\u00d71300mm<\/td><td>2940\u00d71900\u00d71300mm<\/td><\/tr><tr><td>Peso<\/td><td>180 kilos<\/td><td>350 kilos<\/td><td>450 kilos<\/td><\/tr><tr><td>Capacidad de la caja de semillas<\/td><td>10kg *2<\/td><td>10kg *4<\/td><td>10kg *6<\/td><\/tr><tr><td>No. de filas<\/td><td>2<\/td><td>4<\/td><td>6<\/td><\/tr><tr><td>espacio de filas<\/td><td>300-350 mm<\/td><td>300-350 mm<\/td><td>300-350 mm<\/td><\/tr><tr><td>espacio de semilla<\/td><td>80-300 mm<\/td><td>80-300 mm<\/td><td>80-300 mm<\/td><\/tr><tr><td>Productividad<\/td><td>0,5-0,8 acres\/h<\/td><td>0,8-1,6 acres\/h<\/td><td>1,6-3,2 acres\/h<\/td><\/tr><tr><td>Tasa de siembra<\/td><td>&gt;98%<\/td><td>&gt;98%<\/td><td>&gt;98%<\/td><\/tr><\/tbody><\/table><figcaption class=\"wp-element-caption\">Par\u00e1metros del equipo de siembra de man\u00ed.<\/figcaption><\/figure>    <p>En funci\u00f3n de los par\u00e1metros anteriores, combinados con sus necesidades reales, podr\u00e1 elegir la sembradora de man\u00ed m\u00e1s adecuada para usted.<\/p>    <p>Por ejemplo, si tiene un presupuesto limitado y desea plantar man\u00ed en lotes, entonces la sembradora de man\u00ed de 4 hileras es la m\u00e1s adecuada para usted.<\/p>   <div class=\"wp-block-image\"> <figure class=\"aligncenter size-full\"><img loading=\"lazy\" decoding=\"async\" width=\"720\" height=\"540\" src=\"https:\/\/taizynut.com\/wp-content\/uploads\/2022\/08\/groundnut-sowing-machine.webp\" alt=\"sembradora de man\u00ed\" class=\"wp-image-36\" title=\"\" srcset=\"https:\/\/taizynut.com\/wp-content\/uploads\/2022\/08\/groundnut-sowing-machine.webp 720w, https:\/\/taizynut.com\/wp-content\/uploads\/2022\/08\/groundnut-sowing-machine-300x225.webp 300w\" sizes=\"auto, (max-width: 720px) 100vw, 720px\" \/><figcaption class=\"wp-element-caption\">sembradora de man\u00ed<\/figcaption><\/figure> <\/div>   <h2 class=\"wp-block-heading\"><strong>Tipos de sembradoras de man\u00ed<\/strong><\/h2>    <h3 class=\"wp-block-heading\"><strong>Sembradora de man\u00ed de dos hileras<\/strong><\/h3>    <div class=\"wp-block-media-text alignwide is-stacked-on-mobile\"><figure class=\"wp-block-media-text__media\"><img loading=\"lazy\" decoding=\"async\" width=\"720\" height=\"540\" src=\"https:\/\/taizynut.com\/wp-content\/uploads\/2022\/08\/Two-row-groundnut-sowing-machine.webp\" alt=\"Sembradora de man\u00ed de dos hileras\" class=\"wp-image-28 size-full\" title=\"\" srcset=\"https:\/\/taizynut.com\/wp-content\/uploads\/2022\/08\/Two-row-groundnut-sowing-machine.webp 720w, https:\/\/taizynut.com\/wp-content\/uploads\/2022\/08\/Two-row-groundnut-sowing-machine-300x225.webp 300w\" sizes=\"auto, (max-width: 720px) 100vw, 720px\" \/><\/figure><div class=\"wp-block-media-text__content\"> <p>Una m\u00e1quina sembradora de man\u00ed de dos hileras es una m\u00e1quina que puede sembrar dos hileras de man\u00ed a la vez. La eficiencia de trabajo de la m\u00e1quina es de 0,5 a 0,8 acres\/h y la tasa de siembra es superior a 98%.<\/p> <\/div><\/div>    <h3 class=\"wp-block-heading\"><strong>Sembradora de man\u00ed de cuatro hileras<\/strong><\/h3>    <div class=\"wp-block-media-text alignwide has-media-on-the-right is-stacked-on-mobile\"><div class=\"wp-block-media-text__content\"> <p>La sembradora de man\u00ed de 4 hileras es una m\u00e1quina que puede sembrar cuatro hileras a la vez, y la eficiencia de trabajo de la siembra de man\u00ed de cuatro hileras es de 0,8 a 1,6 acres\/h. La tasa de siembra es superior a 98%.<\/p> <\/div><figure class=\"wp-block-media-text__media\"><img loading=\"lazy\" decoding=\"async\" width=\"720\" height=\"540\" src=\"https:\/\/taizynut.com\/wp-content\/uploads\/2022\/08\/Four-row-peanut-planter.webp\" alt=\"Sembradora de man\u00ed de cuatro hileras\" class=\"wp-image-29 size-full\" title=\"\" srcset=\"https:\/\/taizynut.com\/wp-content\/uploads\/2022\/08\/Four-row-peanut-planter.webp 720w, https:\/\/taizynut.com\/wp-content\/uploads\/2022\/08\/Four-row-peanut-planter-300x225.webp 300w\" sizes=\"auto, (max-width: 720px) 100vw, 720px\" \/><\/figure><\/div>    <h3 class=\"wp-block-heading\"><strong>M\u00e1quina sembradora de man\u00ed de seis hileras<\/strong><\/h3>    <div class=\"wp-block-media-text alignwide is-stacked-on-mobile\"><figure class=\"wp-block-media-text__media\"><img loading=\"lazy\" decoding=\"async\" width=\"720\" height=\"540\" src=\"https:\/\/taizynut.com\/wp-content\/uploads\/2022\/08\/Four-row-peanut-planter.webp\" alt=\"Sembradora de man\u00ed de cuatro hileras\" class=\"wp-image-29 size-full\" title=\"\" srcset=\"https:\/\/taizynut.com\/wp-content\/uploads\/2022\/08\/Four-row-peanut-planter.webp 720w, https:\/\/taizynut.com\/wp-content\/uploads\/2022\/08\/Four-row-peanut-planter-300x225.webp 300w\" sizes=\"auto, (max-width: 720px) 100vw, 720px\" \/><\/figure><div class=\"wp-block-media-text__content\"> <p>Una sembradora de man\u00ed de seis hileras es una m\u00e1quina que puede sembrar seis hileras a la vez. La eficiencia de la m\u00e1quina es de 1,6 a 3,2 acres\/h. Es el modelo m\u00e1s grande de sembradora de man\u00ed de nuestra empresa. La tasa de siembra de man\u00ed es superior a 98%.<\/p> <\/div><\/div>    <h2 class=\"wp-block-heading\"><strong>\u00bfPor qu\u00e9 utilizar la m\u00e1quina sembradora de man\u00ed?<\/strong><\/h2>    <p>En la actualidad, muchos pa\u00edses tienen las caracter\u00edsticas de grandes superficies de siembra y est\u00e1n muy ocupados durante las \u00e9pocas de siembra y cosecha. Sin embargo, el per\u00edodo de siembra del man\u00ed es generalmente de unos diez d\u00edas. Pasar el tiempo de siembra del man\u00ed en estos d\u00edas puede provocar un retraso en el crecimiento y los resultados del man\u00ed. <\/p>    <p>Y el man\u00ed generalmente necesita ser fertilizado antes de sembrarlo, lo que requiere una variedad de trabajos al mismo tiempo. Estos trabajos se pueden realizar r\u00e1pidamente con una sembradora de man\u00ed. Al plantar man\u00ed, la m\u00e1quina puede sembrar semillas con precisi\u00f3n y guardar semillas de man\u00ed. La recolecci\u00f3n del man\u00ed tambi\u00e9n es una parte importante. <\/p>    <p class=\"translation-block\">Nuestra empresa tambi\u00e9n dispone de <a href=\"https:\/\/taizynut.com\/es\/product\/peanut-harvesting-machine\/\" data-type=\"URL\" data-id=\"https:\/\/taizynut.com\/product\/peanut-harvesting-machine\/\">m\u00e1quinas cosechadoras de cacahuete<\/a>, que pueden extraer r\u00e1pidamente los cacahuetes del suelo cuando se cosechan.<\/p>   <div class=\"wp-block-image\"> <figure class=\"aligncenter size-full\"><img loading=\"lazy\" decoding=\"async\" width=\"720\" height=\"540\" src=\"https:\/\/taizynut.com\/wp-content\/uploads\/2022\/08\/Peanut-planter-effect-display.webp\" alt=\"Exhibici\u00f3n de efecto de jardinera de man\u00ed.\" class=\"wp-image-31\" title=\"\" srcset=\"https:\/\/taizynut.com\/wp-content\/uploads\/2022\/08\/Peanut-planter-effect-display.webp 720w, https:\/\/taizynut.com\/wp-content\/uploads\/2022\/08\/Peanut-planter-effect-display-300x225.webp 300w\" sizes=\"auto, (max-width: 720px) 100vw, 720px\" \/><figcaption class=\"wp-element-caption\">Exhibici\u00f3n de efecto de jardinera de man\u00ed.<\/figcaption><\/figure> <\/div>   <h2 class=\"wp-block-heading\">El papel del sembrador de man\u00ed<\/h2>    <p>La funci\u00f3n principal de la m\u00e1quina sembradora de man\u00ed es completar eficientemente el trabajo de siembra de man\u00ed, pero la sembradora de man\u00ed tambi\u00e9n tiene funciones como fertilizaci\u00f3n y acolchado, y el espacio entre hileras de siembra de man\u00ed se puede ajustar de forma independiente. <\/p>    <p>El ajuste convencional es 300-350 mm, que se considera plenamente. a las diferencias en los h\u00e1bitos de siembra en diversas regiones.<\/p>   <div class=\"wp-block-image\"> <figure class=\"aligncenter size-full\"><img loading=\"lazy\" decoding=\"async\" width=\"720\" height=\"540\" src=\"https:\/\/taizynut.com\/wp-content\/uploads\/2022\/08\/Peanut-Planting-Machine-Details.webp\" alt=\"Detalles de la m\u00e1quina plantadora de man\u00ed\" class=\"wp-image-35\" title=\"\" srcset=\"https:\/\/taizynut.com\/wp-content\/uploads\/2022\/08\/Peanut-Planting-Machine-Details.webp 720w, https:\/\/taizynut.com\/wp-content\/uploads\/2022\/08\/Peanut-Planting-Machine-Details-300x225.webp 300w\" sizes=\"auto, (max-width: 720px) 100vw, 720px\" \/><figcaption class=\"wp-element-caption\">Detalles de la m\u00e1quina plantadora de man\u00ed<\/figcaption><\/figure> <\/div>   <h2 class=\"wp-block-heading\" id=\"h-workflow-of-the-peanut-planting-machine\">Flujo de trabajo de la m\u00e1quina sembradora de man\u00ed.<\/h2>    <p>El proceso de siembra de man\u00ed consiste en llenar primero la caja de desechos con desechos, la pala de la m\u00e1quina excavar\u00e1 y el fertilizante se enterrar\u00e1 en el suelo. <\/p>    <p>Luego, las semillas de man\u00ed se filtrar\u00e1n en el balde, caer\u00e1n en el hueco excavado y finalmente ser\u00e1n enterradas. La m\u00e1quina sembradora de man\u00ed debe estar equipada con un tractor de 33,5-45 kw. La jardinera es muy adaptable y se puede ajustar de forma flexible. Al trabajar, se puede ajustar el ancho de la siembra, es decir, el espacio entre hileras de la sembradora de man\u00ed, y tambi\u00e9n se puede ajustar la profundidad de la sembradora. <\/p>    <p>La profundidad de siembra del man\u00ed se puede ajustar de acuerdo con las caracter\u00edsticas y la experiencia locales de siembra de man\u00ed.<\/p>   <div class=\"wp-block-image\"> <figure class=\"aligncenter size-full\"><img loading=\"lazy\" decoding=\"async\" width=\"720\" height=\"540\" src=\"https:\/\/taizynut.com\/wp-content\/uploads\/2022\/08\/Six-Row-Peanut-Planting-Machin-e-Working.webp\" alt=\"M\u00e1quina sembradora de man\u00ed de seis hileras en funcionamiento\" class=\"wp-image-33\" title=\"\" srcset=\"https:\/\/taizynut.com\/wp-content\/uploads\/2022\/08\/Six-Row-Peanut-Planting-Machin-e-Working.webp 720w, https:\/\/taizynut.com\/wp-content\/uploads\/2022\/08\/Six-Row-Peanut-Planting-Machin-e-Working-300x225.webp 300w\" sizes=\"auto, (max-width: 720px) 100vw, 720px\" \/><figcaption class=\"wp-element-caption\">Sembradora de man\u00ed de seis hileras funcionando<\/figcaption><\/figure> <\/div>   <h2 class=\"wp-block-heading\"><strong>\u00a1Cont\u00e1ctenos para m\u00e1s detalles de la m\u00e1quina!<\/strong><\/h2>    <p>Si est\u00e1 interesado en una m\u00e1quina sembradora de man\u00ed, \u00a1p\u00f3ngase en contacto con nosotros para obtener m\u00e1s informaci\u00f3n sobre la m\u00e1quina!<\/p>    <p class=\"translation-block\">Y le guiaremos sobre c\u00f3mo pedir una sembradora de cacahuete adecuada para satisfacer su <a href=\"https:\/\/en.wikipedia.org\/wiki\/Peanut\" target=\"_blank\" rel=\"noopener\">cultivo de cacahuete<\/a>.<\/p>","protected":false},"excerpt":{"rendered":"<p>La m\u00e1quina sembradora de man\u00ed se utiliza para sembrar semillas de man\u00ed en los campos, con una capacidad de 0,5 a 3,2 acres\/h. Est\u00e1n disponibles 2 filas, 4 filas, 6 filas, etc.<\/p>","protected":false},"author":1,"featured_media":27,"parent":0,"template":"","tags":[45,51],"product-type":[5],"class_list":["post-25","product","type-product","status-publish","has-post-thumbnail","hentry","tag-peanut","tag-peanut-planting","product-type-peanut-planter"],"_links":{"self":[{"href":"https:\/\/taizynut.com\/es\/wp-json\/wp\/v2\/product\/25","targetHints":{"allow":["GET"]}}],"collection":[{"href":"https:\/\/taizynut.com\/es\/wp-json\/wp\/v2\/product"}],"about":[{"href":"https:\/\/taizynut.com\/es\/wp-json\/wp\/v2\/types\/product"}],"author":[{"embeddable":true,"href":"https:\/\/taizynut.com\/es\/wp-json\/wp\/v2\/users\/1"}],"wp:featuredmedia":[{"embeddable":true,"href":"https:\/\/taizynut.com\/es\/wp-json\/wp\/v2\/media\/27"}],"wp:attachment":[{"href":"https:\/\/taizynut.com\/es\/wp-json\/wp\/v2\/media?parent=25"}],"wp:term":[{"taxonomy":"post_tag","embeddable":true,"href":"https:\/\/taizynut.com\/es\/wp-json\/wp\/v2\/tags?post=25"},{"taxonomy":"product-type","embeddable":true,"href":"https:\/\/taizynut.com\/es\/wp-json\/wp\/v2\/product-type?post=25"}],"curies":[{"name":"wp","href":"https:\/\/api.w.org\/{rel}","templated":true}]}}