{"id":299,"date":"2023-01-31T16:09:16","date_gmt":"2023-01-31T08:09:16","guid":{"rendered":"https:\/\/taizynut.com\/?post_type=product&#038;p=299"},"modified":"2026-01-14T16:20:24","modified_gmt":"2026-01-14T08:20:24","slug":"peanut-slicing-machine","status":"publish","type":"product","link":"https:\/\/taizynut.com\/es\/product\/peanut-slicing-machine\/","title":{"rendered":"M\u00e1quina cortadora de man\u00ed y m\u00e1quina cortadora de almendras."},"content":{"rendered":"<p>Una m\u00e1quina cortadora de man\u00ed es una m\u00e1quina para cortar granos de man\u00ed. Los man\u00edes procesados \u200b\u200bpor la m\u00e1quina cortadora de man\u00ed son muy uniformes y no afectar\u00e1n el sabor de las rodajas de man\u00ed cuando se comen. Esta m\u00e1quina se encuentra en Nigeria, L\u00edbano, M\u00e9xico, B\u00e9lgica, etc.<\/p>    <h2 class=\"wp-block-heading\">\u00bfQu\u00e9 otros frutos secos puede procesar la cortadora de man\u00ed?<\/h2>    <figure class=\"wp-block-image size-full\"><img loading=\"lazy\" decoding=\"async\" width=\"720\" height=\"540\" src=\"https:\/\/taizynut.com\/wp-content\/uploads\/2023\/01\/nut-slicing-machine.webp\" alt=\"m\u00e1quina cortadora de nueces\" class=\"wp-image-302\" title=\"\" srcset=\"https:\/\/taizynut.com\/wp-content\/uploads\/2023\/01\/nut-slicing-machine.webp 720w, https:\/\/taizynut.com\/wp-content\/uploads\/2023\/01\/nut-slicing-machine-300x225.webp 300w\" sizes=\"auto, (max-width: 720px) 100vw, 720px\" \/><figcaption class=\"wp-element-caption\">M\u00e1quina cortadora de nueces<\/figcaption><\/figure>    <p class=\"translation-block\">Una <a href=\"https:\/\/nut-machine.com\/almond-peanut-slicer-machine\/\" data-type=\"URL\" data-id=\"https:\/\/nut-machine.com\/almond-peanut-slicer-machine\/\" target=\"_blank\" rel=\"noopener\">cortadora de cacahuetes<\/a> es una m\u00e1quina multifuncional; adem\u00e1s de cortar cacahuetes, tambi\u00e9n puede cortar almendras, anacardos, avellanas y otros frutos secos.<\/p>    <h2 class=\"wp-block-heading\">Aplicaci\u00f3n de la m\u00e1quina cortadora de man\u00ed.<\/h2>    <p>La cortadora de man\u00ed se utiliza principalmente para cortar nueces en rodajas para el procesamiento de pasteles y galletas. Enriquece el sabor de los alimentos y aumenta el aroma de los alimentos.<\/p>   <div class=\"wp-block-image\"> <figure class=\"aligncenter size-full\"><img loading=\"lazy\" decoding=\"async\" width=\"720\" height=\"540\" src=\"https:\/\/taizynut.com\/wp-content\/uploads\/2023\/01\/Decorate-the-cake.webp\" alt=\"decorar el pastel\" class=\"wp-image-303\" title=\"\" srcset=\"https:\/\/taizynut.com\/wp-content\/uploads\/2023\/01\/Decorate-the-cake.webp 720w, https:\/\/taizynut.com\/wp-content\/uploads\/2023\/01\/Decorate-the-cake-300x225.webp 300w\" sizes=\"auto, (max-width: 720px) 100vw, 720px\" \/><figcaption class=\"wp-element-caption\">decorar el pastel<\/figcaption><\/figure> <\/div>   <h2 class=\"wp-block-heading\">\u00bfC\u00f3mo utilizar una rebanadora de man\u00ed?<\/h2>    <p>Pon los cacahuetes en la tolva. Ajuste la compuerta cuantitativa de la tolva y controle el suministro de man\u00ed a trav\u00e9s de la compuerta, los man\u00ed caen a trav\u00e9s de la compuerta y la cuchilla giratoria de alta velocidad en la cortadora de man\u00ed corta los man\u00ed en rodajas.<\/p>    <h2 class=\"wp-block-heading\">La estructura de la m\u00e1quina cortadora de man\u00ed.<\/h2>    <figure class=\"wp-block-gallery has-nested-images columns-default is-cropped wp-block-gallery-2 is-layout-flex wp-block-gallery-is-layout-flex\"> <figure class=\"wp-block-image size-large\"><img loading=\"lazy\" decoding=\"async\" width=\"720\" height=\"540\" data-id=\"304\" src=\"https:\/\/taizynut.com\/wp-content\/uploads\/2023\/01\/structure-of-the-peanut-slicer.webp\" alt=\"estructura de la cortadora de man\u00ed\" class=\"wp-image-304\" title=\"\" srcset=\"https:\/\/taizynut.com\/wp-content\/uploads\/2023\/01\/structure-of-the-peanut-slicer.webp 720w, https:\/\/taizynut.com\/wp-content\/uploads\/2023\/01\/structure-of-the-peanut-slicer-300x225.webp 300w\" sizes=\"auto, (max-width: 720px) 100vw, 720px\" \/><figcaption class=\"wp-element-caption\">Estructura de la cortadora de man\u00ed<\/figcaption><\/figure>    <figure class=\"wp-block-image size-large\"><img loading=\"lazy\" decoding=\"async\" width=\"720\" height=\"540\" data-id=\"305\" src=\"https:\/\/taizynut.com\/wp-content\/uploads\/2023\/01\/structure-of-the-peanut-slicer-1.webp\" alt=\"estructura de la cortadora de man\u00ed\" class=\"wp-image-305\" title=\"\" srcset=\"https:\/\/taizynut.com\/wp-content\/uploads\/2023\/01\/structure-of-the-peanut-slicer-1.webp 720w, https:\/\/taizynut.com\/wp-content\/uploads\/2023\/01\/structure-of-the-peanut-slicer-1-300x225.webp 300w\" sizes=\"auto, (max-width: 720px) 100vw, 720px\" \/><figcaption class=\"wp-element-caption\">Estructura de la cortadora de man\u00ed<\/figcaption><\/figure> <\/figure>    <p>La cortadora de man\u00ed se compone de varias partes principales, como un motor, un cabezal cortador giratorio y una tolva. La cortadora de man\u00ed est\u00e1 equipada con un volante de man\u00ed y la m\u00e1quina de man\u00ed se puede mover libremente.<\/p>    <h2 class=\"wp-block-heading\">Par\u00e1metros de la cortadora de man\u00ed<\/h2>    <ul class=\"wp-block-list\"> <li>Dimensiones: 650*600*1100mm<\/li>    <li>Potencia: 2.2kw<\/li>    <li>Velocidad de la cabeza de la cuchilla: 0-600rpm\/min<\/li>    <li>Grosor de la rebanada: 0.05-1.2mm<\/li>    <li>Capacidad: 200-300kg\/h<\/li>    <li>Peso: 170kg<\/li> <\/ul>    <h2 class=\"wp-block-heading\">Precauciones al cortar man\u00ed<\/h2>   <div class=\"wp-block-image\"> <figure class=\"aligncenter size-full\"><img loading=\"lazy\" decoding=\"async\" width=\"720\" height=\"540\" src=\"https:\/\/taizynut.com\/wp-content\/uploads\/2023\/01\/slicing-peanuts.webp\" alt=\"rebanar man\u00ed\" class=\"wp-image-306\" title=\"\" srcset=\"https:\/\/taizynut.com\/wp-content\/uploads\/2023\/01\/slicing-peanuts.webp 720w, https:\/\/taizynut.com\/wp-content\/uploads\/2023\/01\/slicing-peanuts-300x225.webp 300w\" sizes=\"auto, (max-width: 720px) 100vw, 720px\" \/><figcaption class=\"wp-element-caption\">rebanar man\u00ed<\/figcaption><\/figure> <\/div>   <p class=\"translation-block\">1. Los frutos secos a cortar pueden estar demasiado secos. Si el material est\u00e1 demasiado seco, debe remojarse y luego secarse y cortarse. Los cacahuetes son preferiblemente <a href=\"https:\/\/taizynut.com\/es\/product\/wet-peanut-peeler-machine\/\" data-type=\"URL\" data-id=\"https:\/\/taizynut.com\/product\/wet-peanut-peeler-machine\/\">granos de cacahuete con la piel roja quitada<\/a>, que quedar\u00e1n m\u00e1s limpios despu\u00e9s del procesamiento.<\/p>    <p>2. Si el material est\u00e1 demasiado seco, las rodajas se romper\u00e1n f\u00e1cilmente. Si el contenido de humedad es demasiado alto, se pueden acumular virutas en el cabezal cortador y en la salida.<\/p>    <p>Los frutos secos deben ser seleccionados y procesados, y no debe haber residuos como arena y piedras; de lo contrario, causar\u00e1 que el borde de la cuchilla se rompa.<\/p>","protected":false},"excerpt":{"rendered":"<p>A peanut slicing machine is a machine for cutting peanut kernels. The peanuts processed by the peanut slicing machine are very uniform and will not affect the taste of the peanut slices when eaten. This machine is in Nigeria, Lebanon, Mexico, Belgium, etc. What other nuts can the peanut slicer process? A peanut slicer is [&hellip;]<\/p>\n","protected":false},"author":1,"featured_media":301,"parent":0,"template":"","tags":[60,26],"product-type":[27],"class_list":["post-299","product","type-product","status-publish","has-post-thumbnail","hentry","tag-peanut-slicing","tag-peanut-slicing-machine","product-type-peanut-kernel-processing"],"_links":{"self":[{"href":"https:\/\/taizynut.com\/es\/wp-json\/wp\/v2\/product\/299","targetHints":{"allow":["GET"]}}],"collection":[{"href":"https:\/\/taizynut.com\/es\/wp-json\/wp\/v2\/product"}],"about":[{"href":"https:\/\/taizynut.com\/es\/wp-json\/wp\/v2\/types\/product"}],"author":[{"embeddable":true,"href":"https:\/\/taizynut.com\/es\/wp-json\/wp\/v2\/users\/1"}],"wp:featuredmedia":[{"embeddable":true,"href":"https:\/\/taizynut.com\/es\/wp-json\/wp\/v2\/media\/301"}],"wp:attachment":[{"href":"https:\/\/taizynut.com\/es\/wp-json\/wp\/v2\/media?parent=299"}],"wp:term":[{"taxonomy":"post_tag","embeddable":true,"href":"https:\/\/taizynut.com\/es\/wp-json\/wp\/v2\/tags?post=299"},{"taxonomy":"product-type","embeddable":true,"href":"https:\/\/taizynut.com\/es\/wp-json\/wp\/v2\/product-type?post=299"}],"curies":[{"name":"wp","href":"https:\/\/api.w.org\/{rel}","templated":true}]}}