{"id":307,"date":"2023-02-07T16:47:52","date_gmt":"2023-02-07T08:47:52","guid":{"rendered":"https:\/\/taizynut.com\/?post_type=product&#038;p=307"},"modified":"2026-01-14T17:52:26","modified_gmt":"2026-01-14T09:52:26","slug":"peanut-kernel-cutting-machine","status":"publish","type":"product","link":"https:\/\/taizynut.com\/es\/product\/peanut-kernel-cutting-machine\/","title":{"rendered":"M\u00e1quina cortadora de granos de man\u00ed"},"content":{"rendered":"<p>La m\u00e1quina cortadora de c\u00e1scara de cacahuete se utiliza para procesar cacahuetes en gr\u00e1nulos. Adem\u00e1s de cacahuetes, tambi\u00e9n es adecuada para avellanas, nueces, almendras y anacardos. Ofrecemos dos tipos de m\u00e1quinas cortadoras de cacahuete: de cuchilla recta y de doble rodillo. Su capacidad de producci\u00f3n var\u00eda de 100 a 300 kg\/h.<\/p>    <p>La m\u00e1quina de picado de cacahuetes Taizy est\u00e1 fabricada en acero inoxidable y otros materiales duraderos, garantizando una producci\u00f3n estable y higi\u00e9nica. Ofrece alta eficiencia, operaci\u00f3n sencilla y una larga vida \u00fatil. Si est\u00e1 interesado en esta m\u00e1quina, \u00a1no dude en contactarnos!<\/p>    <figure class=\"wp-block-embed is-type-video is-provider-youtube wp-block-embed-youtube wp-embed-aspect-16-9 wp-has-aspect-ratio\"><div class=\"wp-block-embed__wrapper\"> <iframe loading=\"lazy\" title=\"M\u00e1quina autom\u00e1tica de corte de c\u00e1scara de cacahuete | Proceso de trabajo de la m\u00e1quina de picar c\u00e1scaras de cacahuete\" width=\"500\" height=\"281\" src=\"https:\/\/www.youtube.com\/embed\/GJOx2BWHC6g?feature=oembed\" frameborder=\"0\" allow=\"accelerometer; autoplay; clipboard-write; encrypted-media; gyroscope; picture-in-picture; web-share\" referrerpolicy=\"strict-origin-when-cross-origin\" allowfullscreen><\/iframe> <\/div><figcaption class=\"wp-element-caption\">video de trabajo de la m\u00e1quina cortadora de cacahuetes<\/figcaption><\/figure>    <h2 class=\"wp-block-heading\"><strong>Ventajas de la m\u00e1quina cortadora de cacahuetes<\/strong><\/h2>    <p>Nuestra m\u00e1quina de corte de n\u00facleo de man\u00ed ofrece las siguientes ventajas:<\/p>    <ul class=\"wp-block-list\"> <li><strong>Tama\u00f1o de part\u00edcula controlable<\/strong>: Espacio de corte ajustable para cumplir con diferentes especificaciones<\/li>    <li><strong>Corte uniforme<\/strong>: Reduce eficazmente las variaciones en el tama\u00f1o de las part\u00edculas<\/li>    <li><strong>Reducci\u00f3n de fugas de aceite<\/strong>: El proceso de corte estable minimiza la extrusi\u00f3n de aceite<\/li>    <li><strong>Dise\u00f1o de grado alimentario<\/strong>: Las partes clave de contacto cumplen con los requisitos del procesamiento de alimentos<\/li>    <li><strong>F\u00e1cil operaci\u00f3n<\/strong>: Estructura razonable, mantenimiento y limpieza convenientes<\/li> <\/ul>    <figure class=\"wp-block-gallery has-nested-images columns-default is-cropped wp-block-gallery-2 is-layout-flex wp-block-gallery-is-layout-flex\"> <figure class=\"wp-block-image size-large\"><img loading=\"lazy\" decoding=\"async\" width=\"720\" height=\"540\" data-id=\"1215\" src=\"https:\/\/taizynut.com\/wp-content\/uploads\/2023\/02\/peanut-kernel-1.webp\" alt=\"grano de man\u00ed\" class=\"wp-image-1215\" title=\"\" srcset=\"https:\/\/taizynut.com\/wp-content\/uploads\/2023\/02\/peanut-kernel-1.webp 720w, https:\/\/taizynut.com\/wp-content\/uploads\/2023\/02\/peanut-kernel-1-300x225.webp 300w, https:\/\/taizynut.com\/wp-content\/uploads\/2023\/02\/peanut-kernel-1-16x12.webp 16w\" sizes=\"auto, (max-width: 720px) 100vw, 720px\" \/><figcaption class=\"wp-element-caption\">Grano de man\u00ed<\/figcaption><\/figure>    <figure class=\"wp-block-image size-large\"><img loading=\"lazy\" decoding=\"async\" width=\"720\" height=\"540\" data-id=\"1207\" src=\"https:\/\/taizynut.com\/wp-content\/uploads\/2023\/02\/peanut-kernel-cutting-machine-2.webp\" alt=\"m\u00e1quina cortadora de granos de man\u00ed\" class=\"wp-image-1207\" title=\"\" srcset=\"https:\/\/taizynut.com\/wp-content\/uploads\/2023\/02\/peanut-kernel-cutting-machine-2.webp 720w, https:\/\/taizynut.com\/wp-content\/uploads\/2023\/02\/peanut-kernel-cutting-machine-2-300x225.webp 300w, https:\/\/taizynut.com\/wp-content\/uploads\/2023\/02\/peanut-kernel-cutting-machine-2-16x12.webp 16w\" sizes=\"auto, (max-width: 720px) 100vw, 720px\" \/><figcaption class=\"wp-element-caption\">M\u00e1quina de corte de n\u00facleo de man\u00ed<\/figcaption><\/figure>    <figure class=\"wp-block-image size-large\"><img loading=\"lazy\" decoding=\"async\" width=\"720\" height=\"540\" data-id=\"1216\" src=\"https:\/\/taizynut.com\/wp-content\/uploads\/2023\/02\/cut-peanuts.webp\" alt=\"cut peanuts\" class=\"wp-image-1216\" title=\"\" srcset=\"https:\/\/taizynut.com\/wp-content\/uploads\/2023\/02\/cut-peanuts.webp 720w, https:\/\/taizynut.com\/wp-content\/uploads\/2023\/02\/cut-peanuts-300x225.webp 300w, https:\/\/taizynut.com\/wp-content\/uploads\/2023\/02\/cut-peanuts-16x12.webp 16w\" sizes=\"auto, (max-width: 720px) 100vw, 720px\" \/><figcaption class=\"wp-element-caption\">Cortar cacahuetes<\/figcaption><\/figure> <\/figure>    <h2 class=\"wp-block-heading\"><strong>Escenarios de aplicaci\u00f3n de la m\u00e1quina de corte de n\u00facleo de man\u00ed<\/strong><\/h2>    <p class=\"translation-block\"><strong>Materias primas procesables<\/strong><\/p>    <p>La m\u00e1quina cortadora de cacahuetes se utiliza principalmente para cortar nueces con alto contenido de aceite y textura dura. Tiene una amplia gama de aplicaciones y puede procesar materias primas comunes, incluyendo cacahuetes, almendras, anacardos, avellanas, nueces y otros similares.<\/p>   <div class=\"wp-block-image\"> <figure class=\"aligncenter size-full\"><img loading=\"lazy\" decoding=\"async\" width=\"720\" height=\"540\" src=\"https:\/\/taizynut.com\/wp-content\/uploads\/2023\/02\/raw-materials-of-peanut-kernel-cutting-machine.webp\" alt=\"Cortar cacahuetes\" class=\"wp-image-1218\" title=\"\" srcset=\"https:\/\/taizynut.com\/wp-content\/uploads\/2023\/02\/raw-materials-of-peanut-kernel-cutting-machine.webp 720w, https:\/\/taizynut.com\/wp-content\/uploads\/2023\/02\/raw-materials-of-peanut-kernel-cutting-machine-300x225.webp 300w, https:\/\/taizynut.com\/wp-content\/uploads\/2023\/02\/raw-materials-of-peanut-kernel-cutting-machine-16x12.webp 16w\" sizes=\"auto, (max-width: 720px) 100vw, 720px\" \/><figcaption class=\"wp-element-caption\">Materias primas de la m\u00e1quina de corte de n\u00facleo de man\u00ed<\/figcaption><\/figure> <\/div>   <p class=\"translation-block\"><strong>Escenarios de aplicaci\u00f3n<\/strong><\/p>    <p>La m\u00e1quina de picar cacahuetes es adecuada para diversas aplicaciones de procesamiento de alimentos, incluyendo:<\/p>    <ul class=\"wp-block-list\"> <li>Procesamiento de cacahuetes picados y gr\u00e1nulos de cacahuete<\/li>    <li>Procesamiento de materias primas para caramelos y chocolates<\/li>    <li>Ingredientes para productos horneados<\/li>    <li>Pasos de preprocesamiento para condimentos y mantequilla de man\u00ed<\/li>    <li>Procesamiento de mezclas de nueces<\/li> <\/ul>   <div class=\"wp-block-image\"> <figure class=\"aligncenter size-full\"><img loading=\"lazy\" decoding=\"async\" width=\"720\" height=\"540\" src=\"https:\/\/taizynut.com\/wp-content\/uploads\/2023\/02\/application-scenarios-of-groundnut-cutter.webp\" alt=\"Escenarios de aplicaci\u00f3n del cortador de man\u00ed\" class=\"wp-image-1219\" title=\"\" srcset=\"https:\/\/taizynut.com\/wp-content\/uploads\/2023\/02\/application-scenarios-of-groundnut-cutter.webp 720w, https:\/\/taizynut.com\/wp-content\/uploads\/2023\/02\/application-scenarios-of-groundnut-cutter-300x225.webp 300w, https:\/\/taizynut.com\/wp-content\/uploads\/2023\/02\/application-scenarios-of-groundnut-cutter-16x12.webp 16w\" sizes=\"auto, (max-width: 720px) 100vw, 720px\" \/><figcaption class=\"wp-element-caption\">escenarios de aplicaci\u00f3n del cortador de cacahuetes<\/figcaption><\/figure> <\/div>   <h2 class=\"wp-block-heading\"><strong>Dos tipos de m\u00e1quinas de picado de cacahuetes<\/strong><\/h2>    <p>Taizy ofrece dos tipos de m\u00e1quinas de corte de n\u00facleo de man\u00ed:<\/p>    <ol class=\"wp-block-list\"> <li>M\u00e1quina de cortadora de cacahuetes de cuchilla recta<\/li>    <li>Cortador de cacahuetes de doble rodillo<\/li> <\/ol>    <figure class=\"wp-block-gallery has-nested-images columns-default is-cropped wp-block-gallery-3 is-layout-flex wp-block-gallery-is-layout-flex\"> <figure class=\"wp-block-image size-large\"><img loading=\"lazy\" decoding=\"async\" width=\"720\" height=\"540\" data-id=\"1204\" src=\"https:\/\/taizynut.com\/wp-content\/uploads\/2023\/02\/straight-balde-groundnut-cutter.webp\" alt=\"straight-balde groundnut cutter\" class=\"wp-image-1204\" title=\"\" srcset=\"https:\/\/taizynut.com\/wp-content\/uploads\/2023\/02\/straight-balde-groundnut-cutter.webp 720w, https:\/\/taizynut.com\/wp-content\/uploads\/2023\/02\/straight-balde-groundnut-cutter-300x225.webp 300w, https:\/\/taizynut.com\/wp-content\/uploads\/2023\/02\/straight-balde-groundnut-cutter-16x12.webp 16w\" sizes=\"auto, (max-width: 720px) 100vw, 720px\" \/><figcaption class=\"wp-element-caption\">Cortador de man\u00ed de cuchilla recta<\/figcaption><\/figure>    <figure class=\"wp-block-image size-large\"><img loading=\"lazy\" decoding=\"async\" width=\"720\" height=\"540\" data-id=\"1205\" src=\"https:\/\/taizynut.com\/wp-content\/uploads\/2023\/02\/double-roller-groundnut-kernerl-cutter.webp\" alt=\"Cortador de man\u00ed de doble rodillo\" class=\"wp-image-1205\" title=\"\" srcset=\"https:\/\/taizynut.com\/wp-content\/uploads\/2023\/02\/double-roller-groundnut-kernerl-cutter.webp 720w, https:\/\/taizynut.com\/wp-content\/uploads\/2023\/02\/double-roller-groundnut-kernerl-cutter-300x225.webp 300w, https:\/\/taizynut.com\/wp-content\/uploads\/2023\/02\/double-roller-groundnut-kernerl-cutter-16x12.webp 16w\" sizes=\"auto, (max-width: 720px) 100vw, 720px\" \/><figcaption class=\"wp-element-caption\">Cortador de man\u00ed de doble rodillo<\/figcaption><\/figure> <\/figure>    <h3 class=\"wp-block-heading\"><strong>Tipo 1: M\u00e1quina de picado de cacahuetes de cuchilla recta<\/strong><\/h3>    <p class=\"translation-block\"><strong>Principio de funcionamiento<\/strong><\/p>    <p>Despu\u00e9s de ingresar por la tolva, el material se transporta a la zona de corte mediante una cinta transportadora de PVC de grado alimentario dentro de la tolva. Tras ser cortados por cuchillas de alta velocidad, las part\u00edculas calificadas se descargan directamente, mientras que el material no calificado pasa por un segundo proceso de corte.<\/p>    <figure class=\"wp-block-gallery has-nested-images columns-default is-cropped wp-block-gallery-4 is-layout-flex wp-block-gallery-is-layout-flex\"> <figure class=\"wp-block-image size-full\"><img loading=\"lazy\" decoding=\"async\" width=\"720\" height=\"540\" data-id=\"1202\" src=\"https:\/\/taizynut.com\/wp-content\/uploads\/2023\/02\/peanut-cutting-machine-1.webp\" alt=\"m\u00e1quina cortadora de man\u00ed\" class=\"wp-image-1202\" title=\"\" srcset=\"https:\/\/taizynut.com\/wp-content\/uploads\/2023\/02\/peanut-cutting-machine-1.webp 720w, https:\/\/taizynut.com\/wp-content\/uploads\/2023\/02\/peanut-cutting-machine-1-300x225.webp 300w, https:\/\/taizynut.com\/wp-content\/uploads\/2023\/02\/peanut-cutting-machine-1-16x12.webp 16w\" sizes=\"auto, (max-width: 720px) 100vw, 720px\" \/><figcaption class=\"wp-element-caption\">M\u00e1quina de corte de cacahuetes<\/figcaption><\/figure>    <figure class=\"wp-block-image size-large\"><img loading=\"lazy\" decoding=\"async\" width=\"720\" height=\"540\" data-id=\"1206\" src=\"https:\/\/taizynut.com\/wp-content\/uploads\/2023\/02\/details-of-straight-blade-groundnut-cutter.webp\" alt=\"details of straight-blade groundnut cutter\" class=\"wp-image-1206\" title=\"\" srcset=\"https:\/\/taizynut.com\/wp-content\/uploads\/2023\/02\/details-of-straight-blade-groundnut-cutter.webp 720w, https:\/\/taizynut.com\/wp-content\/uploads\/2023\/02\/details-of-straight-blade-groundnut-cutter-300x225.webp 300w, https:\/\/taizynut.com\/wp-content\/uploads\/2023\/02\/details-of-straight-blade-groundnut-cutter-16x12.webp 16w\" sizes=\"auto, (max-width: 720px) 100vw, 720px\" \/><figcaption class=\"wp-element-caption\">Detalles del cortador de man\u00ed de cuchilla recta<\/figcaption><\/figure> <\/figure>    <p class=\"translation-block\"><strong>Caracter\u00edsticas principales<\/strong><\/p>    <ul class=\"wp-block-list\"> <li>La estructura de corte de cuchilla recta garantiza un corte estable.<\/li>    <li>Ranura de corte ajustable, adecuada para diferentes tama\u00f1os de pellet.<\/li>    <li>El espacio de corte ajustable acomoda varios tama\u00f1os de part\u00edculas.<\/li>    <li>La cinta transportadora de PVC de grado alimentario cumple con los requisitos del procesamiento de alimentos.<\/li> <\/ul>    <p class=\"translation-block\"><strong>Par\u00e1metros t\u00e9cnicos<\/strong><\/p>    <figure class=\"wp-block-table\"><table class=\"has-fixed-layout\"><tbody><tr><td>Capacidad<\/td><td>Voltaje<\/td><td>Fuerza<\/td><td>Tama\u00f1o<\/td><td>Peso<\/td><\/tr><tr><td>200-300kg\/hora<\/td><td>La cinta transportadora de PVC de grado alimentario cumple con los requisitos del procesamiento de alimentos.<\/td><td>2.25kw<\/td><td>2.25*1.05*1.4m<\/td><td>400kg<\/td><\/tr><\/tbody><\/table><figcaption class=\"wp-element-caption\">Par\u00e1metros de la cortadora de man\u00ed de cuchilla recta<\/figcaption><\/figure>    <h3 class=\"wp-block-heading\"><strong>Tipo 2: M\u00e1quina de picado de cacahuetes de doble rodillo<\/strong><\/h3>    <p class=\"translation-block\"><strong>Principio de funcionamiento y caracter\u00edsticas principales<\/strong><\/p>    <p>La m\u00e1quina de corte de n\u00facleo de man\u00ed de doble rodillo consta de dos cuchillas giratorias con espacios ajustables. Corta cacahuetes en part\u00edculas peque\u00f1as mediante una combinaci\u00f3n de procesos de apretado y corte. Este cortador de man\u00ed est\u00e1 equipado con un mecanismo de rasqueta, ofreciendo las siguientes ventajas:<\/p>    <ul class=\"wp-block-list\"> <li>Prevenir que el material se pegue a la superficie de la cuchilla<\/li>    <li>Reducir la oleosidad durante el procesamiento<\/li>    <li>Mejorar la estabilidad de operaci\u00f3n del equipo<\/li> <\/ul>    <figure class=\"wp-block-gallery has-nested-images columns-default is-cropped wp-block-gallery-5 is-layout-flex wp-block-gallery-is-layout-flex\"> <figure class=\"wp-block-image size-large\"><img loading=\"lazy\" decoding=\"async\" width=\"720\" height=\"540\" data-id=\"1208\" src=\"https:\/\/taizynut.com\/wp-content\/uploads\/2023\/02\/double-roller-grountnut-chopper.webp\" alt=\"double-roller grountnut chopper\" class=\"wp-image-1208\" title=\"\" srcset=\"https:\/\/taizynut.com\/wp-content\/uploads\/2023\/02\/double-roller-grountnut-chopper.webp 720w, https:\/\/taizynut.com\/wp-content\/uploads\/2023\/02\/double-roller-grountnut-chopper-300x225.webp 300w, https:\/\/taizynut.com\/wp-content\/uploads\/2023\/02\/double-roller-grountnut-chopper-16x12.webp 16w\" sizes=\"auto, (max-width: 720px) 100vw, 720px\" \/><figcaption class=\"wp-element-caption\">Cortador de man\u00ed de doble rodillo<\/figcaption><\/figure>    <figure class=\"wp-block-image size-large\"><img loading=\"lazy\" decoding=\"async\" width=\"720\" height=\"540\" data-id=\"1209\" src=\"https:\/\/taizynut.com\/wp-content\/uploads\/2023\/02\/\u5fae\u4fe1\u56fe\u7247_20210419101726-tuya_\u7ed3\u679c.webp\" alt=\"double-roller peanut chopping euqipment\" class=\"wp-image-1209\" title=\"\" srcset=\"https:\/\/taizynut.com\/wp-content\/uploads\/2023\/02\/\u5fae\u4fe1\u56fe\u7247_20210419101726-tuya_\u7ed3\u679c.webp 720w, https:\/\/taizynut.com\/wp-content\/uploads\/2023\/02\/\u5fae\u4fe1\u56fe\u7247_20210419101726-tuya_\u7ed3\u679c-300x225.webp 300w, https:\/\/taizynut.com\/wp-content\/uploads\/2023\/02\/\u5fae\u4fe1\u56fe\u7247_20210419101726-tuya_\u7ed3\u679c-16x12.webp 16w\" sizes=\"auto, (max-width: 720px) 100vw, 720px\" \/><figcaption class=\"wp-element-caption\">Equipo de picado de cacahuetes de doble rodillo<\/figcaption><\/figure> <\/figure>    <p class=\"translation-block\"><strong>Par\u00e1metros t\u00e9cnicos<\/strong><\/p>    <figure class=\"wp-block-table\"><table class=\"has-fixed-layout\"><tbody><tr><td>Modelo<\/td><td>Capacidad&nbsp;<\/td><td>Voltaje<\/td><td>Fuerza<\/td><td>Dimensi\u00f3n&nbsp;<\/td><td>Peso&nbsp;<\/td><\/tr><tr><td>TZ-1<\/td><td>100-200kg\/h<\/td><td>La cinta transportadora de PVC de grado alimentario cumple con los requisitos del procesamiento de alimentos.<\/td><td>0.93kw<\/td><td>1.6*0.8*1.5m<\/td><td>300 kilos<\/td><\/tr><\/tbody><\/table><figcaption class=\"wp-element-caption\">Par\u00e1metros de la m\u00e1quina de picado de cacahuetes de doble rodillo<\/figcaption><\/figure>    <h2 class=\"wp-block-heading\"><strong>\u00bfCu\u00e1nto cuesta una m\u00e1quina de corte de n\u00facleo de man\u00ed?<\/strong><\/h2>    <p>El precio de la m\u00e1quina de corte de n\u00facleo de man\u00ed no es fijo y est\u00e1 principalmente influenciado por los siguientes factores:<\/p>    <ul class=\"wp-block-list\"> <li>Tipo de equipo (tipo de cuchilla recta\/tipo de doble rodillo)<\/li>    <li>Capacidad de producci\u00f3n<\/li>    <li>Diferencias de configuraci\u00f3n (n\u00famero de pantallas, material, marca del motor)<\/li>    <li>Requisitos de voltaje y personalizaci\u00f3n<\/li> <\/ul>    <p>En general, la m\u00e1quina de corte de n\u00facleo de man\u00ed con mayor capacidad de producci\u00f3n y funciones m\u00e1s completas tendr\u00e1 un precio m\u00e1s alto, pero tambi\u00e9n generar\u00e1 mayores retornos.<\/p>    <figure class=\"wp-block-gallery has-nested-images columns-default is-cropped wp-block-gallery-6 is-layout-flex wp-block-gallery-is-layout-flex\"> <figure class=\"wp-block-image size-large\"><img loading=\"lazy\" decoding=\"async\" width=\"720\" height=\"540\" data-id=\"1212\" src=\"https:\/\/taizynut.com\/wp-content\/uploads\/2023\/02\/straight-balde-peanut-kernel-cutting-equiment.webp\" alt=\"straight-balde peanut kernel cutting equiment\" class=\"wp-image-1212\" title=\"\" srcset=\"https:\/\/taizynut.com\/wp-content\/uploads\/2023\/02\/straight-balde-peanut-kernel-cutting-equiment.webp 720w, https:\/\/taizynut.com\/wp-content\/uploads\/2023\/02\/straight-balde-peanut-kernel-cutting-equiment-300x225.webp 300w, https:\/\/taizynut.com\/wp-content\/uploads\/2023\/02\/straight-balde-peanut-kernel-cutting-equiment-16x12.webp 16w\" sizes=\"auto, (max-width: 720px) 100vw, 720px\" \/><figcaption class=\"wp-element-caption\">Equipo de corte de n\u00facleo de man\u00ed de cuchilla recta<\/figcaption><\/figure>    <figure class=\"wp-block-image size-large\"><img loading=\"lazy\" decoding=\"async\" width=\"720\" height=\"540\" data-id=\"1210\" src=\"https:\/\/taizynut.com\/wp-content\/uploads\/2023\/02\/double-roller-peanut-cutting-machine.webp\" alt=\"Materias primas de la m\u00e1quina de corte de n\u00facleo de man\u00ed\" class=\"wp-image-1210\" title=\"\" srcset=\"https:\/\/taizynut.com\/wp-content\/uploads\/2023\/02\/double-roller-peanut-cutting-machine.webp 720w, https:\/\/taizynut.com\/wp-content\/uploads\/2023\/02\/double-roller-peanut-cutting-machine-300x225.webp 300w, https:\/\/taizynut.com\/wp-content\/uploads\/2023\/02\/double-roller-peanut-cutting-machine-16x12.webp 16w\" sizes=\"auto, (max-width: 720px) 100vw, 720px\" \/><figcaption class=\"wp-element-caption\">M\u00e1quina de corte de cacahuetes de doble rodillo<\/figcaption><\/figure> <\/figure>    <h2 class=\"wp-block-heading\"><strong>\u00bfPor qu\u00e9 elegir Taizy como su proveedor?<\/strong><\/h2>    <p>When choosing the peanut kernel cutting machine, the equipment itself is important, but the supplier&#8217;s experience and service capabilities are equally crucial. Here&#8217;s why you should choose Taizy as your supplier:<\/p>    <ul class=\"wp-block-list\"> <li>Taizy tiene muchos a\u00f1os de experiencia en exportaci\u00f3n y fabricaci\u00f3n de equipos de procesamiento de nueces, y sus productos han servido a clientes del procesamiento de alimentos en muchos pa\u00edses y regiones.<\/li>    <li>En cuanto al servicio, ofrecemos un proceso completo desde la evaluaci\u00f3n de necesidades hasta el soporte postventa.<\/li>    <li>Para diferentes necesidades de procesamiento, Taizy soporta servicios personalizados, como configuraci\u00f3n de voltaje.<\/li>    <li>Taizy puede ofrecer soluciones completas de equipos de procesamiento de nueces, incluyendo no solo cortadoras de cacahuetes sino tambi\u00e9n <a href=\"https:\/\/taizynut.com\/es\/product\/small-peanut-roasting-machine-groundnut-roaster-machine\/\">tostador de man\u00ed<\/a>,<a href=\"https:\/\/taizynut.com\/es\/product\/dry-peanut-peeling-machine\/\"> peladora de man\u00ed<\/a>, y otros equipos relacionados.<\/li> <\/ul>    <p>Elegir Taizy significa m\u00e1s que comprar una m\u00e1quina; significa obtener una soluci\u00f3n de procesamiento que se adapte mejor a sus necesidades de producci\u00f3n.<\/p>    <h2 class=\"wp-block-heading\"><strong>\u00a1Cont\u00e1ctenos para m\u00e1s informaci\u00f3n!<\/strong><\/h2>    <p>Si busca una m\u00e1quina de corte de n\u00facleo de man\u00ed u otro equipo de procesamiento de nueces, por favor contacte con Taizy para m\u00e1s informaci\u00f3n. Proporcionaremos asesoramiento y soporte claros seg\u00fan sus necesidades espec\u00edficas para ayudarle a mejorar la eficiencia de producci\u00f3n.<\/p>","protected":false},"excerpt":{"rendered":"<p>Taizy peanut kernel cutting machine can process nuts such as peanuts, macadamia nuts, hazelnuts, and cashews into granular form. We offer two types: a straight-blade peanut cutting machine and a roller-type peanut cutting machine. Its production capacity is 100-300 kg\/hour.<\/p>","protected":false},"author":1,"featured_media":308,"parent":0,"template":"","tags":[72,45],"product-type":[27],"class_list":["post-307","product","type-product","status-publish","has-post-thumbnail","hentry","tag-cashews","tag-peanut","product-type-peanut-kernel-processing"],"_links":{"self":[{"href":"https:\/\/taizynut.com\/es\/wp-json\/wp\/v2\/product\/307","targetHints":{"allow":["GET"]}}],"collection":[{"href":"https:\/\/taizynut.com\/es\/wp-json\/wp\/v2\/product"}],"about":[{"href":"https:\/\/taizynut.com\/es\/wp-json\/wp\/v2\/types\/product"}],"author":[{"embeddable":true,"href":"https:\/\/taizynut.com\/es\/wp-json\/wp\/v2\/users\/1"}],"wp:featuredmedia":[{"embeddable":true,"href":"https:\/\/taizynut.com\/es\/wp-json\/wp\/v2\/media\/308"}],"wp:attachment":[{"href":"https:\/\/taizynut.com\/es\/wp-json\/wp\/v2\/media?parent=307"}],"wp:term":[{"taxonomy":"post_tag","embeddable":true,"href":"https:\/\/taizynut.com\/es\/wp-json\/wp\/v2\/tags?post=307"},{"taxonomy":"product-type","embeddable":true,"href":"https:\/\/taizynut.com\/es\/wp-json\/wp\/v2\/product-type?post=307"}],"curies":[{"name":"wp","href":"https:\/\/api.w.org\/{rel}","templated":true}]}}