{"id":317,"date":"2023-03-09T10:49:13","date_gmt":"2023-03-09T02:49:13","guid":{"rendered":"https:\/\/taizynut.com\/?post_type=product&#038;p=317"},"modified":"2026-01-12T16:54:15","modified_gmt":"2026-01-12T08:54:15","slug":"semi-automatic-peanut-butter-processing-line","status":"publish","type":"product","link":"https:\/\/taizynut.com\/es\/product\/semi-automatic-peanut-butter-processing-line\/","title":{"rendered":"L\u00ednea de procesamiento de mantequilla de man\u00ed"},"content":{"rendered":"<p class=\"translation-block\">La l\u00ednea de procesamiento de mantequilla de man\u00ed semiautom\u00e1tica de Taizy es un conjunto de equipos especializados en la fabricaci\u00f3n de mantequilla de man\u00ed comestible mediante tostado, pelado, molienda, etc. Tiene una capacidad de 50-500 kg\/h.<\/p>    <p>La l\u00ednea de producci\u00f3n de mantequilla de man\u00ed puede producir mantequilla de man\u00ed rugosa con una textura granulada y mantequilla de man\u00ed suave, y tambi\u00e9n puede producir pasta de s\u00e9samo.<\/p>    <p>Est\u00e1 dise\u00f1ado para ser compacto y eficiente, adecuado para peque\u00f1as y medianas empresas hasta f\u00e1bricas a gran escala.<\/p>    <figure class=\"wp-block-embed is-type-video is-provider-youtube wp-block-embed-youtube wp-embed-aspect-16-9 wp-has-aspect-ratio\"><div class=\"wp-block-embed__wrapper\"> <iframe loading=\"lazy\" title=\"L\u00ednea autom\u00e1tica de producci\u00f3n de mantequilla de man\u00ed: desde tostar, pelar, moler y mezclar man\u00ed hasta el llenado\" width=\"500\" height=\"281\" src=\"https:\/\/www.youtube.com\/embed\/K6kLN9MlY-o?feature=oembed\" frameborder=\"0\" allow=\"accelerometer; autoplay; clipboard-write; encrypted-media; gyroscope; picture-in-picture; web-share\" referrerpolicy=\"strict-origin-when-cross-origin\" allowfullscreen><\/iframe> <\/div><figcaption class=\"wp-element-caption\">Video de la l\u00ednea de m\u00e1quinas procesadoras de mantequilla de man\u00ed.<\/figcaption><\/figure>    <h2 class=\"wp-block-heading\"><strong>\u00bfCu\u00e1l es el diagrama de flujo del procesamiento de mantequilla de man\u00ed?<\/strong><\/h2>    <p class=\"translation-block\">Nuestra l\u00ednea de procesamiento de mantequilla de man\u00ed incluye <strong>tostado \u2192 enfriamiento \u2192 pelado \u2192 molienda \u2192 enfriamiento \u2192 llenado<\/strong>. La l\u00ednea completa de m\u00e1quinas de molienda de mantequilla de nueces est\u00e1 madura. A continuaci\u00f3n, se presenta una introducci\u00f3n al flujo del proceso de la l\u00ednea de producci\u00f3n semiautom\u00e1tica de mantequilla de man\u00ed y al equipo necesario.<\/p>   <div class=\"wp-block-image\"> <figure class=\"aligncenter size-full\"><img loading=\"lazy\" decoding=\"async\" width=\"1020\" height=\"540\" src=\"https:\/\/taizynut.com\/wp-content\/uploads\/2023\/03\/industrial-peanut-butter-production-line.webp\" alt=\"L\u00ednea de producci\u00f3n industrial de mantequilla de man\u00ed.\" class=\"wp-image-857\" title=\"\" srcset=\"https:\/\/taizynut.com\/wp-content\/uploads\/2023\/03\/industrial-peanut-butter-production-line.webp 1020w, https:\/\/taizynut.com\/wp-content\/uploads\/2023\/03\/industrial-peanut-butter-production-line-300x159.webp 300w, https:\/\/taizynut.com\/wp-content\/uploads\/2023\/03\/industrial-peanut-butter-production-line-768x407.webp 768w, https:\/\/taizynut.com\/wp-content\/uploads\/2023\/03\/industrial-peanut-butter-production-line-18x10.webp 18w\" sizes=\"auto, (max-width: 1020px) 100vw, 1020px\" \/><figcaption class=\"wp-element-caption\">L\u00ednea de producci\u00f3n industrial de mantequilla de man\u00ed.<\/figcaption><\/figure> <\/div>   <h3 class=\"wp-block-heading\"><strong>tostador de man\u00ed<\/strong><\/h3>    <p class=\"translation-block\">Este tipo de <a href=\"https:\/\/taizynut.com\/es\/product\/small-peanut-roasting-machine-groundnut-roaster-machine\/\">m\u00e1quina tostadora de man\u00ed<\/a> se utiliza en la l\u00ednea de m\u00e1quinas semiautom\u00e1ticas para fabricar mantequilla de man\u00ed. Se utiliza principalmente para tostar man\u00ed, habas, granos de caf\u00e9, semillas de mel\u00f3n y nueces.<\/p>    <p>Un juego de m\u00e1quinas tostadoras de man\u00ed tiene una capacidad de 80-120 kg\/h. Si desea realizar una gran capacidad de producci\u00f3n, puede equipar varias m\u00e1quinas m\u00e1s seg\u00fan la demanda.<\/p>    <p>La temperatura de horneado suele ser de 180\u00b0-200\u00b0 y el tiempo de horneado debe ser de al menos m\u00e1s de 20 minutos. El espesor del material es de 5 a 6 cm y toda la m\u00e1quina tiene un tratamiento por pulverizaci\u00f3n resistente a la corrosi\u00f3n.<\/p>    <figure class=\"wp-block-gallery has-nested-images columns-default is-cropped wp-block-gallery-2 is-layout-flex wp-block-gallery-is-layout-flex\"> <figure class=\"wp-block-image size-large\"><img loading=\"lazy\" decoding=\"async\" width=\"720\" height=\"540\" data-id=\"322\" src=\"https:\/\/taizynut.com\/wp-content\/uploads\/2023\/03\/peanut-roaster.webp\" alt=\"tostador de man\u00ed\" class=\"wp-image-322\" title=\"\" srcset=\"https:\/\/taizynut.com\/wp-content\/uploads\/2023\/03\/peanut-roaster.webp 720w, https:\/\/taizynut.com\/wp-content\/uploads\/2023\/03\/peanut-roaster-300x225.webp 300w\" sizes=\"auto, (max-width: 720px) 100vw, 720px\" \/><figcaption class=\"wp-element-caption\">Tostador de man\u00ed<\/figcaption><\/figure>    <figure class=\"wp-block-image size-large\"><img loading=\"lazy\" decoding=\"async\" width=\"720\" height=\"540\" data-id=\"323\" src=\"https:\/\/taizynut.com\/wp-content\/uploads\/2023\/03\/roasted-peanuts.webp\" alt=\"man\u00edes tostados\" class=\"wp-image-323\" title=\"\" srcset=\"https:\/\/taizynut.com\/wp-content\/uploads\/2023\/03\/roasted-peanuts.webp 720w, https:\/\/taizynut.com\/wp-content\/uploads\/2023\/03\/roasted-peanuts-300x225.webp 300w\" sizes=\"auto, (max-width: 720px) 100vw, 720px\" \/><figcaption class=\"wp-element-caption\">Man\u00edes tostados<\/figcaption><\/figure> <\/figure>    <h3 class=\"wp-block-heading\"><strong>Peladora de man\u00ed<\/strong><\/h3>    <p class=\"translation-block\">Despu\u00e9s de tostar, necesita enfriarse durante un per\u00edodo de tiempo. Luego, se utiliza una <a href=\"https:\/\/taizynut.com\/es\/product\/dry-peanut-peeling-machine\/\">m\u00e1quina peladora de man\u00ed<\/a> de tipo seco para eliminar la piel roja.<\/p>    <p>Tiene una capacidad de 200-600 kg\/h y una velocidad de pelado de 98%. Se puede utilizar en combinaci\u00f3n con varias unidades y la calidad del pelado alcanza el est\u00e1ndar de exportaci\u00f3n.<\/p>    <figure class=\"wp-block-gallery has-nested-images columns-default is-cropped wp-block-gallery-3 is-layout-flex wp-block-gallery-is-layout-flex\"> <figure class=\"wp-block-image size-full\"><img loading=\"lazy\" decoding=\"async\" width=\"720\" height=\"540\" data-id=\"324\" src=\"https:\/\/taizynut.com\/wp-content\/uploads\/2023\/03\/peanut-peeling-machine.webp\" alt=\"peladora de man\u00ed\" class=\"wp-image-324\" title=\"\" srcset=\"https:\/\/taizynut.com\/wp-content\/uploads\/2023\/03\/peanut-peeling-machine.webp 720w, https:\/\/taizynut.com\/wp-content\/uploads\/2023\/03\/peanut-peeling-machine-300x225.webp 300w\" sizes=\"auto, (max-width: 720px) 100vw, 720px\" \/><figcaption class=\"wp-element-caption\">Peladora de man\u00ed<\/figcaption><\/figure>    <figure class=\"wp-block-image size-full\"><img loading=\"lazy\" decoding=\"async\" width=\"720\" height=\"540\" data-id=\"325\" src=\"https:\/\/taizynut.com\/wp-content\/uploads\/2023\/03\/peanut-peeling.webp\" alt=\"pelado de man\u00ed\" class=\"wp-image-325\" title=\"\" srcset=\"https:\/\/taizynut.com\/wp-content\/uploads\/2023\/03\/peanut-peeling.webp 720w, https:\/\/taizynut.com\/wp-content\/uploads\/2023\/03\/peanut-peeling-300x225.webp 300w\" sizes=\"auto, (max-width: 720px) 100vw, 720px\" \/><figcaption class=\"wp-element-caption\">Pelado de man\u00ed<\/figcaption><\/figure> <\/figure>    <h3 class=\"wp-block-heading\"><strong>Molinillo de mantequilla de man\u00ed<\/strong><\/h3>    <p class=\"translation-block\">En la l\u00ednea de procesamiento de mantequilla de man\u00ed, esta <a href=\"https:\/\/taizynut.com\/es\/product\/peanut-butter-grinder-machine\/\">m\u00e1quina de mantequilla de man\u00ed<\/a> es el equipo central, utilizado principalmente para moler los granos de man\u00ed pelados en mantequilla. Su producci\u00f3n oscila entre 50 y 1000 kg\/h.<\/p>    <p>Antes de molerlo, el man\u00ed requiere un contenido de humedad de 1%. La m\u00e1quina puede ajustar la finura de las part\u00edculas de mantequilla de man\u00ed a trav\u00e9s del mango, en un rango de malla 120-150.<\/p>    <figure class=\"wp-block-gallery has-nested-images columns-default is-cropped wp-block-gallery-4 is-layout-flex wp-block-gallery-is-layout-flex\"> <figure class=\"wp-block-image size-large\"><img loading=\"lazy\" decoding=\"async\" width=\"720\" height=\"540\" data-id=\"327\" src=\"https:\/\/taizynut.com\/wp-content\/uploads\/2023\/03\/peanut-butter-grinder.webp\" alt=\"molinillo de mantequilla de man\u00ed\" class=\"wp-image-327\" title=\"\" srcset=\"https:\/\/taizynut.com\/wp-content\/uploads\/2023\/03\/peanut-butter-grinder.webp 720w, https:\/\/taizynut.com\/wp-content\/uploads\/2023\/03\/peanut-butter-grinder-300x225.webp 300w\" sizes=\"auto, (max-width: 720px) 100vw, 720px\" \/><figcaption class=\"wp-element-caption\">Molinillo de mantequilla de man\u00ed<\/figcaption><\/figure>    <figure class=\"wp-block-image size-large\"><img loading=\"lazy\" decoding=\"async\" width=\"720\" height=\"540\" data-id=\"328\" src=\"https:\/\/taizynut.com\/wp-content\/uploads\/2023\/03\/peanut-butter-grind.webp\" alt=\"Molienda de mantequilla de man\u00ed\" class=\"wp-image-328\" title=\"\" srcset=\"https:\/\/taizynut.com\/wp-content\/uploads\/2023\/03\/peanut-butter-grind.webp 720w, https:\/\/taizynut.com\/wp-content\/uploads\/2023\/03\/peanut-butter-grind-300x225.webp 300w\" sizes=\"auto, (max-width: 720px) 100vw, 720px\" \/><figcaption class=\"wp-element-caption\">Molienda de mantequilla de man\u00ed<\/figcaption><\/figure> <\/figure>    <h3 class=\"wp-block-heading\"><strong>Tarro de l\u00ednea de procesamiento de mantequilla de man\u00ed<\/strong><\/h3>    <p>Los frascos de la l\u00ednea de producci\u00f3n de mantequilla de man\u00ed incluyen el tanque de mezcla, el tanque de vac\u00edo y el tanque de almacenamiento. <\/p>   <div class=\"wp-block-image\"> <figure class=\"aligncenter size-large\"><img loading=\"lazy\" decoding=\"async\" width=\"720\" height=\"540\" src=\"https:\/\/taizynut.com\/wp-content\/uploads\/2023\/03\/Peanut-butter-processing-line-jar.webp\" alt=\"Tarro de l\u00ednea de procesamiento de mantequilla de man\u00ed\" class=\"wp-image-326\" title=\"\" srcset=\"https:\/\/taizynut.com\/wp-content\/uploads\/2023\/03\/Peanut-butter-processing-line-jar.webp 720w, https:\/\/taizynut.com\/wp-content\/uploads\/2023\/03\/Peanut-butter-processing-line-jar-300x225.webp 300w\" sizes=\"auto, (max-width: 720px) 100vw, 720px\" \/><figcaption class=\"wp-element-caption\">Tarro de l\u00ednea de procesamiento de mantequilla de man\u00ed<\/figcaption><\/figure> <\/div>   <p>El tanque de mezcla sirve para condimentar el sabor de la mantequilla de man\u00ed para hacerlo m\u00e1s uniforme. Puedes agregar un poco de sal, az\u00facar y otros condimentos para condimentar. El tiempo de agitaci\u00f3n es generalmente de 5 a 6 minutos, diferente seg\u00fan los diferentes condimentos.<\/p>    <p>&nbsp;El tanque de vac\u00edo sirve para eliminar las burbujas de la mantequilla de man\u00ed y prolongar el tiempo de almacenamiento.<\/p>    <p>El frasco de almacenamiento se usa para contener mantequilla de man\u00ed molida.<\/p>   <div class=\"wp-block-image\"> <figure class=\"aligncenter size-full\"><img loading=\"lazy\" decoding=\"async\" width=\"1020\" height=\"540\" src=\"https:\/\/taizynut.com\/wp-content\/uploads\/2023\/03\/tanks-used-in-the-peanut-butter-processing-machine-line.webp\" alt=\"Tanques utilizados en la l\u00ednea de m\u00e1quinas procesadoras de mantequilla de man\u00ed.\" class=\"wp-image-847\" title=\"\" srcset=\"https:\/\/taizynut.com\/wp-content\/uploads\/2023\/03\/tanks-used-in-the-peanut-butter-processing-machine-line.webp 1020w, https:\/\/taizynut.com\/wp-content\/uploads\/2023\/03\/tanks-used-in-the-peanut-butter-processing-machine-line-300x159.webp 300w, https:\/\/taizynut.com\/wp-content\/uploads\/2023\/03\/tanks-used-in-the-peanut-butter-processing-machine-line-768x407.webp 768w, https:\/\/taizynut.com\/wp-content\/uploads\/2023\/03\/tanks-used-in-the-peanut-butter-processing-machine-line-18x10.webp 18w\" sizes=\"auto, (max-width: 1020px) 100vw, 1020px\" \/><figcaption class=\"wp-element-caption\">Tanques utilizados en la l\u00ednea de m\u00e1quinas procesadoras de mantequilla de man\u00ed.<\/figcaption><\/figure> <\/div>   <h3 class=\"wp-block-heading\"><strong>M\u00e1quina llenadora de mantequilla de man\u00ed<\/strong><\/h3>    <p class=\"translation-block\">Finalmente, la <a href=\"https:\/\/taizynut.com\/es\/product\/peanut-butter-filling-machine\/\">m\u00e1quina llenadora de mantequilla de man\u00ed<\/a> llena y envasa la mantequilla de nueces en botellas o bolsas. La m\u00e1quina llenadora tiene la m\u00e1quina llenadora de pasta semiautom\u00e1tica y la l\u00ednea de llenado totalmente autom\u00e1tica (incluye m\u00e1quina llenadora, m\u00e1quina tapadora, m\u00e1quina etiquetadora y m\u00e1quina selladora).<\/p>    <p>Si desea envasar mantequilla de man\u00ed en bolsas, la m\u00e1quina empacadora de pasta es la opci\u00f3n ideal.<\/p>    <figure class=\"wp-block-gallery has-nested-images columns-default is-cropped wp-block-gallery-5 is-layout-flex wp-block-gallery-is-layout-flex\"> <figure class=\"wp-block-image size-large\"><img loading=\"lazy\" decoding=\"async\" width=\"720\" height=\"540\" data-id=\"329\" src=\"https:\/\/taizynut.com\/wp-content\/uploads\/2023\/03\/Peanut-butter-filling-machine.webp\" alt=\"M\u00e1quina llenadora de mantequilla de man\u00ed\" class=\"wp-image-329\" title=\"\" srcset=\"https:\/\/taizynut.com\/wp-content\/uploads\/2023\/03\/Peanut-butter-filling-machine.webp 720w, https:\/\/taizynut.com\/wp-content\/uploads\/2023\/03\/Peanut-butter-filling-machine-300x225.webp 300w\" sizes=\"auto, (max-width: 720px) 100vw, 720px\" \/><figcaption class=\"wp-element-caption\">M\u00e1quina llenadora de mantequilla de man\u00ed<\/figcaption><\/figure>    <figure class=\"wp-block-image size-large\"><img loading=\"lazy\" decoding=\"async\" width=\"720\" height=\"540\" data-id=\"330\" src=\"https:\/\/taizynut.com\/wp-content\/uploads\/2023\/03\/packaged-peanut-butter.webp\" alt=\"mantequilla de man\u00ed envasada\" class=\"wp-image-330\" title=\"\" srcset=\"https:\/\/taizynut.com\/wp-content\/uploads\/2023\/03\/packaged-peanut-butter.webp 720w, https:\/\/taizynut.com\/wp-content\/uploads\/2023\/03\/packaged-peanut-butter-300x225.webp 300w\" sizes=\"auto, (max-width: 720px) 100vw, 720px\" \/><figcaption class=\"wp-element-caption\">Mantequilla de man\u00ed envasada<\/figcaption><\/figure> <\/figure>    <h2 class=\"wp-block-heading\"><strong>Ventajas de la l\u00ednea de procesamiento de mantequilla de man\u00ed Taizy<\/strong><\/h2>    <ul class=\"wp-block-list\"> <li>Esta l\u00ednea de m\u00e1quinas para mantequilla de man\u00ed adopta un control de automatizaci\u00f3n avanzado, lo que ahorra costos de mano de obra.<\/li>    <li>El equipo tiene un bajo consumo de energ\u00eda y una alta eficiencia de producci\u00f3n (50-500 kg\/h).<\/li>    <li>Es adecuado para hacer diferentes sabores y tipos de mantequilla de cacahuete, como original, granular, dulce, etc.<\/li>    <li>Las piezas en contacto con las materias primas son de acero inoxidable apto para uso alimentario, conforme a los est\u00e1ndares de producci\u00f3n alimentaria.<\/li> <\/ul>   <div class=\"wp-block-image\"> <figure class=\"aligncenter size-full\"><img loading=\"lazy\" decoding=\"async\" width=\"720\" height=\"540\" src=\"https:\/\/taizynut.com\/wp-content\/uploads\/2023\/03\/1641792431561-tuya_\u7ed3\u679c.webp\" alt=\"L\u00ednea de procesamiento de mantequilla de man\u00ed de Taizy\" class=\"wp-image-1193\" title=\"\" srcset=\"https:\/\/taizynut.com\/wp-content\/uploads\/2023\/03\/1641792431561-tuya_\u7ed3\u679c.webp 720w, https:\/\/taizynut.com\/wp-content\/uploads\/2023\/03\/1641792431561-tuya_\u7ed3\u679c-300x225.webp 300w, https:\/\/taizynut.com\/wp-content\/uploads\/2023\/03\/1641792431561-tuya_\u7ed3\u679c-16x12.webp 16w\" sizes=\"auto, (max-width: 720px) 100vw, 720px\" \/><figcaption class=\"wp-element-caption\">L\u00ednea de procesamiento de mantequilla de man\u00ed de Taizy<\/figcaption><\/figure> <\/div>   <h2 class=\"wp-block-heading\"><strong>Selecci\u00f3n del rendimiento de la producci\u00f3n de mantequilla de man\u00ed<\/strong><\/h2>    <p>La l\u00ednea semiautom\u00e1tica de procesamiento de mantequilla de man\u00ed puede procesar 50-500 kg\/h, puede elegir seg\u00fan sus necesidades de procesamiento y nuestros t\u00e9cnicos profesionales dise\u00f1ar\u00e1n el plan correspondiente.<\/p>    <p>La siguiente es la configuraci\u00f3n de la l\u00ednea de producci\u00f3n comercial de mantequilla de man\u00ed de 200 kg\/h para su referencia.<\/p>    <figure class=\"wp-block-table\"><table><tbody><tr><td>Nombre de la m\u00e1quina<\/td><td>Capacidad<\/td><td>Fuerza<\/td><td>Tama\u00f1o<\/td><td>Peso<\/td><td>Cantidad<\/td><\/tr><tr><td>M\u00e1quina tostadora de man\u00ed<\/td><td>200-240kg\/hora<\/td><td>Potencia de calefacci\u00f3n: 50kw<br>Potencia del motor: 2,2 kw<\/td><td>2,8*2,2*1,7 m<\/td><td>\/<\/td><td>2 juegos<\/td><\/tr><tr><td>Peladora de man\u00ed<\/td><td>400kg\/h<\/td><td>Potencia del motor: 0,55 kw<br>Potencia del ventilador: 0,37 kw<\/td><td>1,2*0,75*1,2 m<\/td><td>230 kilos<\/td><td>1 PC<\/td><\/tr><tr><td>M\u00e1quina para hacer mantequilla de man\u00ed<\/td><td>200-300kg\/hora<\/td><td>18,5 kw<\/td><td>1,1*0,75*1,3 m<\/td><td>360 kilos<\/td><td>1 PC<\/td><\/tr><tr><td>M\u00e1quina llenadora semiautom\u00e1tica<\/td><td>100-400 botellas\/h<\/td><td>0,2-2kW<\/td><td>0,6*0,5*1,4 m<\/td><td>130kg<\/td><td>1 PC<\/td><\/tr><\/tbody><\/table><figcaption class=\"wp-element-caption\">Datos t\u00e9cnicos de la l\u00ednea de m\u00e1quinas para fabricar mantequilla de man\u00ed de 200 kg\/h<\/figcaption><\/figure>    <p>Si desea m\u00e1s detalles, bienvenido a contactarnos en cualquier momento.<\/p>    <figure class=\"wp-block-gallery aligncenter has-nested-images columns-default is-cropped wp-block-gallery-6 is-layout-flex wp-block-gallery-is-layout-flex\"> <figure class=\"wp-block-image size-full\"><img loading=\"lazy\" decoding=\"async\" width=\"720\" height=\"540\" data-id=\"319\" src=\"https:\/\/taizynut.com\/wp-content\/uploads\/2023\/03\/peanut-butter-processing-line-1.webp\" alt=\"l\u00ednea de procesamiento de mantequilla de man\u00ed\" class=\"wp-image-319\" title=\"\" srcset=\"https:\/\/taizynut.com\/wp-content\/uploads\/2023\/03\/peanut-butter-processing-line-1.webp 720w, https:\/\/taizynut.com\/wp-content\/uploads\/2023\/03\/peanut-butter-processing-line-1-300x225.webp 300w\" sizes=\"auto, (max-width: 720px) 100vw, 720px\" \/><figcaption class=\"wp-element-caption\">L\u00ednea autom\u00e1tica de producci\u00f3n de mantequilla de man\u00ed<\/figcaption><\/figure>    <figure class=\"wp-block-image size-full\"><img loading=\"lazy\" decoding=\"async\" width=\"720\" height=\"540\" data-id=\"858\" src=\"https:\/\/taizynut.com\/wp-content\/uploads\/2023\/03\/peanut-butter-processing-machine-plant.webp\" alt=\"Planta de procesamiento de mantequilla de man\u00ed\" class=\"wp-image-858\" title=\"\" srcset=\"https:\/\/taizynut.com\/wp-content\/uploads\/2023\/03\/peanut-butter-processing-machine-plant.webp 720w, https:\/\/taizynut.com\/wp-content\/uploads\/2023\/03\/peanut-butter-processing-machine-plant-300x225.webp 300w, https:\/\/taizynut.com\/wp-content\/uploads\/2023\/03\/peanut-butter-processing-machine-plant-16x12.webp 16w\" sizes=\"auto, (max-width: 720px) 100vw, 720px\" \/><figcaption class=\"wp-element-caption\">Planta de m\u00e1quina procesadora de mantequilla de man\u00ed<\/figcaption><\/figure> <\/figure>    <h2 class=\"wp-block-heading\"><strong><strong>Disponible<\/strong> Sabores de mantequilla de man\u00ed y formas de empaque.<\/strong><\/h2>    <p>El sabor de la mantequilla de man\u00ed no es uniforme. La mantequilla de man\u00ed se divide en dulce y fresca. Algunos fabricantes tambi\u00e9n a\u00f1adir\u00e1n algunas materias primas espec\u00edficas en su propio proceso de producci\u00f3n. Este paso de condimento se realiza despu\u00e9s de moler y enfriar la mantequilla de man\u00ed. Es decir, sazonar antes de rellenar.<\/p>    <figure class=\"wp-block-gallery has-nested-images columns-default is-cropped wp-block-gallery-7 is-layout-flex wp-block-gallery-is-layout-flex\"> <figure class=\"wp-block-image size-large\"><img loading=\"lazy\" decoding=\"async\" width=\"720\" height=\"540\" data-id=\"320\" src=\"https:\/\/taizynut.com\/wp-content\/uploads\/2023\/03\/peanut-butter.webp\" alt=\"mantequilla de man\u00ed granulada\" class=\"wp-image-320\" title=\"\" srcset=\"https:\/\/taizynut.com\/wp-content\/uploads\/2023\/03\/peanut-butter.webp 720w, https:\/\/taizynut.com\/wp-content\/uploads\/2023\/03\/peanut-butter-300x225.webp 300w\" sizes=\"auto, (max-width: 720px) 100vw, 720px\" \/><figcaption class=\"wp-element-caption\">Mantequilla de man\u00ed granulada<\/figcaption><\/figure>    <figure class=\"wp-block-image size-large\"><img loading=\"lazy\" decoding=\"async\" width=\"720\" height=\"540\" data-id=\"321\" src=\"https:\/\/taizynut.com\/wp-content\/uploads\/2023\/03\/peanut-butter-1.webp\" alt=\"mantequilla de man\u00ed delicada\" class=\"wp-image-321\" title=\"\" srcset=\"https:\/\/taizynut.com\/wp-content\/uploads\/2023\/03\/peanut-butter-1.webp 720w, https:\/\/taizynut.com\/wp-content\/uploads\/2023\/03\/peanut-butter-1-300x225.webp 300w\" sizes=\"auto, (max-width: 720px) 100vw, 720px\" \/><figcaption class=\"wp-element-caption\">Mantequilla de man\u00ed delicada<\/figcaption><\/figure> <\/figure>    <p class=\"translation-block\">El envasado de <a href=\"https:\/\/en.wikipedia.org\/wiki\/Peanut_butter\" target=\"_blank\" rel=\"noopener\">mantequilla de man\u00ed<\/a> es un punto al que los productores deben prestar atenci\u00f3n. Un envase \u00fanico puede atraer r\u00e1pidamente a los consumidores. El envasado de la mantequilla de man\u00ed se divide en botellas y bolsas, que se pueden personalizar.<\/p>    <figure class=\"wp-block-gallery has-nested-images columns-default is-cropped wp-block-gallery-8 is-layout-flex wp-block-gallery-is-layout-flex\"> <figure class=\"wp-block-image size-full\"><img loading=\"lazy\" decoding=\"async\" width=\"720\" height=\"540\" data-id=\"1190\" src=\"https:\/\/taizynut.com\/wp-content\/uploads\/2023\/03\/peanut-butter-2.webp\" alt=\"mantequilla de man\u00ed\" class=\"wp-image-1190\" title=\"\" srcset=\"https:\/\/taizynut.com\/wp-content\/uploads\/2023\/03\/peanut-butter-2.webp 720w, https:\/\/taizynut.com\/wp-content\/uploads\/2023\/03\/peanut-butter-2-300x225.webp 300w, https:\/\/taizynut.com\/wp-content\/uploads\/2023\/03\/peanut-butter-2-16x12.webp 16w\" sizes=\"auto, (max-width: 720px) 100vw, 720px\" \/><figcaption class=\"wp-element-caption\">Mantequilla de man\u00ed<\/figcaption><\/figure>    <figure class=\"wp-block-image size-large\"><img loading=\"lazy\" decoding=\"async\" width=\"607\" height=\"405\" data-id=\"719\" src=\"https:\/\/taizynut.com\/wp-content\/uploads\/2024\/11\/bottled-peanut-butter.webp\" alt=\"mantequilla de man\u00ed embotellada\" class=\"wp-image-719\" title=\"\" srcset=\"https:\/\/taizynut.com\/wp-content\/uploads\/2024\/11\/bottled-peanut-butter.webp 607w, https:\/\/taizynut.com\/wp-content\/uploads\/2024\/11\/bottled-peanut-butter-300x200.webp 300w, https:\/\/taizynut.com\/wp-content\/uploads\/2024\/11\/bottled-peanut-butter-18x12.webp 18w\" sizes=\"auto, (max-width: 607px) 100vw, 607px\" \/><figcaption class=\"wp-element-caption\">Mantequilla de man\u00ed embotellada<\/figcaption><\/figure> <\/figure>    <p>No importa qu\u00e9 sabor de mantequilla de man\u00ed desee producir y qu\u00e9 forma de envasado desee realizar, le proporcionaremos la l\u00ednea de producci\u00f3n de mantequilla de man\u00ed m\u00e1s adecuada.<\/p>","protected":false},"excerpt":{"rendered":"<p>La l\u00ednea semiautom\u00e1tica de procesamiento de mantequilla de man\u00ed Taizy es un conjunto de equipos especializados en hacer mantequilla de man\u00ed comestible tostando, pelando, moliendo, etc.<\/p>","protected":false},"author":1,"featured_media":318,"parent":0,"template":"","tags":[49,30],"product-type":[29],"class_list":["post-317","product","type-product","status-publish","has-post-thumbnail","hentry","tag-peanut-butter","tag-peanut-butter-processing-line","product-type-product-line"],"_links":{"self":[{"href":"https:\/\/taizynut.com\/es\/wp-json\/wp\/v2\/product\/317","targetHints":{"allow":["GET"]}}],"collection":[{"href":"https:\/\/taizynut.com\/es\/wp-json\/wp\/v2\/product"}],"about":[{"href":"https:\/\/taizynut.com\/es\/wp-json\/wp\/v2\/types\/product"}],"author":[{"embeddable":true,"href":"https:\/\/taizynut.com\/es\/wp-json\/wp\/v2\/users\/1"}],"wp:featuredmedia":[{"embeddable":true,"href":"https:\/\/taizynut.com\/es\/wp-json\/wp\/v2\/media\/318"}],"wp:attachment":[{"href":"https:\/\/taizynut.com\/es\/wp-json\/wp\/v2\/media?parent=317"}],"wp:term":[{"taxonomy":"post_tag","embeddable":true,"href":"https:\/\/taizynut.com\/es\/wp-json\/wp\/v2\/tags?post=317"},{"taxonomy":"product-type","embeddable":true,"href":"https:\/\/taizynut.com\/es\/wp-json\/wp\/v2\/product-type?post=317"}],"curies":[{"name":"wp","href":"https:\/\/api.w.org\/{rel}","templated":true}]}}