{"id":377,"date":"2023-04-07T16:50:41","date_gmt":"2023-04-07T08:50:41","guid":{"rendered":"https:\/\/taizynut.com\/?post_type=product&#038;p=377"},"modified":"2026-01-14T16:04:53","modified_gmt":"2026-01-14T08:04:53","slug":"small-peanut-roasting-machine-groundnut-roaster-machine","status":"publish","type":"product","link":"https:\/\/taizynut.com\/es\/product\/small-peanut-roasting-machine-groundnut-roaster-machine\/","title":{"rendered":"Peque\u00f1a m\u00e1quina tostadora de man\u00ed para eliminar la piel roja"},"content":{"rendered":"<p class=\"translation-block\">Esta <strong>m\u00e1quina de tostar cacahuetes<\/strong>, tambi\u00e9n llamada m\u00e1quina de tostar nueces, se especializa en tostar uniformemente cacahuetes, habas, granos de caf\u00e9, semillas de mel\u00f3n, nueces, etc. mediante calentamiento. <\/p>    <p>Nuestra m\u00e1quina tostadora de nueces tiene una capacidad de 80-700 kg\/h. El tiempo de tueste es de 30 a 45 minutos por vez. Tostar man\u00ed puede aumentar el sabor del man\u00ed y estimular su aroma.<\/p>    <p>La m\u00e1quina tostadora de man\u00ed adopta el principio de tambor giratorio, conducci\u00f3n de calor y radiaci\u00f3n de calor.  Los m\u00e9todos de calefacci\u00f3n son calefacci\u00f3n el\u00e9ctrica y calefacci\u00f3n a gas. La calefacci\u00f3n el\u00e9ctrica es generalmente de 240-260\u00b0C, la calefacci\u00f3n de gas es generalmente de 220-240\u00b0C y la temperatura m\u00e1xima. La temperatura puede alcanzar hasta 300\u00b0C. <\/p>    <p>La m\u00e1quina tostadora de man\u00ed Taizy ahorra energ\u00eda, es segura, higi\u00e9nica, conveniente y f\u00e1cil de operar, y se usa ampliamente en la industria de procesamiento de alimentos, especialmente en la producci\u00f3n de alimentos recreativos con man\u00ed.<\/p>    <figure class=\"wp-block-embed is-type-video is-provider-youtube wp-block-embed-youtube wp-embed-aspect-16-9 wp-has-aspect-ratio\"><div class=\"wp-block-embed__wrapper\"> <iframe loading=\"lazy\" title=\"Tostadora de man\u00ed perfecta para eliminar la piel roja | Tostador de nueces para hacer mantequilla de man\u00ed y dulces\" width=\"500\" height=\"281\" src=\"https:\/\/www.youtube.com\/embed\/UGriKVGjTY8?feature=oembed\" frameborder=\"0\" allow=\"accelerometer; autoplay; clipboard-write; encrypted-media; gyroscope; picture-in-picture; web-share\" referrerpolicy=\"strict-origin-when-cross-origin\" allowfullscreen><\/iframe> <\/div><figcaption class=\"wp-element-caption\">Video de m\u00e1quina tostadora de nueces para man\u00ed.<\/figcaption><\/figure>    <h2 class=\"wp-block-heading\"><strong>Ventajas de la peque\u00f1a tostadora de man\u00ed<\/strong><\/h2>    <ul class=\"wp-block-list\"> <li>El <strong>dise\u00f1o de circulaci\u00f3n de aire caliente<\/strong> Garantiza un calentamiento uniforme de cada man\u00ed, lo que hace que los man\u00edes tengan buen color y sabor.<\/li>    <li>El armario de control puede <strong>controlar la temperatura del horno, la temperatura y el tiempo de horneado<\/strong>, rango de temperatura ajustable de 0 a 300 \u2103 y tiempo de 30 a 45 minutos.<\/li>    <li>una variedad de <strong>Las fuentes de calor se pueden personalizar.<\/strong>, calefacci\u00f3n de gas o calefacci\u00f3n el\u00e9ctrica. Ahorra energ\u00eda.<\/li>    <li>El <strong>El funcionamiento es sencillo y pr\u00e1ctico.<\/strong>. Puedes aprender a operarlo enviando instrucciones y videos.<\/li>    <li>No s\u00f3lo es adecuado para man\u00ed, sino que tambi\u00e9n se puede utilizar para <strong>almendras tostadas, semillas de s\u00e9samo, semillas de mel\u00f3n, anacardos<\/strong> y otros materiales de nueces.<\/li>    <li>Nuestra m\u00e1quina tiene un <strong>espesor de la placa de acero inoxidable de 1,5 mm<\/strong>.<\/li> <\/ul>    <figure class=\"wp-block-gallery aligncenter has-nested-images columns-default is-cropped wp-block-gallery-2 is-layout-flex wp-block-gallery-is-layout-flex\"> <figure class=\"wp-block-image size-large\"><img loading=\"lazy\" decoding=\"async\" width=\"720\" height=\"540\" data-id=\"385\" src=\"https:\/\/taizynut.com\/wp-content\/uploads\/2023\/04\/small-peanut-roasting-machine.webp\" alt=\"peque\u00f1a tostadora de man\u00ed\" class=\"wp-image-385\" title=\"\" srcset=\"https:\/\/taizynut.com\/wp-content\/uploads\/2023\/04\/small-peanut-roasting-machine.webp 720w, https:\/\/taizynut.com\/wp-content\/uploads\/2023\/04\/small-peanut-roasting-machine-300x225.webp 300w\" sizes=\"auto, (max-width: 720px) 100vw, 720px\" \/><figcaption class=\"wp-element-caption\">Peque\u00f1a m\u00e1quina tostadora de man\u00ed para uso comercial<\/figcaption><\/figure>    <figure class=\"wp-block-image size-large\"><img loading=\"lazy\" decoding=\"async\" width=\"600\" height=\"600\" data-id=\"891\" src=\"https:\/\/taizynut.com\/wp-content\/uploads\/2023\/04\/roasted-peanuts.webp\" alt=\"man\u00edes tostados\" class=\"wp-image-891\" title=\"\" srcset=\"https:\/\/taizynut.com\/wp-content\/uploads\/2023\/04\/roasted-peanuts.webp 600w, https:\/\/taizynut.com\/wp-content\/uploads\/2023\/04\/roasted-peanuts-300x300.webp 300w, https:\/\/taizynut.com\/wp-content\/uploads\/2023\/04\/roasted-peanuts-150x150.webp 150w, https:\/\/taizynut.com\/wp-content\/uploads\/2023\/04\/roasted-peanuts-12x12.webp 12w\" sizes=\"auto, (max-width: 600px) 100vw, 600px\" \/><figcaption class=\"wp-element-caption\">Man\u00edes tostados<\/figcaption><\/figure> <\/figure>    <h2 class=\"wp-block-heading\"><strong>Par\u00e1metros t\u00e9cnicos de la m\u00e1quina rotadora de man\u00ed Taizy<\/strong><\/h2>    <figure class=\"wp-block-table\"><table><tbody><tr><td>Modelo<\/td><td>Tama\u00f1o (mm)<\/td><td>Capacidad (kg\/h)<\/td><td>Potencia del motor (kilovatios)<\/td><td>Calefacci\u00f3n el\u00e9ctrica (kw)<\/td><td>Calefacci\u00f3n de gas (kg)<\/td><\/tr><tr><td>TZM-1<\/td><td>3000*1200*1700<\/td><td>80-120<\/td><td>1.1<\/td><td>18<\/td><td>2-3<\/td><\/tr><tr><td>TZM-2<\/td><td>3000*2200*1700<\/td><td>180-250<\/td><td>2.2<\/td><td>35<\/td><td>4-6<\/td><\/tr><tr><td>TZM-3<\/td><td>3000*3300*1700<\/td><td>280-350<\/td><td>3.3<\/td><td>45<\/td><td>6-8<\/td><\/tr><tr><td>TZM-4<\/td><td>3000*4400*1700<\/td><td>380-450<\/td><td>4.4<\/td><td>60<\/td><td>8-10<\/td><\/tr><tr><td>TZM-5<\/td><td>3000*5500*1700<\/td><td>500-650<\/td><td>5.5<\/td><td>75<\/td><td>10-12<\/td><\/tr><\/tbody><\/table><figcaption class=\"wp-element-caption\">datos de la m\u00e1quina tostadora de man\u00ed<\/figcaption><\/figure>    <h2 class=\"wp-block-heading\"><strong>Estructura de la m\u00e1quina tostadora de man\u00ed.<\/strong><\/h2>    <p>La m\u00e1quina tiene una estructura simple, que consta de entrada, salida, gabinete de control, manija, motor, etc.<\/p>    <ul class=\"wp-block-list\"> <li>Entrada: alimentar con frutos secos.<\/li>    <li>Salida: tuercas de descarga.<\/li>    <li>Armario de control el\u00e9ctrico: controla la temperatura del horno.<\/li>    <li>Sensor de temperatura: mide la temperatura en el horno.<\/li>    <li>Tuber\u00eda de calefacci\u00f3n: utilizada para calefacci\u00f3n el\u00e9ctrica.<\/li>    <li>Tipo de gas: con quemador de infrarrojos en el interior.<\/li>    <li>Mango: cuando falla la energ\u00eda, puede girar el mango, descargando manualmente.<\/li>    <li>Motor: controla el funcionamiento de la jaula giratoria del horno.<\/li> <\/ul>    <figure class=\"wp-block-gallery has-nested-images columns-default is-cropped wp-block-gallery-3 is-layout-flex wp-block-gallery-is-layout-flex\"> <figure class=\"wp-block-image size-large\"><img loading=\"lazy\" decoding=\"async\" width=\"720\" height=\"540\" data-id=\"386\" src=\"https:\/\/taizynut.com\/wp-content\/uploads\/2023\/04\/small-peanut-roasting-machine-1.webp\" alt=\"peque\u00f1a tostadora de man\u00ed\" class=\"wp-image-386\" title=\"\" srcset=\"https:\/\/taizynut.com\/wp-content\/uploads\/2023\/04\/small-peanut-roasting-machine-1.webp 720w, https:\/\/taizynut.com\/wp-content\/uploads\/2023\/04\/small-peanut-roasting-machine-1-300x225.webp 300w\" sizes=\"auto, (max-width: 720px) 100vw, 720px\" \/><figcaption class=\"wp-element-caption\">Peque\u00f1a m\u00e1quina tostadora de man\u00ed<\/figcaption><\/figure>    <figure class=\"wp-block-image size-large\"><img loading=\"lazy\" decoding=\"async\" width=\"720\" height=\"540\" data-id=\"387\" src=\"https:\/\/taizynut.com\/wp-content\/uploads\/2023\/04\/small-peanut-roasting-machine-2.webp\" alt=\"peque\u00f1a tostadora de man\u00ed\" class=\"wp-image-387\" title=\"\" srcset=\"https:\/\/taizynut.com\/wp-content\/uploads\/2023\/04\/small-peanut-roasting-machine-2.webp 720w, https:\/\/taizynut.com\/wp-content\/uploads\/2023\/04\/small-peanut-roasting-machine-2-300x225.webp 300w\" sizes=\"auto, (max-width: 720px) 100vw, 720px\" \/><figcaption class=\"wp-element-caption\">M\u00e1quina tostadora de man\u00ed<\/figcaption><\/figure> <\/figure>    <h2 class=\"wp-block-heading\"><strong>\u00bfC\u00f3mo funciona una tostadora de man\u00ed?<\/strong><\/h2>    <p>La peque\u00f1a m\u00e1quina tostadora de man\u00ed adopta calefacci\u00f3n el\u00e9ctrica o calefacci\u00f3n a gas. A trav\u00e9s del sistema de circulaci\u00f3n de aire caliente, se asegura que el calor se distribuya uniformemente en el recipiente de tostado, de modo que los cacahuetes se calienten uniformemente y el efecto de tostado sea mejor.<\/p>    <p>El tiempo promedio de tostado de la m\u00e1quina tostadora de nueces es de 30 minutos y la temperatura de tostado oscila entre 220 y 260 \u2103 (aj\u00fastela seg\u00fan los m\u00e9todos de calentamiento). Hay peque\u00f1os agujeros en el horno para asar, lo que es bueno para la disipaci\u00f3n del calor.<\/p>    <div class=\"wp-block-group\"><div class=\"wp-block-group__inner-container is-layout-constrained wp-block-group-is-layout-constrained\"><div class=\"wp-block-image\"> <figure class=\"aligncenter size-full\"><img loading=\"lazy\" decoding=\"async\" width=\"720\" height=\"540\" src=\"https:\/\/taizynut.com\/wp-content\/uploads\/2023\/04\/peanut-roaster.webp\" alt=\"tostador de man\u00ed\" class=\"wp-image-384\" title=\"\" srcset=\"https:\/\/taizynut.com\/wp-content\/uploads\/2023\/04\/peanut-roaster.webp 720w, https:\/\/taizynut.com\/wp-content\/uploads\/2023\/04\/peanut-roaster-300x225.webp 300w\" sizes=\"auto, (max-width: 720px) 100vw, 720px\" \/><figcaption class=\"wp-element-caption\">tostador de man\u00ed<\/figcaption><\/figure> <\/div>   <h2 class=\"wp-block-heading\"><strong>\u00bfCu\u00e1l es el precio de la m\u00e1quina de tostar cacahuetes?<\/strong><\/h2>    <p>El precio de un tostador de man\u00ed depende de una variedad de factores, incluido el modelo del equipo, la potencia, el m\u00e9todo de calentamiento y el material. Diferentes escalas de necesidades de producci\u00f3n coincidir\u00e1n con diferentes especificaciones de la m\u00e1quina tostadora de man\u00ed, por lo que el precio es diferente.<\/p>    <p>Por lo general, el precio de una tostadora de man\u00ed peque\u00f1a es m\u00e1s bajo que el de las medianas y grandes. La m\u00e1quina tostadora de man\u00ed con calefacci\u00f3n a gas es m\u00e1s cara que las que tienen calefacci\u00f3n el\u00e9ctrica.<\/p>    <p>Si desea obtener una cotizaci\u00f3n precisa, bienvenido a contactarnos y le proporcionaremos un programa detallado y sugerencias razonables.<\/p> <\/div><\/div>   <div class=\"wp-block-image\"> <figure class=\"aligncenter size-full\"><img loading=\"lazy\" decoding=\"async\" width=\"720\" height=\"540\" src=\"https:\/\/taizynut.com\/wp-content\/uploads\/2024\/04\/peanut-roasting-machine-for-sale.webp\" alt=\"Vendo tostadora de man\u00ed\" class=\"wp-image-529\" title=\"\" srcset=\"https:\/\/taizynut.com\/wp-content\/uploads\/2024\/04\/peanut-roasting-machine-for-sale.webp 720w, https:\/\/taizynut.com\/wp-content\/uploads\/2024\/04\/peanut-roasting-machine-for-sale-300x225.webp 300w, https:\/\/taizynut.com\/wp-content\/uploads\/2024\/04\/peanut-roasting-machine-for-sale-16x12.webp 16w\" sizes=\"auto, (max-width: 720px) 100vw, 720px\" \/><figcaption class=\"wp-element-caption\">Vendo tostadora de man\u00ed<\/figcaption><\/figure> <\/div>   <h2 class=\"wp-block-heading\"><strong>\u00bfQu\u00e9 alimentos con man\u00ed requieren la m\u00e1quina tostadora de man\u00ed?<\/strong><\/h2>    <p class=\"translation-block\">Muchas necesidades de procesamiento de alimentos de cacahuete requieren usar m\u00e1quinas tostadoras de cacahuetes, como <a href=\"https:\/\/taizynut.com\/es\/product\/semi-automatic-peanut-butter-processing-line\/\">l\u00ednea de producci\u00f3n de mantequilla de cacahuete<\/a>, l\u00ednea de producci\u00f3n de cacahuetes recubiertos, <a href=\"https:\/\/taizynut.com\/es\/product\/peanut-brittle-bar-production-line\/\">l\u00ednea de procesamiento de caramelos de cacahuete<\/a>, etc.<\/p>    <p>Adem\u00e1s, la m\u00e1quina tostadora de nueces Taizy tambi\u00e9n es necesaria en los siguientes escenarios:<\/p>    <ul class=\"wp-block-list\"> <li>Tostado por lotes en una f\u00e1brica de procesamiento de nueces<\/li>    <li>Empresas alimentarias para la producci\u00f3n de snacks de man\u00ed.<\/li> <\/ul>    <figure class=\"wp-block-gallery has-nested-images columns-default is-cropped wp-block-gallery-4 is-layout-flex wp-block-gallery-is-layout-flex\"> <figure class=\"wp-block-image size-large\"><img loading=\"lazy\" decoding=\"async\" width=\"474\" height=\"474\" data-id=\"378\" src=\"https:\/\/taizynut.com\/wp-content\/uploads\/2023\/04\/peanut-butter.webp\" alt=\"mantequilla de man\u00ed\" class=\"wp-image-378\" title=\"\" srcset=\"https:\/\/taizynut.com\/wp-content\/uploads\/2023\/04\/peanut-butter.webp 474w, https:\/\/taizynut.com\/wp-content\/uploads\/2023\/04\/peanut-butter-300x300.webp 300w, https:\/\/taizynut.com\/wp-content\/uploads\/2023\/04\/peanut-butter-150x150.webp 150w\" sizes=\"auto, (max-width: 474px) 100vw, 474px\" \/><figcaption class=\"wp-element-caption\">Mantequilla de man\u00ed<\/figcaption><\/figure>    <figure class=\"wp-block-image size-large\"><img loading=\"lazy\" decoding=\"async\" width=\"474\" height=\"474\" data-id=\"380\" src=\"https:\/\/taizynut.com\/wp-content\/uploads\/2023\/04\/coated-peanuts.webp\" alt=\"man\u00ed recubierto\" class=\"wp-image-380\" title=\"\" srcset=\"https:\/\/taizynut.com\/wp-content\/uploads\/2023\/04\/coated-peanuts.webp 474w, https:\/\/taizynut.com\/wp-content\/uploads\/2023\/04\/coated-peanuts-300x300.webp 300w, https:\/\/taizynut.com\/wp-content\/uploads\/2023\/04\/coated-peanuts-150x150.webp 150w\" sizes=\"auto, (max-width: 474px) 100vw, 474px\" \/><figcaption class=\"wp-element-caption\">Man\u00ed Recubierto<\/figcaption><\/figure>    <figure class=\"wp-block-image size-large\"><img loading=\"lazy\" decoding=\"async\" width=\"474\" height=\"474\" data-id=\"379\" src=\"https:\/\/taizynut.com\/wp-content\/uploads\/2023\/04\/peanut-biittle.webp\" alt=\"poco de man\u00ed\" class=\"wp-image-379\" title=\"\" srcset=\"https:\/\/taizynut.com\/wp-content\/uploads\/2023\/04\/peanut-biittle.webp 474w, https:\/\/taizynut.com\/wp-content\/uploads\/2023\/04\/peanut-biittle-300x300.webp 300w, https:\/\/taizynut.com\/wp-content\/uploads\/2023\/04\/peanut-biittle-150x150.webp 150w\" sizes=\"auto, (max-width: 474px) 100vw, 474px\" \/><figcaption class=\"wp-element-caption\">Bizcocho de man\u00ed<\/figcaption><\/figure> <\/figure>    <h2 class=\"wp-block-heading\"><strong>\u00bfPuede el tostador de man\u00ed procesar otros frutos secos?<\/strong><\/h2>    <p class=\"translation-block\">Esta peque\u00f1a m\u00e1quina de tostar cacahuetes tiene una amplia gama de aplicaciones. Adem\u00e1s de cacahuetes, tambi\u00e9n puede tostar <strong>semillas de girasol, semillas de s\u00e9samo, frijoles, granos de cacao, <a href=\"https:\/\/en.wikipedia.org\/wiki\/Cashew\" target=\"_blank\" rel=\"noopener\">nueces de anacardo<\/a>, almendras, nueces, avellanas, pi\u00f1ones, nueces blancas<\/strong> y otras nueces. <\/p>    <p>Al tostar semillas de s\u00e9samo, la m\u00e1quina debe personalizarse por separado. Debido al peque\u00f1o tama\u00f1o del s\u00e9samo, no se pueden hacer agujeros peque\u00f1os en el horno. Debes personalizar la salida por separado para colocar las semillas de s\u00e9samo y que se caigan.<\/p>    <figure class=\"wp-block-gallery has-nested-images columns-default is-cropped wp-block-gallery-5 is-layout-flex wp-block-gallery-is-layout-flex\"> <figure class=\"wp-block-image size-large\"><img loading=\"lazy\" decoding=\"async\" width=\"720\" height=\"540\" data-id=\"382\" src=\"https:\/\/taizynut.com\/wp-content\/uploads\/2023\/04\/perforated-interior.jpg\" alt=\"interior perforado\" class=\"wp-image-382\" title=\"\" srcset=\"https:\/\/taizynut.com\/wp-content\/uploads\/2023\/04\/perforated-interior.jpg 720w, https:\/\/taizynut.com\/wp-content\/uploads\/2023\/04\/perforated-interior-300x225.jpg 300w\" sizes=\"auto, (max-width: 720px) 100vw, 720px\" \/><figcaption class=\"wp-element-caption\">Interior perforado<\/figcaption><\/figure>    <figure class=\"wp-block-image size-large\"><img loading=\"lazy\" decoding=\"async\" width=\"720\" height=\"540\" data-id=\"381\" src=\"https:\/\/taizynut.com\/wp-content\/uploads\/2023\/04\/peanut-roasting-machine.jpg\" alt=\"m\u00e1quina tostadora de man\u00ed\" class=\"wp-image-381\" title=\"\" srcset=\"https:\/\/taizynut.com\/wp-content\/uploads\/2023\/04\/peanut-roasting-machine.jpg 720w, https:\/\/taizynut.com\/wp-content\/uploads\/2023\/04\/peanut-roasting-machine-300x225.jpg 300w\" sizes=\"auto, (max-width: 720px) 100vw, 720px\" \/><figcaption class=\"wp-element-caption\">M\u00e1quina tostadora de nueces para s\u00e9samo<\/figcaption><\/figure>    <figure class=\"wp-block-image size-large\"><img loading=\"lazy\" decoding=\"async\" width=\"720\" height=\"540\" data-id=\"383\" src=\"https:\/\/taizynut.com\/wp-content\/uploads\/2023\/04\/non-porous-interior.jpg\" alt=\"interior no poroso\" class=\"wp-image-383\" title=\"\" srcset=\"https:\/\/taizynut.com\/wp-content\/uploads\/2023\/04\/non-porous-interior.jpg 720w, https:\/\/taizynut.com\/wp-content\/uploads\/2023\/04\/non-porous-interior-300x225.jpg 300w\" sizes=\"auto, (max-width: 720px) 100vw, 720px\" \/><figcaption class=\"wp-element-caption\">Interior no poroso<\/figcaption><\/figure> <\/figure>    <p>Si necesita m\u00e1s detalles sobre la m\u00e1quina tostadora de man\u00ed, \u00a1cont\u00e1ctenos!<\/p>","protected":false},"excerpt":{"rendered":"<p>Esta m\u00e1quina tostadora de man\u00ed se especializa en tostar uniformemente man\u00ed, almendras, anacardos, etc. mediante calentamiento. Tiene una capacidad de 80-700kg\/h.<\/p>","protected":false},"author":1,"featured_media":388,"parent":0,"template":"","tags":[45,33,58],"product-type":[27],"class_list":["post-377","product","type-product","status-publish","has-post-thumbnail","hentry","tag-peanut","tag-peanut-roasting-machine","tag-roasting","product-type-peanut-kernel-processing"],"_links":{"self":[{"href":"https:\/\/taizynut.com\/es\/wp-json\/wp\/v2\/product\/377","targetHints":{"allow":["GET"]}}],"collection":[{"href":"https:\/\/taizynut.com\/es\/wp-json\/wp\/v2\/product"}],"about":[{"href":"https:\/\/taizynut.com\/es\/wp-json\/wp\/v2\/types\/product"}],"author":[{"embeddable":true,"href":"https:\/\/taizynut.com\/es\/wp-json\/wp\/v2\/users\/1"}],"wp:featuredmedia":[{"embeddable":true,"href":"https:\/\/taizynut.com\/es\/wp-json\/wp\/v2\/media\/388"}],"wp:attachment":[{"href":"https:\/\/taizynut.com\/es\/wp-json\/wp\/v2\/media?parent=377"}],"wp:term":[{"taxonomy":"post_tag","embeddable":true,"href":"https:\/\/taizynut.com\/es\/wp-json\/wp\/v2\/tags?post=377"},{"taxonomy":"product-type","embeddable":true,"href":"https:\/\/taizynut.com\/es\/wp-json\/wp\/v2\/product-type?post=377"}],"curies":[{"name":"wp","href":"https:\/\/api.w.org\/{rel}","templated":true}]}}