{"id":38,"date":"2022-08-25T03:05:22","date_gmt":"2022-08-25T03:05:22","guid":{"rendered":"https:\/\/taizynut.com\/?post_type=product&#038;p=38"},"modified":"2024-05-31T18:11:33","modified_gmt":"2024-05-31T10:11:33","slug":"peanut-harvesting-machine","status":"publish","type":"product","link":"https:\/\/taizynut.com\/es\/product\/peanut-harvesting-machine\/","title":{"rendered":"M\u00e1quina recolectora de man\u00ed para excavar man\u00ed"},"content":{"rendered":"<p class=\"translation-block\">La <strong>m\u00e1quina cosechadora de cacahuete<\/strong> sirve para separar los cacahuetes que crecen en los campos de la tierra. Debe funcionar con un tractor y tiene una tasa de cosecha del \u226598%, una tasa de rotura del \u22641% y una tasa de limpieza del \u226595%.<\/p>    <p>Tenemos 3 tipos de cosechadoras de man\u00ed para su referencia: HS-800, HS-1500 y 1650. Ambas pueden completar la cosecha de man\u00ed mediante los pasos de excavaci\u00f3n, remoci\u00f3n de tierra y recolecci\u00f3n de fruta.<\/p>    <p>Con su criba vibratoria y su operaci\u00f3n simple y f\u00e1cil, esta excavadora de man\u00ed es muy popular en los pa\u00edses de Nigeria, Italia, Senegal, Saint Kitts y Nevis, etc. Si est\u00e1 interesado, cont\u00e1ctenos ahora para obtener m\u00e1s detalles sobre la m\u00e1quina.<\/p>    <figure class=\"wp-block-embed is-type-video is-provider-youtube wp-block-embed-youtube wp-embed-aspect-16-9 wp-has-aspect-ratio\"><div class=\"wp-block-embed__wrapper\"> <iframe loading=\"lazy\" title=\"\u00bfC\u00f3mo cosechar man\u00ed de forma r\u00e1pida y eficiente? Precio de la cosechadora de man\u00ed\" width=\"500\" height=\"281\" src=\"https:\/\/www.youtube.com\/embed\/l9x05MhLUuM?feature=oembed\" frameborder=\"0\" allow=\"accelerometer; autoplay; clipboard-write; encrypted-media; gyroscope; picture-in-picture; web-share\" referrerpolicy=\"strict-origin-when-cross-origin\" allowfullscreen><\/iframe> <\/div><figcaption class=\"wp-element-caption\">v\u00eddeo sobre c\u00f3mo funciona el nuevo tipo de cosechadora de man\u00ed<\/figcaption><\/figure>    <h2 class=\"wp-block-heading\">Ventajas de la cosechadora de man\u00ed<\/h2>    <ul class=\"wp-block-list\"> <li><strong>Tasa de limpieza de \u226595% y tasa de recolecci\u00f3n de \u226598%<\/strong>: La cosecha es limpia y la tasa de ca\u00edda de frutos es baja. Cuando se cosechan los cacahuetes, los cacahuetes esparcidos se pueden recoger juntos.<\/li>    <li><strong>cadena trepadora<\/strong>: Esta m\u00e1quina adopta una cadena que es flexible para transportar man\u00ed cosechado.<\/li>    <li><strong>Criba vibratoria adicional<\/strong>: Al cosechar, puede almacenar los cacahuetes ca\u00eddos sin necesidad de recogerlos manualmente, lo que ahorra mano de obra. <\/li>    <li><strong>Equipado con cuchillas m\u00f3viles<\/strong>: Este dise\u00f1o minimiza la resistencia de recolecci\u00f3n, lo que acelera la velocidad de recolecci\u00f3n.<\/li> <\/ul>   <div class=\"wp-block-image\"> <figure class=\"aligncenter size-full\"><img loading=\"lazy\" decoding=\"async\" width=\"720\" height=\"540\" src=\"https:\/\/taizynut.com\/wp-content\/uploads\/2022\/08\/Peanut-harvesting-machine-1.webp\" alt=\"M\u00e1quina cosechadora de man\u00ed\" class=\"wp-image-42\" title=\"\" srcset=\"https:\/\/taizynut.com\/wp-content\/uploads\/2022\/08\/Peanut-harvesting-machine-1.webp 720w, https:\/\/taizynut.com\/wp-content\/uploads\/2022\/08\/Peanut-harvesting-machine-1-300x225.webp 300w\" sizes=\"auto, (max-width: 720px) 100vw, 720px\" \/><figcaption class=\"wp-element-caption\">M\u00e1quina cosechadora de man\u00ed<\/figcaption><\/figure> <\/div>   <h2 class=\"wp-block-heading\">Par\u00e1metros de la cosechadora de man\u00ed.<\/h2>    <p>Tenemos a la venta excavadoras de man\u00ed HS-800, HS-1500 y HS-1650, los par\u00e1metros espec\u00edficos de estas se describen respectivamente a continuaci\u00f3n:<\/p>    <figure class=\"wp-block-table\"><table><tbody><tr><td>Modelo<\/td><td>HS-800<\/td><\/tr><tr><td>Capacidad<\/td><td>1300-2000 metros cuadrados\/h<\/td><\/tr><tr><td>Tasa de embalaje<\/td><td>\u226598%<\/td><\/tr><tr><td>tasa de ruptura<\/td><td>\u22641%<\/td><\/tr><tr><td>Tasa de limpieza<\/td><td>\u226595%<\/td><\/tr><tr><td>Peso<\/td><td>280 kilos<\/td><\/tr><tr><td>poder de la casa<\/td><td>30HP<\/td><\/tr><tr><td>Ancho de cosecha<\/td><td>dos filas<\/td><\/tr><tr><td>Distancia entre filas<\/td><td>750-850 mm<\/td><\/tr><tr><td>Distancia entre filas<\/td><td>180-250 mm<\/td><\/tr><tr><td>Dimensi\u00f3n<\/td><td>2100*1050*1030mm<\/td><\/tr><\/tbody><\/table><figcaption class=\"wp-element-caption\">Par\u00e1metros de la cosechadora de man\u00ed HS-800<\/figcaption><\/figure>    <figure class=\"wp-block-table\"><table><tbody><tr><td>Modelo<\/td><td>HS-1500<\/td><td>HS-1650<\/td><\/tr><tr><td>Poder igualado<\/td><td>37-44kw<\/td><td>60-81kw<\/td><\/tr><tr><td>Anchura de trabajo<\/td><td>1500 mm<\/td><td>1600 mm<\/td><\/tr><tr><td>Capacidad<\/td><td>0,15-0,22 h\u33a1\/h<\/td><td>0,16-0,25 h\u33a1\/h<\/td><\/tr><tr><td>Peso de la m\u00e1quina<\/td><td>450 kilos<\/td><td>780 kilos<\/td><\/tr><tr><td>Tama\u00f1o de la m\u00e1quina<\/td><td>3140*1770*1150mm<\/td><td>3830*1990*1340mm<\/td><\/tr><\/tbody><\/table><figcaption class=\"wp-element-caption\">Par\u00e1metros de los equipos de recolecci\u00f3n de man\u00ed HS-1500 y HS-1650.<\/figcaption><\/figure>    <p>Puede decidir qu\u00e9 cosechadora de man\u00ed utilizar seg\u00fan su escala de siembra y sus necesidades de recolecci\u00f3n de man\u00ed. <\/p>    <p>Si necesita ayuda, p\u00f3ngase en contacto con nosotros y le proporcionaremos la soluci\u00f3n m\u00e1s adecuada en funci\u00f3n de sus necesidades.<\/p>    <figure class=\"wp-block-image size-full is-resized\"><img loading=\"lazy\" decoding=\"async\" width=\"720\" height=\"540\" src=\"https:\/\/taizynut.com\/wp-content\/uploads\/2022\/08\/peanut-harvester-factory.webp\" alt=\"f\u00e1brica de cosechadoras de man\u00ed\" class=\"wp-image-47\" style=\"width:840px;height:auto\" title=\"\" srcset=\"https:\/\/taizynut.com\/wp-content\/uploads\/2022\/08\/peanut-harvester-factory.webp 720w, https:\/\/taizynut.com\/wp-content\/uploads\/2022\/08\/peanut-harvester-factory-300x225.webp 300w\" sizes=\"auto, (max-width: 720px) 100vw, 720px\" \/><figcaption class=\"wp-element-caption\">F\u00e1brica de cosechadoras de man\u00ed<\/figcaption><\/figure>    <h2 class=\"wp-block-heading\" id=\"h-the-function-of-peanut-harvester\">La funci\u00f3n de la cosechadora de man\u00ed.<\/h2>    <p>La m\u00e1quina cosechadora de man\u00ed reemplaza la excavaci\u00f3n manual de frutos de man\u00ed, saca los man\u00edes del suelo y coloca las pl\u00e1ntulas de man\u00ed extra\u00eddas en el costado de la m\u00e1quina, lo cual es conveniente para que un autom\u00f3vil las retire directamente. <\/p>    <figure class=\"wp-block-embed is-type-video is-provider-youtube wp-block-embed-youtube wp-embed-aspect-16-9 wp-has-aspect-ratio\"><div class=\"wp-block-embed__wrapper\"> <iframe loading=\"lazy\" title=\"\u00bfQu\u00e9 m\u00e1quina se utiliza para cosechar man\u00ed? | \u00bfC\u00f3mo funciona una cosechadora de man\u00ed? | cosecha de man\u00ed\" width=\"500\" height=\"281\" src=\"https:\/\/www.youtube.com\/embed\/pBuKYAphb0M?feature=oembed\" frameborder=\"0\" allow=\"accelerometer; autoplay; clipboard-write; encrypted-media; gyroscope; picture-in-picture; web-share\" referrerpolicy=\"strict-origin-when-cross-origin\" allowfullscreen><\/iframe> <\/div><figcaption class=\"wp-element-caption\">Video de trabajo de la m\u00e1quina cosechadora de man\u00ed.<\/figcaption><\/figure>    <p>La tasa de recuperaci\u00f3n neta es superior a 99% y la tasa de pelado es inferior a 1%. Despu\u00e9s de ser procesado por la cosechadora de man\u00ed, casi no queda man\u00ed en el mundo.<\/p>    <figure class=\"wp-block-gallery has-nested-images columns-default is-cropped wp-block-gallery-2 is-layout-flex wp-block-gallery-is-layout-flex\"> <figure class=\"wp-block-image size-large\"><img loading=\"lazy\" decoding=\"async\" width=\"720\" height=\"540\" data-id=\"49\" src=\"https:\/\/taizynut.com\/wp-content\/uploads\/2022\/08\/groundnut-harvester-1.webp\" alt=\"cosechadora de man\u00ed\" class=\"wp-image-49\" title=\"\" srcset=\"https:\/\/taizynut.com\/wp-content\/uploads\/2022\/08\/groundnut-harvester-1.webp 720w, https:\/\/taizynut.com\/wp-content\/uploads\/2022\/08\/groundnut-harvester-1-300x225.webp 300w\" sizes=\"auto, (max-width: 720px) 100vw, 720px\" \/><figcaption class=\"wp-element-caption\">Cosechadora de man\u00ed<\/figcaption><\/figure>    <figure class=\"wp-block-image size-large\"><img loading=\"lazy\" decoding=\"async\" width=\"720\" height=\"540\" data-id=\"45\" src=\"https:\/\/taizynut.com\/wp-content\/uploads\/2022\/08\/groundnut-harvesting.webp\" alt=\"cosecha de man\u00ed\" class=\"wp-image-45\" title=\"\" srcset=\"https:\/\/taizynut.com\/wp-content\/uploads\/2022\/08\/groundnut-harvesting.webp 720w, https:\/\/taizynut.com\/wp-content\/uploads\/2022\/08\/groundnut-harvesting-300x225.webp 300w\" sizes=\"auto, (max-width: 720px) 100vw, 720px\" \/><figcaption class=\"wp-element-caption\">Cosecha de man\u00ed<\/figcaption><\/figure> <\/figure>    <h2 class=\"wp-block-heading\">Efecto de trabajo de la cosechadora de man\u00ed.<\/h2>    <p>Cuando los cacahuetes se vuelvan a cosechar, los cacahuetes que no est\u00e9n bien conectados a las pl\u00e1ntulas de man\u00ed se caer\u00e1n. Los cacahuetes deben recogerse uno por uno para su recolecci\u00f3n manual. <\/p>    <p>La cosechadora de man\u00ed tiene una estructura especial para recolectar autom\u00e1ticamente los man\u00edes dispersos. Coloca todas las pl\u00e1ntulas de man\u00ed en un lado para facilitar la recolecci\u00f3n de man\u00ed.<\/p>    <figure class=\"wp-block-gallery has-nested-images columns-default is-cropped wp-block-gallery-3 is-layout-flex wp-block-gallery-is-layout-flex\"> <figure class=\"wp-block-image size-large\"><img loading=\"lazy\" decoding=\"async\" width=\"720\" height=\"540\" data-id=\"43\" src=\"https:\/\/taizynut.com\/wp-content\/uploads\/2022\/08\/Peanut-harvesting-machine-detail.webp\" alt=\"Detalle de la m\u00e1quina cosechadora de man\u00ed\" class=\"wp-image-43\" title=\"\" srcset=\"https:\/\/taizynut.com\/wp-content\/uploads\/2022\/08\/Peanut-harvesting-machine-detail.webp 720w, https:\/\/taizynut.com\/wp-content\/uploads\/2022\/08\/Peanut-harvesting-machine-detail-300x225.webp 300w\" sizes=\"auto, (max-width: 720px) 100vw, 720px\" \/><figcaption class=\"wp-element-caption\">Detalle de la m\u00e1quina cosechadora de man\u00ed<\/figcaption><\/figure>    <figure class=\"wp-block-image size-large\"><img loading=\"lazy\" decoding=\"async\" width=\"720\" height=\"540\" data-id=\"41\" src=\"https:\/\/taizynut.com\/wp-content\/uploads\/2022\/08\/Peanut-harvesting.webp\" alt=\"Cosecha de man\u00ed\" class=\"wp-image-41\" title=\"\" srcset=\"https:\/\/taizynut.com\/wp-content\/uploads\/2022\/08\/Peanut-harvesting.webp 720w, https:\/\/taizynut.com\/wp-content\/uploads\/2022\/08\/Peanut-harvesting-300x225.webp 300w\" sizes=\"auto, (max-width: 720px) 100vw, 720px\" \/><figcaption class=\"wp-element-caption\">Cosecha de man\u00ed<\/figcaption><\/figure> <\/figure>    <h2 class=\"wp-block-heading\">\u00bfC\u00f3mo utilizar la m\u00e1quina recolectora de man\u00ed?<\/h2>    <p class=\"translation-block\">La cosechadora de cacahuete necesita funcionar con un tractor acoplado. Si ya tiene un <a href=\"https:\/\/en.wikipedia.org\/wiki\/Tractor\" data-type=\"URL\" data-id=\"https:\/\/en.wikipedia.org\/wiki\/Tractor\" target=\"_blank\" rel=\"noopener\">tractor<\/a>, puede usar su propio tractor directamente. Si no, tambi\u00e9n tenemos un tractor compatible, puede optar por comprarlo. <\/p>    <p>El espacio entre hileras de man\u00ed se puede ajustar entre 180 y 250 mm. La profundidad de trabajo de la cosechadora de man\u00ed es de 3 a 5 cm. Aplicable a una l\u00ednea y dos l\u00edneas. <\/p>    <p class=\"translation-block\">Se puede utilizar una <a href=\"https:\/\/taizynut.com\/es\/product\/peanut-planting-machine\/\">sembradora de cacahuete<\/a> en la industria de producci\u00f3n de cacahuete despu\u00e9s de cosechar los cacahuetes, si tambi\u00e9n puede usar una m\u00e1quina recolectora de cacahuetes para recoger el fruto del cacahuete. Esto ahorra m\u00e1s tiempo y esfuerzo.<\/p>   <div class=\"wp-block-image\"> <figure class=\"aligncenter size-full\"><img loading=\"lazy\" decoding=\"async\" width=\"720\" height=\"540\" src=\"https:\/\/taizynut.com\/wp-content\/uploads\/2022\/08\/groundnut-harvester.webp\" alt=\"cosechadora de man\u00ed\" class=\"wp-image-46\" title=\"\" srcset=\"https:\/\/taizynut.com\/wp-content\/uploads\/2022\/08\/groundnut-harvester.webp 720w, https:\/\/taizynut.com\/wp-content\/uploads\/2022\/08\/groundnut-harvester-300x225.webp 300w\" sizes=\"auto, (max-width: 720px) 100vw, 720px\" \/><figcaption class=\"wp-element-caption\">cosechadora de man\u00ed<\/figcaption><\/figure> <\/div>   <h2 class=\"wp-block-heading\">Estructura de la m\u00e1quina cosechadora de man\u00ed.<\/h2>    <ul class=\"wp-block-list\"> <li>Pala para cavar profundamente en el suelo y aflojarlo;<\/li>    <li>El eje de transmisi\u00f3n es el dispositivo de transmisi\u00f3n de la cosechadora de man\u00ed, que impulsa otras estructuras para que se muevan juntas;<\/li>    <li>P\u00faas para la disposici\u00f3n ordenada del man\u00ed;<\/li>    <li>La criba vibratoria recoge los cacahuetes que caen del suelo y mejora la tasa de recogida de la cosechadora de cacahuetes.<\/li> <\/ul>   <div class=\"wp-block-image\"> <figure class=\"aligncenter size-full\"><img loading=\"lazy\" decoding=\"async\" width=\"720\" height=\"540\" src=\"https:\/\/taizynut.com\/wp-content\/uploads\/2022\/08\/peanut-harvesting-machine-2.webp\" alt=\"m\u00e1quina cosechadora de man\u00ed\" class=\"wp-image-51\" title=\"\" srcset=\"https:\/\/taizynut.com\/wp-content\/uploads\/2022\/08\/peanut-harvesting-machine-2.webp 720w, https:\/\/taizynut.com\/wp-content\/uploads\/2022\/08\/peanut-harvesting-machine-2-300x225.webp 300w\" sizes=\"auto, (max-width: 720px) 100vw, 720px\" \/><figcaption class=\"wp-element-caption\">m\u00e1quina cosechadora de man\u00ed<\/figcaption><\/figure> <\/div>   <h2 class=\"wp-block-heading\">Principio de funcionamiento de la cosechadora de man\u00ed.<\/h2>    <p>La excavadora de man\u00ed adopta el principio de una criba vibratoria. Despu\u00e9s de agitar, se sacude la tierra del man\u00ed y el man\u00ed se descarga en una secci\u00f3n para facilitar el reciclaje.<\/p>   <div class=\"wp-block-image\"> <figure class=\"aligncenter size-full\"><img loading=\"lazy\" decoding=\"async\" width=\"720\" height=\"540\" src=\"https:\/\/taizynut.com\/wp-content\/uploads\/2022\/08\/peanut-harvester.webp\" alt=\"cosechadora de man\u00ed\" class=\"wp-image-48\" title=\"\" srcset=\"https:\/\/taizynut.com\/wp-content\/uploads\/2022\/08\/peanut-harvester.webp 720w, https:\/\/taizynut.com\/wp-content\/uploads\/2022\/08\/peanut-harvester-300x225.webp 300w\" sizes=\"auto, (max-width: 720px) 100vw, 720px\" \/><figcaption class=\"wp-element-caption\">cosechadora de man\u00ed<\/figcaption><\/figure> <\/div>   <h2 class=\"wp-block-heading\"><strong>Mantenimiento diario de la m\u00e1quina cosechadora de man\u00ed.<\/strong><\/h2>    <ol class=\"wp-block-list\"> <li>Despu\u00e9s de cada turno, se debe quitar la tierra de cada parte de la m\u00e1quina y se deben eliminar las malas hierbas envueltas alrededor de la m\u00e1quina.<\/li>    <li>Verifique los sujetadores de varias piezas, si est\u00e1n flojos, aj\u00fastelos a tiempo y verifique el desgaste de la correa.&nbsp;<\/li>    <li>Compruebe si cada pieza giratoria gira de forma flexible. Si no es normal, conviene ajustarlo y eliminarlo a tiempo.<\/li>    <li>Cuando no se utilicen durante un per\u00edodo prolongado, las herramientas deben protegerse de la lluvia y evitar el contacto con sustancias \u00e1cidas para evitar la corrosi\u00f3n. \u00a1Las cuchillas deben estar engrasadas!<\/li> <\/ol>   <div class=\"wp-block-image\"> <figure class=\"aligncenter size-full\"><img loading=\"lazy\" decoding=\"async\" width=\"720\" height=\"540\" src=\"https:\/\/taizynut.com\/wp-content\/uploads\/2022\/08\/groundnut-harvester-2.webp\" alt=\"cosechadora de man\u00ed\" class=\"wp-image-50\" title=\"\" srcset=\"https:\/\/taizynut.com\/wp-content\/uploads\/2022\/08\/groundnut-harvester-2.webp 720w, https:\/\/taizynut.com\/wp-content\/uploads\/2022\/08\/groundnut-harvester-2-300x225.webp 300w\" sizes=\"auto, (max-width: 720px) 100vw, 720px\" \/><figcaption class=\"wp-element-caption\">cosechadora de man\u00ed<\/figcaption><\/figure> <\/div>","protected":false},"excerpt":{"rendered":"<p>La m\u00e1quina recolectora de man\u00ed sirve para separar del suelo los man\u00edes que crecen en los campos. Tiene una tasa de recolecci\u00f3n de \u226598%, una tasa de rotura de \u22641% y una tasa de limpieza de \u226595%.<\/p>","protected":false},"author":1,"featured_media":40,"parent":0,"template":"","tags":[52],"product-type":[12],"class_list":["post-38","product","type-product","status-publish","has-post-thumbnail","hentry","tag-peanut-harvesting","product-type-peanut-harvester"],"_links":{"self":[{"href":"https:\/\/taizynut.com\/es\/wp-json\/wp\/v2\/product\/38","targetHints":{"allow":["GET"]}}],"collection":[{"href":"https:\/\/taizynut.com\/es\/wp-json\/wp\/v2\/product"}],"about":[{"href":"https:\/\/taizynut.com\/es\/wp-json\/wp\/v2\/types\/product"}],"author":[{"embeddable":true,"href":"https:\/\/taizynut.com\/es\/wp-json\/wp\/v2\/users\/1"}],"wp:featuredmedia":[{"embeddable":true,"href":"https:\/\/taizynut.com\/es\/wp-json\/wp\/v2\/media\/40"}],"wp:attachment":[{"href":"https:\/\/taizynut.com\/es\/wp-json\/wp\/v2\/media?parent=38"}],"wp:term":[{"taxonomy":"post_tag","embeddable":true,"href":"https:\/\/taizynut.com\/es\/wp-json\/wp\/v2\/tags?post=38"},{"taxonomy":"product-type","embeddable":true,"href":"https:\/\/taizynut.com\/es\/wp-json\/wp\/v2\/product-type?post=38"}],"curies":[{"name":"wp","href":"https:\/\/api.w.org\/{rel}","templated":true}]}}