{"id":52,"date":"2022-08-25T07:18:33","date_gmt":"2022-08-25T07:18:33","guid":{"rendered":"https:\/\/taizynut.com\/?post_type=product&#038;p=52"},"modified":"2024-05-31T09:37:26","modified_gmt":"2024-05-31T01:37:26","slug":"peanut-picking-machine","status":"publish","type":"product","link":"https:\/\/taizynut.com\/es\/product\/peanut-picking-machine\/","title":{"rendered":"M\u00e1quina recolectora de man\u00ed para cosechar man\u00ed"},"content":{"rendered":"<p class=\"translation-block\">La <strong>m\u00e1quina recogedora de cacahuetes<\/strong> es una m\u00e1quina utilizada para separar las pl\u00e1ntulas de cacahuete y los cacahuetes. La m\u00e1quina puede recoger autom\u00e1ticamente el cacahuete con una capacidad de manipulaci\u00f3n de 800-1000 kg\/h.<\/p>    <p>Esta m\u00e1quina es muy \u00fatil para la cosecha de man\u00ed porque tiene una tasa de recolecci\u00f3n de &gt;99%, una tasa de rotura de &lt;1% y una tasa de impurezas de &lt;1%.<\/p>    <figure class=\"wp-block-image size-full\"><img loading=\"lazy\" decoding=\"async\" width=\"720\" height=\"540\" src=\"https:\/\/taizynut.com\/wp-content\/uploads\/2022\/08\/Peanut-picking-machine-1.webp\" alt=\"M\u00e1quina recolectora de man\u00ed\" class=\"wp-image-55\" title=\"\" srcset=\"https:\/\/taizynut.com\/wp-content\/uploads\/2022\/08\/Peanut-picking-machine-1.webp 720w, https:\/\/taizynut.com\/wp-content\/uploads\/2022\/08\/Peanut-picking-machine-1-300x225.webp 300w\" sizes=\"auto, (max-width: 720px) 100vw, 720px\" \/><figcaption class=\"wp-element-caption\">M\u00e1quina recolectora de man\u00ed<\/figcaption><\/figure>    <p>Con las continuas actualizaciones tecnol\u00f3gicas y la necesidad de satisfacer las necesidades de los clientes, ahora tenemos tres tipos de m\u00e1quinas recolectoras de man\u00ed para que usted elija: peque\u00f1as, medianas y grandes. \u00a1Si esta interesado, por favor cont\u00e1ctenos!<\/p>    <figure class=\"wp-block-embed is-type-video is-provider-youtube wp-block-embed-youtube wp-embed-aspect-16-9 wp-has-aspect-ratio\"><div class=\"wp-block-embed__wrapper\"> <iframe loading=\"lazy\" title=\"Gu\u00eda para elegir el recolector de man\u00ed: precio de la m\u00e1quina cosechadora de recolectores de man\u00ed peque\u00f1os, medianos y grandes\" width=\"500\" height=\"281\" src=\"https:\/\/www.youtube.com\/embed\/AfUDyNqa8cs?feature=oembed\" frameborder=\"0\" allow=\"accelerometer; autoplay; clipboard-write; encrypted-media; gyroscope; picture-in-picture; web-share\" referrerpolicy=\"strict-origin-when-cross-origin\" allowfullscreen><\/iframe> <\/div><figcaption class=\"wp-element-caption\">video de introducci\u00f3n de tipos de recolectores de man\u00ed<\/figcaption><\/figure>    <h2 class=\"wp-block-heading\">Ventajas de la m\u00e1quina recolectora de man\u00ed<\/h2>    <ul class=\"wp-block-list\"> <li><strong>Motor el\u00e9ctrico, motor di\u00e9sel y PTO disponibles<\/strong>: La m\u00e1quina recolectora de man\u00ed h\u00famedo y seco puede utilizar estos 3 sistemas de energ\u00eda como energ\u00eda motriz cuando se cosecha man\u00ed.<\/li>    <li><strong>Tasa de impureza de &lt;1%<\/strong>: Despu\u00e9s de recogerlos y limpiarlos, los cacahuetes quedan limpios y libres de impurezas, y pueden embolsarse y almacenarse directamente despu\u00e9s del secado.<\/li>    <li><strong>Venta de recolectores de man\u00ed peque\u00f1os, medianos y grandes<\/strong>: Ahora tenemos 3 modelos para que elijas. No importa el tama\u00f1o de tu zona de plantaci\u00f3n, siempre habr\u00e1 una que se adapte a ti.<\/li> <\/ul>   <div class=\"wp-block-image\"> <figure class=\"aligncenter size-full\"><img loading=\"lazy\" decoding=\"async\" width=\"720\" height=\"540\" src=\"https:\/\/taizynut.com\/wp-content\/uploads\/2022\/08\/groundnut-picker-for-sale.webp\" alt=\"Recolector de man\u00ed en venta\" class=\"wp-image-591\" title=\"\" srcset=\"https:\/\/taizynut.com\/wp-content\/uploads\/2022\/08\/groundnut-picker-for-sale.webp 720w, https:\/\/taizynut.com\/wp-content\/uploads\/2022\/08\/groundnut-picker-for-sale-300x225.webp 300w, https:\/\/taizynut.com\/wp-content\/uploads\/2022\/08\/groundnut-picker-for-sale-16x12.webp 16w\" sizes=\"auto, (max-width: 720px) 100vw, 720px\" \/><figcaption class=\"wp-element-caption\">Recolector de man\u00ed en venta<\/figcaption><\/figure> <\/div>   <h2 class=\"wp-block-heading\">Par\u00e1metros del recolector de man\u00ed.<\/h2>    <figure class=\"wp-block-gallery has-nested-images columns-default is-cropped wp-block-gallery-2 is-layout-flex wp-block-gallery-is-layout-flex\"> <figure class=\"wp-block-image size-large\"><img loading=\"lazy\" decoding=\"async\" width=\"720\" height=\"540\" data-id=\"59\" src=\"https:\/\/taizynut.com\/wp-content\/uploads\/2022\/08\/peanut-picking-machine.webp\" alt=\"peque\u00f1a m\u00e1quina recolectora de man\u00ed\" class=\"wp-image-59\" title=\"\" srcset=\"https:\/\/taizynut.com\/wp-content\/uploads\/2022\/08\/peanut-picking-machine.webp 720w, https:\/\/taizynut.com\/wp-content\/uploads\/2022\/08\/peanut-picking-machine-300x225.webp 300w\" sizes=\"auto, (max-width: 720px) 100vw, 720px\" \/><figcaption class=\"wp-element-caption\">Peque\u00f1a m\u00e1quina recolectora de man\u00ed<\/figcaption><\/figure>    <figure class=\"wp-block-image size-large\"><img loading=\"lazy\" decoding=\"async\" width=\"720\" height=\"540\" data-id=\"591\" src=\"https:\/\/taizynut.com\/wp-content\/uploads\/2022\/08\/groundnut-picker-for-sale.webp\" alt=\"Recolector de man\u00ed en venta\" class=\"wp-image-591\" title=\"\" srcset=\"https:\/\/taizynut.com\/wp-content\/uploads\/2022\/08\/groundnut-picker-for-sale.webp 720w, https:\/\/taizynut.com\/wp-content\/uploads\/2022\/08\/groundnut-picker-for-sale-300x225.webp 300w, https:\/\/taizynut.com\/wp-content\/uploads\/2022\/08\/groundnut-picker-for-sale-16x12.webp 16w\" sizes=\"auto, (max-width: 720px) 100vw, 720px\" \/><figcaption class=\"wp-element-caption\">Recolector de man\u00ed mediano a la venta<\/figcaption><\/figure>    <figure class=\"wp-block-image size-full\"><img loading=\"lazy\" decoding=\"async\" width=\"720\" height=\"540\" data-id=\"64\" src=\"https:\/\/taizynut.com\/wp-content\/uploads\/2022\/08\/groundnut-thresher-1.webp\" alt=\"trilladora de man\u00ed\" class=\"wp-image-64\" title=\"\" srcset=\"https:\/\/taizynut.com\/wp-content\/uploads\/2022\/08\/groundnut-thresher-1.webp 720w, https:\/\/taizynut.com\/wp-content\/uploads\/2022\/08\/groundnut-thresher-1-300x225.webp 300w\" sizes=\"auto, (max-width: 720px) 100vw, 720px\" \/><figcaption class=\"wp-element-caption\">Recolector de man\u00ed grande<\/figcaption><\/figure> <\/figure>    <p>Disponemos de diferentes tipos de m\u00e1quinas. Esta m\u00e1quina es una m\u00e1quina de tama\u00f1o peque\u00f1o y mediano con una producci\u00f3n de 800-1100 kg\/h. Si tiene necesidades diferentes, puede contactarnos y podemos enviarle otro tipo de informaci\u00f3n de la m\u00e1quina.<\/p>    <figure class=\"wp-block-table\"><table><tbody><tr><td>Modelo<\/td><td>&nbsp;5HZ-600 &nbsp;<\/td><td>5HZ-1000<\/td><td>5HZ-1800<\/td><\/tr><tr><td>Tama\u00f1o<\/td><td>1960*1500*1370mm<\/td><td>2260*1000*1450mm<\/td><td>6550*2000*1800mm<\/td><\/tr><tr><td>Peso<\/td><td>150 kilos<\/td><td>200 kilos<\/td><td>900 kilos<\/td><\/tr><tr><td>Fuerza<\/td><td>Motor de 7,5 kW, motor di\u00e9sel de 10HP<\/td><td>Motor de 7,5 kw, motor di\u00e9sel de 12 CV o tractor<\/td><td>Motor de 22kw, motor di\u00e9sel de 28HP o tractor \u226535HP<\/td><\/tr><tr><td>Capacidad<\/td><td>800-1000kg\/h<\/td><td>1000kg\/hora<\/td><td>1100kg\/hora<\/td><\/tr><tr><td>Tasa de recolecci\u00f3n<\/td><td>&gt;99%<\/td><td>&gt;99%<\/td><td>&gt;99%<\/td><\/tr><tr><td>tasa de ruptura<\/td><td>&lt;1%<\/td><td>&lt;1%<\/td><td>\u22643%<\/td><\/tr><tr><td>Tasa de impureza<\/td><td>&lt;1%<\/td><td>&lt;1%<\/td><td>\u22642%<\/td><\/tr><\/tbody><\/table><figcaption class=\"wp-element-caption\">par\u00e1metro de la excavadora de man\u00ed<\/figcaption><\/figure>    <h2 class=\"wp-block-heading\" id=\"h-raw-material-for-peanut-picking-machine\">Materia prima para equipos de recolecci\u00f3n de man\u00ed.<\/h2>    <p>El recolector de man\u00ed es adecuado para man\u00ed reci\u00e9n cosechado, es decir, man\u00ed h\u00famedo, y tambi\u00e9n se puede utilizar para man\u00ed seco. Es una m\u00e1quina h\u00fameda y seca. <\/p>    <p>No existen demasiadas restricciones sobre el estado del man\u00ed. Se puede conectar directamente al tractor y luego directamente al campo para procesar el man\u00ed reci\u00e9n cosechado.<\/p>   <div class=\"wp-block-image\"> <figure class=\"aligncenter size-full\"><img loading=\"lazy\" decoding=\"async\" width=\"720\" height=\"540\" src=\"https:\/\/taizynut.com\/wp-content\/uploads\/2022\/08\/Raw-material-for-peanut-picking-machine.webp\" alt=\"Materia prima para m\u00e1quina recolectora de man\u00ed.\" class=\"wp-image-56\" title=\"\" srcset=\"https:\/\/taizynut.com\/wp-content\/uploads\/2022\/08\/Raw-material-for-peanut-picking-machine.webp 720w, https:\/\/taizynut.com\/wp-content\/uploads\/2022\/08\/Raw-material-for-peanut-picking-machine-300x225.webp 300w\" sizes=\"auto, (max-width: 720px) 100vw, 720px\" \/><figcaption class=\"wp-element-caption\">Materia prima para m\u00e1quina recolectora de man\u00ed.<\/figcaption><\/figure> <\/div>   <h2 class=\"wp-block-heading\">\u00bfC\u00f3mo funciona un recolector de man\u00ed?<\/h2>   <div class=\"wp-block-image\"> <figure class=\"aligncenter size-full\"><img loading=\"lazy\" decoding=\"async\" width=\"720\" height=\"540\" src=\"https:\/\/taizynut.com\/wp-content\/uploads\/2022\/08\/peanut-picker-working.webp\" alt=\"recolector de man\u00ed trabajando\" class=\"wp-image-57\" title=\"\" srcset=\"https:\/\/taizynut.com\/wp-content\/uploads\/2022\/08\/peanut-picker-working.webp 720w, https:\/\/taizynut.com\/wp-content\/uploads\/2022\/08\/peanut-picker-working-300x225.webp 300w\" sizes=\"auto, (max-width: 720px) 100vw, 720px\" \/><figcaption class=\"wp-element-caption\">recolector de man\u00ed trabajando<\/figcaption><\/figure> <\/div>   <p>Se puede utilizar directamente con motores, motores di\u00e9sel y tractores monocil\u00edndricos. Las pl\u00e1ntulas de man\u00ed y los man\u00edes cosechados se introducen directamente en la m\u00e1quina recolectora de man\u00ed para su procesamiento y separaci\u00f3n por \u00fanica vez. Los cacahuetes y las pl\u00e1ntulas se separar\u00e1n autom\u00e1ticamente mediante la rotaci\u00f3n de la m\u00e1quina. <\/p>    <p>Los man\u00edes separados caen sobre la criba vibratoria y son transportados al costado de la m\u00e1quina para ingresar al puerto de alimentaci\u00f3n, y habr\u00e1 un ventilador para eliminar las hojas y las impurezas del man\u00ed.<\/p>    <h2 class=\"wp-block-heading\">Estructura del peque\u00f1o recolector de man\u00ed.<\/h2>   <div class=\"wp-block-image\"> <figure class=\"aligncenter size-full\"><img loading=\"lazy\" decoding=\"async\" width=\"720\" height=\"540\" src=\"https:\/\/taizynut.com\/wp-content\/uploads\/2022\/08\/Structure-of-groundnut-thresher.webp\" alt=\"Estructura de la trilladora de man\u00ed.\" class=\"wp-image-58\" title=\"\" srcset=\"https:\/\/taizynut.com\/wp-content\/uploads\/2022\/08\/Structure-of-groundnut-thresher.webp 720w, https:\/\/taizynut.com\/wp-content\/uploads\/2022\/08\/Structure-of-groundnut-thresher-300x225.webp 300w\" sizes=\"auto, (max-width: 720px) 100vw, 720px\" \/><figcaption class=\"wp-element-caption\">Estructura de la m\u00e1quina recolectora de man\u00ed.<\/figcaption><\/figure> <\/div>   <p>Tomando como ejemplo el peque\u00f1o recolector de man\u00ed, esta m\u00e1quina recolectora de man\u00ed agr\u00edcola se compone principalmente de un bastidor, un motor (motor diesel), una pieza de transmisi\u00f3n, una pieza de recolecci\u00f3n de fruta, una pieza de selecci\u00f3n de ventilador y un mecanismo de vibraci\u00f3n. <\/p>    <p>Cuando el equipo de recolecci\u00f3n de man\u00ed est\u00e1 en funcionamiento, el motor o el motor di\u00e9sel impulsa la m\u00e1quina para que pase por la entrada de alimentaci\u00f3n y entre al sistema de recolecci\u00f3n de fruta.<\/p>    <p>La varilla de recogida del rodillo gira y golpea para hacer que los cacahuetes se desprendan del tallo. La fruta y los restos caen a la criba vibratoria a trav\u00e9s del orificio de huecograbado. <\/p>    <p>Se descarga el puerto de material y las diversas frutas esparcidas en la criba vibratoria se transfieren al puerto de succi\u00f3n del ventilador para descargar las impurezas a trav\u00e9s de la criba vibratoria y se seleccionan las frutas limpias para completar todo el proceso.<\/p>    <h2 class=\"wp-block-heading\">\u00bfQu\u00e9 equipo necesitan los productores de man\u00ed?<\/h2>    <figure class=\"wp-block-gallery has-nested-images columns-default is-cropped wp-block-gallery-3 is-layout-flex wp-block-gallery-is-layout-flex\"> <figure class=\"wp-block-image size-large\"><img loading=\"lazy\" decoding=\"async\" width=\"720\" height=\"540\" data-id=\"62\" src=\"https:\/\/taizynut.com\/wp-content\/uploads\/2022\/08\/peanut-harvest.webp\" alt=\"cosecha de man\u00ed\" class=\"wp-image-62\" title=\"\" srcset=\"https:\/\/taizynut.com\/wp-content\/uploads\/2022\/08\/peanut-harvest.webp 720w, https:\/\/taizynut.com\/wp-content\/uploads\/2022\/08\/peanut-harvest-300x225.webp 300w\" sizes=\"auto, (max-width: 720px) 100vw, 720px\" \/><figcaption class=\"wp-element-caption\">Cosecha de man\u00ed<\/figcaption><\/figure>    <figure class=\"wp-block-image size-large\"><img loading=\"lazy\" decoding=\"async\" width=\"720\" height=\"540\" data-id=\"63\" src=\"https:\/\/taizynut.com\/wp-content\/uploads\/2022\/08\/drying-peanuts.webp\" alt=\"secado de man\u00ed\" class=\"wp-image-63\" title=\"\" srcset=\"https:\/\/taizynut.com\/wp-content\/uploads\/2022\/08\/drying-peanuts.webp 720w, https:\/\/taizynut.com\/wp-content\/uploads\/2022\/08\/drying-peanuts-300x225.webp 300w\" sizes=\"auto, (max-width: 720px) 100vw, 720px\" \/><figcaption class=\"wp-element-caption\">Secar man\u00ed<\/figcaption><\/figure> <\/figure>    <p>Para los agricultores que cultivan man\u00ed a gran escala, es necesario mecanizar el trabajo. \u00bfQu\u00e9 m\u00e1quinas se necesitan para la siembra y la cosecha de man\u00ed? <\/p>    <p class=\"translation-block\">Se necesita una <a href=\"https:\/\/taizynut.com\/es\/product\/peanut-planting-machine\/\">sembradora de cacahuetes<\/a> para cultivar cacahuetes. Cuando se cosechan cacahuetes, se pueden utilizar <a href=\"https:\/\/taizynut.com\/es\/product\/peanut-harvesting-machine\/\">recolectores de cacahuetes<\/a> para cosechar cacahuetes. La m\u00e1quina recogedora de cacahuetes puede recoger el fruto. Una descascaradora de cacahuetes puede quitar la c\u00e1scara del cacahuete, y tambi\u00e9n se puede utilizar una <a href=\"https:\/\/taizynut.com\/es\/product\/screw-peanut-oil-press-machine\/\" data-type=\"URL\" data-id=\"https:\/\/taizynut.com\/product\/screw-peanut-oil-press-machine\/\">prensa de aceite de cacahuete<\/a> para extraer aceite. <\/p>    <p>Esta producci\u00f3n mecanizada puede ahorrar costos laborales y mejorar la eficiencia de la producci\u00f3n.<\/p>    <h2 class=\"wp-block-heading\">\u00bfQu\u00e9 carga de trabajo reduce la trilladora de man\u00ed para los productores?<\/h2>    <ol class=\"wp-block-list\"> <li><strong>Trabajo de transporte<\/strong>. El recolector de frutas se puede instalar en el tractor, la m\u00e1quina puede ingresar directamente al campo y la fruta de man\u00ed se puede transportar despu\u00e9s de la separaci\u00f3n.<\/li>    <li><strong>Tiempo de eliminaci\u00f3n de impurezas.<\/strong>. La m\u00e1quina recolectora de man\u00ed est\u00e1 equipada con un ventilador para eliminar autom\u00e1ticamente las impurezas del man\u00ed.<\/li>    <li><strong>trabajo de maquina<\/strong>. Coloque la m\u00e1quina planificada directamente en la m\u00e1quina, el man\u00ed se puede separar autom\u00e1ticamente<\/li>    <li><strong>Tiempo de secado<\/strong>. El equipo de recolecci\u00f3n de man\u00ed debe secarse antes de <a href=\"https:\/\/en.wikipedia.org\/wiki\/Peanut\" target=\"_blank\" rel=\"noopener\">miseria<\/a> Se puede despegar, pero esta m\u00e1quina se puede utilizar tanto para fines h\u00famedos como secos.<\/li> <\/ol>   <div class=\"wp-block-image\"> <figure class=\"aligncenter size-full\"><img loading=\"lazy\" decoding=\"async\" width=\"720\" height=\"540\" src=\"https:\/\/taizynut.com\/wp-content\/uploads\/2022\/08\/groundnut-thresher-2.webp\" alt=\"trilladora de man\u00ed\" class=\"wp-image-65\" title=\"\" srcset=\"https:\/\/taizynut.com\/wp-content\/uploads\/2022\/08\/groundnut-thresher-2.webp 720w, https:\/\/taizynut.com\/wp-content\/uploads\/2022\/08\/groundnut-thresher-2-300x225.webp 300w\" sizes=\"auto, (max-width: 720px) 100vw, 720px\" \/><figcaption class=\"wp-element-caption\">Vendo recolector de man\u00ed grande<\/figcaption><\/figure> <\/div>","protected":false},"excerpt":{"rendered":"<p>La m\u00e1quina recolectora de man\u00ed se utiliza para separar pl\u00e1ntulas de man\u00ed y man\u00ed, con una capacidad de manipulaci\u00f3n de 800-1100 kg\/h y una tasa de recolecci\u00f3n de &gt;99%.<\/p>","protected":false},"author":1,"featured_media":54,"parent":0,"template":"","tags":[52,53],"product-type":[13],"class_list":["post-52","product","type-product","status-publish","has-post-thumbnail","hentry","tag-peanut-harvesting","tag-peanut-picking","product-type-peanut-picker"],"_links":{"self":[{"href":"https:\/\/taizynut.com\/es\/wp-json\/wp\/v2\/product\/52","targetHints":{"allow":["GET"]}}],"collection":[{"href":"https:\/\/taizynut.com\/es\/wp-json\/wp\/v2\/product"}],"about":[{"href":"https:\/\/taizynut.com\/es\/wp-json\/wp\/v2\/types\/product"}],"author":[{"embeddable":true,"href":"https:\/\/taizynut.com\/es\/wp-json\/wp\/v2\/users\/1"}],"wp:featuredmedia":[{"embeddable":true,"href":"https:\/\/taizynut.com\/es\/wp-json\/wp\/v2\/media\/54"}],"wp:attachment":[{"href":"https:\/\/taizynut.com\/es\/wp-json\/wp\/v2\/media?parent=52"}],"wp:term":[{"taxonomy":"post_tag","embeddable":true,"href":"https:\/\/taizynut.com\/es\/wp-json\/wp\/v2\/tags?post=52"},{"taxonomy":"product-type","embeddable":true,"href":"https:\/\/taizynut.com\/es\/wp-json\/wp\/v2\/product-type?post=52"}],"curies":[{"name":"wp","href":"https:\/\/api.w.org\/{rel}","templated":true}]}}