{"id":66,"date":"2022-08-26T07:16:28","date_gmt":"2022-08-26T07:16:28","guid":{"rendered":"https:\/\/taizynut.com\/?post_type=product&#038;p=66"},"modified":"2024-12-23T11:31:25","modified_gmt":"2024-12-23T03:31:25","slug":"peanut-shell-removing-machine","status":"publish","type":"product","link":"https:\/\/taizynut.com\/es\/product\/peanut-shell-removing-machine\/","title":{"rendered":"M\u00e1quina para quitar c\u00e1scaras de man\u00ed | m\u00e1quina para romper man\u00ed"},"content":{"rendered":"<p class=\"translation-block\">Una m\u00e1quina para quitar la c\u00e1scara de cacahuete es una m\u00e1quina para descascarar cacahuetes. Despu\u00e9s de recolectar y secar los cacahuetes, es necesario quitar la c\u00e1scara. Esta descascaradora de cacahuetes es peque\u00f1a y ligera y se puede mover en cualquier momento. Es popular por su buen efecto de descascarado de cacahuetes. Esta descascaradora de cacahuetes se puede utilizar en granjas familiares, f\u00e1bricas de aceite, f\u00e1bricas de semillas de cacahuete y f\u00e1bricas de alimentos de cacahuete. Esta es una m\u00e1quina descascaradora de cacahuetes peque\u00f1a, nuestra empresa tambi\u00e9n tiene una <a href=\"https:\/\/taizynut.com\/es\/product\/peanut-sheller-groundnut-shelling-and-stone-removing-machine\/\" data-type=\"URL\" data-id=\"https:\/\/taizynut.com\/product\/peanut-sheller-groundnut-shelling-and-stone-removing-machine\/\">m\u00e1quina trituradora de cacahuetes<\/a> grande que puede limpiar y pelar cacahuetes al mismo tiempo.<\/p>    <figure class=\"wp-block-image size-full\"><img loading=\"lazy\" decoding=\"async\" width=\"720\" height=\"540\" src=\"https:\/\/taizynut.com\/wp-content\/uploads\/2022\/08\/Peanut-shell-removing-machine.jpg\" alt=\"M\u00e1quina para quitar c\u00e1scara de man\u00ed\" class=\"wp-image-130\" title=\"\" srcset=\"https:\/\/taizynut.com\/wp-content\/uploads\/2022\/08\/Peanut-shell-removing-machine.jpg 720w, https:\/\/taizynut.com\/wp-content\/uploads\/2022\/08\/Peanut-shell-removing-machine-300x225.jpg 300w\" sizes=\"auto, (max-width: 720px) 100vw, 720px\" \/><figcaption class=\"wp-element-caption\">M\u00e1quina para quitar c\u00e1scara de man\u00ed<\/figcaption><\/figure>    <h2 class=\"wp-block-heading\">\u00c1mbito de aplicaci\u00f3n de la m\u00e1quina para romper man\u00ed<\/h2>    <figure class=\"wp-block-gallery has-nested-images columns-2 is-cropped wp-block-gallery-2 is-layout-flex wp-block-gallery-is-layout-flex\"> <figure class=\"wp-block-image size-large\"><img loading=\"lazy\" decoding=\"async\" width=\"720\" height=\"540\" data-id=\"132\" src=\"https:\/\/taizynut.com\/wp-content\/uploads\/2022\/08\/Peanuts-before-shelling.jpg\" alt=\"Cacahuetes antes de pelar\" class=\"wp-image-132\" title=\"\" srcset=\"https:\/\/taizynut.com\/wp-content\/uploads\/2022\/08\/Peanuts-before-shelling.jpg 720w, https:\/\/taizynut.com\/wp-content\/uploads\/2022\/08\/Peanuts-before-shelling-300x225.jpg 300w\" sizes=\"auto, (max-width: 720px) 100vw, 720px\" \/><figcaption class=\"wp-element-caption\">Man\u00ed antes de descascarar<\/figcaption><\/figure>    <figure class=\"wp-block-image size-large\"><img loading=\"lazy\" decoding=\"async\" width=\"720\" height=\"540\" data-id=\"133\" src=\"https:\/\/taizynut.com\/wp-content\/uploads\/2022\/08\/Peanuts-after-shelling.jpg\" alt=\"Cacahuetes antes de pelar\" class=\"wp-image-133\" title=\"\" srcset=\"https:\/\/taizynut.com\/wp-content\/uploads\/2022\/08\/Peanuts-after-shelling.jpg 720w, https:\/\/taizynut.com\/wp-content\/uploads\/2022\/08\/Peanuts-after-shelling-300x225.jpg 300w\" sizes=\"auto, (max-width: 720px) 100vw, 720px\" \/><figcaption class=\"wp-element-caption\">Man\u00ed antes de descascarar<\/figcaption><\/figure>    <figure class=\"wp-block-image size-large\"><img loading=\"lazy\" decoding=\"async\" width=\"720\" height=\"540\" data-id=\"131\" src=\"https:\/\/taizynut.com\/wp-content\/uploads\/2022\/08\/Peanut-shell-removing-machine-1.jpg\" alt=\"M\u00e1quina para quitar c\u00e1scara de man\u00ed\" class=\"wp-image-131\" title=\"\" srcset=\"https:\/\/taizynut.com\/wp-content\/uploads\/2022\/08\/Peanut-shell-removing-machine-1.jpg 720w, https:\/\/taizynut.com\/wp-content\/uploads\/2022\/08\/Peanut-shell-removing-machine-1-300x225.jpg 300w\" sizes=\"auto, (max-width: 720px) 100vw, 720px\" \/><figcaption class=\"wp-element-caption\">M\u00e1quina para quitar c\u00e1scara de man\u00ed<\/figcaption><\/figure> <\/figure>    <p>Esta m\u00e1quina para quitar la c\u00e1scara de man\u00ed se puede utilizar en molinos de aceite. Cuando est\u00e1n en uso, los molinos de aceite generalmente usan desgranadoras de man\u00ed para procesar y luego colocan una prensa de tornillo para exprimir el aceite de man\u00ed. Se puede utilizar en las f\u00e1bricas de man\u00ed para preparar bocadillos de man\u00ed, como man\u00ed rebozado y caramelos de man\u00ed. Tambi\u00e9n se puede utilizar en explotaciones familiares, es muy sencillo de utilizar y se puede trasladar a cualquier lugar.<\/p>    <h2 class=\"wp-block-heading\">Par\u00e1metros de la desgranadora de man\u00ed<\/h2>    <figure class=\"wp-block-gallery has-nested-images columns-2 is-cropped wp-block-gallery-3 is-layout-flex wp-block-gallery-is-layout-flex\"> <figure class=\"wp-block-image size-large\"><img loading=\"lazy\" decoding=\"async\" width=\"720\" height=\"540\" data-id=\"134\" src=\"https:\/\/taizynut.com\/wp-content\/uploads\/2022\/08\/Peanut-shell-removing-machine-factory.jpg\" alt=\"F\u00e1brica de m\u00e1quinas para quitar c\u00e1scara de man\u00ed\" class=\"wp-image-134\" title=\"\" srcset=\"https:\/\/taizynut.com\/wp-content\/uploads\/2022\/08\/Peanut-shell-removing-machine-factory.jpg 720w, https:\/\/taizynut.com\/wp-content\/uploads\/2022\/08\/Peanut-shell-removing-machine-factory-300x225.jpg 300w\" sizes=\"auto, (max-width: 720px) 100vw, 720px\" \/><figcaption class=\"wp-element-caption\">F\u00e1brica de m\u00e1quinas para quitar c\u00e1scara de man\u00ed<\/figcaption><\/figure>    <figure class=\"wp-block-image size-large\"><img loading=\"lazy\" decoding=\"async\" width=\"720\" height=\"540\" data-id=\"141\" src=\"https:\/\/taizynut.com\/wp-content\/uploads\/2022\/08\/Peanut-shell-removing-machine-factory-1.jpg\" alt=\"F\u00e1brica de m\u00e1quinas para quitar c\u00e1scara de man\u00ed\" class=\"wp-image-141\" title=\"\" srcset=\"https:\/\/taizynut.com\/wp-content\/uploads\/2022\/08\/Peanut-shell-removing-machine-factory-1.jpg 720w, https:\/\/taizynut.com\/wp-content\/uploads\/2022\/08\/Peanut-shell-removing-machine-factory-1-300x225.jpg 300w\" sizes=\"auto, (max-width: 720px) 100vw, 720px\" \/><figcaption class=\"wp-element-caption\">F\u00e1brica de m\u00e1quinas para quitar c\u00e1scara de man\u00ed<\/figcaption><\/figure>    <figure class=\"wp-block-image size-large\"><img loading=\"lazy\" decoding=\"async\" width=\"720\" height=\"540\" data-id=\"142\" src=\"https:\/\/taizynut.com\/wp-content\/uploads\/2022\/08\/Peanut-shell-removing-machine-factory-2.jpg\" alt=\"F\u00e1brica de m\u00e1quinas para quitar c\u00e1scara de man\u00ed\" class=\"wp-image-142\" title=\"\" srcset=\"https:\/\/taizynut.com\/wp-content\/uploads\/2022\/08\/Peanut-shell-removing-machine-factory-2.jpg 720w, https:\/\/taizynut.com\/wp-content\/uploads\/2022\/08\/Peanut-shell-removing-machine-factory-2-300x225.jpg 300w\" sizes=\"auto, (max-width: 720px) 100vw, 720px\" \/><figcaption class=\"wp-element-caption\">F\u00e1brica de m\u00e1quinas desgranadoras de man\u00ed<\/figcaption><\/figure>    <figure class=\"wp-block-image size-large\"><img loading=\"lazy\" decoding=\"async\" width=\"720\" height=\"540\" data-id=\"144\" src=\"https:\/\/taizynut.com\/wp-content\/uploads\/2022\/08\/Peanut-shell-removing-machine-2.jpg\" alt=\"F\u00e1brica de m\u00e1quinas para quitar c\u00e1scara de man\u00ed\" class=\"wp-image-144\" title=\"\" srcset=\"https:\/\/taizynut.com\/wp-content\/uploads\/2022\/08\/Peanut-shell-removing-machine-2.jpg 720w, https:\/\/taizynut.com\/wp-content\/uploads\/2022\/08\/Peanut-shell-removing-machine-2-300x225.jpg 300w\" sizes=\"auto, (max-width: 720px) 100vw, 720px\" \/><figcaption class=\"wp-element-caption\">F\u00e1brica de m\u00e1quinas desgranadoras de man\u00ed<\/figcaption><\/figure> <\/figure>    <figure class=\"wp-block-table\"><table><tbody><tr><td>Modelo<\/td><td>TBH-800<\/td><\/tr><tr><td>Dimensi\u00f3n global<\/td><td>1330*750*1570mm<\/td><\/tr><tr><td>Peso neto<\/td><td>160kg<\/td><\/tr><tr><td>Productividad<\/td><td>600-800kg\/hora<\/td><\/tr><tr><td>Tasa de rotura<\/td><td>\u22642.0%<\/td><\/tr><tr><td>Tasa de da\u00f1o<\/td><td>\u22643.0%<\/td><\/tr><tr><td>Tasa de pelado<\/td><td>\u226598%<\/td><\/tr><tr><td><a href=\"https:\/\/en.wikipedia.org\/wiki\/Power_(TV_series)\" target=\"_blank\" rel=\"noopener\">Fuerza<\/a><\/td><td>3kw, 220v, 50hz, motor de cobre<\/td><\/tr><tr><td>Funci\u00f3n<\/td><td>desgranado de man\u00ed <\/td><\/tr><\/tbody><\/table><figcaption class=\"wp-element-caption\">m\u00e1quina descascaradora de man\u00ed <\/figcaption><\/figure>    <h2 class=\"wp-block-heading\">Estructura de la m\u00e1quina para quitar la c\u00e1scara de man\u00ed<\/h2>    <figure class=\"wp-block-image size-full\"><img loading=\"lazy\" decoding=\"async\" width=\"720\" height=\"540\" src=\"https:\/\/taizynut.com\/wp-content\/uploads\/2022\/08\/peanut-shell-removing-machine.jpg\" alt=\"m\u00e1quina para quitar la c\u00e1scara de man\u00ed\" class=\"wp-image-135\" title=\"\" srcset=\"https:\/\/taizynut.com\/wp-content\/uploads\/2022\/08\/peanut-shell-removing-machine.jpg 720w, https:\/\/taizynut.com\/wp-content\/uploads\/2022\/08\/peanut-shell-removing-machine-300x225.jpg 300w\" sizes=\"auto, (max-width: 720px) 100vw, 720px\" \/><figcaption class=\"wp-element-caption\">M\u00e1quina para quitar c\u00e1scara de man\u00ed<\/figcaption><\/figure>    <p>La m\u00e1quina descascaradora de man\u00ed se compone de un bastidor, un ventilador, un rotor, un motor monof\u00e1sico, una criba (hay dos tama\u00f1os), una tolva de alimentaci\u00f3n, una criba vibratoria, una correa trapezoidal y su correa trapezoidal de transmisi\u00f3n. . Despu\u00e9s de pelar el man\u00ed, habr\u00e1 un ventilador para eliminar las impurezas de los granos de man\u00ed para garantizar una tasa de limpieza despu\u00e9s del pelado.<\/p>    <h2 class=\"wp-block-heading\">Principio de funcionamiento de la m\u00e1quina quitadora de c\u00e1scara de man\u00ed<\/h2>    <figure class=\"wp-block-image size-full\"><img loading=\"lazy\" decoding=\"async\" width=\"720\" height=\"540\" src=\"https:\/\/taizynut.com\/wp-content\/uploads\/2022\/08\/peanut-shell-removing-machine-working-1.jpg\" alt=\"M\u00e1quina para quitar c\u00e1scara de man\u00ed funcionando\" class=\"wp-image-137\" title=\"\" srcset=\"https:\/\/taizynut.com\/wp-content\/uploads\/2022\/08\/peanut-shell-removing-machine-working-1.jpg 720w, https:\/\/taizynut.com\/wp-content\/uploads\/2022\/08\/peanut-shell-removing-machine-working-1-300x225.jpg 300w\" sizes=\"auto, (max-width: 720px) 100vw, 720px\" \/><figcaption class=\"wp-element-caption\">M\u00e1quina descascaradora de man\u00ed funcionando<\/figcaption><\/figure>    <p>Bajo la colisi\u00f3n del rotor, los cacahuetes se rompen en su totalidad. Despu\u00e9s de atravesar la pantalla, caen hacia el ventilador. Bajo la fuerza de soplado del ventilador, las c\u00e1scaras livianas de man\u00ed se expulsan de la m\u00e1quina peladora de man\u00ed y los granos de man\u00ed se descargan de la m\u00e1quina peladora de man\u00ed. salida. Despu\u00e9s de que la m\u00e1quina est\u00e9 en funcionamiento normal, coloque los man\u00edes en la tolva de alimentaci\u00f3n de manera cuantitativa, uniforme y continua, y las c\u00e1scaras de man\u00ed se rompen bajo los repetidos golpes, fricciones y colisiones del rotor. Bajo la presi\u00f3n del viento giratorio y el golpe del rotor, los gr\u00e1nulos de man\u00ed y las c\u00e1scaras de man\u00ed rotas pasan a trav\u00e9s de la pantalla con aberturas. <\/p>    <p>En este momento, las c\u00e1scaras y los gr\u00e1nulos de man\u00ed se someten a la fuerza de soplado del ventilador giratorio, y las c\u00e1scaras de man\u00ed livianas se expulsan del cuerpo de la m\u00e1quina y los gr\u00e1nulos de man\u00ed. El prop\u00f3sito de la limpieza se logra mediante el cribado de la Pantalla vibrante.<\/p>    <h2 class=\"wp-block-heading\">\u00bfC\u00f3mo mejorar el desgrane del man\u00ed?<\/h2>    <figure class=\"wp-block-image size-full\"><img loading=\"lazy\" decoding=\"async\" width=\"720\" height=\"540\" src=\"https:\/\/taizynut.com\/wp-content\/uploads\/2022\/08\/peanut-shell-removing.jpg\" alt=\"quitar la c\u00e1scara de man\u00ed\" class=\"wp-image-138\" title=\"\" srcset=\"https:\/\/taizynut.com\/wp-content\/uploads\/2022\/08\/peanut-shell-removing.jpg 720w, https:\/\/taizynut.com\/wp-content\/uploads\/2022\/08\/peanut-shell-removing-300x225.jpg 300w\" sizes=\"auto, (max-width: 720px) 100vw, 720px\" \/><figcaption class=\"wp-element-caption\">Quitar la c\u00e1scara de man\u00ed<\/figcaption><\/figure>    <p>Para lograr el mejor efecto de la desgranadora de man\u00ed, es necesario secar y humedecer adecuadamente los man\u00edes. Si el man\u00ed est\u00e1 demasiado seco, la velocidad de trituraci\u00f3n del man\u00ed ser\u00e1 alta, y si el man\u00ed est\u00e1 demasiado h\u00famedo, la eficiencia del descascarado del man\u00ed se ver\u00e1 afectada. Puedes utilizar 10 kg de agua tibia para pulverizar sobre la superficie de 50 kg de man\u00ed con 10 horas de antelaci\u00f3n. Esto mejorar\u00e1 el efecto peeling.<\/p>    <h2 class=\"wp-block-heading\">Ventajas de la m\u00e1quina para romper man\u00ed<\/h2>    <figure class=\"wp-block-image size-full\"><img loading=\"lazy\" decoding=\"async\" width=\"720\" height=\"540\" src=\"https:\/\/taizynut.com\/wp-content\/uploads\/2022\/08\/groundnut-cracking-machine.jpg\" alt=\" m\u00e1quina para romper man\u00ed\" class=\"wp-image-140\" title=\"\" srcset=\"https:\/\/taizynut.com\/wp-content\/uploads\/2022\/08\/groundnut-cracking-machine.jpg 720w, https:\/\/taizynut.com\/wp-content\/uploads\/2022\/08\/groundnut-cracking-machine-300x225.jpg 300w\" sizes=\"auto, (max-width: 720px) 100vw, 720px\" \/><figcaption class=\"wp-element-caption\"> M\u00e1quina para romper man\u00ed<\/figcaption><\/figure>    <ul class=\"wp-block-list\"> <li>La m\u00e1quina para quitar c\u00e1scara de man\u00ed tiene una estructura compacta, f\u00e1cil operaci\u00f3n, rendimiento estable y confiable.<\/li>    <li>Alta eficiencia de descascarado, baja tasa de trituraci\u00f3n de los granos de man\u00ed, buena clasificaci\u00f3n, baja tasa de p\u00e9rdida, etc.<\/li>    <li>Impurezas limpias y menor tasa de descascarado de 99%, tasa de rotura de man\u00ed de menos de 1%<\/li>    <li>Silenciosa, f\u00e1cil de mover, la m\u00e1quina para cascar cacahuetes tiene rodillos y se puede mover a cualquier lugar<\/li> <\/ul>    <h2 class=\"wp-block-heading\" id=\"h-how-to-use-a-peanut-shell-removal-machine\">\u00bfC\u00f3mo utilizar una m\u00e1quina para quitar c\u00e1scaras de man\u00ed?<\/h2>    <figure class=\"wp-block-image size-full\"><img loading=\"lazy\" decoding=\"async\" width=\"720\" height=\"540\" src=\"https:\/\/taizynut.com\/wp-content\/uploads\/2022\/08\/peanut-shell-removing-machine-working.jpg\" alt=\"M\u00e1quina para quitar c\u00e1scara de man\u00ed funcionando\" class=\"wp-image-136\" title=\"\" srcset=\"https:\/\/taizynut.com\/wp-content\/uploads\/2022\/08\/peanut-shell-removing-machine-working.jpg 720w, https:\/\/taizynut.com\/wp-content\/uploads\/2022\/08\/peanut-shell-removing-machine-working-300x225.jpg 300w\" sizes=\"auto, (max-width: 720px) 100vw, 720px\" \/><figcaption class=\"wp-element-caption\">M\u00e1quina descascaradora de man\u00ed funcionando<\/figcaption><\/figure>    <p>Antes de usar, verifique si los sujetadores est\u00e1n apretados, si las partes giratorias de la m\u00e1quina descascaradora de man\u00ed grande son flexibles, si hay aceite lubricante en cada cojinete y si la m\u00e1quina para cascar man\u00ed debe colocarse en un terreno estable; Antes de su uso, verifique la fuente de alimentaci\u00f3n y la m\u00e1quina peladora de man\u00ed. El interruptor de la m\u00e1quina cascadora de man\u00ed debe estar en la posici\u00f3n de apagado; Despu\u00e9s de arrancar el motor, la rotaci\u00f3n del rotor debe ser consistente con la direcci\u00f3n indicada en la m\u00e1quina. La peque\u00f1a m\u00e1quina peladora de man\u00ed debe estar inactiva durante unos minutos para observar si hay alg\u00fan sonido anormal. Alimente con man\u00ed.<\/p>    <figure class=\"wp-block-embed is-type-video is-provider-youtube wp-block-embed-youtube wp-embed-aspect-16-9 wp-has-aspect-ratio\"><div class=\"wp-block-embed__wrapper\"> <iframe loading=\"lazy\" title=\"M\u00e1quina para romper cacahuetes | m\u00e1quina para quitar la c\u00e1scara de man\u00ed | desgranadora de man\u00ed | desgranado de man\u00ed\" width=\"500\" height=\"281\" src=\"https:\/\/www.youtube.com\/embed\/MW-IpI_4U9M?start=66&#038;feature=oembed\" frameborder=\"0\" allow=\"accelerometer; autoplay; clipboard-write; encrypted-media; gyroscope; picture-in-picture; web-share\" referrerpolicy=\"strict-origin-when-cross-origin\" allowfullscreen><\/iframe> <\/div><figcaption class=\"wp-element-caption\">M\u00e1quina para quitar c\u00e1scara de man\u00ed<\/figcaption><\/figure>","protected":false},"excerpt":{"rendered":"<p>Una m\u00e1quina para quitar la c\u00e1scara de man\u00ed es una m\u00e1quina para pelar man\u00ed. Despu\u00e9s de recoger y secar los cacahuetes, es necesario quitarles la c\u00e1scara.<\/p>","protected":false},"author":1,"featured_media":149,"parent":0,"template":"","tags":[20,10,47],"product-type":[14],"class_list":["post-66","product","type-product","status-publish","has-post-thumbnail","hentry","tag-peanut-creacking-machine","tag-peanut-shell-removing-machine","tag-peanut-shelling","product-type-peanut-sheller"],"_links":{"self":[{"href":"https:\/\/taizynut.com\/es\/wp-json\/wp\/v2\/product\/66","targetHints":{"allow":["GET"]}}],"collection":[{"href":"https:\/\/taizynut.com\/es\/wp-json\/wp\/v2\/product"}],"about":[{"href":"https:\/\/taizynut.com\/es\/wp-json\/wp\/v2\/types\/product"}],"author":[{"embeddable":true,"href":"https:\/\/taizynut.com\/es\/wp-json\/wp\/v2\/users\/1"}],"wp:featuredmedia":[{"embeddable":true,"href":"https:\/\/taizynut.com\/es\/wp-json\/wp\/v2\/media\/149"}],"wp:attachment":[{"href":"https:\/\/taizynut.com\/es\/wp-json\/wp\/v2\/media?parent=66"}],"wp:term":[{"taxonomy":"post_tag","embeddable":true,"href":"https:\/\/taizynut.com\/es\/wp-json\/wp\/v2\/tags?post=66"},{"taxonomy":"product-type","embeddable":true,"href":"https:\/\/taizynut.com\/es\/wp-json\/wp\/v2\/product-type?post=66"}],"curies":[{"name":"wp","href":"https:\/\/api.w.org\/{rel}","templated":true}]}}