{"id":661,"date":"2024-10-30T17:57:26","date_gmt":"2024-10-30T09:57:26","guid":{"rendered":"https:\/\/taizynut.com\/?post_type=product&#038;p=661"},"modified":"2025-03-11T13:57:45","modified_gmt":"2025-03-11T05:57:45","slug":"peanut-butter-grinder-machine","status":"publish","type":"product","link":"https:\/\/taizynut.com\/es\/product\/peanut-butter-grinder-machine\/","title":{"rendered":"M\u00e1quina trituradora de mantequilla de man\u00ed comercial"},"content":{"rendered":"<p class=\"translation-block\">LaTaiz y <strong>la m\u00e1quina de moler mantequilla de cacahuete<\/strong> se utiliza para moler cacahuetes, chiles, s\u00e9samo, etc. en mantequilla o pasta mediante una fuerza de cizallamiento y fricci\u00f3n elevadas. Tiene una capacidad de manejo de 50-1000kg\/h. Su materia prima puede ser granos de cacahuete enteros.<\/p>    <p>Esta m\u00e1quina est\u00e1 fabricada en acero inoxidable. La fuerza motriz es el motor el\u00e9ctrico. El motor acciona engranajes fijos y engranajes m\u00f3viles a una velocidad relativamente alta.<\/p>    <p>Con la tecnolog\u00eda actualizada, ahora tenemos disponibles 2 tipos de m\u00e1quinas para hacer mantequilla de man\u00ed. \u00bfQuieres saber detalles? \u00a1Cont\u00e1ctanos para m\u00e1s informaci\u00f3n!<\/p>    <figure class=\"wp-block-embed is-type-video is-provider-youtube wp-block-embed-youtube wp-embed-aspect-16-9 wp-has-aspect-ratio\"><div class=\"wp-block-embed__wrapper\"> <iframe loading=\"lazy\" title=\"\u00a1Emocionante proceso de producci\u00f3n de mantequilla de man\u00ed mediante un molino coloidal de man\u00ed! M\u00e1quina trituradora de mantequilla de man\u00ed\" width=\"500\" height=\"281\" src=\"https:\/\/www.youtube.com\/embed\/FqrRdQCApMc?feature=oembed\" frameborder=\"0\" allow=\"accelerometer; autoplay; clipboard-write; encrypted-media; gyroscope; picture-in-picture; web-share\" referrerpolicy=\"strict-origin-when-cross-origin\" allowfullscreen><\/iframe> <\/div><figcaption class=\"wp-element-caption\">Video de trabajo de la m\u00e1quina trituradora de mantequilla de man\u00ed.<\/figcaption><\/figure>    <h2 class=\"wp-block-heading\"><strong>Tipos de m\u00e1quinas de mantequilla de man\u00ed a la venta<\/strong><\/h2>    <div class=\"wp-block-columns is-layout-flex wp-container-core-columns-is-layout-9d6595d7 wp-block-columns-is-layout-flex\"> <div class=\"wp-block-column is-layout-flow wp-block-column-is-layout-flow\"> <figure class=\"wp-block-image size-full\"><img loading=\"lazy\" decoding=\"async\" width=\"720\" height=\"540\" src=\"https:\/\/taizynut.com\/wp-content\/uploads\/2024\/10\/peanut-butter-grinding-machine.webp\" alt=\"maquina para moler mantequilla de man\u00ed\" class=\"wp-image-663\" title=\"\" srcset=\"https:\/\/taizynut.com\/wp-content\/uploads\/2024\/10\/peanut-butter-grinding-machine.webp 720w, https:\/\/taizynut.com\/wp-content\/uploads\/2024\/10\/peanut-butter-grinding-machine-300x225.webp 300w, https:\/\/taizynut.com\/wp-content\/uploads\/2024\/10\/peanut-butter-grinding-machine-16x12.webp 16w\" sizes=\"auto, (max-width: 720px) 100vw, 720px\" \/><figcaption class=\"wp-element-caption\">M\u00e1quina trituradora de mantequilla de man\u00ed<\/figcaption><\/figure> <\/div>    <div class=\"wp-block-column is-vertically-aligned-center is-layout-flow wp-block-column-is-layout-flow\"> <p class=\"has-text-align-center translation-block\"><strong>M\u00e1quina de moler mantequilla de cacahuete m\u00e1s vendida<\/strong><\/p>    <p>Este tipo de m\u00e1quina de mantequilla de man\u00ed es popular en el mercado debido a su operaci\u00f3n simple y rentabilidad.<\/p>    <p>Tiene un solo motor con tapa. <\/p> <\/div> <\/div>    <div class=\"wp-block-columns is-layout-flex wp-container-core-columns-is-layout-9d6595d7 wp-block-columns-is-layout-flex\"> <div class=\"wp-block-column is-layout-flow wp-block-column-is-layout-flow\"> <figure class=\"wp-block-image size-full\"><img loading=\"lazy\" decoding=\"async\" width=\"720\" height=\"540\" src=\"https:\/\/taizynut.com\/wp-content\/uploads\/2024\/10\/electric-peanut-grinder.webp\" alt=\"molinillo de man\u00ed el\u00e9ctrico\" class=\"wp-image-665\" title=\"\" srcset=\"https:\/\/taizynut.com\/wp-content\/uploads\/2024\/10\/electric-peanut-grinder.webp 720w, https:\/\/taizynut.com\/wp-content\/uploads\/2024\/10\/electric-peanut-grinder-300x225.webp 300w, https:\/\/taizynut.com\/wp-content\/uploads\/2024\/10\/electric-peanut-grinder-16x12.webp 16w\" sizes=\"auto, (max-width: 720px) 100vw, 720px\" \/><figcaption class=\"wp-element-caption\">Molinillo de man\u00ed el\u00e9ctrico<\/figcaption><\/figure> <\/div>    <div class=\"wp-block-column is-vertically-aligned-center is-layout-flow wp-block-column-is-layout-flow\"> <p class=\"has-text-align-center translation-block\"><strong>M\u00e1quina comercial de mantequilla de cacahuete<\/strong><\/p>    <p>Comparada con la anterior, la mayor diferencia es que esta m\u00e1quina muele dos veces y sale una mantequilla de man\u00ed mucho m\u00e1s fina.<\/p>    <p>Est\u00e1n disponibles dos motores y dos c\u00e1maras de molienda.<\/p> <\/div> <\/div>    <figure class=\"wp-block-table\"><table><tbody><tr><td>Modelo<\/td><td>TZ-70<\/td><td>TZ-85<\/td><td>TZ-130<\/td><td>TZ-180<\/td><td>TZ-200<\/td><\/tr><tr><td>Producci\u00f3n<\/td><td>20-70\u00a0micr\u00f3fonos<\/td><td>20-70\u00a0micr\u00f3fonos<\/td><td>20-70\u00a0micr\u00f3fonos<\/td><td>20-70\u00a0micr\u00f3fonos<\/td><td>20-70\u00a0micr\u00f3fonos<\/td><\/tr><tr><td>Capacidad<\/td><td>50-80kg\/h<\/td><td>100-150kg\/hora<\/td><td>200-300kg\/hora<\/td><td>500-800kg\/hora<\/td><td>800-1000kg\/h<\/td><\/tr><tr><td>Fuerza<\/td><td>2,2 kw<\/td><td>5,5 kw<\/td><td>11kw<\/td><td>30kw<\/td><td>37kw<\/td><\/tr><tr><td>Peso<\/td><td>70kg<\/td><td>180kg<\/td><td>240 kilos<\/td><td>300 kilos<\/td><td>550 kilos<\/td><\/tr><tr><td>Tama\u00f1o<\/td><td>650*320*650mm<\/td><td>900*350*900mm<\/td><td>1000*350*1000mm<\/td><td>1200*450*1200mm<\/td><td>1200*500*1200mm<\/td><\/tr><\/tbody><\/table><figcaption class=\"wp-element-caption\">Datos t\u00e9cnicos de la m\u00e1quina trituradora de mantequilla de man\u00ed.<\/figcaption><\/figure>    <h2 class=\"wp-block-heading\"><strong>Ventajas de la m\u00e1quina trituradora de mantequilla de man\u00ed<\/strong><\/h2>    <ul class=\"wp-block-list\"> <li>tiene un <strong>capacidad de 50-1000kg\/h<\/strong>, que es muy eficiente.<\/li>    <li>La m\u00e1quina es duradera y tiene una larga vida \u00fatil porque es <strong>hecho de acero inoxidable<\/strong>.<\/li>    <li>M\u00e1quina para hacer mantequilla de man\u00ed Taizy <strong>Puede moler man\u00ed, soja, chile, almendras, tomates.<\/strong>, etc.<\/li>    <li>Todo el contacto con los materiales es de acero inoxidable, y el <strong>El producto final es limpio e higi\u00e9nico.<\/strong>, cumpliendo con los est\u00e1ndares de calidad alimentaria.<\/li>    <li>Puedes controlar y <strong>Asegure la calidad del producto ajustando el anillo de ajuste (con el dial)<\/strong>.<\/li>    <li>Estructura simple, f\u00e1cil instalaci\u00f3n y operaci\u00f3n.<\/li> <\/ul>   <div class=\"wp-block-image\"> <figure class=\"aligncenter size-full\"><img loading=\"lazy\" decoding=\"async\" width=\"720\" height=\"540\" src=\"https:\/\/taizynut.com\/wp-content\/uploads\/2024\/10\/machine-for-peanut-butter.webp\" alt=\"m\u00e1quina para mantequilla de man\u00ed\" class=\"wp-image-669\" title=\"\" srcset=\"https:\/\/taizynut.com\/wp-content\/uploads\/2024\/10\/machine-for-peanut-butter.webp 720w, https:\/\/taizynut.com\/wp-content\/uploads\/2024\/10\/machine-for-peanut-butter-300x225.webp 300w, https:\/\/taizynut.com\/wp-content\/uploads\/2024\/10\/machine-for-peanut-butter-16x12.webp 16w\" sizes=\"auto, (max-width: 720px) 100vw, 720px\" \/><figcaption class=\"wp-element-caption\">m\u00e1quina para mantequilla de man\u00ed<\/figcaption><\/figure> <\/div>   <h2 class=\"wp-block-heading\"><strong>Aplicaciones del molino coloide de mantequilla de man\u00ed<\/strong><\/h2>    <p>Como se mencion\u00f3 anteriormente, nuestra m\u00e1quina de mantequilla de man\u00ed tiene una amplia gama de aplicaciones y puede moler todo tipo de mantequilla de nueces. Las materias primas que se pueden moler son:<\/p>    <p class=\"translation-block\"><strong>Cacahuetes, frutos secos, frijoles, pimientos picantes, tomates, semillas de s\u00e9samo, granos de cacao, avellanas, <a href=\"https:\/\/en.wikipedia.org\/wiki\/Pork_rind\" target=\"_blank\" rel=\"noopener\">pellejo de cerdo<\/a>, harina de hueso, aloe vera, pi\u00f1a, t\u00e9 de frutas, relleno de mooncake, crema, mermelada, d\u00e1tiles rojos, barro de d\u00e1tiles rojos, salsa de rosa,<\/strong> etc.<\/p>   <div class=\"wp-block-image\"> <figure class=\"aligncenter size-full\"><img loading=\"lazy\" decoding=\"async\" width=\"750\" height=\"440\" src=\"https:\/\/taizynut.com\/wp-content\/uploads\/2024\/10\/applications-of-peanut-butter-machine.webp\" alt=\"aplicaciones de la m\u00e1quina de mantequilla de man\u00ed\" class=\"wp-image-678\" title=\"\" srcset=\"https:\/\/taizynut.com\/wp-content\/uploads\/2024\/10\/applications-of-peanut-butter-machine.webp 750w, https:\/\/taizynut.com\/wp-content\/uploads\/2024\/10\/applications-of-peanut-butter-machine-300x176.webp 300w, https:\/\/taizynut.com\/wp-content\/uploads\/2024\/10\/applications-of-peanut-butter-machine-18x12.webp 18w\" sizes=\"auto, (max-width: 750px) 100vw, 750px\" \/><figcaption class=\"wp-element-caption\">aplicaciones de la m\u00e1quina de mantequilla de man\u00ed<\/figcaption><\/figure> <\/div>   <p class=\"translation-block\">Nuestra m\u00e1quina de moler mantequilla de cacahuete es popular en <strong>alimentaci\u00f3n, farmac\u00e9utica, qu\u00edmica, procesamiento de pasteler\u00eda, casas de pasteles, tiendas de postres<\/strong> y otros.<\/p>    <p>Lo anterior es s\u00f3lo una lista parcial. Si desea saber si su material se puede utilizar en nuestro molino coloidal, puede contactarnos para obtener m\u00e1s detalles.<\/p>    <h2 class=\"wp-block-heading\"><strong>Estructura de la m\u00e1quina trituradora de mantequilla de man\u00ed comercial<\/strong><\/h2>    <p>La estructura de una m\u00e1quina comercial de mantequilla de man\u00ed es muy simple. Consta de entrada de alimentaci\u00f3n, c\u00e1mara de molienda, salida de descarga y motor. El equipo est\u00e1 dise\u00f1ado teniendo en cuenta la f\u00e1cil limpieza y mantenimiento para garantizar un proceso de producci\u00f3n higi\u00e9nico y eficiente.<\/p>    <figure class=\"wp-block-gallery has-nested-images columns-default is-cropped wp-block-gallery-2 is-layout-flex wp-block-gallery-is-layout-flex\"> <figure class=\"wp-block-image size-large\"><img loading=\"lazy\" decoding=\"async\" width=\"540\" height=\"720\" data-id=\"672\" src=\"https:\/\/taizynut.com\/wp-content\/uploads\/2024\/10\/commercial-peanut-butter-making-machine.webp\" alt=\"m\u00e1quina comercial para hacer mantequilla de man\u00ed\" class=\"wp-image-672\" title=\"\" srcset=\"https:\/\/taizynut.com\/wp-content\/uploads\/2024\/10\/commercial-peanut-butter-making-machine.webp 540w, https:\/\/taizynut.com\/wp-content\/uploads\/2024\/10\/commercial-peanut-butter-making-machine-225x300.webp 225w, https:\/\/taizynut.com\/wp-content\/uploads\/2024\/10\/commercial-peanut-butter-making-machine-9x12.webp 9w\" sizes=\"auto, (max-width: 540px) 100vw, 540px\" \/><figcaption class=\"wp-element-caption\">M\u00e1quina comercial para hacer mantequilla de man\u00ed<\/figcaption><\/figure>    <figure class=\"wp-block-image size-large\"><img loading=\"lazy\" decoding=\"async\" width=\"540\" height=\"720\" data-id=\"671\" src=\"https:\/\/taizynut.com\/wp-content\/uploads\/2024\/10\/home-peanut-butter-machine.webp\" alt=\"m\u00e1quina casera de mantequilla de man\u00ed\" class=\"wp-image-671\" title=\"\" srcset=\"https:\/\/taizynut.com\/wp-content\/uploads\/2024\/10\/home-peanut-butter-machine.webp 540w, https:\/\/taizynut.com\/wp-content\/uploads\/2024\/10\/home-peanut-butter-machine-225x300.webp 225w, https:\/\/taizynut.com\/wp-content\/uploads\/2024\/10\/home-peanut-butter-machine-9x12.webp 9w\" sizes=\"auto, (max-width: 540px) 100vw, 540px\" \/><figcaption class=\"wp-element-caption\">M\u00e1quina casera de mantequilla de man\u00ed<\/figcaption><\/figure> <\/figure>    <h2 class=\"wp-block-heading\"><strong>\u00bfC\u00f3mo funciona la m\u00e1quina para hacer mantequilla de man\u00ed Taizy?<\/strong><\/h2>    <p>La m\u00e1quina trituradora de mantequilla de man\u00ed de Taizy exprime, corta y muele continuamente la materia prima de man\u00ed entre los discos de molienda mediante una alta fuerza de corte y fricci\u00f3n.<\/p>    <p>Despu\u00e9s de que la materia prima ingresa a la c\u00e1mara de molienda, pasa a trav\u00e9s del disco de molienda giratorio de alta velocidad y se procesa instant\u00e1neamente en mantequilla de man\u00ed fina. <\/p>   <div class=\"wp-block-image\"> <figure class=\"aligncenter size-full\"><img loading=\"lazy\" decoding=\"async\" width=\"735\" height=\"187\" src=\"https:\/\/taizynut.com\/wp-content\/uploads\/2024\/10\/core-part-of-peanut-grinder-machine.webp\" alt=\"parte central de la m\u00e1quina trituradora de man\u00ed\" class=\"wp-image-673\" title=\"\" srcset=\"https:\/\/taizynut.com\/wp-content\/uploads\/2024\/10\/core-part-of-peanut-grinder-machine.webp 735w, https:\/\/taizynut.com\/wp-content\/uploads\/2024\/10\/core-part-of-peanut-grinder-machine-300x76.webp 300w, https:\/\/taizynut.com\/wp-content\/uploads\/2024\/10\/core-part-of-peanut-grinder-machine-18x5.webp 18w\" sizes=\"auto, (max-width: 735px) 100vw, 735px\" \/><figcaption class=\"wp-element-caption\">parte central de la m\u00e1quina trituradora de man\u00ed<\/figcaption><\/figure> <\/div>   <p>En este proceso, debes prestar atenci\u00f3n a la temperatura. La temperatura de la mantequilla de man\u00ed terminada es de 80-85 \u2103. Si desea llevar la mantequilla de man\u00ed al siguiente paso del procesamiento, como el relleno, debe enfriarla a 50-60 \u2103 antes de hacerlo.<\/p>    <h2 class=\"wp-block-heading\"><strong>\u00bfCu\u00e1l es el precio de la m\u00e1quina trituradora de man\u00ed?<\/strong><\/h2>    <p>El precio de nuestra m\u00e1quina de mantequilla de man\u00ed var\u00eda seg\u00fan el modelo, configuraci\u00f3n y capacidad de producci\u00f3n. En t\u00e9rminos generales, los equipos m\u00e1s peque\u00f1os son m\u00e1s asequibles en el mercado, mientras que los equipos comerciales grandes son m\u00e1s caros.<\/p>    <p>El precio de nuestra m\u00e1quina trituradora de man\u00ed oscila entre unos pocos miles y decenas de miles de d\u00f3lares. Si desea informaci\u00f3n m\u00e1s detallada sobre nuestras m\u00e1quinas, p\u00f3ngase en contacto con nosotros en cualquier momento.<\/p>   <div class=\"wp-block-image\"> <figure class=\"aligncenter size-full\"><img loading=\"lazy\" decoding=\"async\" width=\"720\" height=\"540\" src=\"https:\/\/taizynut.com\/wp-content\/uploads\/2024\/10\/peanut-grinder-machine-for-peanut-butter.webp\" alt=\"maquina trituradora de man\u00ed para mantequilla de man\u00ed\" class=\"wp-image-677\" title=\"\" srcset=\"https:\/\/taizynut.com\/wp-content\/uploads\/2024\/10\/peanut-grinder-machine-for-peanut-butter.webp 720w, https:\/\/taizynut.com\/wp-content\/uploads\/2024\/10\/peanut-grinder-machine-for-peanut-butter-300x225.webp 300w, https:\/\/taizynut.com\/wp-content\/uploads\/2024\/10\/peanut-grinder-machine-for-peanut-butter-16x12.webp 16w\" sizes=\"auto, (max-width: 720px) 100vw, 720px\" \/><figcaption class=\"wp-element-caption\">maquina trituradora de man\u00ed para mantequilla de man\u00ed<\/figcaption><\/figure> <\/div>   <h2 class=\"wp-block-heading\"><strong>\u00bfPor qu\u00e9 elegir Taizy como fabricante de m\u00e1quinas trituradoras de mantequilla de man\u00ed?<\/strong><\/h2>    <p>Hay muchas razones para elegir Taizy como fabricante de molino coloidal para mantequilla de man\u00ed. <\/p>    <ul class=\"wp-block-list\"> <li>Taizy tiene una rica experiencia en la industria y produce equipos confiables y de alta calidad.<\/li>    <li>Fabricamos y vendemos m\u00e1quinas nosotros mismos, por lo que el equipo es rentable.<\/li>    <li>Brindamos un excelente servicio postventa para garantizar que los clientes no tengan preocupaciones en el proceso de uso.<\/li>    <li>Hay varios modelos de molinos coloidales en la f\u00e1brica, as\u00ed como <a href=\"https:\/\/taizynut.com\/es\/product\/semi-automatic-peanut-butter-processing-line\/\">l\u00ednea de producci\u00f3n de mantequilla de man\u00ed<\/a>, etc. Puede adquirir todo el equipo a la vez en nuestra f\u00e1brica.<\/li> <\/ul>    <figure class=\"wp-block-gallery has-nested-images columns-default is-cropped wp-block-gallery-3 is-layout-flex wp-block-gallery-is-layout-flex\"> <figure class=\"wp-block-image size-large\"><img loading=\"lazy\" decoding=\"async\" width=\"720\" height=\"540\" data-id=\"675\" src=\"https:\/\/taizynut.com\/wp-content\/uploads\/2024\/10\/peanut-butter-grinder-machine-manufacturer.webp\" alt=\"fabricante de m\u00e1quinas trituradoras de mantequilla de man\u00ed\" class=\"wp-image-675\" title=\"\" srcset=\"https:\/\/taizynut.com\/wp-content\/uploads\/2024\/10\/peanut-butter-grinder-machine-manufacturer.webp 720w, https:\/\/taizynut.com\/wp-content\/uploads\/2024\/10\/peanut-butter-grinder-machine-manufacturer-300x225.webp 300w, https:\/\/taizynut.com\/wp-content\/uploads\/2024\/10\/peanut-butter-grinder-machine-manufacturer-16x12.webp 16w\" sizes=\"auto, (max-width: 720px) 100vw, 720px\" \/><figcaption class=\"wp-element-caption\">Fabricante de m\u00e1quinas trituradoras de mantequilla de man\u00ed<\/figcaption><\/figure>    <figure class=\"wp-block-image size-large\"><img loading=\"lazy\" decoding=\"async\" width=\"720\" height=\"540\" data-id=\"676\" src=\"https:\/\/taizynut.com\/wp-content\/uploads\/2024\/10\/peanut-butter-maker-machine-in-stock.webp\" alt=\"M\u00e1quina para hacer mantequilla de man\u00ed en stock\" class=\"wp-image-676\" title=\"\" srcset=\"https:\/\/taizynut.com\/wp-content\/uploads\/2024\/10\/peanut-butter-maker-machine-in-stock.webp 720w, https:\/\/taizynut.com\/wp-content\/uploads\/2024\/10\/peanut-butter-maker-machine-in-stock-300x225.webp 300w, https:\/\/taizynut.com\/wp-content\/uploads\/2024\/10\/peanut-butter-maker-machine-in-stock-16x12.webp 16w\" sizes=\"auto, (max-width: 720px) 100vw, 720px\" \/><figcaption class=\"wp-element-caption\">M\u00e1quina para hacer mantequilla de man\u00ed en stock<\/figcaption><\/figure> <\/figure>    <h2 class=\"wp-block-heading\"><strong>Comentarios sobre la m\u00e1quina de molinillo de mantequilla de man\u00ed de clientes mundiales<\/strong><\/h2>    <p class=\"translation-block\"><strong>Comentarios de Tanzania sobre la m\u00e1quina de moler cacahuete<\/strong><\/p>    <figure class=\"wp-block-embed is-type-video is-provider-youtube wp-block-embed-youtube wp-embed-aspect-16-9 wp-has-aspect-ratio\"><div class=\"wp-block-embed__wrapper\"> <iframe loading=\"lazy\" title=\"Comentarios de la m\u00e1quina de mantequilla de man\u00ed de un cliente de Tanzania Uso | Proveedor de molinillo de man\u00ed de China\" width=\"500\" height=\"281\" src=\"https:\/\/www.youtube.com\/embed\/jkpZTYi5r74?feature=oembed\" frameborder=\"0\" allow=\"accelerometer; autoplay; clipboard-write; encrypted-media; gyroscope; picture-in-picture; web-share\" referrerpolicy=\"strict-origin-when-cross-origin\" allowfullscreen><\/iframe> <\/div><figcaption class=\"wp-element-caption\">m\u00e1quina de mantequilla de man\u00ed<\/figcaption><\/figure>    <h2 class=\"wp-block-heading\"><strong>\u00a1Cont\u00e1ctanos ahora para realizar una compra!<\/strong><\/h2>    <p>Si est\u00e1 interesado en la m\u00e1quina trituradora de mantequilla de man\u00ed Taizy, no dude en contactarnos. Nuestro equipo profesional le proporcionar\u00e1 informaci\u00f3n detallada y cotizaciones seg\u00fan sus necesidades, y le ayudar\u00e1 a elegir el equipo m\u00e1s adecuado.<\/p>","protected":false},"excerpt":{"rendered":"<p>La m\u00e1quina trituradora de mantequilla de man\u00ed Taizy se utiliza para moler man\u00ed, chile, s\u00e9samo, etc. hasta obtener mantequilla o pasta mediante una alta fuerza de corte y fricci\u00f3n. Su capacidad es de 50-1000kg\/h.<\/p>","protected":false},"author":1,"featured_media":666,"parent":0,"template":"","tags":[45,49],"product-type":[27],"class_list":["post-661","product","type-product","status-publish","has-post-thumbnail","hentry","tag-peanut","tag-peanut-butter","product-type-peanut-kernel-processing"],"_links":{"self":[{"href":"https:\/\/taizynut.com\/es\/wp-json\/wp\/v2\/product\/661","targetHints":{"allow":["GET"]}}],"collection":[{"href":"https:\/\/taizynut.com\/es\/wp-json\/wp\/v2\/product"}],"about":[{"href":"https:\/\/taizynut.com\/es\/wp-json\/wp\/v2\/types\/product"}],"author":[{"embeddable":true,"href":"https:\/\/taizynut.com\/es\/wp-json\/wp\/v2\/users\/1"}],"wp:featuredmedia":[{"embeddable":true,"href":"https:\/\/taizynut.com\/es\/wp-json\/wp\/v2\/media\/666"}],"wp:attachment":[{"href":"https:\/\/taizynut.com\/es\/wp-json\/wp\/v2\/media?parent=661"}],"wp:term":[{"taxonomy":"post_tag","embeddable":true,"href":"https:\/\/taizynut.com\/es\/wp-json\/wp\/v2\/tags?post=661"},{"taxonomy":"product-type","embeddable":true,"href":"https:\/\/taizynut.com\/es\/wp-json\/wp\/v2\/product-type?post=661"}],"curies":[{"name":"wp","href":"https:\/\/api.w.org\/{rel}","templated":true}]}}