{"id":70,"date":"2022-08-26T07:37:17","date_gmt":"2022-08-26T07:37:17","guid":{"rendered":"https:\/\/taizynut.com\/?post_type=product&#038;p=70"},"modified":"2024-12-23T11:31:38","modified_gmt":"2024-12-23T03:31:38","slug":"peanut-sheller-groundnut-shelling-and-stone-removing-machine","status":"publish","type":"product","link":"https:\/\/taizynut.com\/es\/product\/peanut-sheller-groundnut-shelling-and-stone-removing-machine\/","title":{"rendered":"Desgranadora de man\u00ed | M\u00e1quina desgranadora y quitapiedras de man\u00ed"},"content":{"rendered":"<p class=\"translation-block\">Una unidad de descascaradora de cacahuetes es un dispositivo para pelar cacahuetes despu\u00e9s de eliminar impurezas. Debido al entorno de cultivo, algunos cacahuetes tienen malezas y piedras despu\u00e9s de ser recogidos y secados, por lo que la m\u00e1quina que solo tiene una funci\u00f3n de descascarado se utiliza directamente. Para el descascarado de cacahuetes, el da\u00f1o a la m\u00e1quina es mayor. Por lo tanto, esta m\u00e1quina con dos funciones al mismo tiempo es bien recibida. Es especialmente adecuada para el procesamiento de pelado de cacahuetes en \u00e1reas de cultivo de cacahuetes en terrenos monta\u00f1osos, colinas y suelos de arcilla-arena. Si tiene un rendimiento m\u00e1s peque\u00f1o, tambi\u00e9n puede utilizar una <a href=\"https:\/\/taizynut.com\/es\/product\/peanut-shell-removing-machine\/\" data-type=\"URL\" data-id=\"https:\/\/taizynut.com\/product\/peanut-shell-removing-machine\/\">m\u00e1quina descascaradora de cacahuetes para el hogar<\/a>.<\/p>    <figure class=\"wp-block-image size-full\"><img loading=\"lazy\" decoding=\"async\" width=\"720\" height=\"540\" src=\"https:\/\/taizynut.com\/wp-content\/uploads\/2022\/08\/Peanut-sheller.webp\" alt=\"Desgranadora de man\u00ed\" class=\"wp-image-150\" title=\"\" srcset=\"https:\/\/taizynut.com\/wp-content\/uploads\/2022\/08\/Peanut-sheller.webp 720w, https:\/\/taizynut.com\/wp-content\/uploads\/2022\/08\/Peanut-sheller-300x225.webp 300w\" sizes=\"auto, (max-width: 720px) 100vw, 720px\" \/><figcaption class=\"wp-element-caption\">Desgranadora de man\u00ed<\/figcaption><\/figure>    <h2 class=\"wp-block-heading\">Materia prima de la desgranadora de man\u00ed<\/h2>    <figure class=\"wp-block-gallery has-nested-images columns-2 is-cropped wp-block-gallery-2 is-layout-flex wp-block-gallery-is-layout-flex\"> <figure class=\"wp-block-image size-large\"><img loading=\"lazy\" decoding=\"async\" width=\"720\" height=\"540\" data-id=\"151\" src=\"https:\/\/taizynut.com\/wp-content\/uploads\/2022\/08\/peanuts-mixed-with-leaves.webp\" alt=\"man\u00ed mezclado con hojas\" class=\"wp-image-151\" title=\"\" srcset=\"https:\/\/taizynut.com\/wp-content\/uploads\/2022\/08\/peanuts-mixed-with-leaves.webp 720w, https:\/\/taizynut.com\/wp-content\/uploads\/2022\/08\/peanuts-mixed-with-leaves-300x225.webp 300w\" sizes=\"auto, (max-width: 720px) 100vw, 720px\" \/><figcaption class=\"wp-element-caption\">Man\u00ed Mezclado Con Hojas<\/figcaption><\/figure>    <figure class=\"wp-block-image size-large\"><img loading=\"lazy\" decoding=\"async\" width=\"720\" height=\"540\" data-id=\"153\" src=\"https:\/\/taizynut.com\/wp-content\/uploads\/2022\/08\/peanut-kernel.webp\" alt=\"grano de man\u00ed\" class=\"wp-image-153\" title=\"\" srcset=\"https:\/\/taizynut.com\/wp-content\/uploads\/2022\/08\/peanut-kernel.webp 720w, https:\/\/taizynut.com\/wp-content\/uploads\/2022\/08\/peanut-kernel-300x225.webp 300w\" sizes=\"auto, (max-width: 720px) 100vw, 720px\" \/><figcaption class=\"wp-element-caption\">Grano de man\u00ed<\/figcaption><\/figure> <\/figure>    <p class=\"translation-block\">&nbsp;La materia prima de la unidad de descascarado de cacahuetes son los cacahuetes secos. El <a href=\"https:\/\/en.wikipedia.org\/wiki\/Moisture\" data-type=\"URL\" data-id=\"https:\/\/en.wikipedia.org\/wiki\/Moisture\" target=\"_blank\" rel=\"noopener\">contenido de humedad<\/a> de los cacahuetes debe estar entre el 13% y el 14%. Cuanto m\u00e1s secos est\u00e9n los cacahuetes, menor ser\u00e1 la tasa de rotura. Generalmente, despu\u00e9s de que los cacahuetes son cosechados y seleccionados, pueden secarse al sol durante aproximadamente tres d\u00edas para lograr este efecto.<\/p>    <h2 class=\"wp-block-heading\">Beneficios de la limpieza de la desgranadora de man\u00ed<\/h2>    <figure class=\"wp-block-gallery has-nested-images columns-default is-cropped wp-block-gallery-3 is-layout-flex wp-block-gallery-is-layout-flex\"> <figure class=\"wp-block-image size-large\"><img loading=\"lazy\" decoding=\"async\" width=\"720\" height=\"540\" data-id=\"154\" src=\"https:\/\/taizynut.com\/wp-content\/uploads\/2022\/08\/peanut-shelling-machine.webp\" alt=\"m\u00e1quina descascaradora de man\u00ed\" class=\"wp-image-154\" title=\"\" srcset=\"https:\/\/taizynut.com\/wp-content\/uploads\/2022\/08\/peanut-shelling-machine.webp 720w, https:\/\/taizynut.com\/wp-content\/uploads\/2022\/08\/peanut-shelling-machine-300x225.webp 300w\" sizes=\"auto, (max-width: 720px) 100vw, 720px\" \/><figcaption class=\"wp-element-caption\">M\u00e1quina descascaradora de man\u00ed<\/figcaption><\/figure>    <figure class=\"wp-block-image size-large\"><img loading=\"lazy\" decoding=\"async\" width=\"720\" height=\"540\" data-id=\"152\" src=\"https:\/\/taizynut.com\/wp-content\/uploads\/2022\/08\/peanuts.webp\" alt=\"miseria\" class=\"wp-image-152\" title=\"\" srcset=\"https:\/\/taizynut.com\/wp-content\/uploads\/2022\/08\/peanuts.webp 720w, https:\/\/taizynut.com\/wp-content\/uploads\/2022\/08\/peanuts-300x225.webp 300w\" sizes=\"auto, (max-width: 720px) 100vw, 720px\" \/><figcaption class=\"wp-element-caption\">Miseria <\/figcaption><\/figure> <\/figure>    <p>La funci\u00f3n principal de la limpieza es eliminar impurezas como malezas, piedras y arena del man\u00ed. Despu\u00e9s de retirarlos, los cacahuetes quedan relativamente limpios despu\u00e9s de pelarlos, lo que aporta comodidad al uso de los granos de cacahuete. Si no se eliminan las impurezas, la eliminaci\u00f3n directa provocar\u00e1 que la m\u00e1quina sufra lesiones en el trabajo relativamente grandes. Agregar un sistema de limpieza puede mejorar la eficiencia del descascarado de man\u00ed.<\/p>    <h2 class=\"wp-block-heading\">Estructura de la desgranadora de man\u00ed<\/h2>    <figure class=\"wp-block-embed is-type-video is-provider-youtube wp-block-embed-youtube wp-embed-aspect-16-9 wp-has-aspect-ratio\"><div class=\"wp-block-embed__wrapper\"> <iframe loading=\"lazy\" title=\"\u00bfC\u00f3mo se pelan autom\u00e1ticamente los cacahuetes? | desgranadora de man\u00ed | M\u00e1quina crujiente de man\u00ed a la venta\" width=\"500\" height=\"281\" src=\"https:\/\/www.youtube.com\/embed\/8uQLrmhKmj0?start=55&#038;feature=oembed\" frameborder=\"0\" allow=\"accelerometer; autoplay; clipboard-write; encrypted-media; gyroscope; picture-in-picture; web-share\" referrerpolicy=\"strict-origin-when-cross-origin\" allowfullscreen><\/iframe> <\/div><figcaption class=\"wp-element-caption\">desgranadora de man\u00ed <\/figcaption><\/figure>    <h3 class=\"wp-block-heading\">La parte de limpieza de la peladora de man\u00ed.<\/h3>    <figure class=\"wp-block-image size-full\"><img loading=\"lazy\" decoding=\"async\" width=\"720\" height=\"540\" src=\"https:\/\/taizynut.com\/wp-content\/uploads\/2022\/08\/peanut-shelling-machine-1.webp\" alt=\"m\u00e1quina descascaradora de man\u00ed\" class=\"wp-image-155\" title=\"\" srcset=\"https:\/\/taizynut.com\/wp-content\/uploads\/2022\/08\/peanut-shelling-machine-1.webp 720w, https:\/\/taizynut.com\/wp-content\/uploads\/2022\/08\/peanut-shelling-machine-1-300x225.webp 300w\" sizes=\"auto, (max-width: 720px) 100vw, 720px\" \/><figcaption class=\"wp-element-caption\">M\u00e1quina descascaradora de man\u00ed<\/figcaption><\/figure>    <p>Una parte de limpieza es una m\u00e1quina que procesa previamente el man\u00ed antes de pelarlo y primero elimina las malas hierbas, la arena y los residuos del man\u00ed. La parte de limpieza de man\u00ed consta de un motor, una tolva de alimentaci\u00f3n, una criba clasificadora, un cig\u00fce\u00f1al, un ventilador de succi\u00f3n y un dispositivo de transporte de aire. Vierta los diversos cacahuetes en la tolva y col\u00f3quelos en la criba de clasificaci\u00f3n. <\/p>    <p>Bajo la acci\u00f3n del ventilador de succi\u00f3n y el cig\u00fce\u00f1al, la criba clasificadora succiona las hojas rotas y el polvo flotante en el man\u00ed fuera de la m\u00e1quina. Las piedras) se clasifican mediante un tamiz de clasificaci\u00f3n, suben desde la superficie de la pantalla hasta el puerto de descarga miscel\u00e1nea y salen de la m\u00e1quina. Despu\u00e9s de eliminar las impurezas, el man\u00ed desciende de la superficie de la pantalla a trav\u00e9s del puerto de descarga y fluye hacia el dispositivo de transporte de aire, y el viento transporta el man\u00ed a la tolva del sistema de descascarado.<\/p>    <h3 class=\"wp-block-heading\">pelar parte de la m\u00e1quina peladora de man\u00ed <\/h3>    <figure class=\"wp-block-image size-full\"><img loading=\"lazy\" decoding=\"async\" width=\"720\" height=\"540\" src=\"https:\/\/taizynut.com\/wp-content\/uploads\/2022\/08\/peanut-sheller-machine-1.webp\" alt=\"m\u00e1quina descascaradora de man\u00ed\" class=\"wp-image-156\" title=\"\" srcset=\"https:\/\/taizynut.com\/wp-content\/uploads\/2022\/08\/peanut-sheller-machine-1.webp 720w, https:\/\/taizynut.com\/wp-content\/uploads\/2022\/08\/peanut-sheller-machine-1-300x225.webp 300w\" sizes=\"auto, (max-width: 720px) 100vw, 720px\" \/><figcaption class=\"wp-element-caption\">M\u00e1quina descascaradora de man\u00ed<\/figcaption><\/figure>    <p>El desgranado del man\u00ed se realizar\u00e1 despu\u00e9s de limpiar el man\u00ed. Una vez limpios los cacahuetes, los cacahuetes entrar\u00e1n autom\u00e1ticamente en el paso de descascarado. etc. composici\u00f3n. Los cacahuetes en la tolva de alimentaci\u00f3n fluyen hacia el tambor de descascarado correspondiente y los cacahuetes se pelan mediante la fuerza de fricci\u00f3n repetida de la tira de acero y la jaula.<\/p>    <h2 class=\"wp-block-heading\">Par\u00e1metros de la desgranadora de man\u00ed<\/h2>    <figure class=\"wp-block-image size-full\"><img loading=\"lazy\" decoding=\"async\" width=\"720\" height=\"540\" src=\"https:\/\/taizynut.com\/wp-content\/uploads\/2022\/08\/peanut-sheller-machine-factory.webp\" alt=\"f\u00e1brica de m\u00e1quinas descascaradoras de man\u00ed\" class=\"wp-image-157\" title=\"\" srcset=\"https:\/\/taizynut.com\/wp-content\/uploads\/2022\/08\/peanut-sheller-machine-factory.webp 720w, https:\/\/taizynut.com\/wp-content\/uploads\/2022\/08\/peanut-sheller-machine-factory-300x225.webp 300w\" sizes=\"auto, (max-width: 720px) 100vw, 720px\" \/><figcaption class=\"wp-element-caption\">F\u00e1brica de m\u00e1quinas desgranadoras de man\u00ed<\/figcaption><\/figure>    <figure class=\"wp-block-table\"><table><tbody><tr><td>Modelo<\/td><td>Removedor de man\u00ed tipo 6BX-3500 (desgranadora de man\u00ed transportada por el viento)<\/td><\/tr><tr><td>Est\u00e1ndar ejecutivo<\/td><td>Q\/RJ025-2016<\/td><\/tr><tr><td>Dimensiones (mm)<\/td><td>2500*1200*2450<\/td><\/tr><tr><td>Peso (kg)<\/td><td>1200<\/td><\/tr><tr><td>Potencia trif\u00e1sica (kW) para sistema de eliminaci\u00f3n de impurezas<\/td><td>4-3 KW \u00a0\u00a0\u00a0\u00a0\u00a02-3 KW<\/td><\/tr><tr><td>Sistema de descascarado que soporta potencia trif\u00e1sica (kW)<\/td><td>6-5,5 KW \u00a0\u00a0\u00a02-4 KW<\/td><\/tr><tr><td>Producci\u00f3n (kg\/h)<\/td><td>\u22652000<\/td><\/tr><tr><td>El porcentaje de fruta en granos (signo de porcentaje)<\/td><td>\u22640,6<\/td><\/tr><tr><td>El porcentaje de fruta en granos (signo de porcentaje)<\/td><td>\u22640,4<\/td><\/tr><tr><td>Tarifa rota (%)<\/td><td>\u22643<\/td><\/tr><tr><td>Tasa de da\u00f1o (%)<\/td><td>\u22642,8<\/td><\/tr><tr><td>Tasa de da\u00f1o (%)<\/td><td>\u22640,5<\/td><\/tr><tr><td>Efectividad (%)<\/td><td>\u226598<\/td><\/tr><tr><td>N\u00famero de operadores<\/td><td>Tasa de da\u00f1o (%)<\/td><\/tr><\/tbody><\/table><figcaption class=\"wp-element-caption\">desgranadora de man\u00ed<\/figcaption><\/figure>    <h2 class=\"wp-block-heading\" id=\"h-peanut-shelling-unit-shipped-to-brazil\">Unidad descascaradora de man\u00ed enviada a Brasil<\/h2>    <figure class=\"wp-block-image size-full\"><img loading=\"lazy\" decoding=\"async\" width=\"720\" height=\"540\" src=\"https:\/\/taizynut.com\/wp-content\/uploads\/2022\/08\/peanut-sheller-machine-2.webp\" alt=\"m\u00e1quina descascaradora de man\u00ed\" class=\"wp-image-158\" title=\"\" srcset=\"https:\/\/taizynut.com\/wp-content\/uploads\/2022\/08\/peanut-sheller-machine-2.webp 720w, https:\/\/taizynut.com\/wp-content\/uploads\/2022\/08\/peanut-sheller-machine-2-300x225.webp 300w\" sizes=\"auto, (max-width: 720px) 100vw, 720px\" \/><figcaption class=\"wp-element-caption\">M\u00e1quina descascaradora de man\u00ed<\/figcaption><\/figure>    <p>Nuestra desgranadora de man\u00ed es muy popular en Brasil. Uno de nuestros clientes es una empresa agr\u00edcola local. Lleva ocho a\u00f1os consecutivos comprando m\u00e1quinas de Hungry. Compraremos m\u00e1quinas de forma centralizada de junio a agosto de cada a\u00f1o. Se ha formado una buena relaci\u00f3n de cooperaci\u00f3n. La favorita del cliente brasile\u00f1o es la unidad descascaradora de man\u00ed. Dijo que cuando venden y utilizan la m\u00e1quina, la funci\u00f3n de limpieza de la m\u00e1quina es muy adecuada para su producci\u00f3n de procesamiento.<\/p>","protected":false},"excerpt":{"rendered":"<p>Una unidad desgranadora de man\u00ed es un dispositivo para pelar man\u00ed despu\u00e9s de eliminar las impurezas. Debido al entorno de siembra, algunos man\u00edes tienen malezas y piedras despu\u00e9s de ser recogidos y secados, por lo que se utiliza directamente la m\u00e1quina que solo tiene una funci\u00f3n de descascarado.<\/p>","protected":false},"author":1,"featured_media":164,"parent":0,"template":"","tags":[20,41,47],"product-type":[14],"class_list":["post-70","product","type-product","status-publish","has-post-thumbnail","hentry","tag-peanut-creacking-machine","tag-peanut-sheller","tag-peanut-shelling","product-type-peanut-sheller"],"_links":{"self":[{"href":"https:\/\/taizynut.com\/es\/wp-json\/wp\/v2\/product\/70","targetHints":{"allow":["GET"]}}],"collection":[{"href":"https:\/\/taizynut.com\/es\/wp-json\/wp\/v2\/product"}],"about":[{"href":"https:\/\/taizynut.com\/es\/wp-json\/wp\/v2\/types\/product"}],"author":[{"embeddable":true,"href":"https:\/\/taizynut.com\/es\/wp-json\/wp\/v2\/users\/1"}],"wp:featuredmedia":[{"embeddable":true,"href":"https:\/\/taizynut.com\/es\/wp-json\/wp\/v2\/media\/164"}],"wp:attachment":[{"href":"https:\/\/taizynut.com\/es\/wp-json\/wp\/v2\/media?parent=70"}],"wp:term":[{"taxonomy":"post_tag","embeddable":true,"href":"https:\/\/taizynut.com\/es\/wp-json\/wp\/v2\/tags?post=70"},{"taxonomy":"product-type","embeddable":true,"href":"https:\/\/taizynut.com\/es\/wp-json\/wp\/v2\/product-type?post=70"}],"curies":[{"name":"wp","href":"https:\/\/api.w.org\/{rel}","templated":true}]}}