{"id":72,"date":"2022-08-26T06:50:37","date_gmt":"2022-08-26T06:50:37","guid":{"rendered":"https:\/\/taizynut.com\/?post_type=product&#038;p=72"},"modified":"2026-01-21T08:51:49","modified_gmt":"2026-01-21T00:51:49","slug":"dry-peanut-peeling-machine","status":"publish","type":"product","link":"https:\/\/taizynut.com\/es\/product\/dry-peanut-peeling-machine\/","title":{"rendered":"Peladora de man\u00ed seco para quitar la piel del man\u00ed tostado"},"content":{"rendered":"<p class=\"translation-block\"><strong>M\u00e1quina descasadora de cacahuetes<\/strong> est\u00e1 dise\u00f1ada para quitar la capa roja de los cacahuetes tostados, normalmente utilizada en la l\u00ednea de m\u00e1quinas para hacer barras de cacahuete tostado o en la l\u00ednea de procesamiento de mantequilla de man\u00ed. Es mejor usar esta m\u00e1quina cuando el contenido de humedad es &lt;5%.<\/p>    <p>Esta peladora de man\u00ed tostado tiene una capacidad de 200-1000 kg\/h y una velocidad de pelado de 98%. Con alta eficiencia y m\u00e9todo de pelado en seco, este equipo es popular en la industria de procesamiento de man\u00ed.<\/p>    <p>El man\u00ed se descascarilla despu\u00e9s de recoger la fruta y puede usarse para semillas y otros fines despu\u00e9s del descascarillado, pero la piel roja del man\u00ed debe eliminarse en el procesamiento general del man\u00ed. El pelador de man\u00ed tendr\u00e1 un mejor efecto de pelado despu\u00e9s del tostado.<\/p>   <div class=\"wp-block-image\"> <figure class=\"aligncenter size-full\"><img loading=\"lazy\" decoding=\"async\" width=\"720\" height=\"540\" src=\"https:\/\/taizynut.com\/wp-content\/uploads\/2022\/08\/peanuts-skin-remover-equipment-2.webp\" alt=\"equipo removedor de piel de man\u00ed\" class=\"wp-image-128\" title=\"\" srcset=\"https:\/\/taizynut.com\/wp-content\/uploads\/2022\/08\/peanuts-skin-remover-equipment-2.webp 720w, https:\/\/taizynut.com\/wp-content\/uploads\/2022\/08\/peanuts-skin-remover-equipment-2-300x225.webp 300w\" sizes=\"auto, (max-width: 720px) 100vw, 720px\" \/><figcaption class=\"wp-element-caption\">equipo removedor de piel de man\u00ed<\/figcaption><\/figure> <\/div>   <h2 class=\"wp-block-heading\">Puntos fuertes atractivos de la m\u00e1quina peladora de man\u00ed<\/h2>   <div class=\"wp-block-image\"> <figure class=\"aligncenter size-full\"><img loading=\"lazy\" decoding=\"async\" width=\"720\" height=\"540\" src=\"https:\/\/taizynut.com\/wp-content\/uploads\/2022\/08\/peanut-peeling-machine.webp\" alt=\"peladora de man\u00ed\" class=\"wp-image-119\" title=\"\" srcset=\"https:\/\/taizynut.com\/wp-content\/uploads\/2022\/08\/peanut-peeling-machine.webp 720w, https:\/\/taizynut.com\/wp-content\/uploads\/2022\/08\/peanut-peeling-machine-300x225.webp 300w\" sizes=\"auto, (max-width: 720px) 100vw, 720px\" \/><figcaption class=\"wp-element-caption\">peladora de man\u00ed<\/figcaption><\/figure> <\/div>   <ul class=\"wp-block-list\"> <li><strong>Separaci\u00f3n autom\u00e1tica<\/strong>. La piel del man\u00ed y el man\u00ed se separan autom\u00e1ticamente.<\/li>    <li><strong>Peque\u00f1o y f\u00e1cil de mover<\/strong>. Se enviar\u00e1n instrucciones en ingl\u00e9s y ense\u00f1anza en v\u00eddeo.<\/li>    <li><strong>Alta tasa de pelado<\/strong>. Despu\u00e9s de pelar el man\u00ed, la tasa de pelado del man\u00ed alcanza 99%.<\/li>    <li><strong>Buen efecto de pelado de man\u00ed<\/strong>. Los man\u00edes a\u00fan est\u00e1n intactos despu\u00e9s de pelarlos y la forma del man\u00ed no se da\u00f1ar\u00e1.<\/li> <\/ul>    <h2 class=\"wp-block-heading\">Par\u00e1metros de la peladora de man\u00ed.<\/h2>   <div class=\"wp-block-image\"> <figure class=\"aligncenter size-full\"><img loading=\"lazy\" decoding=\"async\" width=\"720\" height=\"540\" src=\"https:\/\/taizynut.com\/wp-content\/uploads\/2022\/08\/peanuts-skin-remover-equipment.webp\" alt=\"equipo removedor de piel de man\u00ed\" class=\"wp-image-125\" title=\"\" srcset=\"https:\/\/taizynut.com\/wp-content\/uploads\/2022\/08\/peanuts-skin-remover-equipment.webp 720w, https:\/\/taizynut.com\/wp-content\/uploads\/2022\/08\/peanuts-skin-remover-equipment-300x225.webp 300w\" sizes=\"auto, (max-width: 720px) 100vw, 720px\" \/><figcaption class=\"wp-element-caption\">equipo removedor de piel de man\u00ed<\/figcaption><\/figure> <\/div>   <figure class=\"wp-block-table\"><table><tbody><tr><td>Producci\u00f3n<\/td><td>Fuerza de motor<\/td><td>Potencia del ventilador<\/td><td>Voltaje<\/td><td>Frecuencia<\/td><td>Tasa de eliminaci\u00f3n<\/td><td>Dimensiones<\/td><\/tr><tr><td>200-300kg\/hora<\/td><td>0,55 kw<\/td><td>0,37 kw&nbsp;<\/td><td>380V\/220V&nbsp;<\/td><td>50HZ&nbsp;<\/td><td>98%<\/td><td>1100*400*1100MM<\/td><\/tr><tr><td>400-500kg\/h<\/td><td>0,55 kw*2<\/td><td>0,37 kw&nbsp;<\/td><td>380V\/220V<\/td><td>50HZ&nbsp;<\/td><td>98%&nbsp;<\/td><td>1100*700*1100MM<\/td><\/tr><tr><td>600-800kg\/hora<\/td><td>0,55 kw*3&nbsp;<\/td><td>0,37 kw<\/td><td>380V\/220V&nbsp;<\/td><td>50HZ&nbsp;<\/td><td>98%&nbsp;<\/td><td>1100*1000*1100MM<\/td><\/tr><tr><td>800-1000kg\/h<\/td><td>0,55 kw*4<\/td><td>0,37 kw<\/td><td>380V\/220V&nbsp;<\/td><td>50HZ&nbsp;<\/td><td>98%&nbsp;<\/td><td>1100*1400*1100MM<\/td><\/tr><\/tbody><\/table><figcaption class=\"wp-element-caption\">Par\u00e1metros del pelador de man\u00ed tostado<\/figcaption><\/figure>    <p>Como se puede ver en la tabla de par\u00e1metros anterior, nuestra m\u00e1quina peladora de man\u00ed puede adaptarse a una amplia gama de producci\u00f3n, que est\u00e1 determinada principalmente por sus necesidades espec\u00edficas. Si desea producir grandes cantidades de dulces de man\u00ed, entonces el equipo que necesita debe ser grande. Entonces el modelo de 600-1000 kg\/h es el m\u00e1s adecuado para usted.<\/p>    <p>Si tienes dudas sobre qu\u00e9 modelo elegir o sobre el equipamiento, contacta con nosotros y te las resolveremos.<\/p>    <h2 class=\"wp-block-heading\" id=\"h-the-use-of-peanut-roaster\">El uso de la m\u00e1quina peladora de man\u00ed tostado.<\/h2>   <div class=\"wp-block-image\"> <figure class=\"aligncenter size-full\"><img loading=\"lazy\" decoding=\"async\" width=\"599\" height=\"342\" src=\"https:\/\/taizynut.com\/wp-content\/uploads\/2022\/08\/peannut-peeliing-mahcine.webp\" alt=\"m\u00e1quina peladora de man\u00ed\" class=\"wp-image-122\" title=\"\" srcset=\"https:\/\/taizynut.com\/wp-content\/uploads\/2022\/08\/peannut-peeliing-mahcine.webp 599w, https:\/\/taizynut.com\/wp-content\/uploads\/2022\/08\/peannut-peeliing-mahcine-300x171.webp 300w\" sizes=\"auto, (max-width: 599px) 100vw, 599px\" \/><figcaption class=\"wp-element-caption\">m\u00e1quina peladora de man\u00ed<\/figcaption><\/figure> <\/div>   <p>El contenido de humedad del horneado es preferiblemente inferior a 5%. Cuanto menor sea el contenido de humedad, mejor ser\u00e1 el efecto de pelado de man\u00ed, que es completamente opuesto al m\u00e9todo de uso de la m\u00e1quina peladora de man\u00ed h\u00fameda. <\/p>    <p>Al adquirir la m\u00e1quina, podr\u00e1s elegir si pelar el man\u00ed en seco o h\u00famedo seg\u00fan la humedad del man\u00ed.<\/p>    <h2 class=\"wp-block-heading\">Estructura de la m\u00e1quina peladora de man\u00ed.<\/h2>   <div class=\"wp-block-image\"> <figure class=\"aligncenter size-full\"><img loading=\"lazy\" decoding=\"async\" width=\"720\" height=\"540\" src=\"https:\/\/taizynut.com\/wp-content\/uploads\/2022\/08\/peanut-peeling-machine-1.webp\" alt=\"peladora de man\u00ed\" class=\"wp-image-123\" title=\"\" srcset=\"https:\/\/taizynut.com\/wp-content\/uploads\/2022\/08\/peanut-peeling-machine-1.webp 720w, https:\/\/taizynut.com\/wp-content\/uploads\/2022\/08\/peanut-peeling-machine-1-300x225.webp 300w\" sizes=\"auto, (max-width: 720px) 100vw, 720px\" \/><figcaption class=\"wp-element-caption\">peladora de man\u00ed<\/figcaption><\/figure> <\/div>   <p>La m\u00e1quina peladora de man\u00ed est\u00e1 compuesta por un dispositivo de potencia (que incluye motor, polea, correa, cojinete, etc.), bastidor, tolva de alimentaci\u00f3n, rodillo pelador (rodillo de acero o rodillo de arena), ventilador de succi\u00f3n, etc.<\/p>    <h2 class=\"wp-block-heading\">Campos de aplicaci\u00f3n de la peladora de man\u00ed<\/h2>    <figure class=\"wp-block-gallery has-nested-images columns-default is-cropped wp-block-gallery-2 is-layout-flex wp-block-gallery-is-layout-flex\"> <figure class=\"wp-block-image size-large\"><img loading=\"lazy\" decoding=\"async\" width=\"720\" height=\"540\" data-id=\"120\" src=\"https:\/\/taizynut.com\/wp-content\/uploads\/2022\/08\/peannut.webp\" alt=\"man\u00ed\" class=\"wp-image-120\" title=\"\" srcset=\"https:\/\/taizynut.com\/wp-content\/uploads\/2022\/08\/peannut.webp 720w, https:\/\/taizynut.com\/wp-content\/uploads\/2022\/08\/peannut-300x225.webp 300w\" sizes=\"auto, (max-width: 720px) 100vw, 720px\" \/><figcaption class=\"wp-element-caption\">man\u00ed<\/figcaption><\/figure>    <figure class=\"wp-block-image size-large\"><img loading=\"lazy\" decoding=\"async\" width=\"720\" height=\"540\" data-id=\"121\" src=\"https:\/\/taizynut.com\/wp-content\/uploads\/2022\/08\/peanut-peeling.webp\" alt=\"pelado de man\u00ed \" class=\"wp-image-121\" title=\"\" srcset=\"https:\/\/taizynut.com\/wp-content\/uploads\/2022\/08\/peanut-peeling.webp 720w, https:\/\/taizynut.com\/wp-content\/uploads\/2022\/08\/peanut-peeling-300x225.webp 300w\" sizes=\"auto, (max-width: 720px) 100vw, 720px\" \/><figcaption class=\"wp-element-caption\">Pelado de man\u00ed <\/figcaption><\/figure> <\/figure>    <p>Se utiliza en el tratamiento previo al pelado para la producci\u00f3n de man\u00ed frito, man\u00ed aromatizado, pasteles de man\u00ed, dulces de man\u00ed, leche de man\u00ed, prote\u00edna de man\u00ed en polvo, gachas de ocho tesoros, man\u00ed en salsa y productos enlatados.<\/p>    <h2 class=\"wp-block-heading\">El principio del equipo removedor de piel de man\u00ed.<\/h2>   <div class=\"wp-block-image\"> <figure class=\"aligncenter size-full\"><img loading=\"lazy\" decoding=\"async\" width=\"720\" height=\"540\" src=\"https:\/\/taizynut.com\/wp-content\/uploads\/2022\/08\/roasted-peanuts-skin-remover-equipment.webp\" alt=\"Equipo para quitar la piel de man\u00ed tostado\" class=\"wp-image-124\" title=\"\" srcset=\"https:\/\/taizynut.com\/wp-content\/uploads\/2022\/08\/roasted-peanuts-skin-remover-equipment.webp 720w, https:\/\/taizynut.com\/wp-content\/uploads\/2022\/08\/roasted-peanuts-skin-remover-equipment-300x225.webp 300w\" sizes=\"auto, (max-width: 720px) 100vw, 720px\" \/><figcaption class=\"wp-element-caption\">Equipo para quitar la piel de man\u00ed tostado<\/figcaption><\/figure> <\/div>   <p>Despu\u00e9s de que la peladora de man\u00ed est\u00e9 en funcionamiento normal, los man\u00edes se pueden colocar en la tolva de manera uniforme y continua, y la c\u00e1scara de man\u00ed y los man\u00edes se separar\u00e1n bajo la fricci\u00f3n repetida del rotor. Luego, el ventilador de la m\u00e1quina soplar\u00e1 las pieles de man\u00ed m\u00e1s claras para lograr el prop\u00f3sito de separaci\u00f3n.<\/p>    <h2 class=\"wp-block-heading\">\u00bfPor qu\u00e9 es necesario quitar la piel roja del man\u00ed?<\/h2>   <div class=\"wp-block-image\"> <figure class=\"aligncenter size-full\"><img loading=\"lazy\" decoding=\"async\" width=\"720\" height=\"540\" src=\"https:\/\/taizynut.com\/wp-content\/uploads\/2022\/08\/peanuts-skin-remover-equipment-1.webp\" alt=\"equipo removedor de piel de man\u00ed\" class=\"wp-image-127\" title=\"\" srcset=\"https:\/\/taizynut.com\/wp-content\/uploads\/2022\/08\/peanuts-skin-remover-equipment-1.webp 720w, https:\/\/taizynut.com\/wp-content\/uploads\/2022\/08\/peanuts-skin-remover-equipment-1-300x225.webp 300w\" sizes=\"auto, (max-width: 720px) 100vw, 720px\" \/><figcaption class=\"wp-element-caption\">equipo removedor de piel de man\u00ed<\/figcaption><\/figure> <\/div>   <p class=\"translation-block\">Los cacahuetes tienen una capa de piel roja, que generalmente debe eliminarse durante la elaboraci\u00f3n de turrones de cacahuete o en la <a href=\"https:\/\/taizynut.com\/es\/product\/semi-automatic-peanut-butter-processing-line\/\">l\u00ednea de procesamiento de mantequilla de cacahuete<\/a>, porque la piel roja de los cacahuetes es relativamente amarga y afectar\u00e1 el sabor cuando se elabore en alimentos. <\/p>    <p>La piel del man\u00ed tambi\u00e9n se quita cuando se usa como nuez en galletas y pasteles. Los man\u00edes tambi\u00e9n deben pelarse para hacer mantequilla de man\u00ed, por lo que las m\u00e1quinas peladoras de man\u00ed son m\u00e1quinas importantes en la industria de procesamiento de man\u00ed.<\/p>    <h2 class=\"wp-block-heading\"><strong>\u00a1Obtenga una cotizaci\u00f3n ahora!<\/strong><\/h2>    <p class=\"translation-block\">En el proceso de elaboraci\u00f3n de cacahuetes, si est\u00e1 interesado en el pelado de <a href=\"https:\/\/en.wikipedia.org\/wiki\/Peanut\" target=\"_blank\" rel=\"noopener\">cacahuetes<\/a>, cont\u00e1ctenos y d\u00edganos sus necesidades (como producci\u00f3n, presupuesto, humedad de los cacahuetes, etc.), y le recomendaremos la soluci\u00f3n m\u00e1s adecuada y le proporcionaremos el mejor precio seg\u00fan esto.<\/p>","protected":false},"excerpt":{"rendered":"<p>La m\u00e1quina peladora de man\u00ed est\u00e1 dise\u00f1ada para eliminar la capa roja del man\u00ed tostado, generalmente utilizada en la l\u00ednea de procesamiento de barra quebradiza de man\u00ed o mantequilla de man\u00ed, con una capacidad de 200-1000 kg\/h.<\/p>","protected":false},"author":1,"featured_media":129,"parent":0,"template":"","tags":[45,50],"product-type":[27],"class_list":["post-72","product","type-product","status-publish","has-post-thumbnail","hentry","tag-peanut","tag-peanut-peeling","product-type-peanut-kernel-processing"],"_links":{"self":[{"href":"https:\/\/taizynut.com\/es\/wp-json\/wp\/v2\/product\/72","targetHints":{"allow":["GET"]}}],"collection":[{"href":"https:\/\/taizynut.com\/es\/wp-json\/wp\/v2\/product"}],"about":[{"href":"https:\/\/taizynut.com\/es\/wp-json\/wp\/v2\/types\/product"}],"author":[{"embeddable":true,"href":"https:\/\/taizynut.com\/es\/wp-json\/wp\/v2\/users\/1"}],"wp:featuredmedia":[{"embeddable":true,"href":"https:\/\/taizynut.com\/es\/wp-json\/wp\/v2\/media\/129"}],"wp:attachment":[{"href":"https:\/\/taizynut.com\/es\/wp-json\/wp\/v2\/media?parent=72"}],"wp:term":[{"taxonomy":"post_tag","embeddable":true,"href":"https:\/\/taizynut.com\/es\/wp-json\/wp\/v2\/tags?post=72"},{"taxonomy":"product-type","embeddable":true,"href":"https:\/\/taizynut.com\/es\/wp-json\/wp\/v2\/product-type?post=72"}],"curies":[{"name":"wp","href":"https:\/\/api.w.org\/{rel}","templated":true}]}}