{"id":721,"date":"2024-11-21T14:37:01","date_gmt":"2024-11-21T06:37:01","guid":{"rendered":"https:\/\/taizynut.com\/?post_type=product&#038;p=721"},"modified":"2026-01-23T08:44:52","modified_gmt":"2026-01-23T00:44:52","slug":"peanut-chikki-packing-machine","status":"publish","type":"product","link":"https:\/\/taizynut.com\/es\/product\/peanut-chikki-packing-machine\/","title":{"rendered":"M\u00e1quina envasadora de chikki de man\u00ed"},"content":{"rendered":"<p class=\"translation-block\">La <strong>m\u00e1quina de empaquetado de chikki de man\u00ed<\/strong> de Taizy est\u00e1 dise\u00f1ada para envolver dulces de man\u00ed y otros alimentos en bolsas en la l\u00ednea de producci\u00f3n de barras de turr\u00f3n de man\u00ed.<\/p>    <p>Puede envasar entre 50 y 200 bolsas de barras quebradizas de nueces por minuto. Adem\u00e1s, el sistema de lavado con nitr\u00f3geno y la funci\u00f3n de impresi\u00f3n de fecha se pueden equipar para satisfacer sus necesidades.<\/p>    <p>Con alta eficiencia y buen rendimiento, nuestra m\u00e1quina de envasado de caramelos de cacahuete ha sido exportada a L\u00edbano, Zimbabue, Birmania, etc. Es un buen ayudante en la l\u00ednea de fabricaci\u00f3n de barras de turr\u00f3n de cacahuete.<\/p>    <figure class=\"wp-block-embed is-type-video is-provider-youtube wp-block-embed-youtube wp-embed-aspect-16-9 wp-has-aspect-ratio\"><div class=\"wp-block-embed__wrapper\"> <iframe loading=\"lazy\" title=\"M\u00e1quina envasadora de almohadas eficiente para dulces de man\u00ed | M\u00e1quina empacadora de dulces de barra quebradiza de man\u00ed\" width=\"500\" height=\"281\" src=\"https:\/\/www.youtube.com\/embed\/mPSBWvfLS0A?feature=oembed\" frameborder=\"0\" allow=\"accelerometer; autoplay; clipboard-write; encrypted-media; gyroscope; picture-in-picture; web-share\" referrerpolicy=\"strict-origin-when-cross-origin\" allowfullscreen><\/iframe> <\/div><figcaption class=\"wp-element-caption\">video de la m\u00e1quina empacadora de barras quebradizas de man\u00ed<\/figcaption><\/figure>    <h2 class=\"wp-block-heading\"><strong>Ventajas de la m\u00e1quina empacadora de chikki de man\u00ed y man\u00ed<\/strong><\/h2>    <ul class=\"wp-block-list\"> <li><strong>Alta eficiencia<\/strong>: La m\u00e1quina de envoltura fluida de barras quebradizas para nueces funciona r\u00e1pido y puede envasar de 5 a 300 bolsas\/min.<\/li>    <li><strong>Sellado fuerte<\/strong>: el caramelo de man\u00ed envasado tiene un buen efecto de sellado, lo que prolonga su vida \u00fatil.<\/li>    <li><strong>F\u00e1cil operaci\u00f3n<\/strong>: dise\u00f1o humanizado, proceso de operaci\u00f3n simple, ahorro de costos laborales.<\/li>    <li><strong>Embalaje est\u00e9tico<\/strong>: embalaje cuidado que realza el atractivo del producto en el mercado.<\/li> <\/ul>   <div class=\"wp-block-image\"> <figure class=\"aligncenter size-full\"><img loading=\"lazy\" decoding=\"async\" width=\"720\" height=\"450\" src=\"https:\/\/taizynut.com\/wp-content\/uploads\/2024\/11\/flow-wrap-machine-for-peanut-candy-brittle-bar.webp\" alt=\"M\u00e1quina de envoltura fluida para barras quebradizas de caramelo de man\u00ed\" class=\"wp-image-746\" title=\"\" srcset=\"https:\/\/taizynut.com\/wp-content\/uploads\/2024\/11\/flow-wrap-machine-for-peanut-candy-brittle-bar.webp 720w, https:\/\/taizynut.com\/wp-content\/uploads\/2024\/11\/flow-wrap-machine-for-peanut-candy-brittle-bar-300x188.webp 300w, https:\/\/taizynut.com\/wp-content\/uploads\/2024\/11\/flow-wrap-machine-for-peanut-candy-brittle-bar-18x12.webp 18w\" sizes=\"auto, (max-width: 720px) 100vw, 720px\" \/><figcaption class=\"wp-element-caption\">M\u00e1quina de envoltura fluida para barras quebradizas de caramelo de man\u00ed<\/figcaption><\/figure> <\/div>   <h2 class=\"wp-block-heading\"><strong>Par\u00e1metros t\u00e9cnicos de la m\u00e1quina empacadora de dulces de man\u00ed.<\/strong><\/h2>    <ul class=\"wp-block-list\"> <li><strong>Modelo<\/strong>: TZ-250<\/li>    <li><strong>Voltaje<\/strong>: 415V, 50hz, 3 frases (personalizado)<\/li>    <li><strong>Fuerza<\/strong>: 2,5 kw<\/li>    <li><strong>Velocidad de embalaje<\/strong>: 50-200 unidades\/minuto<\/li>    <li><strong>Altura del producto<\/strong>: 5-40 mm<\/li>    <li><strong>Ancho de la pel\u00edcula<\/strong>: \u2264250mm<\/li>    <li><strong>Altura del embalaje<\/strong>: 5-60 mm<\/li>    <li><strong>Tama\u00f1o<\/strong>: 3770*670*1450mm<\/li>    <li><strong>Peso<\/strong>: 800kg<\/li> <\/ul>    <p>Este es el par\u00e1metro del modelo m\u00e1s popular en la l\u00ednea de producci\u00f3n de dulces de man\u00ed. Esta m\u00e1quina es el modelo TZ-250, la velocidad de empaque es de 50-200 paquetes\/minuto y el voltaje se puede personalizar. El material de la parte de la m\u00e1quina que entra en contacto con los alimentos es acero inoxidable para garantizar el cumplimiento de las normas de higiene alimentaria.<\/p>    <p>\u00a1Si desea m\u00e1s detalles sobre la m\u00e1quina, puede contactarnos en cualquier momento! Proporcionaremos los par\u00e1metros detallados para su referencia. <\/p>    <h2 class=\"wp-block-heading\"><strong>Aplicaciones de la m\u00e1quina flow wrap para dulces de man\u00ed<\/strong><\/h2>    <p>Esta m\u00e1quina empacadora de chikki de man\u00ed tiene una amplia gama de aplicaciones, tales como:<\/p>    <ul class=\"wp-block-list\"> <li><strong>caramelo de man\u00ed<\/strong>: incluidos los tradicionales trozos de caramelo de man\u00ed, man\u00ed quebradizo, caramelos de s\u00e9samo, barritas, barritas proteicas, chikki, barritas energ\u00e9ticas, barritas de cereales, etc.<\/li>    <li><strong>Otros productos alimenticios<\/strong>: adecuado para envasar dulces, chocolate, pasteles y otros productos.<\/li>    <li><strong>\u00c1rea no alimentaria<\/strong>: tambi\u00e9n se utiliza para piezas peque\u00f1as y embalajes de art\u00edculos de primera necesidad.<\/li> <\/ul>    <p>La m\u00e1quina es adecuada para f\u00e1bricas de alimentos, f\u00e1bricas de procesamiento de bocadillos y l\u00edneas de producci\u00f3n por lotes.<\/p>    <figure class=\"wp-block-gallery has-nested-images columns-default is-cropped wp-block-gallery-2 is-layout-flex wp-block-gallery-is-layout-flex\"> <figure class=\"wp-block-image size-large\"><img loading=\"lazy\" decoding=\"async\" width=\"720\" height=\"540\" data-id=\"492\" src=\"https:\/\/taizynut.com\/wp-content\/uploads\/2023\/12\/tasty-peanut-brittle-bar.webp\" alt=\"sabrosa barra crujiente de man\u00ed\" class=\"wp-image-492\" title=\"\" srcset=\"https:\/\/taizynut.com\/wp-content\/uploads\/2023\/12\/tasty-peanut-brittle-bar.webp 720w, https:\/\/taizynut.com\/wp-content\/uploads\/2023\/12\/tasty-peanut-brittle-bar-300x225.webp 300w\" sizes=\"auto, (max-width: 720px) 100vw, 720px\" \/><figcaption class=\"wp-element-caption\">Sabrosa barra quebradiza de man\u00ed<\/figcaption><\/figure>    <figure class=\"wp-block-image size-large\"><img loading=\"lazy\" decoding=\"async\" width=\"720\" height=\"540\" data-id=\"491\" src=\"https:\/\/taizynut.com\/wp-content\/uploads\/2023\/12\/small-peanut-brittle-business.webp\" alt=\"peque\u00f1o negocio de man\u00ed quebradizo\" class=\"wp-image-491\" title=\"\" srcset=\"https:\/\/taizynut.com\/wp-content\/uploads\/2023\/12\/small-peanut-brittle-business.webp 720w, https:\/\/taizynut.com\/wp-content\/uploads\/2023\/12\/small-peanut-brittle-business-300x225.webp 300w\" sizes=\"auto, (max-width: 720px) 100vw, 720px\" \/><figcaption class=\"wp-element-caption\">Peque\u00f1o negocio fr\u00e1gil de man\u00ed<\/figcaption><\/figure>    <figure class=\"wp-block-image size-large\"><img loading=\"lazy\" decoding=\"async\" width=\"720\" height=\"540\" data-id=\"462\" src=\"https:\/\/taizynut.com\/wp-content\/uploads\/2023\/08\/peanut-brittle.webp\" alt=\"cacahuete\" class=\"wp-image-462\" title=\"\" srcset=\"https:\/\/taizynut.com\/wp-content\/uploads\/2023\/08\/peanut-brittle.webp 720w, https:\/\/taizynut.com\/wp-content\/uploads\/2023\/08\/peanut-brittle-300x225.webp 300w\" sizes=\"auto, (max-width: 720px) 100vw, 720px\" \/><figcaption class=\"wp-element-caption\">Cacahuete<\/figcaption><\/figure> <\/figure>    <h2 class=\"wp-block-heading\"><strong>\u00bfCu\u00e1l es el precio de la m\u00e1quina de empaquetado de chikki de cacahuate?<\/strong><\/h2>    <p class=\"translation-block\">En el proceso de producci\u00f3n de dulce de man\u00ed, la parte de empaquetado es crucial. Por lo tanto, conocer el precio de una m\u00e1quina de empaquetado de turr\u00f3n es simplemente necesario. El precio de nuestra m\u00e1quina de empaquetado de dulce de man\u00ed se ve afectado por el modelo de la m\u00e1quina, las caracter\u00edsticas de la m\u00e1quina y el momento de compra de la <a href=\"https:\/\/taizynut.com\/es\/product\/peanut-brittle-bar-production-line\/\">l\u00ednea de m\u00e1quinas de turr\u00f3n de man\u00ed<\/a>.<\/p>    <p>En t\u00e9rminos generales, si compra nuestra m\u00e1quina envasadora de chikki de man\u00ed junto con toda la l\u00ednea, es m\u00e1s rentable que comprarla por separado.<\/p>    <p>Si quieres conocer el precio espec\u00edfico de la m\u00e1quina, \u00a1cont\u00e1ctanos! Le proporcionaremos una cotizaci\u00f3n basada en sus necesidades generales.<\/p>   <div class=\"wp-block-image\"> <figure class=\"aligncenter size-full\"><img loading=\"lazy\" decoding=\"async\" width=\"720\" height=\"540\" src=\"https:\/\/taizynut.com\/wp-content\/uploads\/2024\/11\/peanut-chikki-candy-pillow-packing-machine.webp\" alt=\"M\u00e1quina empacadora de almohadas de dulces de man\u00ed chikki\" class=\"wp-image-750\" title=\"\" srcset=\"https:\/\/taizynut.com\/wp-content\/uploads\/2024\/11\/peanut-chikki-candy-pillow-packing-machine.webp 720w, https:\/\/taizynut.com\/wp-content\/uploads\/2024\/11\/peanut-chikki-candy-pillow-packing-machine-300x225.webp 300w, https:\/\/taizynut.com\/wp-content\/uploads\/2024\/11\/peanut-chikki-candy-pillow-packing-machine-16x12.webp 16w\" sizes=\"auto, (max-width: 720px) 100vw, 720px\" \/><figcaption class=\"wp-element-caption\">M\u00e1quina empacadora de almohadas de dulces de man\u00ed chikki<\/figcaption><\/figure> <\/div>   <h2 class=\"wp-block-heading\"><strong>\u00bfC\u00f3mo elegir uno utilizado en la l\u00ednea de producci\u00f3n de barras quebradizas de man\u00ed?<\/strong><\/h2>    <p>Esta m\u00e1quina empacadora de chikki de man\u00ed se utiliza para toda la l\u00ednea de producci\u00f3n, entonces, \u00bfc\u00f3mo elegir la correcta? Aqu\u00ed hay algunas sugerencias para su referencia.<\/p>    <p class=\"translation-block\"><strong>Escala de producci\u00f3n<\/strong><\/p>    <p>Est\u00e1 principalmente adaptada a su l\u00ednea de producci\u00f3n de caramelos de cacahuate.<\/p>    <ul class=\"wp-block-list\"> <li><strong>Producci\u00f3n a peque\u00f1a escala<\/strong>Si tiene f\u00e1bricas peque\u00f1as o talleres familiares con baja producci\u00f3n diaria, el envoltorio de barra de cacahuate m\u00e1s peque\u00f1o es adecuado. <\/li>    <li><strong>Producci\u00f3n a gran escala<\/strong>: si su f\u00e1brica desea una alta producci\u00f3n diaria, la m\u00e1quina empacadora de dulces de man\u00ed de alto rendimiento es buena para usted. <\/li> <\/ul>    <p class=\"translation-block\"><strong>Necesidades de empaquetado<\/strong><\/p>    <ul class=\"wp-block-list\"> <li>\u00bfNecesita un efecto de embalaje bonito y cuidado, como bolsas de pl\u00e1stico o bolsas de papel?<\/li>    <li>\u00bfNecesita imprimir fechas de producci\u00f3n o n\u00fameros de lote?<\/li> <\/ul>    <p class=\"translation-block\"><strong>Compatibilidad y adaptabilidad<\/strong><\/p>    <p>\u00bfLa m\u00e1quina envasadora de dulces de man\u00ed coincide con la l\u00ednea de producci\u00f3n?<\/p>    <p>Nuestra m\u00e1quina empacadora de chikki de man\u00ed es altamente compatible con las l\u00edneas de producci\u00f3n de dulces de man\u00ed. Puede conectarse sin problemas con otros equipos, como m\u00e1quinas de moldeo y m\u00e1quinas de enfriamiento, para formar una operaci\u00f3n de l\u00ednea de ensamblaje eficiente.<\/p>    <figure class=\"wp-block-gallery has-nested-images columns-default is-cropped wp-block-gallery-3 is-layout-flex wp-block-gallery-is-layout-flex\"> <figure class=\"wp-block-image size-full\"><img loading=\"lazy\" decoding=\"async\" width=\"720\" height=\"540\" data-id=\"748\" src=\"https:\/\/taizynut.com\/wp-content\/uploads\/2024\/11\/pillow-packing-machine-for-sale.jpg\" alt=\"M\u00e1quina empacadora de almohadas a la venta\" class=\"wp-image-748\" title=\"\" srcset=\"https:\/\/taizynut.com\/wp-content\/uploads\/2024\/11\/pillow-packing-machine-for-sale.jpg 720w, https:\/\/taizynut.com\/wp-content\/uploads\/2024\/11\/pillow-packing-machine-for-sale-300x225.jpg 300w, https:\/\/taizynut.com\/wp-content\/uploads\/2024\/11\/pillow-packing-machine-for-sale-16x12.jpg 16w\" sizes=\"auto, (max-width: 720px) 100vw, 720px\" \/><figcaption class=\"wp-element-caption\">M\u00e1quina empacadora de almohadas a la venta<\/figcaption><\/figure>    <figure class=\"wp-block-image size-large\"><img loading=\"lazy\" decoding=\"async\" width=\"720\" height=\"540\" data-id=\"463\" src=\"https:\/\/taizynut.com\/wp-content\/uploads\/2023\/08\/commercial-peanut-brittle-production-line.webp\" alt=\"L\u00ednea de producci\u00f3n comercial de man\u00ed quebradizo.\" class=\"wp-image-463\" title=\"\" srcset=\"https:\/\/taizynut.com\/wp-content\/uploads\/2023\/08\/commercial-peanut-brittle-production-line.webp 720w, https:\/\/taizynut.com\/wp-content\/uploads\/2023\/08\/commercial-peanut-brittle-production-line-300x225.webp 300w\" sizes=\"auto, (max-width: 720px) 100vw, 720px\" \/><figcaption class=\"wp-element-caption\">L\u00ednea de producci\u00f3n comercial de man\u00ed quebradizo<\/figcaption><\/figure> <\/figure>    <p class=\"translation-block\"><strong>Servicio postventa<\/strong><\/p>    <p>Taizy proporciona instalaci\u00f3n y puesta en marcha de equipos, soporte t\u00e9cnico y servicios de mantenimiento para garantizar que las l\u00edneas de producci\u00f3n de los clientes se pongan en funcionamiento r\u00e1pidamente.<\/p>    <h2 class=\"wp-block-heading\"><strong>\u00a1Cont\u00e1ctenos ahora para una cotizaci\u00f3n!<\/strong><\/h2>    <p class=\"translation-block\">\u00bfEst\u00e1 buscando una m\u00e1quina envasadora para <a href=\"https:\/\/en.wikipedia.org\/wiki\/Brittle_(food)\" target=\"_blank\" rel=\"noopener\">barras de turr\u00f3n<\/a>? Si es as\u00ed, \u00a1p\u00f3ngase en contacto con nosotros en cualquier momento! \u00a1Ofreceremos la mejor soluci\u00f3n para adaptarse a su negocio de producci\u00f3n de caramelos de cacahuete!<\/p>   <div class=\"wp-block-image\"> <figure class=\"aligncenter size-full\"><img loading=\"lazy\" decoding=\"async\" width=\"720\" height=\"450\" src=\"https:\/\/taizynut.com\/wp-content\/uploads\/2024\/11\/peanut-chikki-packaging-machine-for-candy-brittle-bar.webp\" alt=\"M\u00e1quina envasadora de man\u00ed chikki para barras quebradizas de caramelo\" class=\"wp-image-747\" title=\"\" srcset=\"https:\/\/taizynut.com\/wp-content\/uploads\/2024\/11\/peanut-chikki-packaging-machine-for-candy-brittle-bar.webp 720w, https:\/\/taizynut.com\/wp-content\/uploads\/2024\/11\/peanut-chikki-packaging-machine-for-candy-brittle-bar-300x188.webp 300w, https:\/\/taizynut.com\/wp-content\/uploads\/2024\/11\/peanut-chikki-packaging-machine-for-candy-brittle-bar-18x12.webp 18w\" sizes=\"auto, (max-width: 720px) 100vw, 720px\" \/><figcaption class=\"wp-element-caption\">M\u00e1quina envasadora de man\u00ed chikki para barras quebradizas de caramelo<\/figcaption><\/figure> <\/div>","protected":false},"excerpt":{"rendered":"<p>La m\u00e1quina empacadora de chikki de man\u00ed Taizy est\u00e1 dise\u00f1ada para envolver dulces de man\u00ed y otros productos alimenticios en bolsas en la l\u00ednea de producci\u00f3n de barras quebradizas de man\u00ed.<\/p>","protected":false},"author":1,"featured_media":722,"parent":0,"template":"","tags":[55,45,44],"product-type":[78],"class_list":["post-721","product","type-product","status-publish","has-post-thumbnail","hentry","tag-packing","tag-peanut","tag-peanut-brittle","product-type-nut-packaing-machine"],"_links":{"self":[{"href":"https:\/\/taizynut.com\/es\/wp-json\/wp\/v2\/product\/721","targetHints":{"allow":["GET"]}}],"collection":[{"href":"https:\/\/taizynut.com\/es\/wp-json\/wp\/v2\/product"}],"about":[{"href":"https:\/\/taizynut.com\/es\/wp-json\/wp\/v2\/types\/product"}],"author":[{"embeddable":true,"href":"https:\/\/taizynut.com\/es\/wp-json\/wp\/v2\/users\/1"}],"wp:featuredmedia":[{"embeddable":true,"href":"https:\/\/taizynut.com\/es\/wp-json\/wp\/v2\/media\/722"}],"wp:attachment":[{"href":"https:\/\/taizynut.com\/es\/wp-json\/wp\/v2\/media?parent=721"}],"wp:term":[{"taxonomy":"post_tag","embeddable":true,"href":"https:\/\/taizynut.com\/es\/wp-json\/wp\/v2\/tags?post=721"},{"taxonomy":"product-type","embeddable":true,"href":"https:\/\/taizynut.com\/es\/wp-json\/wp\/v2\/product-type?post=721"}],"curies":[{"name":"wp","href":"https:\/\/api.w.org\/{rel}","templated":true}]}}