{"id":74,"date":"2022-08-26T02:12:09","date_gmt":"2022-08-26T02:12:09","guid":{"rendered":"https:\/\/taizynut.com\/?post_type=product&#038;p=74"},"modified":"2026-02-04T14:27:30","modified_gmt":"2026-02-04T06:27:30","slug":"wet-peanut-peeler-machine","status":"publish","type":"product","link":"https:\/\/taizynut.com\/es\/product\/wet-peanut-peeler-machine\/","title":{"rendered":"M\u00e1quina peladora de man\u00ed h\u00famedo para peladora de granos de man\u00ed"},"content":{"rendered":"<p class=\"translation-block\">La <strong>m\u00e1quina peladora de cacahuetes en h\u00famedo<\/strong> procesa los cacahuetes remoj\u00e1ndolos en agua y luego pel\u00e1ndolos, con una capacidad de 100-250 kg\/h. La m\u00e1quina tiene una tasa de pelado del 92%-95%, una tasa de rotura del 2-3% y una tasa de integridad del 85-90%.<\/p>    <p>Este m\u00e9todo puede garantizar que los man\u00edes a\u00fan est\u00e9n puros y fragantes despu\u00e9s de pelarlos, y que los granos de man\u00ed a\u00fan est\u00e9n intactos y blancos. <\/p>    <p>Adem\u00e1s de la m\u00e1quina peladora de man\u00ed h\u00famedo, tambi\u00e9n hay una m\u00e1quina peladora de man\u00ed seco, que son dos formas completamente diferentes de pelar los granos de man\u00ed.<\/p>   <div class=\"wp-block-image\"> <figure class=\"aligncenter size-full\"><img loading=\"lazy\" decoding=\"async\" width=\"720\" height=\"540\" src=\"https:\/\/taizynut.com\/wp-content\/uploads\/2022\/08\/Wet-peanut-peeler-machine.webp\" alt=\"M\u00e1quina peladora de man\u00ed h\u00famedo\" class=\"wp-image-76\" title=\"\" srcset=\"https:\/\/taizynut.com\/wp-content\/uploads\/2022\/08\/Wet-peanut-peeler-machine.webp 720w, https:\/\/taizynut.com\/wp-content\/uploads\/2022\/08\/Wet-peanut-peeler-machine-300x225.webp 300w\" sizes=\"auto, (max-width: 720px) 100vw, 720px\" \/><figcaption class=\"wp-element-caption\">m\u00e1quina peladora de man\u00ed h\u00famedo<\/figcaption><\/figure> <\/div>   <h2 class=\"wp-block-heading\">Ventajas de la peladora de man\u00ed<\/h2>   <div class=\"wp-block-image\"> <figure class=\"aligncenter size-full\"><img loading=\"lazy\" decoding=\"async\" width=\"720\" height=\"540\" src=\"https:\/\/taizynut.com\/wp-content\/uploads\/2022\/08\/Wet-peanut-peeler-machine-1.webp\" alt=\"M\u00e1quina peladora de man\u00ed h\u00famedo\" class=\"wp-image-82\" title=\"\" srcset=\"https:\/\/taizynut.com\/wp-content\/uploads\/2022\/08\/Wet-peanut-peeler-machine-1.webp 720w, https:\/\/taizynut.com\/wp-content\/uploads\/2022\/08\/Wet-peanut-peeler-machine-1-300x225.webp 300w\" sizes=\"auto, (max-width: 720px) 100vw, 720px\" \/><figcaption class=\"wp-element-caption\">m\u00e1quina peladora de man\u00ed h\u00famedo<\/figcaption><\/figure> <\/div>   <ul class=\"wp-block-list\"> <li>La m\u00e1quina peladora de piel de man\u00ed Taizy adopta el proceso de pelado h\u00famedo, la tasa de rotura es baja y la calidad del man\u00ed despu\u00e9s del pelado es buena.<\/li>    <li>Una vez pelados los cacahuetes, el color de la superficie de las almendras no cambiar\u00e1 y no se perder\u00e1 la prote\u00edna.<\/li>    <li>Durante el proceso de pelado de man\u00ed, la c\u00e1scara y la nuez se pueden separar y descargar autom\u00e1ticamente.<\/li>    <li>La m\u00e1quina tiene las ventajas de tama\u00f1o peque\u00f1o, bajo consumo de energ\u00eda, alta eficiencia y operaci\u00f3n conveniente.<\/li>    <li>Esta m\u00e1quina peladora de man\u00ed h\u00famedo tiene las ventajas de un rendimiento estable, seguridad y confiabilidad, alta productividad, buen efecto de pelado y baja tasa de medio grano.<\/li> <\/ul>    <h2 class=\"wp-block-heading\">Par\u00e1metros de la peladora de man\u00ed.<\/h2>   <div class=\"wp-block-image\"> <figure class=\"aligncenter size-full\"><img loading=\"lazy\" decoding=\"async\" width=\"750\" height=\"467\" src=\"https:\/\/taizynut.com\/wp-content\/uploads\/2022\/08\/Different-Models-of-Peanut-Peeling-Machines.jpg\" alt=\"Diferentes modelos de peladoras de man\u00ed\" class=\"wp-image-81\" title=\"\" srcset=\"https:\/\/taizynut.com\/wp-content\/uploads\/2022\/08\/Different-Models-of-Peanut-Peeling-Machines.jpg 750w, https:\/\/taizynut.com\/wp-content\/uploads\/2022\/08\/Different-Models-of-Peanut-Peeling-Machines-300x187.jpg 300w\" sizes=\"auto, (max-width: 750px) 100vw, 750px\" \/><figcaption class=\"wp-element-caption\">Diferentes modelos de peladoras de man\u00ed<\/figcaption><\/figure> <\/div>   <figure class=\"wp-block-table\"><table><tbody><tr><td>&nbsp;Modelo<\/td><td>TZ-100<\/td><td>TZ-180<\/td><\/tr><tr><td>&nbsp;Fuerza<\/td><td>0,75 kw 380 v 1,1 kw 220 v<\/td><td>0,75 kw 380 v 1,1 kw 220 v<\/td><\/tr><tr><td>&nbsp;Tasa de pelado<\/td><td>92%-95%<\/td><td>92%-95%<\/td><\/tr><tr><td>Producir<\/td><td>100-150kg\/hora<\/td><td>200-250 kg\/hora<\/td><\/tr><tr><td>Tasa de integridad<\/td><td>85-90%<\/td><td>85-90%<\/td><\/tr><tr><td>Tasa de rotura<\/td><td>2-3%<\/td><td>2-3%<\/td><\/tr><tr><td>Tama\u00f1o<\/td><td>1180\u00d7720\u00d71100mm<\/td><td>1180\u00d7850\u00d71100mm<\/td><\/tr><\/tbody><\/table><figcaption class=\"wp-element-caption\">Par\u00e1metros del pelador de man\u00ed<\/figcaption><\/figure>    <p>Cu\u00e9ntenos sus necesidades y luego, en combinaci\u00f3n con la tabla de par\u00e1metros de la m\u00e1quina, le brindaremos la mejor soluci\u00f3n.<\/p>    <h2 class=\"wp-block-heading\">\u00c1mbito de aplicaci\u00f3n de la m\u00e1quina peladora de man\u00ed h\u00famedo<\/h2>   <div class=\"wp-block-image\"> <figure class=\"aligncenter size-full\"><img loading=\"lazy\" decoding=\"async\" width=\"720\" height=\"540\" src=\"https:\/\/taizynut.com\/wp-content\/uploads\/2022\/08\/Peanut-Soak.webp\" alt=\"Remojo de man\u00ed\" class=\"wp-image-77\" title=\"\" srcset=\"https:\/\/taizynut.com\/wp-content\/uploads\/2022\/08\/Peanut-Soak.webp 720w, https:\/\/taizynut.com\/wp-content\/uploads\/2022\/08\/Peanut-Soak-300x225.webp 300w\" sizes=\"auto, (max-width: 720px) 100vw, 720px\" \/><figcaption class=\"wp-element-caption\">Remojo de man\u00ed<\/figcaption><\/figure> <\/div>   <p>Esta m\u00e1quina peladora de man\u00ed no solo puede procesar man\u00ed sino que tambi\u00e9n se puede usar para pelar otros frutos secos como soja, almendras, garbanzos, etc. Es necesario remojarla durante 3 a 5 minutos antes de pelarla. <\/p>    <p>De esta manera, la piel roja y los granos de man\u00ed no quedan tan ajustados, dejando un cierto espacio entre ellos, de modo que la m\u00e1quina peladora de man\u00ed h\u00fameda no da\u00f1e ni da\u00f1e los man\u00ed cuando se pela la desgranadora de man\u00ed, y la eficiencia del pelado despu\u00e9s del remojo Tambi\u00e9n se mejorar\u00e1. promover.<\/p>    <h2 class=\"wp-block-heading\" id=\"h-how-to-use-a-peanut-peeling-machine\">\u00bfC\u00f3mo utilizar una peladora de man\u00ed?<\/h2>   <div class=\"wp-block-image\"> <figure class=\"aligncenter size-full\"><img loading=\"lazy\" decoding=\"async\" width=\"720\" height=\"540\" src=\"https:\/\/taizynut.com\/wp-content\/uploads\/2022\/08\/Test-before-delivery-of-peanut-peeling-machine.webp\" alt=\"Prueba antes de la entrega de la m\u00e1quina peladora de man\u00ed.\" class=\"wp-image-78\" title=\"\" srcset=\"https:\/\/taizynut.com\/wp-content\/uploads\/2022\/08\/Test-before-delivery-of-peanut-peeling-machine.webp 720w, https:\/\/taizynut.com\/wp-content\/uploads\/2022\/08\/Test-before-delivery-of-peanut-peeling-machine-300x225.webp 300w\" sizes=\"auto, (max-width: 720px) 100vw, 720px\" \/><figcaption class=\"wp-element-caption\">Prueba antes de la entrega de la m\u00e1quina peladora de man\u00ed.<\/figcaption><\/figure> <\/div>   <p>El pelado h\u00famedo implica principalmente remojar los cacahuetes en agua tibia durante 3 a 5 minutos y luego verterlos en la tolva. Al agitar los cacahuetes, estos entran en el rodillo de goma giratorio. <\/p>    <p>Despu\u00e9s de que el anillo de goma se frota, la piel roja del man\u00ed se retira y se descarga a trav\u00e9s de diferentes salidas, y la piel y el grano se pueden separar autom\u00e1ticamente. <\/p>    <p>Sus principales par\u00e1metros t\u00e9cnicos son la tasa de pelado: 98%\u00b12, la tasa de quebrados: menos de 3% y la tasa de grano entero: 90%\u00b15.<\/p>    <h2 class=\"wp-block-heading\">El principio de la m\u00e1quina peladora de man\u00ed.<\/h2>    <figure class=\"wp-block-gallery has-nested-images columns-default is-cropped wp-block-gallery-2 is-layout-flex wp-block-gallery-is-layout-flex\"> <figure class=\"wp-block-image size-large\"><img loading=\"lazy\" decoding=\"async\" width=\"720\" height=\"540\" data-id=\"79\" src=\"https:\/\/taizynut.com\/wp-content\/uploads\/2022\/08\/peanut-peeler-machine-details.webp\" alt=\"Detalles de la m\u00e1quina peladora de man\u00ed\" class=\"wp-image-79\" title=\"\" srcset=\"https:\/\/taizynut.com\/wp-content\/uploads\/2022\/08\/peanut-peeler-machine-details.webp 720w, https:\/\/taizynut.com\/wp-content\/uploads\/2022\/08\/peanut-peeler-machine-details-300x225.webp 300w\" sizes=\"auto, (max-width: 720px) 100vw, 720px\" \/><figcaption class=\"wp-element-caption\">Detalles de la m\u00e1quina peladora de man\u00ed<\/figcaption><\/figure>    <figure class=\"wp-block-image size-large\"><img loading=\"lazy\" decoding=\"async\" width=\"720\" height=\"540\" data-id=\"80\" src=\"https:\/\/taizynut.com\/wp-content\/uploads\/2022\/08\/peanut-peeler-machine-details-1.webp\" alt=\"Detalles de la m\u00e1quina peladora de man\u00ed\" class=\"wp-image-80\" title=\"\" srcset=\"https:\/\/taizynut.com\/wp-content\/uploads\/2022\/08\/peanut-peeler-machine-details-1.webp 720w, https:\/\/taizynut.com\/wp-content\/uploads\/2022\/08\/peanut-peeler-machine-details-1-300x225.webp 300w\" sizes=\"auto, (max-width: 720px) 100vw, 720px\" \/><figcaption class=\"wp-element-caption\">Detalles de la m\u00e1quina peladora de man\u00ed<\/figcaption><\/figure> <\/figure>    <p>La m\u00e1quina peladora de man\u00ed h\u00famedo debe enviar el man\u00ed remojado al espacio entre cada dos anillos de fricci\u00f3n de caucho adyacentes a trav\u00e9s del mecanismo de alimentaci\u00f3n. La fricci\u00f3n avanza en la ranura del anillo. <\/p>    <p>Cuando la fricci\u00f3n avanza hacia la rueda de presi\u00f3n y la barra de luz de l\u00edmite, el man\u00ed pelado cae en el conducto de descarga en espiral y el eje del tornillo env\u00eda el man\u00ed pelado al material inverso para descargarlo desde el puerto de descarga. <\/p>    <p>El man\u00ed pelado Bajo la acci\u00f3n del lavado con agua, la piel roja se transfiere desde la rueda de extracci\u00f3n de piel roja a la bandeja de salida de piel roja detr\u00e1s de la rueda de material y la barra de luz de l\u00edmite para ser descargada.<\/p>    <h2 class=\"wp-block-heading\">Introducci\u00f3n de la empresa Shuliy<\/h2>    <p class=\"translation-block\">Shuliy se ha dedicado a la maquinaria de procesamiento de cacahuetes durante m\u00e1s de 20 a\u00f1os. La empresa cuenta con muchas maquinarias de producci\u00f3n agr\u00edcola para el procesamiento de cacahuetes, incluidas <a href=\"https:\/\/taizynut.com\/es\/product\/six-row-peanut-seeder\/\" data-type=\"URL\" data-id=\"https:\/\/taizynut.com\/product\/six-row-peanut-seeder\/\">m\u00e1quinas sembradoras de cacahuetes<\/a>, <a href=\"https:\/\/taizynut.com\/es\/product\/peanut-harvesting-machine\/\" data-type=\"URL\" data-id=\"https:\/\/taizynut.com\/product\/peanut-harvesting-machine\/\">recolectoras de cacahuetes<\/a>, descascarilladoras de cacahuetes, prensas de aceite de cacahuete y otros equipos. Entre ellos, la <a href=\"https:\/\/taizynut.com\/es\/product\/peanut-sheller-groundnut-shelling-and-stone-removing-machine\/\" data-type=\"URL\" data-id=\"https:\/\/taizynut.com\/product\/peanut-sheller-groundnut-shelling-and-stone-removing-machine\/\">descascarilladora de cacahuetes<\/a> es muy popular.<\/p>    <p class=\"translation-block\">Si desea maquinaria relacionada con <a href=\"https:\/\/en.wikipedia.org\/wiki\/Peanut\" target=\"_blank\" rel=\"noopener\">cacahuetes<\/a>, \u00a1bienvenido a contactarnos para obtener m\u00e1s detalles de la m\u00e1quina!<\/p>","protected":false},"excerpt":{"rendered":"<p>La m\u00e1quina peladora de man\u00ed h\u00famedo procesa el man\u00ed remojado en agua y luego pelado, con una capacidad de 100-250 kg\/h. \u00a1Haga clic aqu\u00ed para obtener m\u00e1s informaci\u00f3n!<\/p>","protected":false},"author":1,"featured_media":87,"parent":0,"template":"","tags":[50],"product-type":[27],"class_list":["post-74","product","type-product","status-publish","has-post-thumbnail","hentry","tag-peanut-peeling","product-type-peanut-kernel-processing"],"_links":{"self":[{"href":"https:\/\/taizynut.com\/es\/wp-json\/wp\/v2\/product\/74","targetHints":{"allow":["GET"]}}],"collection":[{"href":"https:\/\/taizynut.com\/es\/wp-json\/wp\/v2\/product"}],"about":[{"href":"https:\/\/taizynut.com\/es\/wp-json\/wp\/v2\/types\/product"}],"author":[{"embeddable":true,"href":"https:\/\/taizynut.com\/es\/wp-json\/wp\/v2\/users\/1"}],"wp:featuredmedia":[{"embeddable":true,"href":"https:\/\/taizynut.com\/es\/wp-json\/wp\/v2\/media\/87"}],"wp:attachment":[{"href":"https:\/\/taizynut.com\/es\/wp-json\/wp\/v2\/media?parent=74"}],"wp:term":[{"taxonomy":"post_tag","embeddable":true,"href":"https:\/\/taizynut.com\/es\/wp-json\/wp\/v2\/tags?post=74"},{"taxonomy":"product-type","embeddable":true,"href":"https:\/\/taizynut.com\/es\/wp-json\/wp\/v2\/product-type?post=74"}],"curies":[{"name":"wp","href":"https:\/\/api.w.org\/{rel}","templated":true}]}}