{"id":895,"date":"2024-12-19T17:22:00","date_gmt":"2024-12-19T09:22:00","guid":{"rendered":"https:\/\/taizynut.com\/?post_type=product&#038;p=895"},"modified":"2024-12-20T17:42:01","modified_gmt":"2024-12-20T09:42:01","slug":"automatic-peanut-oil-production-line","status":"publish","type":"product","link":"https:\/\/taizynut.com\/es\/product\/automatic-peanut-oil-production-line\/","title":{"rendered":"L\u00ednea autom\u00e1tica de producci\u00f3n de aceite de man\u00ed."},"content":{"rendered":"<p class=\"translation-block\">La <strong>l\u00ednea de producci\u00f3n de aceite de cacahuete<\/strong> Taizy es una soluci\u00f3n completa que convierte los cacahuetes con c\u00e1scara en aceite de cacahuete comestible. Contiene equipos clave como la descascarilladora de cacahuete y la prensa de aceite, que pueden completar eficientemente el proceso de producci\u00f3n desde el cacahuete hasta el aceite de cacahuete de alta calidad.<\/p>    <p>Es altamente autom\u00e1tico, ideal para agricultores, prensas de aceite y peque\u00f1as y medianas empresas.<\/p>    <figure class=\"wp-block-embed is-type-video is-provider-youtube wp-block-embed-youtube wp-embed-aspect-16-9 wp-has-aspect-ratio\"><div class=\"wp-block-embed__wrapper\"> <iframe loading=\"lazy\" title=\"Planta de prensado de aceite de man\u00ed de calidad: desde el descascarado de man\u00ed, el tostado, la extracci\u00f3n de aceite hasta el llenado de aceite.\" width=\"500\" height=\"281\" src=\"https:\/\/www.youtube.com\/embed\/YI0XWXUCLrk?feature=oembed\" frameborder=\"0\" allow=\"accelerometer; autoplay; clipboard-write; encrypted-media; gyroscope; picture-in-picture; web-share\" referrerpolicy=\"strict-origin-when-cross-origin\" allowfullscreen><\/iframe> <\/div><figcaption class=\"wp-element-caption\">planta autom\u00e1tica de prensado de aceite de man\u00ed<\/figcaption><\/figure>    <h2 class=\"wp-block-heading\"><strong>\u00bfCu\u00e1l es el proceso de fabricaci\u00f3n del aceite de cacahuete?<\/strong><\/h2>    <p class=\"translation-block\">Los pasos de una planta de procesamiento de aceite de cacahuete incluyen <strong>descascarillado de cacahuete \u2192 tostado \u2192 prensado de aceite \u2192 llenado<\/strong>. Contin\u00fae leyendo para ver la introducci\u00f3n detallada.<\/p>    <h3 class=\"wp-block-heading\"><strong>Paso 1: desgranadora de man\u00ed<\/strong><\/h3>    <p>La m\u00e1quina descascaradora de man\u00ed es el primer paso en la l\u00ednea de producci\u00f3n de aceite de man\u00ed y se utiliza para quitar r\u00e1pidamente las c\u00e1scaras de man\u00ed y garantizar la integridad del grano de man\u00ed. Con alta eficiencia de descascarado y baja tasa de trituraci\u00f3n, proporciona materias primas de alta calidad para procesos posteriores.<\/p>    <p class=\"translation-block\">Puede elegir el siguiente equipo de descascarillado de cacahuete (descascarilladora de cacahuete peque\u00f1a y <a href=\"https:\/\/taizynut.com\/es\/product\/peanut-sheller-groundnut-shelling-and-stone-removing-machine\/\">m\u00e1quina combinada de descascarillado y limpieza de cacahuete<\/a>) para sus usos comerciales.<\/p>    <figure class=\"wp-block-gallery has-nested-images columns-default is-cropped wp-block-gallery-2 is-layout-flex wp-block-gallery-is-layout-flex\"> <figure class=\"wp-block-image size-large\"><img loading=\"lazy\" decoding=\"async\" width=\"720\" height=\"540\" data-id=\"401\" src=\"https:\/\/taizynut.com\/wp-content\/uploads\/2023\/05\/peanut-shelling-machine.webp\" alt=\"m\u00e1quina descascaradora de man\u00ed\" class=\"wp-image-401\" title=\"\" srcset=\"https:\/\/taizynut.com\/wp-content\/uploads\/2023\/05\/peanut-shelling-machine.webp 720w, https:\/\/taizynut.com\/wp-content\/uploads\/2023\/05\/peanut-shelling-machine-300x225.webp 300w\" sizes=\"auto, (max-width: 720px) 100vw, 720px\" \/><figcaption class=\"wp-element-caption\">M\u00e1quina descascaradora de man\u00ed<\/figcaption><\/figure>    <figure class=\"wp-block-image size-large\"><img loading=\"lazy\" decoding=\"async\" width=\"720\" height=\"540\" data-id=\"488\" src=\"https:\/\/taizynut.com\/wp-content\/uploads\/2023\/12\/combiend-groundnut-sheller.webp\" alt=\"desgranadora de man\u00ed combinada\" class=\"wp-image-488\" title=\"\" srcset=\"https:\/\/taizynut.com\/wp-content\/uploads\/2023\/12\/combiend-groundnut-sheller.webp 720w, https:\/\/taizynut.com\/wp-content\/uploads\/2023\/12\/combiend-groundnut-sheller-300x225.webp 300w\" sizes=\"auto, (max-width: 720px) 100vw, 720px\" \/><figcaption class=\"wp-element-caption\">Desgranadora de man\u00ed combinada<\/figcaption><\/figure> <\/figure>    <h3 class=\"wp-block-heading\"><strong>Paso 2: m\u00e1quina tostadora<\/strong><\/h3>    <p>La m\u00e1quina tostadora calienta los man\u00edes de manera uniforme para reducir su contenido de agua y al mismo tiempo estimula el sabor natural del man\u00ed para proporcionar la mejor materia prima para la extracci\u00f3n de aceite. El equipo calienta de manera uniforme y es f\u00e1cil de operar, ahorrando tiempo y mejorando la calidad del aceite.<\/p>   <div class=\"wp-block-image\"> <figure class=\"aligncenter size-full\"><img loading=\"lazy\" decoding=\"async\" width=\"720\" height=\"540\" src=\"https:\/\/taizynut.com\/wp-content\/uploads\/2024\/12\/roaster-machine-for-peanut-oil-production.webp\" alt=\"m\u00e1quina tostadora para la producci\u00f3n de aceite de man\u00ed\" class=\"wp-image-897\" title=\"\" srcset=\"https:\/\/taizynut.com\/wp-content\/uploads\/2024\/12\/roaster-machine-for-peanut-oil-production.webp 720w, https:\/\/taizynut.com\/wp-content\/uploads\/2024\/12\/roaster-machine-for-peanut-oil-production-300x225.webp 300w, https:\/\/taizynut.com\/wp-content\/uploads\/2024\/12\/roaster-machine-for-peanut-oil-production-16x12.webp 16w\" sizes=\"auto, (max-width: 720px) 100vw, 720px\" \/><figcaption class=\"wp-element-caption\">m\u00e1quina tostadora para la producci\u00f3n de aceite de man\u00ed<\/figcaption><\/figure> <\/div>   <h3 class=\"wp-block-heading\"><strong>Paso 3: m\u00e1quina para fabricar aceite de man\u00ed<\/strong><\/h3>    <p class=\"translation-block\">La extractora de aceite es el n\u00facleo de toda la planta de aceite de cacahuete, extrayendo aceite de cacahuete de los granos de cacahuete mediante prensado mec\u00e1nico. La <a href=\"https:\/\/taizynut.com\/es\/product\/screw-peanut-oil-press-machine\/\">m\u00e1quina para hacer aceite de cacahuete<\/a> de Taizy est\u00e1 dise\u00f1ada cient\u00edficamente con un alto rendimiento de aceite, lo que puede reducir el desperdicio y garantizar la calidad pura del aceite.<\/p>   <div class=\"wp-block-image\"> <figure class=\"aligncenter size-full\"><img loading=\"lazy\" decoding=\"async\" width=\"720\" height=\"540\" src=\"https:\/\/taizynut.com\/wp-content\/uploads\/2024\/12\/peanut-oil-press-machine-for-groundnut-oil.webp\" alt=\"M\u00e1quina prensadora de aceite de man\u00ed para aceite de man\u00ed\" class=\"wp-image-898\" title=\"\" srcset=\"https:\/\/taizynut.com\/wp-content\/uploads\/2024\/12\/peanut-oil-press-machine-for-groundnut-oil.webp 720w, https:\/\/taizynut.com\/wp-content\/uploads\/2024\/12\/peanut-oil-press-machine-for-groundnut-oil-300x225.webp 300w, https:\/\/taizynut.com\/wp-content\/uploads\/2024\/12\/peanut-oil-press-machine-for-groundnut-oil-16x12.webp 16w\" sizes=\"auto, (max-width: 720px) 100vw, 720px\" \/><figcaption class=\"wp-element-caption\">M\u00e1quina prensadora de aceite de man\u00ed para aceite de man\u00ed<\/figcaption><\/figure> <\/div>   <h3 class=\"wp-block-heading\"><strong>Paso 3: m\u00e1quina llenadora de aceite<\/strong><\/h3>    <p>La m\u00e1quina llenadora llena el aceite de man\u00ed con precisi\u00f3n, garantizando una calidad constante en cada botella. Con automatizaci\u00f3n y flexibilidad, el equipo es adecuado para necesidades de embalaje de diferentes especificaciones y mejora la competitividad de los productos en el mercado.<\/p>   <div class=\"wp-block-image\"> <figure class=\"aligncenter size-full\"><img loading=\"lazy\" decoding=\"async\" width=\"720\" height=\"540\" src=\"https:\/\/taizynut.com\/wp-content\/uploads\/2024\/12\/filling-machine-for-peanut-oil.webp\" alt=\"m\u00e1quina llenadora de aceite de man\u00ed\" class=\"wp-image-899\" title=\"\" srcset=\"https:\/\/taizynut.com\/wp-content\/uploads\/2024\/12\/filling-machine-for-peanut-oil.webp 720w, https:\/\/taizynut.com\/wp-content\/uploads\/2024\/12\/filling-machine-for-peanut-oil-300x225.webp 300w, https:\/\/taizynut.com\/wp-content\/uploads\/2024\/12\/filling-machine-for-peanut-oil-16x12.webp 16w\" sizes=\"auto, (max-width: 720px) 100vw, 720px\" \/><figcaption class=\"wp-element-caption\">m\u00e1quina llenadora de aceite de man\u00ed<\/figcaption><\/figure> <\/div>   <h2 class=\"wp-block-heading\"><strong>Beneficios de la l\u00ednea de producci\u00f3n de aceite de man\u00ed Taizy<\/strong><\/h2>    <ul class=\"wp-block-list\"> <li>Alta eficiencia y ahorro de costes. <ul class=\"wp-block-list\"> <li>La l\u00ednea realiza una operaci\u00f3n completamente autom\u00e1tica desde el procesamiento de la materia prima hasta el empaque del producto terminado, lo que reduce en gran medida la mano de obra y el costo de tiempo. <\/li>    <li>Cada equipo est\u00e1 optimizado y dise\u00f1ado para garantizar que el proceso de extracci\u00f3n de aceite de alta calidad se complete en el menor tiempo posible.<\/li> <\/ul> <\/li>    <li>Alto rendimiento de petr\u00f3leo estable <ul class=\"wp-block-list\"> <li>Mediante la combinaci\u00f3n de tecnolog\u00eda avanzada de prensado de aceite y equipos eficientes, la planta de aceite de man\u00ed puede maximizar el rendimiento de aceite de man\u00ed, reducir el desperdicio y generar mayores retornos econ\u00f3micos. <\/li>    <li>Al mismo tiempo, la calidad del aceite prensado es pura y el color y aroma son m\u00e1s competitivos en el mercado.<\/li> <\/ul> <\/li>    <li>Flexibilidad multifuncional <ul class=\"wp-block-list\"> <li>Esta l\u00ednea de expulsor de aceite se puede personalizar seg\u00fan las diferentes necesidades, adapt\u00e1ndose a una variedad de cultivos oleaginosos, como man\u00ed, s\u00e9samo, soja, etc.<\/li> <\/ul> <\/li>    <li>Aseguramiento de la calidad del aceite <ul class=\"wp-block-list\"> <li>El aceite de man\u00ed producido por esta m\u00e1quina productora de aceite de man\u00ed tiene un sabor fuerte y no contiene ning\u00fan aditivo qu\u00edmico. Es sano, puro y m\u00e1s popular en el mercado.<\/li> <\/ul> <\/li> <\/ul>    <figure class=\"wp-block-gallery has-nested-images columns-default is-cropped wp-block-gallery-3 is-layout-flex wp-block-gallery-is-layout-flex\"> <figure class=\"wp-block-image size-large\"><img loading=\"lazy\" decoding=\"async\" width=\"750\" height=\"500\" data-id=\"900\" src=\"https:\/\/taizynut.com\/wp-content\/uploads\/2024\/12\/quality-peanut-oil.webp\" alt=\"aceite de man\u00ed de calidad\" class=\"wp-image-900\" title=\"\" srcset=\"https:\/\/taizynut.com\/wp-content\/uploads\/2024\/12\/quality-peanut-oil.webp 750w, https:\/\/taizynut.com\/wp-content\/uploads\/2024\/12\/quality-peanut-oil-300x200.webp 300w, https:\/\/taizynut.com\/wp-content\/uploads\/2024\/12\/quality-peanut-oil-18x12.webp 18w\" sizes=\"auto, (max-width: 750px) 100vw, 750px\" \/><figcaption class=\"wp-element-caption\">Aceite de man\u00ed de calidad<\/figcaption><\/figure>    <figure class=\"wp-block-image size-large\"><img loading=\"lazy\" decoding=\"async\" width=\"600\" height=\"600\" data-id=\"901\" src=\"https:\/\/taizynut.com\/wp-content\/uploads\/2024\/12\/good-ground-nut-oil.webp\" alt=\"buen aceite de man\u00ed\" class=\"wp-image-901\" title=\"\" srcset=\"https:\/\/taizynut.com\/wp-content\/uploads\/2024\/12\/good-ground-nut-oil.webp 600w, https:\/\/taizynut.com\/wp-content\/uploads\/2024\/12\/good-ground-nut-oil-300x300.webp 300w, https:\/\/taizynut.com\/wp-content\/uploads\/2024\/12\/good-ground-nut-oil-150x150.webp 150w, https:\/\/taizynut.com\/wp-content\/uploads\/2024\/12\/good-ground-nut-oil-12x12.webp 12w\" sizes=\"auto, (max-width: 600px) 100vw, 600px\" \/><figcaption class=\"wp-element-caption\">Buen aceite de man\u00ed<\/figcaption><\/figure> <\/figure>    <h2 class=\"wp-block-heading\"><strong>\u00bfCu\u00e1l es el precio de la planta de procesamiento de aceite de cacahuete?<\/strong><\/h2>    <p>El precio de la l\u00ednea de producci\u00f3n de aceite de man\u00ed se ver\u00e1 afectado por una variedad de factores, incluido el tama\u00f1o de la l\u00ednea, la configuraci\u00f3n, el grado de automatizaci\u00f3n, el material del equipo, el servicio posventa, etc.<\/p>    <p>Para conocer el precio espec\u00edfico de la l\u00ednea de m\u00e1quinas prensadoras de aceite de man\u00ed, le recomendamos que se comunique con nosotros directamente. Nosotros, Taizy, podemos personalizar el plan de producci\u00f3n de aceite de man\u00ed de acuerdo con sus necesidades, brindarle una cotizaci\u00f3n razonable y garantizar una soluci\u00f3n rentable.<\/p>    <figure class=\"wp-block-gallery has-nested-images columns-default is-cropped wp-block-gallery-4 is-layout-flex wp-block-gallery-is-layout-flex\"> <figure class=\"wp-block-image size-large\"><img loading=\"lazy\" decoding=\"async\" width=\"720\" height=\"540\" data-id=\"109\" src=\"https:\/\/taizynut.com\/wp-content\/uploads\/2022\/08\/peanut-oil-press-machine-1.webp\" alt=\"fabricante de m\u00e1quinas de prensa de aceite de man\u00ed\" class=\"wp-image-109\" title=\"\" srcset=\"https:\/\/taizynut.com\/wp-content\/uploads\/2022\/08\/peanut-oil-press-machine-1.webp 720w, https:\/\/taizynut.com\/wp-content\/uploads\/2022\/08\/peanut-oil-press-machine-1-300x225.webp 300w\" sizes=\"auto, (max-width: 720px) 100vw, 720px\" \/><figcaption class=\"wp-element-caption\">Fabricante de m\u00e1quinas prensadoras de aceite de man\u00ed<\/figcaption><\/figure>    <figure class=\"wp-block-image size-large\"><img loading=\"lazy\" decoding=\"async\" width=\"720\" height=\"540\" data-id=\"104\" src=\"https:\/\/taizynut.com\/wp-content\/uploads\/2022\/08\/Structure-of-peanut-oil-press-factory.webp\" alt=\"f\u00e1brica de m\u00e1quinas de extracci\u00f3n de aceite de man\u00ed\" class=\"wp-image-104\" title=\"\" srcset=\"https:\/\/taizynut.com\/wp-content\/uploads\/2022\/08\/Structure-of-peanut-oil-press-factory.webp 720w, https:\/\/taizynut.com\/wp-content\/uploads\/2022\/08\/Structure-of-peanut-oil-press-factory-300x225.webp 300w\" sizes=\"auto, (max-width: 720px) 100vw, 720px\" \/><figcaption class=\"wp-element-caption\">F\u00e1brica de m\u00e1quinas de extracci\u00f3n de aceite de man\u00ed<\/figcaption><\/figure> <\/figure>    <h2 class=\"wp-block-heading\"><strong>\u00bfQu\u00e9 puede obtener comprando esta l\u00ednea de producci\u00f3n de aceite de man\u00ed?<\/strong><\/h2>    <ul class=\"wp-block-list\"> <li>Mejorar la competitividad empresarial <ul class=\"wp-block-list\"> <li>Esta l\u00ednea autom\u00e1tica de procesamiento de aceite de man\u00ed puede garantizar la consistencia de la calidad del producto, lo que ayuda a la empresa a ingresar al mercado r\u00e1pidamente y establecer una buena imagen de marca. Alta calidad <a href=\"https:\/\/en.wikipedia.org\/wiki\/Peanut_oil\" target=\"_blank\" rel=\"noopener\">aceite de cacahuete<\/a> Los productos pueden atraer a m\u00e1s clientes y generar una participaci\u00f3n de mercado estable.<\/li> <\/ul> <\/li>    <li>Abrir canales de ingresos diversificados <ul class=\"wp-block-list\"> <li>A trav\u00e9s de una l\u00ednea de prensa de aceite de man\u00ed, no solo puede procesar man\u00ed, sino tambi\u00e9n expandirse a otros cultivos oleaginosos (como girasol y soja), desarrollar una l\u00ednea de productos diversificada y aumentar las fuentes de ingresos.<\/li> <\/ul> <\/li>    <li>Beneficios econ\u00f3micos a largo plazo <ul class=\"wp-block-list\"> <li>Aunque el costo de inversi\u00f3n inicial es alto, la alta eficiencia y el bajo costo de mantenimiento de la l\u00ednea de producci\u00f3n pueden recuperar la inversi\u00f3n en un corto per\u00edodo de tiempo. Puede proporcionar altos ingresos a largo plazo.<\/li> <\/ul> <\/li> <\/ul>   <div class=\"wp-block-image\"> <figure class=\"aligncenter size-large\"><img loading=\"lazy\" decoding=\"async\" width=\"1024\" height=\"682\" src=\"https:\/\/taizynut.com\/wp-content\/uploads\/2024\/12\/peanut-oil-and-sunflower-seed-oil-1024x682.webp\" alt=\"aceite de man\u00ed y aceite de semilla de girasol\" class=\"wp-image-902\" title=\"\" srcset=\"https:\/\/taizynut.com\/wp-content\/uploads\/2024\/12\/peanut-oil-and-sunflower-seed-oil-1024x682.webp 1024w, https:\/\/taizynut.com\/wp-content\/uploads\/2024\/12\/peanut-oil-and-sunflower-seed-oil-300x200.webp 300w, https:\/\/taizynut.com\/wp-content\/uploads\/2024\/12\/peanut-oil-and-sunflower-seed-oil-768x511.webp 768w, https:\/\/taizynut.com\/wp-content\/uploads\/2024\/12\/peanut-oil-and-sunflower-seed-oil-18x12.webp 18w, https:\/\/taizynut.com\/wp-content\/uploads\/2024\/12\/peanut-oil-and-sunflower-seed-oil.webp 1200w\" sizes=\"auto, (max-width: 1024px) 100vw, 1024px\" \/><figcaption class=\"wp-element-caption\">aceite de man\u00ed y aceite de semilla de girasol<\/figcaption><\/figure> <\/div>   <h2 class=\"wp-block-heading\"><strong>\u00a1Cont\u00e1ctanos para iniciar tu negocio de aceite de man\u00ed!<\/strong><\/h2>    <p>Si planeas iniciar un negocio de prensado de aceite de cacahuete, \u00a1la l\u00ednea de producci\u00f3n de aceite de cacahuete de Taizy ser\u00e1 tu elecci\u00f3n ideal! \u00a1Bienvenido a contactarnos para obtener m\u00e1s informaci\u00f3n detallada y un servicio personalizado!<\/p>","protected":false},"excerpt":{"rendered":"<p>La l\u00ednea de producci\u00f3n de aceite de man\u00ed Taizy es una soluci\u00f3n completa que convierte man\u00ed con c\u00e1scara en aceite de man\u00ed comestible mediante el descascarado, el prensado de aceite y el llenado.<\/p>","protected":false},"author":1,"featured_media":896,"parent":0,"template":"","tags":[45,54],"product-type":[29],"class_list":["post-895","product","type-product","status-publish","has-post-thumbnail","hentry","tag-peanut","tag-peanut-oil","product-type-product-line"],"_links":{"self":[{"href":"https:\/\/taizynut.com\/es\/wp-json\/wp\/v2\/product\/895","targetHints":{"allow":["GET"]}}],"collection":[{"href":"https:\/\/taizynut.com\/es\/wp-json\/wp\/v2\/product"}],"about":[{"href":"https:\/\/taizynut.com\/es\/wp-json\/wp\/v2\/types\/product"}],"author":[{"embeddable":true,"href":"https:\/\/taizynut.com\/es\/wp-json\/wp\/v2\/users\/1"}],"wp:featuredmedia":[{"embeddable":true,"href":"https:\/\/taizynut.com\/es\/wp-json\/wp\/v2\/media\/896"}],"wp:attachment":[{"href":"https:\/\/taizynut.com\/es\/wp-json\/wp\/v2\/media?parent=895"}],"wp:term":[{"taxonomy":"post_tag","embeddable":true,"href":"https:\/\/taizynut.com\/es\/wp-json\/wp\/v2\/tags?post=895"},{"taxonomy":"product-type","embeddable":true,"href":"https:\/\/taizynut.com\/es\/wp-json\/wp\/v2\/product-type?post=895"}],"curies":[{"name":"wp","href":"https:\/\/api.w.org\/{rel}","templated":true}]}}