{"id":91,"date":"2022-08-26T06:28:07","date_gmt":"2022-08-26T06:28:07","guid":{"rendered":"https:\/\/taizynut.com\/?post_type=product&#038;p=91"},"modified":"2026-04-08T14:55:43","modified_gmt":"2026-04-08T06:55:43","slug":"screw-peanut-oil-press-machine","status":"publish","type":"product","link":"https:\/\/taizynut.com\/es\/product\/screw-peanut-oil-press-machine\/","title":{"rendered":"M\u00e1quina prensadora de aceite de man\u00ed de tipo tornillo para extracci\u00f3n de aceite de man\u00ed"},"content":{"rendered":"<p class=\"translation-block\">La <strong>prensadora de aceite de cacahuete<\/strong> Taizy, tambi\u00e9n llamada prensa de aceite de tornillo, sirve para obtener aceite de cacahuete por prensado, con una salida de 40-600kg\/h. <\/p>   <div class=\"wp-block-image\"> <figure class=\"aligncenter size-full\"><img loading=\"lazy\" decoding=\"async\" width=\"720\" height=\"540\" src=\"https:\/\/taizynut.com\/wp-content\/uploads\/2022\/08\/peanut-oil-press-machine.jpg\" alt=\"m\u00e1quina de prensa de aceite de man\u00ed\" class=\"wp-image-93\" title=\"\" srcset=\"https:\/\/taizynut.com\/wp-content\/uploads\/2022\/08\/peanut-oil-press-machine.jpg 720w, https:\/\/taizynut.com\/wp-content\/uploads\/2022\/08\/peanut-oil-press-machine-300x225.jpg 300w\" sizes=\"auto, (max-width: 720px) 100vw, 720px\" \/><figcaption class=\"wp-element-caption\">m\u00e1quina de prensa de aceite de man\u00ed<\/figcaption><\/figure> <\/div>   <p>Gracias a su f\u00e1cil operaci\u00f3n, alto rendimiento de aceite y varios tipos de selecciones, esta m\u00e1quina para fabricar aceite de man\u00ed es muy popular en el mundo, como Zambia, Colombia, Bangladesh, Alemania, Somalia, EE. UU., etc. <\/p>    <figure class=\"wp-block-embed is-type-video is-provider-youtube wp-block-embed-youtube wp-embed-aspect-16-9 wp-has-aspect-ratio\"><div class=\"wp-block-embed__wrapper\"> <iframe loading=\"lazy\" title=\"\u00bfC\u00f3mo extraer aceite de man\u00ed mediante prensa de aceite en fr\u00edo y caliente? M\u00e1quina de extracci\u00f3n de aceite para c\u00e1scara de semillas de man\u00ed\" width=\"500\" height=\"281\" src=\"https:\/\/www.youtube.com\/embed\/drwu4FR4itc?feature=oembed\" frameborder=\"0\" allow=\"accelerometer; autoplay; clipboard-write; encrypted-media; gyroscope; picture-in-picture; web-share\" referrerpolicy=\"strict-origin-when-cross-origin\" allowfullscreen><\/iframe> <\/div><figcaption class=\"wp-element-caption\">Video sobre la m\u00e1quina prensadora de aceite de tornillo para la fabricaci\u00f3n de aceite de man\u00ed.<\/figcaption><\/figure>    <h2 class=\"wp-block-heading\">Caracter\u00edsticas de la m\u00e1quina de extracci\u00f3n de aceite de man\u00ed.<\/h2>    <figure class=\"wp-block-gallery has-nested-images columns-default is-cropped wp-block-gallery-2 is-layout-flex wp-block-gallery-is-layout-flex\"> <figure class=\"wp-block-image size-large\"><img loading=\"lazy\" decoding=\"async\" width=\"720\" height=\"540\" data-id=\"105\" src=\"https:\/\/taizynut.com\/wp-content\/uploads\/2022\/08\/groundnut-oil-extraction-machine-3.webp\" alt=\"Carga de la m\u00e1quina de prensa de aceite de tornillo\" class=\"wp-image-105\" title=\"\" srcset=\"https:\/\/taizynut.com\/wp-content\/uploads\/2022\/08\/groundnut-oil-extraction-machine-3.webp 720w, https:\/\/taizynut.com\/wp-content\/uploads\/2022\/08\/groundnut-oil-extraction-machine-3-300x225.webp 300w\" sizes=\"auto, (max-width: 720px) 100vw, 720px\" \/><figcaption class=\"wp-element-caption\">Carga de la m\u00e1quina de prensa de aceite de tornillo<\/figcaption><\/figure>    <figure class=\"wp-block-image size-large\"><img loading=\"lazy\" decoding=\"async\" width=\"720\" height=\"540\" data-id=\"106\" src=\"https:\/\/taizynut.com\/wp-content\/uploads\/2022\/08\/groundnut-oil-extraction-machine-4.webp\" alt=\"Paquete de m\u00e1quina de extracci\u00f3n de aceite de man\u00ed\" class=\"wp-image-106\" title=\"\" srcset=\"https:\/\/taizynut.com\/wp-content\/uploads\/2022\/08\/groundnut-oil-extraction-machine-4.webp 720w, https:\/\/taizynut.com\/wp-content\/uploads\/2022\/08\/groundnut-oil-extraction-machine-4-300x225.webp 300w\" sizes=\"auto, (max-width: 720px) 100vw, 720px\" \/><figcaption class=\"wp-element-caption\">Paquete de m\u00e1quina de extracci\u00f3n de aceite de man\u00ed<\/figcaption><\/figure>    <figure class=\"wp-block-image size-large\"><img loading=\"lazy\" decoding=\"async\" width=\"720\" height=\"540\" data-id=\"107\" src=\"https:\/\/taizynut.com\/wp-content\/uploads\/2022\/08\/groundnut-oil-extraction-machine-5.webp\" alt=\"M\u00e1quina para fabricar aceite de man\u00ed a la venta\" class=\"wp-image-107\" title=\"\" srcset=\"https:\/\/taizynut.com\/wp-content\/uploads\/2022\/08\/groundnut-oil-extraction-machine-5.webp 720w, https:\/\/taizynut.com\/wp-content\/uploads\/2022\/08\/groundnut-oil-extraction-machine-5-300x225.webp 300w\" sizes=\"auto, (max-width: 720px) 100vw, 720px\" \/><figcaption class=\"wp-element-caption\">M\u00e1quina para fabricar aceite de man\u00ed a la venta<\/figcaption><\/figure> <\/figure>    <ul class=\"wp-block-list\"> <li><strong>Aumentar el rendimiento de aceite en 10-30%<\/strong>. En comparaci\u00f3n con otras prensas de aceite, el uso de nuestra prensa de tornillo para prensar aceite de man\u00ed puede aumentar el rendimiento del aceite.<\/li>    <li><strong>Seguro y conveniente<\/strong>. La prensa de aceite de tornillo para man\u00ed tiene una estructura precisa y ocupa un espacio peque\u00f1o; una almazara de 10 a 20 metros cuadrados puede satisfacer la demanda. Se puede producir simplemente conectando la alimentaci\u00f3n.<\/li>    <li><strong>Ahorro de energ\u00eda y reducci\u00f3n de costes.<\/strong>. La prensa de aceite de tornillo para man\u00ed ahorra mucha energ\u00eda y reduce el consumo de energ\u00eda en 20% en comparaci\u00f3n con otras prensas de aceite.<\/li>    <li><strong>La inteligencia ahorra trabajo<\/strong>. El proceso de producci\u00f3n de la m\u00e1quina puede controlar de forma independiente la temperatura de prensado. Las tortas de aceite y de man\u00ed se controlan de forma aut\u00f3noma.<\/li> <\/ul>    <h2 class=\"wp-block-heading\">Par\u00e1metros de la m\u00e1quina prensadora de aceite de man\u00ed<\/h2>   <div class=\"wp-block-image\"> <figure class=\"aligncenter size-full\"><img loading=\"lazy\" decoding=\"async\" width=\"720\" height=\"540\" src=\"https:\/\/taizynut.com\/wp-content\/uploads\/2022\/08\/groundnut-oil-extraction-machine.webp\" alt=\"m\u00e1quina de extracci\u00f3n de aceite de man\u00ed\" class=\"wp-image-99\" title=\"\" srcset=\"https:\/\/taizynut.com\/wp-content\/uploads\/2022\/08\/groundnut-oil-extraction-machine.webp 720w, https:\/\/taizynut.com\/wp-content\/uploads\/2022\/08\/groundnut-oil-extraction-machine-300x225.webp 300w\" sizes=\"auto, (max-width: 720px) 100vw, 720px\" \/><figcaption class=\"wp-element-caption\">M\u00e1quina de extracci\u00f3n de aceite de man\u00ed Taizy para aceite de man\u00ed<\/figcaption><\/figure> <\/div>   <figure class=\"wp-block-table\"><table><tbody><tr><td><strong>Modelo<\/strong><strong><\/strong><\/td><td>TZ-70\u00a0(220V)<\/td><td>TZ-80<\/td><td>TZ-100<\/td><td>TZ-120<\/td><td>TZ-130<\/td><td>TZ-165<\/td><\/tr><tr><td><strong>Tornillo <\/strong><strong>D<\/strong><strong>di\u00e1metro<\/strong><strong><\/strong><\/td><td>70mm<\/td><td>80mm<\/td><td>100mm<\/td><td>120mm<\/td><td>130mm<\/td><td>160mm<\/td><\/tr><tr><td><strong>Rotaci\u00f3n del tornillo S<\/strong><strong>velocidad<\/strong><strong><\/strong><\/td><td>41r\/min<\/td><td>75r\/min<\/td><td>54r\/min<\/td><td>54r\/min<\/td><td>32r\/min<\/td><td>32r\/min<\/td><\/tr><tr><td><strong>Motor<\/strong><strong><\/strong><\/td><td>3kw<\/td><td>5,5 kw<\/td><td>7.5kw<\/td><td>11kw<\/td><td>18,5 kw<\/td><td>30kw<\/td><\/tr><tr><td><strong>Vac\u00edo <\/strong><strong>P<\/strong><strong>ump <\/strong><strong>S<\/strong><strong>especificaciones<\/strong><strong><\/strong><\/td><td>4L<\/td><td>4L<\/td><td>10L<\/td><td>10L<\/td><td>10L<\/td><td>15L<\/td><\/tr><tr><td><strong>Vac\u00edo <\/strong><strong>P<\/strong><strong>ump <\/strong><strong><\/strong><\/td><td>0.75kw<\/td><td>0.75kw<\/td><td>1.1kw<\/td><td>1.1kw<\/td><td>1.5kw<\/td><td>1.5kw<\/td><\/tr><tr><td><strong>H<\/strong><strong>calentador<\/strong><strong><\/strong><\/td><td>2kw<\/td><td>2,2 kw<\/td><td>2.8kw<\/td><td>3kw<\/td><td>3kw<\/td><td>3kw<\/td><\/tr><tr><td><strong>Capacidad<\/strong><strong>&nbsp;<\/strong><strong>(<\/strong><strong>kg\/<\/strong><strong>h)<\/strong><strong><\/strong><\/td><td>50-80<\/td><td>80-140<\/td><td>160-280<\/td><td>250-300<\/td><td>350-400<\/td><td>700-800<\/td><\/tr><tr><td><strong>W<\/strong><strong>ocho<\/strong><strong><\/strong><\/td><td>280 kilos<\/td><td>495kg<\/td><td>750kg<\/td><td>895kg<\/td><td>1210kg<\/td><td>1545kg<\/td><\/tr><tr><td><strong>Tama\u00f1o<\/strong><\/td><td>1350*1050*1000mm<\/td><td>1650*1230*1450mm<\/td><td>2000*1330*1600mm<\/td><td>2040*1380*1600mm<\/td><td>2480*1500*1850mm<\/td><td>2620*1350*1900mm<\/td><\/tr><tr><td><strong>Tama\u00f1o del paquete<\/strong><\/td><td>1500*650*1200mm<\/td><td>1700*900*1650mm<\/td><td>2050*900*1750mm<\/td><td>2150*900*1750mm<\/td><td>2450*1000*2160mm<\/td><td>2600*1000*2100mm<\/td><\/tr><tr><td><strong>Peso del paquete <\/strong><strong><\/strong><\/td><td>350 kilos<\/td><td>610kg<\/td><td>880kg<\/td><td>980kg<\/td><td>1660kg<\/td><td>1810kg<\/td><\/tr><\/tbody><\/table><figcaption class=\"wp-element-caption\">par\u00e1metros de la prensa de aceite<\/figcaption><\/figure>    <p>Cuando elige una prensa de aceite para la extracci\u00f3n de aceite de man\u00ed, puede consultar los par\u00e1metros anteriores. Si tiene un taller peque\u00f1o, le recomendamos que elija un modelo peque\u00f1o 6YL-60, que es rentable. Si tiene alguna pregunta, \u00a1no dude en contactarnos!<\/p>    <h2 class=\"wp-block-heading\">Estructura de la m\u00e1quina prensadora de aceite de man\u00ed<\/h2>    <figure class=\"wp-block-gallery has-nested-images columns-default is-cropped wp-block-gallery-3 is-layout-flex wp-block-gallery-is-layout-flex\"> <figure class=\"wp-block-image size-large\"><img loading=\"lazy\" decoding=\"async\" width=\"720\" height=\"540\" data-id=\"102\" src=\"https:\/\/taizynut.com\/wp-content\/uploads\/2022\/08\/Structure-of-peanut-oil-press-details.webp\" alt=\"Estructura de los detalles de la prensa de aceite de man\u00ed.\" class=\"wp-image-102\" title=\"\" srcset=\"https:\/\/taizynut.com\/wp-content\/uploads\/2022\/08\/Structure-of-peanut-oil-press-details.webp 720w, https:\/\/taizynut.com\/wp-content\/uploads\/2022\/08\/Structure-of-peanut-oil-press-details-300x225.webp 300w\" sizes=\"auto, (max-width: 720px) 100vw, 720px\" \/><figcaption class=\"wp-element-caption\">Estructura de los detalles de la prensa de aceite de man\u00ed<\/figcaption><\/figure>    <figure class=\"wp-block-image size-large\"><img loading=\"lazy\" decoding=\"async\" width=\"720\" height=\"540\" data-id=\"103\" src=\"https:\/\/taizynut.com\/wp-content\/uploads\/2022\/08\/Structure-of-peanut-oil-press-details-1.webp\" alt=\"tornillo para m\u00e1quina de extracci\u00f3n de aceite de man\u00ed\" class=\"wp-image-103\" title=\"\" srcset=\"https:\/\/taizynut.com\/wp-content\/uploads\/2022\/08\/Structure-of-peanut-oil-press-details-1.webp 720w, https:\/\/taizynut.com\/wp-content\/uploads\/2022\/08\/Structure-of-peanut-oil-press-details-1-300x225.webp 300w\" sizes=\"auto, (max-width: 720px) 100vw, 720px\" \/><figcaption class=\"wp-element-caption\">Tornillo para m\u00e1quina de extracci\u00f3n de aceite de man\u00ed<\/figcaption><\/figure>    <figure class=\"wp-block-image size-large\"><img loading=\"lazy\" decoding=\"async\" width=\"720\" height=\"540\" data-id=\"104\" src=\"https:\/\/taizynut.com\/wp-content\/uploads\/2022\/08\/Structure-of-peanut-oil-press-factory.webp\" alt=\"f\u00e1brica de m\u00e1quinas de extracci\u00f3n de aceite de man\u00ed\" class=\"wp-image-104\" title=\"\" srcset=\"https:\/\/taizynut.com\/wp-content\/uploads\/2022\/08\/Structure-of-peanut-oil-press-factory.webp 720w, https:\/\/taizynut.com\/wp-content\/uploads\/2022\/08\/Structure-of-peanut-oil-press-factory-300x225.webp 300w\" sizes=\"auto, (max-width: 720px) 100vw, 720px\" \/><figcaption class=\"wp-element-caption\">F\u00e1brica de m\u00e1quinas de extracci\u00f3n de aceite de man\u00ed<\/figcaption><\/figure> <\/figure>    <p>Se compone de un bastidor y una base de la m\u00e1quina, un mecanismo de alimentaci\u00f3n, un eje de tornillo, una jaula exprimidora, una maquinaria de ajuste de la torta, una caja de cambios y un dispositivo de transmisi\u00f3n. <\/p>    <p>La prensa de aceite de man\u00ed utiliza una estructura simple para mejorar el rendimiento del aceite de man\u00ed al atornillar, y esta prensa de aceite de man\u00ed tiene una estructura compacta y una larga vida \u00fatil.<\/p>    <h2 class=\"wp-block-heading\">Equipo combinado<\/h2>   <div class=\"wp-block-image\"> <figure class=\"aligncenter size-full\"><img loading=\"lazy\" decoding=\"async\" width=\"720\" height=\"400\" src=\"https:\/\/taizynut.com\/wp-content\/uploads\/2022\/08\/oil-filter.webp\" alt=\"filtro de aceite\" class=\"wp-image-649\" title=\"\" srcset=\"https:\/\/taizynut.com\/wp-content\/uploads\/2022\/08\/oil-filter.webp 720w, https:\/\/taizynut.com\/wp-content\/uploads\/2022\/08\/oil-filter-300x167.webp 300w, https:\/\/taizynut.com\/wp-content\/uploads\/2022\/08\/oil-filter-18x10.webp 18w\" sizes=\"auto, (max-width: 720px) 100vw, 720px\" \/><figcaption class=\"wp-element-caption\">filtro de aceite<\/figcaption><\/figure> <\/div>   <p>Cuando usamos esta m\u00e1quina prensadora de aceite de man\u00ed, a menudo la usamos con el filtro de aceite, lo que tiene muchos beneficios para los fabricantes de aceite comestible, que incluyen:<\/p>    <ul class=\"wp-block-list\"> <li>La calidad del aceite de man\u00ed es mayor y m\u00e1s competitiva en el mercado.<\/li>    <li>El color del aceite de man\u00ed es m\u00e1s hermoso y la apariencia es atractiva.<\/li> <\/ul>    <p>Adem\u00e1s, generalmente hacemos que el cilindro del filtro de aceite y la prensa de aceite sean uno solo, lo cual es m\u00e1s conveniente de usar.<\/p>   <div class=\"wp-block-image\"> <figure class=\"aligncenter size-full\"><img loading=\"lazy\" decoding=\"async\" width=\"720\" height=\"540\" src=\"https:\/\/taizynut.com\/wp-content\/uploads\/2022\/08\/peanut-oil-press-with-oil-filter.webp\" alt=\"prensa de aceite de man\u00ed con filtro de aceite\" class=\"wp-image-650\" title=\"\" srcset=\"https:\/\/taizynut.com\/wp-content\/uploads\/2022\/08\/peanut-oil-press-with-oil-filter.webp 720w, https:\/\/taizynut.com\/wp-content\/uploads\/2022\/08\/peanut-oil-press-with-oil-filter-300x225.webp 300w, https:\/\/taizynut.com\/wp-content\/uploads\/2022\/08\/peanut-oil-press-with-oil-filter-16x12.webp 16w\" sizes=\"auto, (max-width: 720px) 100vw, 720px\" \/><figcaption class=\"wp-element-caption\">prensa de aceite de man\u00ed con filtro de aceite<\/figcaption><\/figure> <\/div>   <h2 class=\"wp-block-heading\" id=\"h-why-are-peanut-oil-press-machines-popular\">\u00bfPor qu\u00e9 son populares las m\u00e1quinas prensadoras de aceite de man\u00ed?<\/h2>    <p>Las m\u00e1quinas prensadoras de aceite de man\u00ed han sido muy populares en los \u00faltimos a\u00f1os, en primer lugar, debido a la extensa \u00e1rea de siembra de man\u00ed, el man\u00ed se cultiva en muchos pa\u00edses y el \u00e1rea es muy grande. Entonces la materia prima del man\u00ed es muy rica. <\/p>    <p>Adem\u00e1s, la calidad del aceite de man\u00ed es buena y el aceite de man\u00ed es muy beneficioso para la salud, por lo que muchas familias elegir\u00e1n el aceite de man\u00ed como el aceite m\u00e1s utilizado en la familia. El aceite de man\u00ed es bueno para la absorci\u00f3n y tiene muchos efectos protectores sobre los vasos sangu\u00edneos.<\/p>    <p class=\"translation-block\">Una cosa a tener en cuenta es que, como la materia prima es la semilla de cacahuete, los cacahuetes deben estar sin c\u00e1scara antes de la extracci\u00f3n del aceite. La <a href=\"https:\/\/taizynut.com\/es\/product\/peanut-sheller-groundnut-shelling-and-stone-removing-machine\/\">maquina descascarilladora de cacahuetes<\/a> puede ser de gran ayuda. Luego utiliza la prensa para fabricar aceite de cacahuete.<\/p>    <h2 class=\"wp-block-heading\">Factores que afectan la calidad del aceite de man\u00ed.<\/h2>   <div class=\"wp-block-image\"> <figure class=\"aligncenter size-full\"><img loading=\"lazy\" decoding=\"async\" width=\"720\" height=\"540\" src=\"https:\/\/taizynut.com\/wp-content\/uploads\/2022\/08\/Raw-material-for-peanut-oil-press.webp\" alt=\"Materia prima para prensa de aceite de man\u00ed\" class=\"wp-image-95\" title=\"\" srcset=\"https:\/\/taizynut.com\/wp-content\/uploads\/2022\/08\/Raw-material-for-peanut-oil-press.webp 720w, https:\/\/taizynut.com\/wp-content\/uploads\/2022\/08\/Raw-material-for-peanut-oil-press-300x225.webp 300w\" sizes=\"auto, (max-width: 720px) 100vw, 720px\" \/><figcaption class=\"wp-element-caption\">Materia prima para prensa de aceite de man\u00ed<\/figcaption><\/figure> <\/div>   <p>Man\u00ed crudo. La calidad del man\u00ed afecta en gran medida la calidad del aceite de man\u00ed. En particular, es necesario seleccionar cacahuetes mohosos antes de la extracci\u00f3n del aceite de cacahuete. De lo contrario, el consumo prolongado de man\u00ed mohoso provocar\u00e1 riesgo de c\u00e1ncer. M\u00e1quina prensadora de aceite, la m\u00e1quina prensadora de aceite de man\u00ed afectar\u00e1 la cantidad de producci\u00f3n de aceite, la m\u00e1quina prensadora de aceite de man\u00ed bien dise\u00f1ada aumentar\u00e1 la producci\u00f3n de prensa de aceite en 10%<\/p>    <h2 class=\"wp-block-heading\">\u00bfQu\u00e9 es el aceite de man\u00ed de buena calidad?<\/h2>   <div class=\"wp-block-image\"> <figure class=\"aligncenter size-full\"><img loading=\"lazy\" decoding=\"async\" width=\"720\" height=\"540\" src=\"https:\/\/taizynut.com\/wp-content\/uploads\/2022\/08\/peanut-oil-.webp\" alt=\"aceite de cacahuete\" class=\"wp-image-96\" title=\"\" srcset=\"https:\/\/taizynut.com\/wp-content\/uploads\/2022\/08\/peanut-oil-.webp 720w, https:\/\/taizynut.com\/wp-content\/uploads\/2022\/08\/peanut-oil--300x225.webp 300w\" sizes=\"auto, (max-width: 720px) 100vw, 720px\" \/><figcaption class=\"wp-element-caption\">aceite de cacahuete<\/figcaption><\/figure> <\/div>   <ul class=\"wp-block-list\"> <li>Color. El aceite de man\u00ed de alta calidad es de color amarillo p\u00e1lido y brillante.<\/li>    <li>Olor. El olor del aceite de man\u00ed de alta calidad es fragante y tiene aroma a man\u00ed.<\/li>    <li>Congelaci\u00f3n. Observe el estado del man\u00ed despu\u00e9s de la congelaci\u00f3n, el estado semis\u00f3lido es un fen\u00f3meno normal.<\/li>    <li>Usado. Al observar los vapores del aceite de man\u00ed cuando se usa aceite de man\u00ed, si los vapores son peque\u00f1os y el color no se intensifica, es aceite de man\u00ed de alta calidad.<\/li> <\/ul>    <h2 class=\"wp-block-heading\">\u00bfCu\u00e1l es la funci\u00f3n de la torta de man\u00ed despu\u00e9s de la extracci\u00f3n del aceite?<\/h2>   <div class=\"wp-block-image\"> <figure class=\"aligncenter size-full\"><img loading=\"lazy\" decoding=\"async\" width=\"720\" height=\"540\" src=\"https:\/\/taizynut.com\/wp-content\/uploads\/2022\/08\/peanut-oil-press-cake.webp\" alt=\"pastel de prensa de aceite de man\u00ed\" class=\"wp-image-98\" title=\"\" srcset=\"https:\/\/taizynut.com\/wp-content\/uploads\/2022\/08\/peanut-oil-press-cake.webp 720w, https:\/\/taizynut.com\/wp-content\/uploads\/2022\/08\/peanut-oil-press-cake-300x225.webp 300w\" sizes=\"auto, (max-width: 720px) 100vw, 720px\" \/><figcaption class=\"wp-element-caption\">pastel de prensa de aceite de man\u00ed<\/figcaption><\/figure> <\/div>   <p>Los cacahuetes que quedan despu\u00e9s de la extracci\u00f3n del aceite generalmente no son consumidos por la gente, pero tambi\u00e9n son materiales muy \u00fatiles. Por ejemplo, se pueden triturar y utilizar como alimento para animales. <\/p>    <p>Son alimento para animales de muy alta calidad y tambi\u00e9n pueden usarse como desechos, porque las tortas de man\u00ed contienen mucho f\u00f3sforo. Dos elementos del potasio, especialmente utilizados en la fertilizaci\u00f3n de \u00e1rboles frutales, pueden mejorar la tasa de fructificaci\u00f3n de los \u00e1rboles frutales y el dulzor de la fruta despu\u00e9s de la fertilizaci\u00f3n.<\/p>    <h2 class=\"wp-block-heading\">El uso de una m\u00e1quina prensadora de aceite de man\u00ed.<\/h2>   <div class=\"wp-block-image\"> <figure class=\"aligncenter size-full\"><img loading=\"lazy\" decoding=\"async\" width=\"720\" height=\"540\" src=\"https:\/\/taizynut.com\/wp-content\/uploads\/2022\/08\/groundnut-oil-extraction-machine-1.webp\" alt=\"m\u00e1quina de extracci\u00f3n de aceite de man\u00ed\" class=\"wp-image-100\" title=\"\" srcset=\"https:\/\/taizynut.com\/wp-content\/uploads\/2022\/08\/groundnut-oil-extraction-machine-1.webp 720w, https:\/\/taizynut.com\/wp-content\/uploads\/2022\/08\/groundnut-oil-extraction-machine-1-300x225.webp 300w\" sizes=\"auto, (max-width: 720px) 100vw, 720px\" \/><figcaption class=\"wp-element-caption\">m\u00e1quina de extracci\u00f3n de aceite de man\u00ed<\/figcaption><\/figure> <\/div>   <p>La prensa de aceite de tornillo para man\u00ed tiene una amplia gama de usos. Es muy beneficioso abrir almazaras o almazaras. Esta prensa de aceite de man\u00ed de tornillo no solo puede procesar man\u00ed sino tambi\u00e9n productos de soja, colza, semillas de s\u00e9samo, semillas de girasol, etc. Una m\u00e1quina se puede utilizar para m\u00faltiples prop\u00f3sitos.<\/p>    <h2 class=\"wp-block-heading\">\u00bfQu\u00e9 cereales tienen alto contenido de aceite?<\/h2>    <figure class=\"wp-block-gallery has-nested-images columns-2 is-cropped wp-block-gallery-4 is-layout-flex wp-block-gallery-is-layout-flex\"> <figure class=\"wp-block-image size-large\"><img loading=\"lazy\" decoding=\"async\" width=\"720\" height=\"540\" data-id=\"108\" src=\"https:\/\/taizynut.com\/wp-content\/uploads\/2022\/08\/peanut-oil-press-machine.webp\" alt=\"m\u00e1quina de prensa de aceite de man\u00ed\" class=\"wp-image-108\" title=\"\" srcset=\"https:\/\/taizynut.com\/wp-content\/uploads\/2022\/08\/peanut-oil-press-machine.webp 720w, https:\/\/taizynut.com\/wp-content\/uploads\/2022\/08\/peanut-oil-press-machine-300x225.webp 300w\" sizes=\"auto, (max-width: 720px) 100vw, 720px\" \/><figcaption class=\"wp-element-caption\">M\u00e1quina de prensa de aceite de man\u00ed a la venta<\/figcaption><\/figure>    <figure class=\"wp-block-image size-large\"><img loading=\"lazy\" decoding=\"async\" width=\"720\" height=\"540\" data-id=\"110\" src=\"https:\/\/taizynut.com\/wp-content\/uploads\/2022\/08\/peanut-oil-press-machine-2.webp\" alt=\"exhibici\u00f3n de la m\u00e1quina para fabricar aceite de man\u00ed\" class=\"wp-image-110\" title=\"\" srcset=\"https:\/\/taizynut.com\/wp-content\/uploads\/2022\/08\/peanut-oil-press-machine-2.webp 720w, https:\/\/taizynut.com\/wp-content\/uploads\/2022\/08\/peanut-oil-press-machine-2-300x225.webp 300w\" sizes=\"auto, (max-width: 720px) 100vw, 720px\" \/><figcaption class=\"wp-element-caption\">Exhibici\u00f3n de la m\u00e1quina para fabricar aceite de man\u00ed<\/figcaption><\/figure>    <figure class=\"wp-block-image size-large\"><img loading=\"lazy\" decoding=\"async\" width=\"720\" height=\"540\" data-id=\"111\" src=\"https:\/\/taizynut.com\/wp-content\/uploads\/2022\/08\/peanut-oil-press-machine-3.webp\" alt=\"m\u00e1quina de prensa de aceite de tornillo\" class=\"wp-image-111\" title=\"\" srcset=\"https:\/\/taizynut.com\/wp-content\/uploads\/2022\/08\/peanut-oil-press-machine-3.webp 720w, https:\/\/taizynut.com\/wp-content\/uploads\/2022\/08\/peanut-oil-press-machine-3-300x225.webp 300w\" sizes=\"auto, (max-width: 720px) 100vw, 720px\" \/><figcaption class=\"wp-element-caption\">M\u00e1quina de prensa de aceite de tornillo<\/figcaption><\/figure>    <figure class=\"wp-block-image size-large\"><img loading=\"lazy\" decoding=\"async\" width=\"720\" height=\"540\" data-id=\"109\" src=\"https:\/\/taizynut.com\/wp-content\/uploads\/2022\/08\/peanut-oil-press-machine-1.webp\" alt=\"fabricante de m\u00e1quinas de prensa de aceite de man\u00ed\" class=\"wp-image-109\" title=\"\" srcset=\"https:\/\/taizynut.com\/wp-content\/uploads\/2022\/08\/peanut-oil-press-machine-1.webp 720w, https:\/\/taizynut.com\/wp-content\/uploads\/2022\/08\/peanut-oil-press-machine-1-300x225.webp 300w\" sizes=\"auto, (max-width: 720px) 100vw, 720px\" \/><figcaption class=\"wp-element-caption\">Fabricante de m\u00e1quinas prensadoras de aceite de man\u00ed<\/figcaption><\/figure> <\/figure>    <p class=\"translation-block\">Como se puede ver en la tabla a continuaci\u00f3n, el contenido de aceite de los <a href=\"https:\/\/en.wikipedia.org\/wiki\/Peanuts\" target=\"_blank\" rel=\"noopener\">cacahuetes<\/a> es muy alto, solo inferior al de las semillas de s\u00e9samo, pero el precio de las semillas de s\u00e9samo tambi\u00e9n es m\u00e1s alto, y la tasa de aceite residual de las tortas de aceite de cacahuete es inferior al 6%.<\/p>    <figure class=\"wp-block-table\"><table><tbody><tr><td>proyecto<\/td><td>S\u00e9samo<\/td><td>Man\u00ed<\/td><td>colza<\/td><td>Haba de soja<\/td><td>semilla de algodon<\/td><td>Nuez<\/td><td>Linaza<\/td><td>Semillas de camelia<\/td><\/tr><tr><td>Rendimiento de petr\u00f3leo (%)<\/td><td>45-55<\/td><td>40-50<\/td><td>32-42<\/td><td>12-18<\/td><td>11-25<\/td><td>42-52<\/td><td>32-38<\/td><td>26-38<\/td><\/tr><tr><td>Pastel grueso (mm)<\/td><td>1.0-1.5<\/td><td>0.5-2.0<\/td><td>1.0-1.5<\/td><td>0.8-1.5<\/td><td>1.0-2.0<\/td><td>0.8-1.5<\/td><td>1.0-1.8<\/td><td>1.0-2.0<\/td><\/tr><tr><td>Tasa de aceite residual de torta seca (%)<\/td><td>\u22646<\/td><td>\u22646<\/td><td>\u22646<\/td><td>\u22646<\/td><td>\u22646<\/td><td>\u22646<\/td><td>\u22646<\/td><td>\u22646<\/td><\/tr><\/tbody><\/table><figcaption class=\"wp-element-caption\">Contenido de aceite de varias semillas.<\/figcaption><\/figure>    <p>Si desea saber m\u00e1s sobre la m\u00e1quina prensadora de aceite de tornillo, \u00a1cont\u00e1ctenos para obtener m\u00e1s detalles de la m\u00e1quina!<\/p>","protected":false},"excerpt":{"rendered":"<p>La m\u00e1quina prensadora de aceite de man\u00ed Taizy, tambi\u00e9n llamada m\u00e1quina prensadora de aceite de tornillo, produce aceite de man\u00ed exprimiendo, con una producci\u00f3n de 40-600kg\/h.<\/p>","protected":false},"author":1,"featured_media":118,"parent":0,"template":"","tags":[45,54],"product-type":[16],"class_list":["post-91","product","type-product","status-publish","has-post-thumbnail","hentry","tag-peanut","tag-peanut-oil","product-type-peanut-oil-press"],"_links":{"self":[{"href":"https:\/\/taizynut.com\/es\/wp-json\/wp\/v2\/product\/91","targetHints":{"allow":["GET"]}}],"collection":[{"href":"https:\/\/taizynut.com\/es\/wp-json\/wp\/v2\/product"}],"about":[{"href":"https:\/\/taizynut.com\/es\/wp-json\/wp\/v2\/types\/product"}],"author":[{"embeddable":true,"href":"https:\/\/taizynut.com\/es\/wp-json\/wp\/v2\/users\/1"}],"wp:featuredmedia":[{"embeddable":true,"href":"https:\/\/taizynut.com\/es\/wp-json\/wp\/v2\/media\/118"}],"wp:attachment":[{"href":"https:\/\/taizynut.com\/es\/wp-json\/wp\/v2\/media?parent=91"}],"wp:term":[{"taxonomy":"post_tag","embeddable":true,"href":"https:\/\/taizynut.com\/es\/wp-json\/wp\/v2\/tags?post=91"},{"taxonomy":"product-type","embeddable":true,"href":"https:\/\/taizynut.com\/es\/wp-json\/wp\/v2\/product-type?post=91"}],"curies":[{"name":"wp","href":"https:\/\/api.w.org\/{rel}","templated":true}]}}