{"id":917,"date":"2025-01-09T17:59:14","date_gmt":"2025-01-09T09:59:14","guid":{"rendered":"https:\/\/taizynut.com\/?post_type=product&#038;p=917"},"modified":"2025-01-10T14:33:22","modified_gmt":"2025-01-10T06:33:22","slug":"commercial-jacketed-kettle-with-agitator","status":"publish","type":"product","link":"https:\/\/taizynut.com\/es\/product\/commercial-jacketed-kettle-with-agitator\/","title":{"rendered":"Hervidor comercial con camisa y agitador"},"content":{"rendered":"<p class=\"translation-block\">Esta <strong>caldera con chaqueta<\/strong> es un equipo com\u00fan de procesamiento t\u00e9rmico, para calentar y agitar varios materiales, como pasta, mermelada, jarabe, etc. Su capacidad var\u00eda de 100L a 1000L.<\/p>    <p>La olla puede utilizar electricidad, gas (gas natural, gas licuado de petr\u00f3leo, biog\u00e1s) o vapor como m\u00e9todos de calentamiento. Puede utilizar la batidora para revolver materiales. Adem\u00e1s, esta m\u00e1quina tiene tipo inclinado y tipo vertical. Puedes elegir lo que prefieras.<\/p>    <p>Si deseas m\u00e1s detalles, no dudes en contactarnos ahora y te proporcionaremos la mejor soluci\u00f3n para satisfacer las demandas de tu negocio.<\/p>    <figure class=\"wp-block-embed is-type-video is-provider-youtube wp-block-embed-youtube wp-embed-aspect-16-9 wp-has-aspect-ratio\"><div class=\"wp-block-embed__wrapper\"> <iframe loading=\"lazy\" title=\"Marmita con camisa para una mezcla de cocci\u00f3n eficiente para la producci\u00f3n de alimentos | Olla industrial para mermelada\" width=\"500\" height=\"281\" src=\"https:\/\/www.youtube.com\/embed\/byW5Lb7ifJ0?feature=oembed\" frameborder=\"0\" allow=\"accelerometer; autoplay; clipboard-write; encrypted-media; gyroscope; picture-in-picture; web-share\" referrerpolicy=\"strict-origin-when-cross-origin\" allowfullscreen><\/iframe> <\/div><figcaption class=\"wp-element-caption\">olla de acero inoxidable con agitador<\/figcaption><\/figure>    <h2 class=\"wp-block-heading\"><strong>Ventajas de la caldera comercial con camisa y mezcladora<\/strong><\/h2>    <ul class=\"wp-block-list\"> <li>Es <strong>hecho de acero inoxidable<\/strong>, dural y de larga vida \u00fatil.<\/li>    <li>El dise\u00f1o del crisol de az\u00facar garantiza <strong>calentamiento uniforme<\/strong> del material, evitando sobrecalentamientos localizados y asegurando la calidad del alimento o sustancia qu\u00edmica.<\/li>    <li>El dispositivo de agitaci\u00f3n ayuda a que los materiales se <strong>mezclar uniformemente<\/strong> durante el proceso de calentamiento, evitando el fen\u00f3meno de pegado, apelmazamiento o fondo fangoso. Esto mejora la eficiencia de la producci\u00f3n y la calidad del producto.<\/li>    <li>Hay <strong>M\u00e1quinas basculantes y verticales para hacer mermeladas con o sin agitador.<\/strong> Disponibles para que elijas el que m\u00e1s te convenga.<\/li> <\/ul>   <div class=\"wp-block-image\"> <figure class=\"aligncenter size-full\"><img loading=\"lazy\" decoding=\"async\" width=\"688\" height=\"596\" src=\"https:\/\/taizynut.com\/wp-content\/uploads\/2025\/01\/jacketed-kettle-for-sale.webp\" alt=\"Se vende tetera con camisa\" class=\"wp-image-924\" title=\"\" srcset=\"https:\/\/taizynut.com\/wp-content\/uploads\/2025\/01\/jacketed-kettle-for-sale.webp 688w, https:\/\/taizynut.com\/wp-content\/uploads\/2025\/01\/jacketed-kettle-for-sale-300x260.webp 300w, https:\/\/taizynut.com\/wp-content\/uploads\/2025\/01\/jacketed-kettle-for-sale-14x12.webp 14w\" sizes=\"auto, (max-width: 688px) 100vw, 688px\" \/><figcaption class=\"wp-element-caption\">Se vende tetera con camisa<\/figcaption><\/figure> <\/div>   <h2 class=\"wp-block-heading\"><strong>Par\u00e1metros t\u00e9cnicos de la caldera mezcladora con camisa.<\/strong><\/h2>    <p>Nuestras ollas comerciales est\u00e1n disponibles en diferentes tipos con capacidades que van desde 100 a 1000L. Diferentes capacidades corresponden a diferentes di\u00e1metros de olla. Adem\u00e1s, el equipo est\u00e1 disponible con y sin agitaci\u00f3n, vertical e inclinado. Consulte lo siguiente para conocer par\u00e1metros espec\u00edficos. Tambi\u00e9n puede contactarnos directamente para obtener m\u00e1s informaci\u00f3n.<\/p>    <figure class=\"wp-block-table\"><table class=\"has-fixed-layout\"><tbody><tr><td>Modelo<\/td><td>200L<\/td><td>600L<\/td><\/tr><tr><td>Fuerza<\/td><td>18kw<\/td><td>\/<\/td><\/tr><tr><td>Voltaje<\/td><td>440 V, 50 Hz, trif\u00e1sico<\/td><td>\/<\/td><\/tr><tr><td>Di\u00e1metro de la olla<\/td><td>800 mm<\/td><td>1200 mm<\/td><\/tr><tr><td>M\u00e9todo de calentamiento<\/td><td>Electricidad<\/td><td>Gas<\/td><\/tr><tr><td>Material de la m\u00e1quina<\/td><td>acero inoxidable 304<\/td><td>acero inoxidable 304<\/td><\/tr><tr><td>Tipo de m\u00e1quina<\/td><td>Inclinado<\/td><td>Vertical<\/td><\/tr><tr><td>Tama\u00f1o<\/td><td>1400*1100*1300mm<\/td><td>1800*1500*1200mm<\/td><\/tr><tr><td>Peso<\/td><td>175 kilos<\/td><td>350 kilos<\/td><\/tr><\/tbody><\/table><figcaption class=\"wp-element-caption\">Especificaciones de la caldera de cocci\u00f3n industrial con camisa.<\/figcaption><\/figure>    <figure class=\"wp-block-gallery has-nested-images columns-default is-cropped wp-block-gallery-2 is-layout-flex wp-block-gallery-is-layout-flex\"> <figure class=\"wp-block-image size-full\"><img loading=\"lazy\" decoding=\"async\" width=\"720\" height=\"540\" data-id=\"931\" src=\"https:\/\/taizynut.com\/wp-content\/uploads\/2025\/01\/inclined-cooking-kettle-with-mixer.webp\" alt=\"hervidor de cocina inclinado con batidora\" class=\"wp-image-931\" title=\"\" srcset=\"https:\/\/taizynut.com\/wp-content\/uploads\/2025\/01\/inclined-cooking-kettle-with-mixer.webp 720w, https:\/\/taizynut.com\/wp-content\/uploads\/2025\/01\/inclined-cooking-kettle-with-mixer-300x225.webp 300w, https:\/\/taizynut.com\/wp-content\/uploads\/2025\/01\/inclined-cooking-kettle-with-mixer-16x12.webp 16w\" sizes=\"auto, (max-width: 720px) 100vw, 720px\" \/><figcaption class=\"wp-element-caption\">Hervidor de cocina inclinado con batidora<\/figcaption><\/figure>    <figure class=\"wp-block-image size-full\"><img loading=\"lazy\" decoding=\"async\" width=\"720\" height=\"540\" data-id=\"932\" src=\"https:\/\/taizynut.com\/wp-content\/uploads\/2025\/01\/vertical-sugar-melting-pot.webp\" alt=\"crisol de az\u00facar vertical\" class=\"wp-image-932\" title=\"\" srcset=\"https:\/\/taizynut.com\/wp-content\/uploads\/2025\/01\/vertical-sugar-melting-pot.webp 720w, https:\/\/taizynut.com\/wp-content\/uploads\/2025\/01\/vertical-sugar-melting-pot-300x225.webp 300w, https:\/\/taizynut.com\/wp-content\/uploads\/2025\/01\/vertical-sugar-melting-pot-16x12.webp 16w\" sizes=\"auto, (max-width: 720px) 100vw, 720px\" \/><figcaption class=\"wp-element-caption\">Crisol de az\u00facar vertical<\/figcaption><\/figure> <\/figure>    <p class=\"translation-block\"><strong>Especificaciones de la caldera con chaqueta de vapor<\/strong><\/p>    <figure class=\"wp-block-table\"><table class=\"has-fixed-layout\"><tbody><tr><td>Modelo<\/td><td>di\u00e1metro<\/td><\/tr><tr><td>100L<\/td><td>700 mm<\/td><\/tr><tr><td>200L<\/td><td>800 mm<\/td><\/tr><tr><td>300L<\/td><td>900 mm<\/td><\/tr><tr><td>400L<\/td><td>1000 mm<\/td><\/tr><tr><td>500L<\/td><td>1100 mm<\/td><\/tr><tr><td>600L<\/td><td>1200 mm<\/td><\/tr><tr><td>800L<\/td><td>1300 mm<\/td><\/tr><tr><td>1000L<\/td><td>1400 mm<\/td><\/tr><\/tbody><\/table><figcaption class=\"wp-element-caption\">datos de la caldera con camisa de vapor<\/figcaption><\/figure>    <h2 class=\"wp-block-heading\"><strong>\u00bfQu\u00e9 materiales son aplicables para la caldera con camisa de vapor?<\/strong><\/h2>    <p>Este equipo se usa ampliamente en dulces, productos farmac\u00e9uticos, productos l\u00e1cteos, alcohol, pasteler\u00eda, conservas, bebidas, alimentos enlatados, adobos y otros procesamientos de alimentos. Tambi\u00e9n se puede utilizar en grandes restaurantes o cantinas para elaborar sopas, platos de cocina, guisos, gachas, etc.<\/p>    <p>Se utiliza en el procesamiento de alimentos como: <\/p>    <p class=\"translation-block\">Base de olla caliente, salsa de chile, tarta de aceite rojo, polvo de gelatina, caramelos, semillas de loto, pasta de frijoles, mermelada, pastel, bebida, fruta confitada, semillas de loto, gachas de fruta, relleno de frijoles, <a href=\"https:\/\/en.wikipedia.org\/wiki\/Jujube\" target=\"_blank\" rel=\"noopener\">jujube<\/a>, salsa, curry y otros productos alimenticios y industrias como la elaboraci\u00f3n de cerveza, farmacia, industria qu\u00edmica de uso diario, etc.<\/p>   <div class=\"wp-block-image\"> <figure class=\"aligncenter size-full\"><img loading=\"lazy\" decoding=\"async\" width=\"859\" height=\"568\" src=\"https:\/\/taizynut.com\/wp-content\/uploads\/2025\/01\/applications-of-stainless-steel-cooking-kettle.webp\" alt=\"Aplicaciones de la caldera de cocina de acero inoxidable.\" class=\"wp-image-927\" title=\"\" srcset=\"https:\/\/taizynut.com\/wp-content\/uploads\/2025\/01\/applications-of-stainless-steel-cooking-kettle.webp 859w, https:\/\/taizynut.com\/wp-content\/uploads\/2025\/01\/applications-of-stainless-steel-cooking-kettle-300x198.webp 300w, https:\/\/taizynut.com\/wp-content\/uploads\/2025\/01\/applications-of-stainless-steel-cooking-kettle-768x508.webp 768w, https:\/\/taizynut.com\/wp-content\/uploads\/2025\/01\/applications-of-stainless-steel-cooking-kettle-18x12.webp 18w\" sizes=\"auto, (max-width: 859px) 100vw, 859px\" \/><figcaption class=\"wp-element-caption\">Aplicaciones de la caldera de cocina de acero inoxidable.<\/figcaption><\/figure> <\/div>   <h2 class=\"wp-block-heading\"><strong>Estructura de la caldera con doble camisa.<\/strong><\/h2>    <p>Esta caldera con camisa de acero inoxidable consta principalmente de un motor, una placa de soporte, un dispositivo de l\u00edmite, un marco, un cuerpo de olla, un volante, una v\u00e1lvula hidr\u00f3foba, etc.<\/p>   <div class=\"wp-block-image\"> <figure class=\"aligncenter size-full\"><img loading=\"lazy\" decoding=\"async\" width=\"720\" height=\"540\" src=\"https:\/\/taizynut.com\/wp-content\/uploads\/2025\/01\/structure-of-electric-cooking-pot-with-mixer.webp\" alt=\"Estructura de olla el\u00e9ctrica con batidora.\" class=\"wp-image-919\" title=\"\" srcset=\"https:\/\/taizynut.com\/wp-content\/uploads\/2025\/01\/structure-of-electric-cooking-pot-with-mixer.webp 720w, https:\/\/taizynut.com\/wp-content\/uploads\/2025\/01\/structure-of-electric-cooking-pot-with-mixer-300x225.webp 300w, https:\/\/taizynut.com\/wp-content\/uploads\/2025\/01\/structure-of-electric-cooking-pot-with-mixer-16x12.webp 16w\" sizes=\"auto, (max-width: 720px) 100vw, 720px\" \/><figcaption class=\"wp-element-caption\">Estructura de olla el\u00e9ctrica con batidora.<\/figcaption><\/figure> <\/div>   <h2 class=\"wp-block-heading\"><strong>\u00bfCu\u00e1l es el precio de la olla con chaqueta de vapor?<\/strong><\/h2>    <p>El precio de una m\u00e1quina para hacer mermelada de frutas var\u00eda seg\u00fan la marca, la capacidad, la configuraci\u00f3n funcional y otros factores.<\/p>    <p>En t\u00e9rminos generales, el precio real variar\u00e1 seg\u00fan el m\u00e9todo de calentamiento (por ejemplo, calentamiento con vapor, calentamiento el\u00e9ctrico, etc.), el m\u00e9todo de agitaci\u00f3n (por ejemplo, autom\u00e1tico o manual) y el fabricante que elija.<\/p>    <p>Si quieres saber el precio exacto, ven a contactarnos. Le proporcionaremos un presupuesto detallado seg\u00fan sus necesidades.<\/p>   <div class=\"wp-block-image\"> <figure class=\"aligncenter size-full\"><img loading=\"lazy\" decoding=\"async\" width=\"720\" height=\"540\" src=\"https:\/\/taizynut.com\/wp-content\/uploads\/2025\/01\/commercial-cooking-pots.webp\" alt=\"ollas de cocina comerciales\" class=\"wp-image-936\" title=\"\" srcset=\"https:\/\/taizynut.com\/wp-content\/uploads\/2025\/01\/commercial-cooking-pots.webp 720w, https:\/\/taizynut.com\/wp-content\/uploads\/2025\/01\/commercial-cooking-pots-300x225.webp 300w, https:\/\/taizynut.com\/wp-content\/uploads\/2025\/01\/commercial-cooking-pots-16x12.webp 16w\" sizes=\"auto, (max-width: 720px) 100vw, 720px\" \/><figcaption class=\"wp-element-caption\">ollas de cocina comerciales<\/figcaption><\/figure> <\/div>   <h2 class=\"wp-block-heading\"><strong>\u00bfSabes cu\u00e1ndo utilizar una olla de cocina industrial?<\/strong><\/h2>    <p class=\"translation-block\">La caldera de cocci\u00f3n industrial se utiliza principalmente en el procesamiento de alimentos como <a href=\"https:\/\/taizynut.com\/es\/product\/peanut-brittle-bar-production-line\/\">l\u00ednea de producci\u00f3n de caramelos de cacahuete<\/a>, industrias farmac\u00e9uticas y qu\u00edmicas para procesos de producci\u00f3n que requieren calentamiento y agitaci\u00f3n. Es adecuada para utilizar en los siguientes escenarios:<\/p>    <ul class=\"wp-block-list\"> <li><strong>Procesamiento de alimentos<\/strong>: como el procesamiento de mermelada, mantequilla de man\u00ed, dulces, etc.<\/li>    <li><strong>producci\u00f3n qu\u00edmica<\/strong>: p.ej. calentamiento de pinturas, cosm\u00e9ticos, reactivos qu\u00edmicos.<\/li>    <li><strong>Fabricaci\u00f3n farmac\u00e9utica<\/strong>: como calentar, mezclar y concentrar ung\u00fcentos y l\u00edquidos medicinales.<\/li> <\/ul>    <p>Cuando la producci\u00f3n implica calentar y mezclar grandes cantidades de materiales l\u00edquidos o viscosos, esta caldera con camisa es un equipo indispensable.<\/p>   <div class=\"wp-block-image\"> <figure class=\"aligncenter size-full\"><img loading=\"lazy\" decoding=\"async\" width=\"720\" height=\"540\" src=\"https:\/\/taizynut.com\/wp-content\/uploads\/2023\/03\/automatic-sesame-peanut-candy-bar-making-machine.webp\" alt=\"M\u00e1quina autom\u00e1tica para hacer barras de caramelo de man\u00ed y s\u00e9samo\" class=\"wp-image-821\" title=\"\" srcset=\"https:\/\/taizynut.com\/wp-content\/uploads\/2023\/03\/automatic-sesame-peanut-candy-bar-making-machine.webp 720w, https:\/\/taizynut.com\/wp-content\/uploads\/2023\/03\/automatic-sesame-peanut-candy-bar-making-machine-300x225.webp 300w, https:\/\/taizynut.com\/wp-content\/uploads\/2023\/03\/automatic-sesame-peanut-candy-bar-making-machine-16x12.webp 16w\" sizes=\"auto, (max-width: 720px) 100vw, 720px\" \/><figcaption class=\"wp-element-caption\">M\u00e1quina autom\u00e1tica para hacer barras de caramelo de man\u00ed y s\u00e9samo<\/figcaption><\/figure> <\/div>   <h2 class=\"wp-block-heading\"><strong>\u00bfC\u00f3mo pedir una tetera mezcladora de cocina?<\/strong><\/h2>    <p>Si necesitas pedir ollas industriales, puedes seguir los siguientes pasos:<\/p>    <ol class=\"wp-block-list\"> <li>Cont\u00e1ctanos y cu\u00e9ntanos tus requiemnets.<\/li>    <li>Nuestro gerente de ventas le recomendar\u00e1 una m\u00e1quina para hacer mermelada adecuada o la personalizar\u00e1 para satisfacer sus necesidades.<\/li>    <li>Paga el dep\u00f3sito y comenzamos a fabricar la m\u00e1quina.<\/li>    <li>Durante la fabricaci\u00f3n, le enviaremos v\u00eddeos e im\u00e1genes de la m\u00e1quina para su verificaci\u00f3n.<\/li>    <li>Una vez finalizado, muestre los videos de prueba de la m\u00e1quina para su confirmaci\u00f3n.<\/li>    <li>Pague el saldo y env\u00ede la mercanc\u00eda a su domicilio.<\/li> <\/ol>    <p>Elegir un fabricante experimentado y de buena reputaci\u00f3n garantizar\u00e1 que reciba una tetera para cocinar de alta calidad con garant\u00eda de servicio posventa.<\/p>   <div class=\"wp-block-image\"> <figure class=\"aligncenter size-full\"><img loading=\"lazy\" decoding=\"async\" width=\"720\" height=\"540\" src=\"https:\/\/taizynut.com\/wp-content\/uploads\/2025\/01\/cooking-kettle-with-mixer-manufacturer.webp\" alt=\"fabricante de hervidor de agua con batidora\" class=\"wp-image-934\" title=\"\" srcset=\"https:\/\/taizynut.com\/wp-content\/uploads\/2025\/01\/cooking-kettle-with-mixer-manufacturer.webp 720w, https:\/\/taizynut.com\/wp-content\/uploads\/2025\/01\/cooking-kettle-with-mixer-manufacturer-300x225.webp 300w, https:\/\/taizynut.com\/wp-content\/uploads\/2025\/01\/cooking-kettle-with-mixer-manufacturer-16x12.webp 16w\" sizes=\"auto, (max-width: 720px) 100vw, 720px\" \/><figcaption class=\"wp-element-caption\">fabricante de hervidor de agua con batidora<\/figcaption><\/figure> <\/div>","protected":false},"excerpt":{"rendered":"<p>Esta tetera con camisa calienta y revuelve diversos materiales, como pasta, mermelada, alm\u00edbar, etc., con electricidad, gas o vapor. Su capacidad oscila entre 100L-1000L.<\/p>","protected":false},"author":1,"featured_media":918,"parent":0,"template":"","tags":[44],"product-type":[],"class_list":["post-917","product","type-product","status-publish","has-post-thumbnail","hentry","tag-peanut-brittle"],"_links":{"self":[{"href":"https:\/\/taizynut.com\/es\/wp-json\/wp\/v2\/product\/917","targetHints":{"allow":["GET"]}}],"collection":[{"href":"https:\/\/taizynut.com\/es\/wp-json\/wp\/v2\/product"}],"about":[{"href":"https:\/\/taizynut.com\/es\/wp-json\/wp\/v2\/types\/product"}],"author":[{"embeddable":true,"href":"https:\/\/taizynut.com\/es\/wp-json\/wp\/v2\/users\/1"}],"wp:featuredmedia":[{"embeddable":true,"href":"https:\/\/taizynut.com\/es\/wp-json\/wp\/v2\/media\/918"}],"wp:attachment":[{"href":"https:\/\/taizynut.com\/es\/wp-json\/wp\/v2\/media?parent=917"}],"wp:term":[{"taxonomy":"post_tag","embeddable":true,"href":"https:\/\/taizynut.com\/es\/wp-json\/wp\/v2\/tags?post=917"},{"taxonomy":"product-type","embeddable":true,"href":"https:\/\/taizynut.com\/es\/wp-json\/wp\/v2\/product-type?post=917"}],"curies":[{"name":"wp","href":"https:\/\/api.w.org\/{rel}","templated":true}]}}