{"id":995,"date":"2025-10-10T13:28:15","date_gmt":"2025-10-10T05:28:15","guid":{"rendered":"https:\/\/taizynut.com\/?post_type=product&#038;p=995"},"modified":"2025-10-11T15:53:56","modified_gmt":"2025-10-11T07:53:56","slug":"peanut-powder-making-machine","status":"publish","type":"product","link":"https:\/\/taizynut.com\/es\/product\/peanut-powder-making-machine\/","title":{"rendered":"M\u00e1quina para hacer polvo de man\u00ed"},"content":{"rendered":"<p>La m\u00e1quina para hacer polvo de cacahuete es una m\u00e1quina dise\u00f1ada espec\u00edficamente para materiales oleosos. Se utiliza ampliamente en el procesamiento de frutos secos como cacahuetes, anacardos y almendras. Logra un molido eficiente y uniforme. <\/p>    <p>La trituradora de polvo de cacahuete Taizy es altamente eficiente, con una velocidad de procesamiento de 200-600 kg\/h. Nuestra m\u00e1quina ofrece ventajas como operaci\u00f3n simple, facilidad de uso, alto rendimiento, molienda instant\u00e1nea y sensaci\u00f3n grasa. \u00a1Si necesita esta m\u00e1quina, cont\u00e1ctenos hoy!<\/p>    <figure class=\"wp-block-embed is-type-video is-provider-youtube wp-block-embed-youtube wp-embed-aspect-16-9 wp-has-aspect-ratio\"><div class=\"wp-block-embed__wrapper\"> <iframe loading=\"lazy\" title=\"Molinillo de polvo de cacahuete | M\u00e1quina para hacer polvo de cacahuete para moler cacahuetes, anacardos\" width=\"500\" height=\"281\" src=\"https:\/\/www.youtube.com\/embed\/z8CU2YA5evs?feature=oembed\" frameborder=\"0\" allow=\"accelerometer; autoplay; clipboard-write; encrypted-media; gyroscope; picture-in-picture; web-share\" referrerpolicy=\"strict-origin-when-cross-origin\" allowfullscreen><\/iframe> <\/div><figcaption class=\"wp-element-caption\">proceso de trabajo de la m\u00e1quina moledora de polvo de cacahuete<\/figcaption><\/figure>    <h2 class=\"wp-block-heading\"><strong>Ventajas de la m\u00e1quina para hacer polvo de cacahuete<\/strong><\/h2>    <ul class=\"wp-block-list\"> <li>Nuestra m\u00e1quina de molienda de polvo de man\u00ed est\u00e1 dise\u00f1ada espec\u00edficamente para materiales oleosos. Su baja velocidad de molienda efectivamente <strong>evita la liberaci\u00f3n de calor y aceite<\/strong>, preservando el aroma natural de las nueces.<\/li>    <li>El equipo de molienda de polvo de nuez de Taizy ofrece un rendimiento de molienda excelente, con un sistema de molienda en tres etapas que garantiza una trituraci\u00f3n uniforme de las nueces. <strong>hasta 30 malla<\/strong>.<\/li>    <li>This machine&#8217;s <strong>estructura flexible<\/strong> permite tanto moler como pelletizar, satisfaciendo diversas necesidades de producci\u00f3n.<\/li>    <li>La m\u00e1quina est\u00e1 hecha de <strong>Acero inoxidable 201<\/strong> (puede ser personalizada a acero inoxidable 304), garantizando resistencia a la corrosi\u00f3n, resistencia al desgaste y cumplimiento de las normas de seguridad alimentaria.<\/li>    <li>Nuestra m\u00e1quina es <strong>f\u00e1cil de operar y mantener<\/strong>, con un dise\u00f1o sencillo y f\u00e1cil de limpiar, lo que la hace adecuada para uso a largo plazo en plantas de procesamiento peque\u00f1as y medianas.<\/li> <\/ul>   <div class=\"wp-block-image\"> <figure class=\"aligncenter size-full\"><img loading=\"lazy\" decoding=\"async\" width=\"720\" height=\"540\" src=\"https:\/\/taizynut.com\/wp-content\/uploads\/2025\/10\/peanut-powder-making-machine-1.webp\" alt=\"m\u00e1quina para hacer polvo de cacahuete\" class=\"wp-image-1034\" title=\"\" srcset=\"https:\/\/taizynut.com\/wp-content\/uploads\/2025\/10\/peanut-powder-making-machine-1.webp 720w, https:\/\/taizynut.com\/wp-content\/uploads\/2025\/10\/peanut-powder-making-machine-1-300x225.webp 300w, https:\/\/taizynut.com\/wp-content\/uploads\/2025\/10\/peanut-powder-making-machine-1-16x12.webp 16w\" sizes=\"auto, (max-width: 720px) 100vw, 720px\" \/><figcaption class=\"wp-element-caption\">m\u00e1quina para hacer polvo de cacahuete<\/figcaption><\/figure> <\/div>   <h2 class=\"wp-block-heading\">W<strong>Principio de funcionamiento de la m\u00e1quina de polvo de man\u00ed<\/strong><\/h2>    <p>La m\u00e1quina de molienda de polvo de cacahuete cuenta con un dise\u00f1o de tres etapas: las dos primeras etapas consisten en rodillos para el desgarro inicial; la tercera etapa es un rodillo, que logra la molienda fina mediante fricci\u00f3n y compresi\u00f3n. <\/p>    <figure class=\"wp-block-gallery has-nested-images columns-default is-cropped wp-block-gallery-2 is-layout-flex wp-block-gallery-is-layout-flex\"> <figure class=\"wp-block-image size-full\"><img loading=\"lazy\" decoding=\"async\" width=\"540\" height=\"720\" data-id=\"1035\" src=\"https:\/\/taizynut.com\/wp-content\/uploads\/2025\/10\/groundnut-powder-grinding-equipment-1.webp\" alt=\"equipo de molienda de polvo de cacahuete\" class=\"wp-image-1035\" title=\"\" srcset=\"https:\/\/taizynut.com\/wp-content\/uploads\/2025\/10\/groundnut-powder-grinding-equipment-1.webp 540w, https:\/\/taizynut.com\/wp-content\/uploads\/2025\/10\/groundnut-powder-grinding-equipment-1-225x300.webp 225w, https:\/\/taizynut.com\/wp-content\/uploads\/2025\/10\/groundnut-powder-grinding-equipment-1-9x12.webp 9w\" sizes=\"auto, (max-width: 540px) 100vw, 540px\" \/><figcaption class=\"wp-element-caption\">Equipo de molienda de polvo de cacahuete<\/figcaption><\/figure>    <figure class=\"wp-block-image size-full\"><img loading=\"lazy\" decoding=\"async\" width=\"540\" height=\"720\" data-id=\"1036\" src=\"https:\/\/taizynut.com\/wp-content\/uploads\/2025\/10\/803c4a60abee99a2cc7c5b458082d10-tuya_\u7ed3\u679c.webp\" alt=\"maquina de molienda de polvo de cacahuete\" class=\"wp-image-1036\" title=\"\" srcset=\"https:\/\/taizynut.com\/wp-content\/uploads\/2025\/10\/803c4a60abee99a2cc7c5b458082d10-tuya_\u7ed3\u679c.webp 540w, https:\/\/taizynut.com\/wp-content\/uploads\/2025\/10\/803c4a60abee99a2cc7c5b458082d10-tuya_\u7ed3\u679c-225x300.webp 225w, https:\/\/taizynut.com\/wp-content\/uploads\/2025\/10\/803c4a60abee99a2cc7c5b458082d10-tuya_\u7ed3\u679c-9x12.webp 9w\" sizes=\"auto, (max-width: 540px) 100vw, 540px\" \/><figcaption class=\"wp-element-caption\">M\u00e1quina de molienda de polvo de cacahuete<\/figcaption><\/figure>    <figure class=\"wp-block-image size-full\"><img loading=\"lazy\" decoding=\"async\" width=\"540\" height=\"720\" data-id=\"1037\" src=\"https:\/\/taizynut.com\/wp-content\/uploads\/2025\/10\/roller-shaft-of-groundnut-powder-grinding-machine-1.webp\" alt=\"eje de rodillo de la m\u00e1quina de moler polvo de cacahuete\" class=\"wp-image-1037\" title=\"\" srcset=\"https:\/\/taizynut.com\/wp-content\/uploads\/2025\/10\/roller-shaft-of-groundnut-powder-grinding-machine-1.webp 540w, https:\/\/taizynut.com\/wp-content\/uploads\/2025\/10\/roller-shaft-of-groundnut-powder-grinding-machine-1-225x300.webp 225w, https:\/\/taizynut.com\/wp-content\/uploads\/2025\/10\/roller-shaft-of-groundnut-powder-grinding-machine-1-9x12.webp 9w\" sizes=\"auto, (max-width: 540px) 100vw, 540px\" \/><figcaption class=\"wp-element-caption\">Eje de rodillo de la molienda de polvo de cacahuete<\/figcaption><\/figure> <\/figure>    <p>Por lo general, la tolva de la m\u00e1quina de moler polvo de cacahuete puede moler el material hasta aproximadamente malla 30. Para migas o gr\u00e1nulos de cacahuete, solo se pueden usar las dos etapas superiores. Las part\u00edculas resultantes son aproximadamente 2 mm o m\u00e1s, con una forma cuadrada y angular.<\/p>    <h2 class=\"wp-block-heading\"><strong>Estructura de la molienda de polvo de cacahuete<\/strong><\/h2>    <p>La m\u00e1quina de molienda de polvo de cacahuete tiene una estructura general compacta y una distribuci\u00f3n razonable. Se compone principalmente de puerto de entrada, sistema de molienda, puerto de salida, manija ajustable y un marco de acero inoxidable.<\/p>   <div class=\"wp-block-image\"> <figure class=\"aligncenter size-full\"><img loading=\"lazy\" decoding=\"async\" width=\"720\" height=\"540\" src=\"https:\/\/taizynut.com\/wp-content\/uploads\/2025\/10\/groundnut-powder-grinding-machine-1.webp\" alt=\"estructura de la m\u00e1quina molinadora de polvo de cacahuete\" class=\"wp-image-1032\" title=\"\" srcset=\"https:\/\/taizynut.com\/wp-content\/uploads\/2025\/10\/groundnut-powder-grinding-machine-1.webp 720w, https:\/\/taizynut.com\/wp-content\/uploads\/2025\/10\/groundnut-powder-grinding-machine-1-300x225.webp 300w, https:\/\/taizynut.com\/wp-content\/uploads\/2025\/10\/groundnut-powder-grinding-machine-1-16x12.webp 16w\" sizes=\"auto, (max-width: 720px) 100vw, 720px\" \/><figcaption class=\"wp-element-caption\">estructura de la m\u00e1quina molinadora de polvo de cacahuete<\/figcaption><\/figure> <\/div>   <h2 class=\"wp-block-heading\"><strong>Aplicaci\u00f3n de la m\u00e1quina de molienda de polvo de frutos secos<\/strong><\/h2>    <p>La m\u00e1quina para hacer polvo de cacahuete es adecuada para moler una variedad de frutos secos y granos oleosos, como cacahuetes, anacardos, almendras, nueces, avellanas, pi\u00f1ones y pistachos.<\/p>   <div class=\"wp-block-image\"> <figure class=\"aligncenter size-full\"><img loading=\"lazy\" decoding=\"async\" width=\"720\" height=\"540\" src=\"https:\/\/taizynut.com\/wp-content\/uploads\/2025\/10\/application-of-groundnut-powder-grinder-1.webp\" alt=\"aplicaci\u00f3n de la amoladora de polvo de cacahuete\" class=\"wp-image-1038\" title=\"\" srcset=\"https:\/\/taizynut.com\/wp-content\/uploads\/2025\/10\/application-of-groundnut-powder-grinder-1.webp 720w, https:\/\/taizynut.com\/wp-content\/uploads\/2025\/10\/application-of-groundnut-powder-grinder-1-300x225.webp 300w, https:\/\/taizynut.com\/wp-content\/uploads\/2025\/10\/application-of-groundnut-powder-grinder-1-16x12.webp 16w\" sizes=\"auto, (max-width: 720px) 100vw, 720px\" \/><figcaption class=\"wp-element-caption\">aplicaci\u00f3n de la amoladora de polvo de cacahuete<\/figcaption><\/figure> <\/div>   <p>Este equipo puede producir polvos o gr\u00e1nulos de diferentes finuras y se utiliza ampliamente en plantas de procesamiento de alimentos, f\u00e1bricas de productos de frutos secos, fabricantes de mantequilla de cacahuete, fabricantes de snacks y industrias de procesamiento de condimentos.<\/p>    <figure class=\"wp-block-gallery has-nested-images columns-default is-cropped wp-block-gallery-3 is-layout-flex wp-block-gallery-is-layout-flex\"> <figure class=\"wp-block-image size-full\"><img loading=\"lazy\" decoding=\"async\" width=\"720\" height=\"540\" data-id=\"1039\" src=\"https:\/\/taizynut.com\/wp-content\/uploads\/2025\/10\/finished-product-of-the-peanut-powder-grinder-1.webp\" alt=\"producto terminado de la moledora de polvo de cacahuete\" class=\"wp-image-1039\" title=\"\" srcset=\"https:\/\/taizynut.com\/wp-content\/uploads\/2025\/10\/finished-product-of-the-peanut-powder-grinder-1.webp 720w, https:\/\/taizynut.com\/wp-content\/uploads\/2025\/10\/finished-product-of-the-peanut-powder-grinder-1-300x225.webp 300w, https:\/\/taizynut.com\/wp-content\/uploads\/2025\/10\/finished-product-of-the-peanut-powder-grinder-1-16x12.webp 16w\" sizes=\"auto, (max-width: 720px) 100vw, 720px\" \/><figcaption class=\"wp-element-caption\">Producto terminado del molinillo de polvo de cacahuete<\/figcaption><\/figure>    <figure class=\"wp-block-image size-full\"><img loading=\"lazy\" decoding=\"async\" width=\"720\" height=\"540\" data-id=\"1040\" src=\"https:\/\/taizynut.com\/wp-content\/uploads\/2025\/10\/finished-product-of-the-peanut-powder-grinding-machiner-1.webp\" alt=\"producto terminado de la molienda de polvo de cacahuete\" class=\"wp-image-1040\" title=\"\" srcset=\"https:\/\/taizynut.com\/wp-content\/uploads\/2025\/10\/finished-product-of-the-peanut-powder-grinding-machiner-1.webp 720w, https:\/\/taizynut.com\/wp-content\/uploads\/2025\/10\/finished-product-of-the-peanut-powder-grinding-machiner-1-300x225.webp 300w, https:\/\/taizynut.com\/wp-content\/uploads\/2025\/10\/finished-product-of-the-peanut-powder-grinding-machiner-1-16x12.webp 16w\" sizes=\"auto, (max-width: 720px) 100vw, 720px\" \/><figcaption class=\"wp-element-caption\">Producto terminado de la m\u00e1quina de molienda de polvo de cacahuete<\/figcaption><\/figure> <\/figure>    <h2 class=\"wp-block-heading\"><strong>Par\u00e1metros de la m\u00e1quina de molienda de polvo de cacahuete<\/strong><\/h2>    <p>Los par\u00e1metros espec\u00edficos de la m\u00e1quina para hacer polvo de cacahuete son los siguientes:<\/p>    <figure class=\"wp-block-table\"><table><tbody><tr><td>Band<\/td><td>Taizy<\/td><\/tr><tr><td>Capacidad<\/td><td>200-600kg\/h<\/td><\/tr><tr><td>Solicitud<\/td><td>Cacahuetes, anacardos, almendras, nueces, etc.<\/td><\/tr><tr><td>Fuerza<\/td><td>3kw<\/td><\/tr><tr><td>Voltaje<\/td><td>380V<\/td><\/tr><tr><td>Frecuencia<\/td><td>50HZ<\/td><\/tr><tr><td>Tama\u00f1o de la m\u00e1quina<\/td><td>1200*1050*1400mm<\/td><\/tr><tr><td>Material de la m\u00e1quina<\/td><td>Acero inoxidable 201 (se puede personalizar a acero inoxidable 304)<\/td><\/tr><\/tbody><\/table><figcaption class=\"wp-element-caption\">par\u00e1metros de la m\u00e1quina de molienda de polvo de cacahuete<\/figcaption><\/figure>    <h2 class=\"wp-block-heading\"><strong>Precio de la m\u00e1quina moledora de cacahuete comercial<\/strong><\/h2>    <p>El precio de la m\u00e1quina para hacer polvo de cacahuete est\u00e1 influenciado principalmente por una variedad de factores, como tama\u00f1o de la m\u00e1quina, rendimiento, configuraci\u00f3n de potencia, selecci\u00f3n de materiales y necesidad de caracter\u00edsticas personalizadas.<\/p>    <figure class=\"wp-block-gallery has-nested-images columns-default is-cropped wp-block-gallery-4 is-layout-flex wp-block-gallery-is-layout-flex\"> <figure class=\"wp-block-image size-full\"><img loading=\"lazy\" decoding=\"async\" width=\"540\" height=\"720\" data-id=\"1041\" src=\"https:\/\/taizynut.com\/wp-content\/uploads\/2025\/10\/groundnut-powder-making-machine-1.webp\" alt=\"m\u00e1quina para hacer polvo de cacahuete\" class=\"wp-image-1041\" title=\"\" srcset=\"https:\/\/taizynut.com\/wp-content\/uploads\/2025\/10\/groundnut-powder-making-machine-1.webp 540w, https:\/\/taizynut.com\/wp-content\/uploads\/2025\/10\/groundnut-powder-making-machine-1-225x300.webp 225w, https:\/\/taizynut.com\/wp-content\/uploads\/2025\/10\/groundnut-powder-making-machine-1-9x12.webp 9w\" sizes=\"auto, (max-width: 540px) 100vw, 540px\" \/><figcaption class=\"wp-element-caption\">M\u00e1quina para hacer polvo de cacahuete<\/figcaption><\/figure>    <figure class=\"wp-block-image size-full\"><img loading=\"lazy\" decoding=\"async\" width=\"540\" height=\"720\" data-id=\"1042\" src=\"https:\/\/taizynut.com\/wp-content\/uploads\/2025\/10\/peanut-powder-grinding-equipment_\u7ed3\u679c.webp\" alt=\"equipo de molienda de polvo de cacahuete\" class=\"wp-image-1042\" title=\"\" srcset=\"https:\/\/taizynut.com\/wp-content\/uploads\/2025\/10\/peanut-powder-grinding-equipment_\u7ed3\u679c.webp 540w, https:\/\/taizynut.com\/wp-content\/uploads\/2025\/10\/peanut-powder-grinding-equipment_\u7ed3\u679c-225x300.webp 225w, https:\/\/taizynut.com\/wp-content\/uploads\/2025\/10\/peanut-powder-grinding-equipment_\u7ed3\u679c-9x12.webp 9w\" sizes=\"auto, (max-width: 540px) 100vw, 540px\" \/><figcaption class=\"wp-element-caption\">Equipo de molienda de polvo de cacahuete<\/figcaption><\/figure>    <figure class=\"wp-block-image size-full\"><img loading=\"lazy\" decoding=\"async\" width=\"540\" height=\"720\" data-id=\"1043\" src=\"https:\/\/taizynut.com\/wp-content\/uploads\/2025\/10\/groundnut-powder-milling-machine-1.webp\" alt=\"molinillo de polvo de cacahuete\" class=\"wp-image-1043\" title=\"\" srcset=\"https:\/\/taizynut.com\/wp-content\/uploads\/2025\/10\/groundnut-powder-milling-machine-1.webp 540w, https:\/\/taizynut.com\/wp-content\/uploads\/2025\/10\/groundnut-powder-milling-machine-1-225x300.webp 225w, https:\/\/taizynut.com\/wp-content\/uploads\/2025\/10\/groundnut-powder-milling-machine-1-9x12.webp 9w\" sizes=\"auto, (max-width: 540px) 100vw, 540px\" \/><figcaption class=\"wp-element-caption\">Molienda de polvo de cacahuete<\/figcaption><\/figure> <\/figure>    <p>Diferentes configuraciones afectan directamente el costo y rendimiento general de la m\u00e1quina de moler polvo de frutos secos. Si necesita una m\u00e1quina para hacer polvo de cacahuete, cont\u00e1ctenos hoy. Taizy puede proporcionarle la m\u00e1quina de la mejor calidad al precio m\u00e1s razonable seg\u00fan sus necesidades de producci\u00f3n y presupuesto.<\/p>    <h2 class=\"wp-block-heading\"><strong>\u00bfPor qu\u00e9 elegir Taizy como su proveedor?<\/strong><\/h2>    <ul class=\"wp-block-list\"> <li><strong>Amplia experiencia profesional<\/strong>: Taizy tiene muchos a\u00f1os de experiencia en I D y fabricaci\u00f3n de maquinaria de procesamiento de alimentos, proporcionando a los clientes soluciones de equipos profesionales y comprobadas.<\/li>    <li><strong>Calidad de producto confiable<\/strong>: Cada molinillo de man\u00ed se fabrica utilizando procesos de alto est\u00e1ndar y pasa m\u00faltiples pruebas antes del env\u00edo para garantizar un funcionamiento estable.<\/li>    <li><strong>Personalizaci\u00f3n diversa<\/strong>: Podemos personalizar diversos materiales y configuraciones funcionales para satisfacer las necesidades del cliente, abarcando una variedad de escenarios de aplicaci\u00f3n desde peque\u00f1os talleres hasta grandes f\u00e1bricas.<\/li>    <li><strong>Variedad diversa de m\u00e1quinas<\/strong>: Adem\u00e1s de la m\u00e1quina para hacer polvo de man\u00ed, tambi\u00e9n ofrecemos <a href=\"https:\/\/taizynut.com\/es\/product\/small-peanut-roasting-machine-groundnut-roaster-machine\/\">tostador de man\u00ed<\/a>, <a href=\"https:\/\/taizynut.com\/es\/product\/dry-peanut-peeling-machine\/\">maquina peladora de man\u00ed<\/a>, <a href=\"https:\/\/taizynut.com\/es\/product\/screw-peanut-oil-press-machine\/\">m\u00e1quina de prensa de aceite de man\u00ed<\/a>, y m\u00e1s.<\/li>    <li><strong>Soporte postventa integral<\/strong>: Taizy ofrece servicios t\u00e9cnicos de proceso completo, incluyendo orientaci\u00f3n en la instalaci\u00f3n, capacitaci\u00f3n de operadores y soporte t\u00e9cnico remoto, para ayudar a los clientes a comenzar la producci\u00f3n r\u00e1pidamente y reducir los costos de mantenimiento.<\/li>    <li><strong>Soluciones rentables<\/strong>: Taizy puede proporcionar la combinaci\u00f3n y las recomendaciones de configuraci\u00f3n de equipos m\u00e1s rentables seg\u00fan el presupuesto del cliente, ayudando a maximizar sus retornos de inversi\u00f3n.<\/li> <\/ul>    <figure class=\"wp-block-gallery has-nested-images columns-default is-cropped wp-block-gallery-5 is-layout-flex wp-block-gallery-is-layout-flex\"> <figure class=\"wp-block-image size-full\"><img loading=\"lazy\" decoding=\"async\" width=\"720\" height=\"540\" data-id=\"1044\" src=\"https:\/\/taizynut.com\/wp-content\/uploads\/2025\/10\/our-company-2.webp\" alt=\"nuestra empresa\" class=\"wp-image-1044\" title=\"\" srcset=\"https:\/\/taizynut.com\/wp-content\/uploads\/2025\/10\/our-company-2.webp 720w, https:\/\/taizynut.com\/wp-content\/uploads\/2025\/10\/our-company-2-300x225.webp 300w, https:\/\/taizynut.com\/wp-content\/uploads\/2025\/10\/our-company-2-16x12.webp 16w\" sizes=\"auto, (max-width: 720px) 100vw, 720px\" \/><figcaption class=\"wp-element-caption\">Nuestra Empresa<\/figcaption><\/figure>    <figure class=\"wp-block-image size-full\"><img loading=\"lazy\" decoding=\"async\" width=\"720\" height=\"540\" data-id=\"1045\" src=\"https:\/\/taizynut.com\/wp-content\/uploads\/2025\/10\/our-customer.webp\" alt=\"nuestro cliente\" class=\"wp-image-1045\" title=\"\" srcset=\"https:\/\/taizynut.com\/wp-content\/uploads\/2025\/10\/our-customer.webp 720w, https:\/\/taizynut.com\/wp-content\/uploads\/2025\/10\/our-customer-300x225.webp 300w, https:\/\/taizynut.com\/wp-content\/uploads\/2025\/10\/our-customer-16x12.webp 16w\" sizes=\"auto, (max-width: 720px) 100vw, 720px\" \/><figcaption class=\"wp-element-caption\">Nuestro Cliente<\/figcaption><\/figure> <\/figure>    <h2 class=\"wp-block-heading\"><strong>Conclusi\u00f3n<\/strong><\/h2>    <p>La m\u00e1quina para moler polvo de cacahuete, con su excelente rendimiento de molienda y dise\u00f1o estructural robusto, se ha convertido en un equipo esencial de producci\u00f3n en la industria de procesamiento de frutos secos. No solo ayuda a las empresas a lograr molienda eficiente y fina, sino que tambi\u00e9n garantiza el sabor y la calidad de sus productos.<\/p>    <p>Elegir Taizy significa elegir equipos de alta calidad y soluciones completas, desde la selecci\u00f3n de equipos hasta el servicio posventa. Mantenemos siempre el concepto de profesionalidad e integridad para crear un mayor valor para nuestros clientes.<\/p>","protected":false},"excerpt":{"rendered":"<p>Este art\u00edculo describe la estructura, el principio de funcionamiento, el rango de aplicaci\u00f3n y las ventajas significativas de la m\u00e1quina para hacer polvo de cacahuete. Este equipo utiliza un mecanismo de molienda en tres etapas para moler de forma eficiente materiales aceitosos como cacahuetes, anacardos y almendras, produciendo un polvo fino y uniforme. Su rendimiento es de 200-600 kg\/h. La m\u00e1quina est\u00e1 fabricada en acero inoxidable 201, y se puede personalizar en acero inoxidable 304 bajo petici\u00f3n.<\/p>","protected":false},"author":1,"featured_media":1033,"parent":0,"template":"","tags":[61,45],"product-type":[27],"class_list":["post-995","product","type-product","status-publish","has-post-thumbnail","hentry","tag-nut","tag-peanut","product-type-peanut-kernel-processing"],"_links":{"self":[{"href":"https:\/\/taizynut.com\/es\/wp-json\/wp\/v2\/product\/995","targetHints":{"allow":["GET"]}}],"collection":[{"href":"https:\/\/taizynut.com\/es\/wp-json\/wp\/v2\/product"}],"about":[{"href":"https:\/\/taizynut.com\/es\/wp-json\/wp\/v2\/types\/product"}],"author":[{"embeddable":true,"href":"https:\/\/taizynut.com\/es\/wp-json\/wp\/v2\/users\/1"}],"wp:featuredmedia":[{"embeddable":true,"href":"https:\/\/taizynut.com\/es\/wp-json\/wp\/v2\/media\/1033"}],"wp:attachment":[{"href":"https:\/\/taizynut.com\/es\/wp-json\/wp\/v2\/media?parent=995"}],"wp:term":[{"taxonomy":"post_tag","embeddable":true,"href":"https:\/\/taizynut.com\/es\/wp-json\/wp\/v2\/tags?post=995"},{"taxonomy":"product-type","embeddable":true,"href":"https:\/\/taizynut.com\/es\/wp-json\/wp\/v2\/product-type?post=995"}],"curies":[{"name":"wp","href":"https:\/\/api.w.org\/{rel}","templated":true}]}}