{"id":11,"date":"2022-08-24T07:49:35","date_gmt":"2022-08-24T07:49:35","guid":{"rendered":"https:\/\/taizynut.com\/?page_id=11"},"modified":"2022-08-26T09:06:29","modified_gmt":"2022-08-26T09:06:29","slug":"about-us","status":"publish","type":"page","link":"https:\/\/taizynut.com\/fr\/about-us\/","title":{"rendered":"\u00c0 propos de nous"},"content":{"rendered":"<p>Taizy Company est une entreprise professionnelle de transformation d\u2019arachides. Nous sommes \u00e9tablis depuis 20 ans et poss\u00e9dons une riche exp\u00e9rience dans la transformation des arachides. Les produits que nous avons d\u00e9velopp\u00e9s jusqu'\u00e0 pr\u00e9sent comprennent un semoir d'arachide, une r\u00e9colteuse d'arachide, un cueilleur de fruits d'arachide, une d\u00e9cortiqueuse d'arachide, une machine \u00e0 \u00e9plucher les arachides et d'autres produits. Nous avons coop\u00e9r\u00e9 avec des clients du monde entier, comme l'Australie, les Philippines, Singapour, les \u00c9tats-Unis. \u00c9tats, France, Russie, Pakistan et autres lieux.<\/p>    <figure class=\"wp-block-image size-full\"><img loading=\"lazy\" decoding=\"async\" width=\"750\" height=\"654\" src=\"https:\/\/taizynut.com\/wp-content\/uploads\/2022\/08\/Taizy-company.webp\" alt=\"Entreprise Taizy\" class=\"wp-image-194\" title=\"\" srcset=\"https:\/\/taizynut.com\/wp-content\/uploads\/2022\/08\/Taizy-company.webp 750w, https:\/\/taizynut.com\/wp-content\/uploads\/2022\/08\/Taizy-company-300x262.webp 300w\" sizes=\"auto, (max-width: 750px) 100vw, 750px\" \/><figcaption>Soci\u00e9t\u00e9 Taizy<\/figcaption><\/figure>    <h2 class=\"wp-block-heading\" id=\"h-what-services-can-we-provide\">Quels services pouvons-nous fournir ?<\/h2>    <figure class=\"wp-block-image size-full\"><img loading=\"lazy\" decoding=\"async\" width=\"730\" height=\"604\" src=\"https:\/\/taizynut.com\/wp-content\/uploads\/2022\/08\/machine-certificate.webp\" alt=\"certificat de machine\" class=\"wp-image-195\" title=\"\" srcset=\"https:\/\/taizynut.com\/wp-content\/uploads\/2022\/08\/machine-certificate.webp 730w, https:\/\/taizynut.com\/wp-content\/uploads\/2022\/08\/machine-certificate-300x248.webp 300w\" sizes=\"auto, (max-width: 730px) 100vw, 730px\" \/><figcaption>Certificat de machine<\/figcaption><\/figure>    <p><br>Vous ne savez pas si votre mat\u00e9riel est adapt\u00e9 ?<br>Pas de probl\u00e8me, nous pouvons tester le produit pour vous et vous envoyer une vid\u00e9o.<br>Vous ne savez pas comment utiliser la machine ?<br>Ce n'est pas grave, nous enverrons un manuel en anglais avec une vid\u00e9o d'op\u00e9ration, et il y aura des techniciens sp\u00e9cialis\u00e9s pour guider l'op\u00e9ration<br>Vous vous inqui\u00e9tez du service apr\u00e8s-vente ?<br>Ne vous inqui\u00e9tez pas, apr\u00e8s avoir re\u00e7u la marchandise, nous resterons toujours en contact, s'il y a un probl\u00e8me avec la machine pendant le processus de production, nous vous aiderons \u00e0 le r\u00e9soudre.<\/p>    <h2 class=\"wp-block-heading\">Quels produits avons-nous\u00a0?<\/h2>    <figure class=\"wp-block-image size-full\"><img loading=\"lazy\" decoding=\"async\" width=\"750\" height=\"818\" src=\"https:\/\/taizynut.com\/wp-content\/uploads\/2022\/08\/peanut-products.webp\" alt=\"produits \u00e0 base d&#039;arachide\" class=\"wp-image-196\" title=\"\" srcset=\"https:\/\/taizynut.com\/wp-content\/uploads\/2022\/08\/peanut-products.webp 750w, https:\/\/taizynut.com\/wp-content\/uploads\/2022\/08\/peanut-products-275x300.webp 275w\" sizes=\"auto, (max-width: 750px) 100vw, 750px\" \/><figcaption>Produits \u00e0 base d'arachide<\/figcaption><\/figure>    <p><br>Notre soci\u00e9t\u00e9 produit principalement des machines pour le traitement des arachides. Du semis d'arachides \u00e0 la r\u00e9colte des arachides, il existe des machines correspondantes, ainsi que des d\u00e9cortiqueuses d'arachides, des \u00e9plucheuses d'arachides et des presses \u00e0 huile d'arachide. La philosophie de notre entreprise est qu\u2019elle peut \u00eatre une solution unique. Probl\u00e8mes des clients, nous esp\u00e9rons que les clients pourront r\u00e9soudre tous les probl\u00e8mes de production d'arachides dans notre entreprise.<\/p>    <h2 class=\"wp-block-heading\">Emplacement de la soci\u00e9t\u00e9<\/h2>    <figure class=\"wp-block-image size-full\"><img loading=\"lazy\" decoding=\"async\" width=\"750\" height=\"521\" src=\"https:\/\/taizynut.com\/wp-content\/uploads\/2022\/08\/Applicable-Shipping-Methods.webp\" alt=\"M\u00e9thodes d&#039;exp\u00e9dition applicables\" class=\"wp-image-197\" title=\"\" srcset=\"https:\/\/taizynut.com\/wp-content\/uploads\/2022\/08\/Applicable-Shipping-Methods.webp 750w, https:\/\/taizynut.com\/wp-content\/uploads\/2022\/08\/Applicable-Shipping-Methods-300x208.webp 300w\" sizes=\"auto, (max-width: 750px) 100vw, 750px\" \/><figcaption>M\u00e9thodes d'exp\u00e9dition applicables<\/figcaption><\/figure>    <p><br>Nous sommes une entreprise chinoise. L'emplacement sp\u00e9cifique se trouve dans la zone de d\u00e9veloppement \u00e9conomique, ville de Zhengzhou, province du Henan. Si vous devez venir en Chine pour visiter notre usine, nous serons les bienvenus et chaleureusement accueillis.<\/p>","protected":false},"excerpt":{"rendered":"<p>Taizy Company is a professional peanut processing company. We have been established for 20 years and have rich experience in peanut processing. The products we have developed so far include peanut seeder, peanut harvester, peanut fruit picker, peanut sheller, Peanut peeling machine, and other products, we have cooperated with customers all over the world, such [&hellip;]<\/p>\n","protected":false},"author":1,"featured_media":0,"parent":0,"menu_order":0,"comment_status":"closed","ping_status":"closed","template":"","meta":{"footnotes":""},"class_list":["post-11","page","type-page","status-publish","hentry"],"_links":{"self":[{"href":"https:\/\/taizynut.com\/fr\/wp-json\/wp\/v2\/pages\/11","targetHints":{"allow":["GET"]}}],"collection":[{"href":"https:\/\/taizynut.com\/fr\/wp-json\/wp\/v2\/pages"}],"about":[{"href":"https:\/\/taizynut.com\/fr\/wp-json\/wp\/v2\/types\/page"}],"author":[{"embeddable":true,"href":"https:\/\/taizynut.com\/fr\/wp-json\/wp\/v2\/users\/1"}],"replies":[{"embeddable":true,"href":"https:\/\/taizynut.com\/fr\/wp-json\/wp\/v2\/comments?post=11"}],"version-history":[{"count":0,"href":"https:\/\/taizynut.com\/fr\/wp-json\/wp\/v2\/pages\/11\/revisions"}],"wp:attachment":[{"href":"https:\/\/taizynut.com\/fr\/wp-json\/wp\/v2\/media?parent=11"}],"curies":[{"name":"wp","href":"https:\/\/api.w.org\/{rel}","templated":true}]}}