{"id":1105,"date":"2025-10-24T14:46:39","date_gmt":"2025-10-24T06:46:39","guid":{"rendered":"https:\/\/taizynut.com\/?post_type=product&#038;p=1105"},"modified":"2025-10-24T14:59:35","modified_gmt":"2025-10-24T06:59:35","slug":"pistachio-paste-machine","status":"publish","type":"product","link":"https:\/\/taizynut.com\/fr\/product\/pistachio-paste-machine\/","title":{"rendered":"Machine \u00e0 p\u00e2te de pistache"},"content":{"rendered":"<p class=\"translation-block\">La<strong>machine \u00e0 p\u00e2te de pistache Taizy<\/strong>est une machine \u00e0 fabrication de beurre tr\u00e8s efficace, con\u00e7ue sp\u00e9cifiquement pour le traitement des noix. Son stator et rotor \u00e0 haute vitesse broient compl\u00e8tement la mati\u00e8re, transformant rapidement les noyaux de pistache en p\u00e2te de pistache.<\/p>    <p>Notre machine \u00e0 p\u00e2te de pistache a une capacit\u00e9 de production de 400-500 kg\/h et convient non seulement aux pistaches, mais aussi aux arachides, amandes et autres produits. De plus, son bo\u00eetier en acier inoxydable 304 durable r\u00e9pond aux normes d\u2019hygi\u00e8ne alimentaire.<\/p>    <figure class=\"wp-block-embed is-type-video is-provider-youtube wp-block-embed-youtube wp-embed-aspect-16-9 wp-has-aspect-ratio\"><div class=\"wp-block-embed__wrapper\"> <iframe loading=\"lazy\" title=\"Machine automatique \u00e0 beurre de pistache | Machine \u00e0 p\u00e2te de pistache pour la transformation en beurre de pistache\" width=\"500\" height=\"281\" src=\"https:\/\/www.youtube.com\/embed\/XbCviXYNBGk?feature=oembed\" frameborder=\"0\" allow=\"accelerometer; autoplay; clipboard-write; encrypted-media; gyroscope; picture-in-picture; web-share\" referrerpolicy=\"strict-origin-when-cross-origin\" allowfullscreen><\/iframe> <\/div><figcaption class=\"wp-element-caption\">vid\u00e9o de travail de la machine \u00e0 p\u00e2te de pistache<\/figcaption><\/figure>    <h2 class=\"wp-block-heading\"><strong>Avantages de la machine \u00e0 fabriquer du beurre de pistache<\/strong><\/h2>    <ul class=\"wp-block-list\"> <li>Machine \u00e0 p\u00e2te de pistache Taizy <strong>adopte une structure de stator et rotor de haute pr\u00e9cision<\/strong>, qui peut moudre les pistaches en sauce avec des particules uniformes et un go\u00fbt d\u00e9licat.<\/li>    <li>The machine&#8217;s shell is constructed of <strong>Acier inoxydable 304<\/strong>, offrant une r\u00e9sistance \u00e0 la corrosion et une facilit\u00e9 de nettoyage, enti\u00e8rement conforme aux normes d'hygi\u00e8ne de qualit\u00e9 alimentaire.<\/li>    <li>Les composants principaux, le stator et le rotor, sont fabriqu\u00e9s en<strong> Acier alli\u00e9 9CR18<\/strong>, qui est r\u00e9sistant \u00e0 l'usure et \u00e0 la chaleur, garantissant une longue dur\u00e9e de vie et un fonctionnement stable.<\/li>    <li>Notre \u00e9quipement de fabrication de p\u00e2te de pistache est \u00e9quip\u00e9 d'un moteur haute efficacit\u00e9 de 18,5 kW, qui peut atteindre une puissance de <strong>400-500 kg\/heure<\/strong>, permettant une production continue et un fonctionnement stable.<\/li>    <li>La machine enti\u00e8re adopte une conception int\u00e9gr\u00e9e verticale avec un agencement raisonnable, une empreinte r\u00e9duite, et une installation facile, ce qui la <strong>adapt\u00e9 \u00e0 divers environnements de production<\/strong>.<\/li>    <li>La machine \u00e0 moudre la pistache n'est pas seulement adapt\u00e9e au traitement de la p\u00e2te de pistache, mais peut \u00e9galement \u00eatre utilis\u00e9e pour traiter le beurre de cacahu\u00e8te, le beurre d'amande, le beurre de noisette, etc., ce qui peut atteindre <strong>utilisations multiples d'une seule machine<\/strong> et am\u00e9liorer l'utilisation de l'\u00e9quipement.<\/li> <\/ul>   <div class=\"wp-block-image\"> <figure class=\"aligncenter size-full\"><img loading=\"lazy\" decoding=\"async\" width=\"720\" height=\"540\" src=\"https:\/\/taizynut.com\/wp-content\/uploads\/2025\/10\/pistachio-butter-making-machine.webp\" alt=\"Machine \u00e0 beurre de pistache\" class=\"wp-image-1106\" title=\"\" srcset=\"https:\/\/taizynut.com\/wp-content\/uploads\/2025\/10\/pistachio-butter-making-machine.webp 720w, https:\/\/taizynut.com\/wp-content\/uploads\/2025\/10\/pistachio-butter-making-machine-300x225.webp 300w, https:\/\/taizynut.com\/wp-content\/uploads\/2025\/10\/pistachio-butter-making-machine-16x12.webp 16w\" sizes=\"auto, (max-width: 720px) 100vw, 720px\" \/><figcaption class=\"wp-element-caption\">Machine \u00e0 beurre de pistache<\/figcaption><\/figure> <\/div>   <h2 class=\"wp-block-heading\"><strong>Structure de la machine \u00e0 p\u00e2te de pistache<\/strong><\/h2>    <p>La machine \u00e0 p\u00e2te de pistache Taizy pr\u00e9sente une conception verticale int\u00e9gr\u00e9e, comprenant l\u2019alimentation, le broyage, la d\u00e9charge et le syst\u00e8me de protection du moteur.<\/p>    <ul class=\"wp-block-list\"> <li><strong>Tr\u00e9mie d'alimentation<\/strong>: L'ouverture d'alimentation est conique et fabriqu\u00e9e en acier inoxydable 304 de qualit\u00e9 alimentaire, r\u00e9sistant \u00e0 la corrosion et durable. La conception \u00e0 grand diam\u00e8tre facilite l'alimentation.<\/li>    <li><strong>Chambre de broyage<\/strong>: Il s'agit du c\u0153ur de la machine, compos\u00e9 du stator et du rotor. Fabriqu\u00e9 en acier alli\u00e9 9CR18, le stator et le rotor offrent une duret\u00e9 \u00e9lev\u00e9e et une r\u00e9sistance \u00e0 l'usure, garantissant une performance de broyage stable m\u00eame en friction \u00e0 haute vitesse.<\/li>    <li><strong>Port de d\u00e9charge<\/strong>: Le port de d\u00e9charge est une structure de tuyau droit en acier inoxydable, et la sauce est d\u00e9charg\u00e9e par gravit\u00e9. Les utilisateurs peuvent connecter le r\u00e9servoir de mati\u00e8re ou le tuyau de transport \u00e0 la sortie pour une production continue.<\/li>    <li><strong>Bo\u00eetier moteur<\/strong>: Le moteur est enferm\u00e9 dans un bo\u00eetier cylindrique en acier inoxydable avec un dessus plat et des trous de ventilation pour prot\u00e9ger efficacement le moteur de la poussi\u00e8re et des contaminants liquides.<\/li> <\/ul>    <figure class=\"wp-block-gallery has-nested-images columns-default is-cropped wp-block-gallery-2 is-layout-flex wp-block-gallery-is-layout-flex\"> <figure class=\"wp-block-image size-large\"><img loading=\"lazy\" decoding=\"async\" width=\"720\" height=\"540\" data-id=\"1107\" src=\"https:\/\/taizynut.com\/wp-content\/uploads\/2025\/10\/pistachip-paste-machine.webp\" alt=\"machine \u00e0 p\u00e2te de pistache\" class=\"wp-image-1107\" title=\"\" srcset=\"https:\/\/taizynut.com\/wp-content\/uploads\/2025\/10\/pistachip-paste-machine.webp 720w, https:\/\/taizynut.com\/wp-content\/uploads\/2025\/10\/pistachip-paste-machine-300x225.webp 300w, https:\/\/taizynut.com\/wp-content\/uploads\/2025\/10\/pistachip-paste-machine-16x12.webp 16w\" sizes=\"auto, (max-width: 720px) 100vw, 720px\" \/><figcaption class=\"wp-element-caption\">Machine \u00e0 p\u00e2te de pistache<\/figcaption><\/figure>    <figure class=\"wp-block-image size-large\"><img loading=\"lazy\" decoding=\"async\" width=\"720\" height=\"540\" data-id=\"1108\" src=\"https:\/\/taizynut.com\/wp-content\/uploads\/2025\/10\/stator-and-rotor-of-pistachio-paste-making-machine.webp\" alt=\"Stator et rotor de la machine \u00e0 p\u00e2te de pistache\" class=\"wp-image-1108\" title=\"\" srcset=\"https:\/\/taizynut.com\/wp-content\/uploads\/2025\/10\/stator-and-rotor-of-pistachio-paste-making-machine.webp 720w, https:\/\/taizynut.com\/wp-content\/uploads\/2025\/10\/stator-and-rotor-of-pistachio-paste-making-machine-300x225.webp 300w, https:\/\/taizynut.com\/wp-content\/uploads\/2025\/10\/stator-and-rotor-of-pistachio-paste-making-machine-16x12.webp 16w\" sizes=\"auto, (max-width: 720px) 100vw, 720px\" \/><figcaption class=\"wp-element-caption\">Stator et rotor de la machine \u00e0 p\u00e2te de pistache<\/figcaption><\/figure>    <figure class=\"wp-block-image size-large\"><img loading=\"lazy\" decoding=\"async\" width=\"720\" height=\"540\" data-id=\"1109\" src=\"https:\/\/taizynut.com\/wp-content\/uploads\/2025\/10\/hopper-of-pistachip-grinder.webp\" alt=\"Tr\u00e9mie du broyeur de pistache\" class=\"wp-image-1109\" title=\"\" srcset=\"https:\/\/taizynut.com\/wp-content\/uploads\/2025\/10\/hopper-of-pistachip-grinder.webp 720w, https:\/\/taizynut.com\/wp-content\/uploads\/2025\/10\/hopper-of-pistachip-grinder-300x225.webp 300w, https:\/\/taizynut.com\/wp-content\/uploads\/2025\/10\/hopper-of-pistachip-grinder-16x12.webp 16w\" sizes=\"auto, (max-width: 720px) 100vw, 720px\" \/><figcaption class=\"wp-element-caption\">Tr\u00e9mie du broyeur de pistache<\/figcaption><\/figure> <\/figure>    <h2 class=\"wp-block-heading\"><strong>Application de la machine \u00e0 p\u00e2te de pistache<\/strong><\/h2>    <p>L\u2019application de cette machine \u00e0 p\u00e2te de pistache est tr\u00e8s large. En plus de traiter les pistaches, elle peut \u00e9galement \u00eatre utilis\u00e9e pour traiter le beurre, les noix de cajou, les arachides, les noisettes, les noix, et autres noix, ce qui la rend largement utilis\u00e9e dans diverses industries.<\/p>    <ul class=\"wp-block-list\"> <li><strong>Usines de transformation alimentaire<\/strong>: Cette machine est adapt\u00e9e \u00e0 la production d'une vari\u00e9t\u00e9 d'ingr\u00e9dients alimentaires, y compris les beurres de noix, sauces, garnitures de bonbons, garnitures de biscuits, p\u00e2tes \u00e0 tartiner, et plus encore.<\/li>    <li><strong>Industries de la boulangerie et des desserts<\/strong>: Les beurres de noix produits par cette machine peuvent \u00eatre utilis\u00e9s dans les garnitures de pain, les garnitures de g\u00e2teau, les toppings de glace, et plus encore.<\/li>    <li><strong>Industries des boissons<\/strong>: Les diff\u00e9rentes beurres de noix produites par cette machine peuvent \u00eatre ajout\u00e9es aux milkshakes, smoothies, boissons, barres \u00e9nerg\u00e9tiques et autres produits pour am\u00e9liorer la valeur nutritionnelle et la saveur.<\/li>    <li><strong>Marques de restauration et de cha\u00eenes<\/strong>: Notre machine \u00e0 p\u00e2te de pistache est \u00e9galement adapt\u00e9e aux \u00e9tablissements de restauration de taille moyenne \u00e0 grande, aux cha\u00eenes de desserts, aux marques de caf\u00e9, et autres entreprises cherchant \u00e0 cr\u00e9er des beurres de noix faits maison.<\/li> <\/ul>    <figure class=\"wp-block-gallery has-nested-images columns-default is-cropped wp-block-gallery-3 is-layout-flex wp-block-gallery-is-layout-flex\"> <figure class=\"wp-block-image size-large\"><img loading=\"lazy\" decoding=\"async\" width=\"720\" height=\"540\" data-id=\"1110\" src=\"https:\/\/taizynut.com\/wp-content\/uploads\/2025\/10\/application-of-pistachio-buttre-making-machine.webp\" alt=\"application de la machine \u00e0 faire du beurre de pistache\" class=\"wp-image-1110\" title=\"\" srcset=\"https:\/\/taizynut.com\/wp-content\/uploads\/2025\/10\/application-of-pistachio-buttre-making-machine.webp 720w, https:\/\/taizynut.com\/wp-content\/uploads\/2025\/10\/application-of-pistachio-buttre-making-machine-300x225.webp 300w, https:\/\/taizynut.com\/wp-content\/uploads\/2025\/10\/application-of-pistachio-buttre-making-machine-16x12.webp 16w\" sizes=\"auto, (max-width: 720px) 100vw, 720px\" \/><figcaption class=\"wp-element-caption\">Application de la machine \u00e0 beurre de pistache<\/figcaption><\/figure>    <figure class=\"wp-block-image size-large\"><img loading=\"lazy\" decoding=\"async\" width=\"720\" height=\"540\" data-id=\"1111\" src=\"https:\/\/taizynut.com\/wp-content\/uploads\/2025\/10\/application-ofpistachio-buttre-machine.webp\" alt=\"application de la machine \u00e0 beurre de pistache\" class=\"wp-image-1111\" title=\"\" srcset=\"https:\/\/taizynut.com\/wp-content\/uploads\/2025\/10\/application-ofpistachio-buttre-machine.webp 720w, https:\/\/taizynut.com\/wp-content\/uploads\/2025\/10\/application-ofpistachio-buttre-machine-300x225.webp 300w, https:\/\/taizynut.com\/wp-content\/uploads\/2025\/10\/application-ofpistachio-buttre-machine-16x12.webp 16w\" sizes=\"auto, (max-width: 720px) 100vw, 720px\" \/><figcaption class=\"wp-element-caption\">Application de la machine \u00e0 beurre de pistache<\/figcaption><\/figure>    <figure class=\"wp-block-image size-large\"><img loading=\"lazy\" decoding=\"async\" width=\"720\" height=\"540\" data-id=\"1112\" src=\"https:\/\/taizynut.com\/wp-content\/uploads\/2025\/10\/application-ofpistachio-paste-making-machine.webp\" alt=\"application de la machine \u00e0 faire de la p\u00e2te de pistache\" class=\"wp-image-1112\" title=\"\" srcset=\"https:\/\/taizynut.com\/wp-content\/uploads\/2025\/10\/application-ofpistachio-paste-making-machine.webp 720w, https:\/\/taizynut.com\/wp-content\/uploads\/2025\/10\/application-ofpistachio-paste-making-machine-300x225.webp 300w, https:\/\/taizynut.com\/wp-content\/uploads\/2025\/10\/application-ofpistachio-paste-making-machine-16x12.webp 16w\" sizes=\"auto, (max-width: 720px) 100vw, 720px\" \/><figcaption class=\"wp-element-caption\">Application de la machine \u00e0 p\u00e2te de pistache<\/figcaption><\/figure> <\/figure>    <h2 class=\"wp-block-heading\"><strong>Technique<\/strong> <strong>param\u00e8tres de la machine \u00e0 moudre la pistache <\/strong><\/h2>    <p>La machine \u00e0 p\u00e2te de pistache Taizy a une structure compacte et une performance stable, adapt\u00e9e au broyage fin de diverses noix. Voici les principaux param\u00e8tres techniques de l\u2019\u00e9quipement pour vous aider \u00e0 bien comprendre sa configuration et ses performances.<\/p>    <figure class=\"wp-block-table\"><table class=\"has-fixed-layout\"><tbody><tr><td>Mod\u00e8le<\/td><td>TZ-180<\/td><\/tr><tr><td>Capacit\u00e9<\/td><td>400-500 kg\/heure<\/td><\/tr><tr><td>Pouvoir<\/td><td>18,5 kW<\/td><\/tr><tr><td>Vitesse<\/td><td>2950tr\/min<\/td><\/tr><tr><td>Poids<\/td><td>350 kg<\/td><\/tr><tr><td>Taille<\/td><td>960*500*1150mm<\/td><\/tr><tr><td>Capacit\u00e9 du tr\u00e9mie<\/td><td>30L<\/td><\/tr><\/tbody><\/table><figcaption class=\"wp-element-caption\">Param\u00e8tres techniques de la machine \u00e0 beurre de pistache<\/figcaption><\/figure>    <h2 class=\"wp-block-heading\"><strong>Combien co\u00fbte une machine \u00e0 broyer la pistache ?<\/strong><\/h2>    <p>Le prix de la machine \u00e0 p\u00e2te de pistache d\u00e9pend principalement de facteurs tels que le mod\u00e8le de la machine, la configuration de sortie et le choix des mat\u00e9riaux. En g\u00e9n\u00e9ral, les mod\u00e8les avec corps en acier inoxydable et moteurs haute puissance sont plus co\u00fbteux, mais offrent une performance plus stable et un broyage plus fin.<\/p>    <figure class=\"wp-block-gallery has-nested-images columns-default is-cropped wp-block-gallery-4 is-layout-flex wp-block-gallery-is-layout-flex\"> <figure class=\"wp-block-image size-large\"><img loading=\"lazy\" decoding=\"async\" width=\"720\" height=\"540\" data-id=\"1113\" src=\"https:\/\/taizynut.com\/wp-content\/uploads\/2025\/10\/pistachio-paste-making-machine.webp\" alt=\"machine \u00e0 p\u00e2te de pistache\" class=\"wp-image-1113\" title=\"\" srcset=\"https:\/\/taizynut.com\/wp-content\/uploads\/2025\/10\/pistachio-paste-making-machine.webp 720w, https:\/\/taizynut.com\/wp-content\/uploads\/2025\/10\/pistachio-paste-making-machine-300x225.webp 300w, https:\/\/taizynut.com\/wp-content\/uploads\/2025\/10\/pistachio-paste-making-machine-16x12.webp 16w\" sizes=\"auto, (max-width: 720px) 100vw, 720px\" \/><figcaption class=\"wp-element-caption\">Machine \u00e0 p\u00e2te de pistache<\/figcaption><\/figure>    <figure class=\"wp-block-image size-large\"><img loading=\"lazy\" decoding=\"async\" width=\"720\" height=\"540\" data-id=\"1114\" src=\"https:\/\/taizynut.com\/wp-content\/uploads\/2025\/10\/pistachip-grinder-machine.webp\" alt=\"machine \u00e0 broyer les pistaches\" class=\"wp-image-1114\" title=\"\" srcset=\"https:\/\/taizynut.com\/wp-content\/uploads\/2025\/10\/pistachip-grinder-machine.webp 720w, https:\/\/taizynut.com\/wp-content\/uploads\/2025\/10\/pistachip-grinder-machine-300x225.webp 300w, https:\/\/taizynut.com\/wp-content\/uploads\/2025\/10\/pistachip-grinder-machine-16x12.webp 16w\" sizes=\"auto, (max-width: 720px) 100vw, 720px\" \/><figcaption class=\"wp-element-caption\">Machine \u00e0 broyer la pistache<\/figcaption><\/figure> <\/figure>    <p>Les clients peuvent choisir la configuration appropri\u00e9e en fonction de leur \u00e9chelle de production et de leurs besoins de traitement. Les clients peuvent choisir la configuration adapt\u00e9e \u00e0 leur \u00e9chelle de production et \u00e0 leurs besoins de traitement. <\/p>    <h2 class=\"wp-block-heading\"><strong>Pourquoi choisir Taizy comme fournisseur ?<\/strong><\/h2>    <ul class=\"wp-block-list\"> <li>Taizy a <strong>avec de nombreuses ann\u00e9es d'exp\u00e9rience dans la fabrication de machines de transformation alimentaire<\/strong> et s'est concentr\u00e9 sur la recherche, le d\u00e9veloppement et la fabrication d'\u00e9quipements pour la p\u00e2te de noix, le beurre de cacahu\u00e8te, le s\u00e9same, etc.<\/li>    <li>Nous sommes conscients que diff\u00e9rents clients ont des besoins de production diff\u00e9rents, donc nous <strong>fournir des services personnalis\u00e9s flexibles<\/strong>. Que ce soit la capacit\u00e9 de production, la finesse de broyage, le design ext\u00e9rieur ou la disposition de la ligne de production, Taizy peut la concevoir selon vos besoins.<\/li>    <li>Taizy propose une gamme compl\u00e8te de produits. En plus de la machine \u00e0 p\u00e2te de pistache, nous proposons \u00e9galement une vari\u00e9t\u00e9 d'\u00e9quipements de traitement des noix, y compris <a href=\"https:\/\/taizynut.com\/fr\/product\/peanut-powder-making-machine\/\">Broyeur de poudre de cacahu\u00e8te<\/a>, <a href=\"https:\/\/taizynut.com\/fr\/product\/peanut-butter-grinder-machine\/\">machine \u00e0 beurre de cacahu\u00e8te<\/a>, et <a href=\"https:\/\/taizynut.com\/fr\/product\/small-peanut-roasting-machine-groundnut-roaster-machine\/\">torr\u00e9facteur d'arachide<\/a>.<\/li>    <li>Nous <strong>fournir un support technique complet<\/strong>, y compris la s\u00e9lection de l'\u00e9quipement, l'installation et la mise en service, la formation \u00e0 l'exploitation, et l'assistance apr\u00e8s-vente \u00e0 distance.<\/li> <\/ul>    <h2 class=\"wp-block-heading\"><strong>Contactez-nous d\u00e8s aujourd\u2019hui !<\/strong><\/h2>    <p>Que vous envisagiez de d\u00e9marrer une activit\u00e9 de transformation de beurre de noix ou d\u2019\u00e9tendre votre \u00e9chelle de production, nous pouvons vous fournir la meilleure machine \u00e0 p\u00e2te de pistache et des solutions personnalis\u00e9es selon vos besoins. Si vous avez des besoins, contactez-nous imm\u00e9diatement !<\/p>","protected":false},"excerpt":{"rendered":"<p>La machine \u00e0 p\u00e2te de pistache est un \u00e9quipement de transformation de noix enti\u00e8rement automatique con\u00e7u sp\u00e9cifiquement pour le traitement de la p\u00e2te de noix. Sa vitesse de traitement est de 400-500 kg\/h. En plus de traiter les pistaches, elle peut \u00e9galement \u00eatre utilis\u00e9e pour traiter des noix de cajou, des amandes, des noisettes, etc.<\/p>","protected":false},"author":1,"featured_media":1115,"parent":0,"template":"","tags":[61,66,65],"product-type":[27],"class_list":["post-1105","product","type-product","status-publish","has-post-thumbnail","hentry","tag-nut","tag-pistachio","tag-pistachio-paste","product-type-peanut-kernel-processing"],"_links":{"self":[{"href":"https:\/\/taizynut.com\/fr\/wp-json\/wp\/v2\/product\/1105","targetHints":{"allow":["GET"]}}],"collection":[{"href":"https:\/\/taizynut.com\/fr\/wp-json\/wp\/v2\/product"}],"about":[{"href":"https:\/\/taizynut.com\/fr\/wp-json\/wp\/v2\/types\/product"}],"author":[{"embeddable":true,"href":"https:\/\/taizynut.com\/fr\/wp-json\/wp\/v2\/users\/1"}],"wp:featuredmedia":[{"embeddable":true,"href":"https:\/\/taizynut.com\/fr\/wp-json\/wp\/v2\/media\/1115"}],"wp:attachment":[{"href":"https:\/\/taizynut.com\/fr\/wp-json\/wp\/v2\/media?parent=1105"}],"wp:term":[{"taxonomy":"post_tag","embeddable":true,"href":"https:\/\/taizynut.com\/fr\/wp-json\/wp\/v2\/tags?post=1105"},{"taxonomy":"product-type","embeddable":true,"href":"https:\/\/taizynut.com\/fr\/wp-json\/wp\/v2\/product-type?post=1105"}],"curies":[{"name":"wp","href":"https:\/\/api.w.org\/{rel}","templated":true}]}}