{"id":1131,"date":"2025-11-20T14:52:56","date_gmt":"2025-11-20T06:52:56","guid":{"rendered":"https:\/\/taizynut.com\/?post_type=product&#038;p=1131"},"modified":"2026-01-21T08:54:10","modified_gmt":"2026-01-21T00:54:10","slug":"almond-shelling-machine","status":"publish","type":"product","link":"https:\/\/taizynut.com\/fr\/product\/almond-shelling-machine\/","title":{"rendered":"Machine de d\u00e9corticage des amandes"},"content":{"rendered":"<p class=\"translation-block\">La <strong>machine de d\u00e9corticage d'amandes<\/strong> est une machine \u00e0 haute efficacit\u00e9 pour casser les noix, offrant une op\u00e9ration stable, un faible taux de casse et une utilisation simple. Elle convient au d\u00e9corticage des amandes, des noisettes, des noix de neem et d'autres noix.<\/p>    <p>Elle fonctionne en utilisant la rotation mutuelle et la compression de deux rouleaux pour casser la coque. La machine \u00e0 d\u00e9cortiquer d'amandes Taizy offre une haute efficacit\u00e9, atteignant une capacit\u00e9 de production de 300 kg\/h et un taux de d\u00e9corticage \u226598%. Si vous avez besoin d'une machine \u00e0 d\u00e9cortiquer les noix, notre machine \u00e0 cracker d'amandes est un excellent choix !<\/p>    <figure class=\"wp-block-embed is-type-video is-provider-youtube wp-block-embed-youtube wp-embed-aspect-16-9 wp-has-aspect-ratio\"><div class=\"wp-block-embed__wrapper\"> <iframe loading=\"lazy\" title=\"Machine de d\u00e9corticage d&#039;amandes \u00e0 haute efficacit\u00e9 pour un cassage rapide et propre des noix dans le traitement alimentaire\" width=\"500\" height=\"281\" src=\"https:\/\/www.youtube.com\/embed\/tuunhF-NCMs?feature=oembed\" frameborder=\"0\" allow=\"accelerometer; autoplay; clipboard-write; encrypted-media; gyroscope; picture-in-picture; web-share\" referrerpolicy=\"strict-origin-when-cross-origin\" allowfullscreen><\/iframe> <\/div><figcaption class=\"wp-element-caption\">Vid\u00e9o de fonctionnement de l'\u00e9quipement de d\u00e9corticage d'amandes<\/figcaption><\/figure>    <h2 class=\"wp-block-heading\"><strong>Principales caract\u00e9ristiques de la machine \u00e0 d\u00e9cortiquer les amandes<\/strong><\/h2>    <ul class=\"wp-block-list\"> <li><strong>Large gamme d'applications<\/strong>: Notre machine \u00e0 d\u00e9cortiquer les amandes peut traiter divers noix, y compris les amandes, les noyaux de p\u00eache, et les noix, et peut \u00eatre adapt\u00e9e \u00e0 diff\u00e9rentes tailles en ajustant l'\u00e9cart.<\/li>    <li><strong>Taux de casse faible<\/strong>: La machine \u00e0 d\u00e9cortiquer les amandes utilise une force d'impact raisonnable et une structure de rouleau pour prot\u00e9ger efficacement l'int\u00e9grit\u00e9 des noyaux, entra\u00eenant un taux de casse inf\u00e9rieur \u00e0 celui des \u00e9quipements traditionnels.<\/li>    <li><strong>Op\u00e9ration simple<\/strong>: The machine&#8217;s simple structural design makes it easy to clean and maintain, reducing operating costs.<\/li>    <li><strong>Haute efficacit\u00e9 de traitement<\/strong>: Notre machine \u00e0 d\u00e9cortiquer les amandes a une haute efficacit\u00e9 de traitement, avec un taux de d\u00e9corticage allant jusqu'\u00e0 300 kg\/h.<\/li>    <li><strong>Mat\u00e9riaux sup\u00e9rieurs<\/strong>: Toutes les surfaces en contact avec les aliments sont en acier inoxydable pour assurer la s\u00e9curit\u00e9 alimentaire.<\/li> <\/ul>   <div class=\"wp-block-image\"> <figure class=\"aligncenter size-full\"><img loading=\"lazy\" decoding=\"async\" width=\"720\" height=\"540\" src=\"https:\/\/taizynut.com\/wp-content\/uploads\/2025\/11\/almond-cracking-machine.webp\" alt=\"machine \u00e0 cracker d&#039;amandes\" class=\"wp-image-1132\" title=\"\" srcset=\"https:\/\/taizynut.com\/wp-content\/uploads\/2025\/11\/almond-cracking-machine.webp 720w, https:\/\/taizynut.com\/wp-content\/uploads\/2025\/11\/almond-cracking-machine-300x225.webp 300w, https:\/\/taizynut.com\/wp-content\/uploads\/2025\/11\/almond-cracking-machine-16x12.webp 16w\" sizes=\"auto, (max-width: 720px) 100vw, 720px\" \/><figcaption class=\"wp-element-caption\">machine \u00e0 cracker d'amandes<\/figcaption><\/figure> <\/div>   <h2 class=\"wp-block-heading\"><strong>Structure de la machine \u00e0 casser les amandes<\/strong><\/h2>    <p>La machine \u00e0 d\u00e9cortiquer les amandes a une structure compacte, avec plusieurs composants cl\u00e9s travaillant ensemble pour r\u00e9aliser un d\u00e9corticage efficace et \u00e0 faible dommage. Ses composants cl\u00e9s incluent le syst\u00e8me d'alimentation, le syst\u00e8me de d\u00e9corticage, le syst\u00e8me d'alimentation, et le port de d\u00e9charge.<\/p>    <figure class=\"wp-block-gallery has-nested-images columns-default is-cropped wp-block-gallery-2 is-layout-flex wp-block-gallery-is-layout-flex\"> <figure class=\"wp-block-image size-large\"><img loading=\"lazy\" decoding=\"async\" width=\"540\" height=\"720\" data-id=\"1133\" src=\"https:\/\/taizynut.com\/wp-content\/uploads\/2025\/11\/structure-of-almond-shelling-machine.webp\" alt=\"structure de la machine de d\u00e9corticage d&#039;amandes\" class=\"wp-image-1133\" title=\"\" srcset=\"https:\/\/taizynut.com\/wp-content\/uploads\/2025\/11\/structure-of-almond-shelling-machine.webp 540w, https:\/\/taizynut.com\/wp-content\/uploads\/2025\/11\/structure-of-almond-shelling-machine-225x300.webp 225w, https:\/\/taizynut.com\/wp-content\/uploads\/2025\/11\/structure-of-almond-shelling-machine-9x12.webp 9w\" sizes=\"auto, (max-width: 540px) 100vw, 540px\" \/><figcaption class=\"wp-element-caption\">Structure de la machine de d\u00e9corticage d'amandes<\/figcaption><\/figure>    <figure class=\"wp-block-image size-large\"><img loading=\"lazy\" decoding=\"async\" width=\"540\" height=\"720\" data-id=\"1134\" src=\"https:\/\/taizynut.com\/wp-content\/uploads\/2025\/11\/working-scenario-of-commercial-almond-sheller.webp\" alt=\"Sc\u00e9nario de travail de la machine \u00e0 d\u00e9cortiquer les amandes commerciale\" class=\"wp-image-1134\" title=\"\" srcset=\"https:\/\/taizynut.com\/wp-content\/uploads\/2025\/11\/working-scenario-of-commercial-almond-sheller.webp 540w, https:\/\/taizynut.com\/wp-content\/uploads\/2025\/11\/working-scenario-of-commercial-almond-sheller-225x300.webp 225w, https:\/\/taizynut.com\/wp-content\/uploads\/2025\/11\/working-scenario-of-commercial-almond-sheller-9x12.webp 9w\" sizes=\"auto, (max-width: 540px) 100vw, 540px\" \/><figcaption class=\"wp-element-caption\">Sc\u00e9nario de travail de l'amandeur commercial<\/figcaption><\/figure> <\/figure>    <h2 class=\"wp-block-heading\"><strong>Application de la machine de d\u00e9corticage d'amandes<\/strong><\/h2>    <p>La machine \u00e0 cracker d'amandes est adapt\u00e9e au traitement de diverses noix, y compris les amandes, les noyaux de p\u00eache, les noisettes, les cacahu\u00e8tes, etc. Elle est largement utilis\u00e9e dans les usines de traitement des noix, les fabricants de snacks, l'industrie de la boulangerie, et les soci\u00e9t\u00e9s de commerce de produits agricoles.<\/p>   <div class=\"wp-block-image\"> <figure class=\"aligncenter size-full\"><img loading=\"lazy\" decoding=\"async\" width=\"720\" height=\"540\" src=\"https:\/\/taizynut.com\/wp-content\/uploads\/2025\/11\/application-almond-hulling-machine.webp\" alt=\"machine d&#039;enveloppage d&#039;amandes pour application\" class=\"wp-image-1135\" title=\"\" srcset=\"https:\/\/taizynut.com\/wp-content\/uploads\/2025\/11\/application-almond-hulling-machine.webp 720w, https:\/\/taizynut.com\/wp-content\/uploads\/2025\/11\/application-almond-hulling-machine-300x225.webp 300w, https:\/\/taizynut.com\/wp-content\/uploads\/2025\/11\/application-almond-hulling-machine-16x12.webp 16w\" sizes=\"auto, (max-width: 720px) 100vw, 720px\" \/><figcaption class=\"wp-element-caption\">machine d'enveloppage d'amandes pour application<\/figcaption><\/figure> <\/div>   <p>Que ce soit pour la production de masse ou le traitement individuel, la machine de d\u00e9corticage d'amandes peut am\u00e9liorer l'efficacit\u00e9, r\u00e9duire les co\u00fbts de main-d'\u0153uvre, et fournir une solution de pr\u00e9-traitement pratique pour les \u00e9tapes suivantes telles que le tri, le s\u00e9chage, et la torr\u00e9faction.<\/p>    <h2 class=\"wp-block-heading\"><strong>Sp\u00e9cifications techniques de la machine \u00e0 cracker d'amandes<\/strong><\/h2>    <p>Les sp\u00e9cifications d\u00e9taill\u00e9es de notre machine \u00e0 d\u00e9cortiquer les amandes sont indiqu\u00e9es ci-dessous :<\/p>    <figure class=\"wp-block-table\"><table><tbody><tr><td>Pouvoir<\/td><td>Capacit\u00e9<\/td><td>Taux de d\u00e9corticage<\/td><td>Poids<\/td><td>Taille<\/td><\/tr><tr><td>3 kW<\/td><td>300kg\/h<\/td><td>\u226598%<\/td><td>280 kg<\/td><td>2011*900*1300mm<\/td><\/tr><\/tbody><\/table><figcaption class=\"wp-element-caption\">Donn\u00e9es techniques de la machine \u00e0 d\u00e9cortiquer les amandes<\/figcaption><\/figure>    <h2 class=\"wp-block-heading\"><strong>Comment fonctionne l'\u00e9quipement de d\u00e9corticage d'amandes ?<\/strong><\/h2>    <p>La machine \u00e0 d\u00e9cortiquer les amandes poss\u00e8de deux rouleaux de d\u00e9corticage \u00e0 l'int\u00e9rieur, qui \u00e9crasent et pelent les coques des mati\u00e8res premi\u00e8res par compression. L'\u00e9cart entre les rouleaux est ajust\u00e9 en fonction de la taille des mati\u00e8res premi\u00e8res pour garantir que les noyaux d\u00e9cortiqu\u00e9s restent intacts.<\/p>   <div class=\"wp-block-image\"> <figure class=\"aligncenter size-full\"><img loading=\"lazy\" decoding=\"async\" width=\"720\" height=\"540\" src=\"https:\/\/taizynut.com\/wp-content\/uploads\/2025\/11\/almond-cracker-machine.webp\" alt=\"machine \u00e0 cracker d&#039;amandes\" class=\"wp-image-1136\" title=\"\" srcset=\"https:\/\/taizynut.com\/wp-content\/uploads\/2025\/11\/almond-cracker-machine.webp 720w, https:\/\/taizynut.com\/wp-content\/uploads\/2025\/11\/almond-cracker-machine-300x225.webp 300w, https:\/\/taizynut.com\/wp-content\/uploads\/2025\/11\/almond-cracker-machine-16x12.webp 16w\" sizes=\"auto, (max-width: 720px) 100vw, 720px\" \/><figcaption class=\"wp-element-caption\">machine \u00e0 cracker d'amandes<\/figcaption><\/figure> <\/div>   <h2 class=\"wp-block-heading\"><strong>Prix de la machine de d\u00e9corticage et d'enveloppage d'amandes<\/strong><\/h2>    <p>Le prix est un facteur important lors de l'achat de la machine de d\u00e9corticage d'amandes. Son prix est influenc\u00e9 par divers facteurs, notamment le mod\u00e8le de la machine, la configuration de sortie, la source d'alimentation, la structure du rouleau de d\u00e9corticage, et si un entonnoir d'alimentation personnalis\u00e9 est n\u00e9cessaire.<\/p>    <h2 class=\"wp-block-heading\"><strong>Comment choisir une machine \u00e0 cracker d'amandes ?<\/strong><\/h2>    <p>Machines de d\u00e9corticage d'amandes tr\u00e8s efficaces peuvent aider les clients \u00e0 am\u00e9liorer leur productivit\u00e9 et \u00e0 r\u00e9duire la main-d'\u0153uvre. Lors du choix d'une machine de d\u00e9corticage d'amandes, faites attention aux points suivants :<\/p>    <ul class=\"wp-block-list\"> <li><strong>Faites attention au taux de casse<\/strong>: Plus le taux de casse est faible, plus la valeur du produit est \u00e9lev\u00e9e.<\/li>    <li><strong>Consid\u00e9rer les exigences de capacit\u00e9 de production<\/strong>: Choisissez le mod\u00e8le appropri\u00e9 en fonction du volume de traitement quotidien.<\/li>    <li><strong>Stabilit\u00e9 et mat\u00e9riaux<\/strong>: High-quality steel and good workmanship can extend the machine&#8217;s lifespan.<\/li>    <li><strong>Service apr\u00e8s-vente<\/strong>: Choisir un fournisseur exp\u00e9riment\u00e9 avec un support \u00e9lev\u00e9 est plus fiable.<\/li> <\/ul>    <figure class=\"wp-block-gallery has-nested-images columns-default is-cropped wp-block-gallery-3 is-layout-flex wp-block-gallery-is-layout-flex\"> <figure class=\"wp-block-image size-large\"><img loading=\"lazy\" decoding=\"async\" width=\"540\" height=\"720\" data-id=\"1137\" src=\"https:\/\/taizynut.com\/wp-content\/uploads\/2025\/11\/almond-shell-breaker-machine.webp\" alt=\"machine \u00e0 \u00e9caler les amandes\" class=\"wp-image-1137\" title=\"\" srcset=\"https:\/\/taizynut.com\/wp-content\/uploads\/2025\/11\/almond-shell-breaker-machine.webp 540w, https:\/\/taizynut.com\/wp-content\/uploads\/2025\/11\/almond-shell-breaker-machine-225x300.webp 225w, https:\/\/taizynut.com\/wp-content\/uploads\/2025\/11\/almond-shell-breaker-machine-9x12.webp 9w\" sizes=\"auto, (max-width: 540px) 100vw, 540px\" \/><figcaption class=\"wp-element-caption\">Machine \u00e0 casser la coque d'amandes<\/figcaption><\/figure>    <figure class=\"wp-block-image size-large\"><img loading=\"lazy\" decoding=\"async\" width=\"540\" height=\"720\" data-id=\"1138\" src=\"https:\/\/taizynut.com\/wp-content\/uploads\/2025\/11\/almond-sheller.webp\" alt=\"\u00c9plucheur d&#039;amandes\" class=\"wp-image-1138\" title=\"\" srcset=\"https:\/\/taizynut.com\/wp-content\/uploads\/2025\/11\/almond-sheller.webp 540w, https:\/\/taizynut.com\/wp-content\/uploads\/2025\/11\/almond-sheller-225x300.webp 225w, https:\/\/taizynut.com\/wp-content\/uploads\/2025\/11\/almond-sheller-9x12.webp 9w\" sizes=\"auto, (max-width: 540px) 100vw, 540px\" \/><figcaption class=\"wp-element-caption\">D\u00e9cortiqueuse d'amandes<\/figcaption><\/figure> <\/figure>    <h2 class=\"wp-block-heading\"><strong>Cas d'exportation r\u00e9ussi de machine \u00e0 cracker d'amandes<\/strong><\/h2>    <p>R\u00e9cemment, nous avons export\u00e9 avec succ\u00e8s une machine \u00e0 d\u00e9cortiquer les amandes en Italie. Le client est une entreprise alimentaire sp\u00e9cialis\u00e9e dans le traitement des noix. En raison de l'expansion de ses activit\u00e9s, notre client avait urgemment besoin d'un \u00e9quipement capable de d\u00e9cortiquer de mani\u00e8re stable, de r\u00e9duire la casse des noyaux, et adapt\u00e9 \u00e0 une op\u00e9ration continue.<\/p>    <p>Nous avons recommand\u00e9 notre machine automatique \u00e0 d\u00e9cortiquer les amandes au client et partag\u00e9 une vid\u00e9o montrant son fonctionnement et son effet de d\u00e9corticage. Apr\u00e8s l'arriv\u00e9e de la machine en Italie, le client a confirm\u00e9 d'excellentes performances lors des essais, am\u00e9liorant grandement la productivit\u00e9.<\/p>   <div class=\"wp-block-image\"> <figure class=\"aligncenter size-full\"><img loading=\"lazy\" decoding=\"async\" width=\"720\" height=\"540\" src=\"https:\/\/taizynut.com\/wp-content\/uploads\/2025\/11\/almond-shelling-equipment.webp\" alt=\"\u00c9quipement de d\u00e9corticage d&#039;amandes\" class=\"wp-image-1139\" title=\"\" srcset=\"https:\/\/taizynut.com\/wp-content\/uploads\/2025\/11\/almond-shelling-equipment.webp 720w, https:\/\/taizynut.com\/wp-content\/uploads\/2025\/11\/almond-shelling-equipment-300x225.webp 300w, https:\/\/taizynut.com\/wp-content\/uploads\/2025\/11\/almond-shelling-equipment-16x12.webp 16w\" sizes=\"auto, (max-width: 720px) 100vw, 720px\" \/><figcaption class=\"wp-element-caption\">\u00c9quipement de d\u00e9corticage d'amandes<\/figcaption><\/figure> <\/div>   <h2 class=\"wp-block-heading\"><strong>Contactez-nous imm\u00e9diatement pour des informations d\u00e9taill\u00e9es !<\/strong><\/h2>    <p>La machine \u00e0 d\u00e9cortiquer les amandes est une machine indispensable dans l'industrie moderne de traitement des noix. Elle am\u00e9liore consid\u00e9rablement l'efficacit\u00e9 du d\u00e9corticage, r\u00e9duit les co\u00fbts de main-d'\u0153uvre, et garantit l'int\u00e9grit\u00e9 et la qualit\u00e9 des amandes finies.<\/p>    <p class=\"translation-block\">De plus, nous proposons \u00e9galement une vari\u00e9t\u00e9 d'\u00e9quipements de traitement des noix, tels que le torr\u00e9facteur de cacahu\u00e8tes, <a href=\"https:\/\/taizynut.com\/fr\/product\/peanut-powder-making-machine\/\">moulin \u00e0 poudre de cacahu\u00e8tes<\/a>, et <a href=\"https:\/\/taizynut.com\/fr\/product\/dry-peanut-peeling-machine\/\">\u00e9plucheur de cacahu\u00e8tes<\/a>, pour r\u00e9pondre aux besoins de diff\u00e9rents types de traitement de noix. N'h\u00e9sitez pas \u00e0 nous contacter \u00e0 tout moment pour une consultation gratuite !<\/p>","protected":false},"excerpt":{"rendered":"<p>The almond shelling machine is a high-efficiency, easy-to-operate device with stable performance and low breakage. It can process almonds, peach kernels, walnuts, hazelnuts, peanuts, and other nuts, with an output of up to 300\u202fkg\/h, greatly improving efficiency and reducing labor costs.<\/p>","protected":false},"author":1,"featured_media":1140,"parent":0,"template":"","tags":[68,61],"product-type":[74],"class_list":["post-1131","product","type-product","status-publish","has-post-thumbnail","hentry","tag-almond","tag-nut","product-type-almond-processing"],"_links":{"self":[{"href":"https:\/\/taizynut.com\/fr\/wp-json\/wp\/v2\/product\/1131","targetHints":{"allow":["GET"]}}],"collection":[{"href":"https:\/\/taizynut.com\/fr\/wp-json\/wp\/v2\/product"}],"about":[{"href":"https:\/\/taizynut.com\/fr\/wp-json\/wp\/v2\/types\/product"}],"author":[{"embeddable":true,"href":"https:\/\/taizynut.com\/fr\/wp-json\/wp\/v2\/users\/1"}],"wp:featuredmedia":[{"embeddable":true,"href":"https:\/\/taizynut.com\/fr\/wp-json\/wp\/v2\/media\/1140"}],"wp:attachment":[{"href":"https:\/\/taizynut.com\/fr\/wp-json\/wp\/v2\/media?parent=1131"}],"wp:term":[{"taxonomy":"post_tag","embeddable":true,"href":"https:\/\/taizynut.com\/fr\/wp-json\/wp\/v2\/tags?post=1131"},{"taxonomy":"product-type","embeddable":true,"href":"https:\/\/taizynut.com\/fr\/wp-json\/wp\/v2\/product-type?post=1131"}],"curies":[{"name":"wp","href":"https:\/\/api.w.org\/{rel}","templated":true}]}}