{"id":1149,"date":"2025-12-16T14:55:55","date_gmt":"2025-12-16T06:55:55","guid":{"rendered":"https:\/\/taizynut.com\/?post_type=product&#038;p=1149"},"modified":"2026-01-21T08:57:48","modified_gmt":"2026-01-21T00:57:48","slug":"almond-shelling-production-line","status":"publish","type":"product","link":"https:\/\/taizynut.com\/fr\/product\/almond-shelling-production-line\/","title":{"rendered":"Ligne de production de d\u00e9corticage d'amandes"},"content":{"rendered":"<p class=\"translation-block\">Notre <strong>ligne de d\u00e9corticage d'amandes<\/strong> int\u00e8gre des fonctions de tri, de d\u00e9corticage, de s\u00e9paration coque-noyau et de tri de noyaux. En plus de traiter les amandes, elle peut \u00e9galement \u00eatre utilis\u00e9e pour traiter divers noix, telles que les noix, les noix de p\u00e9can et les noisettes.<\/p>    <p>La ligne de traitement des amandes Taiz offre une op\u00e9ration continue, des \u00e9conomies de main-d\u2019\u0153uvre et une haute efficacit\u00e9, avec une capacit\u00e9 de production de 1 000 kg\/h. Cette ligne est largement utilis\u00e9e dans l\u2019industrie alimentaire et la transformation des noix.<\/p>    <h2 class=\"wp-block-heading\"><strong>Avantages de la ligne de cassage et d\u2019\u00e9pluchage des amandes<\/strong><\/h2>    <figure class=\"wp-block-embed is-type-video is-provider-youtube wp-block-embed-youtube wp-embed-aspect-16-9 wp-has-aspect-ratio\"><div class=\"wp-block-embed__wrapper\"> <iframe loading=\"lazy\" title=\"Ligne de production automatique de d\u00e9corticage d&#039;amandes pour casser et d\u00e9cortiquer efficacement les coques d&#039;amandes\" width=\"500\" height=\"281\" src=\"https:\/\/www.youtube.com\/embed\/Uq-TLbSsxUA?feature=oembed\" frameborder=\"0\" allow=\"accelerometer; autoplay; clipboard-write; encrypted-media; gyroscope; picture-in-picture; web-share\" referrerpolicy=\"strict-origin-when-cross-origin\" allowfullscreen><\/iframe> <\/div><\/figure>    <ul class=\"wp-block-list\"> <li><strong>Haut degr\u00e9 d'automatisation<\/strong>La ligne d\u2019\u00e9pluchage d\u2019amandes int\u00e8gre tri, \u00e9pluchage, s\u00e9paration coque-noyau et tri des noyaux en un seul syst\u00e8me, r\u00e9duisant la main-d\u2019\u0153uvre manuelle, abaissant efficacement les co\u00fbts de main-d\u2019\u0153uvre.<\/li>    <li><strong>Performance d\u2019\u00e9pluchage stable<\/strong>En pr\u00e9-triant les noyaux d\u2019amandes, un \u00e9pluchage pr\u00e9cis peut \u00eatre effectu\u00e9 sur des noyaux de diff\u00e9rentes tailles, garantissant un taux d\u2019\u00e9pluchage \u00e9lev\u00e9 tout en maximisant l\u2019int\u00e9grit\u00e9 des amandes.<\/li>    <li><strong>Rendement \u00e9lev\u00e9 en noyaux<\/strong>Le processus de s\u00e9paration coque-noyau \u00e9limine efficacement les impuret\u00e9s de la coque, ce qui donne des amandes finies plus propres et r\u00e9duit le besoin de tri manuel ult\u00e9rieur.<\/li>    <li><strong>Large gamme d'applications<\/strong>Cette ligne d\u2019\u00e9pluchage d\u2019amandes peut traiter diverses vari\u00e9t\u00e9s et tailles de noyaux d\u2019amandes, ainsi que des noix, des p\u00e9cans, des noisettes et autres noix, r\u00e9pondant \u00e0 divers besoins de production.<\/li>    <li><strong>Op\u00e9ration continue<\/strong>L\u2019ensemble de la ligne fonctionne en collaboration pour assurer une op\u00e9ration continue \u00e0 long terme, garantissant la stabilit\u00e9 de la production et am\u00e9liorant l\u2019efficacit\u00e9.<\/li> <\/ul>    <figure class=\"wp-block-gallery has-nested-images columns-default is-cropped wp-block-gallery-2 is-layout-flex wp-block-gallery-is-layout-flex\"> <figure class=\"wp-block-image size-large\"><img loading=\"lazy\" decoding=\"async\" width=\"720\" height=\"540\" data-id=\"1246\" src=\"https:\/\/taizynut.com\/wp-content\/uploads\/2025\/12\/almond-shelling-production-line.webp\" alt=\"Diagramme 3D de la ligne de d\u00e9corticage des amandes\" class=\"wp-image-1246\" title=\"\" srcset=\"https:\/\/taizynut.com\/wp-content\/uploads\/2025\/12\/almond-shelling-production-line.webp 720w, https:\/\/taizynut.com\/wp-content\/uploads\/2025\/12\/almond-shelling-production-line-300x225.webp 300w, https:\/\/taizynut.com\/wp-content\/uploads\/2025\/12\/almond-shelling-production-line-16x12.webp 16w\" sizes=\"auto, (max-width: 720px) 100vw, 720px\" \/><figcaption class=\"wp-element-caption\">Diagramme 3D de la ligne de d\u00e9corticage des amandes<\/figcaption><\/figure>    <figure class=\"wp-block-image size-full\"><img loading=\"lazy\" decoding=\"async\" width=\"720\" height=\"540\" data-id=\"1248\" src=\"https:\/\/taizynut.com\/wp-content\/uploads\/2025\/12\/almond-shelling-line-1.webp\" alt=\"ligne d\u2019\u00e9pluchage d\u2019amandes\" class=\"wp-image-1248\" title=\"\" srcset=\"https:\/\/taizynut.com\/wp-content\/uploads\/2025\/12\/almond-shelling-line-1.webp 720w, https:\/\/taizynut.com\/wp-content\/uploads\/2025\/12\/almond-shelling-line-1-300x225.webp 300w, https:\/\/taizynut.com\/wp-content\/uploads\/2025\/12\/almond-shelling-line-1-16x12.webp 16w\" sizes=\"auto, (max-width: 720px) 100vw, 720px\" \/><figcaption class=\"wp-element-caption\">Ligne de d\u00e9corticage des amandes<\/figcaption><\/figure> <\/figure>    <h2 class=\"wp-block-heading\"><strong>\u00c9tapes principales de l\u2019\u00e9pluchage des amandes<\/strong><\/h2>    <p class=\"translation-block\">Notre ligne d\u2019\u00e9pluchage d\u2019amandes combine de mani\u00e8re organique plusieurs processus pour assurer une op\u00e9ration continue et stable. Ses principales \u00e9tapes incluent : <strong>Tri des amandes<\/strong> \u2192 <strong>\u00e9pluchage<\/strong> \u2192 <strong>s\u00e9paration coque-noyau<\/strong> \u2192 <strong>tri des noyaux<\/strong>.<\/p>   <div class=\"wp-block-image\"> <figure class=\"aligncenter size-full\"><img loading=\"lazy\" decoding=\"async\" width=\"720\" height=\"540\" src=\"https:\/\/taizynut.com\/wp-content\/uploads\/2025\/12\/almond-shelling-line.webp\" alt=\"ligne d\u2019\u00e9pluchage d\u2019amandes\" class=\"wp-image-1161\" title=\"\" srcset=\"https:\/\/taizynut.com\/wp-content\/uploads\/2025\/12\/almond-shelling-line.webp 720w, https:\/\/taizynut.com\/wp-content\/uploads\/2025\/12\/almond-shelling-line-300x225.webp 300w, https:\/\/taizynut.com\/wp-content\/uploads\/2025\/12\/almond-shelling-line-16x12.webp 16w\" sizes=\"auto, (max-width: 720px) 100vw, 720px\" \/><figcaption class=\"wp-element-caption\">ligne d\u2019\u00e9pluchage d\u2019amandes<\/figcaption><\/figure> <\/div>   <h2 class=\"wp-block-heading\"><strong>\u00c9quipement principal pour la ligne de traitement d\u2019\u00e9pluchage d\u2019amandes<\/strong><\/h2>    <p>La ligne d\u2019\u00e9pluchage d\u2019amandes Taizy se compose principalement des \u00e9quipements suivants :<\/p>    <ol class=\"wp-block-list\"> <li>Ascenseur<\/li>    <li>Machine de tri par tambour<\/li>    <li>Tr\u00e9mie d\u2019alimentation \u00e0 dosage \u00e9lectromagn\u00e9tique<\/li>    <li>Machine de d\u00e9corticage des amandes<\/li>    <li>S\u00e9parateur de coque et de noyau<\/li>    <li>Machine de tri de noyaux<\/li> <\/ol>   <div class=\"wp-block-image\"> <figure class=\"aligncenter size-full\"><img loading=\"lazy\" decoding=\"async\" width=\"720\" height=\"540\" src=\"https:\/\/taizynut.com\/wp-content\/uploads\/2025\/12\/Almond-shelling-production-line-drawing.webp\" alt=\"ligne de production d\u2019\u00e9pluchage d\u2019amandes\" class=\"wp-image-1160\" title=\"\" srcset=\"https:\/\/taizynut.com\/wp-content\/uploads\/2025\/12\/Almond-shelling-production-line-drawing.webp 720w, https:\/\/taizynut.com\/wp-content\/uploads\/2025\/12\/Almond-shelling-production-line-drawing-300x225.webp 300w, https:\/\/taizynut.com\/wp-content\/uploads\/2025\/12\/Almond-shelling-production-line-drawing-16x12.webp 16w\" sizes=\"auto, (max-width: 720px) 100vw, 720px\" \/><figcaption class=\"wp-element-caption\">ligne de production d\u2019\u00e9pluchage d\u2019amandes<\/figcaption><\/figure> <\/div>   <h3 class=\"wp-block-heading\"><strong>Ascenseur<\/strong><\/h3>    <div class=\"wp-block-media-text is-stacked-on-mobile\"><figure class=\"wp-block-media-text__media\"><img loading=\"lazy\" decoding=\"async\" width=\"720\" height=\"540\" src=\"https:\/\/taizynut.com\/wp-content\/uploads\/2025\/12\/elevator.webp\" alt=\"\" class=\"wp-image-1150 size-full\" title=\"\" srcset=\"https:\/\/taizynut.com\/wp-content\/uploads\/2025\/12\/elevator.webp 720w, https:\/\/taizynut.com\/wp-content\/uploads\/2025\/12\/elevator-300x225.webp 300w, https:\/\/taizynut.com\/wp-content\/uploads\/2025\/12\/elevator-16x12.webp 16w\" sizes=\"auto, (max-width: 720px) 100vw, 720px\" \/><\/figure><div class=\"wp-block-media-text__content\"> <p>Cet ascenseur peut soulever les amandes \u00e0 une hauteur sp\u00e9cifi\u00e9e et les transporter vers les \u00e9quipements suivants, r\u00e9duisant ainsi l\u2019alimentation manuelle. Ses sp\u00e9cifications sont les suivantes :<\/p>    <ul class=\"wp-block-list\"> <li>Puissance : 2,2kw &nbsp;&nbsp;&nbsp;&nbsp;<\/li>    <li>tension : 380v,50hz, triphas\u00e9<\/li> <\/ul> <\/div><\/div>    <h3 class=\"wp-block-heading\"><strong>Machine de tri par tambour<\/strong><\/h3>    <div class=\"wp-block-media-text has-media-on-the-right is-stacked-on-mobile\"><div class=\"wp-block-media-text__content\"> <p>La machine de tri par tambour rotatif trie les noyaux de p\u00eache par taille, fournissant des mati\u00e8res premi\u00e8res de taille uniforme pour les machines d\u2019\u00e9pluchage suivantes. Ses donn\u00e9es sont les suivantes :<\/p>    <ul class=\"wp-block-list\"> <li>Taille : 5,5*1,1*2,5m<\/li>    <li>Capacit\u00e9 : 1000kg\/h<\/li>    <li>Poids : 2300kg<\/li>    <li>Puissance : 2,2kw<\/li>    <li>Tension: 380V 50Hz triphas\u00e9<\/li>    <li>Mat\u00e9riau : Tr\u00e9mie \u00e0 tambour en acier inoxydable, autre acier au carbone<\/li> <\/ul> <\/div><figure class=\"wp-block-media-text__media\"><img loading=\"lazy\" decoding=\"async\" width=\"720\" height=\"540\" src=\"https:\/\/taizynut.com\/wp-content\/uploads\/2025\/12\/alomond-grading-machine.webp\" alt=\"\" class=\"wp-image-1151 size-full\" title=\"\" srcset=\"https:\/\/taizynut.com\/wp-content\/uploads\/2025\/12\/alomond-grading-machine.webp 720w, https:\/\/taizynut.com\/wp-content\/uploads\/2025\/12\/alomond-grading-machine-300x225.webp 300w, https:\/\/taizynut.com\/wp-content\/uploads\/2025\/12\/alomond-grading-machine-16x12.webp 16w\" sizes=\"auto, (max-width: 720px) 100vw, 720px\" \/><\/figure><\/div>    <h3 class=\"wp-block-heading\"><strong>Tr\u00e9mie d\u2019alimentation \u00e0 dosage \u00e9lectromagn\u00e9tique<\/strong><\/h3>    <div class=\"wp-block-media-text is-stacked-on-mobile\"><figure class=\"wp-block-media-text__media\"><img loading=\"lazy\" decoding=\"async\" width=\"720\" height=\"540\" src=\"https:\/\/taizynut.com\/wp-content\/uploads\/2025\/12\/electromagnetic-quantitative-feeding-hopper.webp\" alt=\"\" class=\"wp-image-1152 size-full\" title=\"\" srcset=\"https:\/\/taizynut.com\/wp-content\/uploads\/2025\/12\/electromagnetic-quantitative-feeding-hopper.webp 720w, https:\/\/taizynut.com\/wp-content\/uploads\/2025\/12\/electromagnetic-quantitative-feeding-hopper-300x225.webp 300w, https:\/\/taizynut.com\/wp-content\/uploads\/2025\/12\/electromagnetic-quantitative-feeding-hopper-16x12.webp 16w\" sizes=\"auto, (max-width: 720px) 100vw, 720px\" \/><\/figure><div class=\"wp-block-media-text__content\"> <p>L\u2019alimentateur fournit un approvisionnement stable en amandes tri\u00e9es, garantissant que le mat\u00e9riau entre dans l\u2019\u00e9quipement d\u2019\u00e9pluchage \u00e0 une vitesse appropri\u00e9e. Ses sp\u00e9cifications d\u00e9taill\u00e9es sont les suivantes :<\/p>    <ul class=\"wp-block-list\"> <li>Taille : 1*1*1,6m &nbsp;<\/li>    <li>Puissance : 0,05kw<\/li>    <li>Mat\u00e9riau : Acier inoxydable<\/li> <\/ul> <\/div><\/div>    <h3 class=\"wp-block-heading\"><strong>Machine de d\u00e9corticage des amandes<\/strong><\/h3>    <div class=\"wp-block-media-text has-media-on-the-right is-stacked-on-mobile\"><div class=\"wp-block-media-text__content\"> <p class=\"translation-block\">La <a href=\"https:\/\/taizynut.com\/fr\/product\/almond-shelling-machine\/\">machine d\u2019\u00e9pluchage d\u2019amandes<\/a>, en tant que composant principal, sert \u00e0 ouvrir les coques d\u2019amandes. Ses param\u00e8tres techniques sont les suivants :<\/p>    <ul class=\"wp-block-list\"> <li>Taille : 2100*900*1300mm&nbsp;&nbsp;<\/li>    <li>Puissance : 3kw &nbsp;&nbsp;&nbsp;&nbsp;<\/li>    <li>Tension: 380V 50Hz triphas\u00e9<\/li>    <li>Poids : 280kg<\/li> <\/ul> <\/div><figure class=\"wp-block-media-text__media\"><img loading=\"lazy\" decoding=\"async\" width=\"720\" height=\"540\" src=\"https:\/\/taizynut.com\/wp-content\/uploads\/2025\/12\/alomond-shelling-machine.webp\" alt=\"\" class=\"wp-image-1153 size-full\" title=\"\" srcset=\"https:\/\/taizynut.com\/wp-content\/uploads\/2025\/12\/alomond-shelling-machine.webp 720w, https:\/\/taizynut.com\/wp-content\/uploads\/2025\/12\/alomond-shelling-machine-300x225.webp 300w, https:\/\/taizynut.com\/wp-content\/uploads\/2025\/12\/alomond-shelling-machine-16x12.webp 16w\" sizes=\"auto, (max-width: 720px) 100vw, 720px\" \/><\/figure><\/div>    <h3 class=\"wp-block-heading\"><strong>S\u00e9parateur de coque et de noyau<\/strong><\/h3>    <div class=\"wp-block-media-text is-stacked-on-mobile\"><figure class=\"wp-block-media-text__media\"><img loading=\"lazy\" decoding=\"async\" width=\"720\" height=\"540\" src=\"https:\/\/taizynut.com\/wp-content\/uploads\/2025\/12\/shell-and-kernel-seperation-machine.webp\" alt=\"\" class=\"wp-image-1154 size-full\" title=\"\" srcset=\"https:\/\/taizynut.com\/wp-content\/uploads\/2025\/12\/shell-and-kernel-seperation-machine.webp 720w, https:\/\/taizynut.com\/wp-content\/uploads\/2025\/12\/shell-and-kernel-seperation-machine-300x225.webp 300w, https:\/\/taizynut.com\/wp-content\/uploads\/2025\/12\/shell-and-kernel-seperation-machine-16x12.webp 16w\" sizes=\"auto, (max-width: 720px) 100vw, 720px\" \/><\/figure><div class=\"wp-block-media-text__content\"> <p>La machine de s\u00e9paration coque-noyau peut s\u00e9parer la coque des noix des noyaux. Cette machine peut \u00eatre con\u00e7ue et personnalis\u00e9e selon la capacit\u00e9 de production et la taille des mati\u00e8res premi\u00e8res.<\/p>    <ul class=\"wp-block-list\"> <li>Taille : 2,6*1,1*1,6m &nbsp;&nbsp;&nbsp;&nbsp;<\/li>    <li>Puissance : 1,5kw &nbsp;<\/li>    <li>Tension: 380V 50Hz triphas\u00e9<\/li> <\/ul> <\/div><\/div>    <h3 class=\"wp-block-heading\"><strong>Machine de tri de noyaux<\/strong><\/h3>    <div class=\"wp-block-media-text has-media-on-the-right is-stacked-on-mobile\"><div class=\"wp-block-media-text__content\"> <p>La machine de tri des noyaux trie les noyaux d\u2019amandes s\u00e9par\u00e9s en cinq grades selon la taille ou l\u2019int\u00e9grit\u00e9, facilitant l\u2019emballage ou le traitement ult\u00e9rieur de diff\u00e9rents grades de produits.<\/p>    <ul class=\"wp-block-list\"> <li>Taille : 1500x800x1250mm<\/li>    <li>Puissance : 0,75kw<\/li> <\/ul> <\/div><figure class=\"wp-block-media-text__media\"><img loading=\"lazy\" decoding=\"async\" width=\"720\" height=\"540\" src=\"https:\/\/taizynut.com\/wp-content\/uploads\/2025\/12\/kernel-grading-machine.webp\" alt=\"\" class=\"wp-image-1155 size-full\" title=\"\" srcset=\"https:\/\/taizynut.com\/wp-content\/uploads\/2025\/12\/kernel-grading-machine.webp 720w, https:\/\/taizynut.com\/wp-content\/uploads\/2025\/12\/kernel-grading-machine-300x225.webp 300w, https:\/\/taizynut.com\/wp-content\/uploads\/2025\/12\/kernel-grading-machine-16x12.webp 16w\" sizes=\"auto, (max-width: 720px) 100vw, 720px\" \/><\/figure><\/div>    <h2 class=\"wp-block-heading\"><strong>Application de la ligne de production d\u2019\u00e9pluchage d\u2019amandes<\/strong><\/h2>    <p>Notre ligne de traitement des amandes a une large gamme d'applications. En plus de traiter des amandes de diff\u00e9rentes tailles, elle peut \u00e9galement \u00eatre utilis\u00e9e pour traiter diverses noix d\u00e9cortiqu\u00e9es telles que les noisettes, la noix Bada et les noix de macadamia.<\/p>    <figure class=\"wp-block-gallery has-nested-images columns-default is-cropped wp-block-gallery-3 is-layout-flex wp-block-gallery-is-layout-flex\"> <figure class=\"wp-block-image size-large\"><img loading=\"lazy\" decoding=\"async\" width=\"720\" height=\"540\" data-id=\"1194\" src=\"https:\/\/taizynut.com\/wp-content\/uploads\/2025\/12\/almond.webp\" alt=\"amande\" class=\"wp-image-1194\" title=\"\" srcset=\"https:\/\/taizynut.com\/wp-content\/uploads\/2025\/12\/almond.webp 720w, https:\/\/taizynut.com\/wp-content\/uploads\/2025\/12\/almond-300x225.webp 300w, https:\/\/taizynut.com\/wp-content\/uploads\/2025\/12\/almond-16x12.webp 16w\" sizes=\"auto, (max-width: 720px) 100vw, 720px\" \/><figcaption class=\"wp-element-caption\">Amande<\/figcaption><\/figure>    <figure class=\"wp-block-image size-large\"><img loading=\"lazy\" decoding=\"async\" width=\"720\" height=\"540\" data-id=\"1195\" src=\"https:\/\/taizynut.com\/wp-content\/uploads\/2025\/12\/bada-nut.webp\" alt=\"bada nut\" class=\"wp-image-1195\" title=\"\" srcset=\"https:\/\/taizynut.com\/wp-content\/uploads\/2025\/12\/bada-nut.webp 720w, https:\/\/taizynut.com\/wp-content\/uploads\/2025\/12\/bada-nut-300x225.webp 300w, https:\/\/taizynut.com\/wp-content\/uploads\/2025\/12\/bada-nut-16x12.webp 16w\" sizes=\"auto, (max-width: 720px) 100vw, 720px\" \/><figcaption class=\"wp-element-caption\">Noix Bada<\/figcaption><\/figure>    <figure class=\"wp-block-image size-large\"><img loading=\"lazy\" decoding=\"async\" width=\"720\" height=\"540\" data-id=\"1196\" src=\"https:\/\/taizynut.com\/wp-content\/uploads\/2025\/12\/hazelnut.webp\" alt=\"noisette\" class=\"wp-image-1196\" title=\"\" srcset=\"https:\/\/taizynut.com\/wp-content\/uploads\/2025\/12\/hazelnut.webp 720w, https:\/\/taizynut.com\/wp-content\/uploads\/2025\/12\/hazelnut-300x225.webp 300w, https:\/\/taizynut.com\/wp-content\/uploads\/2025\/12\/hazelnut-16x12.webp 16w\" sizes=\"auto, (max-width: 720px) 100vw, 720px\" \/><figcaption class=\"wp-element-caption\">Noisette<\/figcaption><\/figure> <\/figure>    <h2 class=\"wp-block-heading\"><strong>FAQ de la ligne d\u2019\u00e9pluchage et de cassage d\u2019amandes<\/strong><\/h2>   <div id=\"rank-math-faq\" class=\"rank-math-block\"> <div class=\"rank-math-list\"> <div id=\"faq-question-1765852686910\" class=\"rank-math-list-item\"> <h3 class=\"rank-math-question\">Combien d\u2019amandes cette ligne peut-elle traiter par heure ?<\/h3> <div class=\"rank-math-answer\">  <p>1000kg\/h.<\/p>  <\/div> <\/div> <div id=\"faq-question-1765853884166\" class=\"rank-math-list-item\"> <h3 class=\"rank-math-question\">La ligne de production d\u2019\u00e9pluchage d\u2019amandes peut-elle traiter des amandes de diff\u00e9rentes tailles ?<\/h3> <div class=\"rank-math-answer\">  <p>La ligne d\u2019\u00e9pluchage d\u2019amandes Taizy peut traiter des amandes de diff\u00e9rentes tailles.<\/p>  <\/div> <\/div> <div id=\"faq-question-1765854045584\" class=\"rank-math-list-item\"> <h3 class=\"rank-math-question\">La ligne peut-elle \u00eatre personnalis\u00e9e selon mes besoins sp\u00e9cifiques (par exemple, la taille du site) ?<\/h3> <div class=\"rank-math-answer\">  <p>Services personnalis\u00e9s disponibles.<\/p>  <\/div> <\/div> <div id=\"faq-question-1765854209518\" class=\"rank-math-list-item\"> <h3 class=\"rank-math-question\">Taizy fournit-elle des services de formation \u00e0 l\u2019installation et \u00e0 l\u2019exploitation ?<\/h3> <div class=\"rank-math-answer\">  <p>L\u2019installation sur site n\u00e9cessite un h\u00e9bergement et des repas pris en charge par le client ; les vid\u00e9os et l\u2019assistance en ligne sont gratuites.<\/p>  <\/div> <\/div> <div id=\"faq-question-1765855215502\" class=\"rank-math-list-item\"> <h3 class=\"rank-math-question\">Combien de temps faut-il pour produire cette ligne de traitement ?<\/h3> <div class=\"rank-math-answer\">  <p>25-35 jours ouvrables.<\/p>  <\/div> <\/div> <\/div> <\/div>   <h2 class=\"wp-block-heading\"><strong>Cas de r\u00e9ussite de la ligne d\u2019\u00e9pluchage d\u2019amandes Taizy<\/strong><\/h2>    <p>R\u00e9cemment, notre ligne d\u2019\u00e9pluchage d\u2019amandes a \u00e9t\u00e9 export\u00e9e avec succ\u00e8s en Ouzb\u00e9kistan. Le client a signal\u00e9 que la ligne fonctionne de mani\u00e8re stable, que l\u2019effet d\u2019\u00e9pluchage est id\u00e9al, et que le produit fini pr\u00e9sente une haute int\u00e9grit\u00e9. <\/p>    <p>Notre client a \u00e9galement indiqu\u00e9 que la ligne d\u2019\u00e9pluchage d\u2019amandes r\u00e9pond \u00e0 leurs besoins de traitement \u00e0 long terme et offre un support fiable pour l\u2019expansion future de la transformation des amandes.<\/p>    <figure class=\"wp-block-gallery has-nested-images columns-default is-cropped wp-block-gallery-4 is-layout-flex wp-block-gallery-is-layout-flex\"> <figure class=\"wp-block-image size-large\"><img loading=\"lazy\" decoding=\"async\" width=\"540\" height=\"720\" data-id=\"1156\" src=\"https:\/\/taizynut.com\/wp-content\/uploads\/2025\/12\/almond-processing-line-shipment.webp\" alt=\"almond processing line shipment\" class=\"wp-image-1156\" title=\"\" srcset=\"https:\/\/taizynut.com\/wp-content\/uploads\/2025\/12\/almond-processing-line-shipment.webp 540w, https:\/\/taizynut.com\/wp-content\/uploads\/2025\/12\/almond-processing-line-shipment-225x300.webp 225w, https:\/\/taizynut.com\/wp-content\/uploads\/2025\/12\/almond-processing-line-shipment-9x12.webp 9w\" sizes=\"auto, (max-width: 540px) 100vw, 540px\" \/><figcaption class=\"wp-element-caption\">Exp\u00e9dition de la ligne de traitement des amandes<\/figcaption><\/figure>    <figure class=\"wp-block-image size-large\"><img loading=\"lazy\" decoding=\"async\" width=\"540\" height=\"720\" data-id=\"1158\" src=\"https:\/\/taizynut.com\/wp-content\/uploads\/2025\/12\/almond-shelling-production-line-shipment.webp\" alt=\"almond shelling production line shipment\" class=\"wp-image-1158\" title=\"\" srcset=\"https:\/\/taizynut.com\/wp-content\/uploads\/2025\/12\/almond-shelling-production-line-shipment.webp 540w, https:\/\/taizynut.com\/wp-content\/uploads\/2025\/12\/almond-shelling-production-line-shipment-225x300.webp 225w, https:\/\/taizynut.com\/wp-content\/uploads\/2025\/12\/almond-shelling-production-line-shipment-9x12.webp 9w\" sizes=\"auto, (max-width: 540px) 100vw, 540px\" \/><figcaption class=\"wp-element-caption\">Exp\u00e9dition de la ligne d\u2019\u00e9pluchage d\u2019amandes<\/figcaption><\/figure>    <figure class=\"wp-block-image size-large\"><img loading=\"lazy\" decoding=\"async\" width=\"540\" height=\"720\" data-id=\"1157\" src=\"https:\/\/taizynut.com\/wp-content\/uploads\/2025\/12\/almond-shelling-line-shipment.webp\" alt=\"almond shelling line shipment\" class=\"wp-image-1157\" title=\"\" srcset=\"https:\/\/taizynut.com\/wp-content\/uploads\/2025\/12\/almond-shelling-line-shipment.webp 540w, https:\/\/taizynut.com\/wp-content\/uploads\/2025\/12\/almond-shelling-line-shipment-225x300.webp 225w, https:\/\/taizynut.com\/wp-content\/uploads\/2025\/12\/almond-shelling-line-shipment-9x12.webp 9w\" sizes=\"auto, (max-width: 540px) 100vw, 540px\" \/><figcaption class=\"wp-element-caption\">Exp\u00e9dition de la ligne d\u2019\u00e9pluchage d\u2019amandes<\/figcaption><\/figure> <\/figure>    <h2 class=\"wp-block-heading\"><strong>Contactez-nous imm\u00e9diatement !<\/strong><\/h2>    <p>Si vous recherchez une ligne de production fiable pour l\u2019\u00e9pluchage des amandes afin d\u2019am\u00e9liorer l\u2019efficacit\u00e9 du traitement et la qualit\u00e9 du produit, n\u2019h\u00e9sitez pas \u00e0 nous contacter imm\u00e9diatement. Notre \u00e9quipe vous fournira des solutions professionnelles !<\/p>","protected":false},"excerpt":{"rendered":"<p>Taizy almond shelling production linehas a capacity of 1000 kg\/h. It integrates almond grading, shelling, shell-kernel separation, and kernel grading functions. In addition to processing almonds, it can also process similar nuts such as hazelnuts, walnuts, and pecans.<\/p>","protected":false},"author":1,"featured_media":1161,"parent":0,"template":"","tags":[68,61],"product-type":[74,29],"class_list":["post-1149","product","type-product","status-publish","has-post-thumbnail","hentry","tag-almond","tag-nut","product-type-almond-processing","product-type-product-line"],"_links":{"self":[{"href":"https:\/\/taizynut.com\/fr\/wp-json\/wp\/v2\/product\/1149","targetHints":{"allow":["GET"]}}],"collection":[{"href":"https:\/\/taizynut.com\/fr\/wp-json\/wp\/v2\/product"}],"about":[{"href":"https:\/\/taizynut.com\/fr\/wp-json\/wp\/v2\/types\/product"}],"author":[{"embeddable":true,"href":"https:\/\/taizynut.com\/fr\/wp-json\/wp\/v2\/users\/1"}],"wp:featuredmedia":[{"embeddable":true,"href":"https:\/\/taizynut.com\/fr\/wp-json\/wp\/v2\/media\/1161"}],"wp:attachment":[{"href":"https:\/\/taizynut.com\/fr\/wp-json\/wp\/v2\/media?parent=1149"}],"wp:term":[{"taxonomy":"post_tag","embeddable":true,"href":"https:\/\/taizynut.com\/fr\/wp-json\/wp\/v2\/tags?post=1149"},{"taxonomy":"product-type","embeddable":true,"href":"https:\/\/taizynut.com\/fr\/wp-json\/wp\/v2\/product-type?post=1149"}],"curies":[{"name":"wp","href":"https:\/\/api.w.org\/{rel}","templated":true}]}}