{"id":1251,"date":"2026-01-16T14:21:49","date_gmt":"2026-01-16T06:21:49","guid":{"rendered":"https:\/\/taizynut.com\/?post_type=product&#038;p=1251"},"modified":"2026-01-27T16:34:42","modified_gmt":"2026-01-27T08:34:42","slug":"hydraulic-oil-press-machine","status":"publish","type":"product","link":"https:\/\/taizynut.com\/fr\/product\/hydraulic-oil-press-machine\/","title":{"rendered":"Machine de presse \u00e0 huile hydraulique"},"content":{"rendered":"<p class=\"translation-block\">Taizy <strong>machine de pressage d'huile hydraulique<\/strong> est un \u00e9quipement d'extraction d'huile utilis\u00e9 pour presser diverses mati\u00e8res ol\u00e9agineuses. Cette presse peut \u00eatre appliqu\u00e9e de mani\u00e8re flexible aux processus de pressage \u00e0 chaud et \u00e0 froid, et convient aux cultures ol\u00e9agineuses courantes telles que le s\u00e9same, les arachides, et le germes de bl\u00e9, ainsi qu'aux cultures \u00e0 huile de grande valeur comme les noix, amandes, graines de tournesol, et olives.<\/p>    <p>Our oil extraction machine is easy to operate, highly efficient, and has a processing capacity of approximately 12-180 kg\/hour. Its oil yield varies depending on the material. For example, sesame seeds yield 43%-47% oil. If you&#8217;d like more information, feel free to contact us anytime!<\/p>    <figure class=\"wp-block-embed is-type-video is-provider-youtube wp-block-embed-youtube wp-embed-aspect-16-9 wp-has-aspect-ratio\"><div class=\"wp-block-embed__wrapper\"> <iframe loading=\"lazy\" title=\"Machine de pressage d&#039;huile hydraulique tr\u00e8s vendue pour arachides, graines de s\u00e9same, soja, noix, olives.\" width=\"500\" height=\"281\" src=\"https:\/\/www.youtube.com\/embed\/tWoxfeqRpSY?feature=oembed\" frameborder=\"0\" allow=\"accelerometer; autoplay; clipboard-write; encrypted-media; gyroscope; picture-in-picture; web-share\" referrerpolicy=\"strict-origin-when-cross-origin\" allowfullscreen><\/iframe> <\/div><figcaption class=\"wp-element-caption\">Vid\u00e9o de fonctionnement de la machine d'extraction d'huile hydraulique<\/figcaption><\/figure>    <h2 class=\"wp-block-heading\"><strong>Caract\u00e9ristiques de la machine de pressage d'huile hydraulique<\/strong><\/h2>    <ol class=\"wp-block-list\"> <li><strong>Supporte \u00e0 la fois le pressage \u00e0 chaud et \u00e0 froid, large gamme d'applications<\/strong> <ul class=\"wp-block-list\"> <li>Notre machine d'extraction d'huile peut utiliser des processus de pressage \u00e0 chaud ou \u00e0 froid, selon les caract\u00e9ristiques des mati\u00e8res premi\u00e8res. Elles conviennent \u00e0 divers mat\u00e9riaux tels que les graines de s\u00e9same, arachides, noix, pignons, et plus encore.<\/li> <\/ul> <\/li>    <li><strong>Huile \u00e0 haute rendement et bon qualit\u00e9 de tourteau d'huile<\/strong> <ul class=\"wp-block-list\"> <li>Sous des conditions de haute pression stables, l'huile est enti\u00e8rement extraite. Par exemple, le rendement en huile pour les graines de s\u00e9same peut atteindre 43% \u00e0 47%. Le tourteau press\u00e9 est bien form\u00e9 et a une faible teneur en huile r\u00e9siduelle.<\/li> <\/ul> <\/li>    <li><strong>Op\u00e9ration simple et haut degr\u00e9 d'automatisation<\/strong> <ul class=\"wp-block-list\"> <li>La machine de pressage d'huile hydraulique Taizy poss\u00e8de un design \u00e9lectrom\u00e9canique int\u00e9gr\u00e9, simplifiant l'utilisation. En conditions normales, une seule personne peut faire fonctionner la machine et g\u00e9rer plusieurs unit\u00e9s simultan\u00e9ment, r\u00e9duisant la d\u00e9pendance \u00e0 la main-d'\u0153uvre.<\/li> <\/ul> <\/li>    <li><strong>Plusieurs mod\u00e8les disponibles pour r\u00e9pondre \u00e0 diff\u00e9rents besoins de production<\/strong> <ul class=\"wp-block-list\"> <li>Nous proposons plusieurs mod\u00e8les de machines d'expulseur d'huile hydraulique avec des capacit\u00e9s de traitement allant de 12 \u00e0 180 kg\/h, adapt\u00e9es \u00e0 diff\u00e9rentes \u00e9chelles de production.<\/li> <\/ul> <\/li> <\/ol>    <figure class=\"wp-block-gallery has-nested-images columns-default is-cropped wp-block-gallery-2 is-layout-flex wp-block-gallery-is-layout-flex\"> <figure class=\"wp-block-image size-large\"><img loading=\"lazy\" decoding=\"async\" width=\"720\" height=\"540\" data-id=\"1255\" src=\"https:\/\/taizynut.com\/wp-content\/uploads\/2026\/01\/hydraulic-oil-press-machine.webp\" alt=\"La machine \u00e0 huile hydraulique Taizy convient \u00e0 diverses graines ol\u00e9agineuses telles que les arachides, graines de s\u00e9same, graines de tournesol, et olives, avec une capacit\u00e9 de 12-180kg\/h.\" class=\"wp-image-1255\" title=\"\" srcset=\"https:\/\/taizynut.com\/wp-content\/uploads\/2026\/01\/hydraulic-oil-press-machine.webp 720w, https:\/\/taizynut.com\/wp-content\/uploads\/2026\/01\/hydraulic-oil-press-machine-300x225.webp 300w, https:\/\/taizynut.com\/wp-content\/uploads\/2026\/01\/hydraulic-oil-press-machine-16x12.webp 16w\" sizes=\"auto, (max-width: 720px) 100vw, 720px\" \/><figcaption class=\"wp-element-caption\">Machine de pressage d'huile hydraulique<\/figcaption><\/figure>    <figure class=\"wp-block-image size-large\"><img loading=\"lazy\" decoding=\"async\" width=\"720\" height=\"540\" data-id=\"1253\" src=\"https:\/\/taizynut.com\/wp-content\/uploads\/2026\/01\/hydraulic-oil-pressing-machine.webp\" alt=\"Emballage de la machine d&#039;extraction d&#039;huile hydraulique\" class=\"wp-image-1253\" title=\"\" srcset=\"https:\/\/taizynut.com\/wp-content\/uploads\/2026\/01\/hydraulic-oil-pressing-machine.webp 720w, https:\/\/taizynut.com\/wp-content\/uploads\/2026\/01\/hydraulic-oil-pressing-machine-300x225.webp 300w, https:\/\/taizynut.com\/wp-content\/uploads\/2026\/01\/hydraulic-oil-pressing-machine-16x12.webp 16w\" sizes=\"auto, (max-width: 720px) 100vw, 720px\" \/><figcaption class=\"wp-element-caption\">Machine de pressage d'huile hydraulique<\/figcaption><\/figure> <\/figure>    <h2 class=\"wp-block-heading\"><strong>Applications de l'expulseur d'huile hydraulique<\/strong><\/h2>    <p>Notre machine de pressage d'huile hydraulique est tr\u00e8s adaptable et peut \u00eatre utilis\u00e9e pour presser divers mati\u00e8res premi\u00e8res, en employant des m\u00e9thodes de pressage appropri\u00e9es pour diff\u00e9rents mat\u00e9riaux :<\/p>    <ul class=\"wp-block-list\"> <li>Mat\u00e9riaux \u00e0 froid : olives, pignons, noix, graines de tournesol, amandes, graines de cam\u00e9lia, etc.<\/li>    <li>Mat\u00e9riaux \u00e0 froid : olives, pignons, noix, graines de tournesol, amandes, graines de cam\u00e9lia, etc.<\/li>    <li>\u00c9pices et mati\u00e8res m\u00e9dicinales traditionnelles : poivre du Sichuan, graines de moutarde, graines de perilla, etc.<\/li> <\/ul>   <div class=\"wp-block-image\"> <figure class=\"aligncenter size-full\"><img loading=\"lazy\" decoding=\"async\" width=\"720\" height=\"540\" src=\"https:\/\/taizynut.com\/wp-content\/uploads\/2026\/01\/application-of-oil-extraction-machine.webp\" alt=\"application de la machine d&#039;extraction d&#039;huile\" class=\"wp-image-1254\" title=\"\" srcset=\"https:\/\/taizynut.com\/wp-content\/uploads\/2026\/01\/application-of-oil-extraction-machine.webp 720w, https:\/\/taizynut.com\/wp-content\/uploads\/2026\/01\/application-of-oil-extraction-machine-300x225.webp 300w, https:\/\/taizynut.com\/wp-content\/uploads\/2026\/01\/application-of-oil-extraction-machine-16x12.webp 16w\" sizes=\"auto, (max-width: 720px) 100vw, 720px\" \/><figcaption class=\"wp-element-caption\">application de la machine d'extraction d'huile<\/figcaption><\/figure> <\/div>   <h2 class=\"wp-block-heading\"> <strong>Comment fonctionne la machine de pressage d'huile hydraulique ?<\/strong><\/h2>    <p>Notre machine de pressage d'huile hydraulique utilise une m\u00e9thode de pressage purement physique, comprimant uniform\u00e9ment les graines sous haute pression, permettant \u00e0 l'huile de s'infiltrer naturellement et d'\u00eatre collect\u00e9e.<\/p>    <p> En mode de pressage \u00e0 froid, le processus de pressage g\u00e9n\u00e8re pratiquement aucune chaleur suppl\u00e9mentaire, conservant ainsi les nutriments dans les graines ol\u00e9agineuses ; en mode de pressage \u00e0 chaud, un contr\u00f4le pr\u00e9cis de la temp\u00e9rature am\u00e9liore encore l'efficacit\u00e9 de l'extraction d'huile pour certains graines.<\/p>    <figure class=\"wp-block-gallery has-nested-images columns-default is-cropped wp-block-gallery-3 is-layout-flex wp-block-gallery-is-layout-flex\"> <figure class=\"wp-block-image size-large\"><img loading=\"lazy\" decoding=\"async\" width=\"540\" height=\"720\" data-id=\"1256\" src=\"https:\/\/taizynut.com\/wp-content\/uploads\/2026\/01\/hydraulic-oil-extraction-machine.webp\" alt=\"hydraulic oil extraction machine\" class=\"wp-image-1256\" title=\"\" srcset=\"https:\/\/taizynut.com\/wp-content\/uploads\/2026\/01\/hydraulic-oil-extraction-machine.webp 540w, https:\/\/taizynut.com\/wp-content\/uploads\/2026\/01\/hydraulic-oil-extraction-machine-225x300.webp 225w, https:\/\/taizynut.com\/wp-content\/uploads\/2026\/01\/hydraulic-oil-extraction-machine-9x12.webp 9w\" sizes=\"auto, (max-width: 540px) 100vw, 540px\" \/><figcaption class=\"wp-element-caption\">Machine d'extraction d'huile hydraulique<\/figcaption><\/figure>    <figure class=\"wp-block-image size-large\"><img loading=\"lazy\" decoding=\"async\" width=\"540\" height=\"720\" data-id=\"1257\" src=\"https:\/\/taizynut.com\/wp-content\/uploads\/2026\/01\/hydraulic-peanut-oil-pressing-machine.webp\" alt=\"hydraulic peanut oil pressing machine\" class=\"wp-image-1257\" title=\"\" srcset=\"https:\/\/taizynut.com\/wp-content\/uploads\/2026\/01\/hydraulic-peanut-oil-pressing-machine.webp 540w, https:\/\/taizynut.com\/wp-content\/uploads\/2026\/01\/hydraulic-peanut-oil-pressing-machine-225x300.webp 225w, https:\/\/taizynut.com\/wp-content\/uploads\/2026\/01\/hydraulic-peanut-oil-pressing-machine-9x12.webp 9w\" sizes=\"auto, (max-width: 540px) 100vw, 540px\" \/><figcaption class=\"wp-element-caption\">Machine de pressage d'huile d'arachide hydraulique<\/figcaption><\/figure>    <figure class=\"wp-block-image size-large\"><img loading=\"lazy\" decoding=\"async\" width=\"540\" height=\"720\" data-id=\"1258\" src=\"https:\/\/taizynut.com\/wp-content\/uploads\/2026\/01\/hydraulic-groundnut-oil-extractor-machine.webp\" alt=\"hydraulic groundnut oil extractor machine\" class=\"wp-image-1258\" title=\"\" srcset=\"https:\/\/taizynut.com\/wp-content\/uploads\/2026\/01\/hydraulic-groundnut-oil-extractor-machine.webp 540w, https:\/\/taizynut.com\/wp-content\/uploads\/2026\/01\/hydraulic-groundnut-oil-extractor-machine-225x300.webp 225w, https:\/\/taizynut.com\/wp-content\/uploads\/2026\/01\/hydraulic-groundnut-oil-extractor-machine-9x12.webp 9w\" sizes=\"auto, (max-width: 540px) 100vw, 540px\" \/><figcaption class=\"wp-element-caption\">Machine d'extraction d'huile de cacahu\u00e8te hydraulique<\/figcaption><\/figure> <\/figure>    <h2 class=\"wp-block-heading\"><strong>Mod\u00e8les et sp\u00e9cifications de l'extracteur d'huile hydraulique<\/strong><\/h2>    <p>Nous proposons plusieurs mod\u00e8les de machines de pressage d'huile hydraulique avec des capacit\u00e9s de production allant jusqu'\u00e0 180 kg\/h. Les sp\u00e9cifications d\u00e9taill\u00e9es sont les suivantes :<\/p>    <figure class=\"wp-block-table\"><table><tbody><tr><td>Mod\u00e8le<\/td><td>TZ-150<\/td><td>TZ-180<\/td><td>TZ-230<\/td><td>TZ-260<\/td><td>TZ-320<\/td><td>TZ-360<\/td><td>TZ-415<\/td><td>TZ-460<\/td><\/tr><tr><td>Taille d'emballage (mm)<\/td><td>700*800*780<\/td><td>800*900*1050<\/td><td>900*1000*1400<\/td><td>1050*1100*1550<\/td><td>1120*1200*1650<\/td><td>1200*1200*1680<\/td><td>1250*1250*1700<\/td><td>1500*1500*2150<\/td><\/tr><tr><td>Poids (kg)<\/td><td>240 kg<\/td><td>550 kg<\/td><td>950Kg<\/td><td>1200Kg<\/td><td>1700Kg<\/td><td>2000kg<\/td><td>2200kg<\/td><td>3000kg<\/td><\/tr><tr><td>Pression de travail (Mpa)<\/td><td>55-60<\/td><td>55-60<\/td><td>55-60<\/td><td>55-60<\/td><td>55-60<\/td><td>55-60<\/td><td>55-60<\/td><td>55-60<\/td><\/tr><tr><td>Temp\u00e9rature de chauffage (\u2103)<\/td><td>70-90<\/td><td>70-90<\/td><td>70-90<\/td><td>70-90<\/td><td>70-90<\/td><td>70-90<\/td><td>70-90<\/td><td>70-90<\/td><\/tr><tr><td>Rendement en huile de s\u00e9same<\/td><td>43%-47%<\/td><td>43%-47%<\/td><td>43%-47%<\/td><td>43%-47%<\/td><td>43%-47%<\/td><td>43%-47%<\/td><td>43%-47%<\/td><td>43%-47%<\/td><\/tr><tr><td>Capacit\u00e9 du baril (kg)<\/td><td>2<\/td><td>4<\/td><td>8<\/td><td>12<\/td><td>17.5<\/td><td>22.5<\/td><td>30<\/td><td>45<\/td><\/tr><tr><td>Diam\u00e8tre du tourteau (mm)<\/td><td>155<\/td><td>192<\/td><td>242<\/td><td>268<\/td><td>323<\/td><td>370<\/td><td>415<\/td><td>460<\/td><\/tr><tr><td>Capacit\u00e9 (kg\/h)<\/td><td>12<\/td><td>20<\/td><td>40<\/td><td>60<\/td><td>70<\/td><td>90<\/td><td>120<\/td><td>180<\/td><\/tr><tr><td>Puissance du moteur (kw)<\/td><td>0.75<\/td><td>1.5<\/td><td>1.5<\/td><td>1.5<\/td><td>2.2<\/td><td>2.2<\/td><td>2.2<\/td><td>3<\/td><\/tr><\/tbody><\/table><figcaption class=\"wp-element-caption\">param\u00e8tres de la machine de pressage d'huile hydraulique<\/figcaption><\/figure>    <p>Le rendement en huile varie selon le type de mat\u00e9riau. Voici les rendements typiques pour les mat\u00e9riaux courants :<\/p>    <figure class=\"wp-block-table\"><table><tbody><tr><td>Mod\u00e8le<\/td><td>TZ-150<\/td><td>TZ-180<\/td><td>TZ-230<\/td><td>TZ-260<\/td><td>TZ-320<\/td><td>TZ-360<\/td><td>TZ-415<\/td><td>TZ-460<\/td><\/tr><tr><td>Rendement en huile (s\u00e9same)<\/td><td>43%-47%<\/td><td>43%-47%<\/td><td>43%-47%<\/td><td>43%-47%<\/td><td>43%-47%<\/td><td>43%-47%<\/td><td>43%-47%<\/td><td>43%-47%<\/td><\/tr><tr><td>Rendement en huile (noix)<\/td><td>50%-60%<\/td><td>50%-60%<\/td><td>50%-60%<\/td><td>50%-60%<\/td><td>50%-60%<\/td><td>50%-60%<\/td><td>50%-60%<\/td><td>50%-60%<\/td><\/tr><tr><td>Rendement en huile (graines de poivre du Sichuan)<\/td><td>18%-22%<\/td><td>18%-22%<\/td><td>18%-22%<\/td><td>18%-22%<\/td><td>18%-22%<\/td><td>18%-22%<\/td><td>18%-22%<\/td><td>18%-22%<\/td><\/tr><tr><td>Rendement en huile (graines de th\u00e9)<\/td><td>25%-29%<\/td><td>18%-22%<\/td><td>18%-22%<\/td><td>18%-22%<\/td><td>18%-22%<\/td><td>18%-22%<\/td><td>18%-22%<\/td><td>18%-22%<\/td><\/tr><\/tbody><\/table><figcaption class=\"wp-element-caption\">Rendements en huile pour les mat\u00e9riaux courants<\/figcaption><\/figure>    <h2 class=\"wp-block-heading\"><strong>FAQ de la machine de pressage d'huile hydraulique<\/strong><\/h2>   <div id=\"rank-math-faq\" class=\"rank-math-block\"> <div class=\"rank-math-list\"> <div id=\"faq-question-1768532084834\" class=\"rank-math-list-item\"> <h3 class=\"rank-math-question\">Quels types de mat\u00e9riaux sont principalement adapt\u00e9s au traitement ?<\/h3> <div class=\"rank-math-answer\">  <p>Graines de s\u00e9same, arachides, germes de bl\u00e9, noix, graines de tournesol, olives, etc.<\/p>  <\/div> <\/div> <div id=\"faq-question-1768532128504\" class=\"rank-math-list-item\"> <h3 class=\"rank-math-question\">Peut-il \u00eatre press\u00e9 \u00e0 froid ?<\/h3> <div class=\"rank-math-answer\">  <p>Oui. L'expulseur d'huile hydraulique supporte les m\u00e9thodes de pressage \u00e0 froid et \u00e0 chaud.<\/p>  <\/div> <\/div> <div id=\"faq-question-1768532213774\" class=\"rank-math-list-item\"> <h3 class=\"rank-math-question\">Combien de personnes sont n\u00e9cessaires pour faire fonctionner cette machine ?<\/h3> <div class=\"rank-math-answer\">  <p>L'\u00e9quipement est hautement automatis\u00e9 et peut \u00eatre exploit\u00e9 par une seule personne.<\/p>  <\/div> <\/div> <div id=\"faq-question-1768532262867\" class=\"rank-math-list-item\"> <h3 class=\"rank-math-question\">Quel est le rendement en huile de la machine de pressage d'huile hydraulique ?<\/h3> <div class=\"rank-math-answer\">  <p>Le rendement en huile des graines de s\u00e9same est de 43% \u00e0 47%, le rendement sp\u00e9cifique d\u00e9pendant des mati\u00e8res premi\u00e8res.<\/p>  <\/div> <\/div> <div id=\"faq-question-1768532393213\" class=\"rank-math-list-item\"> <h3 class=\"rank-math-question\">Combien de temps faut-il pour passer de la charge des ingr\u00e9dients \u00e0 la production du produit fini ?<\/h3> <div class=\"rank-math-answer\">  <p>Chaque cycle de pressage dure environ 8 \u00e0 12 minutes.<\/p>  <\/div> <\/div> <\/div> <\/div>   <h2 class=\"wp-block-heading\"><strong>Pourquoi choisir Taizy comme fournisseur ?<\/strong><\/h2>    <ul class=\"wp-block-list\"> <li>Notre machine de pressage d'huile hydraulique offre une performance stable, un design mature, et une longue dur\u00e9e de vie, ce qui la rend adapt\u00e9e \u00e0 une utilisation \u00e0 long terme.<\/li>    <li>En plus de la machine extractrice d'huile hydraulique, la soci\u00e9t\u00e9 Taize fournit \u00e9galement le <a href=\"https:\/\/taizynut.com\/fr\/product\/screw-peanut-oil-press-machine\/\">Machine \u00e0 pression d'huile \u00e0 vis<\/a> pour r\u00e9pondre aux diff\u00e9rents besoins en mati\u00e8res premi\u00e8res et capacit\u00e9s de production.<\/li>    <li>La machine \u00e0 expulser l'huile Taizy a \u00e9t\u00e9 export\u00e9e vers de nombreux pays et r\u00e9gions, et nous connaissons les exigences en tension, emballage, et documentation technique pour diff\u00e9rents march\u00e9s.<\/li>    <li>We can provide targeted model recommendations and configuration adjustments based on the customer&#8217;s processing materials and site conditions, and offer operational guidance and after-sales support to help customers successfully start production.<\/li> <\/ul>   <div class=\"wp-block-image\"> <figure class=\"aligncenter size-full\"><img loading=\"lazy\" decoding=\"async\" width=\"720\" height=\"540\" src=\"https:\/\/taizynut.com\/wp-content\/uploads\/2026\/01\/oil-expeller-machine.webp\" alt=\"Machine \u00e0 expulser l&#039;huile\" class=\"wp-image-1263\" title=\"\" srcset=\"https:\/\/taizynut.com\/wp-content\/uploads\/2026\/01\/oil-expeller-machine.webp 720w, https:\/\/taizynut.com\/wp-content\/uploads\/2026\/01\/oil-expeller-machine-300x225.webp 300w, https:\/\/taizynut.com\/wp-content\/uploads\/2026\/01\/oil-expeller-machine-16x12.webp 16w\" sizes=\"auto, (max-width: 720px) 100vw, 720px\" \/><figcaption class=\"wp-element-caption\">Machine \u00e0 expulser l'huile<\/figcaption><\/figure> <\/div>   <h2 class=\"wp-block-heading\"><strong>Cas d'exportation de l'extracteur d'huile hydraulique Taizy<\/strong><\/h2>    <p class=\"translation-block\"><strong>TZ-415 machine \u00e0 huile hydraulique export\u00e9e vers Oman<\/strong><\/p>    <p>Notre machine d'extraction d'huile hydraulique a r\u00e9cemment \u00e9t\u00e9 export\u00e9e avec succ\u00e8s vers Oman. Le client est une petite huilerie engag\u00e9e dans la transformation d'huile de s\u00e9same. La machine de pressage d'huile est actuellement en fonctionnement.<\/p>    <p>Le client a signal\u00e9 qu'en comparaison avec son \u00e9quipement pr\u00e9c\u00e9dent, l'extracteur d'huile hydraulique montre des am\u00e9liorations significatives en rendement en huile, facilit\u00e9 d'utilisation, et qualit\u00e9 de l'huile finie.<\/p>    <figure class=\"wp-block-gallery has-nested-images columns-default is-cropped wp-block-gallery-4 is-layout-flex wp-block-gallery-is-layout-flex\"> <figure class=\"wp-block-image size-large\"><img loading=\"lazy\" decoding=\"async\" width=\"540\" height=\"720\" data-id=\"1260\" src=\"https:\/\/taizynut.com\/wp-content\/uploads\/2026\/01\/hydraulic-oil-extractor.webp\" alt=\"hydraulic oil extractor\" class=\"wp-image-1260\" title=\"\" srcset=\"https:\/\/taizynut.com\/wp-content\/uploads\/2026\/01\/hydraulic-oil-extractor.webp 540w, https:\/\/taizynut.com\/wp-content\/uploads\/2026\/01\/hydraulic-oil-extractor-225x300.webp 225w, https:\/\/taizynut.com\/wp-content\/uploads\/2026\/01\/hydraulic-oil-extractor-9x12.webp 9w\" sizes=\"auto, (max-width: 540px) 100vw, 540px\" \/><figcaption class=\"wp-element-caption\">Extracteur d'huile hydraulique<\/figcaption><\/figure>    <figure class=\"wp-block-image size-large\"><img loading=\"lazy\" decoding=\"async\" width=\"540\" height=\"720\" data-id=\"1259\" src=\"https:\/\/taizynut.com\/wp-content\/uploads\/2026\/01\/hydraulic-oil-extractor-machine.webp\" alt=\"hydraulic oil extractor machine\" class=\"wp-image-1259\" title=\"\" srcset=\"https:\/\/taizynut.com\/wp-content\/uploads\/2026\/01\/hydraulic-oil-extractor-machine.webp 540w, https:\/\/taizynut.com\/wp-content\/uploads\/2026\/01\/hydraulic-oil-extractor-machine-225x300.webp 225w, https:\/\/taizynut.com\/wp-content\/uploads\/2026\/01\/hydraulic-oil-extractor-machine-9x12.webp 9w\" sizes=\"auto, (max-width: 540px) 100vw, 540px\" \/><figcaption class=\"wp-element-caption\">Machine d'extraction d'huile hydraulique<\/figcaption><\/figure>    <figure class=\"wp-block-image size-large\"><img loading=\"lazy\" decoding=\"async\" width=\"540\" height=\"720\" data-id=\"1261\" src=\"https:\/\/taizynut.com\/wp-content\/uploads\/2026\/01\/hydraulic-oil-press-machine-package.webp\" alt=\"hydraulic oil press machine package\" class=\"wp-image-1261\" title=\"\" srcset=\"https:\/\/taizynut.com\/wp-content\/uploads\/2026\/01\/hydraulic-oil-press-machine-package.webp 540w, https:\/\/taizynut.com\/wp-content\/uploads\/2026\/01\/hydraulic-oil-press-machine-package-225x300.webp 225w, https:\/\/taizynut.com\/wp-content\/uploads\/2026\/01\/hydraulic-oil-press-machine-package-9x12.webp 9w\" sizes=\"auto, (max-width: 540px) 100vw, 540px\" \/><figcaption class=\"wp-element-caption\">Emballage de la machine de pressage d'huile hydraulique<\/figcaption><\/figure> <\/figure>    <h2 class=\"wp-block-heading\"><strong>Contactez-nous imm\u00e9diatement !<\/strong><\/h2>    <p>Si vous envisagez de construire ou de moderniser un projet d'extraction d'huile, n'h\u00e9sitez pas \u00e0 nous contacter. Nous recommanderons des mod\u00e8les d'\u00e9quipement adapt\u00e9s, fournirons des sp\u00e9cifications d\u00e9taill\u00e9es, des prix, et des solutions d'exportation pour vous aider \u00e0 r\u00e9aliser un traitement et une production d'huile plus efficaces.<\/p>","protected":false},"excerpt":{"rendered":"<p>This article introduces the hydraulic oil press machine, including its functions, output, and applications. Taizy hydraulic oil presses have an output of 12-180 kg\/h. It is suitable for various oilseeds such as peanuts, sesame seeds, soybeans, sunflower seeds, and olives.<\/p>","protected":false},"author":1,"featured_media":1264,"parent":0,"template":"","tags":[61,45],"product-type":[16],"class_list":["post-1251","product","type-product","status-publish","has-post-thumbnail","hentry","tag-nut","tag-peanut","product-type-peanut-oil-press"],"_links":{"self":[{"href":"https:\/\/taizynut.com\/fr\/wp-json\/wp\/v2\/product\/1251","targetHints":{"allow":["GET"]}}],"collection":[{"href":"https:\/\/taizynut.com\/fr\/wp-json\/wp\/v2\/product"}],"about":[{"href":"https:\/\/taizynut.com\/fr\/wp-json\/wp\/v2\/types\/product"}],"author":[{"embeddable":true,"href":"https:\/\/taizynut.com\/fr\/wp-json\/wp\/v2\/users\/1"}],"wp:featuredmedia":[{"embeddable":true,"href":"https:\/\/taizynut.com\/fr\/wp-json\/wp\/v2\/media\/1264"}],"wp:attachment":[{"href":"https:\/\/taizynut.com\/fr\/wp-json\/wp\/v2\/media?parent=1251"}],"wp:term":[{"taxonomy":"post_tag","embeddable":true,"href":"https:\/\/taizynut.com\/fr\/wp-json\/wp\/v2\/tags?post=1251"},{"taxonomy":"product-type","embeddable":true,"href":"https:\/\/taizynut.com\/fr\/wp-json\/wp\/v2\/product-type?post=1251"}],"curies":[{"name":"wp","href":"https:\/\/api.w.org\/{rel}","templated":true}]}}