{"id":1273,"date":"2026-01-19T14:23:03","date_gmt":"2026-01-19T06:23:03","guid":{"rendered":"https:\/\/taizynut.com\/?post_type=product&#038;p=1273"},"modified":"2026-01-19T16:23:46","modified_gmt":"2026-01-19T08:23:46","slug":"peanut-strip-cutting-machine","status":"publish","type":"product","link":"https:\/\/taizynut.com\/fr\/product\/peanut-strip-cutting-machine\/","title":{"rendered":"Machine de d\u00e9coupe de bandes de cacahu\u00e8tes"},"content":{"rendered":"<p class=\"translation-block\">Taizy <strong>machine \u00e0 couper les bandes d'arachides<\/strong> est un \u00e9quipement de traitement sp\u00e9cialis\u00e9 pour la fabrication de bandes d'arachides. Elle peut couper les arachides, pistaches, amandes, noisettes et autres noix en bandes. Notre machine \u00e0 couper les arachides poss\u00e8de une structure raisonnable et un fonctionnement stable, et sa capacit\u00e9 de coupe peut atteindre 100 kg\/h. Si vous avez besoin de cette machine, n'h\u00e9sitez pas \u00e0 nous contacter !<\/p>    <figure class=\"wp-block-embed is-type-video is-provider-youtube wp-block-embed-youtube wp-embed-aspect-16-9 wp-has-aspect-ratio\"><div class=\"wp-block-embed__wrapper\"> <iframe loading=\"lazy\" title=\"Machine de d\u00e9coupe de barres de cacahu\u00e8tes \u00e0 haute efficacit\u00e9 | Processus de travail de la machine \u00e0 couper les arachides#peanut\" width=\"500\" height=\"281\" src=\"https:\/\/www.youtube.com\/embed\/APCo48IVOkU?feature=oembed\" frameborder=\"0\" allow=\"accelerometer; autoplay; clipboard-write; encrypted-media; gyroscope; picture-in-picture; web-share\" referrerpolicy=\"strict-origin-when-cross-origin\" allowfullscreen><\/iframe> <\/div><figcaption class=\"wp-element-caption\">Vid\u00e9o de travail de la machine de d\u00e9coupe de barres de cacahu\u00e8tes<\/figcaption><\/figure>    <h2 class=\"wp-block-heading\"><strong>Avantages de la machine \u00e0 couper les arachides<\/strong><\/h2>    <p>La machine \u00e0 couper les bandes d'arachides Taizy offre des avantages pratiques importants dans le traitement des bandes de noix, r\u00e9pondant aux exigences des entreprises de transformation alimentaire en mati\u00e8re d'efficacit\u00e9, de stabilit\u00e9 et de coh\u00e9rence du produit :<\/p>    <ul class=\"wp-block-list\"> <li><strong>D\u00e9coupe uniforme et coh\u00e9rence \u00e9lev\u00e9e du produit<\/strong> <ul class=\"wp-block-list\"> <li>Gr\u00e2ce \u00e0 un alimenter ordonn\u00e9 et une structure de coupe stable, les bandes coup\u00e9es sont relativement uniformes en taille, ce qui est b\u00e9n\u00e9fique pour les processus ult\u00e9rieurs de cuisson, d'assaisonnement et d'emballage.<\/li> <\/ul> <\/li>    <li><strong>Taux de casse faible et utilisation \u00e9lev\u00e9e des mati\u00e8res premi\u00e8res<\/strong> <ul class=\"wp-block-list\"> <li>La m\u00e9thode d'alimentation raisonnable et la structure de la lame r\u00e9duisent l'\u00e9crasement et la casse, contribuant \u00e0 am\u00e9liorer le rendement et \u00e0 r\u00e9duire la perte de mati\u00e8res premi\u00e8res.<\/li> <\/ul> <\/li>    <li><strong>Adaptable \u00e0 diverses mati\u00e8res premi\u00e8res de noix<\/strong> <ul class=\"wp-block-list\"> <li>Notre machine \u00e0 couper les arachides n'est pas seulement adapt\u00e9e aux arachides, mais peut \u00e9galement traiter diverses mati\u00e8res premi\u00e8res de noix avec des formes et une duret\u00e9 similaires, offrant des applications flexibles.<\/li> <\/ul> <\/li>    <li><strong>Fonctionnement stable, adapt\u00e9 \u00e0 une production continue<\/strong> <ul class=\"wp-block-list\"> <li>La machine \u00e0 couper les arachides poss\u00e8de une structure mature, et les m\u00e9canismes d'alimentation et de coupe fonctionnent en douceur ensemble, ce qui la rend adapt\u00e9e \u00e0 une op\u00e9ration continue \u00e0 long terme.<\/li> <\/ul> <\/li>    <li><strong>Op\u00e9ration et maintenance relativement simples<\/strong> <ul class=\"wp-block-list\"> <li>La machine \u00e0 couper les arachides Taizy a une structure claire, ce qui facilite le nettoyage et l'entretien quotidiens, r\u00e9duisant ainsi les co\u00fbts d'exploitation et de gestion.<\/li> <\/ul> <\/li> <\/ul>   <div class=\"wp-block-image\"> <figure class=\"aligncenter size-full\"><img loading=\"lazy\" decoding=\"async\" width=\"720\" height=\"540\" src=\"https:\/\/taizynut.com\/wp-content\/uploads\/2026\/01\/peanut-cutter-machine.webp\" alt=\"mati\u00e8res premi\u00e8res de la machine \u00e0 couper les noyaux d&#039;arachide\" class=\"wp-image-1277\" title=\"\" srcset=\"https:\/\/taizynut.com\/wp-content\/uploads\/2026\/01\/peanut-cutter-machine.webp 720w, https:\/\/taizynut.com\/wp-content\/uploads\/2026\/01\/peanut-cutter-machine-300x225.webp 300w, https:\/\/taizynut.com\/wp-content\/uploads\/2026\/01\/peanut-cutter-machine-16x12.webp 16w\" sizes=\"auto, (max-width: 720px) 100vw, 720px\" \/><figcaption class=\"wp-element-caption\">mati\u00e8res premi\u00e8res de la machine \u00e0 couper les noyaux d'arachide<\/figcaption><\/figure> <\/div>   <h2 class=\"wp-block-heading\"><strong>Application de la machine \u00e0 couper les bandes d'arachides<\/strong><\/h2>    <p>La machine \u00e0 couper les arachides est principalement utilis\u00e9e pour couper et pr\u00e9-traiter les mati\u00e8res premi\u00e8res \u00e0 base de noix. Elle convient non seulement au traitement des arachides, mais aussi aux amandes, noix de cajou, noisettes et autres noix. Ses industries d'application incluent :<\/p>    <ul class=\"wp-block-list\"> <li>Industrie de traitement des noix<\/li>    <li>Usines de snacks et de traitement des noix<\/li>    <li>Pr\u00e9-traitement des mati\u00e8res premi\u00e8res pour l'industrie de la boulangerie<\/li>    <li>Traitement des ingr\u00e9dients pour confiserie, chocolat et aliments \u00e9nerg\u00e9tiques<\/li>    <li>Usines d'ingr\u00e9dients alimentaires et cuisines centrales<\/li> <\/ul>    <figure class=\"wp-block-gallery has-nested-images columns-default is-cropped wp-block-gallery-2 is-layout-flex wp-block-gallery-is-layout-flex\"> <figure class=\"wp-block-image size-large\"><img loading=\"lazy\" decoding=\"async\" width=\"474\" height=\"355\" data-id=\"1280\" src=\"https:\/\/taizynut.com\/wp-content\/uploads\/2026\/01\/peanut-kernel.webp\" alt=\"noyau d&#039;arachide\" class=\"wp-image-1280\" title=\"\" srcset=\"https:\/\/taizynut.com\/wp-content\/uploads\/2026\/01\/peanut-kernel.webp 474w, https:\/\/taizynut.com\/wp-content\/uploads\/2026\/01\/peanut-kernel-300x225.webp 300w, https:\/\/taizynut.com\/wp-content\/uploads\/2026\/01\/peanut-kernel-16x12.webp 16w\" sizes=\"auto, (max-width: 474px) 100vw, 474px\" \/><figcaption class=\"wp-element-caption\">Noyau d'arachide<\/figcaption><\/figure>    <figure class=\"wp-block-image size-large\"><img loading=\"lazy\" decoding=\"async\" width=\"720\" height=\"540\" data-id=\"1278\" src=\"https:\/\/taizynut.com\/wp-content\/uploads\/2026\/01\/peanut-strip-cutting-machine.webp\" alt=\"Machine de d\u00e9coupe de barres de cacahu\u00e8tes\" class=\"wp-image-1278\" title=\"\" srcset=\"https:\/\/taizynut.com\/wp-content\/uploads\/2026\/01\/peanut-strip-cutting-machine.webp 720w, https:\/\/taizynut.com\/wp-content\/uploads\/2026\/01\/peanut-strip-cutting-machine-300x225.webp 300w, https:\/\/taizynut.com\/wp-content\/uploads\/2026\/01\/peanut-strip-cutting-machine-16x12.webp 16w\" sizes=\"auto, (max-width: 720px) 100vw, 720px\" \/><figcaption class=\"wp-element-caption\">Machine \u00e0 couper les bandes d'arachides<\/figcaption><\/figure>    <figure class=\"wp-block-image size-large\"><img loading=\"lazy\" decoding=\"async\" width=\"720\" height=\"540\" data-id=\"1279\" src=\"https:\/\/taizynut.com\/wp-content\/uploads\/2026\/01\/peanut-strips.webp\" alt=\"Barres de cacahu\u00e8tes\" class=\"wp-image-1279\" title=\"\" srcset=\"https:\/\/taizynut.com\/wp-content\/uploads\/2026\/01\/peanut-strips.webp 720w, https:\/\/taizynut.com\/wp-content\/uploads\/2026\/01\/peanut-strips-300x225.webp 300w, https:\/\/taizynut.com\/wp-content\/uploads\/2026\/01\/peanut-strips-16x12.webp 16w\" sizes=\"auto, (max-width: 720px) 100vw, 720px\" \/><figcaption class=\"wp-element-caption\">Bandes d'arachides<\/figcaption><\/figure> <\/figure>    <h2 class=\"wp-block-heading\"><strong>Structure principale de la machine \u00e0 couper les arachides<\/strong><\/h2>    <p>Notre machine \u00e0 couper les bandes d'arachides se compose principalement d'un entonnoir, d'un dispositif d'alimentation vibrante, d'une lame de coupe et d'un rouleau de coupe. La machine a une structure compacte et raisonnable, occupe peu d'espace et est facile \u00e0 utiliser.<\/p>    <h2 class=\"wp-block-heading\"><strong>Principe de fonctionnement de la machine \u00e0 couper les arachides<\/strong><\/h2>    <p>La machine \u00e0 couper les bandes d'arachides utilise une m\u00e9thode de coupe et d'alimentation continues. Apr\u00e8s que les moiti\u00e9s d'arachides sont introduites dans le syst\u00e8me, elles sont transport\u00e9es par une bande transporteuse jusqu'\u00e0 la zone de coupe, o\u00f9 les lames coupent les arachides pour produire des bandes d'arachides de taille uniforme.<\/p>    <figure class=\"wp-block-gallery has-nested-images columns-default is-cropped wp-block-gallery-3 is-layout-flex wp-block-gallery-is-layout-flex\"> <figure class=\"wp-block-image size-large\"><img loading=\"lazy\" decoding=\"async\" width=\"540\" height=\"720\" data-id=\"1281\" src=\"https:\/\/taizynut.com\/wp-content\/uploads\/2026\/01\/peanut-cutter.webp\" alt=\"Coupeuse de cacahu\u00e8tes\" class=\"wp-image-1281\" title=\"\" srcset=\"https:\/\/taizynut.com\/wp-content\/uploads\/2026\/01\/peanut-cutter.webp 540w, https:\/\/taizynut.com\/wp-content\/uploads\/2026\/01\/peanut-cutter-225x300.webp 225w, https:\/\/taizynut.com\/wp-content\/uploads\/2026\/01\/peanut-cutter-9x12.webp 9w\" sizes=\"auto, (max-width: 540px) 100vw, 540px\" \/><figcaption class=\"wp-element-caption\">Coupe-arachides<\/figcaption><\/figure>    <figure class=\"wp-block-image size-large\"><img loading=\"lazy\" decoding=\"async\" width=\"540\" height=\"720\" data-id=\"1282\" src=\"https:\/\/taizynut.com\/wp-content\/uploads\/2026\/01\/peanut-cutting-machine.webp\" alt=\"machine de d\u00e9coupe d&#039;arachide\" class=\"wp-image-1282\" title=\"\" srcset=\"https:\/\/taizynut.com\/wp-content\/uploads\/2026\/01\/peanut-cutting-machine.webp 540w, https:\/\/taizynut.com\/wp-content\/uploads\/2026\/01\/peanut-cutting-machine-225x300.webp 225w, https:\/\/taizynut.com\/wp-content\/uploads\/2026\/01\/peanut-cutting-machine-9x12.webp 9w\" sizes=\"auto, (max-width: 540px) 100vw, 540px\" \/><figcaption class=\"wp-element-caption\">Machine \u00e0 couper les arachides<\/figcaption><\/figure> <\/figure>    <h2 class=\"wp-block-heading\"><strong>Param\u00e8tres de la machine \u00e0 couper les bandes d'arachides<\/strong><\/h2>    <p>Apr\u00e8s avoir clarifi\u00e9 la structure et le principe de fonctionnement de l'\u00e9quipement de coupe d'arachides, les principaux param\u00e8tres techniques de la machine \u00e0 couper les arachides sont list\u00e9s ci-dessous :<\/p>    <figure class=\"wp-block-table\"><table class=\"has-fixed-layout\"><tbody><tr><td>Mod\u00e8le<\/td><td>TZ-100<\/td><\/tr><tr><td>Capacit\u00e9<\/td><td>100kg\/h<\/td><\/tr><tr><td>Pouvoir<\/td><td>1kw<\/td><\/tr><tr><td>Poids de la machine<\/td><td>200 kg<\/td><\/tr><tr><td>Taille de la machine<\/td><td>1300*750*1400mm<\/td><\/tr><\/tbody><\/table><figcaption class=\"wp-element-caption\">Sp\u00e9cifications de la machine \u00e0 couper les bandes de cacahu\u00e8tes<\/figcaption><\/figure>    <h2 class=\"wp-block-heading\"><strong>Pr\u00e9cautions d'utilisation et de fonctionnement<\/strong><\/h2>    <p>Pour assurer des r\u00e9sultats de coupe optimaux et un fonctionnement stable \u00e0 long terme de la machine \u00e0 couper les bandes d'arachides, veuillez noter ce qui suit :<\/p>    <ol class=\"wp-block-list\"> <li>Avant de commencer, v\u00e9rifiez que la transmission et les pi\u00e8ces de connexion sont solidement fix\u00e9es.<\/li>    <li>Assurez-vous que les lignes \u00e9lectriques sont s\u00e9curis\u00e9es et exemptes de fuite \u00e9lectrique.<\/li>    <li>S\u00e9quence de d\u00e9marrage : D\u00e9marrez d'abord la lame de coupe, puis le m\u00e9canisme d'alimentation.<\/li>    <li>Les arachides doivent \u00eatre coup\u00e9es en deux avant la coupe.<\/li>    <li>Il est recommand\u00e9 de contr\u00f4ler le taux d'humidit\u00e9 des mati\u00e8res premi\u00e8res autour de 15 % pour r\u00e9duire la casse.<\/li>    <li>Triez les arachides avant la coupe pour \u00e9viter que des objets \u00e9trangers n'entrent dans l'\u00e9quipement.<\/li>    <li>Nettoyez r\u00e9guli\u00e8rement le syst\u00e8me d'alimentation et les composants de la lame de coupe pour assurer une qualit\u00e9 de coupe constante.<\/li> <\/ol>   <div class=\"wp-block-image\"> <figure class=\"aligncenter size-full\"><img loading=\"lazy\" decoding=\"async\" width=\"720\" height=\"540\" src=\"https:\/\/taizynut.com\/wp-content\/uploads\/2026\/01\/peanut-strip-cutter-machine.webp\" alt=\"Machine \u00e0 couper les bandes d&#039;arachides\" class=\"wp-image-1283\" title=\"\" srcset=\"https:\/\/taizynut.com\/wp-content\/uploads\/2026\/01\/peanut-strip-cutter-machine.webp 720w, https:\/\/taizynut.com\/wp-content\/uploads\/2026\/01\/peanut-strip-cutter-machine-300x225.webp 300w, https:\/\/taizynut.com\/wp-content\/uploads\/2026\/01\/peanut-strip-cutter-machine-16x12.webp 16w\" sizes=\"auto, (max-width: 720px) 100vw, 720px\" \/><figcaption class=\"wp-element-caption\">Machine \u00e0 couper les bandes d'arachides<\/figcaption><\/figure> <\/div>   <h2 class=\"wp-block-heading\"><strong>Autre machine \u00e0 couper les arachides<\/strong><\/h2>    <p>En plus de la machine \u00e0 couper les bandes d'arachides, nous proposons \u00e9galement la machine \u00e0 hacher les arachides, la machine \u00e0 trancher les arachides et la machine \u00e0 moudre la poudre d'arachide.<\/p>    <div class=\"wp-block-columns is-layout-flex wp-container-core-columns-is-layout-9d6595d7 wp-block-columns-is-layout-flex\"> <div class=\"wp-block-column is-layout-flow wp-block-column-is-layout-flow\"> <blockquote class=\"wp-block-quote is-layout-flow wp-block-quote-is-layout-flow\"> <p><strong><a href=\"https:\/\/taizynut.com\/fr\/product\/peanut-kernel-cutting-machine\/\">Machine \u00e0 couper les arachides<\/a><\/strong><\/p>    <p>Cette machine est con\u00e7ue pour hacher des noix telles que les arachides, noisettes et amandes en petits morceaux.<\/p>    <figure class=\"wp-block-image size-full\"><img loading=\"lazy\" decoding=\"async\" width=\"720\" height=\"540\" src=\"https:\/\/taizynut.com\/wp-content\/uploads\/2026\/01\/peanut-chopping-machine.webp\" alt=\"machine \u00e0 couper les arachides\" class=\"wp-image-1274\" title=\"\" srcset=\"https:\/\/taizynut.com\/wp-content\/uploads\/2026\/01\/peanut-chopping-machine.webp 720w, https:\/\/taizynut.com\/wp-content\/uploads\/2026\/01\/peanut-chopping-machine-300x225.webp 300w, https:\/\/taizynut.com\/wp-content\/uploads\/2026\/01\/peanut-chopping-machine-16x12.webp 16w\" sizes=\"auto, (max-width: 720px) 100vw, 720px\" \/><figcaption class=\"wp-element-caption\">Machine \u00e0 hacher les arachides<\/figcaption><\/figure> <\/blockquote> <\/div>    <div class=\"wp-block-column is-layout-flow wp-block-column-is-layout-flow\"> <blockquote class=\"wp-block-quote is-layout-flow wp-block-quote-is-layout-flow\"> <p><strong><a href=\"https:\/\/taizynut.com\/fr\/product\/peanut-slicing-machine\/\">Machine \u00e0 trancher les cacahu\u00e8tes<\/a><\/strong><\/p>    <p>La fonction principale de cette machine \u00e0 trancher les arachides est de couper rapidement les arachides en fines tranches.<\/p>    <figure class=\"wp-block-image size-full\"><img loading=\"lazy\" decoding=\"async\" width=\"720\" height=\"540\" src=\"https:\/\/taizynut.com\/wp-content\/uploads\/2026\/01\/peanut-slicing-machine.webp\" alt=\"Machine \u00e0 trancher les arachides\" class=\"wp-image-1275\" title=\"\" srcset=\"https:\/\/taizynut.com\/wp-content\/uploads\/2026\/01\/peanut-slicing-machine.webp 720w, https:\/\/taizynut.com\/wp-content\/uploads\/2026\/01\/peanut-slicing-machine-300x225.webp 300w, https:\/\/taizynut.com\/wp-content\/uploads\/2026\/01\/peanut-slicing-machine-16x12.webp 16w\" sizes=\"auto, (max-width: 720px) 100vw, 720px\" \/><figcaption class=\"wp-element-caption\">Machine \u00e0 trancher les arachides<\/figcaption><\/figure> <\/blockquote> <\/div>    <div class=\"wp-block-column is-layout-flow wp-block-column-is-layout-flow\"> <blockquote class=\"wp-block-quote is-layout-flow wp-block-quote-is-layout-flow\"> <p><strong><a href=\"https:\/\/taizynut.com\/fr\/product\/peanut-powder-making-machine\/\">Moulin \u00e0 poudre d'arachide<\/a><\/strong><\/p>    <p>La machine \u00e0 moudre la poudre d'arachide peut r\u00e9duire en poudre les arachides, les amandes, les noisettes et les noix de cajou.<\/p>    <figure class=\"wp-block-image size-full\"><img loading=\"lazy\" decoding=\"async\" width=\"720\" height=\"540\" src=\"https:\/\/taizynut.com\/wp-content\/uploads\/2025\/10\/\u753b\u677f-2-tuya_\u7ed3\u679c.webp\" alt=\"machine \u00e0 poudre d\u2019arachide\" class=\"wp-image-1033\" title=\"\" srcset=\"https:\/\/taizynut.com\/wp-content\/uploads\/2025\/10\/\u753b\u677f-2-tuya_\u7ed3\u679c.webp 720w, https:\/\/taizynut.com\/wp-content\/uploads\/2025\/10\/\u753b\u677f-2-tuya_\u7ed3\u679c-300x225.webp 300w, https:\/\/taizynut.com\/wp-content\/uploads\/2025\/10\/\u753b\u677f-2-tuya_\u7ed3\u679c-16x12.webp 16w\" sizes=\"auto, (max-width: 720px) 100vw, 720px\" \/><figcaption class=\"wp-element-caption\">Machine \u00e0 poudre de cacahu\u00e8tes<\/figcaption><\/figure> <\/blockquote> <\/div> <\/div>    <h2 class=\"wp-block-heading\"><strong>Contactez-nous pour plus d'informations !<\/strong><\/h2>    <p>Si vous planifiez ou am\u00e9liorez un projet de d\u00e9coupe et de traitement des arachides et souhaitez en savoir plus sur les options de configuration et les solutions adapt\u00e9es pour la machine \u00e0 couper les bandes d'arachide, n'h\u00e9sitez pas \u00e0 nous contacter. Nous vous fournirons des recommandations d'\u00e9quipement plus appropri\u00e9es et des informations techniques pour vous aider \u00e0 traiter les arachides plus efficacement.<\/p>","protected":false},"excerpt":{"rendered":"<p>Taizy strip peanut cutting machine can cut nuts such as peanuts, cashews, and almonds into strips, with a cutting speed of up to 100 kg\/hour. This article introduces the advantages, structure, and parameters of this equipment.<\/p>","protected":false},"author":1,"featured_media":1284,"parent":0,"template":"","tags":[68,61,45],"product-type":[27],"class_list":["post-1273","product","type-product","status-publish","has-post-thumbnail","hentry","tag-almond","tag-nut","tag-peanut","product-type-peanut-kernel-processing"],"_links":{"self":[{"href":"https:\/\/taizynut.com\/fr\/wp-json\/wp\/v2\/product\/1273","targetHints":{"allow":["GET"]}}],"collection":[{"href":"https:\/\/taizynut.com\/fr\/wp-json\/wp\/v2\/product"}],"about":[{"href":"https:\/\/taizynut.com\/fr\/wp-json\/wp\/v2\/types\/product"}],"author":[{"embeddable":true,"href":"https:\/\/taizynut.com\/fr\/wp-json\/wp\/v2\/users\/1"}],"wp:featuredmedia":[{"embeddable":true,"href":"https:\/\/taizynut.com\/fr\/wp-json\/wp\/v2\/media\/1284"}],"wp:attachment":[{"href":"https:\/\/taizynut.com\/fr\/wp-json\/wp\/v2\/media?parent=1273"}],"wp:term":[{"taxonomy":"post_tag","embeddable":true,"href":"https:\/\/taizynut.com\/fr\/wp-json\/wp\/v2\/tags?post=1273"},{"taxonomy":"product-type","embeddable":true,"href":"https:\/\/taizynut.com\/fr\/wp-json\/wp\/v2\/product-type?post=1273"}],"curies":[{"name":"wp","href":"https:\/\/api.w.org\/{rel}","templated":true}]}}