{"id":1288,"date":"2026-01-21T15:42:05","date_gmt":"2026-01-21T07:42:05","guid":{"rendered":"https:\/\/taizynut.com\/?post_type=product&#038;p=1288"},"modified":"2026-01-21T16:50:50","modified_gmt":"2026-01-21T08:50:50","slug":"groundnut-roasting-machine","status":"publish","type":"product","link":"https:\/\/taizynut.com\/fr\/product\/groundnut-roasting-machine\/","title":{"rendered":"Machine \u00e0 torr\u00e9fier les arachides"},"content":{"rendered":"<p class=\"translation-block\">Cette <strong>machine \u00e0 torr\u00e9fier les cacahu\u00e8tes<\/strong> est principalement utilis\u00e9e pour chauffer et torr\u00e9fier des graines de tournesol, des cacahu\u00e8tes, des ch\u00e2taignes et diverses autres noix. La machine \u00e0 torr\u00e9fier les cacahu\u00e8tes peut \u00eatre aliment\u00e9e au gaz ou \u00e0 l'\u00e9lectricit\u00e9, permettant un contr\u00f4le flexible de la temp\u00e9rature et du temps de torr\u00e9faction.<\/p>    <p>Nous proposons une vari\u00e9t\u00e9 de mod\u00e8les de machines \u00e0 torr\u00e9fier les cacahu\u00e8tes avec des capacit\u00e9s de production allant de 15 \u00e0 80 kg\/h, r\u00e9pondant aux besoins de diff\u00e9rentes \u00e9chelles de production. Si vous \u00eates int\u00e9ress\u00e9 par la machine \u00e0 torr\u00e9fier les cacahu\u00e8tes, veuillez nous contacter pour plus d'informations.<\/p>    <figure class=\"wp-block-embed is-type-video is-provider-youtube wp-block-embed-youtube wp-embed-aspect-16-9 wp-has-aspect-ratio\"><div class=\"wp-block-embed__wrapper\"> <iframe loading=\"lazy\" title=\"Machine \u00e0 torr\u00e9fier les arachides en action : torr\u00e9fier rapidement et uniform\u00e9ment de grandes quantit\u00e9s d&#039;arachides\" width=\"500\" height=\"281\" src=\"https:\/\/www.youtube.com\/embed\/brs1vQhxlfY?feature=oembed\" frameborder=\"0\" allow=\"accelerometer; autoplay; clipboard-write; encrypted-media; gyroscope; picture-in-picture; web-share\" referrerpolicy=\"strict-origin-when-cross-origin\" allowfullscreen><\/iframe> <\/div><figcaption class=\"wp-element-caption\">vid\u00e9o de travail du torr\u00e9facteur d'arachides<\/figcaption><\/figure>    <h2 class=\"wp-block-heading\"><strong>Cl\u00e9<\/strong> <strong>caract\u00e9ristiques de la machine \u00e0 torr\u00e9fier les cacahu\u00e8tes<\/strong><\/h2>    <ol class=\"wp-block-list\"> <li><strong>Excellente performance de torr\u00e9faction<\/strong> <ul class=\"wp-block-list\"> <li>Notre machine \u00e0 torr\u00e9fier les cacahu\u00e8tes pr\u00e9sente une structure de tambour horizontal unique, garantissant un chauffage global plus uniforme, ce qui entra\u00eene une couleur coh\u00e9rente et une texture stable du produit fini.<\/li> <\/ul> <\/li>    <li><strong>Haute efficacit\u00e9 de traitement<\/strong> <ul class=\"wp-block-list\"> <li>Le tambour de notre machine \u00e0 torr\u00e9fier les cacahu\u00e8tes est isol\u00e9 avec de l'amiante de haute qualit\u00e9 dans la couche ext\u00e9rieure, offrant une performance d'isolation stable et des pertes de chaleur minimales, ce qui la rend adapt\u00e9e \u00e0 un fonctionnement continu \u00e0 long terme.<\/li> <\/ul> <\/li>    <li><strong>\u00c9conomie de main-d'\u0153uvre<\/strong> <ul class=\"wp-block-list\"> <li>Apr\u00e8s la torr\u00e9faction, il suffit d'appuyer sur l'interrupteur, et le tambour tournera \u00e0 l'envers, d\u00e9chargeant et s\u00e9parant automatiquement les cacahu\u00e8tes \u00e0 travers un tamis, \u00e9liminant ainsi le besoin de s\u00e9paration manuelle et r\u00e9duisant l'intensit\u00e9 de travail.<\/li> <\/ul> <\/li>    <li><strong>Options de chauffage multiples disponibles<\/strong> <ul class=\"wp-block-list\"> <li>La machine \u00e0 torr\u00e9fier les cacahu\u00e8tes Taizy prend en charge les m\u00e9thodes de chauffage au gaz, au gaz de p\u00e9trole liqu\u00e9fi\u00e9 et \u00e0 l'\u00e9lectricit\u00e9, permettant un chauffage rapide et r\u00e9pondant aux exigences de diff\u00e9rents environnements et processus de traitement.<\/li> <\/ul> <\/li> <\/ol>    <figure class=\"wp-block-gallery has-nested-images columns-default is-cropped wp-block-gallery-2 is-layout-flex wp-block-gallery-is-layout-flex\"> <figure class=\"wp-block-image size-large\"><img loading=\"lazy\" decoding=\"async\" width=\"720\" height=\"540\" data-id=\"1291\" src=\"https:\/\/taizynut.com\/wp-content\/uploads\/2026\/01\/groundnut-roasting-equipment.webp\" alt=\"\u00c9quipement de torr\u00e9faction de cacahu\u00e8tes\" class=\"wp-image-1291\" title=\"\" srcset=\"https:\/\/taizynut.com\/wp-content\/uploads\/2026\/01\/groundnut-roasting-equipment.webp 720w, https:\/\/taizynut.com\/wp-content\/uploads\/2026\/01\/groundnut-roasting-equipment-300x225.webp 300w, https:\/\/taizynut.com\/wp-content\/uploads\/2026\/01\/groundnut-roasting-equipment-16x12.webp 16w\" sizes=\"auto, (max-width: 720px) 100vw, 720px\" \/><figcaption class=\"wp-element-caption\">\u00c9quipement de torr\u00e9faction de cacahu\u00e8tes<\/figcaption><\/figure>    <figure class=\"wp-block-image size-large\"><img loading=\"lazy\" decoding=\"async\" width=\"720\" height=\"540\" data-id=\"1289\" src=\"https:\/\/taizynut.com\/wp-content\/uploads\/2026\/01\/groundnut-roaster-machine.webp\" alt=\"Machine \u00e0 torr\u00e9fier les arachides\" class=\"wp-image-1289\" title=\"\" srcset=\"https:\/\/taizynut.com\/wp-content\/uploads\/2026\/01\/groundnut-roaster-machine.webp 720w, https:\/\/taizynut.com\/wp-content\/uploads\/2026\/01\/groundnut-roaster-machine-300x225.webp 300w, https:\/\/taizynut.com\/wp-content\/uploads\/2026\/01\/groundnut-roaster-machine-16x12.webp 16w\" sizes=\"auto, (max-width: 720px) 100vw, 720px\" \/><figcaption class=\"wp-element-caption\">Machine \u00e0 r\u00f4tir les arachides<\/figcaption><\/figure> <\/figure>    <h2 class=\"wp-block-heading\"><strong>Applications de la machine \u00e0 torr\u00e9fier les cacahu\u00e8tes<\/strong><\/h2>    <p>En fonction des caract\u00e9ristiques des diff\u00e9rentes mati\u00e8res premi\u00e8res et des exigences de traitement, la machine \u00e0 torr\u00e9fier les cacahu\u00e8tes peut r\u00e9aliser une torr\u00e9faction stable de divers mat\u00e9riaux en ajustant la temp\u00e9rature, le temps et la m\u00e9thode de chauffage.<\/p>    <p class=\"translation-block\"><strong>Mat\u00e9riaux traitables :<\/strong><\/p>    <ul class=\"wp-block-list\"> <li>Cacahu\u00e8tes (cacahu\u00e8tes \u00e0 peau rouge, cacahu\u00e8tes \u00e0 peau blanche).<\/li>    <li>Graines de melon (graines de tournesol, graines de past\u00e8que).<\/li>    <li>Noix telles que les amandes, les noix de cajou et les noix.<\/li>    <li>Graines ol\u00e9agineuses telles que les cacahu\u00e8tes et les graines de s\u00e9same (torr\u00e9fi\u00e9es avant l'extraction de l'huile).<\/li> <\/ul>   <div class=\"wp-block-image\"> <figure class=\"aligncenter size-full\"><img loading=\"lazy\" decoding=\"async\" width=\"720\" height=\"540\" src=\"https:\/\/taizynut.com\/wp-content\/uploads\/2026\/01\/application-of-nut-roasting-machine.webp\" alt=\"application de la machine \u00e0 torr\u00e9fier les noix\" class=\"wp-image-1290\" title=\"\" srcset=\"https:\/\/taizynut.com\/wp-content\/uploads\/2026\/01\/application-of-nut-roasting-machine.webp 720w, https:\/\/taizynut.com\/wp-content\/uploads\/2026\/01\/application-of-nut-roasting-machine-300x225.webp 300w, https:\/\/taizynut.com\/wp-content\/uploads\/2026\/01\/application-of-nut-roasting-machine-16x12.webp 16w\" sizes=\"auto, (max-width: 720px) 100vw, 720px\" \/><figcaption class=\"wp-element-caption\">application de la machine \u00e0 torr\u00e9fier les noix<\/figcaption><\/figure> <\/div>   <h2 class=\"wp-block-heading\"><strong>Principe de fonctionnement de la machine \u00e0 torr\u00e9fier les cacahu\u00e8tes<\/strong><\/h2>    <p>La machine \u00e0 torr\u00e9fier les cacahu\u00e8tes Taizy utilise un moteur pour entra\u00eener le tambour \u00e0 tourner en continu en position horizontale, provoquant un tumbling constant des mat\u00e9riaux \u00e0 l'int\u00e9rieur du tambour.<\/p>    <ol class=\"wp-block-list\"> <li>Pendant le processus de chauffage, le tambour scell\u00e9, combin\u00e9 \u00e0 une source de chaleur stable, cr\u00e9e un environnement de torr\u00e9faction id\u00e9al.<\/li>    <li>La structure d'isolation double couche ext\u00e9rieure r\u00e9duit les pertes de chaleur et am\u00e9liore l'efficacit\u00e9 thermique globale.<\/li>    <li>Apr\u00e8s la torr\u00e9faction, le d\u00e9chargement et la s\u00e9paration automatiques sont r\u00e9alis\u00e9s en alternant entre la rotation avant et arri\u00e8re.<\/li> <\/ol>    <p>L'ensemble du processus est simple \u00e0 utiliser, n\u00e9cessite peu d'exp\u00e9rience manuelle et convient \u00e0 une production stable \u00e0 long terme.<\/p>    <figure class=\"wp-block-gallery has-nested-images columns-default is-cropped wp-block-gallery-3 is-layout-flex wp-block-gallery-is-layout-flex\"> <figure class=\"wp-block-image size-large\"><img loading=\"lazy\" decoding=\"async\" width=\"720\" height=\"540\" data-id=\"1292\" src=\"https:\/\/taizynut.com\/wp-content\/uploads\/2026\/01\/groundnut-roaster.webp\" alt=\"Torr\u00e9facteur de cacahu\u00e8tes\" class=\"wp-image-1292\" title=\"\" srcset=\"https:\/\/taizynut.com\/wp-content\/uploads\/2026\/01\/groundnut-roaster.webp 720w, https:\/\/taizynut.com\/wp-content\/uploads\/2026\/01\/groundnut-roaster-300x225.webp 300w, https:\/\/taizynut.com\/wp-content\/uploads\/2026\/01\/groundnut-roaster-16x12.webp 16w\" sizes=\"auto, (max-width: 720px) 100vw, 720px\" \/><figcaption class=\"wp-element-caption\">R\u00f4tisseur de cacahu\u00e8tes<\/figcaption><\/figure>    <figure class=\"wp-block-image size-large\"><img loading=\"lazy\" decoding=\"async\" width=\"720\" height=\"540\" data-id=\"1293\" src=\"https:\/\/taizynut.com\/wp-content\/uploads\/2026\/01\/groundnut-roasting-machine.webp\" alt=\"machine \u00e0 r\u00f4tir les arachides\" class=\"wp-image-1293\" title=\"\" srcset=\"https:\/\/taizynut.com\/wp-content\/uploads\/2026\/01\/groundnut-roasting-machine.webp 720w, https:\/\/taizynut.com\/wp-content\/uploads\/2026\/01\/groundnut-roasting-machine-300x225.webp 300w, https:\/\/taizynut.com\/wp-content\/uploads\/2026\/01\/groundnut-roasting-machine-16x12.webp 16w\" sizes=\"auto, (max-width: 720px) 100vw, 720px\" \/><figcaption class=\"wp-element-caption\">Machine \u00e0 torr\u00e9fier les cacahu\u00e8tes<\/figcaption><\/figure> <\/figure>    <h2 class=\"wp-block-heading\"><strong>Mod\u00e8les et param\u00e8tres du r\u00f4tisseur de cacahu\u00e8tes<\/strong><\/h2>    <figure class=\"wp-block-table\"><table><tbody><tr><td>Mod\u00e8le<\/td><td>M\u00e9thode de chauffage<\/td><td>Capacit\u00e9<\/td><td>Pouvoir<\/td><td>Taille<\/td><td>Poids<\/td><td>Mat\u00e9riau du corps<\/td><td>Mat\u00e9riau du rouleau<\/td><\/tr><tr><td>TZ-25<\/td><td>Gaz de charbon\/gaz de p\u00e9trole liqu\u00e9fi\u00e9<\/td><td>15kg\/h<\/td><td>90w<\/td><td>990*470*880mm<\/td><td>60 kg<\/td><td>Acier inoxydable magn\u00e9tique 430<\/td><td>Fer forg\u00e9 (personnalisable)<\/td><\/tr><tr><td>TZ-25<\/td><td>Chauffage \u00e9lectrique (4,5 kW)<\/td><td>15kg\/h<\/td><td>90w<\/td><td>990*470*880mm<\/td><td>65kg<\/td><td>Acier inoxydable magn\u00e9tique 430<\/td><td>Fer forg\u00e9 (personnalisable)<\/td><\/tr><tr><td>TZ-50<\/td><td>Gaz de charbon\/gaz de p\u00e9trole liqu\u00e9fi\u00e9<\/td><td>15-20kg\/h<\/td><td>120w<\/td><td>1200*570*950mm<\/td><td>75kg<\/td><td>Acier inoxydable magn\u00e9tique 430<\/td><td>Fer forg\u00e9 (personnalisable)<\/td><\/tr><tr><td>TZ-50<\/td><td>Chauffage \u00e9lectrique (7,2 kW)<\/td><td>15-20kg\/h<\/td><td>120w<\/td><td>1200*570*950mm<\/td><td>85kg<\/td><td>Acier inoxydable magn\u00e9tique 430<\/td><td>Fer forg\u00e9 (personnalisable)<\/td><\/tr><tr><td>TZ-100<\/td><td>Gaz de charbon\/gaz de p\u00e9trole liqu\u00e9fi\u00e9<\/td><td>80kg\/h<\/td><td>400w<\/td><td>1450*720*1200mm<\/td><td>160 kg<\/td><td>Acier inoxydable magn\u00e9tique 430<\/td><td>Fer forg\u00e9 (personnalisable)<\/td><\/tr><tr><td>TZ-100<\/td><td>Chauffage \u00e9lectrique (7,2 kW)<\/td><td>80kg\/h<\/td><td>400w<\/td><td>1450*720*1200mm<\/td><td>170kg<\/td><td>Acier inoxydable magn\u00e9tique 430<\/td><td>Fer forg\u00e9 (personnalisable)<\/td><\/tr><\/tbody><\/table><figcaption class=\"wp-element-caption\">param\u00e8tres de la machine \u00e0 torr\u00e9fier les cacahu\u00e8tes<\/figcaption><\/figure>    <h2 class=\"wp-block-heading\"><strong>Services personnalis\u00e9s pour la machine \u00e0 torr\u00e9fier les cacahu\u00e8tes<\/strong><\/h2>    <p>Pour mieux s'adapter aux diff\u00e9rents types de mati\u00e8res premi\u00e8res, techniques de traitement et environnements d'exploitation de divers clients, Taizy propose une vari\u00e9t\u00e9 de services de configuration personnalis\u00e9e.<\/p>    <ul class=\"wp-block-list\"> <li><strong>Personnalisation de la tension<\/strong> <ul class=\"wp-block-list\"> <li>Soutenant les normes de puissance dans diff\u00e9rents pays et r\u00e9gions, nous pouvons personnaliser des configurations de puissance monophas\u00e9e ou triphas\u00e9e, de tension et de fr\u00e9quence selon les besoins des clients, permettant une utilisation directe de l'\u00e9quipement.<\/li> <\/ul> <\/li>    <li><strong>Personnalisation des mat\u00e9riaux<\/strong> <ul class=\"wp-block-list\"> <li>Le mat\u00e9riau du tambour peut \u00eatre s\u00e9lectionn\u00e9 parmi diff\u00e9rents mat\u00e9riaux en fonction des mati\u00e8res \u00e0 traiter et des exigences d'hygi\u00e8ne, r\u00e9pondant aux besoins des sc\u00e9narios de transformation alimentaire ou d'utilisation \u00e0 haute fr\u00e9quence.<\/li> <\/ul> <\/li>    <li><strong>Personnalisation des fonctions<\/strong> <ul class=\"wp-block-list\"> <li>Certains mod\u00e8les offrent une fonction de minuterie en option, facilitant l'op\u00e9ration standardis\u00e9e et r\u00e9duisant la d\u00e9pendance \u00e0 l'exp\u00e9rience manuelle.<\/li> <\/ul> <\/li>    <li><strong>Configuration et ajustements de d\u00e9tail<\/strong> <ul class=\"wp-block-list\"> <li>La m\u00e9thode de chauffage, la m\u00e9thode de contr\u00f4le et la structure locale peuvent \u00eatre raisonnablement optimis\u00e9es en fonction des besoins r\u00e9els, rendant l'\u00e9quipement mieux adapt\u00e9 aux exigences de production r\u00e9elles.<\/li> <\/ul> <\/li> <\/ul>    <p>Gr\u00e2ce \u00e0 des services personnalis\u00e9s, notre machine \u00e0 torr\u00e9fier les cacahu\u00e8tes r\u00e9pond non seulement aux fonctions de torr\u00e9faction de base, mais s'adapte \u00e9galement mieux aux sc\u00e9narios de traitement de torr\u00e9faction de diff\u00e9rentes \u00e9chelles et exigences de processus, aidant les utilisateurs \u00e0 atteindre une production stable et efficace \u00e0 long terme.<\/p>   <div class=\"wp-block-image\"> <figure class=\"aligncenter size-full\"><img loading=\"lazy\" decoding=\"async\" width=\"720\" height=\"540\" src=\"https:\/\/taizynut.com\/wp-content\/uploads\/2026\/01\/peanut-roaster.webp\" alt=\"torr\u00e9facteur d&#039;arachide\" class=\"wp-image-1294\" title=\"\" srcset=\"https:\/\/taizynut.com\/wp-content\/uploads\/2026\/01\/peanut-roaster.webp 720w, https:\/\/taizynut.com\/wp-content\/uploads\/2026\/01\/peanut-roaster-300x225.webp 300w, https:\/\/taizynut.com\/wp-content\/uploads\/2026\/01\/peanut-roaster-16x12.webp 16w\" sizes=\"auto, (max-width: 720px) 100vw, 720px\" \/><figcaption class=\"wp-element-caption\">torr\u00e9facteur d'arachide<\/figcaption><\/figure> <\/div>   <h2 class=\"wp-block-heading\"><strong>Combien co\u00fbte la machine \u00e0 torr\u00e9fier les noix ?<\/strong><\/h2>    <p>Le prix de la machine \u00e0 torr\u00e9fier les cacahu\u00e8tes n'est pas fixe ; il est influenc\u00e9 par plusieurs facteurs, principalement les suivants :<\/p>    <ol class=\"wp-block-list\"> <li><strong>Mod\u00e8le d'\u00e9quipement et capacit\u00e9 de production<\/strong>: En g\u00e9n\u00e9ral, les \u00e9quipements avec une capacit\u00e9 de production plus \u00e9lev\u00e9e auront un prix plus \u00e9lev\u00e9, mais ils g\u00e9n\u00e9reront \u00e9galement des retours plus \u00e9lev\u00e9s.<\/li>    <li><strong>S\u00e9lection de la m\u00e9thode de chauffage<\/strong>: Notre machine \u00e0 torr\u00e9fier les noix peut \u00eatre chauff\u00e9e au gaz ou \u00e0 l'\u00e9lectricit\u00e9, et le prix varie en cons\u00e9quence.<\/li>    <li><strong>Configuration des mat\u00e9riaux<\/strong>: Le mat\u00e9riau du tambour de notre machine \u00e0 torr\u00e9fier les noix est g\u00e9n\u00e9ralement en fonte, mais l'acier inoxydable 304 peut \u00e9galement \u00eatre s\u00e9lectionn\u00e9 en fonction des besoins du client. Le prix variera \u00e9galement.<\/li> <\/ol>    <p>Diff\u00e9rentes \u00e9chelles de traitement et sc\u00e9narios d'utilisation n\u00e9cessitent diff\u00e9rentes configurations, entra\u00eenant des prix variables. Les clients doivent choisir la machine \u00e0 torr\u00e9fier les cacahu\u00e8tes qui correspond le mieux \u00e0 leurs besoins.<\/p>   <div class=\"wp-block-image\"> <figure class=\"aligncenter size-full\"><img loading=\"lazy\" decoding=\"async\" width=\"720\" height=\"540\" src=\"https:\/\/taizynut.com\/wp-content\/uploads\/2026\/01\/peanut-roasting-machine.webp\" alt=\"machine \u00e0 r\u00f4tir les cacahu\u00e8tes\" class=\"wp-image-1295\" title=\"\" srcset=\"https:\/\/taizynut.com\/wp-content\/uploads\/2026\/01\/peanut-roasting-machine.webp 720w, https:\/\/taizynut.com\/wp-content\/uploads\/2026\/01\/peanut-roasting-machine-300x225.webp 300w, https:\/\/taizynut.com\/wp-content\/uploads\/2026\/01\/peanut-roasting-machine-16x12.webp 16w\" sizes=\"auto, (max-width: 720px) 100vw, 720px\" \/><figcaption class=\"wp-element-caption\">machine \u00e0 r\u00f4tir les cacahu\u00e8tes<\/figcaption><\/figure> <\/div>   <h2 class=\"wp-block-heading\"><strong>Contactez-nous imm\u00e9diatement<\/strong>!<\/h2>    <p class=\"translation-block\">En tant que fournisseur professionnel d'\u00e9quipements de transformation de sauces, en plus des machines \u00e0 torr\u00e9fier les noix, nous fournissons \u00e9galement divers \u00e9quipements de transformation de noix, tels que <a href=\"https:\/\/taizynut.com\/fr\/product\/dry-peanut-peeling-machine\/\">machine \u00e0 \u00e9plucher les cacahu\u00e8tes<\/a>, <a href=\"https:\/\/taizynut.com\/fr\/product\/peanut-butter-grinder-machine\/\">machine \u00e0 beurre de cacahu\u00e8te<\/a> et \u00e9quipements de s\u00e9chage. Nous offrons \u00e0 nos clients un service tout-en-un.<\/p>    <p>Parall\u00e8lement, Taizy a une vaste exp\u00e9rience en exportation, avec des \u00e9quipements export\u00e9s vers de nombreux pays et r\u00e9gions. Nous sommes familiers avec les diff\u00e9rentes normes de tension, exigences d'emballage et proc\u00e9dures d'exp\u00e9dition internationales.<\/p>    <p>Si vous recherchez une machine \u00e0 torr\u00e9fier les cacahu\u00e8tes ou avez besoin d'un ensemble complet de solutions d'\u00e9quipement de transformation de noix, n'h\u00e9sitez pas \u00e0 contacter Taizy. Nous vous fournirons l'\u00e9quipement qui correspond le mieux \u00e0 vos besoins !<\/p>","protected":false},"excerpt":{"rendered":"<p>This article mainly introduces the Taizy groundnut roasting machine. Our peanut roasting machine is used for roasting peanuts, sunflower seeds, chestnuts, and other nuts, with a production capacity of 15-80 kg\/h.<\/p>","protected":false},"author":1,"featured_media":1312,"parent":0,"template":"","tags":[61,45],"product-type":[27],"class_list":["post-1288","product","type-product","status-publish","has-post-thumbnail","hentry","tag-nut","tag-peanut","product-type-peanut-kernel-processing"],"_links":{"self":[{"href":"https:\/\/taizynut.com\/fr\/wp-json\/wp\/v2\/product\/1288","targetHints":{"allow":["GET"]}}],"collection":[{"href":"https:\/\/taizynut.com\/fr\/wp-json\/wp\/v2\/product"}],"about":[{"href":"https:\/\/taizynut.com\/fr\/wp-json\/wp\/v2\/types\/product"}],"author":[{"embeddable":true,"href":"https:\/\/taizynut.com\/fr\/wp-json\/wp\/v2\/users\/1"}],"wp:featuredmedia":[{"embeddable":true,"href":"https:\/\/taizynut.com\/fr\/wp-json\/wp\/v2\/media\/1312"}],"wp:attachment":[{"href":"https:\/\/taizynut.com\/fr\/wp-json\/wp\/v2\/media?parent=1288"}],"wp:term":[{"taxonomy":"post_tag","embeddable":true,"href":"https:\/\/taizynut.com\/fr\/wp-json\/wp\/v2\/tags?post=1288"},{"taxonomy":"product-type","embeddable":true,"href":"https:\/\/taizynut.com\/fr\/wp-json\/wp\/v2\/product-type?post=1288"}],"curies":[{"name":"wp","href":"https:\/\/api.w.org\/{rel}","templated":true}]}}