{"id":1299,"date":"2026-01-21T16:04:00","date_gmt":"2026-01-21T08:04:00","guid":{"rendered":"https:\/\/taizynut.com\/?post_type=product&#038;p=1299"},"modified":"2026-01-21T17:01:18","modified_gmt":"2026-01-21T09:01:18","slug":"almond-shell-and-kernel-separator","status":"publish","type":"product","link":"https:\/\/taizynut.com\/fr\/product\/almond-shell-and-kernel-separator\/","title":{"rendered":"S\u00e9parateur de coquille et de noyau d'amande"},"content":{"rendered":"<p class=\"translation-block\">Taizy <strong> s\u00e9parateur de coquilles et de noyaux d'amande <\/strong> est un appareil sp\u00e9cialis\u00e9 utilis\u00e9 pour s\u00e9parer efficacement les noyaux d'amande du m\u00e9lange de coquilles cass\u00e9es et de noyaux. Cette machine convient aux amandes, noix, pistaches, noisettes, noix de macadamia et autres noix similaires.<\/p>    <p>Notre machine de s\u00e9paration de coquilles et de noyaux d'amande est fabriqu\u00e9e en acier au carbone. Elle se caract\u00e9rise par une op\u00e9ration simple, une longue dur\u00e9e de vie et une haute efficacit\u00e9, avec une capacit\u00e9 de production de 400 kg\/h, r\u00e9pondant aux besoins de production continue dans les petites et moyennes unit\u00e9s de traitement.<\/p>    <figure class=\"wp-block-embed is-type-video is-provider-youtube wp-block-embed-youtube wp-embed-aspect-16-9 wp-has-aspect-ratio\"><div class=\"wp-block-embed__wrapper\"> <iframe loading=\"lazy\" title=\"Machine s\u00e9paratrice de coquilles et de noyaux d&#039;amande en action : s\u00e9paration efficace du noyau d&#039;amande de la coquille\" width=\"500\" height=\"281\" src=\"https:\/\/www.youtube.com\/embed\/3V1TJk1Y0VA?feature=oembed\" frameborder=\"0\" allow=\"accelerometer; autoplay; clipboard-write; encrypted-media; gyroscope; picture-in-picture; web-share\" referrerpolicy=\"strict-origin-when-cross-origin\" allowfullscreen><\/iframe> <\/div><figcaption class=\"wp-element-caption\">Vid\u00e9o de fonctionnement du s\u00e9parateur de coquilles et de noyaux d'amande<\/figcaption><\/figure>    <h2 class=\"wp-block-heading\"><strong>Avantages de la machine de s\u00e9paration de coquilles et de noyaux d'amande<\/strong><\/h2>    <ol class=\"wp-block-list\"> <li><strong>Op\u00e9ration facile<\/strong>Notre s\u00e9parateur de noyaux et coquilles d'amande ne n\u00e9cessite qu'une seule personne pour fonctionner, ce qui permet d'\u00e9conomiser du temps et des efforts.<\/li>    <li><strong>Haute efficacit\u00e9 de production<\/strong>: La machine de s\u00e9paration de noyaux et coquilles d'abricots Taizy a une capacit\u00e9 de production allant jusqu'\u00e0 400 kg\/h.<\/li>    <li><strong>Taux de s\u00e9paration \u00e9lev\u00e9<\/strong>: Elle peut rapidement et proprement s\u00e9parer les noyaux d'abricots des coquilles, atteignant un taux de s\u00e9paration allant jusqu'\u00e0 90 %.<\/li>    <li><strong>Longue dur\u00e9e de vie<\/strong>Notre machine de s\u00e9paration des noyaux et coquilles d'abricots est fabriqu\u00e9e en acier au carbone r\u00e9sistant \u00e0 l'usure, garantissant une longue dur\u00e9e de vie.<\/li> <\/ol>    <figure class=\"wp-block-gallery has-nested-images columns-default is-cropped wp-block-gallery-2 is-layout-flex wp-block-gallery-is-layout-flex\"> <figure class=\"wp-block-image size-large\"><img loading=\"lazy\" decoding=\"async\" width=\"720\" height=\"540\" data-id=\"1303\" src=\"https:\/\/taizynut.com\/wp-content\/uploads\/2026\/01\/almond-shell-and-kernel-separator-machine.webp\" alt=\"Machine de s\u00e9paration de la coque et du noyau d&#039;amande\" class=\"wp-image-1303\" title=\"\" srcset=\"https:\/\/taizynut.com\/wp-content\/uploads\/2026\/01\/almond-shell-and-kernel-separator-machine.webp 720w, https:\/\/taizynut.com\/wp-content\/uploads\/2026\/01\/almond-shell-and-kernel-separator-machine-300x225.webp 300w, https:\/\/taizynut.com\/wp-content\/uploads\/2026\/01\/almond-shell-and-kernel-separator-machine-16x12.webp 16w\" sizes=\"auto, (max-width: 720px) 100vw, 720px\" \/><figcaption class=\"wp-element-caption\">Machine s\u00e9paratrice de coquilles et de noyaux d'amande<\/figcaption><\/figure>    <figure class=\"wp-block-image size-large\"><img loading=\"lazy\" decoding=\"async\" width=\"1024\" height=\"683\" data-id=\"1300\" src=\"https:\/\/taizynut.com\/wp-content\/uploads\/2026\/01\/almond-shell-kernel-separating-equipment-1024x683.webp\" alt=\"\u00c9quipement de s\u00e9paration de la coque et du noyau d&#039;amande\" class=\"wp-image-1300\" title=\"\" srcset=\"https:\/\/taizynut.com\/wp-content\/uploads\/2026\/01\/almond-shell-kernel-separating-equipment-1024x683.webp 1024w, https:\/\/taizynut.com\/wp-content\/uploads\/2026\/01\/almond-shell-kernel-separating-equipment-300x200.webp 300w, https:\/\/taizynut.com\/wp-content\/uploads\/2026\/01\/almond-shell-kernel-separating-equipment-768x513.webp 768w, https:\/\/taizynut.com\/wp-content\/uploads\/2026\/01\/almond-shell-kernel-separating-equipment-18x12.webp 18w, https:\/\/taizynut.com\/wp-content\/uploads\/2026\/01\/almond-shell-kernel-separating-equipment-1536x1025.webp 1536w, https:\/\/taizynut.com\/wp-content\/uploads\/2026\/01\/almond-shell-kernel-separating-equipment-2048x1367.webp 2048w\" sizes=\"auto, (max-width: 1024px) 100vw, 1024px\" \/><figcaption class=\"wp-element-caption\">Almond Shell &Amp; Kernel Separating Equipment<\/figcaption><\/figure> <\/figure>    <h2 class=\"wp-block-heading\"><strong>Application du s\u00e9parateur de coquilles et de noyaux d'abricots<\/strong><\/h2>    <p>Notre machine s\u00e9paratrice de coquilles et de noyaux d'amande a une large gamme d'applications et peut \u00eatre utilis\u00e9e pour s\u00e9parer divers types de noix d\u00e9cortiqu\u00e9es, y compris mais sans s'y limiter aux amandes, noix, noisettes, p\u00e9cans et noix de macadamia.<\/p>   <div class=\"wp-block-image\"> <figure class=\"aligncenter size-full\"><img loading=\"lazy\" decoding=\"async\" width=\"720\" height=\"540\" src=\"https:\/\/taizynut.com\/wp-content\/uploads\/2026\/01\/application-of-almond-shell-and-kernel-separator.webp\" alt=\"Application du s\u00e9parateur de coquilles et de noyaux d&#039;amande\" class=\"wp-image-1301\" title=\"\" srcset=\"https:\/\/taizynut.com\/wp-content\/uploads\/2026\/01\/application-of-almond-shell-and-kernel-separator.webp 720w, https:\/\/taizynut.com\/wp-content\/uploads\/2026\/01\/application-of-almond-shell-and-kernel-separator-300x225.webp 300w, https:\/\/taizynut.com\/wp-content\/uploads\/2026\/01\/application-of-almond-shell-and-kernel-separator-16x12.webp 16w\" sizes=\"auto, (max-width: 720px) 100vw, 720px\" \/><figcaption class=\"wp-element-caption\">Application du s\u00e9parateur de coquilles et de noyaux d'amande<\/figcaption><\/figure> <\/div>   <h2 class=\"wp-block-heading\"><strong>Param\u00e8tres du s\u00e9parateur de coquilles d'amande<\/strong><\/h2>    <p>To help users fully understand the equipment&#8217;s performance, the main technical parameters of the almond shell and kernel separator machine are listed below:<\/p>    <figure class=\"wp-block-table\"><table class=\"has-fixed-layout\"><tbody><tr><td>Nom de l'appareil<\/td><td>S\u00e9parateur de coquille et de noyau d'amande<\/td><\/tr><tr><td>Capacit\u00e9<\/td><td>400kg\/h<\/td><\/tr><tr><td>Pouvoir<\/td><td>3 kW<\/td><\/tr><tr><td>Tension<\/td><td>380v\/50hz<\/td><\/tr><tr><td>Mat\u00e9riaux de la machine<\/td><td>Acier au carbone<\/td><\/tr><tr><td>Taille<\/td><td>2,2*0,8*1,6m<\/td><\/tr><\/tbody><\/table><figcaption class=\"wp-element-caption\">param\u00e8tres du machine de s\u00e9paration coquille et noyau d'amande<\/figcaption><\/figure>    <h2 class=\"wp-block-heading\"><strong>Comment fonctionne le s\u00e9parateur de coquilles et de noyaux d'amande ?<\/strong><\/h2>    <p>Le s\u00e9parateur de coquilles et de noyaux d'amande fonctionne selon le principe de s\u00e9paration par poids. Apr\u00e8s traitement par la machine de d\u00e9corticage, les coquilles d'amande sont bris\u00e9es en fragments plus petits et plus l\u00e9gers, tandis que les noyaux d'amande restent en grande partie intacts et sont relativement plus lourds.<\/p>    <p>Pendant le fonctionnement, le tamis cr\u00e9e un effet de stratification sous vibration. Les noyaux d'amande plus lourds montent progressivement lors de la vibration et sont \u00e9vacu\u00e9s, tandis que les coquilles plus l\u00e9g\u00e8res descendent et sont s\u00e9par\u00e9es et \u00e9vacu\u00e9es.<\/p>   <div class=\"wp-block-image\"> <figure class=\"aligncenter size-full\"><img loading=\"lazy\" decoding=\"async\" width=\"720\" height=\"540\" src=\"https:\/\/taizynut.com\/wp-content\/uploads\/2026\/01\/almond-kernel-and-shell-separating-equipment.webp\" alt=\"\u00c9quipement de s\u00e9paration des noyaux et coquilles d&#039;amande\" class=\"wp-image-1302\" title=\"\" srcset=\"https:\/\/taizynut.com\/wp-content\/uploads\/2026\/01\/almond-kernel-and-shell-separating-equipment.webp 720w, https:\/\/taizynut.com\/wp-content\/uploads\/2026\/01\/almond-kernel-and-shell-separating-equipment-300x225.webp 300w, https:\/\/taizynut.com\/wp-content\/uploads\/2026\/01\/almond-kernel-and-shell-separating-equipment-16x12.webp 16w\" sizes=\"auto, (max-width: 720px) 100vw, 720px\" \/><figcaption class=\"wp-element-caption\">\u00c9quipement de s\u00e9paration des noyaux et coquilles d'amande<\/figcaption><\/figure> <\/div>   <h2 class=\"wp-block-heading\"><strong>Ligne de production associ\u00e9e au s\u00e9parateur de noyaux d'amande<\/strong><\/h2>    <p><strong><a href=\"https:\/\/taizynut.com\/fr\/product\/almond-shelling-production-line\/\">Ligne d\u2019\u00e9pluchage d\u2019amandes<\/a><\/strong><\/p>    <p>Le s\u00e9parateur de coquilles et de noyaux d'amande est fr\u00e9quemment utilis\u00e9 dans les lignes de d\u00e9corticage d'amandes. Cette ligne de production comprend l'\u00e9quipement suivant :<\/p>    <ol class=\"wp-block-list\"> <li>Machine de tri des amandes<\/li>    <li>Machine de d\u00e9corticage des amandes<\/li>    <li>S\u00e9parateur de coquille et de noyau d'amande<\/li>    <li>Machine de tri de noyaux<\/li> <\/ol>    <figure class=\"wp-block-gallery has-nested-images columns-default is-cropped wp-block-gallery-3 is-layout-flex wp-block-gallery-is-layout-flex\"> <figure class=\"wp-block-image size-large\"><img loading=\"lazy\" decoding=\"async\" width=\"720\" height=\"540\" data-id=\"1248\" src=\"https:\/\/taizynut.com\/wp-content\/uploads\/2025\/12\/almond-shelling-line-1.webp\" alt=\"ligne d\u2019\u00e9pluchage d\u2019amandes\" class=\"wp-image-1248\" title=\"\" srcset=\"https:\/\/taizynut.com\/wp-content\/uploads\/2025\/12\/almond-shelling-line-1.webp 720w, https:\/\/taizynut.com\/wp-content\/uploads\/2025\/12\/almond-shelling-line-1-300x225.webp 300w, https:\/\/taizynut.com\/wp-content\/uploads\/2025\/12\/almond-shelling-line-1-16x12.webp 16w\" sizes=\"auto, (max-width: 720px) 100vw, 720px\" \/><figcaption class=\"wp-element-caption\">Ligne de d\u00e9corticage des amandes<\/figcaption><\/figure>    <figure class=\"wp-block-image size-large\"><img loading=\"lazy\" decoding=\"async\" width=\"720\" height=\"540\" data-id=\"1161\" src=\"https:\/\/taizynut.com\/wp-content\/uploads\/2025\/12\/almond-shelling-line.webp\" alt=\"ligne d\u2019\u00e9pluchage d\u2019amandes\" class=\"wp-image-1161\" title=\"\" srcset=\"https:\/\/taizynut.com\/wp-content\/uploads\/2025\/12\/almond-shelling-line.webp 720w, https:\/\/taizynut.com\/wp-content\/uploads\/2025\/12\/almond-shelling-line-300x225.webp 300w, https:\/\/taizynut.com\/wp-content\/uploads\/2025\/12\/almond-shelling-line-16x12.webp 16w\" sizes=\"auto, (max-width: 720px) 100vw, 720px\" \/><figcaption class=\"wp-element-caption\">Ligne de production de d\u00e9corticage d'amandes<\/figcaption><\/figure> <\/figure>    <p>Cette ligne de production de d\u00e9corticage d'amandes int\u00e8gre des fonctions telles que le tri, le d\u00e9corticage, la s\u00e9paration coquille-noyau et le tri des noyaux. Elle offre un fonctionnement continu, des \u00e9conomies de main-d'\u0153uvre et une haute efficacit\u00e9, avec une capacit\u00e9 de production allant jusqu'\u00e0 1000 kg\/h, et peut \u00eatre personnalis\u00e9e selon les besoins du client.<\/p>    <h2 class=\"wp-block-heading\"><strong>Pourquoi choisir Taizy comme fournisseur ?<\/strong><\/h2>    <p>En tant que fournisseur professionnel d'\u00e9quipements de transformation alimentaire, Taizy dispose d'un syst\u00e8me de production mature et de processus stricts de gestion de la qualit\u00e9.<\/p>    <p>Notre s\u00e9parateur de coquilles et de noyaux d'amande et autres \u00e9quipements sont export\u00e9s vers de nombreux pays et r\u00e9gions, et nous connaissons les normes techniques, les exigences en tension et les sp\u00e9cifications d'emballage des diff\u00e9rents march\u00e9s. Cela garantit la livraison et le fonctionnement sans probl\u00e8me de nos \u00e9quipements.<\/p>    <p>De plus, nous fournissons des solutions techniques, des conseils pour la s\u00e9lection des param\u00e8tres et une assistance \u00e0 distance pour l'installation en fonction des besoins du client. Choisir Taizy, c'est choisir non seulement un \u00e9quipement, mais aussi un fournisseur stable et fiable avec la capacit\u00e9 de coop\u00e9ration \u00e0 long terme.<\/p>    <figure class=\"wp-block-gallery has-nested-images columns-default is-cropped wp-block-gallery-4 is-layout-flex wp-block-gallery-is-layout-flex\"> <figure class=\"wp-block-image size-large\"><img loading=\"lazy\" decoding=\"async\" width=\"720\" height=\"540\" data-id=\"1304\" src=\"https:\/\/taizynut.com\/wp-content\/uploads\/2026\/01\/almond-shell-kernel-separating-machine.webp\" alt=\"Apr\u00e8s s\u00e9paration\" class=\"wp-image-1304\" title=\"\" srcset=\"https:\/\/taizynut.com\/wp-content\/uploads\/2026\/01\/almond-shell-kernel-separating-machine.webp 720w, https:\/\/taizynut.com\/wp-content\/uploads\/2026\/01\/almond-shell-kernel-separating-machine-300x225.webp 300w, https:\/\/taizynut.com\/wp-content\/uploads\/2026\/01\/almond-shell-kernel-separating-machine-16x12.webp 16w\" sizes=\"auto, (max-width: 720px) 100vw, 720px\" \/><figcaption class=\"wp-element-caption\">Almond Shell &Amp; Kernel Separating Machine<\/figcaption><\/figure>    <figure class=\"wp-block-image size-large\"><img loading=\"lazy\" decoding=\"async\" width=\"1024\" height=\"683\" data-id=\"1305\" src=\"https:\/\/taizynut.com\/wp-content\/uploads\/2026\/01\/almond-shell-and-kernel-separator-1024x683.webp\" alt=\"Le s\u00e9parateur de coquilles et de noyaux d&#039;amande Taizy est utilis\u00e9 pour s\u00e9parer les noyaux d&#039;amande du m\u00e9lange de coquilles cass\u00e9es et de noyaux, avec une capacit\u00e9 de 400 kg\/h.\" class=\"wp-image-1305\" title=\"\" srcset=\"https:\/\/taizynut.com\/wp-content\/uploads\/2026\/01\/almond-shell-and-kernel-separator-1024x683.webp 1024w, https:\/\/taizynut.com\/wp-content\/uploads\/2026\/01\/almond-shell-and-kernel-separator-300x200.webp 300w, https:\/\/taizynut.com\/wp-content\/uploads\/2026\/01\/almond-shell-and-kernel-separator-768x513.webp 768w, https:\/\/taizynut.com\/wp-content\/uploads\/2026\/01\/almond-shell-and-kernel-separator-18x12.webp 18w, https:\/\/taizynut.com\/wp-content\/uploads\/2026\/01\/almond-shell-and-kernel-separator-1536x1025.webp 1536w, https:\/\/taizynut.com\/wp-content\/uploads\/2026\/01\/almond-shell-and-kernel-separator-2048x1367.webp 2048w\" sizes=\"auto, (max-width: 1024px) 100vw, 1024px\" \/><figcaption class=\"wp-element-caption\">S\u00e9parateur de coquilles et de noyaux d'amande<\/figcaption><\/figure> <\/figure>    <h2 class=\"wp-block-heading\"><strong>Contactez-nous imm\u00e9diatement !<\/strong><\/h2>    <p>Que vous soyez un atelier de traitement d'amandes en d\u00e9marrage ou une entreprise de traitement de noix \u00e9tablie avec une ligne de production mature, Taizy peut vous fournir une machine s\u00e9paratrice de coquilles et de noyaux d'amande de haute qualit\u00e9 et des solutions compl\u00e8tes de d\u00e9corticage. Si vous avez des besoins, n'h\u00e9sitez pas \u00e0 nous contacter !<\/p>","protected":false},"excerpt":{"rendered":"<p>This article mainly introduces the almond shell and kernel separator machine. It covers its advantages, specifications, and applications. It is suitable for nuts such as almonds, walnuts, and pecans. Its production capacity is 400 kg\/h.<\/p>","protected":false},"author":1,"featured_media":1316,"parent":0,"template":"","tags":[68,61],"product-type":[74],"class_list":["post-1299","product","type-product","status-publish","has-post-thumbnail","hentry","tag-almond","tag-nut","product-type-almond-processing"],"_links":{"self":[{"href":"https:\/\/taizynut.com\/fr\/wp-json\/wp\/v2\/product\/1299","targetHints":{"allow":["GET"]}}],"collection":[{"href":"https:\/\/taizynut.com\/fr\/wp-json\/wp\/v2\/product"}],"about":[{"href":"https:\/\/taizynut.com\/fr\/wp-json\/wp\/v2\/types\/product"}],"author":[{"embeddable":true,"href":"https:\/\/taizynut.com\/fr\/wp-json\/wp\/v2\/users\/1"}],"wp:featuredmedia":[{"embeddable":true,"href":"https:\/\/taizynut.com\/fr\/wp-json\/wp\/v2\/media\/1316"}],"wp:attachment":[{"href":"https:\/\/taizynut.com\/fr\/wp-json\/wp\/v2\/media?parent=1299"}],"wp:term":[{"taxonomy":"post_tag","embeddable":true,"href":"https:\/\/taizynut.com\/fr\/wp-json\/wp\/v2\/tags?post=1299"},{"taxonomy":"product-type","embeddable":true,"href":"https:\/\/taizynut.com\/fr\/wp-json\/wp\/v2\/product-type?post=1299"}],"curies":[{"name":"wp","href":"https:\/\/api.w.org\/{rel}","templated":true}]}}