{"id":1322,"date":"2026-01-22T13:25:24","date_gmt":"2026-01-22T05:25:24","guid":{"rendered":"https:\/\/taizynut.com\/?post_type=product&#038;p=1322"},"modified":"2026-01-22T13:49:47","modified_gmt":"2026-01-22T05:49:47","slug":"walnut-shelling-machine","status":"publish","type":"product","link":"https:\/\/taizynut.com\/fr\/product\/walnut-shelling-machine\/","title":{"rendered":"Machine de d\u00e9corticage de noix"},"content":{"rendered":"<p class=\"translation-block\">La <strong>machine \u00e0 d\u00e9pel\u00e9 de noix<\/strong> est un dispositif m\u00e9canique sp\u00e9cialement con\u00e7u pour casser les coques de noix, facilitant la s\u00e9paration ult\u00e9rieure du noyau de la coque. Notre machine \u00e0 d\u00e9pel\u00e9 de noix convient aux noix r\u00e9guli\u00e8res, noix sauvages, noix de Hickory et noix de macadamia.<\/p>    <p>La machine de d\u00e9pelage de noix Taizy a une capacit\u00e9 de production de 200-400 kg\/h, fonctionne de mani\u00e8re stable et est facile \u00e0 utiliser, ce qui en fait un choix id\u00e9al pour les entreprises de traitement des noix. Si vous recherchez une machine \u00e0 casser les noix, n\u2019h\u00e9sitez pas \u00e0 nous contacter !<\/p>    <h2 class=\"wp-block-heading\"><strong>Caract\u00e9ristiques de la machine \u00e0 d\u00e9pel\u00e9 de noix<\/strong><\/h2>    <ol class=\"wp-block-list\"> <li><strong>Op\u00e9ration facile<\/strong>: Notre machine \u00e0 d\u00e9pel\u00e9 de noix a une structure claire et est facile \u00e0 utiliser, permettant \u00e0 une personne d\u2019effectuer \u00e0 la fois les op\u00e9rations et l\u2019entretien quotidien.<\/li>    <li><strong>Performance stable<\/strong>: Cette machine \u00e0 d\u00e9pel\u00e9 de noix adopte une conception m\u00e9canique mature, garantissant un fonctionnement stable et un faible taux de d\u00e9faillance, permettant une op\u00e9ration fiable \u00e0 long terme.<\/li>    <li><strong>Faible bruit<\/strong>: La machine \u00e0 cracker de noix Taizy fonctionne avec un bruit r\u00e9duit, am\u00e9liorant efficacement le confort de travail dans l\u2019atelier.<\/li>    <li><strong>Longue dur\u00e9e de vie<\/strong>: La machine enti\u00e8re est fabriqu\u00e9e en acier au carbone de haute r\u00e9sistance, r\u00e9sistant \u00e0 l\u2019usure et aux chocs, adapt\u00e9e au traitement \u00e0 long terme de noix dures et d\u2019autres mat\u00e9riaux.<\/li> <\/ol>    <figure class=\"wp-block-gallery has-nested-images columns-default is-cropped wp-block-gallery-2 is-layout-flex wp-block-gallery-is-layout-flex\"> <figure class=\"wp-block-image size-large\"><img loading=\"lazy\" decoding=\"async\" width=\"720\" height=\"540\" data-id=\"1325\" src=\"https:\/\/taizynut.com\/wp-content\/uploads\/2026\/01\/walnut-cracking-machine.webp\" alt=\"Machine \u00e0 casser les noix\" class=\"wp-image-1325\" title=\"\" srcset=\"https:\/\/taizynut.com\/wp-content\/uploads\/2026\/01\/walnut-cracking-machine.webp 720w, https:\/\/taizynut.com\/wp-content\/uploads\/2026\/01\/walnut-cracking-machine-300x225.webp 300w, https:\/\/taizynut.com\/wp-content\/uploads\/2026\/01\/walnut-cracking-machine-16x12.webp 16w\" sizes=\"auto, (max-width: 720px) 100vw, 720px\" \/><figcaption class=\"wp-element-caption\">Machine \u00e0 casser les noix<\/figcaption><\/figure>    <figure class=\"wp-block-image size-large\"><img loading=\"lazy\" decoding=\"async\" width=\"720\" height=\"540\" data-id=\"1326\" src=\"https:\/\/taizynut.com\/wp-content\/uploads\/2026\/01\/walnut-shell-removal-machine.webp\" alt=\"Machine de d\u00e9pelage de noix\" class=\"wp-image-1326\" title=\"\" srcset=\"https:\/\/taizynut.com\/wp-content\/uploads\/2026\/01\/walnut-shell-removal-machine.webp 720w, https:\/\/taizynut.com\/wp-content\/uploads\/2026\/01\/walnut-shell-removal-machine-300x225.webp 300w, https:\/\/taizynut.com\/wp-content\/uploads\/2026\/01\/walnut-shell-removal-machine-16x12.webp 16w\" sizes=\"auto, (max-width: 720px) 100vw, 720px\" \/><figcaption class=\"wp-element-caption\">Machine de d\u00e9pelage de noix<\/figcaption><\/figure> <\/figure>    <h2 class=\"wp-block-heading\"><strong>Application de la machine \u00e0 d\u00e9pel\u00e9 de noix<\/strong><\/h2>    <p>La machine \u00e0 d\u00e9pel\u00e9 de noix, gr\u00e2ce \u00e0 sa conception m\u00e9canique de compression et de rupture de la coque, peut s\u2019adapter \u00e0 diverses mati\u00e8res premi\u00e8res de noix de formes et de duret\u00e9s diff\u00e9rentes.<\/p>    <p class=\"translation-block\"><strong>Mat\u00e9riaux bruts applicables :<\/strong><\/p>    <ul class=\"wp-block-list\"> <li>Noix communes<\/li>    <li>Noix sauvages<\/li>    <li>Noix de Hickory<\/li>    <li>Noix de macadamia<\/li> <\/ul>   <div class=\"wp-block-image\"> <figure class=\"aligncenter size-full\"><img loading=\"lazy\" decoding=\"async\" width=\"720\" height=\"540\" src=\"https:\/\/taizynut.com\/wp-content\/uploads\/2026\/01\/application-of-walnut-sheller.webp\" alt=\"Application du d\u00e9pel\u00e9 de noix\" class=\"wp-image-1327\" title=\"\" srcset=\"https:\/\/taizynut.com\/wp-content\/uploads\/2026\/01\/application-of-walnut-sheller.webp 720w, https:\/\/taizynut.com\/wp-content\/uploads\/2026\/01\/application-of-walnut-sheller-300x225.webp 300w, https:\/\/taizynut.com\/wp-content\/uploads\/2026\/01\/application-of-walnut-sheller-16x12.webp 16w\" sizes=\"auto, (max-width: 720px) 100vw, 720px\" \/><figcaption class=\"wp-element-caption\">Application du d\u00e9pel\u00e9 de noix<\/figcaption><\/figure> <\/div>   <p class=\"translation-block\"><strong>Sc\u00e9narios d\u2019application :<\/strong><\/p>    <ul class=\"wp-block-list\"> <li>Industrie de traitement des noix et des fruits secs<\/li>    <li>Industrie de traitement primaire des aliments<\/li>    <li>Industrie du commerce, de l\u2019approvisionnement et de la distribution de noix<\/li> <\/ul>    <h2 class=\"wp-block-heading\"><strong>Param\u00e8tres de la machine \u00e0 casser les noix<\/strong><\/h2>    <figure class=\"wp-block-table\"><table class=\"has-fixed-layout\"><tbody><tr><td>Capacit\u00e9<\/td><td>200-400kg\/h<\/td><\/tr><tr><td>Pouvoir<\/td><td>1.5kw<\/td><\/tr><tr><td>Tension<\/td><td>380v<\/td><\/tr><tr><td>Taux de r\u00e9ussite<\/td><td>70%<\/td><\/tr><tr><td>Mat\u00e9riel de machine<\/td><td>Acier au carbone<\/td><\/tr><tr><td>Poids de la machine<\/td><td>160 kg<\/td><\/tr><tr><td>Taille de la machine<\/td><td>1,15*0,75*1,2m<\/td><\/tr><\/tbody><\/table><figcaption class=\"wp-element-caption\">Sp\u00e9cifications de la machine \u00e0 d\u00e9pel\u00e9 de noix<\/figcaption><\/figure>    <h2 class=\"wp-block-heading\"><strong>Comment fonctionne la machine \u00e0 cracker de noix ?<\/strong><\/h2>    <p>The walnut shelling machine primarily relies on mechanical compression and fracturing mechanisms to apply pressure to the nut&#8217;s outer shell, causing the hard shell to crack and break. It can be used in conjunction with the shell and kernel separating machine.<\/p>    <figure class=\"wp-block-gallery has-nested-images columns-default is-cropped wp-block-gallery-3 is-layout-flex wp-block-gallery-is-layout-flex\"> <figure class=\"wp-block-image size-large\"><img loading=\"lazy\" decoding=\"async\" width=\"720\" height=\"540\" data-id=\"1328\" src=\"https:\/\/taizynut.com\/wp-content\/uploads\/2026\/01\/walnut-shell-remover.webp\" alt=\"D\u00e9pel\u00e9 de noix\" class=\"wp-image-1328\" title=\"\" srcset=\"https:\/\/taizynut.com\/wp-content\/uploads\/2026\/01\/walnut-shell-remover.webp 720w, https:\/\/taizynut.com\/wp-content\/uploads\/2026\/01\/walnut-shell-remover-300x225.webp 300w, https:\/\/taizynut.com\/wp-content\/uploads\/2026\/01\/walnut-shell-remover-16x12.webp 16w\" sizes=\"auto, (max-width: 720px) 100vw, 720px\" \/><figcaption class=\"wp-element-caption\">D\u00e9pel\u00e9 de noix<\/figcaption><\/figure>    <figure class=\"wp-block-image size-large\"><img loading=\"lazy\" decoding=\"async\" width=\"720\" height=\"540\" data-id=\"1329\" src=\"https:\/\/taizynut.com\/wp-content\/uploads\/2026\/01\/walnut-shell-removing-machine.webp\" alt=\"Machine de d\u00e9pelage de noix\" class=\"wp-image-1329\" title=\"\" srcset=\"https:\/\/taizynut.com\/wp-content\/uploads\/2026\/01\/walnut-shell-removing-machine.webp 720w, https:\/\/taizynut.com\/wp-content\/uploads\/2026\/01\/walnut-shell-removing-machine-300x225.webp 300w, https:\/\/taizynut.com\/wp-content\/uploads\/2026\/01\/walnut-shell-removing-machine-16x12.webp 16w\" sizes=\"auto, (max-width: 720px) 100vw, 720px\" \/><figcaption class=\"wp-element-caption\">Machine de d\u00e9pelage de noix<\/figcaption><\/figure> <\/figure>    <h2 class=\"wp-block-heading\"><strong>Prix de la machine \u00e0 d\u00e9pel\u00e9 de noix<\/strong><\/h2>    <p>The price of the walnut shelling machine is not fixed but varies depending on the customer&#8217;s specific needs, mainly influenced by the following factors:<\/p>    <ol class=\"wp-block-list\"> <li><strong>Exigences de personnalisation (tension)<\/strong>: Pour s\u2019adapter aux conditions \u00e9lectriques locales, des configurations personnalis\u00e9es peuvent \u00eatre n\u00e9cessaires, telles que la tension, la fr\u00e9quence ou le type de moteur, ce qui influencera le co\u00fbt global de la machine.<\/li>    <li><strong>Configuration suppl\u00e9mentaire de l\u2019\u00e9quipement<\/strong>: Si un \u00e9quipement suppl\u00e9mentaire, comme une machine de criblage ou une s\u00e9paratrice de coque et de noyau, est requis, le co\u00fbt total augmentera.<\/li>    <li><strong>Exigences d\u2019exportation et d\u2019emballage<\/strong>: La machinerie d\u2019exportation peut n\u00e9cessiter un emballage sp\u00e9cial, une documentation ou une conformit\u00e9 \u00e0 des normes sp\u00e9cifiques, ce qui peut entra\u00eener des variations dans le prix final.<\/li> <\/ol>   <div class=\"wp-block-image\"> <figure class=\"aligncenter size-full\"><img loading=\"lazy\" decoding=\"async\" width=\"720\" height=\"540\" src=\"https:\/\/taizynut.com\/wp-content\/uploads\/2026\/01\/walnut-shelling-machine.webp\" alt=\"Machine \u00e0 d\u00e9pel\u00e9 de noix\" class=\"wp-image-1330\" title=\"\" srcset=\"https:\/\/taizynut.com\/wp-content\/uploads\/2026\/01\/walnut-shelling-machine.webp 720w, https:\/\/taizynut.com\/wp-content\/uploads\/2026\/01\/walnut-shelling-machine-300x225.webp 300w, https:\/\/taizynut.com\/wp-content\/uploads\/2026\/01\/walnut-shelling-machine-16x12.webp 16w\" sizes=\"auto, (max-width: 720px) 100vw, 720px\" \/><figcaption class=\"wp-element-caption\">Machine \u00e0 d\u00e9pel\u00e9 de noix<\/figcaption><\/figure> <\/div>   <h2 class=\"wp-block-heading\"><strong>Pourquoi choisir Taizy comme fournisseur ?<\/strong><\/h2>    <ol class=\"wp-block-list\"> <li><strong>Service professionnel<\/strong>Taizy dispose d\u2019un syst\u00e8me de service apr\u00e8s-vente et de pr\u00e9-vente mature, fournissant des solutions d\u2019\u00e9quipement claires et pratiques en fonction des mat\u00e9riaux du client, de la capacit\u00e9 de production et des sc\u00e9narios d\u2019utilisation.<\/li>    <li><strong>Prix plus comp\u00e9titifs<\/strong>: Tout l\u2019\u00e9quipement est fabriqu\u00e9 dans notre propre usine, \u00e9liminant les interm\u00e9diaires et offrant aux clients des prix plus comp\u00e9titifs tout en garantissant la qualit\u00e9.<\/li>    <li><strong>Large gamme d\u2019\u00e9quipements<\/strong>: En plus de la machine \u00e0 d\u00e9pel\u00e9 de noix, Taizy propose \u00e9galement une vari\u00e9t\u00e9 d\u2019\u00e9quipements de traitement des noix, tels que le <a href=\"https:\/\/taizynut.com\/fr\/product\/almond-shelling-machine\/\">machine de d\u00e9corticage d'amandes<\/a> et le <a href=\"https:\/\/taizynut.com\/fr\/product\/peanut-sheller-groundnut-shelling-and-stone-removing-machine\/\">d\u00e9cortiqueuse d'arachide<\/a>.<\/li>    <li><strong>Exp\u00e9rience d\u2019exportation \u00e9tendue<\/strong>: Taizy est depuis longtemps engag\u00e9 dans le commerce d\u2019exportation d\u2019\u00e9quipements, connaissant les normes techniques et les processus de livraison de diff\u00e9rents pays.<\/li> <\/ol>    <h2 class=\"wp-block-heading\"><strong>Contactez-nous pour plus d'informations !<\/strong><\/h2>    <p>Vous recherchez des informations sur les configurations, les prix ou des solutions personnalis\u00e9es pour la machine \u00e0 d\u00e9pel\u00e9 de noix ? Taizy peut fournir des conseils d\u2019expert et des solutions compl\u00e8tes pour vous aider \u00e0 choisir l\u2019\u00e9quipement le plus adapt\u00e9. N\u2019h\u00e9sitez pas \u00e0 nous contacter pour des informations d\u00e9taill\u00e9es sur les produits et le support de solution de traitement.<\/p>","protected":false},"excerpt":{"rendered":"<p>This article mainly introduces the functions, advantages, and price of the walnut shelling machine. Our walnut sheller machine is used to remove the shells of walnuts and macadamia nuts. Its production capacity can reach 200-400 kilograms per hour.<\/p>","protected":false},"author":1,"featured_media":1331,"parent":0,"template":"","tags":[61,76],"product-type":[77],"class_list":["post-1322","product","type-product","status-publish","has-post-thumbnail","hentry","tag-nut","tag-walnut","product-type-walnut-processing"],"_links":{"self":[{"href":"https:\/\/taizynut.com\/fr\/wp-json\/wp\/v2\/product\/1322","targetHints":{"allow":["GET"]}}],"collection":[{"href":"https:\/\/taizynut.com\/fr\/wp-json\/wp\/v2\/product"}],"about":[{"href":"https:\/\/taizynut.com\/fr\/wp-json\/wp\/v2\/types\/product"}],"author":[{"embeddable":true,"href":"https:\/\/taizynut.com\/fr\/wp-json\/wp\/v2\/users\/1"}],"wp:featuredmedia":[{"embeddable":true,"href":"https:\/\/taizynut.com\/fr\/wp-json\/wp\/v2\/media\/1331"}],"wp:attachment":[{"href":"https:\/\/taizynut.com\/fr\/wp-json\/wp\/v2\/media?parent=1322"}],"wp:term":[{"taxonomy":"post_tag","embeddable":true,"href":"https:\/\/taizynut.com\/fr\/wp-json\/wp\/v2\/tags?post=1322"},{"taxonomy":"product-type","embeddable":true,"href":"https:\/\/taizynut.com\/fr\/wp-json\/wp\/v2\/product-type?post=1322"}],"curies":[{"name":"wp","href":"https:\/\/api.w.org\/{rel}","templated":true}]}}